{"id":16396,"date":"2025-01-13T15:01:56","date_gmt":"2025-01-13T15:01:56","guid":{"rendered":"https:\/\/aivlisoft.com\/?post_type=product&#038;p=16396"},"modified":"2025-01-14T20:53:46","modified_gmt":"2025-01-14T20:53:46","slug":"xiaomi-auriculares-redmi-buds-6-play-white","status":"publish","type":"product","link":"https:\/\/aivlisoft.net\/shop\/producto\/xiaomi-auriculares-redmi-buds-6-play-white\/","title":{"rendered":"Xiaomi Auriculares Redmi Buds 6 Play white"},"content":{"rendered":"<p><\/p>\n<table class=\"tabla_caracteristicas k-table\" width=\"100%\">\n<tr>\n<td><strong>Marca<\/strong><\/td>\n<td>Xiaomi<\/td>\n<\/tr>\n<tr>\n<td valign=\"top\"><strong>Modelo<\/strong><\/td>\n<td><strong>BHR8773GL<\/strong><\/td>\n<\/tr>\n<tr>\n<td><strong>Caracter&iacute;sticas <\/strong><br \/>\t\t\t&nbsp;<\/td>\n<td>&#8211; Forma del producto: Auriculares con forma de haba<br \/>\t\t\t&#8211; Rango de respuesta en frecuencia: 20 Hz~20 KHz<br \/>\t\t\t<strong>Conexi&oacute;n<\/strong><br \/>\t\t\t&#8211; Conexi&oacute;n inal&aacute;mbrica: Bluetooth 5.4<br \/>\t\t\t&#8211; Protocolos Bluetooth: Bluetooth de baja energ&iacute;a\/HFP\/A2DP\/AVRCP<br \/>\t\t\t&#8211; Alcance de comunicaci&oacute;n: 10 m (espacio abierto sin obst&aacute;culos)<br \/>\t\t\t&#8211; Impedancia del altavoz: 16 &Omega; Potencia nominal 5 mw Potencia m&aacute;xima 10 mw<br \/>\t\t\t<strong>Bater&iacute;a<\/strong><br \/>\t\t\t&#8211; Auriculares: 57 mAh<br \/>\t\t\t&#8211; Estuche de carga: 600 mAh<br \/>\t\t\t&#8211; Puerto de carga: Tipo C<br \/>\t\t\t&#8211; Par&aacute;metros de entrada de los auriculares: 5 V, 170 mA<br \/>\t\t\t&#8211; Par&aacute;metros de entrada del estuche de carga: 5 V, 800 mA<br \/>\t\t\t&#8211; Par&aacute;metros de salida del estuche de carga: 5 V, 340 mA<br \/>\t\t\t&#8211; Duraci&oacute;n de la bater&iacute;a con una carga: 7,5 horas<br \/>\t\t\t&#8211; Duraci&oacute;n de la bater&iacute;a con el estuche de carga: 36 horas<br \/>\t\t\t&#8211; Impedancia del altavoz: 32 &Omega;<br \/>\t\t\t<strong>Dimensiones y peso<\/strong><br \/>\t\t\t&#8211; Dimensiones de un solo auricular: 20,6 x 14,5&nbsp; x 22 mm<br \/>\t\t\t&#8211; Dimensiones del estuche de carga: 53,9 x 53,9 x 27,4 mm<br \/>\t\t\t&#8211; Peso de un solo auricular: 3,6 g<br \/>\t\t\t&#8211; Peso del estuche de carga: 32,8 g<br \/>\t\t\t&#8211; Peso total: 40 g<br \/>\t\t\t<strong>Contenido<\/strong><br \/>\t\t\t&#8211; 1 x juego de Redmi Buds 6 Play<br \/>\t\t\t&#8211; 1 x estuche de carga<br \/>\t\t\t&#8211; 1 x manual de usuario<br \/>\t\t\t&#8211; 1 x protector de auricular peque&ntilde;o<br \/>\t\t\t&#8211; 1 x protector de auricular grande<\/td>\n<\/tr>\n<tr>\n<td><strong>Fecha de revisi&oacute;n<\/strong><\/td>\n<td>15-10-2024 por RTY<\/td>\n<\/tr>\n<\/table>\n","protected":false},"excerpt":{"rendered":"<p>Marca Xiaomi Modelo BHR8773GL Caracter&iacute;sticas &nbsp; &#8211; Forma del producto: Auriculares con forma de haba &#8211; Rango de respuesta en frecuencia: 20 Hz~20 KHz Conexi&oacute;n &#8211; Conexi&oacute;n inal&aacute;mbrica: Bluetooth 5.4 &#8211; Protocolos Bluetooth: Bluetooth de baja energ&iacute;a\/HFP\/A2DP\/AVRCP &#8211; Alcance de comunicaci&oacute;n: 10 m (espacio abierto sin obst&aacute;culos) &#8211; Impedancia del altavoz: 16 &Omega; Potencia nominal&hellip;&nbsp;<a href=\"https:\/\/aivlisoft.net\/shop\/producto\/xiaomi-auriculares-redmi-buds-6-play-white\/\" rel=\"bookmark\"><span class=\"screen-reader-text\">Xiaomi Auriculares Redmi Buds 6 Play white<\/span><\/a><\/p>\n","protected":false},"featured_media":16397,"template":"","meta":{"neve_meta_sidebar":"","neve_meta_container":"","neve_meta_enable_content_width":"","neve_meta_content_width":0,"neve_meta_title_alignment":"","neve_meta_author_avatar":"","neve_post_elements_order":"","neve_meta_disable_header":"","neve_meta_disable_footer":"","neve_meta_disable_title":""},"product_brand":[],"product_cat":[15,957,5818],"product_tag":[6098],"class_list":{"0":"post-16396","1":"product","2":"type-product","3":"status-publish","4":"has-post-thumbnail","6":"product_cat-sin-categorizar","7":"product_cat-accesorios-imagen-y-sonido","8":"product_cat-audio","9":"product_tag-bhr8773gl","11":"first","12":"instock","13":"taxable","14":"shipping-taxable","15":"purchasable","16":"product-type-simple"},"yoast_head":"<!-- This site is optimized with the Yoast SEO plugin v26.0 - https:\/\/yoast.com\/wordpress\/plugins\/seo\/ -->\n<title>Xiaomi Auriculares Redmi Buds 6 Play white - Aivlisoft Inform\u00e1tica<\/title>\n<meta name=\"robots\" content=\"index, follow, max-snippet:-1, max-image-preview:large, max-video-preview:-1\" \/>\n<link rel=\"canonical\" href=\"https:\/\/aivlisoft.net\/shop\/producto\/xiaomi-auriculares-redmi-buds-6-play-white\/\" \/>\n<meta property=\"og:locale\" content=\"es_ES\" \/>\n<meta property=\"og:type\" content=\"article\" \/>\n<meta property=\"og:title\" content=\"Xiaomi Auriculares Redmi Buds 6 Play white - Aivlisoft Inform\u00e1tica\" \/>\n<meta property=\"og:description\" content=\"Marca Xiaomi Modelo BHR8773GL Caracter&iacute;sticas &nbsp; &#8211; Forma del producto: Auriculares con forma de haba &#8211; Rango de respuesta en frecuencia: 20 Hz~20 KHz Conexi&oacute;n &#8211; Conexi&oacute;n inal&aacute;mbrica: Bluetooth 5.4 &#8211; Protocolos Bluetooth: Bluetooth de baja energ&iacute;a\/HFP\/A2DP\/AVRCP &#8211; Alcance de comunicaci&oacute;n: 10 m (espacio abierto sin obst&aacute;culos) &#8211; Impedancia del altavoz: 16 &Omega; Potencia nominal&hellip;&nbsp;Xiaomi Auriculares Redmi Buds 6 Play white\" \/>\n<meta property=\"og:url\" content=\"https:\/\/aivlisoft.net\/shop\/producto\/xiaomi-auriculares-redmi-buds-6-play-white\/\" \/>\n<meta property=\"og:site_name\" content=\"Aivlisoft Inform\u00e1tica\" \/>\n<meta property=\"article:modified_time\" content=\"2025-01-14T20:53:46+00:00\" \/>\n<meta property=\"og:image\" content=\"https:\/\/aivlisoft.net\/shop\/wp-content\/uploads\/2025\/01\/MAUAMI1215_800.jpg\" \/>\n\t<meta property=\"og:image:width\" content=\"800\" \/>\n\t<meta property=\"og:image:height\" content=\"800\" \/>\n\t<meta property=\"og:image:type\" content=\"image\/jpeg\" \/>\n<meta name=\"twitter:card\" content=\"summary_large_image\" \/>\n<meta name=\"twitter:label1\" content=\"Tiempo de lectura\" \/>\n\t<meta name=\"twitter:data1\" content=\"1 minuto\" \/>\n<script type=\"application\/ld+json\" class=\"yoast-schema-graph\">{\"@context\":\"https:\/\/schema.org\",\"@graph\":[{\"@type\":\"WebPage\",\"@id\":\"https:\/\/aivlisoft.net\/shop\/producto\/xiaomi-auriculares-redmi-buds-6-play-white\/\",\"url\":\"https:\/\/aivlisoft.net\/shop\/producto\/xiaomi-auriculares-redmi-buds-6-play-white\/\",\"name\":\"Xiaomi Auriculares Redmi Buds 6 Play white - Aivlisoft Inform\u00e1tica\",\"isPartOf\":{\"@id\":\"https:\/\/aivlisoft.net\/shop\/#website\"},\"primaryImageOfPage\":{\"@id\":\"https:\/\/aivlisoft.net\/shop\/producto\/xiaomi-auriculares-redmi-buds-6-play-white\/#primaryimage\"},\"image\":{\"@id\":\"https:\/\/aivlisoft.net\/shop\/producto\/xiaomi-auriculares-redmi-buds-6-play-white\/#primaryimage\"},\"thumbnailUrl\":\"https:\/\/aivlisoft.net\/shop\/wp-content\/uploads\/2025\/01\/MAUAMI1215_800.jpg\",\"datePublished\":\"2025-01-13T15:01:56+00:00\",\"dateModified\":\"2025-01-14T20:53:46+00:00\",\"breadcrumb\":{\"@id\":\"https:\/\/aivlisoft.net\/shop\/producto\/xiaomi-auriculares-redmi-buds-6-play-white\/#breadcrumb\"},\"inLanguage\":\"es\",\"potentialAction\":[{\"@type\":\"ReadAction\",\"target\":[\"https:\/\/aivlisoft.net\/shop\/producto\/xiaomi-auriculares-redmi-buds-6-play-white\/\"]}]},{\"@type\":\"ImageObject\",\"inLanguage\":\"es\",\"@id\":\"https:\/\/aivlisoft.net\/shop\/producto\/xiaomi-auriculares-redmi-buds-6-play-white\/#primaryimage\",\"url\":\"https:\/\/aivlisoft.net\/shop\/wp-content\/uploads\/2025\/01\/MAUAMI1215_800.jpg\",\"contentUrl\":\"https:\/\/aivlisoft.net\/shop\/wp-content\/uploads\/2025\/01\/MAUAMI1215_800.jpg\",\"width\":800,\"height\":800},{\"@type\":\"BreadcrumbList\",\"@id\":\"https:\/\/aivlisoft.net\/shop\/producto\/xiaomi-auriculares-redmi-buds-6-play-white\/#breadcrumb\",\"itemListElement\":[{\"@type\":\"ListItem\",\"position\":1,\"name\":\"Portada\",\"item\":\"https:\/\/aivlisoft.net\/shop\/\"},{\"@type\":\"ListItem\",\"position\":2,\"name\":\"Tienda\",\"item\":\"https:\/\/aivlisoft.net\/shop\/tienda\/\"},{\"@type\":\"ListItem\",\"position\":3,\"name\":\"Xiaomi Auriculares Redmi Buds 6 Play white\"}]},{\"@type\":\"WebSite\",\"@id\":\"https:\/\/aivlisoft.net\/shop\/#website\",\"url\":\"https:\/\/aivlisoft.net\/shop\/\",\"name\":\"Aivlisoft Inform\u00e1tica\",\"description\":\"En Aivlisoft Inform\u00e1tica ofrecemos soluciones tecnol\u00f3gicas para empresas: venta de ordenadores, consumibles, perif\u00e9ricos y m\u00e1s. Calidad, atenci\u00f3n personalizada y los mejores precios para tu negocio.\",\"publisher\":{\"@id\":\"https:\/\/aivlisoft.net\/shop\/#organization\"},\"potentialAction\":[{\"@type\":\"SearchAction\",\"target\":{\"@type\":\"EntryPoint\",\"urlTemplate\":\"https:\/\/aivlisoft.net\/shop\/?s={search_term_string}\"},\"query-input\":{\"@type\":\"PropertyValueSpecification\",\"valueRequired\":true,\"valueName\":\"search_term_string\"}}],\"inLanguage\":\"es\"},{\"@type\":\"Organization\",\"@id\":\"https:\/\/aivlisoft.net\/shop\/#organization\",\"name\":\"Aivlisoft Inform\u00e1tica\",\"url\":\"https:\/\/aivlisoft.net\/shop\/\",\"logo\":{\"@type\":\"ImageObject\",\"inLanguage\":\"es\",\"@id\":\"https:\/\/aivlisoft.net\/shop\/#\/schema\/logo\/image\/\",\"url\":\"https:\/\/aivlisoft.net\/shop\/wp-content\/uploads\/2024\/12\/removal.ai_5b848c54-0cdf-4140-95c5-c5536bb7573b-logodef.png\",\"contentUrl\":\"https:\/\/aivlisoft.net\/shop\/wp-content\/uploads\/2024\/12\/removal.ai_5b848c54-0cdf-4140-95c5-c5536bb7573b-logodef.png\",\"width\":484,\"height\":182,\"caption\":\"Aivlisoft Inform\u00e1tica\"},\"image\":{\"@id\":\"https:\/\/aivlisoft.net\/shop\/#\/schema\/logo\/image\/\"}}]}<\/script>\n<!-- \/ Yoast SEO plugin. -->","yoast_head_json":{"title":"Xiaomi Auriculares Redmi Buds 6 Play white - Aivlisoft Inform\u00e1tica","robots":{"index":"index","follow":"follow","max-snippet":"max-snippet:-1","max-image-preview":"max-image-preview:large","max-video-preview":"max-video-preview:-1"},"canonical":"https:\/\/aivlisoft.net\/shop\/producto\/xiaomi-auriculares-redmi-buds-6-play-white\/","og_locale":"es_ES","og_type":"article","og_title":"Xiaomi Auriculares Redmi Buds 6 Play white - Aivlisoft Inform\u00e1tica","og_description":"Marca Xiaomi Modelo BHR8773GL Caracter&iacute;sticas &nbsp; &#8211; Forma del producto: Auriculares con forma de haba &#8211; Rango de respuesta en frecuencia: 20 Hz~20 KHz Conexi&oacute;n &#8211; Conexi&oacute;n inal&aacute;mbrica: Bluetooth 5.4 &#8211; Protocolos Bluetooth: Bluetooth de baja energ&iacute;a\/HFP\/A2DP\/AVRCP &#8211; Alcance de comunicaci&oacute;n: 10 m (espacio abierto sin obst&aacute;culos) &#8211; Impedancia del altavoz: 16 &Omega; Potencia nominal&hellip;&nbsp;Xiaomi Auriculares Redmi Buds 6 Play white","og_url":"https:\/\/aivlisoft.net\/shop\/producto\/xiaomi-auriculares-redmi-buds-6-play-white\/","og_site_name":"Aivlisoft Inform\u00e1tica","article_modified_time":"2025-01-14T20:53:46+00:00","og_image":[{"width":800,"height":800,"url":"https:\/\/aivlisoft.net\/shop\/wp-content\/uploads\/2025\/01\/MAUAMI1215_800.jpg","type":"image\/jpeg"}],"twitter_card":"summary_large_image","twitter_misc":{"Tiempo de lectura":"1 minuto"},"schema":{"@context":"https:\/\/schema.org","@graph":[{"@type":"WebPage","@id":"https:\/\/aivlisoft.net\/shop\/producto\/xiaomi-auriculares-redmi-buds-6-play-white\/","url":"https:\/\/aivlisoft.net\/shop\/producto\/xiaomi-auriculares-redmi-buds-6-play-white\/","name":"Xiaomi Auriculares Redmi Buds 6 Play white - Aivlisoft Inform\u00e1tica","isPartOf":{"@id":"https:\/\/aivlisoft.net\/shop\/#website"},"primaryImageOfPage":{"@id":"https:\/\/aivlisoft.net\/shop\/producto\/xiaomi-auriculares-redmi-buds-6-play-white\/#primaryimage"},"image":{"@id":"https:\/\/aivlisoft.net\/shop\/producto\/xiaomi-auriculares-redmi-buds-6-play-white\/#primaryimage"},"thumbnailUrl":"https:\/\/aivlisoft.net\/shop\/wp-content\/uploads\/2025\/01\/MAUAMI1215_800.jpg","datePublished":"2025-01-13T15:01:56+00:00","dateModified":"2025-01-14T20:53:46+00:00","breadcrumb":{"@id":"https:\/\/aivlisoft.net\/shop\/producto\/xiaomi-auriculares-redmi-buds-6-play-white\/#breadcrumb"},"inLanguage":"es","potentialAction":[{"@type":"ReadAction","target":["https:\/\/aivlisoft.net\/shop\/producto\/xiaomi-auriculares-redmi-buds-6-play-white\/"]}]},{"@type":"ImageObject","inLanguage":"es","@id":"https:\/\/aivlisoft.net\/shop\/producto\/xiaomi-auriculares-redmi-buds-6-play-white\/#primaryimage","url":"https:\/\/aivlisoft.net\/shop\/wp-content\/uploads\/2025\/01\/MAUAMI1215_800.jpg","contentUrl":"https:\/\/aivlisoft.net\/shop\/wp-content\/uploads\/2025\/01\/MAUAMI1215_800.jpg","width":800,"height":800},{"@type":"BreadcrumbList","@id":"https:\/\/aivlisoft.net\/shop\/producto\/xiaomi-auriculares-redmi-buds-6-play-white\/#breadcrumb","itemListElement":[{"@type":"ListItem","position":1,"name":"Portada","item":"https:\/\/aivlisoft.net\/shop\/"},{"@type":"ListItem","position":2,"name":"Tienda","item":"https:\/\/aivlisoft.net\/shop\/tienda\/"},{"@type":"ListItem","position":3,"name":"Xiaomi Auriculares Redmi Buds 6 Play white"}]},{"@type":"WebSite","@id":"https:\/\/aivlisoft.net\/shop\/#website","url":"https:\/\/aivlisoft.net\/shop\/","name":"Aivlisoft Inform\u00e1tica","description":"En Aivlisoft Inform\u00e1tica ofrecemos soluciones tecnol\u00f3gicas para empresas: venta de ordenadores, consumibles, perif\u00e9ricos y m\u00e1s. Calidad, atenci\u00f3n personalizada y los mejores precios para tu negocio.","publisher":{"@id":"https:\/\/aivlisoft.net\/shop\/#organization"},"potentialAction":[{"@type":"SearchAction","target":{"@type":"EntryPoint","urlTemplate":"https:\/\/aivlisoft.net\/shop\/?s={search_term_string}"},"query-input":{"@type":"PropertyValueSpecification","valueRequired":true,"valueName":"search_term_string"}}],"inLanguage":"es"},{"@type":"Organization","@id":"https:\/\/aivlisoft.net\/shop\/#organization","name":"Aivlisoft Inform\u00e1tica","url":"https:\/\/aivlisoft.net\/shop\/","logo":{"@type":"ImageObject","inLanguage":"es","@id":"https:\/\/aivlisoft.net\/shop\/#\/schema\/logo\/image\/","url":"https:\/\/aivlisoft.net\/shop\/wp-content\/uploads\/2024\/12\/removal.ai_5b848c54-0cdf-4140-95c5-c5536bb7573b-logodef.png","contentUrl":"https:\/\/aivlisoft.net\/shop\/wp-content\/uploads\/2024\/12\/removal.ai_5b848c54-0cdf-4140-95c5-c5536bb7573b-logodef.png","width":484,"height":182,"caption":"Aivlisoft Inform\u00e1tica"},"image":{"@id":"https:\/\/aivlisoft.net\/shop\/#\/schema\/logo\/image\/"}}]}},"_links":{"self":[{"href":"https:\/\/aivlisoft.net\/shop\/wp-json\/wp\/v2\/product\/16396","targetHints":{"allow":["GET"]}}],"collection":[{"href":"https:\/\/aivlisoft.net\/shop\/wp-json\/wp\/v2\/product"}],"about":[{"href":"https:\/\/aivlisoft.net\/shop\/wp-json\/wp\/v2\/types\/product"}],"wp:featuredmedia":[{"embeddable":true,"href":"https:\/\/aivlisoft.net\/shop\/wp-json\/wp\/v2\/media\/16397"}],"wp:attachment":[{"href":"https:\/\/aivlisoft.net\/shop\/wp-json\/wp\/v2\/media?parent=16396"}],"wp:term":[{"taxonomy":"product_brand","embeddable":true,"href":"https:\/\/aivlisoft.net\/shop\/wp-json\/wp\/v2\/product_brand?post=16396"},{"taxonomy":"product_cat","embeddable":true,"href":"https:\/\/aivlisoft.net\/shop\/wp-json\/wp\/v2\/product_cat?post=16396"},{"taxonomy":"product_tag","embeddable":true,"href":"https:\/\/aivlisoft.net\/shop\/wp-json\/wp\/v2\/product_tag?post=16396"}],"curies":[{"name":"wp","href":"https:\/\/api.w.org\/{rel}","templated":true}]}}