{"id":16346,"date":"2025-01-13T15:01:28","date_gmt":"2025-01-13T15:01:28","guid":{"rendered":"https:\/\/aivlisoft.com\/?post_type=product&#038;p=16346"},"modified":"2025-01-14T20:53:56","modified_gmt":"2025-01-14T20:53:56","slug":"energy-sistemstarlit-radio-cloud-bt-fm","status":"publish","type":"product","link":"https:\/\/aivlisoft.net\/shop\/producto\/energy-sistemstarlit-radio-cloud-bt-fm\/","title":{"rendered":"Energy SistemStarlit Radio Cloud &#8211; BT FM"},"content":{"rendered":"<p><strong>Hasta 16 h de m&uacute;sica sostenible. Con radio FM y Micro SD.<\/strong><\/p>\n<p>Auriculares Bluetooth&reg; hechos con pl&aacute;stico reciclado, con radio FM integrada y ranura Micro SD para disfrutar de tus emisoras y canciones sin necesidad de tu smartphone.<br \/>Dise&ntilde;o ligero con sistema de plegado, control de llamadas y 16 horas de autonom&iacute;a.<\/p>\n<table class=\"tabla_caracteristicas k-table\" width=\"100%\">\n<tr>\n<td><strong>Marca<\/strong><\/td>\n<td>Energy Sistem<\/td>\n<\/tr>\n<tr>\n<td><strong>Modelo<\/strong><\/td>\n<td><strong>457687 <\/strong><\/td>\n<\/tr>\n<tr>\n<td valign=\"top\"><strong>Caracter&iacute;sticas<\/strong><\/td>\n<td><strong>Audio<\/strong><br \/>\t\t\t&#8211; Di&aacute;metro del driver: 40 mm<br \/>\t\t\t&#8211; Tipo: Din&aacute;mico<br \/>\t\t\t&#8211; Impedancia: 32 &Omega;<br \/>\t\t\t&#8211; Latencia: &lt;170ms<br \/>\t\t\t&#8211; Respuesta en frecuencia: 20 Hz ~ 20 KHz<br \/>\t\t\t&#8211; Tipo: Circumaural<br \/>\t\t\t&#8211; DSP<br \/>\t\t\t<strong>Conectividad<\/strong><br \/>\t\t\t&#8211; Asistente de voz (Google, Siri)<br \/>\t\t\t&#8211; Bluetooth &#8211; Versi&oacute;n: 5.3<br \/>\t\t\t&#8211; Bluetooth &#8211; Clase: 2<br \/>\t\t\t&#8211; Bluetooth &#8211; Frecuencia de trabajo: 2.4 GHz<br \/>\t\t\t&#8211; Bluetooth &#8211; Perfiles: A2DP \/ AVRCP \/ HFP \/ HSP<br \/>\t\t\t&#8211; Bluetooth &#8211; Alcance: 20m<br \/>\t\t\t&#8211; Bluetooth &#8211; Codecs de audio soportados: SBC<br \/>\t\t\t&#8211; Bluetooth &#8211; Potencia m&aacute;xima de la se&ntilde;al: &lt; 20,00 dBm<br \/>\t\t\t<strong>Bater&iacute;a<\/strong><br \/>\t\t\t&#8211; Tipo: LiPo<br \/>\t\t\t&#8211; Capacidad: 400 mAh<br \/>\t\t\t&#8211; Voltaje: 3.7 V<br \/>\t\t\t&#8211; Autonom&iacute;a &#8211; Uso normal: 16 h<br \/>\t\t\t&#8211; Tiempo de carga: 1.5 h<br \/>\t\t\t<strong>Micr&oacute;fono<\/strong><br \/>\t\t\t&#8211; Manos libres<br \/>\t\t\t&#8211; Tipo: Integrado<br \/>\t\t\t&#8211; Sensibilidad: -38 dB &plusmn; 3 dB (@1 kHz) &nbsp;<br \/>\t\t\t&#8211; Rango de frecuencia: 100 Hz ~ 10 kHz<br \/>\t\t\t<strong>Compatibilidad<\/strong><br \/>\t\t\t&#8211; Compatibilidad:&nbsp; Mac \/ PC Windows \/ Smartphone \/ Tablet \/ TV<br \/>\t\t\t<strong>Radio FM<\/strong><br \/>\t\t\t&#8211; Radio FM &#8211; Auto b&uacute;squeda<br \/>\t\t\t&#8211; Radio FM &#8211; Rango de frecuencia: 87,5 ~ 108 MHz<br \/>\t\t\t<strong>Reproductor de memorias externas<\/strong><br \/>\t\t\t&#8211; Sistema de archivos compatibles: exFAT \/ FAT \/ FAT32<br \/>\t\t\t&#8211; Modo aleatorio<br \/>\t\t\t&#8211; Ext. Mem &#8211; compatible: micro SD<br \/>\t\t\t&#8211; Ext. Mem &#8211; Capacidad: 128 GB<br \/>\t\t\t&#8211; Navegaci&oacute;n por carpeta<br \/>\t\t\t&#8211; Formatos audio compatibles: MP3 \/ WAV<br \/>\t\t\t<strong>Otras caracter&iacute;sticas<\/strong><br \/>\t\t\t&#8211; Control de reproducci&oacute;n<br \/>\t\t\t&#8211; Control de volumen<br \/>\t\t\t&#8211; Tipo de diadema: Ajustable<br \/>\t\t\t<strong>Alimentaci&oacute;n<\/strong><br \/>\t\t\t&#8211; Longitud del cable: 120 cm<br \/>\t\t\t&#8211; Conectores: Jack de 3.5 mm \/ USB tipo C<br \/>\t\t\t<strong>Dimensiones y peso<\/strong><br \/>\t\t\t&#8211; 180 x 180 x 85 mm<br \/>\t\t\t&#8211; 167 g<\/td>\n<\/tr>\n<tr>\n<td><strong>Fecha Revisi&oacute;n<\/strong><\/td>\n<td>23-09-2024 por A<\/td>\n<\/tr>\n<\/table>\n","protected":false},"excerpt":{"rendered":"<p>Hasta 16 h de m&uacute;sica sostenible. Con radio FM y Micro SD. Auriculares Bluetooth&reg; hechos con pl&aacute;stico reciclado, con radio FM integrada y ranura Micro SD para disfrutar de tus emisoras y canciones sin necesidad de tu smartphone.Dise&ntilde;o ligero con sistema de plegado, control de llamadas y 16 horas de autonom&iacute;a. Marca Energy Sistem Modelo&hellip;&nbsp;<a href=\"https:\/\/aivlisoft.net\/shop\/producto\/energy-sistemstarlit-radio-cloud-bt-fm\/\" rel=\"bookmark\"><span class=\"screen-reader-text\">Energy SistemStarlit Radio Cloud &#8211; BT FM<\/span><\/a><\/p>\n","protected":false},"featured_media":16347,"template":"","meta":{"neve_meta_sidebar":"","neve_meta_container":"","neve_meta_enable_content_width":"","neve_meta_content_width":0,"neve_meta_title_alignment":"","neve_meta_author_avatar":"","neve_post_elements_order":"","neve_meta_disable_header":"","neve_meta_disable_footer":"","neve_meta_disable_title":""},"product_brand":[],"product_cat":[15,957,5818],"product_tag":[6082],"class_list":{"0":"post-16346","1":"product","2":"type-product","3":"status-publish","4":"has-post-thumbnail","6":"product_cat-sin-categorizar","7":"product_cat-accesorios-imagen-y-sonido","8":"product_cat-audio","9":"product_tag-6082","11":"first","12":"instock","13":"taxable","14":"shipping-taxable","15":"purchasable","16":"product-type-simple"},"yoast_head":"<!-- This site is optimized with the Yoast SEO plugin v26.0 - https:\/\/yoast.com\/wordpress\/plugins\/seo\/ -->\n<title>Energy SistemStarlit Radio Cloud - BT FM - Aivlisoft Inform\u00e1tica<\/title>\n<meta name=\"robots\" content=\"index, follow, max-snippet:-1, max-image-preview:large, max-video-preview:-1\" \/>\n<link rel=\"canonical\" href=\"https:\/\/aivlisoft.net\/shop\/producto\/energy-sistemstarlit-radio-cloud-bt-fm\/\" \/>\n<meta property=\"og:locale\" content=\"es_ES\" \/>\n<meta property=\"og:type\" content=\"article\" \/>\n<meta property=\"og:title\" content=\"Energy SistemStarlit Radio Cloud - BT FM - Aivlisoft Inform\u00e1tica\" \/>\n<meta property=\"og:description\" content=\"Hasta 16 h de m&uacute;sica sostenible. Con radio FM y Micro SD. Auriculares Bluetooth&reg; hechos con pl&aacute;stico reciclado, con radio FM integrada y ranura Micro SD para disfrutar de tus emisoras y canciones sin necesidad de tu smartphone.Dise&ntilde;o ligero con sistema de plegado, control de llamadas y 16 horas de autonom&iacute;a. Marca Energy Sistem Modelo&hellip;&nbsp;Energy SistemStarlit Radio Cloud &#8211; BT FM\" \/>\n<meta property=\"og:url\" content=\"https:\/\/aivlisoft.net\/shop\/producto\/energy-sistemstarlit-radio-cloud-bt-fm\/\" \/>\n<meta property=\"og:site_name\" content=\"Aivlisoft Inform\u00e1tica\" \/>\n<meta property=\"article:modified_time\" content=\"2025-01-14T20:53:56+00:00\" \/>\n<meta property=\"og:image\" content=\"https:\/\/aivlisoft.net\/shop\/wp-content\/uploads\/2025\/01\/MAUAMI1199_800.jpg\" \/>\n\t<meta property=\"og:image:width\" content=\"800\" \/>\n\t<meta property=\"og:image:height\" content=\"800\" \/>\n\t<meta property=\"og:image:type\" content=\"image\/jpeg\" \/>\n<meta name=\"twitter:card\" content=\"summary_large_image\" \/>\n<meta name=\"twitter:label1\" content=\"Tiempo de lectura\" \/>\n\t<meta name=\"twitter:data1\" content=\"2 minutos\" \/>\n<script type=\"application\/ld+json\" class=\"yoast-schema-graph\">{\"@context\":\"https:\/\/schema.org\",\"@graph\":[{\"@type\":\"WebPage\",\"@id\":\"https:\/\/aivlisoft.net\/shop\/producto\/energy-sistemstarlit-radio-cloud-bt-fm\/\",\"url\":\"https:\/\/aivlisoft.net\/shop\/producto\/energy-sistemstarlit-radio-cloud-bt-fm\/\",\"name\":\"Energy SistemStarlit Radio Cloud - BT FM - Aivlisoft Inform\u00e1tica\",\"isPartOf\":{\"@id\":\"https:\/\/aivlisoft.net\/shop\/#website\"},\"primaryImageOfPage\":{\"@id\":\"https:\/\/aivlisoft.net\/shop\/producto\/energy-sistemstarlit-radio-cloud-bt-fm\/#primaryimage\"},\"image\":{\"@id\":\"https:\/\/aivlisoft.net\/shop\/producto\/energy-sistemstarlit-radio-cloud-bt-fm\/#primaryimage\"},\"thumbnailUrl\":\"https:\/\/aivlisoft.net\/shop\/wp-content\/uploads\/2025\/01\/MAUAMI1199_800.jpg\",\"datePublished\":\"2025-01-13T15:01:28+00:00\",\"dateModified\":\"2025-01-14T20:53:56+00:00\",\"breadcrumb\":{\"@id\":\"https:\/\/aivlisoft.net\/shop\/producto\/energy-sistemstarlit-radio-cloud-bt-fm\/#breadcrumb\"},\"inLanguage\":\"es\",\"potentialAction\":[{\"@type\":\"ReadAction\",\"target\":[\"https:\/\/aivlisoft.net\/shop\/producto\/energy-sistemstarlit-radio-cloud-bt-fm\/\"]}]},{\"@type\":\"ImageObject\",\"inLanguage\":\"es\",\"@id\":\"https:\/\/aivlisoft.net\/shop\/producto\/energy-sistemstarlit-radio-cloud-bt-fm\/#primaryimage\",\"url\":\"https:\/\/aivlisoft.net\/shop\/wp-content\/uploads\/2025\/01\/MAUAMI1199_800.jpg\",\"contentUrl\":\"https:\/\/aivlisoft.net\/shop\/wp-content\/uploads\/2025\/01\/MAUAMI1199_800.jpg\",\"width\":800,\"height\":800},{\"@type\":\"BreadcrumbList\",\"@id\":\"https:\/\/aivlisoft.net\/shop\/producto\/energy-sistemstarlit-radio-cloud-bt-fm\/#breadcrumb\",\"itemListElement\":[{\"@type\":\"ListItem\",\"position\":1,\"name\":\"Portada\",\"item\":\"https:\/\/aivlisoft.net\/shop\/\"},{\"@type\":\"ListItem\",\"position\":2,\"name\":\"Tienda\",\"item\":\"https:\/\/aivlisoft.net\/shop\/tienda\/\"},{\"@type\":\"ListItem\",\"position\":3,\"name\":\"Energy SistemStarlit Radio Cloud &#8211; BT FM\"}]},{\"@type\":\"WebSite\",\"@id\":\"https:\/\/aivlisoft.net\/shop\/#website\",\"url\":\"https:\/\/aivlisoft.net\/shop\/\",\"name\":\"Aivlisoft Inform\u00e1tica\",\"description\":\"En Aivlisoft Inform\u00e1tica ofrecemos soluciones tecnol\u00f3gicas para empresas: venta de ordenadores, consumibles, perif\u00e9ricos y m\u00e1s. Calidad, atenci\u00f3n personalizada y los mejores precios para tu negocio.\",\"publisher\":{\"@id\":\"https:\/\/aivlisoft.net\/shop\/#organization\"},\"potentialAction\":[{\"@type\":\"SearchAction\",\"target\":{\"@type\":\"EntryPoint\",\"urlTemplate\":\"https:\/\/aivlisoft.net\/shop\/?s={search_term_string}\"},\"query-input\":{\"@type\":\"PropertyValueSpecification\",\"valueRequired\":true,\"valueName\":\"search_term_string\"}}],\"inLanguage\":\"es\"},{\"@type\":\"Organization\",\"@id\":\"https:\/\/aivlisoft.net\/shop\/#organization\",\"name\":\"Aivlisoft Inform\u00e1tica\",\"url\":\"https:\/\/aivlisoft.net\/shop\/\",\"logo\":{\"@type\":\"ImageObject\",\"inLanguage\":\"es\",\"@id\":\"https:\/\/aivlisoft.net\/shop\/#\/schema\/logo\/image\/\",\"url\":\"https:\/\/aivlisoft.net\/shop\/wp-content\/uploads\/2024\/12\/removal.ai_5b848c54-0cdf-4140-95c5-c5536bb7573b-logodef.png\",\"contentUrl\":\"https:\/\/aivlisoft.net\/shop\/wp-content\/uploads\/2024\/12\/removal.ai_5b848c54-0cdf-4140-95c5-c5536bb7573b-logodef.png\",\"width\":484,\"height\":182,\"caption\":\"Aivlisoft Inform\u00e1tica\"},\"image\":{\"@id\":\"https:\/\/aivlisoft.net\/shop\/#\/schema\/logo\/image\/\"}}]}<\/script>\n<!-- \/ Yoast SEO plugin. -->","yoast_head_json":{"title":"Energy SistemStarlit Radio Cloud - BT FM - Aivlisoft Inform\u00e1tica","robots":{"index":"index","follow":"follow","max-snippet":"max-snippet:-1","max-image-preview":"max-image-preview:large","max-video-preview":"max-video-preview:-1"},"canonical":"https:\/\/aivlisoft.net\/shop\/producto\/energy-sistemstarlit-radio-cloud-bt-fm\/","og_locale":"es_ES","og_type":"article","og_title":"Energy SistemStarlit Radio Cloud - BT FM - Aivlisoft Inform\u00e1tica","og_description":"Hasta 16 h de m&uacute;sica sostenible. Con radio FM y Micro SD. Auriculares Bluetooth&reg; hechos con pl&aacute;stico reciclado, con radio FM integrada y ranura Micro SD para disfrutar de tus emisoras y canciones sin necesidad de tu smartphone.Dise&ntilde;o ligero con sistema de plegado, control de llamadas y 16 horas de autonom&iacute;a. Marca Energy Sistem Modelo&hellip;&nbsp;Energy SistemStarlit Radio Cloud &#8211; BT FM","og_url":"https:\/\/aivlisoft.net\/shop\/producto\/energy-sistemstarlit-radio-cloud-bt-fm\/","og_site_name":"Aivlisoft Inform\u00e1tica","article_modified_time":"2025-01-14T20:53:56+00:00","og_image":[{"width":800,"height":800,"url":"https:\/\/aivlisoft.net\/shop\/wp-content\/uploads\/2025\/01\/MAUAMI1199_800.jpg","type":"image\/jpeg"}],"twitter_card":"summary_large_image","twitter_misc":{"Tiempo de lectura":"2 minutos"},"schema":{"@context":"https:\/\/schema.org","@graph":[{"@type":"WebPage","@id":"https:\/\/aivlisoft.net\/shop\/producto\/energy-sistemstarlit-radio-cloud-bt-fm\/","url":"https:\/\/aivlisoft.net\/shop\/producto\/energy-sistemstarlit-radio-cloud-bt-fm\/","name":"Energy SistemStarlit Radio Cloud - BT FM - Aivlisoft Inform\u00e1tica","isPartOf":{"@id":"https:\/\/aivlisoft.net\/shop\/#website"},"primaryImageOfPage":{"@id":"https:\/\/aivlisoft.net\/shop\/producto\/energy-sistemstarlit-radio-cloud-bt-fm\/#primaryimage"},"image":{"@id":"https:\/\/aivlisoft.net\/shop\/producto\/energy-sistemstarlit-radio-cloud-bt-fm\/#primaryimage"},"thumbnailUrl":"https:\/\/aivlisoft.net\/shop\/wp-content\/uploads\/2025\/01\/MAUAMI1199_800.jpg","datePublished":"2025-01-13T15:01:28+00:00","dateModified":"2025-01-14T20:53:56+00:00","breadcrumb":{"@id":"https:\/\/aivlisoft.net\/shop\/producto\/energy-sistemstarlit-radio-cloud-bt-fm\/#breadcrumb"},"inLanguage":"es","potentialAction":[{"@type":"ReadAction","target":["https:\/\/aivlisoft.net\/shop\/producto\/energy-sistemstarlit-radio-cloud-bt-fm\/"]}]},{"@type":"ImageObject","inLanguage":"es","@id":"https:\/\/aivlisoft.net\/shop\/producto\/energy-sistemstarlit-radio-cloud-bt-fm\/#primaryimage","url":"https:\/\/aivlisoft.net\/shop\/wp-content\/uploads\/2025\/01\/MAUAMI1199_800.jpg","contentUrl":"https:\/\/aivlisoft.net\/shop\/wp-content\/uploads\/2025\/01\/MAUAMI1199_800.jpg","width":800,"height":800},{"@type":"BreadcrumbList","@id":"https:\/\/aivlisoft.net\/shop\/producto\/energy-sistemstarlit-radio-cloud-bt-fm\/#breadcrumb","itemListElement":[{"@type":"ListItem","position":1,"name":"Portada","item":"https:\/\/aivlisoft.net\/shop\/"},{"@type":"ListItem","position":2,"name":"Tienda","item":"https:\/\/aivlisoft.net\/shop\/tienda\/"},{"@type":"ListItem","position":3,"name":"Energy SistemStarlit Radio Cloud &#8211; BT FM"}]},{"@type":"WebSite","@id":"https:\/\/aivlisoft.net\/shop\/#website","url":"https:\/\/aivlisoft.net\/shop\/","name":"Aivlisoft Inform\u00e1tica","description":"En Aivlisoft Inform\u00e1tica ofrecemos soluciones tecnol\u00f3gicas para empresas: venta de ordenadores, consumibles, perif\u00e9ricos y m\u00e1s. Calidad, atenci\u00f3n personalizada y los mejores precios para tu negocio.","publisher":{"@id":"https:\/\/aivlisoft.net\/shop\/#organization"},"potentialAction":[{"@type":"SearchAction","target":{"@type":"EntryPoint","urlTemplate":"https:\/\/aivlisoft.net\/shop\/?s={search_term_string}"},"query-input":{"@type":"PropertyValueSpecification","valueRequired":true,"valueName":"search_term_string"}}],"inLanguage":"es"},{"@type":"Organization","@id":"https:\/\/aivlisoft.net\/shop\/#organization","name":"Aivlisoft Inform\u00e1tica","url":"https:\/\/aivlisoft.net\/shop\/","logo":{"@type":"ImageObject","inLanguage":"es","@id":"https:\/\/aivlisoft.net\/shop\/#\/schema\/logo\/image\/","url":"https:\/\/aivlisoft.net\/shop\/wp-content\/uploads\/2024\/12\/removal.ai_5b848c54-0cdf-4140-95c5-c5536bb7573b-logodef.png","contentUrl":"https:\/\/aivlisoft.net\/shop\/wp-content\/uploads\/2024\/12\/removal.ai_5b848c54-0cdf-4140-95c5-c5536bb7573b-logodef.png","width":484,"height":182,"caption":"Aivlisoft Inform\u00e1tica"},"image":{"@id":"https:\/\/aivlisoft.net\/shop\/#\/schema\/logo\/image\/"}}]}},"_links":{"self":[{"href":"https:\/\/aivlisoft.net\/shop\/wp-json\/wp\/v2\/product\/16346","targetHints":{"allow":["GET"]}}],"collection":[{"href":"https:\/\/aivlisoft.net\/shop\/wp-json\/wp\/v2\/product"}],"about":[{"href":"https:\/\/aivlisoft.net\/shop\/wp-json\/wp\/v2\/types\/product"}],"wp:featuredmedia":[{"embeddable":true,"href":"https:\/\/aivlisoft.net\/shop\/wp-json\/wp\/v2\/media\/16347"}],"wp:attachment":[{"href":"https:\/\/aivlisoft.net\/shop\/wp-json\/wp\/v2\/media?parent=16346"}],"wp:term":[{"taxonomy":"product_brand","embeddable":true,"href":"https:\/\/aivlisoft.net\/shop\/wp-json\/wp\/v2\/product_brand?post=16346"},{"taxonomy":"product_cat","embeddable":true,"href":"https:\/\/aivlisoft.net\/shop\/wp-json\/wp\/v2\/product_cat?post=16346"},{"taxonomy":"product_tag","embeddable":true,"href":"https:\/\/aivlisoft.net\/shop\/wp-json\/wp\/v2\/product_tag?post=16346"}],"curies":[{"name":"wp","href":"https:\/\/api.w.org\/{rel}","templated":true}]}}