{"id":16269,"date":"2025-01-13T15:00:44","date_gmt":"2025-01-13T15:00:44","guid":{"rendered":"https:\/\/aivlisoft.com\/?post_type=product&#038;p=16269"},"modified":"2025-01-14T20:56:03","modified_gmt":"2025-01-14T20:56:03","slug":"spc-auricular-diadema-heron-2-studio-deep-sky","status":"publish","type":"product","link":"https:\/\/aivlisoft.net\/shop\/producto\/spc-auricular-diadema-heron-2-studio-deep-sky\/","title":{"rendered":"SPC Auricular Diadema Heron 2 Studio Deep Sky"},"content":{"rendered":"<p><strong>Como una extensi&oacute;n de tu cuerpo<\/strong><br \/>&#8211; HERON 2 STUDIO son los auriculares ligeros y c&oacute;modos, con diadema ajustable y totalmente acolchados que ni notas ni te cansas de llevar.<br \/>&#8211; Se adaptan al contorno de la cabeza con suavidad y se apoyan sobre las orejas para llevarte, con mimo, la m&uacute;sica que te llena durante muchas, muchas horas.<\/p>\n<p><strong>Que no te enga&ntilde;e su ligereza<\/strong><br \/>&#8211; Puede ser dif&iacute;cil de creer, pero en apenas 150 gr. de peso se esconden dos diafragmas de 40 mm fabricados en neodimio.<br \/>&#8211; Este material es m&aacute;s potente que el utilizado tradicionalmente y ofrece mejor vibraci&oacute;n a la membrana y 8 o 10 veces m&aacute;s potencia para proporcionar un sonido definido, sin distorsiones y con graves contundentes.<\/p>\n<p><strong>Llegan lejos, muy lejos<\/strong><br \/>&#8211; Gracias a la conexi&oacute;n Bluetooth 5.4 y al amplio alcance de hasta 45m, puedes dejar el m&oacute;vil lejos de ti para evitar la tentaci&oacute;n de revisarlo mientras escuchas los &uacute;ltimos &eacute;xitos de Spotify, o hacer una llamada mientras caminas libremente sin miedo a perder la conexi&oacute;n.<br \/>&#8211; Y si algo de verdad los ha llevado lejos, es su capacidad de adaptaci&oacute;n. Se pliegan y se ajustan para caber en cualquier peque&ntilde;o espacio de tu bolso, mochila o maleta. No hay excusas: ll&eacute;valos contigo siempre que quieras.<\/p>\n<p><strong>Da el salto y sigue escuchando<\/strong><br \/>&#8211; Ahora escuchas un videotutorial en la tablet, ahora un audio en el m&oacute;vil. Y sin hacer ajustes.<br \/>&#8211; Ahora oyes un podcast desde el PC, ahora atiendes esa llamada. Y sin hacer cambios.<br \/>&#8211; La posibilidad de conectarlos a dos dispositivos Bluetooth a la vez te da la opci&oacute;n de saltar entre ellos y escuchar en cada momento lo que quieres de uno y de otro.<br \/>&#8211; Y si das el salto a los videojuegos, activa el modo juego para minimizar la latencia y lograr un menor retraso entre la creaci&oacute;n del sonido y cuando se escucha.<\/p>\n<p><strong>Estos auriculares escuchan al planeta<\/strong><br \/>&#8211; Adem&aacute;s de confortable, el dise&ntilde;o es respetuoso con el medio ambiente, ya que se ha fabricado con 60% de materiales reciclados y la caja protectora es de papel 100% reciclado y 100% reciclable.<br \/>&#8211; Adem&aacute;s, hemos introducido el producto plegado. De esta forma, se necesita una caja m&aacute;s peque&ntilde;a y disminuimos la cantidad de papel necesario para su creaci&oacute;n.<\/p>\n<table class=\"tabla_caracteristicas k-table\" width=\"100%\">\n<tr>\n<td><strong>Marca<\/strong><\/td>\n<td>SPC<\/td>\n<\/tr>\n<tr>\n<td valign=\"top\"><strong>Modelo<\/strong><\/td>\n<td><strong>4628D <\/strong><\/td>\n<\/tr>\n<tr>\n<td><strong>Especificaciones<\/strong><\/td>\n<td>&#8211; Perfiles: HSP, HFP, A2DP, AVRCP<br \/>\t\t\t&#8211; Carga: USB-C<br \/>\t\t\t&#8211; Bluetooth: 5.4<br \/>\t\t\t&#8211; Manos libres<br \/>\t\t\t&#8211; Asistente de voz<br \/>\t\t\t&#8211; Conectividad con dos dispositivos simult&aacute;neamente<br \/>\t\t\t&#8211; Sincronizaci&oacute;n autom&aacute;tica<br \/>\t\t\t&#8211; Control de bot&oacute;n<br \/>\t\t\t&#8211; Alcance m&aacute;ximo 45m.<br \/>\t\t\t&#8211; Llamadas<br \/>\t\t\t&#8211; Asistentes de voz<br \/>\t\t\t&#8211; Modo de Juego<br \/>\t\t\t&#8211; Conexi&oacute;n Autom&aacute;tica<br \/>\t\t\t<strong>Bater&iacute;a y carga<\/strong><br \/>\t\t\t&#8211; Bater&iacute;a: 380mAh<br \/>\t\t\t&#8211; Autonom&iacute;a total: 50 H<br \/>\t\t\t<strong>Dimensiones y peso<\/strong><br \/>\t\t\t&#8211; Altura: 180.6 mm<br \/>\t\t\t&#8211; Anchura: 147 mm<br \/>\t\t\t&#8211; Profundidad: 70,7 mm<br \/>\t\t\t&#8211; Peso: 150 g<br \/>\t\t\t<strong>Contenido de la caja<\/strong><br \/>\t\t\t&#8211; SPC Heron 2 Studio<br \/>\t\t\t&#8211; Cable de carga USB-C<br \/>\t\t\t&#8211; Gu&iacute;a r&aacute;pida.<\/td>\n<\/tr>\n<tr>\n<td><strong>Fecha de revisi&oacute;n<\/strong><\/td>\n<td>11-09-2024 por A<\/td>\n<\/tr>\n<\/table>\n","protected":false},"excerpt":{"rendered":"<p>Como una extensi&oacute;n de tu cuerpo&#8211; HERON 2 STUDIO son los auriculares ligeros y c&oacute;modos, con diadema ajustable y totalmente acolchados que ni notas ni te cansas de llevar.&#8211; Se adaptan al contorno de la cabeza con suavidad y se apoyan sobre las orejas para llevarte, con mimo, la m&uacute;sica que te llena durante muchas,&hellip;&nbsp;<a href=\"https:\/\/aivlisoft.net\/shop\/producto\/spc-auricular-diadema-heron-2-studio-deep-sky\/\" rel=\"bookmark\"><span class=\"screen-reader-text\">SPC Auricular Diadema Heron 2 Studio Deep Sky<\/span><\/a><\/p>\n","protected":false},"featured_media":16270,"template":"","meta":{"neve_meta_sidebar":"","neve_meta_container":"","neve_meta_enable_content_width":"","neve_meta_content_width":0,"neve_meta_title_alignment":"","neve_meta_author_avatar":"","neve_post_elements_order":"","neve_meta_disable_header":"","neve_meta_disable_footer":"","neve_meta_disable_title":""},"product_brand":[],"product_cat":[15,790,957,5818],"product_tag":[6065],"class_list":{"0":"post-16269","1":"product","2":"type-product","3":"status-publish","4":"has-post-thumbnail","6":"product_cat-sin-categorizar","7":"product_cat-accesorios-gaming","8":"product_cat-accesorios-imagen-y-sonido","9":"product_cat-audio","10":"product_tag-4628d","12":"first","13":"instock","14":"taxable","15":"shipping-taxable","16":"purchasable","17":"product-type-simple"},"yoast_head":"<!-- This site is optimized with the Yoast SEO plugin v26.0 - https:\/\/yoast.com\/wordpress\/plugins\/seo\/ -->\n<title>SPC Auricular Diadema Heron 2 Studio Deep Sky - Aivlisoft Inform\u00e1tica<\/title>\n<meta name=\"robots\" content=\"index, follow, max-snippet:-1, max-image-preview:large, max-video-preview:-1\" \/>\n<link rel=\"canonical\" href=\"https:\/\/aivlisoft.net\/shop\/producto\/spc-auricular-diadema-heron-2-studio-deep-sky\/\" \/>\n<meta property=\"og:locale\" content=\"es_ES\" \/>\n<meta property=\"og:type\" content=\"article\" \/>\n<meta property=\"og:title\" content=\"SPC Auricular Diadema Heron 2 Studio Deep Sky - Aivlisoft Inform\u00e1tica\" \/>\n<meta property=\"og:description\" content=\"Como una extensi&oacute;n de tu cuerpo&#8211; HERON 2 STUDIO son los auriculares ligeros y c&oacute;modos, con diadema ajustable y totalmente acolchados que ni notas ni te cansas de llevar.&#8211; Se adaptan al contorno de la cabeza con suavidad y se apoyan sobre las orejas para llevarte, con mimo, la m&uacute;sica que te llena durante muchas,&hellip;&nbsp;SPC Auricular Diadema Heron 2 Studio Deep Sky\" \/>\n<meta property=\"og:url\" content=\"https:\/\/aivlisoft.net\/shop\/producto\/spc-auricular-diadema-heron-2-studio-deep-sky\/\" \/>\n<meta property=\"og:site_name\" content=\"Aivlisoft Inform\u00e1tica\" \/>\n<meta property=\"article:modified_time\" content=\"2025-01-14T20:56:03+00:00\" \/>\n<meta property=\"og:image\" content=\"https:\/\/aivlisoft.net\/shop\/wp-content\/uploads\/2025\/01\/MAUAMI1181_800.jpg\" \/>\n\t<meta property=\"og:image:width\" content=\"800\" \/>\n\t<meta property=\"og:image:height\" content=\"800\" \/>\n\t<meta property=\"og:image:type\" content=\"image\/jpeg\" \/>\n<meta name=\"twitter:card\" content=\"summary_large_image\" \/>\n<meta name=\"twitter:label1\" content=\"Tiempo de lectura\" \/>\n\t<meta name=\"twitter:data1\" content=\"3 minutos\" \/>\n<script type=\"application\/ld+json\" class=\"yoast-schema-graph\">{\"@context\":\"https:\/\/schema.org\",\"@graph\":[{\"@type\":\"WebPage\",\"@id\":\"https:\/\/aivlisoft.net\/shop\/producto\/spc-auricular-diadema-heron-2-studio-deep-sky\/\",\"url\":\"https:\/\/aivlisoft.net\/shop\/producto\/spc-auricular-diadema-heron-2-studio-deep-sky\/\",\"name\":\"SPC Auricular Diadema Heron 2 Studio Deep Sky - Aivlisoft Inform\u00e1tica\",\"isPartOf\":{\"@id\":\"https:\/\/aivlisoft.net\/shop\/#website\"},\"primaryImageOfPage\":{\"@id\":\"https:\/\/aivlisoft.net\/shop\/producto\/spc-auricular-diadema-heron-2-studio-deep-sky\/#primaryimage\"},\"image\":{\"@id\":\"https:\/\/aivlisoft.net\/shop\/producto\/spc-auricular-diadema-heron-2-studio-deep-sky\/#primaryimage\"},\"thumbnailUrl\":\"https:\/\/aivlisoft.net\/shop\/wp-content\/uploads\/2025\/01\/MAUAMI1181_800.jpg\",\"datePublished\":\"2025-01-13T15:00:44+00:00\",\"dateModified\":\"2025-01-14T20:56:03+00:00\",\"breadcrumb\":{\"@id\":\"https:\/\/aivlisoft.net\/shop\/producto\/spc-auricular-diadema-heron-2-studio-deep-sky\/#breadcrumb\"},\"inLanguage\":\"es\",\"potentialAction\":[{\"@type\":\"ReadAction\",\"target\":[\"https:\/\/aivlisoft.net\/shop\/producto\/spc-auricular-diadema-heron-2-studio-deep-sky\/\"]}]},{\"@type\":\"ImageObject\",\"inLanguage\":\"es\",\"@id\":\"https:\/\/aivlisoft.net\/shop\/producto\/spc-auricular-diadema-heron-2-studio-deep-sky\/#primaryimage\",\"url\":\"https:\/\/aivlisoft.net\/shop\/wp-content\/uploads\/2025\/01\/MAUAMI1181_800.jpg\",\"contentUrl\":\"https:\/\/aivlisoft.net\/shop\/wp-content\/uploads\/2025\/01\/MAUAMI1181_800.jpg\",\"width\":800,\"height\":800},{\"@type\":\"BreadcrumbList\",\"@id\":\"https:\/\/aivlisoft.net\/shop\/producto\/spc-auricular-diadema-heron-2-studio-deep-sky\/#breadcrumb\",\"itemListElement\":[{\"@type\":\"ListItem\",\"position\":1,\"name\":\"Portada\",\"item\":\"https:\/\/aivlisoft.net\/shop\/\"},{\"@type\":\"ListItem\",\"position\":2,\"name\":\"Tienda\",\"item\":\"https:\/\/aivlisoft.net\/shop\/tienda\/\"},{\"@type\":\"ListItem\",\"position\":3,\"name\":\"SPC Auricular Diadema Heron 2 Studio Deep Sky\"}]},{\"@type\":\"WebSite\",\"@id\":\"https:\/\/aivlisoft.net\/shop\/#website\",\"url\":\"https:\/\/aivlisoft.net\/shop\/\",\"name\":\"Aivlisoft Inform\u00e1tica\",\"description\":\"En Aivlisoft Inform\u00e1tica ofrecemos soluciones tecnol\u00f3gicas para empresas: venta de ordenadores, consumibles, perif\u00e9ricos y m\u00e1s. Calidad, atenci\u00f3n personalizada y los mejores precios para tu negocio.\",\"publisher\":{\"@id\":\"https:\/\/aivlisoft.net\/shop\/#organization\"},\"potentialAction\":[{\"@type\":\"SearchAction\",\"target\":{\"@type\":\"EntryPoint\",\"urlTemplate\":\"https:\/\/aivlisoft.net\/shop\/?s={search_term_string}\"},\"query-input\":{\"@type\":\"PropertyValueSpecification\",\"valueRequired\":true,\"valueName\":\"search_term_string\"}}],\"inLanguage\":\"es\"},{\"@type\":\"Organization\",\"@id\":\"https:\/\/aivlisoft.net\/shop\/#organization\",\"name\":\"Aivlisoft Inform\u00e1tica\",\"url\":\"https:\/\/aivlisoft.net\/shop\/\",\"logo\":{\"@type\":\"ImageObject\",\"inLanguage\":\"es\",\"@id\":\"https:\/\/aivlisoft.net\/shop\/#\/schema\/logo\/image\/\",\"url\":\"https:\/\/aivlisoft.net\/shop\/wp-content\/uploads\/2024\/12\/removal.ai_5b848c54-0cdf-4140-95c5-c5536bb7573b-logodef.png\",\"contentUrl\":\"https:\/\/aivlisoft.net\/shop\/wp-content\/uploads\/2024\/12\/removal.ai_5b848c54-0cdf-4140-95c5-c5536bb7573b-logodef.png\",\"width\":484,\"height\":182,\"caption\":\"Aivlisoft Inform\u00e1tica\"},\"image\":{\"@id\":\"https:\/\/aivlisoft.net\/shop\/#\/schema\/logo\/image\/\"}}]}<\/script>\n<!-- \/ Yoast SEO plugin. -->","yoast_head_json":{"title":"SPC Auricular Diadema Heron 2 Studio Deep Sky - Aivlisoft Inform\u00e1tica","robots":{"index":"index","follow":"follow","max-snippet":"max-snippet:-1","max-image-preview":"max-image-preview:large","max-video-preview":"max-video-preview:-1"},"canonical":"https:\/\/aivlisoft.net\/shop\/producto\/spc-auricular-diadema-heron-2-studio-deep-sky\/","og_locale":"es_ES","og_type":"article","og_title":"SPC Auricular Diadema Heron 2 Studio Deep Sky - Aivlisoft Inform\u00e1tica","og_description":"Como una extensi&oacute;n de tu cuerpo&#8211; HERON 2 STUDIO son los auriculares ligeros y c&oacute;modos, con diadema ajustable y totalmente acolchados que ni notas ni te cansas de llevar.&#8211; Se adaptan al contorno de la cabeza con suavidad y se apoyan sobre las orejas para llevarte, con mimo, la m&uacute;sica que te llena durante muchas,&hellip;&nbsp;SPC Auricular Diadema Heron 2 Studio Deep Sky","og_url":"https:\/\/aivlisoft.net\/shop\/producto\/spc-auricular-diadema-heron-2-studio-deep-sky\/","og_site_name":"Aivlisoft Inform\u00e1tica","article_modified_time":"2025-01-14T20:56:03+00:00","og_image":[{"width":800,"height":800,"url":"https:\/\/aivlisoft.net\/shop\/wp-content\/uploads\/2025\/01\/MAUAMI1181_800.jpg","type":"image\/jpeg"}],"twitter_card":"summary_large_image","twitter_misc":{"Tiempo de lectura":"3 minutos"},"schema":{"@context":"https:\/\/schema.org","@graph":[{"@type":"WebPage","@id":"https:\/\/aivlisoft.net\/shop\/producto\/spc-auricular-diadema-heron-2-studio-deep-sky\/","url":"https:\/\/aivlisoft.net\/shop\/producto\/spc-auricular-diadema-heron-2-studio-deep-sky\/","name":"SPC Auricular Diadema Heron 2 Studio Deep Sky - Aivlisoft Inform\u00e1tica","isPartOf":{"@id":"https:\/\/aivlisoft.net\/shop\/#website"},"primaryImageOfPage":{"@id":"https:\/\/aivlisoft.net\/shop\/producto\/spc-auricular-diadema-heron-2-studio-deep-sky\/#primaryimage"},"image":{"@id":"https:\/\/aivlisoft.net\/shop\/producto\/spc-auricular-diadema-heron-2-studio-deep-sky\/#primaryimage"},"thumbnailUrl":"https:\/\/aivlisoft.net\/shop\/wp-content\/uploads\/2025\/01\/MAUAMI1181_800.jpg","datePublished":"2025-01-13T15:00:44+00:00","dateModified":"2025-01-14T20:56:03+00:00","breadcrumb":{"@id":"https:\/\/aivlisoft.net\/shop\/producto\/spc-auricular-diadema-heron-2-studio-deep-sky\/#breadcrumb"},"inLanguage":"es","potentialAction":[{"@type":"ReadAction","target":["https:\/\/aivlisoft.net\/shop\/producto\/spc-auricular-diadema-heron-2-studio-deep-sky\/"]}]},{"@type":"ImageObject","inLanguage":"es","@id":"https:\/\/aivlisoft.net\/shop\/producto\/spc-auricular-diadema-heron-2-studio-deep-sky\/#primaryimage","url":"https:\/\/aivlisoft.net\/shop\/wp-content\/uploads\/2025\/01\/MAUAMI1181_800.jpg","contentUrl":"https:\/\/aivlisoft.net\/shop\/wp-content\/uploads\/2025\/01\/MAUAMI1181_800.jpg","width":800,"height":800},{"@type":"BreadcrumbList","@id":"https:\/\/aivlisoft.net\/shop\/producto\/spc-auricular-diadema-heron-2-studio-deep-sky\/#breadcrumb","itemListElement":[{"@type":"ListItem","position":1,"name":"Portada","item":"https:\/\/aivlisoft.net\/shop\/"},{"@type":"ListItem","position":2,"name":"Tienda","item":"https:\/\/aivlisoft.net\/shop\/tienda\/"},{"@type":"ListItem","position":3,"name":"SPC Auricular Diadema Heron 2 Studio Deep Sky"}]},{"@type":"WebSite","@id":"https:\/\/aivlisoft.net\/shop\/#website","url":"https:\/\/aivlisoft.net\/shop\/","name":"Aivlisoft Inform\u00e1tica","description":"En Aivlisoft Inform\u00e1tica ofrecemos soluciones tecnol\u00f3gicas para empresas: venta de ordenadores, consumibles, perif\u00e9ricos y m\u00e1s. Calidad, atenci\u00f3n personalizada y los mejores precios para tu negocio.","publisher":{"@id":"https:\/\/aivlisoft.net\/shop\/#organization"},"potentialAction":[{"@type":"SearchAction","target":{"@type":"EntryPoint","urlTemplate":"https:\/\/aivlisoft.net\/shop\/?s={search_term_string}"},"query-input":{"@type":"PropertyValueSpecification","valueRequired":true,"valueName":"search_term_string"}}],"inLanguage":"es"},{"@type":"Organization","@id":"https:\/\/aivlisoft.net\/shop\/#organization","name":"Aivlisoft Inform\u00e1tica","url":"https:\/\/aivlisoft.net\/shop\/","logo":{"@type":"ImageObject","inLanguage":"es","@id":"https:\/\/aivlisoft.net\/shop\/#\/schema\/logo\/image\/","url":"https:\/\/aivlisoft.net\/shop\/wp-content\/uploads\/2024\/12\/removal.ai_5b848c54-0cdf-4140-95c5-c5536bb7573b-logodef.png","contentUrl":"https:\/\/aivlisoft.net\/shop\/wp-content\/uploads\/2024\/12\/removal.ai_5b848c54-0cdf-4140-95c5-c5536bb7573b-logodef.png","width":484,"height":182,"caption":"Aivlisoft Inform\u00e1tica"},"image":{"@id":"https:\/\/aivlisoft.net\/shop\/#\/schema\/logo\/image\/"}}]}},"_links":{"self":[{"href":"https:\/\/aivlisoft.net\/shop\/wp-json\/wp\/v2\/product\/16269","targetHints":{"allow":["GET"]}}],"collection":[{"href":"https:\/\/aivlisoft.net\/shop\/wp-json\/wp\/v2\/product"}],"about":[{"href":"https:\/\/aivlisoft.net\/shop\/wp-json\/wp\/v2\/types\/product"}],"wp:featuredmedia":[{"embeddable":true,"href":"https:\/\/aivlisoft.net\/shop\/wp-json\/wp\/v2\/media\/16270"}],"wp:attachment":[{"href":"https:\/\/aivlisoft.net\/shop\/wp-json\/wp\/v2\/media?parent=16269"}],"wp:term":[{"taxonomy":"product_brand","embeddable":true,"href":"https:\/\/aivlisoft.net\/shop\/wp-json\/wp\/v2\/product_brand?post=16269"},{"taxonomy":"product_cat","embeddable":true,"href":"https:\/\/aivlisoft.net\/shop\/wp-json\/wp\/v2\/product_cat?post=16269"},{"taxonomy":"product_tag","embeddable":true,"href":"https:\/\/aivlisoft.net\/shop\/wp-json\/wp\/v2\/product_tag?post=16269"}],"curies":[{"name":"wp","href":"https:\/\/api.w.org\/{rel}","templated":true}]}}