{"id":16233,"date":"2025-01-13T15:00:25","date_gmt":"2025-01-13T15:00:25","guid":{"rendered":"https:\/\/aivlisoft.com\/?post_type=product&#038;p=16233"},"modified":"2025-01-14T20:56:08","modified_gmt":"2025-01-14T20:56:08","slug":"nilox-auriculares-nxau0000001-usb-negro","status":"publish","type":"product","link":"https:\/\/aivlisoft.net\/shop\/producto\/nilox-auriculares-nxau0000001-usb-negro\/","title":{"rendered":"Nilox Auriculares NXAU0000001 Usb Negro"},"content":{"rendered":"<p><strong>Auriculares est&eacute;reo con micr&oacute;fono, diadema ajustable y conexi&oacute;n USB<\/strong><\/p>\n<p>Perfectos para escuchar m&uacute;sica, ver pel&iacute;culas, chatear o utilizar con aplicaciones multimedia.<\/p>\n<table class=\"tabla_caracteristicas k-table\" width=\"100%\">\n<tr>\n<td><strong>Marca<\/strong><\/td>\n<td>Nilox<\/td>\n<\/tr>\n<tr>\n<td valign=\"top\"><strong>Modelo<\/strong><\/td>\n<td><strong>NXAU0000001 <\/strong><\/td>\n<\/tr>\n<tr>\n<td><strong>Especificaciones<\/strong><\/td>\n<td>&#8211; No necesita drivers<br \/>\t\t\t&#8211; Compatible Win98 &#8211; Win10<br \/>\t\t\t&#8211; Modo silencio de altavoz y micr&oacute;fono<br \/>\t\t\t&#8211; Canal virtual 7.1<br \/>\t\t\t&#8211; Altavoz 40mm<br \/>\t\t\t&#8211; Impedancia: 32 ohmios<br \/>\t\t\t&#8211; Frecuencia: 20-22KHz<br \/>\t\t\t&#8211; Sensibilidad: 105 dB<br \/>\t\t\t&#8211; Longitud del cable: 1,8 m<br \/>\t\t\t&#8211; Sonido: Est&eacute;reo<br \/>\t\t\t&#8211; Conectores: USB<br \/>\t\t\t&#8211; Factor de forma: Sobraurales (On-Ear Headphones)<br \/>\t\t\t&#8211; Tipo de aur&iacute;cula: biaural<br \/>\t\t\t&#8211; Peso: 100 gr<\/td>\n<\/tr>\n<tr>\n<td><strong>Fecha de revisi&oacute;n<\/strong><\/td>\n<td>12-09-2024 por A<\/td>\n<\/tr>\n<\/table>\n","protected":false},"excerpt":{"rendered":"<p>Auriculares est&eacute;reo con micr&oacute;fono, diadema ajustable y conexi&oacute;n USB Perfectos para escuchar m&uacute;sica, ver pel&iacute;culas, chatear o utilizar con aplicaciones multimedia. Marca Nilox Modelo NXAU0000001 Especificaciones &#8211; No necesita drivers &#8211; Compatible Win98 &#8211; Win10 &#8211; Modo silencio de altavoz y micr&oacute;fono &#8211; Canal virtual 7.1 &#8211; Altavoz 40mm &#8211; Impedancia: 32 ohmios &#8211; Frecuencia:&hellip;&nbsp;<a href=\"https:\/\/aivlisoft.net\/shop\/producto\/nilox-auriculares-nxau0000001-usb-negro\/\" rel=\"bookmark\"><span class=\"screen-reader-text\">Nilox Auriculares NXAU0000001 Usb Negro<\/span><\/a><\/p>\n","protected":false},"featured_media":0,"template":"","meta":{"neve_meta_sidebar":"","neve_meta_container":"","neve_meta_enable_content_width":"","neve_meta_content_width":0,"neve_meta_title_alignment":"","neve_meta_author_avatar":"","neve_post_elements_order":"","neve_meta_disable_header":"","neve_meta_disable_footer":"","neve_meta_disable_title":""},"product_brand":[],"product_cat":[15,790,957,5818],"product_tag":[6057],"class_list":{"0":"post-16233","1":"product","2":"type-product","3":"status-publish","5":"product_cat-sin-categorizar","6":"product_cat-accesorios-gaming","7":"product_cat-accesorios-imagen-y-sonido","8":"product_cat-audio","9":"product_tag-nxau0000001","11":"first","12":"instock","13":"taxable","14":"shipping-taxable","15":"purchasable","16":"product-type-simple"},"yoast_head":"<!-- This site is optimized with the Yoast SEO plugin v26.0 - https:\/\/yoast.com\/wordpress\/plugins\/seo\/ -->\n<title>Nilox Auriculares NXAU0000001 Usb Negro - Aivlisoft Inform\u00e1tica<\/title>\n<meta name=\"robots\" content=\"index, follow, max-snippet:-1, max-image-preview:large, max-video-preview:-1\" \/>\n<link rel=\"canonical\" href=\"https:\/\/aivlisoft.net\/shop\/producto\/nilox-auriculares-nxau0000001-usb-negro\/\" \/>\n<meta property=\"og:locale\" content=\"es_ES\" \/>\n<meta property=\"og:type\" content=\"article\" \/>\n<meta property=\"og:title\" content=\"Nilox Auriculares NXAU0000001 Usb Negro - Aivlisoft Inform\u00e1tica\" \/>\n<meta property=\"og:description\" content=\"Auriculares est&eacute;reo con micr&oacute;fono, diadema ajustable y conexi&oacute;n USB Perfectos para escuchar m&uacute;sica, ver pel&iacute;culas, chatear o utilizar con aplicaciones multimedia. Marca Nilox Modelo NXAU0000001 Especificaciones &#8211; No necesita drivers &#8211; Compatible Win98 &#8211; Win10 &#8211; Modo silencio de altavoz y micr&oacute;fono &#8211; Canal virtual 7.1 &#8211; Altavoz 40mm &#8211; Impedancia: 32 ohmios &#8211; Frecuencia:&hellip;&nbsp;Nilox Auriculares NXAU0000001 Usb Negro\" \/>\n<meta property=\"og:url\" content=\"https:\/\/aivlisoft.net\/shop\/producto\/nilox-auriculares-nxau0000001-usb-negro\/\" \/>\n<meta property=\"og:site_name\" content=\"Aivlisoft Inform\u00e1tica\" \/>\n<meta property=\"article:modified_time\" content=\"2025-01-14T20:56:08+00:00\" \/>\n<meta name=\"twitter:card\" content=\"summary_large_image\" \/>\n<meta name=\"twitter:label1\" content=\"Tiempo de lectura\" \/>\n\t<meta name=\"twitter:data1\" content=\"1 minuto\" \/>\n<script type=\"application\/ld+json\" class=\"yoast-schema-graph\">{\"@context\":\"https:\/\/schema.org\",\"@graph\":[{\"@type\":\"WebPage\",\"@id\":\"https:\/\/aivlisoft.net\/shop\/producto\/nilox-auriculares-nxau0000001-usb-negro\/\",\"url\":\"https:\/\/aivlisoft.net\/shop\/producto\/nilox-auriculares-nxau0000001-usb-negro\/\",\"name\":\"Nilox Auriculares NXAU0000001 Usb Negro - Aivlisoft Inform\u00e1tica\",\"isPartOf\":{\"@id\":\"https:\/\/aivlisoft.net\/shop\/#website\"},\"datePublished\":\"2025-01-13T15:00:25+00:00\",\"dateModified\":\"2025-01-14T20:56:08+00:00\",\"breadcrumb\":{\"@id\":\"https:\/\/aivlisoft.net\/shop\/producto\/nilox-auriculares-nxau0000001-usb-negro\/#breadcrumb\"},\"inLanguage\":\"es\",\"potentialAction\":[{\"@type\":\"ReadAction\",\"target\":[\"https:\/\/aivlisoft.net\/shop\/producto\/nilox-auriculares-nxau0000001-usb-negro\/\"]}]},{\"@type\":\"BreadcrumbList\",\"@id\":\"https:\/\/aivlisoft.net\/shop\/producto\/nilox-auriculares-nxau0000001-usb-negro\/#breadcrumb\",\"itemListElement\":[{\"@type\":\"ListItem\",\"position\":1,\"name\":\"Portada\",\"item\":\"https:\/\/aivlisoft.net\/shop\/\"},{\"@type\":\"ListItem\",\"position\":2,\"name\":\"Tienda\",\"item\":\"https:\/\/aivlisoft.net\/shop\/tienda\/\"},{\"@type\":\"ListItem\",\"position\":3,\"name\":\"Nilox Auriculares NXAU0000001 Usb Negro\"}]},{\"@type\":\"WebSite\",\"@id\":\"https:\/\/aivlisoft.net\/shop\/#website\",\"url\":\"https:\/\/aivlisoft.net\/shop\/\",\"name\":\"Aivlisoft Inform\u00e1tica\",\"description\":\"En Aivlisoft Inform\u00e1tica ofrecemos soluciones tecnol\u00f3gicas para empresas: venta de ordenadores, consumibles, perif\u00e9ricos y m\u00e1s. Calidad, atenci\u00f3n personalizada y los mejores precios para tu negocio.\",\"publisher\":{\"@id\":\"https:\/\/aivlisoft.net\/shop\/#organization\"},\"potentialAction\":[{\"@type\":\"SearchAction\",\"target\":{\"@type\":\"EntryPoint\",\"urlTemplate\":\"https:\/\/aivlisoft.net\/shop\/?s={search_term_string}\"},\"query-input\":{\"@type\":\"PropertyValueSpecification\",\"valueRequired\":true,\"valueName\":\"search_term_string\"}}],\"inLanguage\":\"es\"},{\"@type\":\"Organization\",\"@id\":\"https:\/\/aivlisoft.net\/shop\/#organization\",\"name\":\"Aivlisoft Inform\u00e1tica\",\"url\":\"https:\/\/aivlisoft.net\/shop\/\",\"logo\":{\"@type\":\"ImageObject\",\"inLanguage\":\"es\",\"@id\":\"https:\/\/aivlisoft.net\/shop\/#\/schema\/logo\/image\/\",\"url\":\"https:\/\/aivlisoft.net\/shop\/wp-content\/uploads\/2024\/12\/removal.ai_5b848c54-0cdf-4140-95c5-c5536bb7573b-logodef.png\",\"contentUrl\":\"https:\/\/aivlisoft.net\/shop\/wp-content\/uploads\/2024\/12\/removal.ai_5b848c54-0cdf-4140-95c5-c5536bb7573b-logodef.png\",\"width\":484,\"height\":182,\"caption\":\"Aivlisoft Inform\u00e1tica\"},\"image\":{\"@id\":\"https:\/\/aivlisoft.net\/shop\/#\/schema\/logo\/image\/\"}}]}<\/script>\n<!-- \/ Yoast SEO plugin. -->","yoast_head_json":{"title":"Nilox Auriculares NXAU0000001 Usb Negro - Aivlisoft Inform\u00e1tica","robots":{"index":"index","follow":"follow","max-snippet":"max-snippet:-1","max-image-preview":"max-image-preview:large","max-video-preview":"max-video-preview:-1"},"canonical":"https:\/\/aivlisoft.net\/shop\/producto\/nilox-auriculares-nxau0000001-usb-negro\/","og_locale":"es_ES","og_type":"article","og_title":"Nilox Auriculares NXAU0000001 Usb Negro - Aivlisoft Inform\u00e1tica","og_description":"Auriculares est&eacute;reo con micr&oacute;fono, diadema ajustable y conexi&oacute;n USB Perfectos para escuchar m&uacute;sica, ver pel&iacute;culas, chatear o utilizar con aplicaciones multimedia. Marca Nilox Modelo NXAU0000001 Especificaciones &#8211; No necesita drivers &#8211; Compatible Win98 &#8211; Win10 &#8211; Modo silencio de altavoz y micr&oacute;fono &#8211; Canal virtual 7.1 &#8211; Altavoz 40mm &#8211; Impedancia: 32 ohmios &#8211; Frecuencia:&hellip;&nbsp;Nilox Auriculares NXAU0000001 Usb Negro","og_url":"https:\/\/aivlisoft.net\/shop\/producto\/nilox-auriculares-nxau0000001-usb-negro\/","og_site_name":"Aivlisoft Inform\u00e1tica","article_modified_time":"2025-01-14T20:56:08+00:00","twitter_card":"summary_large_image","twitter_misc":{"Tiempo de lectura":"1 minuto"},"schema":{"@context":"https:\/\/schema.org","@graph":[{"@type":"WebPage","@id":"https:\/\/aivlisoft.net\/shop\/producto\/nilox-auriculares-nxau0000001-usb-negro\/","url":"https:\/\/aivlisoft.net\/shop\/producto\/nilox-auriculares-nxau0000001-usb-negro\/","name":"Nilox Auriculares NXAU0000001 Usb Negro - Aivlisoft Inform\u00e1tica","isPartOf":{"@id":"https:\/\/aivlisoft.net\/shop\/#website"},"datePublished":"2025-01-13T15:00:25+00:00","dateModified":"2025-01-14T20:56:08+00:00","breadcrumb":{"@id":"https:\/\/aivlisoft.net\/shop\/producto\/nilox-auriculares-nxau0000001-usb-negro\/#breadcrumb"},"inLanguage":"es","potentialAction":[{"@type":"ReadAction","target":["https:\/\/aivlisoft.net\/shop\/producto\/nilox-auriculares-nxau0000001-usb-negro\/"]}]},{"@type":"BreadcrumbList","@id":"https:\/\/aivlisoft.net\/shop\/producto\/nilox-auriculares-nxau0000001-usb-negro\/#breadcrumb","itemListElement":[{"@type":"ListItem","position":1,"name":"Portada","item":"https:\/\/aivlisoft.net\/shop\/"},{"@type":"ListItem","position":2,"name":"Tienda","item":"https:\/\/aivlisoft.net\/shop\/tienda\/"},{"@type":"ListItem","position":3,"name":"Nilox Auriculares NXAU0000001 Usb Negro"}]},{"@type":"WebSite","@id":"https:\/\/aivlisoft.net\/shop\/#website","url":"https:\/\/aivlisoft.net\/shop\/","name":"Aivlisoft Inform\u00e1tica","description":"En Aivlisoft Inform\u00e1tica ofrecemos soluciones tecnol\u00f3gicas para empresas: venta de ordenadores, consumibles, perif\u00e9ricos y m\u00e1s. Calidad, atenci\u00f3n personalizada y los mejores precios para tu negocio.","publisher":{"@id":"https:\/\/aivlisoft.net\/shop\/#organization"},"potentialAction":[{"@type":"SearchAction","target":{"@type":"EntryPoint","urlTemplate":"https:\/\/aivlisoft.net\/shop\/?s={search_term_string}"},"query-input":{"@type":"PropertyValueSpecification","valueRequired":true,"valueName":"search_term_string"}}],"inLanguage":"es"},{"@type":"Organization","@id":"https:\/\/aivlisoft.net\/shop\/#organization","name":"Aivlisoft Inform\u00e1tica","url":"https:\/\/aivlisoft.net\/shop\/","logo":{"@type":"ImageObject","inLanguage":"es","@id":"https:\/\/aivlisoft.net\/shop\/#\/schema\/logo\/image\/","url":"https:\/\/aivlisoft.net\/shop\/wp-content\/uploads\/2024\/12\/removal.ai_5b848c54-0cdf-4140-95c5-c5536bb7573b-logodef.png","contentUrl":"https:\/\/aivlisoft.net\/shop\/wp-content\/uploads\/2024\/12\/removal.ai_5b848c54-0cdf-4140-95c5-c5536bb7573b-logodef.png","width":484,"height":182,"caption":"Aivlisoft Inform\u00e1tica"},"image":{"@id":"https:\/\/aivlisoft.net\/shop\/#\/schema\/logo\/image\/"}}]}},"_links":{"self":[{"href":"https:\/\/aivlisoft.net\/shop\/wp-json\/wp\/v2\/product\/16233","targetHints":{"allow":["GET"]}}],"collection":[{"href":"https:\/\/aivlisoft.net\/shop\/wp-json\/wp\/v2\/product"}],"about":[{"href":"https:\/\/aivlisoft.net\/shop\/wp-json\/wp\/v2\/types\/product"}],"wp:attachment":[{"href":"https:\/\/aivlisoft.net\/shop\/wp-json\/wp\/v2\/media?parent=16233"}],"wp:term":[{"taxonomy":"product_brand","embeddable":true,"href":"https:\/\/aivlisoft.net\/shop\/wp-json\/wp\/v2\/product_brand?post=16233"},{"taxonomy":"product_cat","embeddable":true,"href":"https:\/\/aivlisoft.net\/shop\/wp-json\/wp\/v2\/product_cat?post=16233"},{"taxonomy":"product_tag","embeddable":true,"href":"https:\/\/aivlisoft.net\/shop\/wp-json\/wp\/v2\/product_tag?post=16233"}],"curies":[{"name":"wp","href":"https:\/\/api.w.org\/{rel}","templated":true}]}}