{"id":16218,"date":"2025-01-13T15:00:18","date_gmt":"2025-01-13T15:00:18","guid":{"rendered":"https:\/\/aivlisoft.com\/?post_type=product&#038;p=16218"},"modified":"2025-01-14T20:56:12","modified_gmt":"2025-01-14T20:56:12","slug":"krom-kopa-auriculares-gaming-7-1-virtual-blanc","status":"publish","type":"product","link":"https:\/\/aivlisoft.net\/shop\/producto\/krom-kopa-auriculares-gaming-7-1-virtual-blanc\/","title":{"rendered":"KROM KOPA AURICULARES GAMING 7.1 VIRTUAL BLANC"},"content":{"rendered":"<p><\/p>\n<table class=\"tabla_caracteristicas\" width=\"100%\">\n<tr>\n<td valign=\"top\"><strong>Marca<\/strong><\/td>\n<td>Krom<\/td>\n<\/tr>\n<tr>\n<td valign=\"top\"><strong>Modelov<\/strong><\/td>\n<td><strong>NXKROMKOPA71WH<\/strong><\/td>\n<\/tr>\n<tr>\n<td valign=\"top\"><strong>Prestaciones<\/strong><br \/>\t\t\t&nbsp;<\/td>\n<td>&#8211; Sonido 7.1 virtual<br \/>\t\t\t&#8211; Iluminaci&oacute;n efecto RGB rainbow<br \/>\t\t\t&#8211; Auriculares de 50 mm de gran calidad de sonido<br \/>\t\t\t&#8211; Control de volumen y mute de micr&oacute;fono en el auricular<br \/>\t\t\t&#8211; Diadema ajustable y ligera para una mayor comodidad<br \/>\t\t\t&#8211; Compatible con PC, PS4 &amp; PS5, Switch<\/td>\n<\/tr>\n<tr>\n<td valign=\"top\"><strong>Auricular<\/strong><\/td>\n<td>&#8211; Di&aacute;metro: 50 mm<br \/>\t\t\t&#8211; Frecuencia de respuesta: 20 Hz &#8211; 20.000 Hz<br \/>\t\t\t&#8211; Impedancia: 16 Ohm +\/- 15%<br \/>\t\t\t&#8211; Sensibilidad: 115 +\/- 3 dB<\/td>\n<\/tr>\n<tr>\n<td valign=\"top\"><strong>Micr&oacute;fono<\/strong><br \/>\t\t\t&nbsp;<\/td>\n<td>&#8211; Directividad: Omnidireccional<br \/>\t\t\t&#8211; Impedancia: &le;2.2k Ohm<br \/>\t\t\t&#8211; Rango de frecuencia: 50 Hz &#8211; 10.000 Hz<br \/>\t\t\t&#8211; Sensibilidad: -42dB &plusmn; 3dB<\/td>\n<\/tr>\n<tr>\n<td valign=\"top\"><strong>Compatibilidad<\/strong><\/td>\n<td>&#8211; PC<br \/>\t\t\t&#8211; PS4<br \/>\t\t\t&#8211; PS5<br \/>\t\t\t&#8211; SWITCH<br \/>\t\t\t* Para Nintendo Switch se necesita un cable adaptador de USB-A a USB-C (no incluido)<\/td>\n<\/tr>\n<tr>\n<td valign=\"top\"><strong>General<\/strong><\/td>\n<td>&#8211; Conexi&oacute;n: USB<br \/>\t\t\t&#8211; Longitud Cable: 200 cm<br \/>\t\t\t<strong>Dimensiones y peso<\/strong><br \/>\t\t\t&#8211; 190 x 90 x 215 mm<br \/>\t\t\t&#8211; 330 g<\/td>\n<\/tr>\n<tr>\n<td valign=\"top\"><strong>Fecha de revisi&oacute;n<\/strong><\/td>\n<td>14-08-2024 por RTY<\/td>\n<\/tr>\n<\/table>\n","protected":false},"excerpt":{"rendered":"<p>Marca Krom Modelov NXKROMKOPA71WH Prestaciones &nbsp; &#8211; Sonido 7.1 virtual &#8211; Iluminaci&oacute;n efecto RGB rainbow &#8211; Auriculares de 50 mm de gran calidad de sonido &#8211; Control de volumen y mute de micr&oacute;fono en el auricular &#8211; Diadema ajustable y ligera para una mayor comodidad &#8211; Compatible con PC, PS4 &amp; PS5, Switch Auricular &#8211;&hellip;&nbsp;<a href=\"https:\/\/aivlisoft.net\/shop\/producto\/krom-kopa-auriculares-gaming-7-1-virtual-blanc\/\" rel=\"bookmark\"><span class=\"screen-reader-text\">KROM KOPA AURICULARES GAMING 7.1 VIRTUAL BLANC<\/span><\/a><\/p>\n","protected":false},"featured_media":16219,"template":"","meta":{"neve_meta_sidebar":"","neve_meta_container":"","neve_meta_enable_content_width":"","neve_meta_content_width":0,"neve_meta_title_alignment":"","neve_meta_author_avatar":"","neve_post_elements_order":"","neve_meta_disable_header":"","neve_meta_disable_footer":"","neve_meta_disable_title":""},"product_brand":[],"product_cat":[15,790,957,5818],"product_tag":[6052],"class_list":{"0":"post-16218","1":"product","2":"type-product","3":"status-publish","4":"has-post-thumbnail","6":"product_cat-sin-categorizar","7":"product_cat-accesorios-gaming","8":"product_cat-accesorios-imagen-y-sonido","9":"product_cat-audio","10":"product_tag-nxkromkopa71wh","12":"first","13":"instock","14":"taxable","15":"shipping-taxable","16":"purchasable","17":"product-type-simple"},"yoast_head":"<!-- This site is optimized with the Yoast SEO plugin v26.0 - https:\/\/yoast.com\/wordpress\/plugins\/seo\/ -->\n<title>KROM KOPA AURICULARES GAMING 7.1 VIRTUAL BLANC - Aivlisoft Inform\u00e1tica<\/title>\n<meta name=\"robots\" content=\"index, follow, max-snippet:-1, max-image-preview:large, max-video-preview:-1\" \/>\n<link rel=\"canonical\" href=\"https:\/\/aivlisoft.net\/shop\/producto\/krom-kopa-auriculares-gaming-7-1-virtual-blanc\/\" \/>\n<meta property=\"og:locale\" content=\"es_ES\" \/>\n<meta property=\"og:type\" content=\"article\" \/>\n<meta property=\"og:title\" content=\"KROM KOPA AURICULARES GAMING 7.1 VIRTUAL BLANC - Aivlisoft Inform\u00e1tica\" \/>\n<meta property=\"og:description\" content=\"Marca Krom Modelov NXKROMKOPA71WH Prestaciones &nbsp; &#8211; Sonido 7.1 virtual &#8211; Iluminaci&oacute;n efecto RGB rainbow &#8211; Auriculares de 50 mm de gran calidad de sonido &#8211; Control de volumen y mute de micr&oacute;fono en el auricular &#8211; Diadema ajustable y ligera para una mayor comodidad &#8211; Compatible con PC, PS4 &amp; PS5, Switch Auricular &#8211;&hellip;&nbsp;KROM KOPA AURICULARES GAMING 7.1 VIRTUAL BLANC\" \/>\n<meta property=\"og:url\" content=\"https:\/\/aivlisoft.net\/shop\/producto\/krom-kopa-auriculares-gaming-7-1-virtual-blanc\/\" \/>\n<meta property=\"og:site_name\" content=\"Aivlisoft Inform\u00e1tica\" \/>\n<meta property=\"article:modified_time\" content=\"2025-01-14T20:56:12+00:00\" \/>\n<meta property=\"og:image\" content=\"https:\/\/aivlisoft.net\/shop\/wp-content\/uploads\/2025\/01\/MAUAMI1168_800.jpg\" \/>\n\t<meta property=\"og:image:width\" content=\"800\" \/>\n\t<meta property=\"og:image:height\" content=\"800\" \/>\n\t<meta property=\"og:image:type\" content=\"image\/jpeg\" \/>\n<meta name=\"twitter:card\" content=\"summary_large_image\" \/>\n<meta name=\"twitter:label1\" content=\"Tiempo de lectura\" \/>\n\t<meta name=\"twitter:data1\" content=\"1 minuto\" \/>\n<script type=\"application\/ld+json\" class=\"yoast-schema-graph\">{\"@context\":\"https:\/\/schema.org\",\"@graph\":[{\"@type\":\"WebPage\",\"@id\":\"https:\/\/aivlisoft.net\/shop\/producto\/krom-kopa-auriculares-gaming-7-1-virtual-blanc\/\",\"url\":\"https:\/\/aivlisoft.net\/shop\/producto\/krom-kopa-auriculares-gaming-7-1-virtual-blanc\/\",\"name\":\"KROM KOPA AURICULARES GAMING 7.1 VIRTUAL BLANC - Aivlisoft Inform\u00e1tica\",\"isPartOf\":{\"@id\":\"https:\/\/aivlisoft.net\/shop\/#website\"},\"primaryImageOfPage\":{\"@id\":\"https:\/\/aivlisoft.net\/shop\/producto\/krom-kopa-auriculares-gaming-7-1-virtual-blanc\/#primaryimage\"},\"image\":{\"@id\":\"https:\/\/aivlisoft.net\/shop\/producto\/krom-kopa-auriculares-gaming-7-1-virtual-blanc\/#primaryimage\"},\"thumbnailUrl\":\"https:\/\/aivlisoft.net\/shop\/wp-content\/uploads\/2025\/01\/MAUAMI1168_800.jpg\",\"datePublished\":\"2025-01-13T15:00:18+00:00\",\"dateModified\":\"2025-01-14T20:56:12+00:00\",\"breadcrumb\":{\"@id\":\"https:\/\/aivlisoft.net\/shop\/producto\/krom-kopa-auriculares-gaming-7-1-virtual-blanc\/#breadcrumb\"},\"inLanguage\":\"es\",\"potentialAction\":[{\"@type\":\"ReadAction\",\"target\":[\"https:\/\/aivlisoft.net\/shop\/producto\/krom-kopa-auriculares-gaming-7-1-virtual-blanc\/\"]}]},{\"@type\":\"ImageObject\",\"inLanguage\":\"es\",\"@id\":\"https:\/\/aivlisoft.net\/shop\/producto\/krom-kopa-auriculares-gaming-7-1-virtual-blanc\/#primaryimage\",\"url\":\"https:\/\/aivlisoft.net\/shop\/wp-content\/uploads\/2025\/01\/MAUAMI1168_800.jpg\",\"contentUrl\":\"https:\/\/aivlisoft.net\/shop\/wp-content\/uploads\/2025\/01\/MAUAMI1168_800.jpg\",\"width\":800,\"height\":800},{\"@type\":\"BreadcrumbList\",\"@id\":\"https:\/\/aivlisoft.net\/shop\/producto\/krom-kopa-auriculares-gaming-7-1-virtual-blanc\/#breadcrumb\",\"itemListElement\":[{\"@type\":\"ListItem\",\"position\":1,\"name\":\"Portada\",\"item\":\"https:\/\/aivlisoft.net\/shop\/\"},{\"@type\":\"ListItem\",\"position\":2,\"name\":\"Tienda\",\"item\":\"https:\/\/aivlisoft.net\/shop\/tienda\/\"},{\"@type\":\"ListItem\",\"position\":3,\"name\":\"KROM KOPA AURICULARES GAMING 7.1 VIRTUAL BLANC\"}]},{\"@type\":\"WebSite\",\"@id\":\"https:\/\/aivlisoft.net\/shop\/#website\",\"url\":\"https:\/\/aivlisoft.net\/shop\/\",\"name\":\"Aivlisoft Inform\u00e1tica\",\"description\":\"En Aivlisoft Inform\u00e1tica ofrecemos soluciones tecnol\u00f3gicas para empresas: venta de ordenadores, consumibles, perif\u00e9ricos y m\u00e1s. Calidad, atenci\u00f3n personalizada y los mejores precios para tu negocio.\",\"publisher\":{\"@id\":\"https:\/\/aivlisoft.net\/shop\/#organization\"},\"potentialAction\":[{\"@type\":\"SearchAction\",\"target\":{\"@type\":\"EntryPoint\",\"urlTemplate\":\"https:\/\/aivlisoft.net\/shop\/?s={search_term_string}\"},\"query-input\":{\"@type\":\"PropertyValueSpecification\",\"valueRequired\":true,\"valueName\":\"search_term_string\"}}],\"inLanguage\":\"es\"},{\"@type\":\"Organization\",\"@id\":\"https:\/\/aivlisoft.net\/shop\/#organization\",\"name\":\"Aivlisoft Inform\u00e1tica\",\"url\":\"https:\/\/aivlisoft.net\/shop\/\",\"logo\":{\"@type\":\"ImageObject\",\"inLanguage\":\"es\",\"@id\":\"https:\/\/aivlisoft.net\/shop\/#\/schema\/logo\/image\/\",\"url\":\"https:\/\/aivlisoft.net\/shop\/wp-content\/uploads\/2024\/12\/removal.ai_5b848c54-0cdf-4140-95c5-c5536bb7573b-logodef.png\",\"contentUrl\":\"https:\/\/aivlisoft.net\/shop\/wp-content\/uploads\/2024\/12\/removal.ai_5b848c54-0cdf-4140-95c5-c5536bb7573b-logodef.png\",\"width\":484,\"height\":182,\"caption\":\"Aivlisoft Inform\u00e1tica\"},\"image\":{\"@id\":\"https:\/\/aivlisoft.net\/shop\/#\/schema\/logo\/image\/\"}}]}<\/script>\n<!-- \/ Yoast SEO plugin. -->","yoast_head_json":{"title":"KROM KOPA AURICULARES GAMING 7.1 VIRTUAL BLANC - Aivlisoft Inform\u00e1tica","robots":{"index":"index","follow":"follow","max-snippet":"max-snippet:-1","max-image-preview":"max-image-preview:large","max-video-preview":"max-video-preview:-1"},"canonical":"https:\/\/aivlisoft.net\/shop\/producto\/krom-kopa-auriculares-gaming-7-1-virtual-blanc\/","og_locale":"es_ES","og_type":"article","og_title":"KROM KOPA AURICULARES GAMING 7.1 VIRTUAL BLANC - Aivlisoft Inform\u00e1tica","og_description":"Marca Krom Modelov NXKROMKOPA71WH Prestaciones &nbsp; &#8211; Sonido 7.1 virtual &#8211; Iluminaci&oacute;n efecto RGB rainbow &#8211; Auriculares de 50 mm de gran calidad de sonido &#8211; Control de volumen y mute de micr&oacute;fono en el auricular &#8211; Diadema ajustable y ligera para una mayor comodidad &#8211; Compatible con PC, PS4 &amp; PS5, Switch Auricular &#8211;&hellip;&nbsp;KROM KOPA AURICULARES GAMING 7.1 VIRTUAL BLANC","og_url":"https:\/\/aivlisoft.net\/shop\/producto\/krom-kopa-auriculares-gaming-7-1-virtual-blanc\/","og_site_name":"Aivlisoft Inform\u00e1tica","article_modified_time":"2025-01-14T20:56:12+00:00","og_image":[{"width":800,"height":800,"url":"https:\/\/aivlisoft.net\/shop\/wp-content\/uploads\/2025\/01\/MAUAMI1168_800.jpg","type":"image\/jpeg"}],"twitter_card":"summary_large_image","twitter_misc":{"Tiempo de lectura":"1 minuto"},"schema":{"@context":"https:\/\/schema.org","@graph":[{"@type":"WebPage","@id":"https:\/\/aivlisoft.net\/shop\/producto\/krom-kopa-auriculares-gaming-7-1-virtual-blanc\/","url":"https:\/\/aivlisoft.net\/shop\/producto\/krom-kopa-auriculares-gaming-7-1-virtual-blanc\/","name":"KROM KOPA AURICULARES GAMING 7.1 VIRTUAL BLANC - Aivlisoft Inform\u00e1tica","isPartOf":{"@id":"https:\/\/aivlisoft.net\/shop\/#website"},"primaryImageOfPage":{"@id":"https:\/\/aivlisoft.net\/shop\/producto\/krom-kopa-auriculares-gaming-7-1-virtual-blanc\/#primaryimage"},"image":{"@id":"https:\/\/aivlisoft.net\/shop\/producto\/krom-kopa-auriculares-gaming-7-1-virtual-blanc\/#primaryimage"},"thumbnailUrl":"https:\/\/aivlisoft.net\/shop\/wp-content\/uploads\/2025\/01\/MAUAMI1168_800.jpg","datePublished":"2025-01-13T15:00:18+00:00","dateModified":"2025-01-14T20:56:12+00:00","breadcrumb":{"@id":"https:\/\/aivlisoft.net\/shop\/producto\/krom-kopa-auriculares-gaming-7-1-virtual-blanc\/#breadcrumb"},"inLanguage":"es","potentialAction":[{"@type":"ReadAction","target":["https:\/\/aivlisoft.net\/shop\/producto\/krom-kopa-auriculares-gaming-7-1-virtual-blanc\/"]}]},{"@type":"ImageObject","inLanguage":"es","@id":"https:\/\/aivlisoft.net\/shop\/producto\/krom-kopa-auriculares-gaming-7-1-virtual-blanc\/#primaryimage","url":"https:\/\/aivlisoft.net\/shop\/wp-content\/uploads\/2025\/01\/MAUAMI1168_800.jpg","contentUrl":"https:\/\/aivlisoft.net\/shop\/wp-content\/uploads\/2025\/01\/MAUAMI1168_800.jpg","width":800,"height":800},{"@type":"BreadcrumbList","@id":"https:\/\/aivlisoft.net\/shop\/producto\/krom-kopa-auriculares-gaming-7-1-virtual-blanc\/#breadcrumb","itemListElement":[{"@type":"ListItem","position":1,"name":"Portada","item":"https:\/\/aivlisoft.net\/shop\/"},{"@type":"ListItem","position":2,"name":"Tienda","item":"https:\/\/aivlisoft.net\/shop\/tienda\/"},{"@type":"ListItem","position":3,"name":"KROM KOPA AURICULARES GAMING 7.1 VIRTUAL BLANC"}]},{"@type":"WebSite","@id":"https:\/\/aivlisoft.net\/shop\/#website","url":"https:\/\/aivlisoft.net\/shop\/","name":"Aivlisoft Inform\u00e1tica","description":"En Aivlisoft Inform\u00e1tica ofrecemos soluciones tecnol\u00f3gicas para empresas: venta de ordenadores, consumibles, perif\u00e9ricos y m\u00e1s. Calidad, atenci\u00f3n personalizada y los mejores precios para tu negocio.","publisher":{"@id":"https:\/\/aivlisoft.net\/shop\/#organization"},"potentialAction":[{"@type":"SearchAction","target":{"@type":"EntryPoint","urlTemplate":"https:\/\/aivlisoft.net\/shop\/?s={search_term_string}"},"query-input":{"@type":"PropertyValueSpecification","valueRequired":true,"valueName":"search_term_string"}}],"inLanguage":"es"},{"@type":"Organization","@id":"https:\/\/aivlisoft.net\/shop\/#organization","name":"Aivlisoft Inform\u00e1tica","url":"https:\/\/aivlisoft.net\/shop\/","logo":{"@type":"ImageObject","inLanguage":"es","@id":"https:\/\/aivlisoft.net\/shop\/#\/schema\/logo\/image\/","url":"https:\/\/aivlisoft.net\/shop\/wp-content\/uploads\/2024\/12\/removal.ai_5b848c54-0cdf-4140-95c5-c5536bb7573b-logodef.png","contentUrl":"https:\/\/aivlisoft.net\/shop\/wp-content\/uploads\/2024\/12\/removal.ai_5b848c54-0cdf-4140-95c5-c5536bb7573b-logodef.png","width":484,"height":182,"caption":"Aivlisoft Inform\u00e1tica"},"image":{"@id":"https:\/\/aivlisoft.net\/shop\/#\/schema\/logo\/image\/"}}]}},"_links":{"self":[{"href":"https:\/\/aivlisoft.net\/shop\/wp-json\/wp\/v2\/product\/16218","targetHints":{"allow":["GET"]}}],"collection":[{"href":"https:\/\/aivlisoft.net\/shop\/wp-json\/wp\/v2\/product"}],"about":[{"href":"https:\/\/aivlisoft.net\/shop\/wp-json\/wp\/v2\/types\/product"}],"wp:featuredmedia":[{"embeddable":true,"href":"https:\/\/aivlisoft.net\/shop\/wp-json\/wp\/v2\/media\/16219"}],"wp:attachment":[{"href":"https:\/\/aivlisoft.net\/shop\/wp-json\/wp\/v2\/media?parent=16218"}],"wp:term":[{"taxonomy":"product_brand","embeddable":true,"href":"https:\/\/aivlisoft.net\/shop\/wp-json\/wp\/v2\/product_brand?post=16218"},{"taxonomy":"product_cat","embeddable":true,"href":"https:\/\/aivlisoft.net\/shop\/wp-json\/wp\/v2\/product_cat?post=16218"},{"taxonomy":"product_tag","embeddable":true,"href":"https:\/\/aivlisoft.net\/shop\/wp-json\/wp\/v2\/product_tag?post=16218"}],"curies":[{"name":"wp","href":"https:\/\/api.w.org\/{rel}","templated":true}]}}