{"id":16203,"date":"2025-01-13T15:00:08","date_gmt":"2025-01-13T15:00:08","guid":{"rendered":"https:\/\/aivlisoft.com\/?post_type=product&#038;p=16203"},"modified":"2025-01-14T20:56:14","modified_gmt":"2025-01-14T20:56:14","slug":"ngs-auric-ancenc-16h-autonomia-micro-hq","status":"publish","type":"product","link":"https:\/\/aivlisoft.net\/shop\/producto\/ngs-auric-ancenc-16h-autonomia-micro-hq\/","title":{"rendered":"NGS AURIC ANC&#038;ENC 16H AUTONOMIA MICRO HQ"},"content":{"rendered":"<p><\/p>\n<table class=\"tabla_caracteristicas\" width=\"100%\">\n<tr>\n<td valign=\"top\"><strong>Marca<\/strong><\/td>\n<td>NGS<\/td>\n<\/tr>\n<tr>\n<td valign=\"top\"><strong>Modelo<\/strong><\/td>\n<td><strong>ARTICAHUSH<\/strong><\/td>\n<\/tr>\n<tr>\n<td valign=\"top\"><strong>Caracter&iacute;sticas<\/strong><\/td>\n<td>&#8211; Compatible con Bluetooth 5.3<br \/>\t\t\t&#8211; Tecnolog&iacute;a manos libres ENC<br \/>\t\t\t&#8211; Bater&iacute;a de los auriculares: 35 mAh<br \/>\t\t\t&#8211; Tiempo de carga de los auriculares: 1.5 horas<br \/>\t\t\t&#8211; Tiempo de funcionamiento de los auriculares: 4 horas<br \/>\t\t\t&#8211; Bater&iacute;a de la base de carga: 300 mAh (auriculares cargados 3 veces)<br \/>\t\t\t&#8211; Tiempo de carga de la base: 3 horas<br \/>\t\t\t&#8211; Distancia de funcionamiento: hasta 10 metros<br \/>\t\t\t&#8211; Puerto de carga USB-C<br \/>\t\t\t&#8211; Rango de funcionamiento: 2402MHz~2480MHz<br \/>\t\t\t&#8211; Potencia m&aacute;xima de salida de RF: 10dB<br \/>\t\t\t<strong>Dimensiones y peso<\/strong><br \/>\t\t\t&#8211; 220 x 200 x 160 mm<br \/>\t\t\t<strong>Contenido<\/strong><br \/>\t\t\t&#8211; ARTICA HUSH<br \/>\t\t\t&#8211; Base de carga<br \/>\t\t\t&#8211; Cable de carga tipo-C<br \/>\t\t\t&#8211; 3 tama&ntilde;os de almohadillas para los o&iacute;dos (S-M-L)<br \/>\t\t\t&#8211; Gu&iacute;a de instalaci&oacute;n<\/td>\n<\/tr>\n<tr>\n<td valign=\"top\"><strong>Fecha de revisi&oacute;n<\/strong><\/td>\n<td>07-08-2024 por RTY<\/td>\n<\/tr>\n<\/table>\n","protected":false},"excerpt":{"rendered":"<p>Marca NGS Modelo ARTICAHUSH Caracter&iacute;sticas &#8211; Compatible con Bluetooth 5.3 &#8211; Tecnolog&iacute;a manos libres ENC &#8211; Bater&iacute;a de los auriculares: 35 mAh &#8211; Tiempo de carga de los auriculares: 1.5 horas &#8211; Tiempo de funcionamiento de los auriculares: 4 horas &#8211; Bater&iacute;a de la base de carga: 300 mAh (auriculares cargados 3 veces) &#8211; Tiempo&hellip;&nbsp;<a href=\"https:\/\/aivlisoft.net\/shop\/producto\/ngs-auric-ancenc-16h-autonomia-micro-hq\/\" rel=\"bookmark\"><span class=\"screen-reader-text\">NGS AURIC ANC&#038;ENC 16H AUTONOMIA MICRO HQ<\/span><\/a><\/p>\n","protected":false},"featured_media":16204,"template":"","meta":{"neve_meta_sidebar":"","neve_meta_container":"","neve_meta_enable_content_width":"","neve_meta_content_width":0,"neve_meta_title_alignment":"","neve_meta_author_avatar":"","neve_post_elements_order":"","neve_meta_disable_header":"","neve_meta_disable_footer":"","neve_meta_disable_title":""},"product_brand":[],"product_cat":[15,790,957,5818],"product_tag":[6049],"class_list":{"0":"post-16203","1":"product","2":"type-product","3":"status-publish","4":"has-post-thumbnail","6":"product_cat-sin-categorizar","7":"product_cat-accesorios-gaming","8":"product_cat-accesorios-imagen-y-sonido","9":"product_cat-audio","10":"product_tag-articahush","12":"first","13":"instock","14":"taxable","15":"shipping-taxable","16":"purchasable","17":"product-type-simple"},"yoast_head":"<!-- This site is optimized with the Yoast SEO plugin v26.0 - https:\/\/yoast.com\/wordpress\/plugins\/seo\/ -->\n<title>NGS AURIC ANC&amp;ENC 16H AUTONOMIA MICRO HQ - Aivlisoft Inform\u00e1tica<\/title>\n<meta name=\"robots\" content=\"index, follow, max-snippet:-1, max-image-preview:large, max-video-preview:-1\" \/>\n<link rel=\"canonical\" href=\"https:\/\/aivlisoft.net\/shop\/producto\/ngs-auric-ancenc-16h-autonomia-micro-hq\/\" \/>\n<meta property=\"og:locale\" content=\"es_ES\" \/>\n<meta property=\"og:type\" content=\"article\" \/>\n<meta property=\"og:title\" content=\"NGS AURIC ANC&amp;ENC 16H AUTONOMIA MICRO HQ - Aivlisoft Inform\u00e1tica\" \/>\n<meta property=\"og:description\" content=\"Marca NGS Modelo ARTICAHUSH Caracter&iacute;sticas &#8211; Compatible con Bluetooth 5.3 &#8211; Tecnolog&iacute;a manos libres ENC &#8211; Bater&iacute;a de los auriculares: 35 mAh &#8211; Tiempo de carga de los auriculares: 1.5 horas &#8211; Tiempo de funcionamiento de los auriculares: 4 horas &#8211; Bater&iacute;a de la base de carga: 300 mAh (auriculares cargados 3 veces) &#8211; Tiempo&hellip;&nbsp;NGS AURIC ANC&#038;ENC 16H AUTONOMIA MICRO HQ\" \/>\n<meta property=\"og:url\" content=\"https:\/\/aivlisoft.net\/shop\/producto\/ngs-auric-ancenc-16h-autonomia-micro-hq\/\" \/>\n<meta property=\"og:site_name\" content=\"Aivlisoft Inform\u00e1tica\" \/>\n<meta property=\"article:modified_time\" content=\"2025-01-14T20:56:14+00:00\" \/>\n<meta property=\"og:image\" content=\"https:\/\/aivlisoft.net\/shop\/wp-content\/uploads\/2025\/01\/MAUAMI1165_800.jpg\" \/>\n\t<meta property=\"og:image:width\" content=\"800\" \/>\n\t<meta property=\"og:image:height\" content=\"800\" \/>\n\t<meta property=\"og:image:type\" content=\"image\/jpeg\" \/>\n<meta name=\"twitter:card\" content=\"summary_large_image\" \/>\n<meta name=\"twitter:label1\" content=\"Tiempo de lectura\" \/>\n\t<meta name=\"twitter:data1\" content=\"1 minuto\" \/>\n<script type=\"application\/ld+json\" class=\"yoast-schema-graph\">{\"@context\":\"https:\/\/schema.org\",\"@graph\":[{\"@type\":\"WebPage\",\"@id\":\"https:\/\/aivlisoft.net\/shop\/producto\/ngs-auric-ancenc-16h-autonomia-micro-hq\/\",\"url\":\"https:\/\/aivlisoft.net\/shop\/producto\/ngs-auric-ancenc-16h-autonomia-micro-hq\/\",\"name\":\"NGS AURIC ANC&ENC 16H AUTONOMIA MICRO HQ - Aivlisoft Inform\u00e1tica\",\"isPartOf\":{\"@id\":\"https:\/\/aivlisoft.net\/shop\/#website\"},\"primaryImageOfPage\":{\"@id\":\"https:\/\/aivlisoft.net\/shop\/producto\/ngs-auric-ancenc-16h-autonomia-micro-hq\/#primaryimage\"},\"image\":{\"@id\":\"https:\/\/aivlisoft.net\/shop\/producto\/ngs-auric-ancenc-16h-autonomia-micro-hq\/#primaryimage\"},\"thumbnailUrl\":\"https:\/\/aivlisoft.net\/shop\/wp-content\/uploads\/2025\/01\/MAUAMI1165_800.jpg\",\"datePublished\":\"2025-01-13T15:00:08+00:00\",\"dateModified\":\"2025-01-14T20:56:14+00:00\",\"breadcrumb\":{\"@id\":\"https:\/\/aivlisoft.net\/shop\/producto\/ngs-auric-ancenc-16h-autonomia-micro-hq\/#breadcrumb\"},\"inLanguage\":\"es\",\"potentialAction\":[{\"@type\":\"ReadAction\",\"target\":[\"https:\/\/aivlisoft.net\/shop\/producto\/ngs-auric-ancenc-16h-autonomia-micro-hq\/\"]}]},{\"@type\":\"ImageObject\",\"inLanguage\":\"es\",\"@id\":\"https:\/\/aivlisoft.net\/shop\/producto\/ngs-auric-ancenc-16h-autonomia-micro-hq\/#primaryimage\",\"url\":\"https:\/\/aivlisoft.net\/shop\/wp-content\/uploads\/2025\/01\/MAUAMI1165_800.jpg\",\"contentUrl\":\"https:\/\/aivlisoft.net\/shop\/wp-content\/uploads\/2025\/01\/MAUAMI1165_800.jpg\",\"width\":800,\"height\":800},{\"@type\":\"BreadcrumbList\",\"@id\":\"https:\/\/aivlisoft.net\/shop\/producto\/ngs-auric-ancenc-16h-autonomia-micro-hq\/#breadcrumb\",\"itemListElement\":[{\"@type\":\"ListItem\",\"position\":1,\"name\":\"Portada\",\"item\":\"https:\/\/aivlisoft.net\/shop\/\"},{\"@type\":\"ListItem\",\"position\":2,\"name\":\"Tienda\",\"item\":\"https:\/\/aivlisoft.net\/shop\/tienda\/\"},{\"@type\":\"ListItem\",\"position\":3,\"name\":\"NGS AURIC ANC&#038;ENC 16H AUTONOMIA MICRO HQ\"}]},{\"@type\":\"WebSite\",\"@id\":\"https:\/\/aivlisoft.net\/shop\/#website\",\"url\":\"https:\/\/aivlisoft.net\/shop\/\",\"name\":\"Aivlisoft Inform\u00e1tica\",\"description\":\"En Aivlisoft Inform\u00e1tica ofrecemos soluciones tecnol\u00f3gicas para empresas: venta de ordenadores, consumibles, perif\u00e9ricos y m\u00e1s. Calidad, atenci\u00f3n personalizada y los mejores precios para tu negocio.\",\"publisher\":{\"@id\":\"https:\/\/aivlisoft.net\/shop\/#organization\"},\"potentialAction\":[{\"@type\":\"SearchAction\",\"target\":{\"@type\":\"EntryPoint\",\"urlTemplate\":\"https:\/\/aivlisoft.net\/shop\/?s={search_term_string}\"},\"query-input\":{\"@type\":\"PropertyValueSpecification\",\"valueRequired\":true,\"valueName\":\"search_term_string\"}}],\"inLanguage\":\"es\"},{\"@type\":\"Organization\",\"@id\":\"https:\/\/aivlisoft.net\/shop\/#organization\",\"name\":\"Aivlisoft Inform\u00e1tica\",\"url\":\"https:\/\/aivlisoft.net\/shop\/\",\"logo\":{\"@type\":\"ImageObject\",\"inLanguage\":\"es\",\"@id\":\"https:\/\/aivlisoft.net\/shop\/#\/schema\/logo\/image\/\",\"url\":\"https:\/\/aivlisoft.net\/shop\/wp-content\/uploads\/2024\/12\/removal.ai_5b848c54-0cdf-4140-95c5-c5536bb7573b-logodef.png\",\"contentUrl\":\"https:\/\/aivlisoft.net\/shop\/wp-content\/uploads\/2024\/12\/removal.ai_5b848c54-0cdf-4140-95c5-c5536bb7573b-logodef.png\",\"width\":484,\"height\":182,\"caption\":\"Aivlisoft Inform\u00e1tica\"},\"image\":{\"@id\":\"https:\/\/aivlisoft.net\/shop\/#\/schema\/logo\/image\/\"}}]}<\/script>\n<!-- \/ Yoast SEO plugin. -->","yoast_head_json":{"title":"NGS AURIC ANC&ENC 16H AUTONOMIA MICRO HQ - Aivlisoft Inform\u00e1tica","robots":{"index":"index","follow":"follow","max-snippet":"max-snippet:-1","max-image-preview":"max-image-preview:large","max-video-preview":"max-video-preview:-1"},"canonical":"https:\/\/aivlisoft.net\/shop\/producto\/ngs-auric-ancenc-16h-autonomia-micro-hq\/","og_locale":"es_ES","og_type":"article","og_title":"NGS AURIC ANC&ENC 16H AUTONOMIA MICRO HQ - Aivlisoft Inform\u00e1tica","og_description":"Marca NGS Modelo ARTICAHUSH Caracter&iacute;sticas &#8211; Compatible con Bluetooth 5.3 &#8211; Tecnolog&iacute;a manos libres ENC &#8211; Bater&iacute;a de los auriculares: 35 mAh &#8211; Tiempo de carga de los auriculares: 1.5 horas &#8211; Tiempo de funcionamiento de los auriculares: 4 horas &#8211; Bater&iacute;a de la base de carga: 300 mAh (auriculares cargados 3 veces) &#8211; Tiempo&hellip;&nbsp;NGS AURIC ANC&#038;ENC 16H AUTONOMIA MICRO HQ","og_url":"https:\/\/aivlisoft.net\/shop\/producto\/ngs-auric-ancenc-16h-autonomia-micro-hq\/","og_site_name":"Aivlisoft Inform\u00e1tica","article_modified_time":"2025-01-14T20:56:14+00:00","og_image":[{"width":800,"height":800,"url":"https:\/\/aivlisoft.net\/shop\/wp-content\/uploads\/2025\/01\/MAUAMI1165_800.jpg","type":"image\/jpeg"}],"twitter_card":"summary_large_image","twitter_misc":{"Tiempo de lectura":"1 minuto"},"schema":{"@context":"https:\/\/schema.org","@graph":[{"@type":"WebPage","@id":"https:\/\/aivlisoft.net\/shop\/producto\/ngs-auric-ancenc-16h-autonomia-micro-hq\/","url":"https:\/\/aivlisoft.net\/shop\/producto\/ngs-auric-ancenc-16h-autonomia-micro-hq\/","name":"NGS AURIC ANC&ENC 16H AUTONOMIA MICRO HQ - Aivlisoft Inform\u00e1tica","isPartOf":{"@id":"https:\/\/aivlisoft.net\/shop\/#website"},"primaryImageOfPage":{"@id":"https:\/\/aivlisoft.net\/shop\/producto\/ngs-auric-ancenc-16h-autonomia-micro-hq\/#primaryimage"},"image":{"@id":"https:\/\/aivlisoft.net\/shop\/producto\/ngs-auric-ancenc-16h-autonomia-micro-hq\/#primaryimage"},"thumbnailUrl":"https:\/\/aivlisoft.net\/shop\/wp-content\/uploads\/2025\/01\/MAUAMI1165_800.jpg","datePublished":"2025-01-13T15:00:08+00:00","dateModified":"2025-01-14T20:56:14+00:00","breadcrumb":{"@id":"https:\/\/aivlisoft.net\/shop\/producto\/ngs-auric-ancenc-16h-autonomia-micro-hq\/#breadcrumb"},"inLanguage":"es","potentialAction":[{"@type":"ReadAction","target":["https:\/\/aivlisoft.net\/shop\/producto\/ngs-auric-ancenc-16h-autonomia-micro-hq\/"]}]},{"@type":"ImageObject","inLanguage":"es","@id":"https:\/\/aivlisoft.net\/shop\/producto\/ngs-auric-ancenc-16h-autonomia-micro-hq\/#primaryimage","url":"https:\/\/aivlisoft.net\/shop\/wp-content\/uploads\/2025\/01\/MAUAMI1165_800.jpg","contentUrl":"https:\/\/aivlisoft.net\/shop\/wp-content\/uploads\/2025\/01\/MAUAMI1165_800.jpg","width":800,"height":800},{"@type":"BreadcrumbList","@id":"https:\/\/aivlisoft.net\/shop\/producto\/ngs-auric-ancenc-16h-autonomia-micro-hq\/#breadcrumb","itemListElement":[{"@type":"ListItem","position":1,"name":"Portada","item":"https:\/\/aivlisoft.net\/shop\/"},{"@type":"ListItem","position":2,"name":"Tienda","item":"https:\/\/aivlisoft.net\/shop\/tienda\/"},{"@type":"ListItem","position":3,"name":"NGS AURIC ANC&#038;ENC 16H AUTONOMIA MICRO HQ"}]},{"@type":"WebSite","@id":"https:\/\/aivlisoft.net\/shop\/#website","url":"https:\/\/aivlisoft.net\/shop\/","name":"Aivlisoft Inform\u00e1tica","description":"En Aivlisoft Inform\u00e1tica ofrecemos soluciones tecnol\u00f3gicas para empresas: venta de ordenadores, consumibles, perif\u00e9ricos y m\u00e1s. Calidad, atenci\u00f3n personalizada y los mejores precios para tu negocio.","publisher":{"@id":"https:\/\/aivlisoft.net\/shop\/#organization"},"potentialAction":[{"@type":"SearchAction","target":{"@type":"EntryPoint","urlTemplate":"https:\/\/aivlisoft.net\/shop\/?s={search_term_string}"},"query-input":{"@type":"PropertyValueSpecification","valueRequired":true,"valueName":"search_term_string"}}],"inLanguage":"es"},{"@type":"Organization","@id":"https:\/\/aivlisoft.net\/shop\/#organization","name":"Aivlisoft Inform\u00e1tica","url":"https:\/\/aivlisoft.net\/shop\/","logo":{"@type":"ImageObject","inLanguage":"es","@id":"https:\/\/aivlisoft.net\/shop\/#\/schema\/logo\/image\/","url":"https:\/\/aivlisoft.net\/shop\/wp-content\/uploads\/2024\/12\/removal.ai_5b848c54-0cdf-4140-95c5-c5536bb7573b-logodef.png","contentUrl":"https:\/\/aivlisoft.net\/shop\/wp-content\/uploads\/2024\/12\/removal.ai_5b848c54-0cdf-4140-95c5-c5536bb7573b-logodef.png","width":484,"height":182,"caption":"Aivlisoft Inform\u00e1tica"},"image":{"@id":"https:\/\/aivlisoft.net\/shop\/#\/schema\/logo\/image\/"}}]}},"_links":{"self":[{"href":"https:\/\/aivlisoft.net\/shop\/wp-json\/wp\/v2\/product\/16203","targetHints":{"allow":["GET"]}}],"collection":[{"href":"https:\/\/aivlisoft.net\/shop\/wp-json\/wp\/v2\/product"}],"about":[{"href":"https:\/\/aivlisoft.net\/shop\/wp-json\/wp\/v2\/types\/product"}],"wp:featuredmedia":[{"embeddable":true,"href":"https:\/\/aivlisoft.net\/shop\/wp-json\/wp\/v2\/media\/16204"}],"wp:attachment":[{"href":"https:\/\/aivlisoft.net\/shop\/wp-json\/wp\/v2\/media?parent=16203"}],"wp:term":[{"taxonomy":"product_brand","embeddable":true,"href":"https:\/\/aivlisoft.net\/shop\/wp-json\/wp\/v2\/product_brand?post=16203"},{"taxonomy":"product_cat","embeddable":true,"href":"https:\/\/aivlisoft.net\/shop\/wp-json\/wp\/v2\/product_cat?post=16203"},{"taxonomy":"product_tag","embeddable":true,"href":"https:\/\/aivlisoft.net\/shop\/wp-json\/wp\/v2\/product_tag?post=16203"}],"curies":[{"name":"wp","href":"https:\/\/api.w.org\/{rel}","templated":true}]}}