{"id":16150,"date":"2025-01-13T14:59:41","date_gmt":"2025-01-13T14:59:41","guid":{"rendered":"https:\/\/aivlisoft.com\/?post_type=product&#038;p=16150"},"modified":"2025-01-14T20:56:22","modified_gmt":"2025-01-14T20:56:22","slug":"mars-gaming-auricularmic-mh320-argb-multiplatform","status":"publish","type":"product","link":"https:\/\/aivlisoft.net\/shop\/producto\/mars-gaming-auricularmic-mh320-argb-multiplatform\/","title":{"rendered":"Mars Gaming Auricular+Mic MH320 ARGB MULTIPLATFORM"},"content":{"rendered":"<p><\/p>\n<table class=\"tabla_caracteristicas\" width=\"100%\">\n<tr>\n<td valign=\"top\"><strong>Marca<\/strong><\/td>\n<td>Mars Gaming<\/td>\n<\/tr>\n<tr>\n<td valign=\"top\"><strong>Modelo<\/strong><\/td>\n<td><strong>MH320<\/strong><\/td>\n<\/tr>\n<tr>\n<td valign=\"top\"><strong>Caracter&iacute;sticas<\/strong><\/td>\n<td>&#8211; Iluminaci&oacute;n: RGB Flow<br \/>\t\t\t&#8211; Materiales: ABS + Almohadillas de cuero sint&eacute;tico<br \/>\t\t\t&#8211; Tipo de cable: Cable trenzado<br \/>\t\t\t&#8211; Sonido: Est&eacute;reo<br \/>\t\t\t&#8211; Compatibilidad<br \/>\t\t\t&nbsp; Windows<br \/>\t\t\t&nbsp; PS4<br \/>\t\t\t&nbsp; PS5<br \/>\t\t\t&nbsp; XBOX ONE<br \/>\t\t\t&nbsp; XBOX SERIES X-S<br \/>\t\t\t&nbsp; Mac<br \/>\t\t\t&nbsp; Nintendo Switch<br \/>\t\t\t&nbsp; Smartphone, Tablet<br \/>\t\t\t&#8211; Longitud del cable: 200 cm<br \/>\t\t\t&#8211; Conector: Jack 3.5mm (Audio) + USB (Alimentaci&oacute;n LED)<br \/>\t\t\t&#8211; Control de volumen<br \/>\t\t\t&#8211; Caja de control en cable<br \/>\t\t\t&#8211; Adaptador: Adaptador 1-2<br \/>\t\t\t&#8211; Bot&oacute;n mute<br \/>\t\t\t&#8211; Dimensiones (driver): Din&aacute;mico 50mm neodimio<br \/>\t\t\t&#8211; Rango de frecuencia (driver): 18Hz-20KHz<br \/>\t\t\t&#8211; Sensibilidad (driver): 119dB &plusmn; 3dB<br \/>\t\t\t&#8211; Impedancia (driver): 32&Omega;<br \/>\t\t\t&#8211; Direccionalidad (micr&oacute;fono): Omnidireccional<br \/>\t\t\t&#8211; Impedancia (micr&oacute;fono): &lt;2.2k&Omega;<br \/>\t\t\t&#8211; Sensibilidad (micr&oacute;fono): -38dB&plusmn;3dB<br \/>\t\t\t&#8211; Rango de frecuencia (micr&oacute;fono): 50Hz &#8211; 10KHz<br \/>\t\t\t&#8211; Dimensiones (micr&oacute;fono): 6 x 5mm<br \/>\t\t\t&#8211; Retr&aacute;ctil (micr&oacute;fono): Flexible y plegable<br \/>\t\t\t<strong>Dimensiones y peso<\/strong><br \/>\t\t\t&#8211; 200 x 210 x 84 mm<br \/>\t\t\t&#8211; 242g<\/td>\n<\/tr>\n<tr>\n<td valign=\"top\"><strong>Fecha de revisi&oacute;n<\/strong><\/td>\n<td>24-07-2024 por RTY<\/td>\n<\/tr>\n<\/table>\n","protected":false},"excerpt":{"rendered":"<p>Marca Mars Gaming Modelo MH320 Caracter&iacute;sticas &#8211; Iluminaci&oacute;n: RGB Flow &#8211; Materiales: ABS + Almohadillas de cuero sint&eacute;tico &#8211; Tipo de cable: Cable trenzado &#8211; Sonido: Est&eacute;reo &#8211; Compatibilidad &nbsp; Windows &nbsp; PS4 &nbsp; PS5 &nbsp; XBOX ONE &nbsp; XBOX SERIES X-S &nbsp; Mac &nbsp; Nintendo Switch &nbsp; Smartphone, Tablet &#8211; Longitud del cable: 200&hellip;&nbsp;<a href=\"https:\/\/aivlisoft.net\/shop\/producto\/mars-gaming-auricularmic-mh320-argb-multiplatform\/\" rel=\"bookmark\"><span class=\"screen-reader-text\">Mars Gaming Auricular+Mic MH320 ARGB MULTIPLATFORM<\/span><\/a><\/p>\n","protected":false},"featured_media":16151,"template":"","meta":{"neve_meta_sidebar":"","neve_meta_container":"","neve_meta_enable_content_width":"","neve_meta_content_width":0,"neve_meta_title_alignment":"","neve_meta_author_avatar":"","neve_post_elements_order":"","neve_meta_disable_header":"","neve_meta_disable_footer":"","neve_meta_disable_title":""},"product_brand":[],"product_cat":[15,790,957,5818],"product_tag":[6037],"class_list":{"0":"post-16150","1":"product","2":"type-product","3":"status-publish","4":"has-post-thumbnail","6":"product_cat-sin-categorizar","7":"product_cat-accesorios-gaming","8":"product_cat-accesorios-imagen-y-sonido","9":"product_cat-audio","10":"product_tag-mh320","12":"first","13":"instock","14":"taxable","15":"shipping-taxable","16":"purchasable","17":"product-type-simple"},"yoast_head":"<!-- This site is optimized with the Yoast SEO plugin v26.0 - https:\/\/yoast.com\/wordpress\/plugins\/seo\/ -->\n<title>Mars Gaming Auricular+Mic MH320 ARGB MULTIPLATFORM - Aivlisoft Inform\u00e1tica<\/title>\n<meta name=\"robots\" content=\"index, follow, max-snippet:-1, max-image-preview:large, max-video-preview:-1\" \/>\n<link rel=\"canonical\" href=\"https:\/\/aivlisoft.net\/shop\/producto\/mars-gaming-auricularmic-mh320-argb-multiplatform\/\" \/>\n<meta property=\"og:locale\" content=\"es_ES\" \/>\n<meta property=\"og:type\" content=\"article\" \/>\n<meta property=\"og:title\" content=\"Mars Gaming Auricular+Mic MH320 ARGB MULTIPLATFORM - Aivlisoft Inform\u00e1tica\" \/>\n<meta property=\"og:description\" content=\"Marca Mars Gaming Modelo MH320 Caracter&iacute;sticas &#8211; Iluminaci&oacute;n: RGB Flow &#8211; Materiales: ABS + Almohadillas de cuero sint&eacute;tico &#8211; Tipo de cable: Cable trenzado &#8211; Sonido: Est&eacute;reo &#8211; Compatibilidad &nbsp; Windows &nbsp; PS4 &nbsp; PS5 &nbsp; XBOX ONE &nbsp; XBOX SERIES X-S &nbsp; Mac &nbsp; Nintendo Switch &nbsp; Smartphone, Tablet &#8211; Longitud del cable: 200&hellip;&nbsp;Mars Gaming Auricular+Mic MH320 ARGB MULTIPLATFORM\" \/>\n<meta property=\"og:url\" content=\"https:\/\/aivlisoft.net\/shop\/producto\/mars-gaming-auricularmic-mh320-argb-multiplatform\/\" \/>\n<meta property=\"og:site_name\" content=\"Aivlisoft Inform\u00e1tica\" \/>\n<meta property=\"article:modified_time\" content=\"2025-01-14T20:56:22+00:00\" \/>\n<meta property=\"og:image\" content=\"https:\/\/aivlisoft.net\/shop\/wp-content\/uploads\/2025\/01\/MAUAMI1153_800.jpg\" \/>\n\t<meta property=\"og:image:width\" content=\"800\" \/>\n\t<meta property=\"og:image:height\" content=\"800\" \/>\n\t<meta property=\"og:image:type\" content=\"image\/jpeg\" \/>\n<meta name=\"twitter:card\" content=\"summary_large_image\" \/>\n<meta name=\"twitter:label1\" content=\"Tiempo de lectura\" \/>\n\t<meta name=\"twitter:data1\" content=\"1 minuto\" \/>\n<script type=\"application\/ld+json\" class=\"yoast-schema-graph\">{\"@context\":\"https:\/\/schema.org\",\"@graph\":[{\"@type\":\"WebPage\",\"@id\":\"https:\/\/aivlisoft.net\/shop\/producto\/mars-gaming-auricularmic-mh320-argb-multiplatform\/\",\"url\":\"https:\/\/aivlisoft.net\/shop\/producto\/mars-gaming-auricularmic-mh320-argb-multiplatform\/\",\"name\":\"Mars Gaming Auricular+Mic MH320 ARGB MULTIPLATFORM - Aivlisoft Inform\u00e1tica\",\"isPartOf\":{\"@id\":\"https:\/\/aivlisoft.net\/shop\/#website\"},\"primaryImageOfPage\":{\"@id\":\"https:\/\/aivlisoft.net\/shop\/producto\/mars-gaming-auricularmic-mh320-argb-multiplatform\/#primaryimage\"},\"image\":{\"@id\":\"https:\/\/aivlisoft.net\/shop\/producto\/mars-gaming-auricularmic-mh320-argb-multiplatform\/#primaryimage\"},\"thumbnailUrl\":\"https:\/\/aivlisoft.net\/shop\/wp-content\/uploads\/2025\/01\/MAUAMI1153_800.jpg\",\"datePublished\":\"2025-01-13T14:59:41+00:00\",\"dateModified\":\"2025-01-14T20:56:22+00:00\",\"breadcrumb\":{\"@id\":\"https:\/\/aivlisoft.net\/shop\/producto\/mars-gaming-auricularmic-mh320-argb-multiplatform\/#breadcrumb\"},\"inLanguage\":\"es\",\"potentialAction\":[{\"@type\":\"ReadAction\",\"target\":[\"https:\/\/aivlisoft.net\/shop\/producto\/mars-gaming-auricularmic-mh320-argb-multiplatform\/\"]}]},{\"@type\":\"ImageObject\",\"inLanguage\":\"es\",\"@id\":\"https:\/\/aivlisoft.net\/shop\/producto\/mars-gaming-auricularmic-mh320-argb-multiplatform\/#primaryimage\",\"url\":\"https:\/\/aivlisoft.net\/shop\/wp-content\/uploads\/2025\/01\/MAUAMI1153_800.jpg\",\"contentUrl\":\"https:\/\/aivlisoft.net\/shop\/wp-content\/uploads\/2025\/01\/MAUAMI1153_800.jpg\",\"width\":800,\"height\":800},{\"@type\":\"BreadcrumbList\",\"@id\":\"https:\/\/aivlisoft.net\/shop\/producto\/mars-gaming-auricularmic-mh320-argb-multiplatform\/#breadcrumb\",\"itemListElement\":[{\"@type\":\"ListItem\",\"position\":1,\"name\":\"Portada\",\"item\":\"https:\/\/aivlisoft.net\/shop\/\"},{\"@type\":\"ListItem\",\"position\":2,\"name\":\"Tienda\",\"item\":\"https:\/\/aivlisoft.net\/shop\/tienda\/\"},{\"@type\":\"ListItem\",\"position\":3,\"name\":\"Mars Gaming Auricular+Mic MH320 ARGB MULTIPLATFORM\"}]},{\"@type\":\"WebSite\",\"@id\":\"https:\/\/aivlisoft.net\/shop\/#website\",\"url\":\"https:\/\/aivlisoft.net\/shop\/\",\"name\":\"Aivlisoft Inform\u00e1tica\",\"description\":\"En Aivlisoft Inform\u00e1tica ofrecemos soluciones tecnol\u00f3gicas para empresas: venta de ordenadores, consumibles, perif\u00e9ricos y m\u00e1s. Calidad, atenci\u00f3n personalizada y los mejores precios para tu negocio.\",\"publisher\":{\"@id\":\"https:\/\/aivlisoft.net\/shop\/#organization\"},\"potentialAction\":[{\"@type\":\"SearchAction\",\"target\":{\"@type\":\"EntryPoint\",\"urlTemplate\":\"https:\/\/aivlisoft.net\/shop\/?s={search_term_string}\"},\"query-input\":{\"@type\":\"PropertyValueSpecification\",\"valueRequired\":true,\"valueName\":\"search_term_string\"}}],\"inLanguage\":\"es\"},{\"@type\":\"Organization\",\"@id\":\"https:\/\/aivlisoft.net\/shop\/#organization\",\"name\":\"Aivlisoft Inform\u00e1tica\",\"url\":\"https:\/\/aivlisoft.net\/shop\/\",\"logo\":{\"@type\":\"ImageObject\",\"inLanguage\":\"es\",\"@id\":\"https:\/\/aivlisoft.net\/shop\/#\/schema\/logo\/image\/\",\"url\":\"https:\/\/aivlisoft.net\/shop\/wp-content\/uploads\/2024\/12\/removal.ai_5b848c54-0cdf-4140-95c5-c5536bb7573b-logodef.png\",\"contentUrl\":\"https:\/\/aivlisoft.net\/shop\/wp-content\/uploads\/2024\/12\/removal.ai_5b848c54-0cdf-4140-95c5-c5536bb7573b-logodef.png\",\"width\":484,\"height\":182,\"caption\":\"Aivlisoft Inform\u00e1tica\"},\"image\":{\"@id\":\"https:\/\/aivlisoft.net\/shop\/#\/schema\/logo\/image\/\"}}]}<\/script>\n<!-- \/ Yoast SEO plugin. -->","yoast_head_json":{"title":"Mars Gaming Auricular+Mic MH320 ARGB MULTIPLATFORM - Aivlisoft Inform\u00e1tica","robots":{"index":"index","follow":"follow","max-snippet":"max-snippet:-1","max-image-preview":"max-image-preview:large","max-video-preview":"max-video-preview:-1"},"canonical":"https:\/\/aivlisoft.net\/shop\/producto\/mars-gaming-auricularmic-mh320-argb-multiplatform\/","og_locale":"es_ES","og_type":"article","og_title":"Mars Gaming Auricular+Mic MH320 ARGB MULTIPLATFORM - Aivlisoft Inform\u00e1tica","og_description":"Marca Mars Gaming Modelo MH320 Caracter&iacute;sticas &#8211; Iluminaci&oacute;n: RGB Flow &#8211; Materiales: ABS + Almohadillas de cuero sint&eacute;tico &#8211; Tipo de cable: Cable trenzado &#8211; Sonido: Est&eacute;reo &#8211; Compatibilidad &nbsp; Windows &nbsp; PS4 &nbsp; PS5 &nbsp; XBOX ONE &nbsp; XBOX SERIES X-S &nbsp; Mac &nbsp; Nintendo Switch &nbsp; Smartphone, Tablet &#8211; Longitud del cable: 200&hellip;&nbsp;Mars Gaming Auricular+Mic MH320 ARGB MULTIPLATFORM","og_url":"https:\/\/aivlisoft.net\/shop\/producto\/mars-gaming-auricularmic-mh320-argb-multiplatform\/","og_site_name":"Aivlisoft Inform\u00e1tica","article_modified_time":"2025-01-14T20:56:22+00:00","og_image":[{"width":800,"height":800,"url":"https:\/\/aivlisoft.net\/shop\/wp-content\/uploads\/2025\/01\/MAUAMI1153_800.jpg","type":"image\/jpeg"}],"twitter_card":"summary_large_image","twitter_misc":{"Tiempo de lectura":"1 minuto"},"schema":{"@context":"https:\/\/schema.org","@graph":[{"@type":"WebPage","@id":"https:\/\/aivlisoft.net\/shop\/producto\/mars-gaming-auricularmic-mh320-argb-multiplatform\/","url":"https:\/\/aivlisoft.net\/shop\/producto\/mars-gaming-auricularmic-mh320-argb-multiplatform\/","name":"Mars Gaming Auricular+Mic MH320 ARGB MULTIPLATFORM - Aivlisoft Inform\u00e1tica","isPartOf":{"@id":"https:\/\/aivlisoft.net\/shop\/#website"},"primaryImageOfPage":{"@id":"https:\/\/aivlisoft.net\/shop\/producto\/mars-gaming-auricularmic-mh320-argb-multiplatform\/#primaryimage"},"image":{"@id":"https:\/\/aivlisoft.net\/shop\/producto\/mars-gaming-auricularmic-mh320-argb-multiplatform\/#primaryimage"},"thumbnailUrl":"https:\/\/aivlisoft.net\/shop\/wp-content\/uploads\/2025\/01\/MAUAMI1153_800.jpg","datePublished":"2025-01-13T14:59:41+00:00","dateModified":"2025-01-14T20:56:22+00:00","breadcrumb":{"@id":"https:\/\/aivlisoft.net\/shop\/producto\/mars-gaming-auricularmic-mh320-argb-multiplatform\/#breadcrumb"},"inLanguage":"es","potentialAction":[{"@type":"ReadAction","target":["https:\/\/aivlisoft.net\/shop\/producto\/mars-gaming-auricularmic-mh320-argb-multiplatform\/"]}]},{"@type":"ImageObject","inLanguage":"es","@id":"https:\/\/aivlisoft.net\/shop\/producto\/mars-gaming-auricularmic-mh320-argb-multiplatform\/#primaryimage","url":"https:\/\/aivlisoft.net\/shop\/wp-content\/uploads\/2025\/01\/MAUAMI1153_800.jpg","contentUrl":"https:\/\/aivlisoft.net\/shop\/wp-content\/uploads\/2025\/01\/MAUAMI1153_800.jpg","width":800,"height":800},{"@type":"BreadcrumbList","@id":"https:\/\/aivlisoft.net\/shop\/producto\/mars-gaming-auricularmic-mh320-argb-multiplatform\/#breadcrumb","itemListElement":[{"@type":"ListItem","position":1,"name":"Portada","item":"https:\/\/aivlisoft.net\/shop\/"},{"@type":"ListItem","position":2,"name":"Tienda","item":"https:\/\/aivlisoft.net\/shop\/tienda\/"},{"@type":"ListItem","position":3,"name":"Mars Gaming Auricular+Mic MH320 ARGB MULTIPLATFORM"}]},{"@type":"WebSite","@id":"https:\/\/aivlisoft.net\/shop\/#website","url":"https:\/\/aivlisoft.net\/shop\/","name":"Aivlisoft Inform\u00e1tica","description":"En Aivlisoft Inform\u00e1tica ofrecemos soluciones tecnol\u00f3gicas para empresas: venta de ordenadores, consumibles, perif\u00e9ricos y m\u00e1s. Calidad, atenci\u00f3n personalizada y los mejores precios para tu negocio.","publisher":{"@id":"https:\/\/aivlisoft.net\/shop\/#organization"},"potentialAction":[{"@type":"SearchAction","target":{"@type":"EntryPoint","urlTemplate":"https:\/\/aivlisoft.net\/shop\/?s={search_term_string}"},"query-input":{"@type":"PropertyValueSpecification","valueRequired":true,"valueName":"search_term_string"}}],"inLanguage":"es"},{"@type":"Organization","@id":"https:\/\/aivlisoft.net\/shop\/#organization","name":"Aivlisoft Inform\u00e1tica","url":"https:\/\/aivlisoft.net\/shop\/","logo":{"@type":"ImageObject","inLanguage":"es","@id":"https:\/\/aivlisoft.net\/shop\/#\/schema\/logo\/image\/","url":"https:\/\/aivlisoft.net\/shop\/wp-content\/uploads\/2024\/12\/removal.ai_5b848c54-0cdf-4140-95c5-c5536bb7573b-logodef.png","contentUrl":"https:\/\/aivlisoft.net\/shop\/wp-content\/uploads\/2024\/12\/removal.ai_5b848c54-0cdf-4140-95c5-c5536bb7573b-logodef.png","width":484,"height":182,"caption":"Aivlisoft Inform\u00e1tica"},"image":{"@id":"https:\/\/aivlisoft.net\/shop\/#\/schema\/logo\/image\/"}}]}},"_links":{"self":[{"href":"https:\/\/aivlisoft.net\/shop\/wp-json\/wp\/v2\/product\/16150","targetHints":{"allow":["GET"]}}],"collection":[{"href":"https:\/\/aivlisoft.net\/shop\/wp-json\/wp\/v2\/product"}],"about":[{"href":"https:\/\/aivlisoft.net\/shop\/wp-json\/wp\/v2\/types\/product"}],"wp:featuredmedia":[{"embeddable":true,"href":"https:\/\/aivlisoft.net\/shop\/wp-json\/wp\/v2\/media\/16151"}],"wp:attachment":[{"href":"https:\/\/aivlisoft.net\/shop\/wp-json\/wp\/v2\/media?parent=16150"}],"wp:term":[{"taxonomy":"product_brand","embeddable":true,"href":"https:\/\/aivlisoft.net\/shop\/wp-json\/wp\/v2\/product_brand?post=16150"},{"taxonomy":"product_cat","embeddable":true,"href":"https:\/\/aivlisoft.net\/shop\/wp-json\/wp\/v2\/product_cat?post=16150"},{"taxonomy":"product_tag","embeddable":true,"href":"https:\/\/aivlisoft.net\/shop\/wp-json\/wp\/v2\/product_tag?post=16150"}],"curies":[{"name":"wp","href":"https:\/\/api.w.org\/{rel}","templated":true}]}}