{"id":16106,"date":"2025-01-13T14:59:18","date_gmt":"2025-01-13T14:59:18","guid":{"rendered":"https:\/\/aivlisoft.com\/?post_type=product&#038;p=16106"},"modified":"2025-01-14T20:58:11","modified_gmt":"2025-01-14T20:58:11","slug":"nilox-nxaub001-auricular-mono-bluetooth","status":"publish","type":"product","link":"https:\/\/aivlisoft.net\/shop\/producto\/nilox-nxaub001-auricular-mono-bluetooth\/","title":{"rendered":"Nilox NXAUB001 Auricular mono bluetooth"},"content":{"rendered":"<p>El auricular mono profesional NXAUB001, es un auricular dise&ntilde;ado para el uso profesional, su conexi&oacute;n es Bluetooth 5.0 y cuenta con una bater&iacute;a interna de alta capacidad permitiendo hasta 30h de uso. Incluye una estaci&oacute;n de carga con conector USB Tipo-C para una f&aacute;cil carga, su altavoz interno es de alta calidad, y el auricular es c&oacute;modo y ligero, con una almohadilla suave que te permitir&aacute;n muchas horas de uso sin notar molestias, incorpora micr&oacute;fono flexible y rotable con bot&oacute;n de silenciar micr&oacute;fono y botones de control de volumen<\/p>\n<p>&nbsp;<\/p>\n<table class=\"tabla_caracteristicas\" width=\"100%\">\n<tr>\n<td valign=\"top\"><strong>Marca<\/strong><\/td>\n<td>Nilox<\/td>\n<\/tr>\n<tr>\n<td valign=\"top\"><strong>Modelo<\/strong><\/td>\n<td><strong>NXAUB001<\/strong><\/td>\n<\/tr>\n<tr>\n<td valign=\"top\"><strong>Caracter&iacute;sticas<\/strong><\/td>\n<td>&#8211; Soporta A2DP, AVRCP, HFP, HSP Y SBC<br \/>\t\t\t&#8211; Distancia de funcionamiento de 10 metros<br \/>\t\t\t&#8211; Impedancia altavoz: 32 Ohm<br \/>\t\t\t&#8211; Sensibilidad altavoz: 110 dB +\/- 3 dB<br \/>\t\t\t&#8211; Micr&oacute;fono omnidireccional<br \/>\t\t\t&#8211; &Aacute;ngulo de rotaci&oacute;n del micr&oacute;fono: 270&ordm;<br \/>\t\t\t&#8211; Bater&iacute;a interna: 3.7V\/400 mAh<br \/>\t\t\t&#8211; Tiempo de funcionamiento: 30 h<br \/>\t\t\t&#8211; Tiempo de carga: 1.5 h +\/- 0.5<br \/>\t\t\t&#8211; Incluye estaci&oacute;n de carga con puerto USB Tipo &#8211; C<br \/>\t\t\t&#8211; Incluye bot&oacute;n para silenciar micr&oacute;fono<br \/>\t\t\t&#8211; Incluye botones de control de volumen y multifuncional<br \/>\t\t\t<strong>Dimensiones y peso<\/strong><br \/>\t\t\t&#8211; 168.45 mm x 146.1 mm x 52 mm<br \/>\t\t\t&#8211; Estaci&oacute;n de carga: 79 x 73 x 30 mm<br \/>\t\t\t&#8211; 65.2 gr<br \/>\t\t\t&#8211; Estaci&oacute;n de carga: 153 g<br \/>\t\t\t<strong>Contenido<\/strong><br \/>\t\t\t&#8211; Auricular NXAUB001<br \/>\t\t\t&#8211; Estaci&oacute;n de carga<br \/>\t\t\t&#8211; Cable USB Tipo-C<br \/>\t\t\t&#8211; Gu&iacute;a de usuario<\/td>\n<\/tr>\n<tr>\n<td valign=\"top\"><strong>Fecha de revisi&oacute;n<\/strong><\/td>\n<td>05-04-2024 por RTY<\/td>\n<\/tr>\n<\/table>\n","protected":false},"excerpt":{"rendered":"<p>El auricular mono profesional NXAUB001, es un auricular dise&ntilde;ado para el uso profesional, su conexi&oacute;n es Bluetooth 5.0 y cuenta con una bater&iacute;a interna de alta capacidad permitiendo hasta 30h de uso. Incluye una estaci&oacute;n de carga con conector USB Tipo-C para una f&aacute;cil carga, su altavoz interno es de alta calidad, y el auricular&hellip;&nbsp;<a href=\"https:\/\/aivlisoft.net\/shop\/producto\/nilox-nxaub001-auricular-mono-bluetooth\/\" rel=\"bookmark\"><span class=\"screen-reader-text\">Nilox NXAUB001 Auricular mono bluetooth<\/span><\/a><\/p>\n","protected":false},"featured_media":16107,"template":"","meta":{"neve_meta_sidebar":"","neve_meta_container":"","neve_meta_enable_content_width":"","neve_meta_content_width":0,"neve_meta_title_alignment":"","neve_meta_author_avatar":"","neve_post_elements_order":"","neve_meta_disable_header":"","neve_meta_disable_footer":"","neve_meta_disable_title":""},"product_brand":[],"product_cat":[15,790,957,5818],"product_tag":[6024],"class_list":{"0":"post-16106","1":"product","2":"type-product","3":"status-publish","4":"has-post-thumbnail","6":"product_cat-sin-categorizar","7":"product_cat-accesorios-gaming","8":"product_cat-accesorios-imagen-y-sonido","9":"product_cat-audio","10":"product_tag-nxaub001","12":"first","13":"instock","14":"taxable","15":"shipping-taxable","16":"purchasable","17":"product-type-simple"},"yoast_head":"<!-- This site is optimized with the Yoast SEO plugin v26.0 - https:\/\/yoast.com\/wordpress\/plugins\/seo\/ -->\n<title>Nilox NXAUB001 Auricular mono bluetooth - Aivlisoft Inform\u00e1tica<\/title>\n<meta name=\"robots\" content=\"index, follow, max-snippet:-1, max-image-preview:large, max-video-preview:-1\" \/>\n<link rel=\"canonical\" href=\"https:\/\/aivlisoft.net\/shop\/producto\/nilox-nxaub001-auricular-mono-bluetooth\/\" \/>\n<meta property=\"og:locale\" content=\"es_ES\" \/>\n<meta property=\"og:type\" content=\"article\" \/>\n<meta property=\"og:title\" content=\"Nilox NXAUB001 Auricular mono bluetooth - Aivlisoft Inform\u00e1tica\" \/>\n<meta property=\"og:description\" content=\"El auricular mono profesional NXAUB001, es un auricular dise&ntilde;ado para el uso profesional, su conexi&oacute;n es Bluetooth 5.0 y cuenta con una bater&iacute;a interna de alta capacidad permitiendo hasta 30h de uso. Incluye una estaci&oacute;n de carga con conector USB Tipo-C para una f&aacute;cil carga, su altavoz interno es de alta calidad, y el auricular&hellip;&nbsp;Nilox NXAUB001 Auricular mono bluetooth\" \/>\n<meta property=\"og:url\" content=\"https:\/\/aivlisoft.net\/shop\/producto\/nilox-nxaub001-auricular-mono-bluetooth\/\" \/>\n<meta property=\"og:site_name\" content=\"Aivlisoft Inform\u00e1tica\" \/>\n<meta property=\"article:modified_time\" content=\"2025-01-14T20:58:11+00:00\" \/>\n<meta property=\"og:image\" content=\"https:\/\/aivlisoft.net\/shop\/wp-content\/uploads\/2025\/01\/MAUAMI1138_800.jpg\" \/>\n\t<meta property=\"og:image:width\" content=\"800\" \/>\n\t<meta property=\"og:image:height\" content=\"800\" \/>\n\t<meta property=\"og:image:type\" content=\"image\/jpeg\" \/>\n<meta name=\"twitter:card\" content=\"summary_large_image\" \/>\n<meta name=\"twitter:label1\" content=\"Tiempo de lectura\" \/>\n\t<meta name=\"twitter:data1\" content=\"1 minuto\" \/>\n<script type=\"application\/ld+json\" class=\"yoast-schema-graph\">{\"@context\":\"https:\/\/schema.org\",\"@graph\":[{\"@type\":\"WebPage\",\"@id\":\"https:\/\/aivlisoft.net\/shop\/producto\/nilox-nxaub001-auricular-mono-bluetooth\/\",\"url\":\"https:\/\/aivlisoft.net\/shop\/producto\/nilox-nxaub001-auricular-mono-bluetooth\/\",\"name\":\"Nilox NXAUB001 Auricular mono bluetooth - Aivlisoft Inform\u00e1tica\",\"isPartOf\":{\"@id\":\"https:\/\/aivlisoft.net\/shop\/#website\"},\"primaryImageOfPage\":{\"@id\":\"https:\/\/aivlisoft.net\/shop\/producto\/nilox-nxaub001-auricular-mono-bluetooth\/#primaryimage\"},\"image\":{\"@id\":\"https:\/\/aivlisoft.net\/shop\/producto\/nilox-nxaub001-auricular-mono-bluetooth\/#primaryimage\"},\"thumbnailUrl\":\"https:\/\/aivlisoft.net\/shop\/wp-content\/uploads\/2025\/01\/MAUAMI1138_800.jpg\",\"datePublished\":\"2025-01-13T14:59:18+00:00\",\"dateModified\":\"2025-01-14T20:58:11+00:00\",\"breadcrumb\":{\"@id\":\"https:\/\/aivlisoft.net\/shop\/producto\/nilox-nxaub001-auricular-mono-bluetooth\/#breadcrumb\"},\"inLanguage\":\"es\",\"potentialAction\":[{\"@type\":\"ReadAction\",\"target\":[\"https:\/\/aivlisoft.net\/shop\/producto\/nilox-nxaub001-auricular-mono-bluetooth\/\"]}]},{\"@type\":\"ImageObject\",\"inLanguage\":\"es\",\"@id\":\"https:\/\/aivlisoft.net\/shop\/producto\/nilox-nxaub001-auricular-mono-bluetooth\/#primaryimage\",\"url\":\"https:\/\/aivlisoft.net\/shop\/wp-content\/uploads\/2025\/01\/MAUAMI1138_800.jpg\",\"contentUrl\":\"https:\/\/aivlisoft.net\/shop\/wp-content\/uploads\/2025\/01\/MAUAMI1138_800.jpg\",\"width\":800,\"height\":800},{\"@type\":\"BreadcrumbList\",\"@id\":\"https:\/\/aivlisoft.net\/shop\/producto\/nilox-nxaub001-auricular-mono-bluetooth\/#breadcrumb\",\"itemListElement\":[{\"@type\":\"ListItem\",\"position\":1,\"name\":\"Portada\",\"item\":\"https:\/\/aivlisoft.net\/shop\/\"},{\"@type\":\"ListItem\",\"position\":2,\"name\":\"Tienda\",\"item\":\"https:\/\/aivlisoft.net\/shop\/tienda\/\"},{\"@type\":\"ListItem\",\"position\":3,\"name\":\"Nilox NXAUB001 Auricular mono bluetooth\"}]},{\"@type\":\"WebSite\",\"@id\":\"https:\/\/aivlisoft.net\/shop\/#website\",\"url\":\"https:\/\/aivlisoft.net\/shop\/\",\"name\":\"Aivlisoft Inform\u00e1tica\",\"description\":\"En Aivlisoft Inform\u00e1tica ofrecemos soluciones tecnol\u00f3gicas para empresas: venta de ordenadores, consumibles, perif\u00e9ricos y m\u00e1s. Calidad, atenci\u00f3n personalizada y los mejores precios para tu negocio.\",\"publisher\":{\"@id\":\"https:\/\/aivlisoft.net\/shop\/#organization\"},\"potentialAction\":[{\"@type\":\"SearchAction\",\"target\":{\"@type\":\"EntryPoint\",\"urlTemplate\":\"https:\/\/aivlisoft.net\/shop\/?s={search_term_string}\"},\"query-input\":{\"@type\":\"PropertyValueSpecification\",\"valueRequired\":true,\"valueName\":\"search_term_string\"}}],\"inLanguage\":\"es\"},{\"@type\":\"Organization\",\"@id\":\"https:\/\/aivlisoft.net\/shop\/#organization\",\"name\":\"Aivlisoft Inform\u00e1tica\",\"url\":\"https:\/\/aivlisoft.net\/shop\/\",\"logo\":{\"@type\":\"ImageObject\",\"inLanguage\":\"es\",\"@id\":\"https:\/\/aivlisoft.net\/shop\/#\/schema\/logo\/image\/\",\"url\":\"https:\/\/aivlisoft.net\/shop\/wp-content\/uploads\/2024\/12\/removal.ai_5b848c54-0cdf-4140-95c5-c5536bb7573b-logodef.png\",\"contentUrl\":\"https:\/\/aivlisoft.net\/shop\/wp-content\/uploads\/2024\/12\/removal.ai_5b848c54-0cdf-4140-95c5-c5536bb7573b-logodef.png\",\"width\":484,\"height\":182,\"caption\":\"Aivlisoft Inform\u00e1tica\"},\"image\":{\"@id\":\"https:\/\/aivlisoft.net\/shop\/#\/schema\/logo\/image\/\"}}]}<\/script>\n<!-- \/ Yoast SEO plugin. -->","yoast_head_json":{"title":"Nilox NXAUB001 Auricular mono bluetooth - Aivlisoft Inform\u00e1tica","robots":{"index":"index","follow":"follow","max-snippet":"max-snippet:-1","max-image-preview":"max-image-preview:large","max-video-preview":"max-video-preview:-1"},"canonical":"https:\/\/aivlisoft.net\/shop\/producto\/nilox-nxaub001-auricular-mono-bluetooth\/","og_locale":"es_ES","og_type":"article","og_title":"Nilox NXAUB001 Auricular mono bluetooth - Aivlisoft Inform\u00e1tica","og_description":"El auricular mono profesional NXAUB001, es un auricular dise&ntilde;ado para el uso profesional, su conexi&oacute;n es Bluetooth 5.0 y cuenta con una bater&iacute;a interna de alta capacidad permitiendo hasta 30h de uso. Incluye una estaci&oacute;n de carga con conector USB Tipo-C para una f&aacute;cil carga, su altavoz interno es de alta calidad, y el auricular&hellip;&nbsp;Nilox NXAUB001 Auricular mono bluetooth","og_url":"https:\/\/aivlisoft.net\/shop\/producto\/nilox-nxaub001-auricular-mono-bluetooth\/","og_site_name":"Aivlisoft Inform\u00e1tica","article_modified_time":"2025-01-14T20:58:11+00:00","og_image":[{"width":800,"height":800,"url":"https:\/\/aivlisoft.net\/shop\/wp-content\/uploads\/2025\/01\/MAUAMI1138_800.jpg","type":"image\/jpeg"}],"twitter_card":"summary_large_image","twitter_misc":{"Tiempo de lectura":"1 minuto"},"schema":{"@context":"https:\/\/schema.org","@graph":[{"@type":"WebPage","@id":"https:\/\/aivlisoft.net\/shop\/producto\/nilox-nxaub001-auricular-mono-bluetooth\/","url":"https:\/\/aivlisoft.net\/shop\/producto\/nilox-nxaub001-auricular-mono-bluetooth\/","name":"Nilox NXAUB001 Auricular mono bluetooth - Aivlisoft Inform\u00e1tica","isPartOf":{"@id":"https:\/\/aivlisoft.net\/shop\/#website"},"primaryImageOfPage":{"@id":"https:\/\/aivlisoft.net\/shop\/producto\/nilox-nxaub001-auricular-mono-bluetooth\/#primaryimage"},"image":{"@id":"https:\/\/aivlisoft.net\/shop\/producto\/nilox-nxaub001-auricular-mono-bluetooth\/#primaryimage"},"thumbnailUrl":"https:\/\/aivlisoft.net\/shop\/wp-content\/uploads\/2025\/01\/MAUAMI1138_800.jpg","datePublished":"2025-01-13T14:59:18+00:00","dateModified":"2025-01-14T20:58:11+00:00","breadcrumb":{"@id":"https:\/\/aivlisoft.net\/shop\/producto\/nilox-nxaub001-auricular-mono-bluetooth\/#breadcrumb"},"inLanguage":"es","potentialAction":[{"@type":"ReadAction","target":["https:\/\/aivlisoft.net\/shop\/producto\/nilox-nxaub001-auricular-mono-bluetooth\/"]}]},{"@type":"ImageObject","inLanguage":"es","@id":"https:\/\/aivlisoft.net\/shop\/producto\/nilox-nxaub001-auricular-mono-bluetooth\/#primaryimage","url":"https:\/\/aivlisoft.net\/shop\/wp-content\/uploads\/2025\/01\/MAUAMI1138_800.jpg","contentUrl":"https:\/\/aivlisoft.net\/shop\/wp-content\/uploads\/2025\/01\/MAUAMI1138_800.jpg","width":800,"height":800},{"@type":"BreadcrumbList","@id":"https:\/\/aivlisoft.net\/shop\/producto\/nilox-nxaub001-auricular-mono-bluetooth\/#breadcrumb","itemListElement":[{"@type":"ListItem","position":1,"name":"Portada","item":"https:\/\/aivlisoft.net\/shop\/"},{"@type":"ListItem","position":2,"name":"Tienda","item":"https:\/\/aivlisoft.net\/shop\/tienda\/"},{"@type":"ListItem","position":3,"name":"Nilox NXAUB001 Auricular mono bluetooth"}]},{"@type":"WebSite","@id":"https:\/\/aivlisoft.net\/shop\/#website","url":"https:\/\/aivlisoft.net\/shop\/","name":"Aivlisoft Inform\u00e1tica","description":"En Aivlisoft Inform\u00e1tica ofrecemos soluciones tecnol\u00f3gicas para empresas: venta de ordenadores, consumibles, perif\u00e9ricos y m\u00e1s. Calidad, atenci\u00f3n personalizada y los mejores precios para tu negocio.","publisher":{"@id":"https:\/\/aivlisoft.net\/shop\/#organization"},"potentialAction":[{"@type":"SearchAction","target":{"@type":"EntryPoint","urlTemplate":"https:\/\/aivlisoft.net\/shop\/?s={search_term_string}"},"query-input":{"@type":"PropertyValueSpecification","valueRequired":true,"valueName":"search_term_string"}}],"inLanguage":"es"},{"@type":"Organization","@id":"https:\/\/aivlisoft.net\/shop\/#organization","name":"Aivlisoft Inform\u00e1tica","url":"https:\/\/aivlisoft.net\/shop\/","logo":{"@type":"ImageObject","inLanguage":"es","@id":"https:\/\/aivlisoft.net\/shop\/#\/schema\/logo\/image\/","url":"https:\/\/aivlisoft.net\/shop\/wp-content\/uploads\/2024\/12\/removal.ai_5b848c54-0cdf-4140-95c5-c5536bb7573b-logodef.png","contentUrl":"https:\/\/aivlisoft.net\/shop\/wp-content\/uploads\/2024\/12\/removal.ai_5b848c54-0cdf-4140-95c5-c5536bb7573b-logodef.png","width":484,"height":182,"caption":"Aivlisoft Inform\u00e1tica"},"image":{"@id":"https:\/\/aivlisoft.net\/shop\/#\/schema\/logo\/image\/"}}]}},"_links":{"self":[{"href":"https:\/\/aivlisoft.net\/shop\/wp-json\/wp\/v2\/product\/16106","targetHints":{"allow":["GET"]}}],"collection":[{"href":"https:\/\/aivlisoft.net\/shop\/wp-json\/wp\/v2\/product"}],"about":[{"href":"https:\/\/aivlisoft.net\/shop\/wp-json\/wp\/v2\/types\/product"}],"wp:featuredmedia":[{"embeddable":true,"href":"https:\/\/aivlisoft.net\/shop\/wp-json\/wp\/v2\/media\/16107"}],"wp:attachment":[{"href":"https:\/\/aivlisoft.net\/shop\/wp-json\/wp\/v2\/media?parent=16106"}],"wp:term":[{"taxonomy":"product_brand","embeddable":true,"href":"https:\/\/aivlisoft.net\/shop\/wp-json\/wp\/v2\/product_brand?post=16106"},{"taxonomy":"product_cat","embeddable":true,"href":"https:\/\/aivlisoft.net\/shop\/wp-json\/wp\/v2\/product_cat?post=16106"},{"taxonomy":"product_tag","embeddable":true,"href":"https:\/\/aivlisoft.net\/shop\/wp-json\/wp\/v2\/product_tag?post=16106"}],"curies":[{"name":"wp","href":"https:\/\/api.w.org\/{rel}","templated":true}]}}