{"id":15998,"date":"2025-01-13T14:58:22","date_gmt":"2025-01-13T14:58:22","guid":{"rendered":"https:\/\/aivlisoft.com\/?post_type=product&#038;p=15998"},"modified":"2025-01-14T20:58:29","modified_gmt":"2025-01-14T20:58:29","slug":"krom-kopa-pro-auricular-gaming-stereo","status":"publish","type":"product","link":"https:\/\/aivlisoft.net\/shop\/producto\/krom-kopa-pro-auricular-gaming-stereo\/","title":{"rendered":"KROM KOPA PRO | Auricular Gaming Stereo"},"content":{"rendered":"<p>Estos auriculares est&eacute;reo cuentan con compatibilidad multiplataforma, <strong>siendo compatibles con PC, PS4, PS5, Nintendo Switch, Tablets y Smartphones<\/strong>. Creados con un cuidado dise&ntilde;o sobrio y una gran ergonom&iacute;a, con estos auriculares disfrutar&aacute;s de largas sesiones de juego o m&uacute;sica en cualquier dispositivo.<\/p>\n<p>El <strong>micr&oacute;fono flexible<\/strong> omnidireccional que incorporan los auriculares Kopa PRO, te permitir&aacute; ajustarlo a la distancia perfecta para ti, transfiriendo as&iacute; tu voz de forma clara y n&iacute;tida, garantizando de este modo la m&aacute;xima comunicaci&oacute;n con tu equipo y el resto de jugadores, ya que recoge tu voz con precisi&oacute;n.<\/p>\n<div data-reactid=\"187\">\n<p>A&iacute;slate del exterior y c&eacute;ntrate en el juego con los Krom Kopa PRO con sus <strong>altavoces de 50 mm y su sonido est&eacute;reo<\/strong> de gran calidad disfruta de sesiones de juego y m&uacute;sica sin interrupciones, s&iacute;, incluso en los ambientes m&aacute;s ruidosos. Que tus enemigos no te pillen desprevenido gracias a su sonido envolvente.<\/p>\n<p>Adem&aacute;s, podr&aacute;s controlar el volumen de tus Kopa PRO con el <strong>control de volumen y micr&oacute;fono que incorpora en el auricular izquierdo<\/strong>, obteniendo as&iacute; m&aacute;s libertad y control en cada momento.<\/p>\n<\/div>\n<p><\/p>\n<table class=\"tabla_caracteristicas k-table\" width=\"100%\">\n<tr>\n<td><strong>Marca<\/strong><\/td>\n<td>Krom<\/td>\n<\/tr>\n<tr>\n<td><strong>Modelo<\/strong><\/td>\n<td><strong>NXKROMKOPAPRO<\/strong><\/td>\n<\/tr>\n<tr>\n<td><strong>Caracter&iacute;sticas<\/strong><\/td>\n<td><strong>Auriculares<\/strong><br \/>\t\t\t&#8211; Di&aacute;metro: 50 mm<br \/>\t\t\t&#8211; Frecuencia de respuesta: 20 Hz &#8211; 20.000 Hz<br \/>\t\t\t&#8211; Impedancia: 16 Ohm +\/- 15%<br \/>\t\t\t&#8211; Sensibilidad: 110 +\/- 3 dB<br \/>\t\t\t<strong>Micr&oacute;fono<\/strong><br \/>\t\t\t&#8211; Directividad: Omnidireccional<br \/>\t\t\t&#8211; Frecuencia de respuesta: 50 Hz &#8211; 10.000 Hz<br \/>\t\t\t&#8211; Sensibilidad: -42dB &plusmn; 3dB<br \/>\t\t\t&#8211; Impedancia: &le; 2.2k Ohm<br \/>\t\t\t<strong>Conexi&oacute;n<\/strong><br \/>\t\t\t&#8211; Jack 3.5 mm<br \/>\t\t\t<strong>Compatibilidad<\/strong><br \/>\t\t\t&#8211; PC<br \/>\t\t\t&#8211; PS4 &amp; PS5<br \/>\t\t\t&#8211; Switch<br \/>\t\t\t&#8211; Smartphones<br \/>\t\t\t&#8211; Tablets<br \/>\t\t\t<strong>Dimensiones y peso<\/strong><br \/>\t\t\t&#8211; Longitud del cable: 210 cm<br \/>\t\t\t&#8211; 216 x 205 x 103 mm<br \/>\t\t\t&#8211;&nbsp; 283 g<\/td>\n<\/tr>\n<tr>\n<td><strong>Fecha de revisi&oacute;n<\/strong><\/td>\n<td>14-09-2023 por RTY<\/td>\n<\/tr>\n<\/table>\n","protected":false},"excerpt":{"rendered":"<p>Estos auriculares est&eacute;reo cuentan con compatibilidad multiplataforma, siendo compatibles con PC, PS4, PS5, Nintendo Switch, Tablets y Smartphones. Creados con un cuidado dise&ntilde;o sobrio y una gran ergonom&iacute;a, con estos auriculares disfrutar&aacute;s de largas sesiones de juego o m&uacute;sica en cualquier dispositivo. El micr&oacute;fono flexible omnidireccional que incorporan los auriculares Kopa PRO, te permitir&aacute; ajustarlo&hellip;&nbsp;<a href=\"https:\/\/aivlisoft.net\/shop\/producto\/krom-kopa-pro-auricular-gaming-stereo\/\" rel=\"bookmark\"><span class=\"screen-reader-text\">KROM KOPA PRO | Auricular Gaming Stereo<\/span><\/a><\/p>\n","protected":false},"featured_media":15999,"template":"","meta":{"neve_meta_sidebar":"","neve_meta_container":"","neve_meta_enable_content_width":"","neve_meta_content_width":0,"neve_meta_title_alignment":"","neve_meta_author_avatar":"","neve_post_elements_order":"","neve_meta_disable_header":"","neve_meta_disable_footer":"","neve_meta_disable_title":""},"product_brand":[],"product_cat":[15,790,957,5818],"product_tag":[5996],"class_list":{"0":"post-15998","1":"product","2":"type-product","3":"status-publish","4":"has-post-thumbnail","6":"product_cat-sin-categorizar","7":"product_cat-accesorios-gaming","8":"product_cat-accesorios-imagen-y-sonido","9":"product_cat-audio","10":"product_tag-nxkromkopapro","12":"first","13":"instock","14":"taxable","15":"shipping-taxable","16":"purchasable","17":"product-type-simple"},"yoast_head":"<!-- This site is optimized with the Yoast SEO plugin v26.0 - https:\/\/yoast.com\/wordpress\/plugins\/seo\/ -->\n<title>KROM KOPA PRO | Auricular Gaming Stereo - Aivlisoft Inform\u00e1tica<\/title>\n<meta name=\"robots\" content=\"index, follow, max-snippet:-1, max-image-preview:large, max-video-preview:-1\" \/>\n<link rel=\"canonical\" href=\"https:\/\/aivlisoft.net\/shop\/producto\/krom-kopa-pro-auricular-gaming-stereo\/\" \/>\n<meta property=\"og:locale\" content=\"es_ES\" \/>\n<meta property=\"og:type\" content=\"article\" \/>\n<meta property=\"og:title\" content=\"KROM KOPA PRO | Auricular Gaming Stereo - Aivlisoft Inform\u00e1tica\" \/>\n<meta property=\"og:description\" content=\"Estos auriculares est&eacute;reo cuentan con compatibilidad multiplataforma, siendo compatibles con PC, PS4, PS5, Nintendo Switch, Tablets y Smartphones. Creados con un cuidado dise&ntilde;o sobrio y una gran ergonom&iacute;a, con estos auriculares disfrutar&aacute;s de largas sesiones de juego o m&uacute;sica en cualquier dispositivo. El micr&oacute;fono flexible omnidireccional que incorporan los auriculares Kopa PRO, te permitir&aacute; ajustarlo&hellip;&nbsp;KROM KOPA PRO | Auricular Gaming Stereo\" \/>\n<meta property=\"og:url\" content=\"https:\/\/aivlisoft.net\/shop\/producto\/krom-kopa-pro-auricular-gaming-stereo\/\" \/>\n<meta property=\"og:site_name\" content=\"Aivlisoft Inform\u00e1tica\" \/>\n<meta property=\"article:modified_time\" content=\"2025-01-14T20:58:29+00:00\" \/>\n<meta property=\"og:image\" content=\"https:\/\/aivlisoft.net\/shop\/wp-content\/uploads\/2025\/01\/MAUAMI1100_800.jpg\" \/>\n\t<meta property=\"og:image:width\" content=\"800\" \/>\n\t<meta property=\"og:image:height\" content=\"800\" \/>\n\t<meta property=\"og:image:type\" content=\"image\/jpeg\" \/>\n<meta name=\"twitter:card\" content=\"summary_large_image\" \/>\n<meta name=\"twitter:label1\" content=\"Tiempo de lectura\" \/>\n\t<meta name=\"twitter:data1\" content=\"2 minutos\" \/>\n<script type=\"application\/ld+json\" class=\"yoast-schema-graph\">{\"@context\":\"https:\/\/schema.org\",\"@graph\":[{\"@type\":\"WebPage\",\"@id\":\"https:\/\/aivlisoft.net\/shop\/producto\/krom-kopa-pro-auricular-gaming-stereo\/\",\"url\":\"https:\/\/aivlisoft.net\/shop\/producto\/krom-kopa-pro-auricular-gaming-stereo\/\",\"name\":\"KROM KOPA PRO | Auricular Gaming Stereo - Aivlisoft Inform\u00e1tica\",\"isPartOf\":{\"@id\":\"https:\/\/aivlisoft.net\/shop\/#website\"},\"primaryImageOfPage\":{\"@id\":\"https:\/\/aivlisoft.net\/shop\/producto\/krom-kopa-pro-auricular-gaming-stereo\/#primaryimage\"},\"image\":{\"@id\":\"https:\/\/aivlisoft.net\/shop\/producto\/krom-kopa-pro-auricular-gaming-stereo\/#primaryimage\"},\"thumbnailUrl\":\"https:\/\/aivlisoft.net\/shop\/wp-content\/uploads\/2025\/01\/MAUAMI1100_800.jpg\",\"datePublished\":\"2025-01-13T14:58:22+00:00\",\"dateModified\":\"2025-01-14T20:58:29+00:00\",\"breadcrumb\":{\"@id\":\"https:\/\/aivlisoft.net\/shop\/producto\/krom-kopa-pro-auricular-gaming-stereo\/#breadcrumb\"},\"inLanguage\":\"es\",\"potentialAction\":[{\"@type\":\"ReadAction\",\"target\":[\"https:\/\/aivlisoft.net\/shop\/producto\/krom-kopa-pro-auricular-gaming-stereo\/\"]}]},{\"@type\":\"ImageObject\",\"inLanguage\":\"es\",\"@id\":\"https:\/\/aivlisoft.net\/shop\/producto\/krom-kopa-pro-auricular-gaming-stereo\/#primaryimage\",\"url\":\"https:\/\/aivlisoft.net\/shop\/wp-content\/uploads\/2025\/01\/MAUAMI1100_800.jpg\",\"contentUrl\":\"https:\/\/aivlisoft.net\/shop\/wp-content\/uploads\/2025\/01\/MAUAMI1100_800.jpg\",\"width\":800,\"height\":800},{\"@type\":\"BreadcrumbList\",\"@id\":\"https:\/\/aivlisoft.net\/shop\/producto\/krom-kopa-pro-auricular-gaming-stereo\/#breadcrumb\",\"itemListElement\":[{\"@type\":\"ListItem\",\"position\":1,\"name\":\"Portada\",\"item\":\"https:\/\/aivlisoft.net\/shop\/\"},{\"@type\":\"ListItem\",\"position\":2,\"name\":\"Tienda\",\"item\":\"https:\/\/aivlisoft.net\/shop\/tienda\/\"},{\"@type\":\"ListItem\",\"position\":3,\"name\":\"KROM KOPA PRO | Auricular Gaming Stereo\"}]},{\"@type\":\"WebSite\",\"@id\":\"https:\/\/aivlisoft.net\/shop\/#website\",\"url\":\"https:\/\/aivlisoft.net\/shop\/\",\"name\":\"Aivlisoft Inform\u00e1tica\",\"description\":\"En Aivlisoft Inform\u00e1tica ofrecemos soluciones tecnol\u00f3gicas para empresas: venta de ordenadores, consumibles, perif\u00e9ricos y m\u00e1s. Calidad, atenci\u00f3n personalizada y los mejores precios para tu negocio.\",\"publisher\":{\"@id\":\"https:\/\/aivlisoft.net\/shop\/#organization\"},\"potentialAction\":[{\"@type\":\"SearchAction\",\"target\":{\"@type\":\"EntryPoint\",\"urlTemplate\":\"https:\/\/aivlisoft.net\/shop\/?s={search_term_string}\"},\"query-input\":{\"@type\":\"PropertyValueSpecification\",\"valueRequired\":true,\"valueName\":\"search_term_string\"}}],\"inLanguage\":\"es\"},{\"@type\":\"Organization\",\"@id\":\"https:\/\/aivlisoft.net\/shop\/#organization\",\"name\":\"Aivlisoft Inform\u00e1tica\",\"url\":\"https:\/\/aivlisoft.net\/shop\/\",\"logo\":{\"@type\":\"ImageObject\",\"inLanguage\":\"es\",\"@id\":\"https:\/\/aivlisoft.net\/shop\/#\/schema\/logo\/image\/\",\"url\":\"https:\/\/aivlisoft.net\/shop\/wp-content\/uploads\/2024\/12\/removal.ai_5b848c54-0cdf-4140-95c5-c5536bb7573b-logodef.png\",\"contentUrl\":\"https:\/\/aivlisoft.net\/shop\/wp-content\/uploads\/2024\/12\/removal.ai_5b848c54-0cdf-4140-95c5-c5536bb7573b-logodef.png\",\"width\":484,\"height\":182,\"caption\":\"Aivlisoft Inform\u00e1tica\"},\"image\":{\"@id\":\"https:\/\/aivlisoft.net\/shop\/#\/schema\/logo\/image\/\"}}]}<\/script>\n<!-- \/ Yoast SEO plugin. -->","yoast_head_json":{"title":"KROM KOPA PRO | Auricular Gaming Stereo - Aivlisoft Inform\u00e1tica","robots":{"index":"index","follow":"follow","max-snippet":"max-snippet:-1","max-image-preview":"max-image-preview:large","max-video-preview":"max-video-preview:-1"},"canonical":"https:\/\/aivlisoft.net\/shop\/producto\/krom-kopa-pro-auricular-gaming-stereo\/","og_locale":"es_ES","og_type":"article","og_title":"KROM KOPA PRO | Auricular Gaming Stereo - Aivlisoft Inform\u00e1tica","og_description":"Estos auriculares est&eacute;reo cuentan con compatibilidad multiplataforma, siendo compatibles con PC, PS4, PS5, Nintendo Switch, Tablets y Smartphones. Creados con un cuidado dise&ntilde;o sobrio y una gran ergonom&iacute;a, con estos auriculares disfrutar&aacute;s de largas sesiones de juego o m&uacute;sica en cualquier dispositivo. El micr&oacute;fono flexible omnidireccional que incorporan los auriculares Kopa PRO, te permitir&aacute; ajustarlo&hellip;&nbsp;KROM KOPA PRO | Auricular Gaming Stereo","og_url":"https:\/\/aivlisoft.net\/shop\/producto\/krom-kopa-pro-auricular-gaming-stereo\/","og_site_name":"Aivlisoft Inform\u00e1tica","article_modified_time":"2025-01-14T20:58:29+00:00","og_image":[{"width":800,"height":800,"url":"https:\/\/aivlisoft.net\/shop\/wp-content\/uploads\/2025\/01\/MAUAMI1100_800.jpg","type":"image\/jpeg"}],"twitter_card":"summary_large_image","twitter_misc":{"Tiempo de lectura":"2 minutos"},"schema":{"@context":"https:\/\/schema.org","@graph":[{"@type":"WebPage","@id":"https:\/\/aivlisoft.net\/shop\/producto\/krom-kopa-pro-auricular-gaming-stereo\/","url":"https:\/\/aivlisoft.net\/shop\/producto\/krom-kopa-pro-auricular-gaming-stereo\/","name":"KROM KOPA PRO | Auricular Gaming Stereo - Aivlisoft Inform\u00e1tica","isPartOf":{"@id":"https:\/\/aivlisoft.net\/shop\/#website"},"primaryImageOfPage":{"@id":"https:\/\/aivlisoft.net\/shop\/producto\/krom-kopa-pro-auricular-gaming-stereo\/#primaryimage"},"image":{"@id":"https:\/\/aivlisoft.net\/shop\/producto\/krom-kopa-pro-auricular-gaming-stereo\/#primaryimage"},"thumbnailUrl":"https:\/\/aivlisoft.net\/shop\/wp-content\/uploads\/2025\/01\/MAUAMI1100_800.jpg","datePublished":"2025-01-13T14:58:22+00:00","dateModified":"2025-01-14T20:58:29+00:00","breadcrumb":{"@id":"https:\/\/aivlisoft.net\/shop\/producto\/krom-kopa-pro-auricular-gaming-stereo\/#breadcrumb"},"inLanguage":"es","potentialAction":[{"@type":"ReadAction","target":["https:\/\/aivlisoft.net\/shop\/producto\/krom-kopa-pro-auricular-gaming-stereo\/"]}]},{"@type":"ImageObject","inLanguage":"es","@id":"https:\/\/aivlisoft.net\/shop\/producto\/krom-kopa-pro-auricular-gaming-stereo\/#primaryimage","url":"https:\/\/aivlisoft.net\/shop\/wp-content\/uploads\/2025\/01\/MAUAMI1100_800.jpg","contentUrl":"https:\/\/aivlisoft.net\/shop\/wp-content\/uploads\/2025\/01\/MAUAMI1100_800.jpg","width":800,"height":800},{"@type":"BreadcrumbList","@id":"https:\/\/aivlisoft.net\/shop\/producto\/krom-kopa-pro-auricular-gaming-stereo\/#breadcrumb","itemListElement":[{"@type":"ListItem","position":1,"name":"Portada","item":"https:\/\/aivlisoft.net\/shop\/"},{"@type":"ListItem","position":2,"name":"Tienda","item":"https:\/\/aivlisoft.net\/shop\/tienda\/"},{"@type":"ListItem","position":3,"name":"KROM KOPA PRO | Auricular Gaming Stereo"}]},{"@type":"WebSite","@id":"https:\/\/aivlisoft.net\/shop\/#website","url":"https:\/\/aivlisoft.net\/shop\/","name":"Aivlisoft Inform\u00e1tica","description":"En Aivlisoft Inform\u00e1tica ofrecemos soluciones tecnol\u00f3gicas para empresas: venta de ordenadores, consumibles, perif\u00e9ricos y m\u00e1s. Calidad, atenci\u00f3n personalizada y los mejores precios para tu negocio.","publisher":{"@id":"https:\/\/aivlisoft.net\/shop\/#organization"},"potentialAction":[{"@type":"SearchAction","target":{"@type":"EntryPoint","urlTemplate":"https:\/\/aivlisoft.net\/shop\/?s={search_term_string}"},"query-input":{"@type":"PropertyValueSpecification","valueRequired":true,"valueName":"search_term_string"}}],"inLanguage":"es"},{"@type":"Organization","@id":"https:\/\/aivlisoft.net\/shop\/#organization","name":"Aivlisoft Inform\u00e1tica","url":"https:\/\/aivlisoft.net\/shop\/","logo":{"@type":"ImageObject","inLanguage":"es","@id":"https:\/\/aivlisoft.net\/shop\/#\/schema\/logo\/image\/","url":"https:\/\/aivlisoft.net\/shop\/wp-content\/uploads\/2024\/12\/removal.ai_5b848c54-0cdf-4140-95c5-c5536bb7573b-logodef.png","contentUrl":"https:\/\/aivlisoft.net\/shop\/wp-content\/uploads\/2024\/12\/removal.ai_5b848c54-0cdf-4140-95c5-c5536bb7573b-logodef.png","width":484,"height":182,"caption":"Aivlisoft Inform\u00e1tica"},"image":{"@id":"https:\/\/aivlisoft.net\/shop\/#\/schema\/logo\/image\/"}}]}},"_links":{"self":[{"href":"https:\/\/aivlisoft.net\/shop\/wp-json\/wp\/v2\/product\/15998","targetHints":{"allow":["GET"]}}],"collection":[{"href":"https:\/\/aivlisoft.net\/shop\/wp-json\/wp\/v2\/product"}],"about":[{"href":"https:\/\/aivlisoft.net\/shop\/wp-json\/wp\/v2\/types\/product"}],"wp:featuredmedia":[{"embeddable":true,"href":"https:\/\/aivlisoft.net\/shop\/wp-json\/wp\/v2\/media\/15999"}],"wp:attachment":[{"href":"https:\/\/aivlisoft.net\/shop\/wp-json\/wp\/v2\/media?parent=15998"}],"wp:term":[{"taxonomy":"product_brand","embeddable":true,"href":"https:\/\/aivlisoft.net\/shop\/wp-json\/wp\/v2\/product_brand?post=15998"},{"taxonomy":"product_cat","embeddable":true,"href":"https:\/\/aivlisoft.net\/shop\/wp-json\/wp\/v2\/product_cat?post=15998"},{"taxonomy":"product_tag","embeddable":true,"href":"https:\/\/aivlisoft.net\/shop\/wp-json\/wp\/v2\/product_tag?post=15998"}],"curies":[{"name":"wp","href":"https:\/\/api.w.org\/{rel}","templated":true}]}}