{"id":15964,"date":"2025-01-13T14:58:03","date_gmt":"2025-01-13T14:58:03","guid":{"rendered":"https:\/\/aivlisoft.com\/?post_type=product&#038;p=15964"},"modified":"2025-01-14T20:58:34","modified_gmt":"2025-01-14T20:58:34","slug":"energy-sistem-auriculares-senshi-eco-verde","status":"publish","type":"product","link":"https:\/\/aivlisoft.net\/shop\/producto\/energy-sistem-auriculares-senshi-eco-verde\/","title":{"rendered":"Energy Sistem Auriculares Senshi Eco Verde"},"content":{"rendered":"<p>Auriculares True Wireless hechos con pl&aacute;stico reciclado (GRS). Proximity sensor para un uso sencillo y r&aacute;pido. Personaliza tu m&uacute;sica y controles gracias a ESmart Connect y Voice Assistant. Con 25 horas de bater&iacute;a entre auriculares y charging case.<\/p>\n<p>El planeta nos necesita. Es hora de pasar a la acci&oacute;n. Los auriculares True Wireless Senshi ECO est&aacute;n fabricados con pl&aacute;stico 100% reciclado, con certificaci&oacute;n GRS (Global Recycled Standard). Porque cuidar del medioambiente es cuidar de lo importante.<\/p>\n<p>Toma el control de tu m&uacute;sica con un solo gesto. Gracias al sensor de proximidad, puedes pausar la reproducci&oacute;n simplemente quit&aacute;ndote uno de los auriculares. Y para reanudarla, tan solo tienes que volver a pon&eacute;rtelo. Utiliza tambi&eacute;n el asistente de voz para encontrar lo que buscas con comodidad.<\/p>\n<p>Ll&eacute;valos contigo a donde vayas sin preocuparte por la bater&iacute;a. Los auriculares True Wireless Senshi ECO cuentan con hasta 25 horas de autonom&iacute;a para tu m&uacute;sica y llamadas: 5 horas por cada carga y 20 horas adicionales en el charging case.<\/p>\n<p>Llevar unos earphones nunca ha sido tan f&aacute;cil. Su dise&ntilde;o ergon&oacute;mico se adapta c&oacute;modamente a tu o&iacute;do y la caja de carga no ocupa casi espacio en tu bolso, mochila o bolsillo. Cambia de canci&oacute;n, ajusta el volumen o responde tus llamadas con un simple toque en el auricular, gracias a la funci&oacute;n Touch Control.<\/p>\n<table class=\"tabla_caracteristicas\" width=\"100%\">\n<tr>\n<td valign=\"top\"><strong>Marca<\/strong><\/td>\n<td>Energy Sistem<\/td>\n<\/tr>\n<tr>\n<td valign=\"top\"><strong>Modelo<\/strong><\/td>\n<td><strong>457137<\/strong><\/td>\n<\/tr>\n<tr>\n<td valign=\"top\"><strong>Caracter&iacute;sticas<\/strong><\/td>\n<td><strong>Audio<\/strong><br \/>\t\t\t&#8211; Di&aacute;metro del driver: 10 mm<br \/>\t\t\t&#8211; Tipo: Din&aacute;mico<br \/>\t\t\t&#8211; Respuesta en frecuencia: 20 Hz ~ 20 kHz<br \/>\t\t\t&#8211; Tipo: Bot&oacute;n<br \/>\t\t\t<strong>Micr&oacute;fono<\/strong><br \/>\t\t\t&#8211; Manos libres<br \/>\t\t\t&#8211; Tipo de micr&oacute;fono: Integrado<br \/>\t\t\t&#8211; Sensibilidad del micr&oacute;fono: -42 dB &plusmn; 3 dB (@1 kHz)<br \/>\t\t\t&#8211; Rango de frecuencia: 100 Hz ~ 10 kHz<\/td>\n<\/tr>\n<tr>\n<td valign=\"top\"><strong>Conectividad<\/strong><\/td>\n<td>&#8211; Compatible con ESmart Connect App<br \/>\t\t\t&#8211; Asistente de voz (Google, Siri)<br \/>\t\t\t&#8211; Versi&oacute;n bluetooth: 5.3<br \/>\t\t\t&#8211; Clase bluetooth: 2<br \/>\t\t\t&#8211; Bluetooth frecuencia de trabajo: 2.4 GHz<br \/>\t\t\t&#8211; Bluetooth perfiles: A2DP \/ AVRCP \/ HFP \/ HSP<br \/>\t\t\t&#8211; Bluetooth alcance: 20m<br \/>\t\t\t&#8211; Bluetooth codecs de audio soportados: AAC \/ SBC<br \/>\t\t\t&#8211; Bluetooth potencia m&aacute;xima de la se&ntilde;al: &lt; 20,00 dBm<br \/>\t\t\t&#8211; Tecnolog&iacute;a True Wireless<\/td>\n<\/tr>\n<tr>\n<td valign=\"top\"><strong>Otras caracter&iacute;sticas<\/strong><\/td>\n<td>&#8211; Control de reproducci&oacute;n<br \/>\t\t\t&#8211; Control de volumen<br \/>\t\t\t&#8211; Compatibilidad:&nbsp; Mac \/ PC Windows \/ Smartphone \/ Tablet \/ TV<br \/>\t\t\t<strong>Alimentaci&oacute;n<\/strong><br \/>\t\t\t&#8211; Conectores:&nbsp; USB tipo C<br \/>\t\t\t&#8211; Longitud del cable:&nbsp; 50 cm<br \/>\t\t\t&#8211; Tipo: LiPo<br \/>\t\t\t&#8211; Capacidad: 30 mAh<br \/>\t\t\t&#8211; Voltaje: 3.7 V<br \/>\t\t\t&#8211; Autonon&iacute;a &#8211; Uso normal: 5 h<br \/>\t\t\t&#8211; Tiempo de carga: 1.5 h<br \/>\t\t\t&#8211; Estuche de carga<br \/>\t\t\t&nbsp; Tipo: Li-Po<br \/>\t\t\t&nbsp; Capacidad: 400 mAh<br \/>\t\t\t&nbsp; Voltaje: 3.7 V<br \/>\t\t\t&nbsp; Autonom&iacute;a adicional: 20 h<br \/>\t\t\t&nbsp; Tiempo de carga: 1.5 h<br \/>\t\t\t<strong>Dimensiones y peso<\/strong><br \/>\t\t\t&#8211; 60 x 35 x 35 mm<br \/>\t\t\t&#8211; 42 g<\/td>\n<\/tr>\n<tr>\n<td valign=\"top\"><strong>Fecha de revisi&oacute;n<\/strong><\/td>\n<td>05-09-2023 por RTY<\/td>\n<\/tr>\n<\/table>\n","protected":false},"excerpt":{"rendered":"<p>Auriculares True Wireless hechos con pl&aacute;stico reciclado (GRS). Proximity sensor para un uso sencillo y r&aacute;pido. Personaliza tu m&uacute;sica y controles gracias a ESmart Connect y Voice Assistant. Con 25 horas de bater&iacute;a entre auriculares y charging case. El planeta nos necesita. Es hora de pasar a la acci&oacute;n. Los auriculares True Wireless Senshi ECO&hellip;&nbsp;<a href=\"https:\/\/aivlisoft.net\/shop\/producto\/energy-sistem-auriculares-senshi-eco-verde\/\" rel=\"bookmark\"><span class=\"screen-reader-text\">Energy Sistem Auriculares Senshi Eco Verde<\/span><\/a><\/p>\n","protected":false},"featured_media":15965,"template":"","meta":{"neve_meta_sidebar":"","neve_meta_container":"","neve_meta_enable_content_width":"","neve_meta_content_width":0,"neve_meta_title_alignment":"","neve_meta_author_avatar":"","neve_post_elements_order":"","neve_meta_disable_header":"","neve_meta_disable_footer":"","neve_meta_disable_title":""},"product_brand":[],"product_cat":[15,790,957,5818],"product_tag":[5989],"class_list":{"0":"post-15964","1":"product","2":"type-product","3":"status-publish","4":"has-post-thumbnail","6":"product_cat-sin-categorizar","7":"product_cat-accesorios-gaming","8":"product_cat-accesorios-imagen-y-sonido","9":"product_cat-audio","10":"product_tag-5989","12":"first","13":"instock","14":"taxable","15":"shipping-taxable","16":"purchasable","17":"product-type-simple"},"yoast_head":"<!-- This site is optimized with the Yoast SEO plugin v26.0 - https:\/\/yoast.com\/wordpress\/plugins\/seo\/ -->\n<title>Energy Sistem Auriculares Senshi Eco Verde - Aivlisoft Inform\u00e1tica<\/title>\n<meta name=\"robots\" content=\"index, follow, max-snippet:-1, max-image-preview:large, max-video-preview:-1\" \/>\n<link rel=\"canonical\" href=\"https:\/\/aivlisoft.net\/shop\/producto\/energy-sistem-auriculares-senshi-eco-verde\/\" \/>\n<meta property=\"og:locale\" content=\"es_ES\" \/>\n<meta property=\"og:type\" content=\"article\" \/>\n<meta property=\"og:title\" content=\"Energy Sistem Auriculares Senshi Eco Verde - Aivlisoft Inform\u00e1tica\" \/>\n<meta property=\"og:description\" content=\"Auriculares True Wireless hechos con pl&aacute;stico reciclado (GRS). Proximity sensor para un uso sencillo y r&aacute;pido. Personaliza tu m&uacute;sica y controles gracias a ESmart Connect y Voice Assistant. Con 25 horas de bater&iacute;a entre auriculares y charging case. El planeta nos necesita. Es hora de pasar a la acci&oacute;n. Los auriculares True Wireless Senshi ECO&hellip;&nbsp;Energy Sistem Auriculares Senshi Eco Verde\" \/>\n<meta property=\"og:url\" content=\"https:\/\/aivlisoft.net\/shop\/producto\/energy-sistem-auriculares-senshi-eco-verde\/\" \/>\n<meta property=\"og:site_name\" content=\"Aivlisoft Inform\u00e1tica\" \/>\n<meta property=\"article:modified_time\" content=\"2025-01-14T20:58:34+00:00\" \/>\n<meta property=\"og:image\" content=\"https:\/\/aivlisoft.net\/shop\/wp-content\/uploads\/2025\/01\/MAUAMI1087_800.jpg\" \/>\n\t<meta property=\"og:image:width\" content=\"800\" \/>\n\t<meta property=\"og:image:height\" content=\"800\" \/>\n\t<meta property=\"og:image:type\" content=\"image\/jpeg\" \/>\n<meta name=\"twitter:card\" content=\"summary_large_image\" \/>\n<meta name=\"twitter:label1\" content=\"Tiempo de lectura\" \/>\n\t<meta name=\"twitter:data1\" content=\"2 minutos\" \/>\n<script type=\"application\/ld+json\" class=\"yoast-schema-graph\">{\"@context\":\"https:\/\/schema.org\",\"@graph\":[{\"@type\":\"WebPage\",\"@id\":\"https:\/\/aivlisoft.net\/shop\/producto\/energy-sistem-auriculares-senshi-eco-verde\/\",\"url\":\"https:\/\/aivlisoft.net\/shop\/producto\/energy-sistem-auriculares-senshi-eco-verde\/\",\"name\":\"Energy Sistem Auriculares Senshi Eco Verde - Aivlisoft Inform\u00e1tica\",\"isPartOf\":{\"@id\":\"https:\/\/aivlisoft.net\/shop\/#website\"},\"primaryImageOfPage\":{\"@id\":\"https:\/\/aivlisoft.net\/shop\/producto\/energy-sistem-auriculares-senshi-eco-verde\/#primaryimage\"},\"image\":{\"@id\":\"https:\/\/aivlisoft.net\/shop\/producto\/energy-sistem-auriculares-senshi-eco-verde\/#primaryimage\"},\"thumbnailUrl\":\"https:\/\/aivlisoft.net\/shop\/wp-content\/uploads\/2025\/01\/MAUAMI1087_800.jpg\",\"datePublished\":\"2025-01-13T14:58:03+00:00\",\"dateModified\":\"2025-01-14T20:58:34+00:00\",\"breadcrumb\":{\"@id\":\"https:\/\/aivlisoft.net\/shop\/producto\/energy-sistem-auriculares-senshi-eco-verde\/#breadcrumb\"},\"inLanguage\":\"es\",\"potentialAction\":[{\"@type\":\"ReadAction\",\"target\":[\"https:\/\/aivlisoft.net\/shop\/producto\/energy-sistem-auriculares-senshi-eco-verde\/\"]}]},{\"@type\":\"ImageObject\",\"inLanguage\":\"es\",\"@id\":\"https:\/\/aivlisoft.net\/shop\/producto\/energy-sistem-auriculares-senshi-eco-verde\/#primaryimage\",\"url\":\"https:\/\/aivlisoft.net\/shop\/wp-content\/uploads\/2025\/01\/MAUAMI1087_800.jpg\",\"contentUrl\":\"https:\/\/aivlisoft.net\/shop\/wp-content\/uploads\/2025\/01\/MAUAMI1087_800.jpg\",\"width\":800,\"height\":800},{\"@type\":\"BreadcrumbList\",\"@id\":\"https:\/\/aivlisoft.net\/shop\/producto\/energy-sistem-auriculares-senshi-eco-verde\/#breadcrumb\",\"itemListElement\":[{\"@type\":\"ListItem\",\"position\":1,\"name\":\"Portada\",\"item\":\"https:\/\/aivlisoft.net\/shop\/\"},{\"@type\":\"ListItem\",\"position\":2,\"name\":\"Tienda\",\"item\":\"https:\/\/aivlisoft.net\/shop\/tienda\/\"},{\"@type\":\"ListItem\",\"position\":3,\"name\":\"Energy Sistem Auriculares Senshi Eco Verde\"}]},{\"@type\":\"WebSite\",\"@id\":\"https:\/\/aivlisoft.net\/shop\/#website\",\"url\":\"https:\/\/aivlisoft.net\/shop\/\",\"name\":\"Aivlisoft Inform\u00e1tica\",\"description\":\"En Aivlisoft Inform\u00e1tica ofrecemos soluciones tecnol\u00f3gicas para empresas: venta de ordenadores, consumibles, perif\u00e9ricos y m\u00e1s. Calidad, atenci\u00f3n personalizada y los mejores precios para tu negocio.\",\"publisher\":{\"@id\":\"https:\/\/aivlisoft.net\/shop\/#organization\"},\"potentialAction\":[{\"@type\":\"SearchAction\",\"target\":{\"@type\":\"EntryPoint\",\"urlTemplate\":\"https:\/\/aivlisoft.net\/shop\/?s={search_term_string}\"},\"query-input\":{\"@type\":\"PropertyValueSpecification\",\"valueRequired\":true,\"valueName\":\"search_term_string\"}}],\"inLanguage\":\"es\"},{\"@type\":\"Organization\",\"@id\":\"https:\/\/aivlisoft.net\/shop\/#organization\",\"name\":\"Aivlisoft Inform\u00e1tica\",\"url\":\"https:\/\/aivlisoft.net\/shop\/\",\"logo\":{\"@type\":\"ImageObject\",\"inLanguage\":\"es\",\"@id\":\"https:\/\/aivlisoft.net\/shop\/#\/schema\/logo\/image\/\",\"url\":\"https:\/\/aivlisoft.net\/shop\/wp-content\/uploads\/2024\/12\/removal.ai_5b848c54-0cdf-4140-95c5-c5536bb7573b-logodef.png\",\"contentUrl\":\"https:\/\/aivlisoft.net\/shop\/wp-content\/uploads\/2024\/12\/removal.ai_5b848c54-0cdf-4140-95c5-c5536bb7573b-logodef.png\",\"width\":484,\"height\":182,\"caption\":\"Aivlisoft Inform\u00e1tica\"},\"image\":{\"@id\":\"https:\/\/aivlisoft.net\/shop\/#\/schema\/logo\/image\/\"}}]}<\/script>\n<!-- \/ Yoast SEO plugin. -->","yoast_head_json":{"title":"Energy Sistem Auriculares Senshi Eco Verde - Aivlisoft Inform\u00e1tica","robots":{"index":"index","follow":"follow","max-snippet":"max-snippet:-1","max-image-preview":"max-image-preview:large","max-video-preview":"max-video-preview:-1"},"canonical":"https:\/\/aivlisoft.net\/shop\/producto\/energy-sistem-auriculares-senshi-eco-verde\/","og_locale":"es_ES","og_type":"article","og_title":"Energy Sistem Auriculares Senshi Eco Verde - Aivlisoft Inform\u00e1tica","og_description":"Auriculares True Wireless hechos con pl&aacute;stico reciclado (GRS). Proximity sensor para un uso sencillo y r&aacute;pido. Personaliza tu m&uacute;sica y controles gracias a ESmart Connect y Voice Assistant. Con 25 horas de bater&iacute;a entre auriculares y charging case. El planeta nos necesita. Es hora de pasar a la acci&oacute;n. Los auriculares True Wireless Senshi ECO&hellip;&nbsp;Energy Sistem Auriculares Senshi Eco Verde","og_url":"https:\/\/aivlisoft.net\/shop\/producto\/energy-sistem-auriculares-senshi-eco-verde\/","og_site_name":"Aivlisoft Inform\u00e1tica","article_modified_time":"2025-01-14T20:58:34+00:00","og_image":[{"width":800,"height":800,"url":"https:\/\/aivlisoft.net\/shop\/wp-content\/uploads\/2025\/01\/MAUAMI1087_800.jpg","type":"image\/jpeg"}],"twitter_card":"summary_large_image","twitter_misc":{"Tiempo de lectura":"2 minutos"},"schema":{"@context":"https:\/\/schema.org","@graph":[{"@type":"WebPage","@id":"https:\/\/aivlisoft.net\/shop\/producto\/energy-sistem-auriculares-senshi-eco-verde\/","url":"https:\/\/aivlisoft.net\/shop\/producto\/energy-sistem-auriculares-senshi-eco-verde\/","name":"Energy Sistem Auriculares Senshi Eco Verde - Aivlisoft Inform\u00e1tica","isPartOf":{"@id":"https:\/\/aivlisoft.net\/shop\/#website"},"primaryImageOfPage":{"@id":"https:\/\/aivlisoft.net\/shop\/producto\/energy-sistem-auriculares-senshi-eco-verde\/#primaryimage"},"image":{"@id":"https:\/\/aivlisoft.net\/shop\/producto\/energy-sistem-auriculares-senshi-eco-verde\/#primaryimage"},"thumbnailUrl":"https:\/\/aivlisoft.net\/shop\/wp-content\/uploads\/2025\/01\/MAUAMI1087_800.jpg","datePublished":"2025-01-13T14:58:03+00:00","dateModified":"2025-01-14T20:58:34+00:00","breadcrumb":{"@id":"https:\/\/aivlisoft.net\/shop\/producto\/energy-sistem-auriculares-senshi-eco-verde\/#breadcrumb"},"inLanguage":"es","potentialAction":[{"@type":"ReadAction","target":["https:\/\/aivlisoft.net\/shop\/producto\/energy-sistem-auriculares-senshi-eco-verde\/"]}]},{"@type":"ImageObject","inLanguage":"es","@id":"https:\/\/aivlisoft.net\/shop\/producto\/energy-sistem-auriculares-senshi-eco-verde\/#primaryimage","url":"https:\/\/aivlisoft.net\/shop\/wp-content\/uploads\/2025\/01\/MAUAMI1087_800.jpg","contentUrl":"https:\/\/aivlisoft.net\/shop\/wp-content\/uploads\/2025\/01\/MAUAMI1087_800.jpg","width":800,"height":800},{"@type":"BreadcrumbList","@id":"https:\/\/aivlisoft.net\/shop\/producto\/energy-sistem-auriculares-senshi-eco-verde\/#breadcrumb","itemListElement":[{"@type":"ListItem","position":1,"name":"Portada","item":"https:\/\/aivlisoft.net\/shop\/"},{"@type":"ListItem","position":2,"name":"Tienda","item":"https:\/\/aivlisoft.net\/shop\/tienda\/"},{"@type":"ListItem","position":3,"name":"Energy Sistem Auriculares Senshi Eco Verde"}]},{"@type":"WebSite","@id":"https:\/\/aivlisoft.net\/shop\/#website","url":"https:\/\/aivlisoft.net\/shop\/","name":"Aivlisoft Inform\u00e1tica","description":"En Aivlisoft Inform\u00e1tica ofrecemos soluciones tecnol\u00f3gicas para empresas: venta de ordenadores, consumibles, perif\u00e9ricos y m\u00e1s. Calidad, atenci\u00f3n personalizada y los mejores precios para tu negocio.","publisher":{"@id":"https:\/\/aivlisoft.net\/shop\/#organization"},"potentialAction":[{"@type":"SearchAction","target":{"@type":"EntryPoint","urlTemplate":"https:\/\/aivlisoft.net\/shop\/?s={search_term_string}"},"query-input":{"@type":"PropertyValueSpecification","valueRequired":true,"valueName":"search_term_string"}}],"inLanguage":"es"},{"@type":"Organization","@id":"https:\/\/aivlisoft.net\/shop\/#organization","name":"Aivlisoft Inform\u00e1tica","url":"https:\/\/aivlisoft.net\/shop\/","logo":{"@type":"ImageObject","inLanguage":"es","@id":"https:\/\/aivlisoft.net\/shop\/#\/schema\/logo\/image\/","url":"https:\/\/aivlisoft.net\/shop\/wp-content\/uploads\/2024\/12\/removal.ai_5b848c54-0cdf-4140-95c5-c5536bb7573b-logodef.png","contentUrl":"https:\/\/aivlisoft.net\/shop\/wp-content\/uploads\/2024\/12\/removal.ai_5b848c54-0cdf-4140-95c5-c5536bb7573b-logodef.png","width":484,"height":182,"caption":"Aivlisoft Inform\u00e1tica"},"image":{"@id":"https:\/\/aivlisoft.net\/shop\/#\/schema\/logo\/image\/"}}]}},"_links":{"self":[{"href":"https:\/\/aivlisoft.net\/shop\/wp-json\/wp\/v2\/product\/15964","targetHints":{"allow":["GET"]}}],"collection":[{"href":"https:\/\/aivlisoft.net\/shop\/wp-json\/wp\/v2\/product"}],"about":[{"href":"https:\/\/aivlisoft.net\/shop\/wp-json\/wp\/v2\/types\/product"}],"wp:featuredmedia":[{"embeddable":true,"href":"https:\/\/aivlisoft.net\/shop\/wp-json\/wp\/v2\/media\/15965"}],"wp:attachment":[{"href":"https:\/\/aivlisoft.net\/shop\/wp-json\/wp\/v2\/media?parent=15964"}],"wp:term":[{"taxonomy":"product_brand","embeddable":true,"href":"https:\/\/aivlisoft.net\/shop\/wp-json\/wp\/v2\/product_brand?post=15964"},{"taxonomy":"product_cat","embeddable":true,"href":"https:\/\/aivlisoft.net\/shop\/wp-json\/wp\/v2\/product_cat?post=15964"},{"taxonomy":"product_tag","embeddable":true,"href":"https:\/\/aivlisoft.net\/shop\/wp-json\/wp\/v2\/product_tag?post=15964"}],"curies":[{"name":"wp","href":"https:\/\/api.w.org\/{rel}","templated":true}]}}