{"id":15939,"date":"2025-01-13T14:57:50","date_gmt":"2025-01-13T14:57:50","guid":{"rendered":"https:\/\/aivlisoft.com\/?post_type=product&#038;p=15939"},"modified":"2025-01-14T20:58:38","modified_gmt":"2025-01-14T20:58:38","slug":"spirit-of-gamer-auricular-pro-h3-multiplateforme","status":"publish","type":"product","link":"https:\/\/aivlisoft.net\/shop\/producto\/spirit-of-gamer-auricular-pro-h3-multiplateforme\/","title":{"rendered":"Spirit of Gamer Auricular Pro H3 Multiplateforme"},"content":{"rendered":"<p><strong>PRO-H3 Edition<\/strong><br \/>Es una nueva gama de auriculares est&eacute;reo 2.0 especialmente dise&ntilde;ados para sumergirte directamente en el coraz&oacute;n de la acci&oacute;n. Los altavoces de 50 mm ofrecen sonidos de una claridad asombrosa y graves poderosos.<\/p>\n<p><strong>Compatible con m&uacute;ltiples plataformas<\/strong><br \/>Los auriculares se conectan directamente a la toma de 3.5 mm de su PlayStation, Xbox, consola Nintendo Switch e incluso su tel&eacute;fono inteligente, su Mac usando su cable principal. Se incluye una extensi&oacute;n de 20 cm para conectar los auriculares a los puertos de audio HD de su PC.<\/p>\n<p><strong>Micr&oacute;fono omnidireccional<\/strong><br \/>Garantiza conversaciones claras y precisas con sus compa&ntilde;eros. Flexible y retr&aacute;ctil, se puede ajustar y guardar r&aacute;pidamente. Su control remoto por cable permite ajustar f&aacute;cilmente el volumen y controlar el micr&oacute;fono.<\/p>\n<p>El dise&ntilde;o circum-aural de los auriculares que abarca sus o&iacute;dos, la ligereza de los auriculares ofrece un aislamiento sonoro perfecto para mantenerse concentrado en su juego. Las almohadillas y la almohadilla ajustable de simulacro est&aacute;n acolchadas para una comodidad duradera.<\/p>\n<table class=\"tabla_caracteristicas\" width=\"100%\">\n<tr>\n<td valign=\"top\"><strong>Marca<\/strong><\/td>\n<td>Spirit of Gamer<\/td>\n<\/tr>\n<tr>\n<td valign=\"top\"><strong>Modelo<\/strong><\/td>\n<td><strong>MIC-PH3MP<\/strong><\/td>\n<\/tr>\n<tr>\n<td valign=\"top\"><strong>Caracter&iacute;sticas<\/strong><\/td>\n<td>&#8211; Plataforma(s) compatibles:<br \/>\t\t\t&nbsp; Interruptor de nintendo<br \/>\t\t\t&nbsp; La PlayStation 4<br \/>\t\t\t&nbsp; La PlayStation 5<br \/>\t\t\t&nbsp; Ordenador personal<br \/>\t\t\t&nbsp; Tel&eacute;fonos inteligentes<br \/>\t\t\t&nbsp; XBOX Serie S<br \/>\t\t\t&nbsp; XBOX Serie X<br \/>\t\t\t&nbsp; XBOX Uno<br \/>\t\t\t&#8211; Est&aacute;ndar de audio:<br \/>\t\t\t&nbsp; Estereo<br \/>\t\t\t&nbsp; Windows Sonic<br \/>\t\t\t&#8211; Enlace principal: Cable Jack 3<br \/>\t\t\t&#8211; Conector secundario: Adaptador Jack 3 PC<br \/>\t\t\t&#8211; Tipo de casco: Circuito auricular<br \/>\t\t\t&#8211; Sensibilidad de casco: 112dB (+\/-3dB)<br \/>\t\t\t&#8211; Frecuencia del casco: 20 ~ 20 KHz<br \/>\t\t\t&#8211; Impedancia del casco: 21 ohmios<br \/>\t\t\t&#8211; Tipo de micr&oacute;fono:<br \/>\t\t\t&nbsp; En todas direcciones<br \/>\t\t\t&nbsp; Flexible<br \/>\t\t\t&#8211; Sensibilidad del micr&oacute;fono: -42 dB (+\/- 3 dB)<br \/>\t\t\t&#8211; Frecuencia del micr&oacute;fono: 20 ~ 20 KHz<br \/>\t\t\t&#8211; Impedancia del micr&oacute;fono: 2<br \/>\t\t\t&#8211; Conexi&oacute;n: Jack de cuerda 3<br \/>\t\t\t&#8211; Tipo de cable: Est&aacute;ndar<br \/>\t\t\t&#8211; Materiales<br \/>\t\t\t&nbsp; Almohadillas HP<br \/>\t\t\t&nbsp; Bandeau<br \/>\t\t\t&nbsp; Base de arco<br \/>\t\t\t<strong>Contenido<\/strong><br \/>\t\t\t&nbsp; Adaptador de computadora<br \/>\t\t\t&nbsp; Cascos PRO-H3<br \/>\t\t\t&nbsp; Gu&iacute;a de instalaci&oacute;n r&aacute;pida<\/td>\n<\/tr>\n<tr>\n<td valign=\"top\"><strong>Fecha de revisi&oacute;n<\/strong><\/td>\n<td>22-08-2023 por RTY<\/td>\n<\/tr>\n<\/table>\n","protected":false},"excerpt":{"rendered":"<p>PRO-H3 EditionEs una nueva gama de auriculares est&eacute;reo 2.0 especialmente dise&ntilde;ados para sumergirte directamente en el coraz&oacute;n de la acci&oacute;n. Los altavoces de 50 mm ofrecen sonidos de una claridad asombrosa y graves poderosos. Compatible con m&uacute;ltiples plataformasLos auriculares se conectan directamente a la toma de 3.5 mm de su PlayStation, Xbox, consola Nintendo Switch&hellip;&nbsp;<a href=\"https:\/\/aivlisoft.net\/shop\/producto\/spirit-of-gamer-auricular-pro-h3-multiplateforme\/\" rel=\"bookmark\"><span class=\"screen-reader-text\">Spirit of Gamer Auricular Pro H3 Multiplateforme<\/span><\/a><\/p>\n","protected":false},"featured_media":15940,"template":"","meta":{"neve_meta_sidebar":"","neve_meta_container":"","neve_meta_enable_content_width":"","neve_meta_content_width":0,"neve_meta_title_alignment":"","neve_meta_author_avatar":"","neve_post_elements_order":"","neve_meta_disable_header":"","neve_meta_disable_footer":"","neve_meta_disable_title":""},"product_brand":[],"product_cat":[15,790,957,5818],"product_tag":[5983],"class_list":{"0":"post-15939","1":"product","2":"type-product","3":"status-publish","4":"has-post-thumbnail","6":"product_cat-sin-categorizar","7":"product_cat-accesorios-gaming","8":"product_cat-accesorios-imagen-y-sonido","9":"product_cat-audio","10":"product_tag-mic-ph3mp","12":"first","13":"instock","14":"taxable","15":"shipping-taxable","16":"purchasable","17":"product-type-simple"},"yoast_head":"<!-- This site is optimized with the Yoast SEO plugin v26.0 - https:\/\/yoast.com\/wordpress\/plugins\/seo\/ -->\n<title>Spirit of Gamer Auricular Pro H3 Multiplateforme - Aivlisoft Inform\u00e1tica<\/title>\n<meta name=\"robots\" content=\"index, follow, max-snippet:-1, max-image-preview:large, max-video-preview:-1\" \/>\n<link rel=\"canonical\" href=\"https:\/\/aivlisoft.net\/shop\/producto\/spirit-of-gamer-auricular-pro-h3-multiplateforme\/\" \/>\n<meta property=\"og:locale\" content=\"es_ES\" \/>\n<meta property=\"og:type\" content=\"article\" \/>\n<meta property=\"og:title\" content=\"Spirit of Gamer Auricular Pro H3 Multiplateforme - Aivlisoft Inform\u00e1tica\" \/>\n<meta property=\"og:description\" content=\"PRO-H3 EditionEs una nueva gama de auriculares est&eacute;reo 2.0 especialmente dise&ntilde;ados para sumergirte directamente en el coraz&oacute;n de la acci&oacute;n. Los altavoces de 50 mm ofrecen sonidos de una claridad asombrosa y graves poderosos. Compatible con m&uacute;ltiples plataformasLos auriculares se conectan directamente a la toma de 3.5 mm de su PlayStation, Xbox, consola Nintendo Switch&hellip;&nbsp;Spirit of Gamer Auricular Pro H3 Multiplateforme\" \/>\n<meta property=\"og:url\" content=\"https:\/\/aivlisoft.net\/shop\/producto\/spirit-of-gamer-auricular-pro-h3-multiplateforme\/\" \/>\n<meta property=\"og:site_name\" content=\"Aivlisoft Inform\u00e1tica\" \/>\n<meta property=\"article:modified_time\" content=\"2025-01-14T20:58:38+00:00\" \/>\n<meta property=\"og:image\" content=\"https:\/\/aivlisoft.net\/shop\/wp-content\/uploads\/2025\/01\/MAUAMI1080_800.jpg\" \/>\n\t<meta property=\"og:image:width\" content=\"800\" \/>\n\t<meta property=\"og:image:height\" content=\"800\" \/>\n\t<meta property=\"og:image:type\" content=\"image\/jpeg\" \/>\n<meta name=\"twitter:card\" content=\"summary_large_image\" \/>\n<meta name=\"twitter:label1\" content=\"Tiempo de lectura\" \/>\n\t<meta name=\"twitter:data1\" content=\"2 minutos\" \/>\n<script type=\"application\/ld+json\" class=\"yoast-schema-graph\">{\"@context\":\"https:\/\/schema.org\",\"@graph\":[{\"@type\":\"WebPage\",\"@id\":\"https:\/\/aivlisoft.net\/shop\/producto\/spirit-of-gamer-auricular-pro-h3-multiplateforme\/\",\"url\":\"https:\/\/aivlisoft.net\/shop\/producto\/spirit-of-gamer-auricular-pro-h3-multiplateforme\/\",\"name\":\"Spirit of Gamer Auricular Pro H3 Multiplateforme - Aivlisoft Inform\u00e1tica\",\"isPartOf\":{\"@id\":\"https:\/\/aivlisoft.net\/shop\/#website\"},\"primaryImageOfPage\":{\"@id\":\"https:\/\/aivlisoft.net\/shop\/producto\/spirit-of-gamer-auricular-pro-h3-multiplateforme\/#primaryimage\"},\"image\":{\"@id\":\"https:\/\/aivlisoft.net\/shop\/producto\/spirit-of-gamer-auricular-pro-h3-multiplateforme\/#primaryimage\"},\"thumbnailUrl\":\"https:\/\/aivlisoft.net\/shop\/wp-content\/uploads\/2025\/01\/MAUAMI1080_800.jpg\",\"datePublished\":\"2025-01-13T14:57:50+00:00\",\"dateModified\":\"2025-01-14T20:58:38+00:00\",\"breadcrumb\":{\"@id\":\"https:\/\/aivlisoft.net\/shop\/producto\/spirit-of-gamer-auricular-pro-h3-multiplateforme\/#breadcrumb\"},\"inLanguage\":\"es\",\"potentialAction\":[{\"@type\":\"ReadAction\",\"target\":[\"https:\/\/aivlisoft.net\/shop\/producto\/spirit-of-gamer-auricular-pro-h3-multiplateforme\/\"]}]},{\"@type\":\"ImageObject\",\"inLanguage\":\"es\",\"@id\":\"https:\/\/aivlisoft.net\/shop\/producto\/spirit-of-gamer-auricular-pro-h3-multiplateforme\/#primaryimage\",\"url\":\"https:\/\/aivlisoft.net\/shop\/wp-content\/uploads\/2025\/01\/MAUAMI1080_800.jpg\",\"contentUrl\":\"https:\/\/aivlisoft.net\/shop\/wp-content\/uploads\/2025\/01\/MAUAMI1080_800.jpg\",\"width\":800,\"height\":800},{\"@type\":\"BreadcrumbList\",\"@id\":\"https:\/\/aivlisoft.net\/shop\/producto\/spirit-of-gamer-auricular-pro-h3-multiplateforme\/#breadcrumb\",\"itemListElement\":[{\"@type\":\"ListItem\",\"position\":1,\"name\":\"Portada\",\"item\":\"https:\/\/aivlisoft.net\/shop\/\"},{\"@type\":\"ListItem\",\"position\":2,\"name\":\"Tienda\",\"item\":\"https:\/\/aivlisoft.net\/shop\/tienda\/\"},{\"@type\":\"ListItem\",\"position\":3,\"name\":\"Spirit of Gamer Auricular Pro H3 Multiplateforme\"}]},{\"@type\":\"WebSite\",\"@id\":\"https:\/\/aivlisoft.net\/shop\/#website\",\"url\":\"https:\/\/aivlisoft.net\/shop\/\",\"name\":\"Aivlisoft Inform\u00e1tica\",\"description\":\"En Aivlisoft Inform\u00e1tica ofrecemos soluciones tecnol\u00f3gicas para empresas: venta de ordenadores, consumibles, perif\u00e9ricos y m\u00e1s. Calidad, atenci\u00f3n personalizada y los mejores precios para tu negocio.\",\"publisher\":{\"@id\":\"https:\/\/aivlisoft.net\/shop\/#organization\"},\"potentialAction\":[{\"@type\":\"SearchAction\",\"target\":{\"@type\":\"EntryPoint\",\"urlTemplate\":\"https:\/\/aivlisoft.net\/shop\/?s={search_term_string}\"},\"query-input\":{\"@type\":\"PropertyValueSpecification\",\"valueRequired\":true,\"valueName\":\"search_term_string\"}}],\"inLanguage\":\"es\"},{\"@type\":\"Organization\",\"@id\":\"https:\/\/aivlisoft.net\/shop\/#organization\",\"name\":\"Aivlisoft Inform\u00e1tica\",\"url\":\"https:\/\/aivlisoft.net\/shop\/\",\"logo\":{\"@type\":\"ImageObject\",\"inLanguage\":\"es\",\"@id\":\"https:\/\/aivlisoft.net\/shop\/#\/schema\/logo\/image\/\",\"url\":\"https:\/\/aivlisoft.net\/shop\/wp-content\/uploads\/2024\/12\/removal.ai_5b848c54-0cdf-4140-95c5-c5536bb7573b-logodef.png\",\"contentUrl\":\"https:\/\/aivlisoft.net\/shop\/wp-content\/uploads\/2024\/12\/removal.ai_5b848c54-0cdf-4140-95c5-c5536bb7573b-logodef.png\",\"width\":484,\"height\":182,\"caption\":\"Aivlisoft Inform\u00e1tica\"},\"image\":{\"@id\":\"https:\/\/aivlisoft.net\/shop\/#\/schema\/logo\/image\/\"}}]}<\/script>\n<!-- \/ Yoast SEO plugin. -->","yoast_head_json":{"title":"Spirit of Gamer Auricular Pro H3 Multiplateforme - Aivlisoft Inform\u00e1tica","robots":{"index":"index","follow":"follow","max-snippet":"max-snippet:-1","max-image-preview":"max-image-preview:large","max-video-preview":"max-video-preview:-1"},"canonical":"https:\/\/aivlisoft.net\/shop\/producto\/spirit-of-gamer-auricular-pro-h3-multiplateforme\/","og_locale":"es_ES","og_type":"article","og_title":"Spirit of Gamer Auricular Pro H3 Multiplateforme - Aivlisoft Inform\u00e1tica","og_description":"PRO-H3 EditionEs una nueva gama de auriculares est&eacute;reo 2.0 especialmente dise&ntilde;ados para sumergirte directamente en el coraz&oacute;n de la acci&oacute;n. Los altavoces de 50 mm ofrecen sonidos de una claridad asombrosa y graves poderosos. Compatible con m&uacute;ltiples plataformasLos auriculares se conectan directamente a la toma de 3.5 mm de su PlayStation, Xbox, consola Nintendo Switch&hellip;&nbsp;Spirit of Gamer Auricular Pro H3 Multiplateforme","og_url":"https:\/\/aivlisoft.net\/shop\/producto\/spirit-of-gamer-auricular-pro-h3-multiplateforme\/","og_site_name":"Aivlisoft Inform\u00e1tica","article_modified_time":"2025-01-14T20:58:38+00:00","og_image":[{"width":800,"height":800,"url":"https:\/\/aivlisoft.net\/shop\/wp-content\/uploads\/2025\/01\/MAUAMI1080_800.jpg","type":"image\/jpeg"}],"twitter_card":"summary_large_image","twitter_misc":{"Tiempo de lectura":"2 minutos"},"schema":{"@context":"https:\/\/schema.org","@graph":[{"@type":"WebPage","@id":"https:\/\/aivlisoft.net\/shop\/producto\/spirit-of-gamer-auricular-pro-h3-multiplateforme\/","url":"https:\/\/aivlisoft.net\/shop\/producto\/spirit-of-gamer-auricular-pro-h3-multiplateforme\/","name":"Spirit of Gamer Auricular Pro H3 Multiplateforme - Aivlisoft Inform\u00e1tica","isPartOf":{"@id":"https:\/\/aivlisoft.net\/shop\/#website"},"primaryImageOfPage":{"@id":"https:\/\/aivlisoft.net\/shop\/producto\/spirit-of-gamer-auricular-pro-h3-multiplateforme\/#primaryimage"},"image":{"@id":"https:\/\/aivlisoft.net\/shop\/producto\/spirit-of-gamer-auricular-pro-h3-multiplateforme\/#primaryimage"},"thumbnailUrl":"https:\/\/aivlisoft.net\/shop\/wp-content\/uploads\/2025\/01\/MAUAMI1080_800.jpg","datePublished":"2025-01-13T14:57:50+00:00","dateModified":"2025-01-14T20:58:38+00:00","breadcrumb":{"@id":"https:\/\/aivlisoft.net\/shop\/producto\/spirit-of-gamer-auricular-pro-h3-multiplateforme\/#breadcrumb"},"inLanguage":"es","potentialAction":[{"@type":"ReadAction","target":["https:\/\/aivlisoft.net\/shop\/producto\/spirit-of-gamer-auricular-pro-h3-multiplateforme\/"]}]},{"@type":"ImageObject","inLanguage":"es","@id":"https:\/\/aivlisoft.net\/shop\/producto\/spirit-of-gamer-auricular-pro-h3-multiplateforme\/#primaryimage","url":"https:\/\/aivlisoft.net\/shop\/wp-content\/uploads\/2025\/01\/MAUAMI1080_800.jpg","contentUrl":"https:\/\/aivlisoft.net\/shop\/wp-content\/uploads\/2025\/01\/MAUAMI1080_800.jpg","width":800,"height":800},{"@type":"BreadcrumbList","@id":"https:\/\/aivlisoft.net\/shop\/producto\/spirit-of-gamer-auricular-pro-h3-multiplateforme\/#breadcrumb","itemListElement":[{"@type":"ListItem","position":1,"name":"Portada","item":"https:\/\/aivlisoft.net\/shop\/"},{"@type":"ListItem","position":2,"name":"Tienda","item":"https:\/\/aivlisoft.net\/shop\/tienda\/"},{"@type":"ListItem","position":3,"name":"Spirit of Gamer Auricular Pro H3 Multiplateforme"}]},{"@type":"WebSite","@id":"https:\/\/aivlisoft.net\/shop\/#website","url":"https:\/\/aivlisoft.net\/shop\/","name":"Aivlisoft Inform\u00e1tica","description":"En Aivlisoft Inform\u00e1tica ofrecemos soluciones tecnol\u00f3gicas para empresas: venta de ordenadores, consumibles, perif\u00e9ricos y m\u00e1s. Calidad, atenci\u00f3n personalizada y los mejores precios para tu negocio.","publisher":{"@id":"https:\/\/aivlisoft.net\/shop\/#organization"},"potentialAction":[{"@type":"SearchAction","target":{"@type":"EntryPoint","urlTemplate":"https:\/\/aivlisoft.net\/shop\/?s={search_term_string}"},"query-input":{"@type":"PropertyValueSpecification","valueRequired":true,"valueName":"search_term_string"}}],"inLanguage":"es"},{"@type":"Organization","@id":"https:\/\/aivlisoft.net\/shop\/#organization","name":"Aivlisoft Inform\u00e1tica","url":"https:\/\/aivlisoft.net\/shop\/","logo":{"@type":"ImageObject","inLanguage":"es","@id":"https:\/\/aivlisoft.net\/shop\/#\/schema\/logo\/image\/","url":"https:\/\/aivlisoft.net\/shop\/wp-content\/uploads\/2024\/12\/removal.ai_5b848c54-0cdf-4140-95c5-c5536bb7573b-logodef.png","contentUrl":"https:\/\/aivlisoft.net\/shop\/wp-content\/uploads\/2024\/12\/removal.ai_5b848c54-0cdf-4140-95c5-c5536bb7573b-logodef.png","width":484,"height":182,"caption":"Aivlisoft Inform\u00e1tica"},"image":{"@id":"https:\/\/aivlisoft.net\/shop\/#\/schema\/logo\/image\/"}}]}},"_links":{"self":[{"href":"https:\/\/aivlisoft.net\/shop\/wp-json\/wp\/v2\/product\/15939","targetHints":{"allow":["GET"]}}],"collection":[{"href":"https:\/\/aivlisoft.net\/shop\/wp-json\/wp\/v2\/product"}],"about":[{"href":"https:\/\/aivlisoft.net\/shop\/wp-json\/wp\/v2\/types\/product"}],"wp:featuredmedia":[{"embeddable":true,"href":"https:\/\/aivlisoft.net\/shop\/wp-json\/wp\/v2\/media\/15940"}],"wp:attachment":[{"href":"https:\/\/aivlisoft.net\/shop\/wp-json\/wp\/v2\/media?parent=15939"}],"wp:term":[{"taxonomy":"product_brand","embeddable":true,"href":"https:\/\/aivlisoft.net\/shop\/wp-json\/wp\/v2\/product_brand?post=15939"},{"taxonomy":"product_cat","embeddable":true,"href":"https:\/\/aivlisoft.net\/shop\/wp-json\/wp\/v2\/product_cat?post=15939"},{"taxonomy":"product_tag","embeddable":true,"href":"https:\/\/aivlisoft.net\/shop\/wp-json\/wp\/v2\/product_tag?post=15939"}],"curies":[{"name":"wp","href":"https:\/\/api.w.org\/{rel}","templated":true}]}}