{"id":15927,"date":"2025-01-13T14:57:41","date_gmt":"2025-01-13T14:57:41","guid":{"rendered":"https:\/\/aivlisoft.com\/?post_type=product&#038;p=15927"},"modified":"2025-01-14T20:58:40","modified_gmt":"2025-01-14T20:58:40","slug":"denver-btn-210-auriculares-bluetooth-con-anc","status":"publish","type":"product","link":"https:\/\/aivlisoft.net\/shop\/producto\/denver-btn-210-auriculares-bluetooth-con-anc\/","title":{"rendered":"Denver BTN-210 Auriculares Bluetooth con ANC"},"content":{"rendered":"<p><\/p>\n<table class=\"tabla_caracteristicas\" width=\"100%\">\n<tr>\n<td valign=\"top\"><strong>Marca<\/strong><\/td>\n<td>Denver<\/td>\n<\/tr>\n<tr>\n<td valign=\"top\"><strong>Modelo<\/strong><\/td>\n<td><strong>111191020380<\/strong><\/td>\n<\/tr>\n<tr>\n<td valign=\"top\"><strong>Caracter&iacute;sticas<\/strong><\/td>\n<td>&#8211; Auriculares Bluetooth inal&aacute;mbricos con cancelaci&oacute;n de ruido<br \/>\t\t\t&#8211; ANC cancelaci&oacute;n activa de ruido: -25dB<br \/>\t\t\t&#8211; Bluetooth 5.1<br \/>\t\t\t&#8211; Funci&oacute;n manos libres: Atiende llamadas con los auriculares puestos<br \/>\t\t\t&#8211; Micr&oacute;fono incorporado<br \/>\t\t\t&#8211; Auriculares giratorios de 90&deg;<br \/>\t\t\t&#8211; Rango de operaci&oacute;n de hasta 10 metros<br \/>\t\t\t&#8211; Tambi&eacute;n entrada AUX para uso con cable (necesita alimentaci&oacute;n para funcionar)<br \/>\t\t\t&#8211; Puerto de carga USB-C<br \/>\t\t\t&#8211; Bater&iacute;a de litio recargable incorporada de 20 horas(300 mAh)<br \/>\t\t\t&#8211; Dimensiones: 19.00 x 8.00 x 17.00 cm<\/td>\n<\/tr>\n<tr>\n<td valign=\"top\"><strong>Fecha de revisi&oacute;n<\/strong><\/td>\n<td>01-06-2023 por RTY<\/td>\n<\/tr>\n<\/table>\n","protected":false},"excerpt":{"rendered":"<p>Marca Denver Modelo 111191020380 Caracter&iacute;sticas &#8211; Auriculares Bluetooth inal&aacute;mbricos con cancelaci&oacute;n de ruido &#8211; ANC cancelaci&oacute;n activa de ruido: -25dB &#8211; Bluetooth 5.1 &#8211; Funci&oacute;n manos libres: Atiende llamadas con los auriculares puestos &#8211; Micr&oacute;fono incorporado &#8211; Auriculares giratorios de 90&deg; &#8211; Rango de operaci&oacute;n de hasta 10 metros &#8211; Tambi&eacute;n entrada AUX para uso&hellip;&nbsp;<a href=\"https:\/\/aivlisoft.net\/shop\/producto\/denver-btn-210-auriculares-bluetooth-con-anc\/\" rel=\"bookmark\"><span class=\"screen-reader-text\">Denver BTN-210 Auriculares Bluetooth con ANC<\/span><\/a><\/p>\n","protected":false},"featured_media":15928,"template":"","meta":{"neve_meta_sidebar":"","neve_meta_container":"","neve_meta_enable_content_width":"","neve_meta_content_width":0,"neve_meta_title_alignment":"","neve_meta_author_avatar":"","neve_post_elements_order":"","neve_meta_disable_header":"","neve_meta_disable_footer":"","neve_meta_disable_title":""},"product_brand":[],"product_cat":[15,790,957,5818],"product_tag":[5980],"class_list":{"0":"post-15927","1":"product","2":"type-product","3":"status-publish","4":"has-post-thumbnail","6":"product_cat-sin-categorizar","7":"product_cat-accesorios-gaming","8":"product_cat-accesorios-imagen-y-sonido","9":"product_cat-audio","10":"product_tag-5980","12":"first","13":"instock","14":"taxable","15":"shipping-taxable","16":"purchasable","17":"product-type-simple"},"yoast_head":"<!-- This site is optimized with the Yoast SEO plugin v26.0 - https:\/\/yoast.com\/wordpress\/plugins\/seo\/ -->\n<title>Denver BTN-210 Auriculares Bluetooth con ANC - Aivlisoft Inform\u00e1tica<\/title>\n<meta name=\"robots\" content=\"index, follow, max-snippet:-1, max-image-preview:large, max-video-preview:-1\" \/>\n<link rel=\"canonical\" href=\"https:\/\/aivlisoft.net\/shop\/producto\/denver-btn-210-auriculares-bluetooth-con-anc\/\" \/>\n<meta property=\"og:locale\" content=\"es_ES\" \/>\n<meta property=\"og:type\" content=\"article\" \/>\n<meta property=\"og:title\" content=\"Denver BTN-210 Auriculares Bluetooth con ANC - Aivlisoft Inform\u00e1tica\" \/>\n<meta property=\"og:description\" content=\"Marca Denver Modelo 111191020380 Caracter&iacute;sticas &#8211; Auriculares Bluetooth inal&aacute;mbricos con cancelaci&oacute;n de ruido &#8211; ANC cancelaci&oacute;n activa de ruido: -25dB &#8211; Bluetooth 5.1 &#8211; Funci&oacute;n manos libres: Atiende llamadas con los auriculares puestos &#8211; Micr&oacute;fono incorporado &#8211; Auriculares giratorios de 90&deg; &#8211; Rango de operaci&oacute;n de hasta 10 metros &#8211; Tambi&eacute;n entrada AUX para uso&hellip;&nbsp;Denver BTN-210 Auriculares Bluetooth con ANC\" \/>\n<meta property=\"og:url\" content=\"https:\/\/aivlisoft.net\/shop\/producto\/denver-btn-210-auriculares-bluetooth-con-anc\/\" \/>\n<meta property=\"og:site_name\" content=\"Aivlisoft Inform\u00e1tica\" \/>\n<meta property=\"article:modified_time\" content=\"2025-01-14T20:58:40+00:00\" \/>\n<meta property=\"og:image\" content=\"https:\/\/aivlisoft.net\/shop\/wp-content\/uploads\/2025\/01\/MAUAMI1073_800.jpg\" \/>\n\t<meta property=\"og:image:width\" content=\"800\" \/>\n\t<meta property=\"og:image:height\" content=\"800\" \/>\n\t<meta property=\"og:image:type\" content=\"image\/jpeg\" \/>\n<meta name=\"twitter:card\" content=\"summary_large_image\" \/>\n<meta name=\"twitter:label1\" content=\"Tiempo de lectura\" \/>\n\t<meta name=\"twitter:data1\" content=\"1 minuto\" \/>\n<script type=\"application\/ld+json\" class=\"yoast-schema-graph\">{\"@context\":\"https:\/\/schema.org\",\"@graph\":[{\"@type\":\"WebPage\",\"@id\":\"https:\/\/aivlisoft.net\/shop\/producto\/denver-btn-210-auriculares-bluetooth-con-anc\/\",\"url\":\"https:\/\/aivlisoft.net\/shop\/producto\/denver-btn-210-auriculares-bluetooth-con-anc\/\",\"name\":\"Denver BTN-210 Auriculares Bluetooth con ANC - Aivlisoft Inform\u00e1tica\",\"isPartOf\":{\"@id\":\"https:\/\/aivlisoft.net\/shop\/#website\"},\"primaryImageOfPage\":{\"@id\":\"https:\/\/aivlisoft.net\/shop\/producto\/denver-btn-210-auriculares-bluetooth-con-anc\/#primaryimage\"},\"image\":{\"@id\":\"https:\/\/aivlisoft.net\/shop\/producto\/denver-btn-210-auriculares-bluetooth-con-anc\/#primaryimage\"},\"thumbnailUrl\":\"https:\/\/aivlisoft.net\/shop\/wp-content\/uploads\/2025\/01\/MAUAMI1073_800.jpg\",\"datePublished\":\"2025-01-13T14:57:41+00:00\",\"dateModified\":\"2025-01-14T20:58:40+00:00\",\"breadcrumb\":{\"@id\":\"https:\/\/aivlisoft.net\/shop\/producto\/denver-btn-210-auriculares-bluetooth-con-anc\/#breadcrumb\"},\"inLanguage\":\"es\",\"potentialAction\":[{\"@type\":\"ReadAction\",\"target\":[\"https:\/\/aivlisoft.net\/shop\/producto\/denver-btn-210-auriculares-bluetooth-con-anc\/\"]}]},{\"@type\":\"ImageObject\",\"inLanguage\":\"es\",\"@id\":\"https:\/\/aivlisoft.net\/shop\/producto\/denver-btn-210-auriculares-bluetooth-con-anc\/#primaryimage\",\"url\":\"https:\/\/aivlisoft.net\/shop\/wp-content\/uploads\/2025\/01\/MAUAMI1073_800.jpg\",\"contentUrl\":\"https:\/\/aivlisoft.net\/shop\/wp-content\/uploads\/2025\/01\/MAUAMI1073_800.jpg\",\"width\":800,\"height\":800},{\"@type\":\"BreadcrumbList\",\"@id\":\"https:\/\/aivlisoft.net\/shop\/producto\/denver-btn-210-auriculares-bluetooth-con-anc\/#breadcrumb\",\"itemListElement\":[{\"@type\":\"ListItem\",\"position\":1,\"name\":\"Portada\",\"item\":\"https:\/\/aivlisoft.net\/shop\/\"},{\"@type\":\"ListItem\",\"position\":2,\"name\":\"Tienda\",\"item\":\"https:\/\/aivlisoft.net\/shop\/tienda\/\"},{\"@type\":\"ListItem\",\"position\":3,\"name\":\"Denver BTN-210 Auriculares Bluetooth con ANC\"}]},{\"@type\":\"WebSite\",\"@id\":\"https:\/\/aivlisoft.net\/shop\/#website\",\"url\":\"https:\/\/aivlisoft.net\/shop\/\",\"name\":\"Aivlisoft Inform\u00e1tica\",\"description\":\"En Aivlisoft Inform\u00e1tica ofrecemos soluciones tecnol\u00f3gicas para empresas: venta de ordenadores, consumibles, perif\u00e9ricos y m\u00e1s. Calidad, atenci\u00f3n personalizada y los mejores precios para tu negocio.\",\"publisher\":{\"@id\":\"https:\/\/aivlisoft.net\/shop\/#organization\"},\"potentialAction\":[{\"@type\":\"SearchAction\",\"target\":{\"@type\":\"EntryPoint\",\"urlTemplate\":\"https:\/\/aivlisoft.net\/shop\/?s={search_term_string}\"},\"query-input\":{\"@type\":\"PropertyValueSpecification\",\"valueRequired\":true,\"valueName\":\"search_term_string\"}}],\"inLanguage\":\"es\"},{\"@type\":\"Organization\",\"@id\":\"https:\/\/aivlisoft.net\/shop\/#organization\",\"name\":\"Aivlisoft Inform\u00e1tica\",\"url\":\"https:\/\/aivlisoft.net\/shop\/\",\"logo\":{\"@type\":\"ImageObject\",\"inLanguage\":\"es\",\"@id\":\"https:\/\/aivlisoft.net\/shop\/#\/schema\/logo\/image\/\",\"url\":\"https:\/\/aivlisoft.net\/shop\/wp-content\/uploads\/2024\/12\/removal.ai_5b848c54-0cdf-4140-95c5-c5536bb7573b-logodef.png\",\"contentUrl\":\"https:\/\/aivlisoft.net\/shop\/wp-content\/uploads\/2024\/12\/removal.ai_5b848c54-0cdf-4140-95c5-c5536bb7573b-logodef.png\",\"width\":484,\"height\":182,\"caption\":\"Aivlisoft Inform\u00e1tica\"},\"image\":{\"@id\":\"https:\/\/aivlisoft.net\/shop\/#\/schema\/logo\/image\/\"}}]}<\/script>\n<!-- \/ Yoast SEO plugin. -->","yoast_head_json":{"title":"Denver BTN-210 Auriculares Bluetooth con ANC - Aivlisoft Inform\u00e1tica","robots":{"index":"index","follow":"follow","max-snippet":"max-snippet:-1","max-image-preview":"max-image-preview:large","max-video-preview":"max-video-preview:-1"},"canonical":"https:\/\/aivlisoft.net\/shop\/producto\/denver-btn-210-auriculares-bluetooth-con-anc\/","og_locale":"es_ES","og_type":"article","og_title":"Denver BTN-210 Auriculares Bluetooth con ANC - Aivlisoft Inform\u00e1tica","og_description":"Marca Denver Modelo 111191020380 Caracter&iacute;sticas &#8211; Auriculares Bluetooth inal&aacute;mbricos con cancelaci&oacute;n de ruido &#8211; ANC cancelaci&oacute;n activa de ruido: -25dB &#8211; Bluetooth 5.1 &#8211; Funci&oacute;n manos libres: Atiende llamadas con los auriculares puestos &#8211; Micr&oacute;fono incorporado &#8211; Auriculares giratorios de 90&deg; &#8211; Rango de operaci&oacute;n de hasta 10 metros &#8211; Tambi&eacute;n entrada AUX para uso&hellip;&nbsp;Denver BTN-210 Auriculares Bluetooth con ANC","og_url":"https:\/\/aivlisoft.net\/shop\/producto\/denver-btn-210-auriculares-bluetooth-con-anc\/","og_site_name":"Aivlisoft Inform\u00e1tica","article_modified_time":"2025-01-14T20:58:40+00:00","og_image":[{"width":800,"height":800,"url":"https:\/\/aivlisoft.net\/shop\/wp-content\/uploads\/2025\/01\/MAUAMI1073_800.jpg","type":"image\/jpeg"}],"twitter_card":"summary_large_image","twitter_misc":{"Tiempo de lectura":"1 minuto"},"schema":{"@context":"https:\/\/schema.org","@graph":[{"@type":"WebPage","@id":"https:\/\/aivlisoft.net\/shop\/producto\/denver-btn-210-auriculares-bluetooth-con-anc\/","url":"https:\/\/aivlisoft.net\/shop\/producto\/denver-btn-210-auriculares-bluetooth-con-anc\/","name":"Denver BTN-210 Auriculares Bluetooth con ANC - Aivlisoft Inform\u00e1tica","isPartOf":{"@id":"https:\/\/aivlisoft.net\/shop\/#website"},"primaryImageOfPage":{"@id":"https:\/\/aivlisoft.net\/shop\/producto\/denver-btn-210-auriculares-bluetooth-con-anc\/#primaryimage"},"image":{"@id":"https:\/\/aivlisoft.net\/shop\/producto\/denver-btn-210-auriculares-bluetooth-con-anc\/#primaryimage"},"thumbnailUrl":"https:\/\/aivlisoft.net\/shop\/wp-content\/uploads\/2025\/01\/MAUAMI1073_800.jpg","datePublished":"2025-01-13T14:57:41+00:00","dateModified":"2025-01-14T20:58:40+00:00","breadcrumb":{"@id":"https:\/\/aivlisoft.net\/shop\/producto\/denver-btn-210-auriculares-bluetooth-con-anc\/#breadcrumb"},"inLanguage":"es","potentialAction":[{"@type":"ReadAction","target":["https:\/\/aivlisoft.net\/shop\/producto\/denver-btn-210-auriculares-bluetooth-con-anc\/"]}]},{"@type":"ImageObject","inLanguage":"es","@id":"https:\/\/aivlisoft.net\/shop\/producto\/denver-btn-210-auriculares-bluetooth-con-anc\/#primaryimage","url":"https:\/\/aivlisoft.net\/shop\/wp-content\/uploads\/2025\/01\/MAUAMI1073_800.jpg","contentUrl":"https:\/\/aivlisoft.net\/shop\/wp-content\/uploads\/2025\/01\/MAUAMI1073_800.jpg","width":800,"height":800},{"@type":"BreadcrumbList","@id":"https:\/\/aivlisoft.net\/shop\/producto\/denver-btn-210-auriculares-bluetooth-con-anc\/#breadcrumb","itemListElement":[{"@type":"ListItem","position":1,"name":"Portada","item":"https:\/\/aivlisoft.net\/shop\/"},{"@type":"ListItem","position":2,"name":"Tienda","item":"https:\/\/aivlisoft.net\/shop\/tienda\/"},{"@type":"ListItem","position":3,"name":"Denver BTN-210 Auriculares Bluetooth con ANC"}]},{"@type":"WebSite","@id":"https:\/\/aivlisoft.net\/shop\/#website","url":"https:\/\/aivlisoft.net\/shop\/","name":"Aivlisoft Inform\u00e1tica","description":"En Aivlisoft Inform\u00e1tica ofrecemos soluciones tecnol\u00f3gicas para empresas: venta de ordenadores, consumibles, perif\u00e9ricos y m\u00e1s. Calidad, atenci\u00f3n personalizada y los mejores precios para tu negocio.","publisher":{"@id":"https:\/\/aivlisoft.net\/shop\/#organization"},"potentialAction":[{"@type":"SearchAction","target":{"@type":"EntryPoint","urlTemplate":"https:\/\/aivlisoft.net\/shop\/?s={search_term_string}"},"query-input":{"@type":"PropertyValueSpecification","valueRequired":true,"valueName":"search_term_string"}}],"inLanguage":"es"},{"@type":"Organization","@id":"https:\/\/aivlisoft.net\/shop\/#organization","name":"Aivlisoft Inform\u00e1tica","url":"https:\/\/aivlisoft.net\/shop\/","logo":{"@type":"ImageObject","inLanguage":"es","@id":"https:\/\/aivlisoft.net\/shop\/#\/schema\/logo\/image\/","url":"https:\/\/aivlisoft.net\/shop\/wp-content\/uploads\/2024\/12\/removal.ai_5b848c54-0cdf-4140-95c5-c5536bb7573b-logodef.png","contentUrl":"https:\/\/aivlisoft.net\/shop\/wp-content\/uploads\/2024\/12\/removal.ai_5b848c54-0cdf-4140-95c5-c5536bb7573b-logodef.png","width":484,"height":182,"caption":"Aivlisoft Inform\u00e1tica"},"image":{"@id":"https:\/\/aivlisoft.net\/shop\/#\/schema\/logo\/image\/"}}]}},"_links":{"self":[{"href":"https:\/\/aivlisoft.net\/shop\/wp-json\/wp\/v2\/product\/15927","targetHints":{"allow":["GET"]}}],"collection":[{"href":"https:\/\/aivlisoft.net\/shop\/wp-json\/wp\/v2\/product"}],"about":[{"href":"https:\/\/aivlisoft.net\/shop\/wp-json\/wp\/v2\/types\/product"}],"wp:featuredmedia":[{"embeddable":true,"href":"https:\/\/aivlisoft.net\/shop\/wp-json\/wp\/v2\/media\/15928"}],"wp:attachment":[{"href":"https:\/\/aivlisoft.net\/shop\/wp-json\/wp\/v2\/media?parent=15927"}],"wp:term":[{"taxonomy":"product_brand","embeddable":true,"href":"https:\/\/aivlisoft.net\/shop\/wp-json\/wp\/v2\/product_brand?post=15927"},{"taxonomy":"product_cat","embeddable":true,"href":"https:\/\/aivlisoft.net\/shop\/wp-json\/wp\/v2\/product_cat?post=15927"},{"taxonomy":"product_tag","embeddable":true,"href":"https:\/\/aivlisoft.net\/shop\/wp-json\/wp\/v2\/product_tag?post=15927"}],"curies":[{"name":"wp","href":"https:\/\/api.w.org\/{rel}","templated":true}]}}