{"id":15867,"date":"2025-01-13T14:57:10","date_gmt":"2025-01-13T14:57:10","guid":{"rendered":"https:\/\/aivlisoft.com\/?post_type=product&#038;p=15867"},"modified":"2025-01-14T21:08:53","modified_gmt":"2025-01-14T21:08:53","slug":"xiaomi-auriculares-redmi-buds-3-pro-gracier-grey","status":"publish","type":"product","link":"https:\/\/aivlisoft.net\/shop\/producto\/xiaomi-auriculares-redmi-buds-3-pro-gracier-grey\/","title":{"rendered":"XIAOMI Auriculares Redmi Buds 3  Pro Gracier Grey"},"content":{"rendered":"<p>&nbsp;<\/p>\n<table class=\"tabla_caracteristicas k-table\" width=\"100%\">\n<tr>\n<td><strong>Marca<\/strong><\/td>\n<td>Xiaomi<\/td>\n<\/tr>\n<tr>\n<td valign=\"top\"><strong>Modelo<\/strong><\/td>\n<td><strong>BHR5194GL<\/strong><\/td>\n<\/tr>\n<tr>\n<td><strong>Tipo<\/strong><\/td>\n<td>&#8211; TWS (True Wireless)<\/td>\n<\/tr>\n<tr>\n<td><strong>Caracter&iacute;sticas <\/strong><br \/>\t\t\t&nbsp;<\/td>\n<td>&#8211; Dise&ntilde;o: In-Ear<br \/>\t\t\t&#8211; Micr&oacute;fono Integrado<br \/>\t\t\t&#8211; Conectividad inal&aacute;mbrica: Bluetooth 5.2<br \/>\t\t\t&#8211; Alcance de comunicaci&oacute;n: 10 m (espacio abierto sin obst&aacute;culos)<br \/>\t\t\t<strong>Bater&iacute;a<\/strong><br \/>\t\t\t&#8211; Puerto de carga: USB-C<br \/>\t\t\t&#8211; Tiempo de carga de los auriculares: Aprox. 1 hora<br \/>\t\t\t&#8211; Tiempo de carga del estuche: Aprox. 2,5 horas (carga con cable)<br \/>\t\t\t&#8211; Tiempo de reproducci&oacute;n de m&uacute;sica: Aprox. 6 horas(anulaci&oacute;n de ruido desactivada, volumen al 50&nbsp;%, codificaci&oacute;n AAC)<br \/>\t\t\t&#8211; Duraci&oacute;n para llamadas: Aprox. 3 horas(anulaci&oacute;n de ruido desactivada, volumen al 50&nbsp;%, codificaci&oacute;n AAC)<br \/>\t\t\t&#8211; Tiempo de espera (total con estuche carga): Aprox. 28 horas(anulaci&oacute;n de ruido desactivada, volumen al 50&nbsp;%, codificaci&oacute;n AAC)<br \/>\t\t\t&#8211; Par&aacute;metros de entrada del estuche de carga: 5&nbsp;V, 0,5&nbsp;A como m&aacute;ximo(con cable)<br \/>\t\t\t&#8211; Capacidad\/potencia nominal de la bater&iacute;a de un auricular35&nbsp;mAh\/0,13&nbsp;Wh<br \/>\t\t\t&#8211; Par&aacute;metros de entrada de los auriculares:&nbsp;V, 120&nbsp;mA como m&aacute;ximo(un auricular)<br \/>\t\t\t&#8211; Capacidad\/potencia nominal de la bater&iacute;a del estuche de carga: 470&nbsp;mAh\/1,78&nbsp;Wh<br \/>\t\t\t&#8211; Impedancia del altavoz: 32 &Omega;<br \/>\t\t\t<strong>Dimensiones y peso<\/strong><br \/>\t\t\t&#8211; Peso neto de un solo auricular: Aprox. 4,9&nbsp;g<br \/>\t\t\t&#8211; Dimensiones de los auriculares: 25,4&nbsp;x&nbsp;20,3&nbsp;x&nbsp;21,3&nbsp;mm<br \/>\t\t\t&#8211; Peso total con el estuche de carga: Aprox. 55&nbsp;g<br \/>\t\t\t&#8211; Dimensiones del estuche de carga: 65&nbsp;x&nbsp;48&nbsp;x&nbsp;26&nbsp;mm<br \/>\t\t\t<strong>Contenido<\/strong><br \/>\t\t\t&#8211; 1 x estuche de carga<br \/>\t\t\t&#8211; 2 x auriculares<br \/>\t\t\t&#8211; 3 x pares de almohadillas de auriculares (S\/M\/L; tama&ntilde;o M ya instalado)<br \/>\t\t\t&#8211; 1 x cable de carga<br \/>\t\t\t&#8211; 1 x&nbsp;manual de usuario<\/td>\n<\/tr>\n<tr>\n<td><strong>Fecha de revisi&oacute;n<\/strong><\/td>\n<td>16-01-2023 por RTY<\/td>\n<\/tr>\n<\/table>\n","protected":false},"excerpt":{"rendered":"<p>&nbsp; Marca Xiaomi Modelo BHR5194GL Tipo &#8211; TWS (True Wireless) Caracter&iacute;sticas &nbsp; &#8211; Dise&ntilde;o: In-Ear &#8211; Micr&oacute;fono Integrado &#8211; Conectividad inal&aacute;mbrica: Bluetooth 5.2 &#8211; Alcance de comunicaci&oacute;n: 10 m (espacio abierto sin obst&aacute;culos) Bater&iacute;a &#8211; Puerto de carga: USB-C &#8211; Tiempo de carga de los auriculares: Aprox. 1 hora &#8211; Tiempo de carga del estuche:&hellip;&nbsp;<a href=\"https:\/\/aivlisoft.net\/shop\/producto\/xiaomi-auriculares-redmi-buds-3-pro-gracier-grey\/\" rel=\"bookmark\"><span class=\"screen-reader-text\">XIAOMI Auriculares Redmi Buds 3  Pro Gracier Grey<\/span><\/a><\/p>\n","protected":false},"featured_media":15868,"template":"","meta":{"neve_meta_sidebar":"","neve_meta_container":"","neve_meta_enable_content_width":"","neve_meta_content_width":0,"neve_meta_title_alignment":"","neve_meta_author_avatar":"","neve_post_elements_order":"","neve_meta_disable_header":"","neve_meta_disable_footer":"","neve_meta_disable_title":""},"product_brand":[],"product_cat":[15,790,957,5818],"product_tag":[5967],"class_list":{"0":"post-15867","1":"product","2":"type-product","3":"status-publish","4":"has-post-thumbnail","6":"product_cat-sin-categorizar","7":"product_cat-accesorios-gaming","8":"product_cat-accesorios-imagen-y-sonido","9":"product_cat-audio","10":"product_tag-bhr5194gl","12":"first","13":"instock","14":"taxable","15":"shipping-taxable","16":"purchasable","17":"product-type-simple"},"yoast_head":"<!-- This site is optimized with the Yoast SEO plugin v26.0 - https:\/\/yoast.com\/wordpress\/plugins\/seo\/ -->\n<title>XIAOMI Auriculares Redmi Buds 3 Pro Gracier Grey - Aivlisoft Inform\u00e1tica<\/title>\n<meta name=\"robots\" content=\"index, follow, max-snippet:-1, max-image-preview:large, max-video-preview:-1\" \/>\n<link rel=\"canonical\" href=\"https:\/\/aivlisoft.net\/shop\/producto\/xiaomi-auriculares-redmi-buds-3-pro-gracier-grey\/\" \/>\n<meta property=\"og:locale\" content=\"es_ES\" \/>\n<meta property=\"og:type\" content=\"article\" \/>\n<meta property=\"og:title\" content=\"XIAOMI Auriculares Redmi Buds 3 Pro Gracier Grey - Aivlisoft Inform\u00e1tica\" \/>\n<meta property=\"og:description\" content=\"&nbsp; Marca Xiaomi Modelo BHR5194GL Tipo &#8211; TWS (True Wireless) Caracter&iacute;sticas &nbsp; &#8211; Dise&ntilde;o: In-Ear &#8211; Micr&oacute;fono Integrado &#8211; Conectividad inal&aacute;mbrica: Bluetooth 5.2 &#8211; Alcance de comunicaci&oacute;n: 10 m (espacio abierto sin obst&aacute;culos) Bater&iacute;a &#8211; Puerto de carga: USB-C &#8211; Tiempo de carga de los auriculares: Aprox. 1 hora &#8211; Tiempo de carga del estuche:&hellip;&nbsp;XIAOMI Auriculares Redmi Buds 3 Pro Gracier Grey\" \/>\n<meta property=\"og:url\" content=\"https:\/\/aivlisoft.net\/shop\/producto\/xiaomi-auriculares-redmi-buds-3-pro-gracier-grey\/\" \/>\n<meta property=\"og:site_name\" content=\"Aivlisoft Inform\u00e1tica\" \/>\n<meta property=\"article:modified_time\" content=\"2025-01-14T21:08:53+00:00\" \/>\n<meta property=\"og:image\" content=\"https:\/\/aivlisoft.net\/shop\/wp-content\/uploads\/2025\/01\/MAUAMI1045_800.jpg\" \/>\n\t<meta property=\"og:image:width\" content=\"800\" \/>\n\t<meta property=\"og:image:height\" content=\"800\" \/>\n\t<meta property=\"og:image:type\" content=\"image\/jpeg\" \/>\n<meta name=\"twitter:card\" content=\"summary_large_image\" \/>\n<meta name=\"twitter:label1\" content=\"Tiempo de lectura\" \/>\n\t<meta name=\"twitter:data1\" content=\"2 minutos\" \/>\n<script type=\"application\/ld+json\" class=\"yoast-schema-graph\">{\"@context\":\"https:\/\/schema.org\",\"@graph\":[{\"@type\":\"WebPage\",\"@id\":\"https:\/\/aivlisoft.net\/shop\/producto\/xiaomi-auriculares-redmi-buds-3-pro-gracier-grey\/\",\"url\":\"https:\/\/aivlisoft.net\/shop\/producto\/xiaomi-auriculares-redmi-buds-3-pro-gracier-grey\/\",\"name\":\"XIAOMI Auriculares Redmi Buds 3 Pro Gracier Grey - Aivlisoft Inform\u00e1tica\",\"isPartOf\":{\"@id\":\"https:\/\/aivlisoft.net\/shop\/#website\"},\"primaryImageOfPage\":{\"@id\":\"https:\/\/aivlisoft.net\/shop\/producto\/xiaomi-auriculares-redmi-buds-3-pro-gracier-grey\/#primaryimage\"},\"image\":{\"@id\":\"https:\/\/aivlisoft.net\/shop\/producto\/xiaomi-auriculares-redmi-buds-3-pro-gracier-grey\/#primaryimage\"},\"thumbnailUrl\":\"https:\/\/aivlisoft.net\/shop\/wp-content\/uploads\/2025\/01\/MAUAMI1045_800.jpg\",\"datePublished\":\"2025-01-13T14:57:10+00:00\",\"dateModified\":\"2025-01-14T21:08:53+00:00\",\"breadcrumb\":{\"@id\":\"https:\/\/aivlisoft.net\/shop\/producto\/xiaomi-auriculares-redmi-buds-3-pro-gracier-grey\/#breadcrumb\"},\"inLanguage\":\"es\",\"potentialAction\":[{\"@type\":\"ReadAction\",\"target\":[\"https:\/\/aivlisoft.net\/shop\/producto\/xiaomi-auriculares-redmi-buds-3-pro-gracier-grey\/\"]}]},{\"@type\":\"ImageObject\",\"inLanguage\":\"es\",\"@id\":\"https:\/\/aivlisoft.net\/shop\/producto\/xiaomi-auriculares-redmi-buds-3-pro-gracier-grey\/#primaryimage\",\"url\":\"https:\/\/aivlisoft.net\/shop\/wp-content\/uploads\/2025\/01\/MAUAMI1045_800.jpg\",\"contentUrl\":\"https:\/\/aivlisoft.net\/shop\/wp-content\/uploads\/2025\/01\/MAUAMI1045_800.jpg\",\"width\":800,\"height\":800},{\"@type\":\"BreadcrumbList\",\"@id\":\"https:\/\/aivlisoft.net\/shop\/producto\/xiaomi-auriculares-redmi-buds-3-pro-gracier-grey\/#breadcrumb\",\"itemListElement\":[{\"@type\":\"ListItem\",\"position\":1,\"name\":\"Portada\",\"item\":\"https:\/\/aivlisoft.net\/shop\/\"},{\"@type\":\"ListItem\",\"position\":2,\"name\":\"Tienda\",\"item\":\"https:\/\/aivlisoft.net\/shop\/tienda\/\"},{\"@type\":\"ListItem\",\"position\":3,\"name\":\"XIAOMI Auriculares Redmi Buds 3 Pro Gracier Grey\"}]},{\"@type\":\"WebSite\",\"@id\":\"https:\/\/aivlisoft.net\/shop\/#website\",\"url\":\"https:\/\/aivlisoft.net\/shop\/\",\"name\":\"Aivlisoft Inform\u00e1tica\",\"description\":\"En Aivlisoft Inform\u00e1tica ofrecemos soluciones tecnol\u00f3gicas para empresas: venta de ordenadores, consumibles, perif\u00e9ricos y m\u00e1s. Calidad, atenci\u00f3n personalizada y los mejores precios para tu negocio.\",\"publisher\":{\"@id\":\"https:\/\/aivlisoft.net\/shop\/#organization\"},\"potentialAction\":[{\"@type\":\"SearchAction\",\"target\":{\"@type\":\"EntryPoint\",\"urlTemplate\":\"https:\/\/aivlisoft.net\/shop\/?s={search_term_string}\"},\"query-input\":{\"@type\":\"PropertyValueSpecification\",\"valueRequired\":true,\"valueName\":\"search_term_string\"}}],\"inLanguage\":\"es\"},{\"@type\":\"Organization\",\"@id\":\"https:\/\/aivlisoft.net\/shop\/#organization\",\"name\":\"Aivlisoft Inform\u00e1tica\",\"url\":\"https:\/\/aivlisoft.net\/shop\/\",\"logo\":{\"@type\":\"ImageObject\",\"inLanguage\":\"es\",\"@id\":\"https:\/\/aivlisoft.net\/shop\/#\/schema\/logo\/image\/\",\"url\":\"https:\/\/aivlisoft.net\/shop\/wp-content\/uploads\/2024\/12\/removal.ai_5b848c54-0cdf-4140-95c5-c5536bb7573b-logodef.png\",\"contentUrl\":\"https:\/\/aivlisoft.net\/shop\/wp-content\/uploads\/2024\/12\/removal.ai_5b848c54-0cdf-4140-95c5-c5536bb7573b-logodef.png\",\"width\":484,\"height\":182,\"caption\":\"Aivlisoft Inform\u00e1tica\"},\"image\":{\"@id\":\"https:\/\/aivlisoft.net\/shop\/#\/schema\/logo\/image\/\"}}]}<\/script>\n<!-- \/ Yoast SEO plugin. -->","yoast_head_json":{"title":"XIAOMI Auriculares Redmi Buds 3 Pro Gracier Grey - Aivlisoft Inform\u00e1tica","robots":{"index":"index","follow":"follow","max-snippet":"max-snippet:-1","max-image-preview":"max-image-preview:large","max-video-preview":"max-video-preview:-1"},"canonical":"https:\/\/aivlisoft.net\/shop\/producto\/xiaomi-auriculares-redmi-buds-3-pro-gracier-grey\/","og_locale":"es_ES","og_type":"article","og_title":"XIAOMI Auriculares Redmi Buds 3 Pro Gracier Grey - Aivlisoft Inform\u00e1tica","og_description":"&nbsp; Marca Xiaomi Modelo BHR5194GL Tipo &#8211; TWS (True Wireless) Caracter&iacute;sticas &nbsp; &#8211; Dise&ntilde;o: In-Ear &#8211; Micr&oacute;fono Integrado &#8211; Conectividad inal&aacute;mbrica: Bluetooth 5.2 &#8211; Alcance de comunicaci&oacute;n: 10 m (espacio abierto sin obst&aacute;culos) Bater&iacute;a &#8211; Puerto de carga: USB-C &#8211; Tiempo de carga de los auriculares: Aprox. 1 hora &#8211; Tiempo de carga del estuche:&hellip;&nbsp;XIAOMI Auriculares Redmi Buds 3 Pro Gracier Grey","og_url":"https:\/\/aivlisoft.net\/shop\/producto\/xiaomi-auriculares-redmi-buds-3-pro-gracier-grey\/","og_site_name":"Aivlisoft Inform\u00e1tica","article_modified_time":"2025-01-14T21:08:53+00:00","og_image":[{"width":800,"height":800,"url":"https:\/\/aivlisoft.net\/shop\/wp-content\/uploads\/2025\/01\/MAUAMI1045_800.jpg","type":"image\/jpeg"}],"twitter_card":"summary_large_image","twitter_misc":{"Tiempo de lectura":"2 minutos"},"schema":{"@context":"https:\/\/schema.org","@graph":[{"@type":"WebPage","@id":"https:\/\/aivlisoft.net\/shop\/producto\/xiaomi-auriculares-redmi-buds-3-pro-gracier-grey\/","url":"https:\/\/aivlisoft.net\/shop\/producto\/xiaomi-auriculares-redmi-buds-3-pro-gracier-grey\/","name":"XIAOMI Auriculares Redmi Buds 3 Pro Gracier Grey - Aivlisoft Inform\u00e1tica","isPartOf":{"@id":"https:\/\/aivlisoft.net\/shop\/#website"},"primaryImageOfPage":{"@id":"https:\/\/aivlisoft.net\/shop\/producto\/xiaomi-auriculares-redmi-buds-3-pro-gracier-grey\/#primaryimage"},"image":{"@id":"https:\/\/aivlisoft.net\/shop\/producto\/xiaomi-auriculares-redmi-buds-3-pro-gracier-grey\/#primaryimage"},"thumbnailUrl":"https:\/\/aivlisoft.net\/shop\/wp-content\/uploads\/2025\/01\/MAUAMI1045_800.jpg","datePublished":"2025-01-13T14:57:10+00:00","dateModified":"2025-01-14T21:08:53+00:00","breadcrumb":{"@id":"https:\/\/aivlisoft.net\/shop\/producto\/xiaomi-auriculares-redmi-buds-3-pro-gracier-grey\/#breadcrumb"},"inLanguage":"es","potentialAction":[{"@type":"ReadAction","target":["https:\/\/aivlisoft.net\/shop\/producto\/xiaomi-auriculares-redmi-buds-3-pro-gracier-grey\/"]}]},{"@type":"ImageObject","inLanguage":"es","@id":"https:\/\/aivlisoft.net\/shop\/producto\/xiaomi-auriculares-redmi-buds-3-pro-gracier-grey\/#primaryimage","url":"https:\/\/aivlisoft.net\/shop\/wp-content\/uploads\/2025\/01\/MAUAMI1045_800.jpg","contentUrl":"https:\/\/aivlisoft.net\/shop\/wp-content\/uploads\/2025\/01\/MAUAMI1045_800.jpg","width":800,"height":800},{"@type":"BreadcrumbList","@id":"https:\/\/aivlisoft.net\/shop\/producto\/xiaomi-auriculares-redmi-buds-3-pro-gracier-grey\/#breadcrumb","itemListElement":[{"@type":"ListItem","position":1,"name":"Portada","item":"https:\/\/aivlisoft.net\/shop\/"},{"@type":"ListItem","position":2,"name":"Tienda","item":"https:\/\/aivlisoft.net\/shop\/tienda\/"},{"@type":"ListItem","position":3,"name":"XIAOMI Auriculares Redmi Buds 3 Pro Gracier Grey"}]},{"@type":"WebSite","@id":"https:\/\/aivlisoft.net\/shop\/#website","url":"https:\/\/aivlisoft.net\/shop\/","name":"Aivlisoft Inform\u00e1tica","description":"En Aivlisoft Inform\u00e1tica ofrecemos soluciones tecnol\u00f3gicas para empresas: venta de ordenadores, consumibles, perif\u00e9ricos y m\u00e1s. Calidad, atenci\u00f3n personalizada y los mejores precios para tu negocio.","publisher":{"@id":"https:\/\/aivlisoft.net\/shop\/#organization"},"potentialAction":[{"@type":"SearchAction","target":{"@type":"EntryPoint","urlTemplate":"https:\/\/aivlisoft.net\/shop\/?s={search_term_string}"},"query-input":{"@type":"PropertyValueSpecification","valueRequired":true,"valueName":"search_term_string"}}],"inLanguage":"es"},{"@type":"Organization","@id":"https:\/\/aivlisoft.net\/shop\/#organization","name":"Aivlisoft Inform\u00e1tica","url":"https:\/\/aivlisoft.net\/shop\/","logo":{"@type":"ImageObject","inLanguage":"es","@id":"https:\/\/aivlisoft.net\/shop\/#\/schema\/logo\/image\/","url":"https:\/\/aivlisoft.net\/shop\/wp-content\/uploads\/2024\/12\/removal.ai_5b848c54-0cdf-4140-95c5-c5536bb7573b-logodef.png","contentUrl":"https:\/\/aivlisoft.net\/shop\/wp-content\/uploads\/2024\/12\/removal.ai_5b848c54-0cdf-4140-95c5-c5536bb7573b-logodef.png","width":484,"height":182,"caption":"Aivlisoft Inform\u00e1tica"},"image":{"@id":"https:\/\/aivlisoft.net\/shop\/#\/schema\/logo\/image\/"}}]}},"_links":{"self":[{"href":"https:\/\/aivlisoft.net\/shop\/wp-json\/wp\/v2\/product\/15867","targetHints":{"allow":["GET"]}}],"collection":[{"href":"https:\/\/aivlisoft.net\/shop\/wp-json\/wp\/v2\/product"}],"about":[{"href":"https:\/\/aivlisoft.net\/shop\/wp-json\/wp\/v2\/types\/product"}],"wp:featuredmedia":[{"embeddable":true,"href":"https:\/\/aivlisoft.net\/shop\/wp-json\/wp\/v2\/media\/15868"}],"wp:attachment":[{"href":"https:\/\/aivlisoft.net\/shop\/wp-json\/wp\/v2\/media?parent=15867"}],"wp:term":[{"taxonomy":"product_brand","embeddable":true,"href":"https:\/\/aivlisoft.net\/shop\/wp-json\/wp\/v2\/product_brand?post=15867"},{"taxonomy":"product_cat","embeddable":true,"href":"https:\/\/aivlisoft.net\/shop\/wp-json\/wp\/v2\/product_cat?post=15867"},{"taxonomy":"product_tag","embeddable":true,"href":"https:\/\/aivlisoft.net\/shop\/wp-json\/wp\/v2\/product_tag?post=15867"}],"curies":[{"name":"wp","href":"https:\/\/api.w.org\/{rel}","templated":true}]}}