{"id":15854,"date":"2025-01-13T14:57:04","date_gmt":"2025-01-13T14:57:04","guid":{"rendered":"https:\/\/aivlisoft.com\/?post_type=product&#038;p=15854"},"modified":"2025-01-14T21:08:54","modified_gmt":"2025-01-14T21:08:54","slug":"mars-gaming-auricular-mhw100-wireless-cancel-ruido","status":"publish","type":"product","link":"https:\/\/aivlisoft.net\/shop\/producto\/mars-gaming-auricular-mhw100-wireless-cancel-ruido\/","title":{"rendered":"MARS GAMING Auricular MHW100 Wireless cancel ruido"},"content":{"rendered":"<p><strong>Auriculares inal&aacute;mbricos MHW-100<\/strong><br \/>Auriculares inal&aacute;mbricos con iluminaci&oacute;n ARGB flow, hasta 40 horas de bater&iacute;a, micr&oacute;fono extra&iacute;ble con cancelaci&oacute;n de ruido digital ENC, funci&oacute;n VOICE MONITOR y compatibilidad universal.<\/p>\n<p><strong>Tecnolog&iacute;a inal&aacute;mbrica 2.4GPRO<\/strong><br \/>Gracias a nuestra exclusiva tecnolog&iacute;a inal&aacute;mbrica 2.4GPRO disfruta sin cables sin preocuparte por la latencia, bater&iacute;a o problemas de conectividad. Con hasta 40 horas de bater&iacute;a y un rango de uso extendido utilizando la tecnolog&iacute;ainal&aacute;mbrica m&aacute;s estable en 2.4 Ghz.<\/p>\n<p><strong>Drivers 50mm FULL DYNAMIC BASS&nbsp;<\/strong><br \/>Drivers de sonido extragrandes de 50mm FULL DYNAMIC BASS fabricados utilizando los mejores materiales para conseguir una respuesta sonora superior en cualquier tipo de sonido. Te transportar&aacute;n de lleno al coraz&oacute;n de cada partida, pel&iacute;cula o concierto como si estuvieras all&iacute;.<\/p>\n<p><strong>Micr&oacute;fono ENC extra&iacute;ble<\/strong><br \/>Los MHW-100 son perfectos tanto para disfrutar de una inmersiva experiencia singleplayer como para vivir tus partidas online al m&aacute;ximo y ofrecer el mejor sonido de tu voz en los streamings o videoconferencias. Cuenta con filtrado activo digital ENC y una c&aacute;psula exclusiva que elimina ruidos, distorsiones sonoras y molestias externas. Y para cuando no lo necesites, es f&aacute;cilmente extra&iacute;ble para una movilidad y comodidad total.<\/p>\n<p><strong>Hasta 40 horas de uso y estructura ultraligera&nbsp;<\/strong><br \/>Disfruta de hasta 40 horas de uso gracias a su avanzada tecnolog&iacute;a de optimizaci&oacute;n de consumo y su bater&iacute;a de gran capacidad. Adem&aacute;s, los MHW-100 est&aacute;n fabricados con una estructura dise&ntilde;ada para ofrecer una ligereza extraordinaria junto con gran durabilidad y una adaptabilidad incre&iacute;ble. Su peso ultraligero, su diadema y almohadillas de memory foam repartir&aacute;n la presi&oacute;n de forma perfecta por toda su superficie.<\/p>\n<p><strong>Cancelaci&oacute;n de ruido activa ENC + pasiva<\/strong><br \/>Cancelaci&oacute;n de ruido activa ENC en el micr&oacute;fono para que te escuchen a la perfecci&oacute;n y almohadillas Premium de Memory foam para adaptarse al m&aacute;ximo y un dise&ntilde;o closed-cup con cancelaci&oacute;n de ruido pasiva para aislarte del exterior y poder concentrarte en el universo sonoro como nunca.<\/p>\n<p><strong>Funci&oacute;n VOICE MONITOR<\/strong><br \/>Escucha tu voz en tiempo real gracias a la exclusiva tecnolog&iacute;a VOICE MONITOR. Canta cada vez mejor o mejora la pronunciaci&oacute;n de un idioma gracias a esta tecnolog&iacute;a.<\/p>\n<p><strong>Compatibilidad univeral&nbsp;<\/strong><br \/>Utiliza el adaptador USB 2.4GPRO incluido para conectarte inal&aacute;mbricamente con PC, PS4, PS5, Switch o cualquier port&aacute;til. Adem&aacute;s, puedes maximizar la compatibilidad utilizando el cable de conexi&oacute;n incluido para poder usarlos de manera universal, tanto en PC y Mac como en PS4, PS5, XBOX ONE, XBOX SERIES X-S, Switch, Smartphone, Tablet y m&aacute;s.<br \/>&nbsp;<\/p>\n<table class=\"tabla_caracteristicas\" width=\"100%\">\n<tr>\n<td valign=\"top\"><strong>Marca<\/strong><\/td>\n<td>Mars Gaming<\/td>\n<\/tr>\n<tr>\n<td valign=\"top\"><strong>Modelo<\/strong><\/td>\n<td><strong>MHW100<\/strong><\/td>\n<\/tr>\n<tr>\n<td valign=\"top\"><strong>Caracter&iacute;sticas<\/strong><\/td>\n<td>&#8211;&nbsp;Dimensiones: 175x200x86mm<br \/>\t\t\t&#8211; Peso: 295g \/ 285g (sin micr&oacute;fono)<br \/>\t\t\t&#8211; Iluminaci&oacute;n: ARGB Flow<br \/>\t\t\t&#8211; Materiales: Aluminio + ABS + Almohadillas cuero sint&eacute;tico<br \/>\t\t\t&#8211; Tipo de cable: Recubrimiento de goma<br \/>\t\t\t&#8211; Diadema: Ajustable<br \/>\t\t\t&#8211; Extras: Micr&oacute;fono extra&iacute;ble<br \/>\t\t\t&#8211; Sonido: Est&eacute;reo<br \/>\t\t\t&#8211; Compatibilidad: Windows, PS4, PS5, XBOX ONE, XBOX SERIES X-S, Mac, Nintendo Switch, Smartphone, Tablet.<br \/>\t\t\t&#8211; Longitud del cable: 0,8m (Cable de carga) \/ 1,5m (Cable de audio)<br \/>\t\t\t&#8211; Conector: Jack a Jack 3.5mm (Audio) + USB-C a USB-A (Alimentaci&oacute;n)<br \/>\t\t\t&#8211; Control de volumen: S&iacute;<br \/>\t\t\t&#8211; Adaptador: Receptor inal&aacute;mbrico USB 2.4GHz<br \/>\t\t\t&#8211; Dimensiones (driver): Din&aacute;mico 50mm neodimio<br \/>\t\t\t&#8211; Rango de frecuencia (driver): 18Hz-21KHz<br \/>\t\t\t&#8211; Sensibilidad (driver): 100dB &plusmn; 3dB<br \/>\t\t\t&#8211; Impedancia (driver): 32&Omega;<br \/>\t\t\t&#8211; Direccionalidad (micr&oacute;fono): Omnidireccional<br \/>\t\t\t&#8211; Impedancia (micr&oacute;fono): &lt;2.2k&Omega;<br \/>\t\t\t&#8211; Sensibilidad (micr&oacute;fono): -45dB&plusmn;3dB (0dB=1V\/Pa at 1KHz)<br \/>\t\t\t&#8211; Rango de frecuencia (micr&oacute;fono): 50Hz &#8211; 10kHz<br \/>\t\t\t&#8211; Dimensiones (micr&oacute;fono): 6 x 2,7mm<br \/>\t\t\t&#8211; Retr&aacute;ctil (micr&oacute;fono): Flexible y extra&iacute;ble<br \/>\t\t\t&#8211; Tiempo de funcionamiento: 40h \/ 20h (RGB ON)<br \/>\t\t\t<strong>Contiene<\/strong><br \/>\t\t\t&#8211; Auriculares<br \/>\t\t\t&#8211; Micr&oacute;fono<br \/>\t\t\t&#8211; Receptor USB inal&aacute;mbrico<br \/>\t\t\t&#8211; Cable Jack 3.5mm<br \/>\t\t\t&#8211; Cable alimentaci&oacute;n USB<br \/>\t\t\t&#8211; Manual<\/td>\n<\/tr>\n<tr>\n<td valign=\"top\"><strong>Fecha de revisi&oacute;n<\/strong><\/td>\n<td>28-11-2022 por RTY<\/td>\n<\/tr>\n<\/table>\n","protected":false},"excerpt":{"rendered":"<p>Auriculares inal&aacute;mbricos MHW-100Auriculares inal&aacute;mbricos con iluminaci&oacute;n ARGB flow, hasta 40 horas de bater&iacute;a, micr&oacute;fono extra&iacute;ble con cancelaci&oacute;n de ruido digital ENC, funci&oacute;n VOICE MONITOR y compatibilidad universal. Tecnolog&iacute;a inal&aacute;mbrica 2.4GPROGracias a nuestra exclusiva tecnolog&iacute;a inal&aacute;mbrica 2.4GPRO disfruta sin cables sin preocuparte por la latencia, bater&iacute;a o problemas de conectividad. Con hasta 40 horas de bater&iacute;a&hellip;&nbsp;<a href=\"https:\/\/aivlisoft.net\/shop\/producto\/mars-gaming-auricular-mhw100-wireless-cancel-ruido\/\" rel=\"bookmark\"><span class=\"screen-reader-text\">MARS GAMING Auricular MHW100 Wireless cancel ruido<\/span><\/a><\/p>\n","protected":false},"featured_media":15855,"template":"","meta":{"neve_meta_sidebar":"","neve_meta_container":"","neve_meta_enable_content_width":"","neve_meta_content_width":0,"neve_meta_title_alignment":"","neve_meta_author_avatar":"","neve_post_elements_order":"","neve_meta_disable_header":"","neve_meta_disable_footer":"","neve_meta_disable_title":""},"product_brand":[],"product_cat":[15,790,957,5818],"product_tag":[5964],"class_list":{"0":"post-15854","1":"product","2":"type-product","3":"status-publish","4":"has-post-thumbnail","6":"product_cat-sin-categorizar","7":"product_cat-accesorios-gaming","8":"product_cat-accesorios-imagen-y-sonido","9":"product_cat-audio","10":"product_tag-mhw100","12":"first","13":"instock","14":"taxable","15":"shipping-taxable","16":"purchasable","17":"product-type-simple"},"yoast_head":"<!-- This site is optimized with the Yoast SEO plugin v26.0 - https:\/\/yoast.com\/wordpress\/plugins\/seo\/ -->\n<title>MARS GAMING Auricular MHW100 Wireless cancel ruido - Aivlisoft Inform\u00e1tica<\/title>\n<meta name=\"robots\" content=\"index, follow, max-snippet:-1, max-image-preview:large, max-video-preview:-1\" \/>\n<link rel=\"canonical\" href=\"https:\/\/aivlisoft.net\/shop\/producto\/mars-gaming-auricular-mhw100-wireless-cancel-ruido\/\" \/>\n<meta property=\"og:locale\" content=\"es_ES\" \/>\n<meta property=\"og:type\" content=\"article\" \/>\n<meta property=\"og:title\" content=\"MARS GAMING Auricular MHW100 Wireless cancel ruido - Aivlisoft Inform\u00e1tica\" \/>\n<meta property=\"og:description\" content=\"Auriculares inal&aacute;mbricos MHW-100Auriculares inal&aacute;mbricos con iluminaci&oacute;n ARGB flow, hasta 40 horas de bater&iacute;a, micr&oacute;fono extra&iacute;ble con cancelaci&oacute;n de ruido digital ENC, funci&oacute;n VOICE MONITOR y compatibilidad universal. Tecnolog&iacute;a inal&aacute;mbrica 2.4GPROGracias a nuestra exclusiva tecnolog&iacute;a inal&aacute;mbrica 2.4GPRO disfruta sin cables sin preocuparte por la latencia, bater&iacute;a o problemas de conectividad. Con hasta 40 horas de bater&iacute;a&hellip;&nbsp;MARS GAMING Auricular MHW100 Wireless cancel ruido\" \/>\n<meta property=\"og:url\" content=\"https:\/\/aivlisoft.net\/shop\/producto\/mars-gaming-auricular-mhw100-wireless-cancel-ruido\/\" \/>\n<meta property=\"og:site_name\" content=\"Aivlisoft Inform\u00e1tica\" \/>\n<meta property=\"article:modified_time\" content=\"2025-01-14T21:08:54+00:00\" \/>\n<meta property=\"og:image\" content=\"https:\/\/aivlisoft.net\/shop\/wp-content\/uploads\/2025\/01\/MAUAMI1040_800.jpg\" \/>\n\t<meta property=\"og:image:width\" content=\"800\" \/>\n\t<meta property=\"og:image:height\" content=\"800\" \/>\n\t<meta property=\"og:image:type\" content=\"image\/jpeg\" \/>\n<meta name=\"twitter:card\" content=\"summary_large_image\" \/>\n<meta name=\"twitter:label1\" content=\"Tiempo de lectura\" \/>\n\t<meta name=\"twitter:data1\" content=\"4 minutos\" \/>\n<script type=\"application\/ld+json\" class=\"yoast-schema-graph\">{\"@context\":\"https:\/\/schema.org\",\"@graph\":[{\"@type\":\"WebPage\",\"@id\":\"https:\/\/aivlisoft.net\/shop\/producto\/mars-gaming-auricular-mhw100-wireless-cancel-ruido\/\",\"url\":\"https:\/\/aivlisoft.net\/shop\/producto\/mars-gaming-auricular-mhw100-wireless-cancel-ruido\/\",\"name\":\"MARS GAMING Auricular MHW100 Wireless cancel ruido - Aivlisoft Inform\u00e1tica\",\"isPartOf\":{\"@id\":\"https:\/\/aivlisoft.net\/shop\/#website\"},\"primaryImageOfPage\":{\"@id\":\"https:\/\/aivlisoft.net\/shop\/producto\/mars-gaming-auricular-mhw100-wireless-cancel-ruido\/#primaryimage\"},\"image\":{\"@id\":\"https:\/\/aivlisoft.net\/shop\/producto\/mars-gaming-auricular-mhw100-wireless-cancel-ruido\/#primaryimage\"},\"thumbnailUrl\":\"https:\/\/aivlisoft.net\/shop\/wp-content\/uploads\/2025\/01\/MAUAMI1040_800.jpg\",\"datePublished\":\"2025-01-13T14:57:04+00:00\",\"dateModified\":\"2025-01-14T21:08:54+00:00\",\"breadcrumb\":{\"@id\":\"https:\/\/aivlisoft.net\/shop\/producto\/mars-gaming-auricular-mhw100-wireless-cancel-ruido\/#breadcrumb\"},\"inLanguage\":\"es\",\"potentialAction\":[{\"@type\":\"ReadAction\",\"target\":[\"https:\/\/aivlisoft.net\/shop\/producto\/mars-gaming-auricular-mhw100-wireless-cancel-ruido\/\"]}]},{\"@type\":\"ImageObject\",\"inLanguage\":\"es\",\"@id\":\"https:\/\/aivlisoft.net\/shop\/producto\/mars-gaming-auricular-mhw100-wireless-cancel-ruido\/#primaryimage\",\"url\":\"https:\/\/aivlisoft.net\/shop\/wp-content\/uploads\/2025\/01\/MAUAMI1040_800.jpg\",\"contentUrl\":\"https:\/\/aivlisoft.net\/shop\/wp-content\/uploads\/2025\/01\/MAUAMI1040_800.jpg\",\"width\":800,\"height\":800},{\"@type\":\"BreadcrumbList\",\"@id\":\"https:\/\/aivlisoft.net\/shop\/producto\/mars-gaming-auricular-mhw100-wireless-cancel-ruido\/#breadcrumb\",\"itemListElement\":[{\"@type\":\"ListItem\",\"position\":1,\"name\":\"Portada\",\"item\":\"https:\/\/aivlisoft.net\/shop\/\"},{\"@type\":\"ListItem\",\"position\":2,\"name\":\"Tienda\",\"item\":\"https:\/\/aivlisoft.net\/shop\/tienda\/\"},{\"@type\":\"ListItem\",\"position\":3,\"name\":\"MARS GAMING Auricular MHW100 Wireless cancel ruido\"}]},{\"@type\":\"WebSite\",\"@id\":\"https:\/\/aivlisoft.net\/shop\/#website\",\"url\":\"https:\/\/aivlisoft.net\/shop\/\",\"name\":\"Aivlisoft Inform\u00e1tica\",\"description\":\"En Aivlisoft Inform\u00e1tica ofrecemos soluciones tecnol\u00f3gicas para empresas: venta de ordenadores, consumibles, perif\u00e9ricos y m\u00e1s. Calidad, atenci\u00f3n personalizada y los mejores precios para tu negocio.\",\"publisher\":{\"@id\":\"https:\/\/aivlisoft.net\/shop\/#organization\"},\"potentialAction\":[{\"@type\":\"SearchAction\",\"target\":{\"@type\":\"EntryPoint\",\"urlTemplate\":\"https:\/\/aivlisoft.net\/shop\/?s={search_term_string}\"},\"query-input\":{\"@type\":\"PropertyValueSpecification\",\"valueRequired\":true,\"valueName\":\"search_term_string\"}}],\"inLanguage\":\"es\"},{\"@type\":\"Organization\",\"@id\":\"https:\/\/aivlisoft.net\/shop\/#organization\",\"name\":\"Aivlisoft Inform\u00e1tica\",\"url\":\"https:\/\/aivlisoft.net\/shop\/\",\"logo\":{\"@type\":\"ImageObject\",\"inLanguage\":\"es\",\"@id\":\"https:\/\/aivlisoft.net\/shop\/#\/schema\/logo\/image\/\",\"url\":\"https:\/\/aivlisoft.net\/shop\/wp-content\/uploads\/2024\/12\/removal.ai_5b848c54-0cdf-4140-95c5-c5536bb7573b-logodef.png\",\"contentUrl\":\"https:\/\/aivlisoft.net\/shop\/wp-content\/uploads\/2024\/12\/removal.ai_5b848c54-0cdf-4140-95c5-c5536bb7573b-logodef.png\",\"width\":484,\"height\":182,\"caption\":\"Aivlisoft Inform\u00e1tica\"},\"image\":{\"@id\":\"https:\/\/aivlisoft.net\/shop\/#\/schema\/logo\/image\/\"}}]}<\/script>\n<!-- \/ Yoast SEO plugin. -->","yoast_head_json":{"title":"MARS GAMING Auricular MHW100 Wireless cancel ruido - Aivlisoft Inform\u00e1tica","robots":{"index":"index","follow":"follow","max-snippet":"max-snippet:-1","max-image-preview":"max-image-preview:large","max-video-preview":"max-video-preview:-1"},"canonical":"https:\/\/aivlisoft.net\/shop\/producto\/mars-gaming-auricular-mhw100-wireless-cancel-ruido\/","og_locale":"es_ES","og_type":"article","og_title":"MARS GAMING Auricular MHW100 Wireless cancel ruido - Aivlisoft Inform\u00e1tica","og_description":"Auriculares inal&aacute;mbricos MHW-100Auriculares inal&aacute;mbricos con iluminaci&oacute;n ARGB flow, hasta 40 horas de bater&iacute;a, micr&oacute;fono extra&iacute;ble con cancelaci&oacute;n de ruido digital ENC, funci&oacute;n VOICE MONITOR y compatibilidad universal. Tecnolog&iacute;a inal&aacute;mbrica 2.4GPROGracias a nuestra exclusiva tecnolog&iacute;a inal&aacute;mbrica 2.4GPRO disfruta sin cables sin preocuparte por la latencia, bater&iacute;a o problemas de conectividad. Con hasta 40 horas de bater&iacute;a&hellip;&nbsp;MARS GAMING Auricular MHW100 Wireless cancel ruido","og_url":"https:\/\/aivlisoft.net\/shop\/producto\/mars-gaming-auricular-mhw100-wireless-cancel-ruido\/","og_site_name":"Aivlisoft Inform\u00e1tica","article_modified_time":"2025-01-14T21:08:54+00:00","og_image":[{"width":800,"height":800,"url":"https:\/\/aivlisoft.net\/shop\/wp-content\/uploads\/2025\/01\/MAUAMI1040_800.jpg","type":"image\/jpeg"}],"twitter_card":"summary_large_image","twitter_misc":{"Tiempo de lectura":"4 minutos"},"schema":{"@context":"https:\/\/schema.org","@graph":[{"@type":"WebPage","@id":"https:\/\/aivlisoft.net\/shop\/producto\/mars-gaming-auricular-mhw100-wireless-cancel-ruido\/","url":"https:\/\/aivlisoft.net\/shop\/producto\/mars-gaming-auricular-mhw100-wireless-cancel-ruido\/","name":"MARS GAMING Auricular MHW100 Wireless cancel ruido - Aivlisoft Inform\u00e1tica","isPartOf":{"@id":"https:\/\/aivlisoft.net\/shop\/#website"},"primaryImageOfPage":{"@id":"https:\/\/aivlisoft.net\/shop\/producto\/mars-gaming-auricular-mhw100-wireless-cancel-ruido\/#primaryimage"},"image":{"@id":"https:\/\/aivlisoft.net\/shop\/producto\/mars-gaming-auricular-mhw100-wireless-cancel-ruido\/#primaryimage"},"thumbnailUrl":"https:\/\/aivlisoft.net\/shop\/wp-content\/uploads\/2025\/01\/MAUAMI1040_800.jpg","datePublished":"2025-01-13T14:57:04+00:00","dateModified":"2025-01-14T21:08:54+00:00","breadcrumb":{"@id":"https:\/\/aivlisoft.net\/shop\/producto\/mars-gaming-auricular-mhw100-wireless-cancel-ruido\/#breadcrumb"},"inLanguage":"es","potentialAction":[{"@type":"ReadAction","target":["https:\/\/aivlisoft.net\/shop\/producto\/mars-gaming-auricular-mhw100-wireless-cancel-ruido\/"]}]},{"@type":"ImageObject","inLanguage":"es","@id":"https:\/\/aivlisoft.net\/shop\/producto\/mars-gaming-auricular-mhw100-wireless-cancel-ruido\/#primaryimage","url":"https:\/\/aivlisoft.net\/shop\/wp-content\/uploads\/2025\/01\/MAUAMI1040_800.jpg","contentUrl":"https:\/\/aivlisoft.net\/shop\/wp-content\/uploads\/2025\/01\/MAUAMI1040_800.jpg","width":800,"height":800},{"@type":"BreadcrumbList","@id":"https:\/\/aivlisoft.net\/shop\/producto\/mars-gaming-auricular-mhw100-wireless-cancel-ruido\/#breadcrumb","itemListElement":[{"@type":"ListItem","position":1,"name":"Portada","item":"https:\/\/aivlisoft.net\/shop\/"},{"@type":"ListItem","position":2,"name":"Tienda","item":"https:\/\/aivlisoft.net\/shop\/tienda\/"},{"@type":"ListItem","position":3,"name":"MARS GAMING Auricular MHW100 Wireless cancel ruido"}]},{"@type":"WebSite","@id":"https:\/\/aivlisoft.net\/shop\/#website","url":"https:\/\/aivlisoft.net\/shop\/","name":"Aivlisoft Inform\u00e1tica","description":"En Aivlisoft Inform\u00e1tica ofrecemos soluciones tecnol\u00f3gicas para empresas: venta de ordenadores, consumibles, perif\u00e9ricos y m\u00e1s. Calidad, atenci\u00f3n personalizada y los mejores precios para tu negocio.","publisher":{"@id":"https:\/\/aivlisoft.net\/shop\/#organization"},"potentialAction":[{"@type":"SearchAction","target":{"@type":"EntryPoint","urlTemplate":"https:\/\/aivlisoft.net\/shop\/?s={search_term_string}"},"query-input":{"@type":"PropertyValueSpecification","valueRequired":true,"valueName":"search_term_string"}}],"inLanguage":"es"},{"@type":"Organization","@id":"https:\/\/aivlisoft.net\/shop\/#organization","name":"Aivlisoft Inform\u00e1tica","url":"https:\/\/aivlisoft.net\/shop\/","logo":{"@type":"ImageObject","inLanguage":"es","@id":"https:\/\/aivlisoft.net\/shop\/#\/schema\/logo\/image\/","url":"https:\/\/aivlisoft.net\/shop\/wp-content\/uploads\/2024\/12\/removal.ai_5b848c54-0cdf-4140-95c5-c5536bb7573b-logodef.png","contentUrl":"https:\/\/aivlisoft.net\/shop\/wp-content\/uploads\/2024\/12\/removal.ai_5b848c54-0cdf-4140-95c5-c5536bb7573b-logodef.png","width":484,"height":182,"caption":"Aivlisoft Inform\u00e1tica"},"image":{"@id":"https:\/\/aivlisoft.net\/shop\/#\/schema\/logo\/image\/"}}]}},"_links":{"self":[{"href":"https:\/\/aivlisoft.net\/shop\/wp-json\/wp\/v2\/product\/15854","targetHints":{"allow":["GET"]}}],"collection":[{"href":"https:\/\/aivlisoft.net\/shop\/wp-json\/wp\/v2\/product"}],"about":[{"href":"https:\/\/aivlisoft.net\/shop\/wp-json\/wp\/v2\/types\/product"}],"wp:featuredmedia":[{"embeddable":true,"href":"https:\/\/aivlisoft.net\/shop\/wp-json\/wp\/v2\/media\/15855"}],"wp:attachment":[{"href":"https:\/\/aivlisoft.net\/shop\/wp-json\/wp\/v2\/media?parent=15854"}],"wp:term":[{"taxonomy":"product_brand","embeddable":true,"href":"https:\/\/aivlisoft.net\/shop\/wp-json\/wp\/v2\/product_brand?post=15854"},{"taxonomy":"product_cat","embeddable":true,"href":"https:\/\/aivlisoft.net\/shop\/wp-json\/wp\/v2\/product_cat?post=15854"},{"taxonomy":"product_tag","embeddable":true,"href":"https:\/\/aivlisoft.net\/shop\/wp-json\/wp\/v2\/product_tag?post=15854"}],"curies":[{"name":"wp","href":"https:\/\/api.w.org\/{rel}","templated":true}]}}