{"id":15839,"date":"2025-01-13T14:56:55","date_gmt":"2025-01-13T14:56:55","guid":{"rendered":"https:\/\/aivlisoft.com\/?post_type=product&#038;p=15839"},"modified":"2025-01-14T21:08:56","modified_gmt":"2025-01-14T21:08:56","slug":"energy-sistem-auriculares-tw-style-4-cream","status":"publish","type":"product","link":"https:\/\/aivlisoft.net\/shop\/producto\/energy-sistem-auriculares-tw-style-4-cream\/","title":{"rendered":"Energy Sistem Auriculares TW Style 4 Cream"},"content":{"rendered":"<p><strong>Tu m&uacute;sica siempre en modo &lsquo;on&rsquo;<\/strong><br \/>Auriculares inal&aacute;mbricos con charging case para cargar la bater&iacute;a all&aacute; donde vayas. &iexcl;Y que no te falte nunca la m&uacute;sica! Hasta 25 horas de autonom&iacute;a (5 horas por cada carga de los auriculares y 20 horas adicionales en el charging case).<\/p>\n<p><strong>ESmart Connect App<\/strong><br \/>Personaliza la configuraci&oacute;n de tus auriculares con la App ESmart Connect. Con funciones de ecualizaci&oacute;n de sonido y Find my earbuds (para encontrar tus earphones f&aacute;cilmente cuando los pierdas de vista). Configura a tu gusto la reproducci&oacute;n con touch control y disfruta de todas las actualizaciones OTA en tu dispositivo.<\/p>\n<p><strong>Ligeros y compactos<\/strong><br \/>Gracias a su dise&ntilde;o ergon&oacute;mico, los Earphones True Wireless Style 4 se adaptan perfectamente a tu o&iacute;do, para que escuches tus temas preferidos con total comodidad. El charging case es tan ligero y compacto que podr&aacute;s llevarlos contigo en el bolsillo, en tu mochila o un peque&ntilde;o rinc&oacute;n de tu bolso.<\/p>\n<p><strong>Asistente de voz y control t&aacute;ctil<\/strong><br \/>Los auriculares inal&aacute;mbricos de Energy Sistem cuentan con Voice Assistant para ayudarte a encontrar f&aacute;cilmente lo buscas, con los comandos de voz. Con Touch Control, tecnolog&iacute;a inal&aacute;mbrica Bluetooth&reg; 5.1, True Wireless con sincronizaci&oacute;n autom&aacute;tica y funci&oacute;n manos libres.<\/p>\n<table class=\"tabla_caracteristicas\" width=\"100%\">\n<tr>\n<td valign=\"top\"><strong>Marca<\/strong><\/td>\n<td>Energy Sistem<\/td>\n<\/tr>\n<tr>\n<td valign=\"top\"><strong>Modelo<\/strong><\/td>\n<td><strong>453511<\/strong><\/td>\n<\/tr>\n<tr>\n<td valign=\"top\"><strong>Caracter&iacute;sticas<\/strong><\/td>\n<td><strong>Audio<\/strong><br \/>\t\t\t&#8211; Di&aacute;metro del driver: 10 mm<br \/>\t\t\t&#8211; Drivers: Din&aacute;mico<br \/>\t\t\t&#8211; Latencia: 100ms<br \/>\t\t\t&#8211; Respuesta en frecuencia: 20Hz &#8211; 20 KHz<br \/>\t\t\t&#8211; Tipo: Bot&oacute;n<br \/>\t\t\t<strong>Conectividad<\/strong><br \/>\t\t\t&#8211; Compatible con ESmart Connect App: S&iacute;<br \/>\t\t\t&#8211; Asistente de voz (Google, Siri): S&iacute;<br \/>\t\t\t&#8211; Bluetooth &#8211; Versi&oacute;n: 5.1<br \/>\t\t\t&#8211; Bluetooth &#8211; Clase: 2<br \/>\t\t\t&#8211; Bluetooth &#8211; Frecuencia de trabajo: 2.4 GHz<br \/>\t\t\t&#8211; Bluetooth &#8211; Perfiles: A2DP \/ AVRCP \/ HFP \/ HSP<br \/>\t\t\t&#8211; Bluetooth &#8211; Alcance: 20 m<br \/>\t\t\t&#8211; Bluetooth &#8211; Codecs de audio soportados: SBC<br \/>\t\t\t&#8211; Bluetooth &#8211; Potencia m&aacute;xima de la se&ntilde;al: &lt; 20,00 dBm<br \/>\t\t\t&#8211; Tecnolog&iacute;a True Wireless: S&iacute;<br \/>\t\t\t<strong>Bater&iacute;a<\/strong><br \/>\t\t\t&#8211; Tipo: LiPo<br \/>\t\t\t&#8211; Capacidad: 30 mAh<br \/>\t\t\t&#8211; Voltaje: 3.7 V<br \/>\t\t\t&#8211; Autonon&iacute;a &#8211; Uso normal: 5 h<br \/>\t\t\t&#8211; Sistema de carga: USB tipo C<br \/>\t\t\t&#8211; Tiempo de carga: 1.5 h<br \/>\t\t\t&#8211; Estuche de carga: S&iacute;<br \/>\t\t\t&#8211; Estuche de carga &#8211; Tipo: LiPo<br \/>\t\t\t&#8211; Estuche de carga &#8211; Capacidad: 400 mAh<br \/>\t\t\t&#8211; Estuche de carga &#8211; Voltaje: 3.7 V<br \/>\t\t\t&#8211; Estuche de carga &#8211; Autonom&iacute;a adicional: 20 h<br \/>\t\t\t&#8211; Estuche de carga &#8211; Tiempo de carga: 1.5 h<br \/>\t\t\t<strong>Micr&oacute;fono<\/strong><br \/>\t\t\t&#8211; Manos libres: S&iacute;<br \/>\t\t\t&#8211; Tipo: Integrado<br \/>\t\t\t&#8211; Sensibilidad: -42 dB &plusmn; 3 dB (@1 kHz)<br \/>\t\t\t&#8211; Rango de frecuencia: 100 Hz ~ 10 kHz<br \/>\t\t\t<strong>Alimentaci&oacute;n<\/strong><br \/>\t\t\t&#8211; Conectores: USB tipo C<br \/>\t\t\t<strong>Compatibilidad<\/strong><br \/>\t\t\t&#8211; Compatibilidad: PC Windows \/ Smartphone \/ Tablet \/ TV<br \/>\t\t\t<strong>Otras caracter&iacute;sticas<\/strong><br \/>\t\t\t&#8211; Control de reproducci&oacute;n: S&iacute;<br \/>\t\t\t&#8211; Control de volumen: S&iacute;<br \/>\t\t\t<strong>Dimensiones y Peso<\/strong><br \/>\t\t\t&#8211; Alto: 3 cm<br \/>\t\t\t&#8211; Ancho: 6.5 cm<br \/>\t\t\t&#8211; Profundo: 3.5 cm<br \/>\t\t\t&#8211; Peso: 42 g<\/td>\n<\/tr>\n<tr>\n<td valign=\"top\"><strong>Fecha de revisi&oacute;n<\/strong><\/td>\n<td>16-11-2022 por MPM<\/td>\n<\/tr>\n<\/table>\n","protected":false},"excerpt":{"rendered":"<p>Tu m&uacute;sica siempre en modo &lsquo;on&rsquo;Auriculares inal&aacute;mbricos con charging case para cargar la bater&iacute;a all&aacute; donde vayas. &iexcl;Y que no te falte nunca la m&uacute;sica! Hasta 25 horas de autonom&iacute;a (5 horas por cada carga de los auriculares y 20 horas adicionales en el charging case). ESmart Connect AppPersonaliza la configuraci&oacute;n de tus auriculares con&hellip;&nbsp;<a href=\"https:\/\/aivlisoft.net\/shop\/producto\/energy-sistem-auriculares-tw-style-4-cream\/\" rel=\"bookmark\"><span class=\"screen-reader-text\">Energy Sistem Auriculares TW Style 4 Cream<\/span><\/a><\/p>\n","protected":false},"featured_media":15840,"template":"","meta":{"neve_meta_sidebar":"","neve_meta_container":"","neve_meta_enable_content_width":"","neve_meta_content_width":0,"neve_meta_title_alignment":"","neve_meta_author_avatar":"","neve_post_elements_order":"","neve_meta_disable_header":"","neve_meta_disable_footer":"","neve_meta_disable_title":""},"product_brand":[],"product_cat":[15,790,957,5818],"product_tag":[5961],"class_list":{"0":"post-15839","1":"product","2":"type-product","3":"status-publish","4":"has-post-thumbnail","6":"product_cat-sin-categorizar","7":"product_cat-accesorios-gaming","8":"product_cat-accesorios-imagen-y-sonido","9":"product_cat-audio","10":"product_tag-5961","12":"first","13":"instock","14":"taxable","15":"shipping-taxable","16":"purchasable","17":"product-type-simple"},"yoast_head":"<!-- This site is optimized with the Yoast SEO plugin v26.0 - https:\/\/yoast.com\/wordpress\/plugins\/seo\/ -->\n<title>Energy Sistem Auriculares TW Style 4 Cream - Aivlisoft Inform\u00e1tica<\/title>\n<meta name=\"robots\" content=\"index, follow, max-snippet:-1, max-image-preview:large, max-video-preview:-1\" \/>\n<link rel=\"canonical\" href=\"https:\/\/aivlisoft.net\/shop\/producto\/energy-sistem-auriculares-tw-style-4-cream\/\" \/>\n<meta property=\"og:locale\" content=\"es_ES\" \/>\n<meta property=\"og:type\" content=\"article\" \/>\n<meta property=\"og:title\" content=\"Energy Sistem Auriculares TW Style 4 Cream - Aivlisoft Inform\u00e1tica\" \/>\n<meta property=\"og:description\" content=\"Tu m&uacute;sica siempre en modo &lsquo;on&rsquo;Auriculares inal&aacute;mbricos con charging case para cargar la bater&iacute;a all&aacute; donde vayas. &iexcl;Y que no te falte nunca la m&uacute;sica! Hasta 25 horas de autonom&iacute;a (5 horas por cada carga de los auriculares y 20 horas adicionales en el charging case). ESmart Connect AppPersonaliza la configuraci&oacute;n de tus auriculares con&hellip;&nbsp;Energy Sistem Auriculares TW Style 4 Cream\" \/>\n<meta property=\"og:url\" content=\"https:\/\/aivlisoft.net\/shop\/producto\/energy-sistem-auriculares-tw-style-4-cream\/\" \/>\n<meta property=\"og:site_name\" content=\"Aivlisoft Inform\u00e1tica\" \/>\n<meta property=\"article:modified_time\" content=\"2025-01-14T21:08:56+00:00\" \/>\n<meta property=\"og:image\" content=\"https:\/\/aivlisoft.net\/shop\/wp-content\/uploads\/2025\/01\/MAUAMI1033_800.jpg\" \/>\n\t<meta property=\"og:image:width\" content=\"800\" \/>\n\t<meta property=\"og:image:height\" content=\"800\" \/>\n\t<meta property=\"og:image:type\" content=\"image\/jpeg\" \/>\n<meta name=\"twitter:card\" content=\"summary_large_image\" \/>\n<meta name=\"twitter:label1\" content=\"Tiempo de lectura\" \/>\n\t<meta name=\"twitter:data1\" content=\"3 minutos\" \/>\n<script type=\"application\/ld+json\" class=\"yoast-schema-graph\">{\"@context\":\"https:\/\/schema.org\",\"@graph\":[{\"@type\":\"WebPage\",\"@id\":\"https:\/\/aivlisoft.net\/shop\/producto\/energy-sistem-auriculares-tw-style-4-cream\/\",\"url\":\"https:\/\/aivlisoft.net\/shop\/producto\/energy-sistem-auriculares-tw-style-4-cream\/\",\"name\":\"Energy Sistem Auriculares TW Style 4 Cream - Aivlisoft Inform\u00e1tica\",\"isPartOf\":{\"@id\":\"https:\/\/aivlisoft.net\/shop\/#website\"},\"primaryImageOfPage\":{\"@id\":\"https:\/\/aivlisoft.net\/shop\/producto\/energy-sistem-auriculares-tw-style-4-cream\/#primaryimage\"},\"image\":{\"@id\":\"https:\/\/aivlisoft.net\/shop\/producto\/energy-sistem-auriculares-tw-style-4-cream\/#primaryimage\"},\"thumbnailUrl\":\"https:\/\/aivlisoft.net\/shop\/wp-content\/uploads\/2025\/01\/MAUAMI1033_800.jpg\",\"datePublished\":\"2025-01-13T14:56:55+00:00\",\"dateModified\":\"2025-01-14T21:08:56+00:00\",\"breadcrumb\":{\"@id\":\"https:\/\/aivlisoft.net\/shop\/producto\/energy-sistem-auriculares-tw-style-4-cream\/#breadcrumb\"},\"inLanguage\":\"es\",\"potentialAction\":[{\"@type\":\"ReadAction\",\"target\":[\"https:\/\/aivlisoft.net\/shop\/producto\/energy-sistem-auriculares-tw-style-4-cream\/\"]}]},{\"@type\":\"ImageObject\",\"inLanguage\":\"es\",\"@id\":\"https:\/\/aivlisoft.net\/shop\/producto\/energy-sistem-auriculares-tw-style-4-cream\/#primaryimage\",\"url\":\"https:\/\/aivlisoft.net\/shop\/wp-content\/uploads\/2025\/01\/MAUAMI1033_800.jpg\",\"contentUrl\":\"https:\/\/aivlisoft.net\/shop\/wp-content\/uploads\/2025\/01\/MAUAMI1033_800.jpg\",\"width\":800,\"height\":800},{\"@type\":\"BreadcrumbList\",\"@id\":\"https:\/\/aivlisoft.net\/shop\/producto\/energy-sistem-auriculares-tw-style-4-cream\/#breadcrumb\",\"itemListElement\":[{\"@type\":\"ListItem\",\"position\":1,\"name\":\"Portada\",\"item\":\"https:\/\/aivlisoft.net\/shop\/\"},{\"@type\":\"ListItem\",\"position\":2,\"name\":\"Tienda\",\"item\":\"https:\/\/aivlisoft.net\/shop\/tienda\/\"},{\"@type\":\"ListItem\",\"position\":3,\"name\":\"Energy Sistem Auriculares TW Style 4 Cream\"}]},{\"@type\":\"WebSite\",\"@id\":\"https:\/\/aivlisoft.net\/shop\/#website\",\"url\":\"https:\/\/aivlisoft.net\/shop\/\",\"name\":\"Aivlisoft Inform\u00e1tica\",\"description\":\"En Aivlisoft Inform\u00e1tica ofrecemos soluciones tecnol\u00f3gicas para empresas: venta de ordenadores, consumibles, perif\u00e9ricos y m\u00e1s. Calidad, atenci\u00f3n personalizada y los mejores precios para tu negocio.\",\"publisher\":{\"@id\":\"https:\/\/aivlisoft.net\/shop\/#organization\"},\"potentialAction\":[{\"@type\":\"SearchAction\",\"target\":{\"@type\":\"EntryPoint\",\"urlTemplate\":\"https:\/\/aivlisoft.net\/shop\/?s={search_term_string}\"},\"query-input\":{\"@type\":\"PropertyValueSpecification\",\"valueRequired\":true,\"valueName\":\"search_term_string\"}}],\"inLanguage\":\"es\"},{\"@type\":\"Organization\",\"@id\":\"https:\/\/aivlisoft.net\/shop\/#organization\",\"name\":\"Aivlisoft Inform\u00e1tica\",\"url\":\"https:\/\/aivlisoft.net\/shop\/\",\"logo\":{\"@type\":\"ImageObject\",\"inLanguage\":\"es\",\"@id\":\"https:\/\/aivlisoft.net\/shop\/#\/schema\/logo\/image\/\",\"url\":\"https:\/\/aivlisoft.net\/shop\/wp-content\/uploads\/2024\/12\/removal.ai_5b848c54-0cdf-4140-95c5-c5536bb7573b-logodef.png\",\"contentUrl\":\"https:\/\/aivlisoft.net\/shop\/wp-content\/uploads\/2024\/12\/removal.ai_5b848c54-0cdf-4140-95c5-c5536bb7573b-logodef.png\",\"width\":484,\"height\":182,\"caption\":\"Aivlisoft Inform\u00e1tica\"},\"image\":{\"@id\":\"https:\/\/aivlisoft.net\/shop\/#\/schema\/logo\/image\/\"}}]}<\/script>\n<!-- \/ Yoast SEO plugin. -->","yoast_head_json":{"title":"Energy Sistem Auriculares TW Style 4 Cream - Aivlisoft Inform\u00e1tica","robots":{"index":"index","follow":"follow","max-snippet":"max-snippet:-1","max-image-preview":"max-image-preview:large","max-video-preview":"max-video-preview:-1"},"canonical":"https:\/\/aivlisoft.net\/shop\/producto\/energy-sistem-auriculares-tw-style-4-cream\/","og_locale":"es_ES","og_type":"article","og_title":"Energy Sistem Auriculares TW Style 4 Cream - Aivlisoft Inform\u00e1tica","og_description":"Tu m&uacute;sica siempre en modo &lsquo;on&rsquo;Auriculares inal&aacute;mbricos con charging case para cargar la bater&iacute;a all&aacute; donde vayas. &iexcl;Y que no te falte nunca la m&uacute;sica! Hasta 25 horas de autonom&iacute;a (5 horas por cada carga de los auriculares y 20 horas adicionales en el charging case). ESmart Connect AppPersonaliza la configuraci&oacute;n de tus auriculares con&hellip;&nbsp;Energy Sistem Auriculares TW Style 4 Cream","og_url":"https:\/\/aivlisoft.net\/shop\/producto\/energy-sistem-auriculares-tw-style-4-cream\/","og_site_name":"Aivlisoft Inform\u00e1tica","article_modified_time":"2025-01-14T21:08:56+00:00","og_image":[{"width":800,"height":800,"url":"https:\/\/aivlisoft.net\/shop\/wp-content\/uploads\/2025\/01\/MAUAMI1033_800.jpg","type":"image\/jpeg"}],"twitter_card":"summary_large_image","twitter_misc":{"Tiempo de lectura":"3 minutos"},"schema":{"@context":"https:\/\/schema.org","@graph":[{"@type":"WebPage","@id":"https:\/\/aivlisoft.net\/shop\/producto\/energy-sistem-auriculares-tw-style-4-cream\/","url":"https:\/\/aivlisoft.net\/shop\/producto\/energy-sistem-auriculares-tw-style-4-cream\/","name":"Energy Sistem Auriculares TW Style 4 Cream - Aivlisoft Inform\u00e1tica","isPartOf":{"@id":"https:\/\/aivlisoft.net\/shop\/#website"},"primaryImageOfPage":{"@id":"https:\/\/aivlisoft.net\/shop\/producto\/energy-sistem-auriculares-tw-style-4-cream\/#primaryimage"},"image":{"@id":"https:\/\/aivlisoft.net\/shop\/producto\/energy-sistem-auriculares-tw-style-4-cream\/#primaryimage"},"thumbnailUrl":"https:\/\/aivlisoft.net\/shop\/wp-content\/uploads\/2025\/01\/MAUAMI1033_800.jpg","datePublished":"2025-01-13T14:56:55+00:00","dateModified":"2025-01-14T21:08:56+00:00","breadcrumb":{"@id":"https:\/\/aivlisoft.net\/shop\/producto\/energy-sistem-auriculares-tw-style-4-cream\/#breadcrumb"},"inLanguage":"es","potentialAction":[{"@type":"ReadAction","target":["https:\/\/aivlisoft.net\/shop\/producto\/energy-sistem-auriculares-tw-style-4-cream\/"]}]},{"@type":"ImageObject","inLanguage":"es","@id":"https:\/\/aivlisoft.net\/shop\/producto\/energy-sistem-auriculares-tw-style-4-cream\/#primaryimage","url":"https:\/\/aivlisoft.net\/shop\/wp-content\/uploads\/2025\/01\/MAUAMI1033_800.jpg","contentUrl":"https:\/\/aivlisoft.net\/shop\/wp-content\/uploads\/2025\/01\/MAUAMI1033_800.jpg","width":800,"height":800},{"@type":"BreadcrumbList","@id":"https:\/\/aivlisoft.net\/shop\/producto\/energy-sistem-auriculares-tw-style-4-cream\/#breadcrumb","itemListElement":[{"@type":"ListItem","position":1,"name":"Portada","item":"https:\/\/aivlisoft.net\/shop\/"},{"@type":"ListItem","position":2,"name":"Tienda","item":"https:\/\/aivlisoft.net\/shop\/tienda\/"},{"@type":"ListItem","position":3,"name":"Energy Sistem Auriculares TW Style 4 Cream"}]},{"@type":"WebSite","@id":"https:\/\/aivlisoft.net\/shop\/#website","url":"https:\/\/aivlisoft.net\/shop\/","name":"Aivlisoft Inform\u00e1tica","description":"En Aivlisoft Inform\u00e1tica ofrecemos soluciones tecnol\u00f3gicas para empresas: venta de ordenadores, consumibles, perif\u00e9ricos y m\u00e1s. Calidad, atenci\u00f3n personalizada y los mejores precios para tu negocio.","publisher":{"@id":"https:\/\/aivlisoft.net\/shop\/#organization"},"potentialAction":[{"@type":"SearchAction","target":{"@type":"EntryPoint","urlTemplate":"https:\/\/aivlisoft.net\/shop\/?s={search_term_string}"},"query-input":{"@type":"PropertyValueSpecification","valueRequired":true,"valueName":"search_term_string"}}],"inLanguage":"es"},{"@type":"Organization","@id":"https:\/\/aivlisoft.net\/shop\/#organization","name":"Aivlisoft Inform\u00e1tica","url":"https:\/\/aivlisoft.net\/shop\/","logo":{"@type":"ImageObject","inLanguage":"es","@id":"https:\/\/aivlisoft.net\/shop\/#\/schema\/logo\/image\/","url":"https:\/\/aivlisoft.net\/shop\/wp-content\/uploads\/2024\/12\/removal.ai_5b848c54-0cdf-4140-95c5-c5536bb7573b-logodef.png","contentUrl":"https:\/\/aivlisoft.net\/shop\/wp-content\/uploads\/2024\/12\/removal.ai_5b848c54-0cdf-4140-95c5-c5536bb7573b-logodef.png","width":484,"height":182,"caption":"Aivlisoft Inform\u00e1tica"},"image":{"@id":"https:\/\/aivlisoft.net\/shop\/#\/schema\/logo\/image\/"}}]}},"_links":{"self":[{"href":"https:\/\/aivlisoft.net\/shop\/wp-json\/wp\/v2\/product\/15839","targetHints":{"allow":["GET"]}}],"collection":[{"href":"https:\/\/aivlisoft.net\/shop\/wp-json\/wp\/v2\/product"}],"about":[{"href":"https:\/\/aivlisoft.net\/shop\/wp-json\/wp\/v2\/types\/product"}],"wp:featuredmedia":[{"embeddable":true,"href":"https:\/\/aivlisoft.net\/shop\/wp-json\/wp\/v2\/media\/15840"}],"wp:attachment":[{"href":"https:\/\/aivlisoft.net\/shop\/wp-json\/wp\/v2\/media?parent=15839"}],"wp:term":[{"taxonomy":"product_brand","embeddable":true,"href":"https:\/\/aivlisoft.net\/shop\/wp-json\/wp\/v2\/product_brand?post=15839"},{"taxonomy":"product_cat","embeddable":true,"href":"https:\/\/aivlisoft.net\/shop\/wp-json\/wp\/v2\/product_cat?post=15839"},{"taxonomy":"product_tag","embeddable":true,"href":"https:\/\/aivlisoft.net\/shop\/wp-json\/wp\/v2\/product_tag?post=15839"}],"curies":[{"name":"wp","href":"https:\/\/api.w.org\/{rel}","templated":true}]}}