{"id":15821,"date":"2025-01-13T14:56:47","date_gmt":"2025-01-13T14:56:47","guid":{"rendered":"https:\/\/aivlisoft.com\/?post_type=product&#038;p=15821"},"modified":"2025-01-14T21:08:59","modified_gmt":"2025-01-14T21:08:59","slug":"energy-sistem-auriculares-earphones-bt-style1-spac","status":"publish","type":"product","link":"https:\/\/aivlisoft.net\/shop\/producto\/energy-sistem-auriculares-earphones-bt-style1-spac\/","title":{"rendered":"Energy Sistem Auriculares Earphones BT Style1 Spac"},"content":{"rendered":"<p><strong>8 horas de m&uacute;sica<\/strong><br \/>Hasta 8 horas de reproducci&oacute;n continuada y bater&iacute;a recargable, para que nunca te falte tu m&uacute;sica preferida all&aacute; donde vayas. Su dise&ntilde;o intraural, ligero y elegante, se adapta a tus orejas para que disfrutes de un mayor confort.<\/p>\n<p><strong>El mejor sonido Crystal Clear<\/strong><br \/>Los Earphones Bluetooth&reg; Style 1 te ofrecen un sonido n&iacute;tido y claro, gracias al Crystal clear sound. Disfruta de tus canciones favoritas como nunca, y deja que la m&uacute;sica llene cada momento del d&iacute;a.<\/p>\n<p><strong>Tu m&uacute;sica, tu ritmo<\/strong><br \/>Auriculares in-ear con botones multifunci&oacute;n integrados que te permiten controlar la lista de reproducci&oacute;n, y subir o bajar el volumen. Con conector tipo C para cargar la bater&iacute;a c&oacute;modamente.<\/p>\n<p><strong>M&aacute;s conectividad con Bluetooth&reg;<\/strong><br \/>Auriculares con tecnolog&iacute;a Bluetooth&reg; 5.1 con hasta 20 metros de alcance. Gracias a la funci&oacute;n manos libres y al micr&oacute;fono integrado, puedes responder tus llamadas en cualquier momento, con total libertad.<\/p>\n<table class=\"tabla_caracteristicas\" width=\"100%\">\n<tr>\n<td valign=\"top\"><strong>Marca<\/strong><\/td>\n<td>Samsung<\/td>\n<\/tr>\n<tr>\n<td valign=\"top\"><strong>Modelo<\/strong><\/td>\n<td><strong>454549<\/strong><\/td>\n<\/tr>\n<tr>\n<td valign=\"top\"><strong>Caracter&iacute;sticas<\/strong><\/td>\n<td><strong>Conectividad<\/strong><br \/>\t\t\t&#8211; Bluetooth: 5.1<br \/>\t\t\t&#8211; Soporta protocolos HSP \/ HFP \/ A2DP \/AVRCP<br \/>\t\t\t&#8211; Compatible con c&oacute;decs SBC<br \/>\t\t\t&#8211; Multipoint<br \/>\t\t\t&#8211; Alcance: 20 m<br \/>\t\t\t&#8211; Frecuencia de trabajo: 2,4 GHz<br \/>\t\t\t&#8211; Potencia m&aacute;xima de la se&ntilde;al: &lt;20 dBm<br \/>\t\t\t<strong>Drivers<\/strong><br \/>\t\t\t&#8211; Respuesta en frecuencia: 20<br \/>\t\t\t&#8211; 20.000 Hz<br \/>\t\t\t&#8211; Di&aacute;metro del driver: 14 mm<br \/>\t\t\t&#8211; Potencia m&aacute;xima: 5 mW<br \/>\t\t\t&#8211; Tipo: din&aacute;mico<br \/>\t\t\t&#8211; THD &lt; 1%<br \/>\t\t\t<strong>Microfono<\/strong><br \/>\t\t\t&#8211; Sensibilidad: -42 dB &plusmn; 3 dB (@1 KHz)<br \/>\t\t\t<strong>Bater&iacute;a<\/strong><br \/>\t\t\t&#8211; Capacidad: 100 mAh \/ 3,7 V<br \/>\t\t\t&#8211; Tipo: pol&iacute;mero de litio<br \/>\t\t\t&#8211; Autonom&iacute;a: 8 horas<br \/>\t\t\t&#8211; Puerto de carga: USB tipo C<br \/>\t\t\t&#8211; Tiempo de carga: 2 horas<br \/>\t\t\t&nbsp; La autonom&iacute;a var&iacute;a seg&uacute;n el nivel de volumen seleccionado y el tipo de m&uacute;sica reproducida.<br \/>\t\t\t<strong>Dimensiones y peso<\/strong><br \/>\t\t\t&#8211; 50 x 18 x 15 mm<br \/>\t\t\t&#8211; 15 g<\/td>\n<\/tr>\n<tr>\n<td valign=\"top\"><strong>Fecha de revisi&oacute;n<\/strong><\/td>\n<td>07-11-2022 por MPM<\/td>\n<\/tr>\n<\/table>\n","protected":false},"excerpt":{"rendered":"<p>8 horas de m&uacute;sicaHasta 8 horas de reproducci&oacute;n continuada y bater&iacute;a recargable, para que nunca te falte tu m&uacute;sica preferida all&aacute; donde vayas. Su dise&ntilde;o intraural, ligero y elegante, se adapta a tus orejas para que disfrutes de un mayor confort. El mejor sonido Crystal ClearLos Earphones Bluetooth&reg; Style 1 te ofrecen un sonido n&iacute;tido&hellip;&nbsp;<a href=\"https:\/\/aivlisoft.net\/shop\/producto\/energy-sistem-auriculares-earphones-bt-style1-spac\/\" rel=\"bookmark\"><span class=\"screen-reader-text\">Energy Sistem Auriculares Earphones BT Style1 Spac<\/span><\/a><\/p>\n","protected":false},"featured_media":15822,"template":"","meta":{"neve_meta_sidebar":"","neve_meta_container":"","neve_meta_enable_content_width":"","neve_meta_content_width":0,"neve_meta_title_alignment":"","neve_meta_author_avatar":"","neve_post_elements_order":"","neve_meta_disable_header":"","neve_meta_disable_footer":"","neve_meta_disable_title":""},"product_brand":[],"product_cat":[15,790,957,5818],"product_tag":[5957],"class_list":{"0":"post-15821","1":"product","2":"type-product","3":"status-publish","4":"has-post-thumbnail","6":"product_cat-sin-categorizar","7":"product_cat-accesorios-gaming","8":"product_cat-accesorios-imagen-y-sonido","9":"product_cat-audio","10":"product_tag-5957","12":"first","13":"instock","14":"taxable","15":"shipping-taxable","16":"purchasable","17":"product-type-simple"},"yoast_head":"<!-- This site is optimized with the Yoast SEO plugin v26.0 - https:\/\/yoast.com\/wordpress\/plugins\/seo\/ -->\n<title>Energy Sistem Auriculares Earphones BT Style1 Spac - Aivlisoft Inform\u00e1tica<\/title>\n<meta name=\"robots\" content=\"index, follow, max-snippet:-1, max-image-preview:large, max-video-preview:-1\" \/>\n<link rel=\"canonical\" href=\"https:\/\/aivlisoft.net\/shop\/producto\/energy-sistem-auriculares-earphones-bt-style1-spac\/\" \/>\n<meta property=\"og:locale\" content=\"es_ES\" \/>\n<meta property=\"og:type\" content=\"article\" \/>\n<meta property=\"og:title\" content=\"Energy Sistem Auriculares Earphones BT Style1 Spac - Aivlisoft Inform\u00e1tica\" \/>\n<meta property=\"og:description\" content=\"8 horas de m&uacute;sicaHasta 8 horas de reproducci&oacute;n continuada y bater&iacute;a recargable, para que nunca te falte tu m&uacute;sica preferida all&aacute; donde vayas. Su dise&ntilde;o intraural, ligero y elegante, se adapta a tus orejas para que disfrutes de un mayor confort. El mejor sonido Crystal ClearLos Earphones Bluetooth&reg; Style 1 te ofrecen un sonido n&iacute;tido&hellip;&nbsp;Energy Sistem Auriculares Earphones BT Style1 Spac\" \/>\n<meta property=\"og:url\" content=\"https:\/\/aivlisoft.net\/shop\/producto\/energy-sistem-auriculares-earphones-bt-style1-spac\/\" \/>\n<meta property=\"og:site_name\" content=\"Aivlisoft Inform\u00e1tica\" \/>\n<meta property=\"article:modified_time\" content=\"2025-01-14T21:08:59+00:00\" \/>\n<meta property=\"og:image\" content=\"https:\/\/aivlisoft.net\/shop\/wp-content\/uploads\/2025\/01\/MAUAMI1029_800.jpg\" \/>\n\t<meta property=\"og:image:width\" content=\"800\" \/>\n\t<meta property=\"og:image:height\" content=\"800\" \/>\n\t<meta property=\"og:image:type\" content=\"image\/jpeg\" \/>\n<meta name=\"twitter:card\" content=\"summary_large_image\" \/>\n<meta name=\"twitter:label1\" content=\"Tiempo de lectura\" \/>\n\t<meta name=\"twitter:data1\" content=\"2 minutos\" \/>\n<script type=\"application\/ld+json\" class=\"yoast-schema-graph\">{\"@context\":\"https:\/\/schema.org\",\"@graph\":[{\"@type\":\"WebPage\",\"@id\":\"https:\/\/aivlisoft.net\/shop\/producto\/energy-sistem-auriculares-earphones-bt-style1-spac\/\",\"url\":\"https:\/\/aivlisoft.net\/shop\/producto\/energy-sistem-auriculares-earphones-bt-style1-spac\/\",\"name\":\"Energy Sistem Auriculares Earphones BT Style1 Spac - Aivlisoft Inform\u00e1tica\",\"isPartOf\":{\"@id\":\"https:\/\/aivlisoft.net\/shop\/#website\"},\"primaryImageOfPage\":{\"@id\":\"https:\/\/aivlisoft.net\/shop\/producto\/energy-sistem-auriculares-earphones-bt-style1-spac\/#primaryimage\"},\"image\":{\"@id\":\"https:\/\/aivlisoft.net\/shop\/producto\/energy-sistem-auriculares-earphones-bt-style1-spac\/#primaryimage\"},\"thumbnailUrl\":\"https:\/\/aivlisoft.net\/shop\/wp-content\/uploads\/2025\/01\/MAUAMI1029_800.jpg\",\"datePublished\":\"2025-01-13T14:56:47+00:00\",\"dateModified\":\"2025-01-14T21:08:59+00:00\",\"breadcrumb\":{\"@id\":\"https:\/\/aivlisoft.net\/shop\/producto\/energy-sistem-auriculares-earphones-bt-style1-spac\/#breadcrumb\"},\"inLanguage\":\"es\",\"potentialAction\":[{\"@type\":\"ReadAction\",\"target\":[\"https:\/\/aivlisoft.net\/shop\/producto\/energy-sistem-auriculares-earphones-bt-style1-spac\/\"]}]},{\"@type\":\"ImageObject\",\"inLanguage\":\"es\",\"@id\":\"https:\/\/aivlisoft.net\/shop\/producto\/energy-sistem-auriculares-earphones-bt-style1-spac\/#primaryimage\",\"url\":\"https:\/\/aivlisoft.net\/shop\/wp-content\/uploads\/2025\/01\/MAUAMI1029_800.jpg\",\"contentUrl\":\"https:\/\/aivlisoft.net\/shop\/wp-content\/uploads\/2025\/01\/MAUAMI1029_800.jpg\",\"width\":800,\"height\":800},{\"@type\":\"BreadcrumbList\",\"@id\":\"https:\/\/aivlisoft.net\/shop\/producto\/energy-sistem-auriculares-earphones-bt-style1-spac\/#breadcrumb\",\"itemListElement\":[{\"@type\":\"ListItem\",\"position\":1,\"name\":\"Portada\",\"item\":\"https:\/\/aivlisoft.net\/shop\/\"},{\"@type\":\"ListItem\",\"position\":2,\"name\":\"Tienda\",\"item\":\"https:\/\/aivlisoft.net\/shop\/tienda\/\"},{\"@type\":\"ListItem\",\"position\":3,\"name\":\"Energy Sistem Auriculares Earphones BT Style1 Spac\"}]},{\"@type\":\"WebSite\",\"@id\":\"https:\/\/aivlisoft.net\/shop\/#website\",\"url\":\"https:\/\/aivlisoft.net\/shop\/\",\"name\":\"Aivlisoft Inform\u00e1tica\",\"description\":\"En Aivlisoft Inform\u00e1tica ofrecemos soluciones tecnol\u00f3gicas para empresas: venta de ordenadores, consumibles, perif\u00e9ricos y m\u00e1s. Calidad, atenci\u00f3n personalizada y los mejores precios para tu negocio.\",\"publisher\":{\"@id\":\"https:\/\/aivlisoft.net\/shop\/#organization\"},\"potentialAction\":[{\"@type\":\"SearchAction\",\"target\":{\"@type\":\"EntryPoint\",\"urlTemplate\":\"https:\/\/aivlisoft.net\/shop\/?s={search_term_string}\"},\"query-input\":{\"@type\":\"PropertyValueSpecification\",\"valueRequired\":true,\"valueName\":\"search_term_string\"}}],\"inLanguage\":\"es\"},{\"@type\":\"Organization\",\"@id\":\"https:\/\/aivlisoft.net\/shop\/#organization\",\"name\":\"Aivlisoft Inform\u00e1tica\",\"url\":\"https:\/\/aivlisoft.net\/shop\/\",\"logo\":{\"@type\":\"ImageObject\",\"inLanguage\":\"es\",\"@id\":\"https:\/\/aivlisoft.net\/shop\/#\/schema\/logo\/image\/\",\"url\":\"https:\/\/aivlisoft.net\/shop\/wp-content\/uploads\/2024\/12\/removal.ai_5b848c54-0cdf-4140-95c5-c5536bb7573b-logodef.png\",\"contentUrl\":\"https:\/\/aivlisoft.net\/shop\/wp-content\/uploads\/2024\/12\/removal.ai_5b848c54-0cdf-4140-95c5-c5536bb7573b-logodef.png\",\"width\":484,\"height\":182,\"caption\":\"Aivlisoft Inform\u00e1tica\"},\"image\":{\"@id\":\"https:\/\/aivlisoft.net\/shop\/#\/schema\/logo\/image\/\"}}]}<\/script>\n<!-- \/ Yoast SEO plugin. -->","yoast_head_json":{"title":"Energy Sistem Auriculares Earphones BT Style1 Spac - Aivlisoft Inform\u00e1tica","robots":{"index":"index","follow":"follow","max-snippet":"max-snippet:-1","max-image-preview":"max-image-preview:large","max-video-preview":"max-video-preview:-1"},"canonical":"https:\/\/aivlisoft.net\/shop\/producto\/energy-sistem-auriculares-earphones-bt-style1-spac\/","og_locale":"es_ES","og_type":"article","og_title":"Energy Sistem Auriculares Earphones BT Style1 Spac - Aivlisoft Inform\u00e1tica","og_description":"8 horas de m&uacute;sicaHasta 8 horas de reproducci&oacute;n continuada y bater&iacute;a recargable, para que nunca te falte tu m&uacute;sica preferida all&aacute; donde vayas. Su dise&ntilde;o intraural, ligero y elegante, se adapta a tus orejas para que disfrutes de un mayor confort. El mejor sonido Crystal ClearLos Earphones Bluetooth&reg; Style 1 te ofrecen un sonido n&iacute;tido&hellip;&nbsp;Energy Sistem Auriculares Earphones BT Style1 Spac","og_url":"https:\/\/aivlisoft.net\/shop\/producto\/energy-sistem-auriculares-earphones-bt-style1-spac\/","og_site_name":"Aivlisoft Inform\u00e1tica","article_modified_time":"2025-01-14T21:08:59+00:00","og_image":[{"width":800,"height":800,"url":"https:\/\/aivlisoft.net\/shop\/wp-content\/uploads\/2025\/01\/MAUAMI1029_800.jpg","type":"image\/jpeg"}],"twitter_card":"summary_large_image","twitter_misc":{"Tiempo de lectura":"2 minutos"},"schema":{"@context":"https:\/\/schema.org","@graph":[{"@type":"WebPage","@id":"https:\/\/aivlisoft.net\/shop\/producto\/energy-sistem-auriculares-earphones-bt-style1-spac\/","url":"https:\/\/aivlisoft.net\/shop\/producto\/energy-sistem-auriculares-earphones-bt-style1-spac\/","name":"Energy Sistem Auriculares Earphones BT Style1 Spac - Aivlisoft Inform\u00e1tica","isPartOf":{"@id":"https:\/\/aivlisoft.net\/shop\/#website"},"primaryImageOfPage":{"@id":"https:\/\/aivlisoft.net\/shop\/producto\/energy-sistem-auriculares-earphones-bt-style1-spac\/#primaryimage"},"image":{"@id":"https:\/\/aivlisoft.net\/shop\/producto\/energy-sistem-auriculares-earphones-bt-style1-spac\/#primaryimage"},"thumbnailUrl":"https:\/\/aivlisoft.net\/shop\/wp-content\/uploads\/2025\/01\/MAUAMI1029_800.jpg","datePublished":"2025-01-13T14:56:47+00:00","dateModified":"2025-01-14T21:08:59+00:00","breadcrumb":{"@id":"https:\/\/aivlisoft.net\/shop\/producto\/energy-sistem-auriculares-earphones-bt-style1-spac\/#breadcrumb"},"inLanguage":"es","potentialAction":[{"@type":"ReadAction","target":["https:\/\/aivlisoft.net\/shop\/producto\/energy-sistem-auriculares-earphones-bt-style1-spac\/"]}]},{"@type":"ImageObject","inLanguage":"es","@id":"https:\/\/aivlisoft.net\/shop\/producto\/energy-sistem-auriculares-earphones-bt-style1-spac\/#primaryimage","url":"https:\/\/aivlisoft.net\/shop\/wp-content\/uploads\/2025\/01\/MAUAMI1029_800.jpg","contentUrl":"https:\/\/aivlisoft.net\/shop\/wp-content\/uploads\/2025\/01\/MAUAMI1029_800.jpg","width":800,"height":800},{"@type":"BreadcrumbList","@id":"https:\/\/aivlisoft.net\/shop\/producto\/energy-sistem-auriculares-earphones-bt-style1-spac\/#breadcrumb","itemListElement":[{"@type":"ListItem","position":1,"name":"Portada","item":"https:\/\/aivlisoft.net\/shop\/"},{"@type":"ListItem","position":2,"name":"Tienda","item":"https:\/\/aivlisoft.net\/shop\/tienda\/"},{"@type":"ListItem","position":3,"name":"Energy Sistem Auriculares Earphones BT Style1 Spac"}]},{"@type":"WebSite","@id":"https:\/\/aivlisoft.net\/shop\/#website","url":"https:\/\/aivlisoft.net\/shop\/","name":"Aivlisoft Inform\u00e1tica","description":"En Aivlisoft Inform\u00e1tica ofrecemos soluciones tecnol\u00f3gicas para empresas: venta de ordenadores, consumibles, perif\u00e9ricos y m\u00e1s. Calidad, atenci\u00f3n personalizada y los mejores precios para tu negocio.","publisher":{"@id":"https:\/\/aivlisoft.net\/shop\/#organization"},"potentialAction":[{"@type":"SearchAction","target":{"@type":"EntryPoint","urlTemplate":"https:\/\/aivlisoft.net\/shop\/?s={search_term_string}"},"query-input":{"@type":"PropertyValueSpecification","valueRequired":true,"valueName":"search_term_string"}}],"inLanguage":"es"},{"@type":"Organization","@id":"https:\/\/aivlisoft.net\/shop\/#organization","name":"Aivlisoft Inform\u00e1tica","url":"https:\/\/aivlisoft.net\/shop\/","logo":{"@type":"ImageObject","inLanguage":"es","@id":"https:\/\/aivlisoft.net\/shop\/#\/schema\/logo\/image\/","url":"https:\/\/aivlisoft.net\/shop\/wp-content\/uploads\/2024\/12\/removal.ai_5b848c54-0cdf-4140-95c5-c5536bb7573b-logodef.png","contentUrl":"https:\/\/aivlisoft.net\/shop\/wp-content\/uploads\/2024\/12\/removal.ai_5b848c54-0cdf-4140-95c5-c5536bb7573b-logodef.png","width":484,"height":182,"caption":"Aivlisoft Inform\u00e1tica"},"image":{"@id":"https:\/\/aivlisoft.net\/shop\/#\/schema\/logo\/image\/"}}]}},"_links":{"self":[{"href":"https:\/\/aivlisoft.net\/shop\/wp-json\/wp\/v2\/product\/15821","targetHints":{"allow":["GET"]}}],"collection":[{"href":"https:\/\/aivlisoft.net\/shop\/wp-json\/wp\/v2\/product"}],"about":[{"href":"https:\/\/aivlisoft.net\/shop\/wp-json\/wp\/v2\/types\/product"}],"wp:featuredmedia":[{"embeddable":true,"href":"https:\/\/aivlisoft.net\/shop\/wp-json\/wp\/v2\/media\/15822"}],"wp:attachment":[{"href":"https:\/\/aivlisoft.net\/shop\/wp-json\/wp\/v2\/media?parent=15821"}],"wp:term":[{"taxonomy":"product_brand","embeddable":true,"href":"https:\/\/aivlisoft.net\/shop\/wp-json\/wp\/v2\/product_brand?post=15821"},{"taxonomy":"product_cat","embeddable":true,"href":"https:\/\/aivlisoft.net\/shop\/wp-json\/wp\/v2\/product_cat?post=15821"},{"taxonomy":"product_tag","embeddable":true,"href":"https:\/\/aivlisoft.net\/shop\/wp-json\/wp\/v2\/product_tag?post=15821"}],"curies":[{"name":"wp","href":"https:\/\/api.w.org\/{rel}","templated":true}]}}