{"id":15797,"date":"2025-01-13T14:56:36","date_gmt":"2025-01-13T14:56:36","guid":{"rendered":"https:\/\/aivlisoft.com\/?post_type=product&#038;p=15797"},"modified":"2025-01-14T21:09:03","modified_gmt":"2025-01-14T21:09:03","slug":"mars-gaming-auriculares-ecologic-mhw-eco-bt-5-1","status":"publish","type":"product","link":"https:\/\/aivlisoft.net\/shop\/producto\/mars-gaming-auriculares-ecologic-mhw-eco-bt-5-1\/","title":{"rendered":"MARS GAMING Auriculares Ecologic MHW-ECO BT 5.1"},"content":{"rendered":"<p><strong>Auriculares inal&aacute;mbricos ecol&oacute;gicos mhw-eco<\/strong><br \/>Nueva generaci&oacute;n de productos tecnol&oacute;gicos ECO. Fabricados con sustitutivos del pl&aacute;stico: wheat straw y bamb&uacute;, membranas biol&oacute;gicas y empaquetados ECO. Colabora para salvar el planeta con el proyecto be plastic smart.<\/p>\n<p><strong>Material eco wheat straw<\/strong><br \/>El material sustitutivo del pl&aacute;stico m&aacute;s innovador. El wheat straw es un subproducto del trigo obtenido del aprovechamiento de los residuos de las cosechas. Material compostable y biodegradable, permite sustituir de forma efectiva el pl&aacute;stico con la dureza y durabilidad requeridas en los productos comerciales.<\/p>\n<p><strong>Material eco membrana biol&oacute;gica<\/strong><br \/>Un sonido limpio, equilibrado y potente gracias al uso de membranas biol&oacute;gicas en los drivers de sonido. Disfruta de una calidad de sonido excelente mientras cuidas el medio ambiente.<\/p>\n<p><strong>Empaquetado ecol&oacute;gico<\/strong><br \/>Fabricado con materiales reciclados y reducido al m&iacute;nimo tama&ntilde;o posible. Adem&aacute;s, eliminamos todo material que genera residuos de forma innecesaria imprimiendo el manual en el propio empaquetado. Reduce al m&aacute;ximo la huella de CO2.<\/p>\n<p><strong>Bluetooth 5.1 + JACK<\/strong><br \/>Incorporamos el avanzado Bluetooth 5.1 para un m&aacute;ximo ahorro energ&eacute;tico, una estabilidad de la conexi&oacute;n inal&aacute;mbrica ante cualquier circunstancia, una latencia s&uacute;per baja y una calidad de sonido de alta fidelidad con codecs avanzados. Adem&aacute;s, dispone de conexi&oacute;n adicional jack de audio standard para que tambi&eacute;n puedas utilizarlos con dispositivos sin bluetooth.<\/p>\n<p><strong>10 Horas de autonom&iacute;a<\/strong><br \/>Gracias al Bluetooth 5.1 y a avanzados sistemas de ahorro de energ&iacute;a, obtendr&aacute;s hasta 10 horas de uso. Para disfrutarlos sin limitaciones<\/p>\n<p><strong>Micr&oacute;fono anti-ruido<\/strong><br \/>Incorpora un micr&oacute;fono que proporciona un sonido claro y n&iacute;tido a la hora de comunicarte gracias a su filtrado de ruido y su c&aacute;psula de alta calidad.<\/p>\n<table class=\"tabla_caracteristicas\" width=\"100%\">\n<tr>\n<td valign=\"top\"><strong>Marca<\/strong><\/td>\n<td>Mars Gaming<\/td>\n<\/tr>\n<tr>\n<td valign=\"top\"><strong>Modelo<\/strong><\/td>\n<td><strong>MHWECO<\/strong><\/td>\n<\/tr>\n<tr>\n<td valign=\"top\"><strong>Caracter&iacute;sticas<\/strong><\/td>\n<td>&#8211; Dimensiones: 195x175x75mm<br \/>\t\t\t&#8211; Peso: 150g<br \/>\t\t\t&#8211; Materiales: Paja de trigo, Bamb&uacute; y materiales reciclados<br \/>\t\t\t&#8211; Extras: Micr&oacute;fono Anti-ruido<br \/>\t\t\t&#8211; Compatibilidad: PC, Mac, Smartphone, Tablets<br \/>\t\t\t&#8211; Conector: Micro-USB (Alimentaci&oacute;n)<br \/>\t\t\t&#8211; Control de volumen: S&iacute;<br \/>\t\t\t&#8211; Impedancia (micr&oacute;fono): 32&Omega;<br \/>\t\t\t&#8211; Rango de frecuencia (micr&oacute;fono): 15Hz-20KHz<br \/>\t\t\t&#8211; Capacidad bater&iacute;a: 400mAh<br \/>\t\t\t&#8211; Tiempo de funcionamiento: 10 horas<br \/>\t\t\t&#8211; Versi&oacute;n Bluetooth: 5.1<br \/>\t\t\t&#8211; Perfiles Bluetooth: HFP, HSP, AVRC, A2DP<br \/>\t\t\t&#8211; Tiempo en standby: 24 horas<br \/>\t\t\t&#8211; Distancia conexi&oacute;n bluetooth: 10 Metros<br \/>\t\t\t<strong>Contiene<\/strong><br \/>\t\t\t&#8211; Auriculares<br \/>\t\t\t&#8211; Cable USB-A\/microUSB<br \/>\t\t\t&#8211; Manual de usuario<\/td>\n<\/tr>\n<tr>\n<td valign=\"top\"><strong>Fecha de revisi&oacute;n<\/strong><\/td>\n<td>24-10-2022 por MPM<\/td>\n<\/tr>\n<\/table>\n","protected":false},"excerpt":{"rendered":"<p>Auriculares inal&aacute;mbricos ecol&oacute;gicos mhw-ecoNueva generaci&oacute;n de productos tecnol&oacute;gicos ECO. Fabricados con sustitutivos del pl&aacute;stico: wheat straw y bamb&uacute;, membranas biol&oacute;gicas y empaquetados ECO. Colabora para salvar el planeta con el proyecto be plastic smart. Material eco wheat strawEl material sustitutivo del pl&aacute;stico m&aacute;s innovador. El wheat straw es un subproducto del trigo obtenido del aprovechamiento&hellip;&nbsp;<a href=\"https:\/\/aivlisoft.net\/shop\/producto\/mars-gaming-auriculares-ecologic-mhw-eco-bt-5-1\/\" rel=\"bookmark\"><span class=\"screen-reader-text\">MARS GAMING Auriculares Ecologic MHW-ECO BT 5.1<\/span><\/a><\/p>\n","protected":false},"featured_media":15798,"template":"","meta":{"neve_meta_sidebar":"","neve_meta_container":"","neve_meta_enable_content_width":"","neve_meta_content_width":0,"neve_meta_title_alignment":"","neve_meta_author_avatar":"","neve_post_elements_order":"","neve_meta_disable_header":"","neve_meta_disable_footer":"","neve_meta_disable_title":""},"product_brand":[],"product_cat":[15,790,957,5818],"product_tag":[5952],"class_list":{"0":"post-15797","1":"product","2":"type-product","3":"status-publish","4":"has-post-thumbnail","6":"product_cat-sin-categorizar","7":"product_cat-accesorios-gaming","8":"product_cat-accesorios-imagen-y-sonido","9":"product_cat-audio","10":"product_tag-mhweco","12":"first","13":"instock","14":"taxable","15":"shipping-taxable","16":"purchasable","17":"product-type-simple"},"yoast_head":"<!-- This site is optimized with the Yoast SEO plugin v26.0 - https:\/\/yoast.com\/wordpress\/plugins\/seo\/ -->\n<title>MARS GAMING Auriculares Ecologic MHW-ECO BT 5.1 - Aivlisoft Inform\u00e1tica<\/title>\n<meta name=\"robots\" content=\"index, follow, max-snippet:-1, max-image-preview:large, max-video-preview:-1\" \/>\n<link rel=\"canonical\" href=\"https:\/\/aivlisoft.net\/shop\/producto\/mars-gaming-auriculares-ecologic-mhw-eco-bt-5-1\/\" \/>\n<meta property=\"og:locale\" content=\"es_ES\" \/>\n<meta property=\"og:type\" content=\"article\" \/>\n<meta property=\"og:title\" content=\"MARS GAMING Auriculares Ecologic MHW-ECO BT 5.1 - Aivlisoft Inform\u00e1tica\" \/>\n<meta property=\"og:description\" content=\"Auriculares inal&aacute;mbricos ecol&oacute;gicos mhw-ecoNueva generaci&oacute;n de productos tecnol&oacute;gicos ECO. Fabricados con sustitutivos del pl&aacute;stico: wheat straw y bamb&uacute;, membranas biol&oacute;gicas y empaquetados ECO. Colabora para salvar el planeta con el proyecto be plastic smart. Material eco wheat strawEl material sustitutivo del pl&aacute;stico m&aacute;s innovador. El wheat straw es un subproducto del trigo obtenido del aprovechamiento&hellip;&nbsp;MARS GAMING Auriculares Ecologic MHW-ECO BT 5.1\" \/>\n<meta property=\"og:url\" content=\"https:\/\/aivlisoft.net\/shop\/producto\/mars-gaming-auriculares-ecologic-mhw-eco-bt-5-1\/\" \/>\n<meta property=\"og:site_name\" content=\"Aivlisoft Inform\u00e1tica\" \/>\n<meta property=\"article:modified_time\" content=\"2025-01-14T21:09:03+00:00\" \/>\n<meta property=\"og:image\" content=\"https:\/\/aivlisoft.net\/shop\/wp-content\/uploads\/2025\/01\/MAUAMI1023_800.jpg\" \/>\n\t<meta property=\"og:image:width\" content=\"800\" \/>\n\t<meta property=\"og:image:height\" content=\"800\" \/>\n\t<meta property=\"og:image:type\" content=\"image\/jpeg\" \/>\n<meta name=\"twitter:card\" content=\"summary_large_image\" \/>\n<meta name=\"twitter:label1\" content=\"Tiempo de lectura\" \/>\n\t<meta name=\"twitter:data1\" content=\"2 minutos\" \/>\n<script type=\"application\/ld+json\" class=\"yoast-schema-graph\">{\"@context\":\"https:\/\/schema.org\",\"@graph\":[{\"@type\":\"WebPage\",\"@id\":\"https:\/\/aivlisoft.net\/shop\/producto\/mars-gaming-auriculares-ecologic-mhw-eco-bt-5-1\/\",\"url\":\"https:\/\/aivlisoft.net\/shop\/producto\/mars-gaming-auriculares-ecologic-mhw-eco-bt-5-1\/\",\"name\":\"MARS GAMING Auriculares Ecologic MHW-ECO BT 5.1 - Aivlisoft Inform\u00e1tica\",\"isPartOf\":{\"@id\":\"https:\/\/aivlisoft.net\/shop\/#website\"},\"primaryImageOfPage\":{\"@id\":\"https:\/\/aivlisoft.net\/shop\/producto\/mars-gaming-auriculares-ecologic-mhw-eco-bt-5-1\/#primaryimage\"},\"image\":{\"@id\":\"https:\/\/aivlisoft.net\/shop\/producto\/mars-gaming-auriculares-ecologic-mhw-eco-bt-5-1\/#primaryimage\"},\"thumbnailUrl\":\"https:\/\/aivlisoft.net\/shop\/wp-content\/uploads\/2025\/01\/MAUAMI1023_800.jpg\",\"datePublished\":\"2025-01-13T14:56:36+00:00\",\"dateModified\":\"2025-01-14T21:09:03+00:00\",\"breadcrumb\":{\"@id\":\"https:\/\/aivlisoft.net\/shop\/producto\/mars-gaming-auriculares-ecologic-mhw-eco-bt-5-1\/#breadcrumb\"},\"inLanguage\":\"es\",\"potentialAction\":[{\"@type\":\"ReadAction\",\"target\":[\"https:\/\/aivlisoft.net\/shop\/producto\/mars-gaming-auriculares-ecologic-mhw-eco-bt-5-1\/\"]}]},{\"@type\":\"ImageObject\",\"inLanguage\":\"es\",\"@id\":\"https:\/\/aivlisoft.net\/shop\/producto\/mars-gaming-auriculares-ecologic-mhw-eco-bt-5-1\/#primaryimage\",\"url\":\"https:\/\/aivlisoft.net\/shop\/wp-content\/uploads\/2025\/01\/MAUAMI1023_800.jpg\",\"contentUrl\":\"https:\/\/aivlisoft.net\/shop\/wp-content\/uploads\/2025\/01\/MAUAMI1023_800.jpg\",\"width\":800,\"height\":800},{\"@type\":\"BreadcrumbList\",\"@id\":\"https:\/\/aivlisoft.net\/shop\/producto\/mars-gaming-auriculares-ecologic-mhw-eco-bt-5-1\/#breadcrumb\",\"itemListElement\":[{\"@type\":\"ListItem\",\"position\":1,\"name\":\"Portada\",\"item\":\"https:\/\/aivlisoft.net\/shop\/\"},{\"@type\":\"ListItem\",\"position\":2,\"name\":\"Tienda\",\"item\":\"https:\/\/aivlisoft.net\/shop\/tienda\/\"},{\"@type\":\"ListItem\",\"position\":3,\"name\":\"MARS GAMING Auriculares Ecologic MHW-ECO BT 5.1\"}]},{\"@type\":\"WebSite\",\"@id\":\"https:\/\/aivlisoft.net\/shop\/#website\",\"url\":\"https:\/\/aivlisoft.net\/shop\/\",\"name\":\"Aivlisoft Inform\u00e1tica\",\"description\":\"En Aivlisoft Inform\u00e1tica ofrecemos soluciones tecnol\u00f3gicas para empresas: venta de ordenadores, consumibles, perif\u00e9ricos y m\u00e1s. Calidad, atenci\u00f3n personalizada y los mejores precios para tu negocio.\",\"publisher\":{\"@id\":\"https:\/\/aivlisoft.net\/shop\/#organization\"},\"potentialAction\":[{\"@type\":\"SearchAction\",\"target\":{\"@type\":\"EntryPoint\",\"urlTemplate\":\"https:\/\/aivlisoft.net\/shop\/?s={search_term_string}\"},\"query-input\":{\"@type\":\"PropertyValueSpecification\",\"valueRequired\":true,\"valueName\":\"search_term_string\"}}],\"inLanguage\":\"es\"},{\"@type\":\"Organization\",\"@id\":\"https:\/\/aivlisoft.net\/shop\/#organization\",\"name\":\"Aivlisoft Inform\u00e1tica\",\"url\":\"https:\/\/aivlisoft.net\/shop\/\",\"logo\":{\"@type\":\"ImageObject\",\"inLanguage\":\"es\",\"@id\":\"https:\/\/aivlisoft.net\/shop\/#\/schema\/logo\/image\/\",\"url\":\"https:\/\/aivlisoft.net\/shop\/wp-content\/uploads\/2024\/12\/removal.ai_5b848c54-0cdf-4140-95c5-c5536bb7573b-logodef.png\",\"contentUrl\":\"https:\/\/aivlisoft.net\/shop\/wp-content\/uploads\/2024\/12\/removal.ai_5b848c54-0cdf-4140-95c5-c5536bb7573b-logodef.png\",\"width\":484,\"height\":182,\"caption\":\"Aivlisoft Inform\u00e1tica\"},\"image\":{\"@id\":\"https:\/\/aivlisoft.net\/shop\/#\/schema\/logo\/image\/\"}}]}<\/script>\n<!-- \/ Yoast SEO plugin. -->","yoast_head_json":{"title":"MARS GAMING Auriculares Ecologic MHW-ECO BT 5.1 - Aivlisoft Inform\u00e1tica","robots":{"index":"index","follow":"follow","max-snippet":"max-snippet:-1","max-image-preview":"max-image-preview:large","max-video-preview":"max-video-preview:-1"},"canonical":"https:\/\/aivlisoft.net\/shop\/producto\/mars-gaming-auriculares-ecologic-mhw-eco-bt-5-1\/","og_locale":"es_ES","og_type":"article","og_title":"MARS GAMING Auriculares Ecologic MHW-ECO BT 5.1 - Aivlisoft Inform\u00e1tica","og_description":"Auriculares inal&aacute;mbricos ecol&oacute;gicos mhw-ecoNueva generaci&oacute;n de productos tecnol&oacute;gicos ECO. Fabricados con sustitutivos del pl&aacute;stico: wheat straw y bamb&uacute;, membranas biol&oacute;gicas y empaquetados ECO. Colabora para salvar el planeta con el proyecto be plastic smart. Material eco wheat strawEl material sustitutivo del pl&aacute;stico m&aacute;s innovador. El wheat straw es un subproducto del trigo obtenido del aprovechamiento&hellip;&nbsp;MARS GAMING Auriculares Ecologic MHW-ECO BT 5.1","og_url":"https:\/\/aivlisoft.net\/shop\/producto\/mars-gaming-auriculares-ecologic-mhw-eco-bt-5-1\/","og_site_name":"Aivlisoft Inform\u00e1tica","article_modified_time":"2025-01-14T21:09:03+00:00","og_image":[{"width":800,"height":800,"url":"https:\/\/aivlisoft.net\/shop\/wp-content\/uploads\/2025\/01\/MAUAMI1023_800.jpg","type":"image\/jpeg"}],"twitter_card":"summary_large_image","twitter_misc":{"Tiempo de lectura":"2 minutos"},"schema":{"@context":"https:\/\/schema.org","@graph":[{"@type":"WebPage","@id":"https:\/\/aivlisoft.net\/shop\/producto\/mars-gaming-auriculares-ecologic-mhw-eco-bt-5-1\/","url":"https:\/\/aivlisoft.net\/shop\/producto\/mars-gaming-auriculares-ecologic-mhw-eco-bt-5-1\/","name":"MARS GAMING Auriculares Ecologic MHW-ECO BT 5.1 - Aivlisoft Inform\u00e1tica","isPartOf":{"@id":"https:\/\/aivlisoft.net\/shop\/#website"},"primaryImageOfPage":{"@id":"https:\/\/aivlisoft.net\/shop\/producto\/mars-gaming-auriculares-ecologic-mhw-eco-bt-5-1\/#primaryimage"},"image":{"@id":"https:\/\/aivlisoft.net\/shop\/producto\/mars-gaming-auriculares-ecologic-mhw-eco-bt-5-1\/#primaryimage"},"thumbnailUrl":"https:\/\/aivlisoft.net\/shop\/wp-content\/uploads\/2025\/01\/MAUAMI1023_800.jpg","datePublished":"2025-01-13T14:56:36+00:00","dateModified":"2025-01-14T21:09:03+00:00","breadcrumb":{"@id":"https:\/\/aivlisoft.net\/shop\/producto\/mars-gaming-auriculares-ecologic-mhw-eco-bt-5-1\/#breadcrumb"},"inLanguage":"es","potentialAction":[{"@type":"ReadAction","target":["https:\/\/aivlisoft.net\/shop\/producto\/mars-gaming-auriculares-ecologic-mhw-eco-bt-5-1\/"]}]},{"@type":"ImageObject","inLanguage":"es","@id":"https:\/\/aivlisoft.net\/shop\/producto\/mars-gaming-auriculares-ecologic-mhw-eco-bt-5-1\/#primaryimage","url":"https:\/\/aivlisoft.net\/shop\/wp-content\/uploads\/2025\/01\/MAUAMI1023_800.jpg","contentUrl":"https:\/\/aivlisoft.net\/shop\/wp-content\/uploads\/2025\/01\/MAUAMI1023_800.jpg","width":800,"height":800},{"@type":"BreadcrumbList","@id":"https:\/\/aivlisoft.net\/shop\/producto\/mars-gaming-auriculares-ecologic-mhw-eco-bt-5-1\/#breadcrumb","itemListElement":[{"@type":"ListItem","position":1,"name":"Portada","item":"https:\/\/aivlisoft.net\/shop\/"},{"@type":"ListItem","position":2,"name":"Tienda","item":"https:\/\/aivlisoft.net\/shop\/tienda\/"},{"@type":"ListItem","position":3,"name":"MARS GAMING Auriculares Ecologic MHW-ECO BT 5.1"}]},{"@type":"WebSite","@id":"https:\/\/aivlisoft.net\/shop\/#website","url":"https:\/\/aivlisoft.net\/shop\/","name":"Aivlisoft Inform\u00e1tica","description":"En Aivlisoft Inform\u00e1tica ofrecemos soluciones tecnol\u00f3gicas para empresas: venta de ordenadores, consumibles, perif\u00e9ricos y m\u00e1s. Calidad, atenci\u00f3n personalizada y los mejores precios para tu negocio.","publisher":{"@id":"https:\/\/aivlisoft.net\/shop\/#organization"},"potentialAction":[{"@type":"SearchAction","target":{"@type":"EntryPoint","urlTemplate":"https:\/\/aivlisoft.net\/shop\/?s={search_term_string}"},"query-input":{"@type":"PropertyValueSpecification","valueRequired":true,"valueName":"search_term_string"}}],"inLanguage":"es"},{"@type":"Organization","@id":"https:\/\/aivlisoft.net\/shop\/#organization","name":"Aivlisoft Inform\u00e1tica","url":"https:\/\/aivlisoft.net\/shop\/","logo":{"@type":"ImageObject","inLanguage":"es","@id":"https:\/\/aivlisoft.net\/shop\/#\/schema\/logo\/image\/","url":"https:\/\/aivlisoft.net\/shop\/wp-content\/uploads\/2024\/12\/removal.ai_5b848c54-0cdf-4140-95c5-c5536bb7573b-logodef.png","contentUrl":"https:\/\/aivlisoft.net\/shop\/wp-content\/uploads\/2024\/12\/removal.ai_5b848c54-0cdf-4140-95c5-c5536bb7573b-logodef.png","width":484,"height":182,"caption":"Aivlisoft Inform\u00e1tica"},"image":{"@id":"https:\/\/aivlisoft.net\/shop\/#\/schema\/logo\/image\/"}}]}},"_links":{"self":[{"href":"https:\/\/aivlisoft.net\/shop\/wp-json\/wp\/v2\/product\/15797","targetHints":{"allow":["GET"]}}],"collection":[{"href":"https:\/\/aivlisoft.net\/shop\/wp-json\/wp\/v2\/product"}],"about":[{"href":"https:\/\/aivlisoft.net\/shop\/wp-json\/wp\/v2\/types\/product"}],"wp:featuredmedia":[{"embeddable":true,"href":"https:\/\/aivlisoft.net\/shop\/wp-json\/wp\/v2\/media\/15798"}],"wp:attachment":[{"href":"https:\/\/aivlisoft.net\/shop\/wp-json\/wp\/v2\/media?parent=15797"}],"wp:term":[{"taxonomy":"product_brand","embeddable":true,"href":"https:\/\/aivlisoft.net\/shop\/wp-json\/wp\/v2\/product_brand?post=15797"},{"taxonomy":"product_cat","embeddable":true,"href":"https:\/\/aivlisoft.net\/shop\/wp-json\/wp\/v2\/product_cat?post=15797"},{"taxonomy":"product_tag","embeddable":true,"href":"https:\/\/aivlisoft.net\/shop\/wp-json\/wp\/v2\/product_tag?post=15797"}],"curies":[{"name":"wp","href":"https:\/\/api.w.org\/{rel}","templated":true}]}}