{"id":15786,"date":"2025-01-13T14:56:28","date_gmt":"2025-01-13T14:56:28","guid":{"rendered":"https:\/\/aivlisoft.com\/?post_type=product&#038;p=15786"},"modified":"2025-01-14T21:09:05","modified_gmt":"2025-01-14T21:09:05","slug":"mars-gaming-auriculares-mh222-rgb-white","status":"publish","type":"product","link":"https:\/\/aivlisoft.net\/shop\/producto\/mars-gaming-auriculares-mh222-rgb-white\/","title":{"rendered":"MARS GAMING Auriculares MH222 RGB White"},"content":{"rendered":"<p><strong>Auriculares gaming MH222<\/strong><br \/>Dise&ntilde;o espectacular y una comodidad extrema para una experiencia insuperable a la hora de escuchar tus partidas, pel&iacute;culas y series de forma profesional. Dotados de un espectacular lateral con iluminaci&oacute;n RGB Flow, drivers de sonido Ultra-BASS SPATIAL SOUND, almohadillas ultra confortables y micr&oacute;fono con cancelaci&oacute;n de ruido. Adem&aacute;s, son ultraligeros, con cancelaci&oacute;n de ruido pasiva y compatibilidad total multiplataforma gracias a su doble sistema de conexi&oacute;n<\/p>\n<p><strong>Iluminaci&oacute;n RGB FLOW<\/strong><br \/>Con un sistema de iluminaci&oacute;n RGB Flow y una estructura ligera, los MH222 son el accesorio definitivo para tu setup. Toda la calidad de sonido que buscas en unos auriculares con la comodidad que mejor te sumerge en la partida. Descubre todas sus prestaciones y disfruta de cada momento.<\/p>\n<p><strong>Sonido HI-FI ULTRA-BASS SPATIAL SOUND<\/strong><br \/>Los MH222 reproducen el sonido con una calidad profesional, meti&eacute;ndote de lleno en cada partida adem&aacute;s de potenciar los graves y la espacialidad para ofrecer una experiencia superior. A trav&eacute;s de sus imanes de neodimio de 50mm y sus membranas biol&oacute;gicas garantizan una total fidelidad sonora Multinivel. Ideales para localizar r&aacute;pidamente a tus rivales en partidas online, emocionarte con tus series y pel&iacute;culas o disfrutar al m&aacute;ximo de la m&uacute;sica que te gusta.<\/p>\n<p><strong>Dise&ntilde;o ultraligero ergon&oacute;mico<\/strong><br \/>Pensada para proporcionar comodidad durante muchas horas continuas de uso, la estructura de los MH222 es ultraligera, adaptable y resistente. Sus almohadillas de memory-foam y su tama&ntilde;o extra grande permiten reducir al m&aacute;ximo la presi&oacute;n en tus orejas.<\/p>\n<p><strong>Comunicaci&oacute;n profesional<\/strong><br \/>El micr&oacute;fono flexible de los MH222 proporciona un sonido claro y n&iacute;tido a la hora de comunicarte con tus compa&ntilde;eros en partidas online gracias a su filtrado de ruido y su c&aacute;psula de alta calidad.<\/p>\n<p><strong>Cancelaci&oacute;n de ruido pasiva<\/strong><br \/>Las almohadillas de los MH222 cuentan con un recubrimiento de materiales Premium y espuma que se adapta perfectamente a tu cara y ofrece una cancelaci&oacute;n de ruido pasiva que te permitir&aacute; concentrarte y disfrutar al m&aacute;ximo de una inmersi&oacute;n total.<\/p>\n<p><strong>Compatibilidad total<\/strong><br \/>Disfr&uacute;talos sin l&iacute;mites gracias a su conectividad universal con sus conectores duales jack simple y doble. Los MH222 son totalmente compatibles con Windows, PS4, PS5, XBOX ONE, XBOX SERIES X-S, Mac, Nintendo Switch, Smartphone y Tablet<\/p>\n<table class=\"tabla_caracteristicas\" width=\"100%\">\n<tr>\n<td valign=\"top\"><strong>Marca<\/strong><\/td>\n<td>Mars Gaming<\/td>\n<\/tr>\n<tr>\n<td valign=\"top\"><strong>Modelo<\/strong><\/td>\n<td><strong>MH222W<\/strong><\/td>\n<\/tr>\n<tr>\n<td valign=\"top\"><strong>Caracter&iacute;sticas<\/strong><\/td>\n<td>&#8211; Dimensiones: 200x200x90mm<br \/>\t\t\t&#8211; Peso: 254g<br \/>\t\t\t&#8211; Iluminaci&oacute;n: RGB Flow<br \/>\t\t\t&#8211; Materiales: ABS<br \/>\t\t\t&#8211; Tipo de cable: Recubrimiento de goma<br \/>\t\t\t&#8211; Diadema: Ajustable<br \/>\t\t\t&#8211; Sonido: Est&eacute;reo<br \/>\t\t\t&#8211; Compatibilidad: PS4, PS5, XBOX ONE, XBOX SERIES X-S, Mac, Nintendo Switch, Smartphone, Tablet<br \/>\t\t\t&#8211; Longitud del cable: 180cm<br \/>\t\t\t&#8211; Conector: Jack 3.5mm (Audio) + USB (Alimentaci&oacute;n LED)<br \/>\t\t\t&#8211; Control de volumen: S&iacute;<br \/>\t\t\t&#8211; Caja de control en cable: No<br \/>\t\t\t&#8211; Adaptador: Adaptador 2-1<br \/>\t\t\t&#8211; Dimensiones (driver): Din&aacute;mico 50mm neodimio<br \/>\t\t\t&#8211; Rango de frecuencia (driver): 18Hz-20KHz<br \/>\t\t\t&#8211; Sensibilidad (driver): 112dB &plusmn; 3dB<br \/>\t\t\t&#8211; Impedancia (driver): 24&Omega;<br \/>\t\t\t&#8211; Direccionalidad (micr&oacute;fono): Omnidireccional<br \/>\t\t\t&#8211; Impedancia (micr&oacute;fono): &lt;2.2k&Omega;<br \/>\t\t\t&#8211; Sensibilidad (micr&oacute;fono): -38dB&plusmn;3dB<br \/>\t\t\t&#8211; Rango de frecuencia (micr&oacute;fono): 50Hz &#8211; 10kHz<br \/>\t\t\t&#8211; Dimensiones (micr&oacute;fono): 6 x 2,7mm<br \/>\t\t\t&#8211; Retr&aacute;ctil (micr&oacute;fono): Flexible<br \/>\t\t\t<strong>Contiene<\/strong><br \/>\t\t\t&#8211; Auriculares<br \/>\t\t\t&#8211; Adaptador 2-1<br \/>\t\t\t&#8211; Manual<\/td>\n<\/tr>\n<tr>\n<td valign=\"top\"><strong>Fecha de revisi&oacute;n<\/strong><\/td>\n<td>18-10-2022 por MPM<\/td>\n<\/tr>\n<\/table>\n","protected":false},"excerpt":{"rendered":"<p>Auriculares gaming MH222Dise&ntilde;o espectacular y una comodidad extrema para una experiencia insuperable a la hora de escuchar tus partidas, pel&iacute;culas y series de forma profesional. Dotados de un espectacular lateral con iluminaci&oacute;n RGB Flow, drivers de sonido Ultra-BASS SPATIAL SOUND, almohadillas ultra confortables y micr&oacute;fono con cancelaci&oacute;n de ruido. Adem&aacute;s, son ultraligeros, con cancelaci&oacute;n de&hellip;&nbsp;<a href=\"https:\/\/aivlisoft.net\/shop\/producto\/mars-gaming-auriculares-mh222-rgb-white\/\" rel=\"bookmark\"><span class=\"screen-reader-text\">MARS GAMING Auriculares MH222 RGB White<\/span><\/a><\/p>\n","protected":false},"featured_media":15787,"template":"","meta":{"neve_meta_sidebar":"","neve_meta_container":"","neve_meta_enable_content_width":"","neve_meta_content_width":0,"neve_meta_title_alignment":"","neve_meta_author_avatar":"","neve_post_elements_order":"","neve_meta_disable_header":"","neve_meta_disable_footer":"","neve_meta_disable_title":""},"product_brand":[],"product_cat":[15,790,957,5818],"product_tag":[5949],"class_list":{"0":"post-15786","1":"product","2":"type-product","3":"status-publish","4":"has-post-thumbnail","6":"product_cat-sin-categorizar","7":"product_cat-accesorios-gaming","8":"product_cat-accesorios-imagen-y-sonido","9":"product_cat-audio","10":"product_tag-mh222w","12":"first","13":"instock","14":"taxable","15":"shipping-taxable","16":"purchasable","17":"product-type-simple"},"yoast_head":"<!-- This site is optimized with the Yoast SEO plugin v26.0 - https:\/\/yoast.com\/wordpress\/plugins\/seo\/ -->\n<title>MARS GAMING Auriculares MH222 RGB White - Aivlisoft Inform\u00e1tica<\/title>\n<meta name=\"robots\" content=\"index, follow, max-snippet:-1, max-image-preview:large, max-video-preview:-1\" \/>\n<link rel=\"canonical\" href=\"https:\/\/aivlisoft.net\/shop\/producto\/mars-gaming-auriculares-mh222-rgb-white\/\" \/>\n<meta property=\"og:locale\" content=\"es_ES\" \/>\n<meta property=\"og:type\" content=\"article\" \/>\n<meta property=\"og:title\" content=\"MARS GAMING Auriculares MH222 RGB White - Aivlisoft Inform\u00e1tica\" \/>\n<meta property=\"og:description\" content=\"Auriculares gaming MH222Dise&ntilde;o espectacular y una comodidad extrema para una experiencia insuperable a la hora de escuchar tus partidas, pel&iacute;culas y series de forma profesional. Dotados de un espectacular lateral con iluminaci&oacute;n RGB Flow, drivers de sonido Ultra-BASS SPATIAL SOUND, almohadillas ultra confortables y micr&oacute;fono con cancelaci&oacute;n de ruido. Adem&aacute;s, son ultraligeros, con cancelaci&oacute;n de&hellip;&nbsp;MARS GAMING Auriculares MH222 RGB White\" \/>\n<meta property=\"og:url\" content=\"https:\/\/aivlisoft.net\/shop\/producto\/mars-gaming-auriculares-mh222-rgb-white\/\" \/>\n<meta property=\"og:site_name\" content=\"Aivlisoft Inform\u00e1tica\" \/>\n<meta property=\"article:modified_time\" content=\"2025-01-14T21:09:05+00:00\" \/>\n<meta property=\"og:image\" content=\"https:\/\/aivlisoft.net\/shop\/wp-content\/uploads\/2025\/01\/MAUAMI1019_800.jpg\" \/>\n\t<meta property=\"og:image:width\" content=\"800\" \/>\n\t<meta property=\"og:image:height\" content=\"800\" \/>\n\t<meta property=\"og:image:type\" content=\"image\/jpeg\" \/>\n<meta name=\"twitter:card\" content=\"summary_large_image\" \/>\n<meta name=\"twitter:label1\" content=\"Tiempo de lectura\" \/>\n\t<meta name=\"twitter:data1\" content=\"3 minutos\" \/>\n<script type=\"application\/ld+json\" class=\"yoast-schema-graph\">{\"@context\":\"https:\/\/schema.org\",\"@graph\":[{\"@type\":\"WebPage\",\"@id\":\"https:\/\/aivlisoft.net\/shop\/producto\/mars-gaming-auriculares-mh222-rgb-white\/\",\"url\":\"https:\/\/aivlisoft.net\/shop\/producto\/mars-gaming-auriculares-mh222-rgb-white\/\",\"name\":\"MARS GAMING Auriculares MH222 RGB White - Aivlisoft Inform\u00e1tica\",\"isPartOf\":{\"@id\":\"https:\/\/aivlisoft.net\/shop\/#website\"},\"primaryImageOfPage\":{\"@id\":\"https:\/\/aivlisoft.net\/shop\/producto\/mars-gaming-auriculares-mh222-rgb-white\/#primaryimage\"},\"image\":{\"@id\":\"https:\/\/aivlisoft.net\/shop\/producto\/mars-gaming-auriculares-mh222-rgb-white\/#primaryimage\"},\"thumbnailUrl\":\"https:\/\/aivlisoft.net\/shop\/wp-content\/uploads\/2025\/01\/MAUAMI1019_800.jpg\",\"datePublished\":\"2025-01-13T14:56:28+00:00\",\"dateModified\":\"2025-01-14T21:09:05+00:00\",\"breadcrumb\":{\"@id\":\"https:\/\/aivlisoft.net\/shop\/producto\/mars-gaming-auriculares-mh222-rgb-white\/#breadcrumb\"},\"inLanguage\":\"es\",\"potentialAction\":[{\"@type\":\"ReadAction\",\"target\":[\"https:\/\/aivlisoft.net\/shop\/producto\/mars-gaming-auriculares-mh222-rgb-white\/\"]}]},{\"@type\":\"ImageObject\",\"inLanguage\":\"es\",\"@id\":\"https:\/\/aivlisoft.net\/shop\/producto\/mars-gaming-auriculares-mh222-rgb-white\/#primaryimage\",\"url\":\"https:\/\/aivlisoft.net\/shop\/wp-content\/uploads\/2025\/01\/MAUAMI1019_800.jpg\",\"contentUrl\":\"https:\/\/aivlisoft.net\/shop\/wp-content\/uploads\/2025\/01\/MAUAMI1019_800.jpg\",\"width\":800,\"height\":800},{\"@type\":\"BreadcrumbList\",\"@id\":\"https:\/\/aivlisoft.net\/shop\/producto\/mars-gaming-auriculares-mh222-rgb-white\/#breadcrumb\",\"itemListElement\":[{\"@type\":\"ListItem\",\"position\":1,\"name\":\"Portada\",\"item\":\"https:\/\/aivlisoft.net\/shop\/\"},{\"@type\":\"ListItem\",\"position\":2,\"name\":\"Tienda\",\"item\":\"https:\/\/aivlisoft.net\/shop\/tienda\/\"},{\"@type\":\"ListItem\",\"position\":3,\"name\":\"MARS GAMING Auriculares MH222 RGB White\"}]},{\"@type\":\"WebSite\",\"@id\":\"https:\/\/aivlisoft.net\/shop\/#website\",\"url\":\"https:\/\/aivlisoft.net\/shop\/\",\"name\":\"Aivlisoft Inform\u00e1tica\",\"description\":\"En Aivlisoft Inform\u00e1tica ofrecemos soluciones tecnol\u00f3gicas para empresas: venta de ordenadores, consumibles, perif\u00e9ricos y m\u00e1s. Calidad, atenci\u00f3n personalizada y los mejores precios para tu negocio.\",\"publisher\":{\"@id\":\"https:\/\/aivlisoft.net\/shop\/#organization\"},\"potentialAction\":[{\"@type\":\"SearchAction\",\"target\":{\"@type\":\"EntryPoint\",\"urlTemplate\":\"https:\/\/aivlisoft.net\/shop\/?s={search_term_string}\"},\"query-input\":{\"@type\":\"PropertyValueSpecification\",\"valueRequired\":true,\"valueName\":\"search_term_string\"}}],\"inLanguage\":\"es\"},{\"@type\":\"Organization\",\"@id\":\"https:\/\/aivlisoft.net\/shop\/#organization\",\"name\":\"Aivlisoft Inform\u00e1tica\",\"url\":\"https:\/\/aivlisoft.net\/shop\/\",\"logo\":{\"@type\":\"ImageObject\",\"inLanguage\":\"es\",\"@id\":\"https:\/\/aivlisoft.net\/shop\/#\/schema\/logo\/image\/\",\"url\":\"https:\/\/aivlisoft.net\/shop\/wp-content\/uploads\/2024\/12\/removal.ai_5b848c54-0cdf-4140-95c5-c5536bb7573b-logodef.png\",\"contentUrl\":\"https:\/\/aivlisoft.net\/shop\/wp-content\/uploads\/2024\/12\/removal.ai_5b848c54-0cdf-4140-95c5-c5536bb7573b-logodef.png\",\"width\":484,\"height\":182,\"caption\":\"Aivlisoft Inform\u00e1tica\"},\"image\":{\"@id\":\"https:\/\/aivlisoft.net\/shop\/#\/schema\/logo\/image\/\"}}]}<\/script>\n<!-- \/ Yoast SEO plugin. -->","yoast_head_json":{"title":"MARS GAMING Auriculares MH222 RGB White - Aivlisoft Inform\u00e1tica","robots":{"index":"index","follow":"follow","max-snippet":"max-snippet:-1","max-image-preview":"max-image-preview:large","max-video-preview":"max-video-preview:-1"},"canonical":"https:\/\/aivlisoft.net\/shop\/producto\/mars-gaming-auriculares-mh222-rgb-white\/","og_locale":"es_ES","og_type":"article","og_title":"MARS GAMING Auriculares MH222 RGB White - Aivlisoft Inform\u00e1tica","og_description":"Auriculares gaming MH222Dise&ntilde;o espectacular y una comodidad extrema para una experiencia insuperable a la hora de escuchar tus partidas, pel&iacute;culas y series de forma profesional. Dotados de un espectacular lateral con iluminaci&oacute;n RGB Flow, drivers de sonido Ultra-BASS SPATIAL SOUND, almohadillas ultra confortables y micr&oacute;fono con cancelaci&oacute;n de ruido. Adem&aacute;s, son ultraligeros, con cancelaci&oacute;n de&hellip;&nbsp;MARS GAMING Auriculares MH222 RGB White","og_url":"https:\/\/aivlisoft.net\/shop\/producto\/mars-gaming-auriculares-mh222-rgb-white\/","og_site_name":"Aivlisoft Inform\u00e1tica","article_modified_time":"2025-01-14T21:09:05+00:00","og_image":[{"width":800,"height":800,"url":"https:\/\/aivlisoft.net\/shop\/wp-content\/uploads\/2025\/01\/MAUAMI1019_800.jpg","type":"image\/jpeg"}],"twitter_card":"summary_large_image","twitter_misc":{"Tiempo de lectura":"3 minutos"},"schema":{"@context":"https:\/\/schema.org","@graph":[{"@type":"WebPage","@id":"https:\/\/aivlisoft.net\/shop\/producto\/mars-gaming-auriculares-mh222-rgb-white\/","url":"https:\/\/aivlisoft.net\/shop\/producto\/mars-gaming-auriculares-mh222-rgb-white\/","name":"MARS GAMING Auriculares MH222 RGB White - Aivlisoft Inform\u00e1tica","isPartOf":{"@id":"https:\/\/aivlisoft.net\/shop\/#website"},"primaryImageOfPage":{"@id":"https:\/\/aivlisoft.net\/shop\/producto\/mars-gaming-auriculares-mh222-rgb-white\/#primaryimage"},"image":{"@id":"https:\/\/aivlisoft.net\/shop\/producto\/mars-gaming-auriculares-mh222-rgb-white\/#primaryimage"},"thumbnailUrl":"https:\/\/aivlisoft.net\/shop\/wp-content\/uploads\/2025\/01\/MAUAMI1019_800.jpg","datePublished":"2025-01-13T14:56:28+00:00","dateModified":"2025-01-14T21:09:05+00:00","breadcrumb":{"@id":"https:\/\/aivlisoft.net\/shop\/producto\/mars-gaming-auriculares-mh222-rgb-white\/#breadcrumb"},"inLanguage":"es","potentialAction":[{"@type":"ReadAction","target":["https:\/\/aivlisoft.net\/shop\/producto\/mars-gaming-auriculares-mh222-rgb-white\/"]}]},{"@type":"ImageObject","inLanguage":"es","@id":"https:\/\/aivlisoft.net\/shop\/producto\/mars-gaming-auriculares-mh222-rgb-white\/#primaryimage","url":"https:\/\/aivlisoft.net\/shop\/wp-content\/uploads\/2025\/01\/MAUAMI1019_800.jpg","contentUrl":"https:\/\/aivlisoft.net\/shop\/wp-content\/uploads\/2025\/01\/MAUAMI1019_800.jpg","width":800,"height":800},{"@type":"BreadcrumbList","@id":"https:\/\/aivlisoft.net\/shop\/producto\/mars-gaming-auriculares-mh222-rgb-white\/#breadcrumb","itemListElement":[{"@type":"ListItem","position":1,"name":"Portada","item":"https:\/\/aivlisoft.net\/shop\/"},{"@type":"ListItem","position":2,"name":"Tienda","item":"https:\/\/aivlisoft.net\/shop\/tienda\/"},{"@type":"ListItem","position":3,"name":"MARS GAMING Auriculares MH222 RGB White"}]},{"@type":"WebSite","@id":"https:\/\/aivlisoft.net\/shop\/#website","url":"https:\/\/aivlisoft.net\/shop\/","name":"Aivlisoft Inform\u00e1tica","description":"En Aivlisoft Inform\u00e1tica ofrecemos soluciones tecnol\u00f3gicas para empresas: venta de ordenadores, consumibles, perif\u00e9ricos y m\u00e1s. Calidad, atenci\u00f3n personalizada y los mejores precios para tu negocio.","publisher":{"@id":"https:\/\/aivlisoft.net\/shop\/#organization"},"potentialAction":[{"@type":"SearchAction","target":{"@type":"EntryPoint","urlTemplate":"https:\/\/aivlisoft.net\/shop\/?s={search_term_string}"},"query-input":{"@type":"PropertyValueSpecification","valueRequired":true,"valueName":"search_term_string"}}],"inLanguage":"es"},{"@type":"Organization","@id":"https:\/\/aivlisoft.net\/shop\/#organization","name":"Aivlisoft Inform\u00e1tica","url":"https:\/\/aivlisoft.net\/shop\/","logo":{"@type":"ImageObject","inLanguage":"es","@id":"https:\/\/aivlisoft.net\/shop\/#\/schema\/logo\/image\/","url":"https:\/\/aivlisoft.net\/shop\/wp-content\/uploads\/2024\/12\/removal.ai_5b848c54-0cdf-4140-95c5-c5536bb7573b-logodef.png","contentUrl":"https:\/\/aivlisoft.net\/shop\/wp-content\/uploads\/2024\/12\/removal.ai_5b848c54-0cdf-4140-95c5-c5536bb7573b-logodef.png","width":484,"height":182,"caption":"Aivlisoft Inform\u00e1tica"},"image":{"@id":"https:\/\/aivlisoft.net\/shop\/#\/schema\/logo\/image\/"}}]}},"_links":{"self":[{"href":"https:\/\/aivlisoft.net\/shop\/wp-json\/wp\/v2\/product\/15786","targetHints":{"allow":["GET"]}}],"collection":[{"href":"https:\/\/aivlisoft.net\/shop\/wp-json\/wp\/v2\/product"}],"about":[{"href":"https:\/\/aivlisoft.net\/shop\/wp-json\/wp\/v2\/types\/product"}],"wp:featuredmedia":[{"embeddable":true,"href":"https:\/\/aivlisoft.net\/shop\/wp-json\/wp\/v2\/media\/15787"}],"wp:attachment":[{"href":"https:\/\/aivlisoft.net\/shop\/wp-json\/wp\/v2\/media?parent=15786"}],"wp:term":[{"taxonomy":"product_brand","embeddable":true,"href":"https:\/\/aivlisoft.net\/shop\/wp-json\/wp\/v2\/product_brand?post=15786"},{"taxonomy":"product_cat","embeddable":true,"href":"https:\/\/aivlisoft.net\/shop\/wp-json\/wp\/v2\/product_cat?post=15786"},{"taxonomy":"product_tag","embeddable":true,"href":"https:\/\/aivlisoft.net\/shop\/wp-json\/wp\/v2\/product_tag?post=15786"}],"curies":[{"name":"wp","href":"https:\/\/api.w.org\/{rel}","templated":true}]}}