{"id":15766,"date":"2025-01-13T14:56:18","date_gmt":"2025-01-13T14:56:18","guid":{"rendered":"https:\/\/aivlisoft.com\/?post_type=product&#038;p=15766"},"modified":"2025-01-14T21:09:09","modified_gmt":"2025-01-14T21:09:09","slug":"cougar-auriculares-gaming-omnes-essential","status":"publish","type":"product","link":"https:\/\/aivlisoft.net\/shop\/producto\/cougar-auriculares-gaming-omnes-essential\/","title":{"rendered":"Cougar Auriculares Gaming  Omnes Essential"},"content":{"rendered":"<p><strong>Auriculares inal&aacute;mbricos para juegos<\/strong><br \/>COUGAR Omnes Essential es un auricular inal&aacute;mbrico con un controlador est&eacute;reo mejorado y un micr&oacute;fono para energizar su rendimiento de juego. Es tu mejor compa&ntilde;ero de equipo inal&aacute;mbrico.<\/p>\n<p><strong>CONEXI&Oacute;N INAL&Aacute;MBRICA R&Aacute;PIDA<\/strong><br \/>Los auriculares COUGAR Omnes Essential aplican la operaci&oacute;n de banda ISM de 2,4 GHz en todo el mundo, hasta una velocidad de datos de RF de 3 Mbps para transmisiones de audio de alta fidelidad en Stereo-boost&trade; y entrada de micr&oacute;fono. Con un alcance inal&aacute;mbrico de entre 8 y 10 metros, puede deshacerse del cable mientras est&aacute; en la sesi&oacute;n de juego en cualquier espacio sin la desconexi&oacute;n.<\/p>\n<p><strong>CALIDAD DE SONIDO IMPRESIONANTE<\/strong><br \/>Omnes Essential te permite sumergirte en el campo de batalla o en la pista de carreras sin problemas. Basado en los controladores grandes de 53 mm y el mejor modo est&eacute;reo, los detalles circundantes aumentan la realidad en diversas orientaciones en sus o&iacute;dos, desde la posici&oacute;n vertical hasta la horizontal. Omnes Essential hace que la experiencia de juego sea una sensaci&oacute;n de presencia y fidelidad sin precedentes.<\/p>\n<p><strong>SOPORTE ENVOLVENTE VIRTUAL DE WINDOWS<\/strong><br \/>Para lograr el efecto envolvente virtual, Omnes Essential es totalmente compatible con Windows Sonic en la &uacute;ltima edici&oacute;n de Windows 10&trade;.<\/p>\n<p><strong>CAPTADOR DE SONIDO OROTUNDO<\/strong><br \/>Con Omnes Essential, su gran micr&oacute;fono con cancelaci&oacute;n de ruido de 9,7 mm recibe un tono de voz de frecuencia refinada. La longitud extendida de la unidad de recogida se puede ajustar para mayor claridad. El poste flexible brinda flexibilidad adicional para mover manualmente y aumentar la calidad de recogida.<\/p>\n<p><strong>EFECTOS DE ILUMINACI&Oacute;N EXTRAORDINARIOS<\/strong><br \/>En comparaci&oacute;n con otros auriculares inal&aacute;mbricos, Omnes Essential est&aacute; dise&ntilde;ado con efectos de iluminaci&oacute;n. Son seis efectos preestablecidos, los colores fluidos RGB, naranja, rojo, verde, azul y amarillo para sus estilos.<\/p>\n<p><strong>COMODIDADES OMNIDIRECCIONALES<\/strong><br \/>Omnes Essential le permite tener las comodidades autom&aacute;ticas a trav&eacute;s del ajuste de m&uacute;ltiples ejes y la diadema de espuma extra gruesa. La combinaci&oacute;n de estructuras verticales y horizontales lograr&aacute; la mejor experiencia de juego sin presi&oacute;n en cualquier condici&oacute;n.<\/p>\n<p><strong>EXCELENTE RENDIMIENTO DE LA BATER&Iacute;A<\/strong><br \/>En la conexi&oacute;n inal&aacute;mbrica 2.4G, Omnes Essential presenta la bater&iacute;a de funcionamiento prolongado en 20 horas. Para alcanzar juegos incesantes, tambi&eacute;n puede cargar durante la operaci&oacute;n y desenchufarlo mientras se realiza la carga, LED de azul a naranja est&aacute;ndar.<\/p>\n<p><strong>COMPATIBILIDAD DE PLATAFORMA<\/strong><br \/>Con una conexi&oacute;n inal&aacute;mbrica de 2,4 G y un conector de tel&eacute;fono de 3,5 mm, Omnes Essential puede ser compatible con la mayor&iacute;a de las plataformas. Te permite disfrutarlo a trav&eacute;s de la multiplataforma y la conexi&oacute;n cruzada. La unidad de control&nbsp; puede controlar libremente el bot&oacute;n de confirmaci&oacute;n\/rechazo.<\/p>\n<table class=\"tabla_caracteristicas\" width=\"100%\">\n<tr>\n<td valign=\"top\"><strong>Marca<\/strong><\/td>\n<td>Cougar<\/td>\n<\/tr>\n<tr>\n<td valign=\"top\"><strong>Modelo<\/strong><\/td>\n<td><strong>3HW50G53B.0001<\/strong><\/td>\n<\/tr>\n<tr>\n<td valign=\"top\"><strong>Caracter&iacute;sticas<\/strong><\/td>\n<td><strong>Auriculares<\/strong><br \/>\t\t\t&#8211; Conductor: 53 mm<br \/>\t\t\t&#8211; M&aacute;x. Potencia de entrada: 40 mw<br \/>\t\t\t&#8211; Sonido de realce est&eacute;reo mejorado para Ultra-gaming<br \/>\t\t\t&#8211; Sensibilidad a 1kHz: 100&plusmn;3dB<br \/>\t\t\t&#8211; Impedancia a 1kHz: 32?&plusmn;15%<br \/>\t\t\t&#8211; Respuesta de frecuencia: 20Hz &#8211; 20kHz<br \/>\t\t\t&#8211; Adaptaci&oacute;n de uso autom&aacute;tica y ergon&oacute;mica<br \/>\t\t\t&#8211; Adaptaci&oacute;n de uso m&uacute;ltiple y autom&aacute;tica<br \/>\t\t\t<strong>Micr&oacute;fono<\/strong><br \/>\t\t\t&#8211; Conductor: 9,7 mm<br \/>\t\t\t&#8211; Micr&oacute;fono cardioide unidireccional de 9,7 mm<br \/>\t\t\t&#8211; Tipo de micr&oacute;fono: Cancelaci&oacute;n cardioide<br \/>\t\t\t&#8211; Micr&oacute;fono Sensibilidad a 1kHz: -47&plusmn;3dB<br \/>\t\t\t&#8211; Micr&oacute;fono Respuesta de frecuencia: 100Hz &#8211; 10kHz<br \/>\t\t\t&#8211; Controlador en l&iacute;nea: 4 mm<br \/>\t\t\t&#8211; Tipo de micr&oacute;fono en l&iacute;nea: Omnidireccional<br \/>\t\t\t<strong>Electricidad<\/strong><br \/>\t\t\t&#8211; Modos de sonido: Est&eacute;reo<br \/>\t\t\t&#8211; Conexi&oacute;n de 3,5 mm para bater&iacute;a baja o viaje diario<br \/>\t\t\t&#8211; Largas horas de funcionamiento<br \/>\t\t\t&#8211; Frecuencia inal&aacute;mbrica: 2,4 GHz<br \/>\t\t\t&#8211; Alcance inal&aacute;mbrico: 10 metros<br \/>\t\t\t&#8211; Bater&iacute;a: Hasta 20 Horas<br \/>\t\t\t&#8211; Tiempo de carga: 2,5 horas<br \/>\t\t\t&#8211; Voltaje de carga\/Amperio: Adaptador 5V \/ 2A<\/td>\n<\/tr>\n<tr>\n<td valign=\"top\"><strong>Fecha de revisi&oacute;n<\/strong><\/td>\n<td>31-08-2022 por MPM<\/td>\n<\/tr>\n<\/table>\n","protected":false},"excerpt":{"rendered":"<p>Auriculares inal&aacute;mbricos para juegosCOUGAR Omnes Essential es un auricular inal&aacute;mbrico con un controlador est&eacute;reo mejorado y un micr&oacute;fono para energizar su rendimiento de juego. Es tu mejor compa&ntilde;ero de equipo inal&aacute;mbrico. CONEXI&Oacute;N INAL&Aacute;MBRICA R&Aacute;PIDALos auriculares COUGAR Omnes Essential aplican la operaci&oacute;n de banda ISM de 2,4 GHz en todo el mundo, hasta una velocidad de&hellip;&nbsp;<a href=\"https:\/\/aivlisoft.net\/shop\/producto\/cougar-auriculares-gaming-omnes-essential\/\" rel=\"bookmark\"><span class=\"screen-reader-text\">Cougar Auriculares Gaming  Omnes Essential<\/span><\/a><\/p>\n","protected":false},"featured_media":15767,"template":"","meta":{"neve_meta_sidebar":"","neve_meta_container":"","neve_meta_enable_content_width":"","neve_meta_content_width":0,"neve_meta_title_alignment":"","neve_meta_author_avatar":"","neve_post_elements_order":"","neve_meta_disable_header":"","neve_meta_disable_footer":"","neve_meta_disable_title":""},"product_brand":[],"product_cat":[15,790,957,5818],"product_tag":[5945],"class_list":{"0":"post-15766","1":"product","2":"type-product","3":"status-publish","4":"has-post-thumbnail","6":"product_cat-sin-categorizar","7":"product_cat-accesorios-gaming","8":"product_cat-accesorios-imagen-y-sonido","9":"product_cat-audio","10":"product_tag-3hw50g53b-0001","12":"first","13":"instock","14":"taxable","15":"shipping-taxable","16":"purchasable","17":"product-type-simple"},"yoast_head":"<!-- This site is optimized with the Yoast SEO plugin v26.0 - https:\/\/yoast.com\/wordpress\/plugins\/seo\/ -->\n<title>Cougar Auriculares Gaming Omnes Essential - Aivlisoft Inform\u00e1tica<\/title>\n<meta name=\"robots\" content=\"index, follow, max-snippet:-1, max-image-preview:large, max-video-preview:-1\" \/>\n<link rel=\"canonical\" href=\"https:\/\/aivlisoft.net\/shop\/producto\/cougar-auriculares-gaming-omnes-essential\/\" \/>\n<meta property=\"og:locale\" content=\"es_ES\" \/>\n<meta property=\"og:type\" content=\"article\" \/>\n<meta property=\"og:title\" content=\"Cougar Auriculares Gaming Omnes Essential - Aivlisoft Inform\u00e1tica\" \/>\n<meta property=\"og:description\" content=\"Auriculares inal&aacute;mbricos para juegosCOUGAR Omnes Essential es un auricular inal&aacute;mbrico con un controlador est&eacute;reo mejorado y un micr&oacute;fono para energizar su rendimiento de juego. Es tu mejor compa&ntilde;ero de equipo inal&aacute;mbrico. CONEXI&Oacute;N INAL&Aacute;MBRICA R&Aacute;PIDALos auriculares COUGAR Omnes Essential aplican la operaci&oacute;n de banda ISM de 2,4 GHz en todo el mundo, hasta una velocidad de&hellip;&nbsp;Cougar Auriculares Gaming Omnes Essential\" \/>\n<meta property=\"og:url\" content=\"https:\/\/aivlisoft.net\/shop\/producto\/cougar-auriculares-gaming-omnes-essential\/\" \/>\n<meta property=\"og:site_name\" content=\"Aivlisoft Inform\u00e1tica\" \/>\n<meta property=\"article:modified_time\" content=\"2025-01-14T21:09:09+00:00\" \/>\n<meta property=\"og:image\" content=\"https:\/\/aivlisoft.net\/shop\/wp-content\/uploads\/2025\/01\/MAUAMI1009_800.jpg\" \/>\n\t<meta property=\"og:image:width\" content=\"800\" \/>\n\t<meta property=\"og:image:height\" content=\"800\" \/>\n\t<meta property=\"og:image:type\" content=\"image\/jpeg\" \/>\n<meta name=\"twitter:card\" content=\"summary_large_image\" \/>\n<meta name=\"twitter:label1\" content=\"Tiempo de lectura\" \/>\n\t<meta name=\"twitter:data1\" content=\"4 minutos\" \/>\n<script type=\"application\/ld+json\" class=\"yoast-schema-graph\">{\"@context\":\"https:\/\/schema.org\",\"@graph\":[{\"@type\":\"WebPage\",\"@id\":\"https:\/\/aivlisoft.net\/shop\/producto\/cougar-auriculares-gaming-omnes-essential\/\",\"url\":\"https:\/\/aivlisoft.net\/shop\/producto\/cougar-auriculares-gaming-omnes-essential\/\",\"name\":\"Cougar Auriculares Gaming Omnes Essential - Aivlisoft Inform\u00e1tica\",\"isPartOf\":{\"@id\":\"https:\/\/aivlisoft.net\/shop\/#website\"},\"primaryImageOfPage\":{\"@id\":\"https:\/\/aivlisoft.net\/shop\/producto\/cougar-auriculares-gaming-omnes-essential\/#primaryimage\"},\"image\":{\"@id\":\"https:\/\/aivlisoft.net\/shop\/producto\/cougar-auriculares-gaming-omnes-essential\/#primaryimage\"},\"thumbnailUrl\":\"https:\/\/aivlisoft.net\/shop\/wp-content\/uploads\/2025\/01\/MAUAMI1009_800.jpg\",\"datePublished\":\"2025-01-13T14:56:18+00:00\",\"dateModified\":\"2025-01-14T21:09:09+00:00\",\"breadcrumb\":{\"@id\":\"https:\/\/aivlisoft.net\/shop\/producto\/cougar-auriculares-gaming-omnes-essential\/#breadcrumb\"},\"inLanguage\":\"es\",\"potentialAction\":[{\"@type\":\"ReadAction\",\"target\":[\"https:\/\/aivlisoft.net\/shop\/producto\/cougar-auriculares-gaming-omnes-essential\/\"]}]},{\"@type\":\"ImageObject\",\"inLanguage\":\"es\",\"@id\":\"https:\/\/aivlisoft.net\/shop\/producto\/cougar-auriculares-gaming-omnes-essential\/#primaryimage\",\"url\":\"https:\/\/aivlisoft.net\/shop\/wp-content\/uploads\/2025\/01\/MAUAMI1009_800.jpg\",\"contentUrl\":\"https:\/\/aivlisoft.net\/shop\/wp-content\/uploads\/2025\/01\/MAUAMI1009_800.jpg\",\"width\":800,\"height\":800},{\"@type\":\"BreadcrumbList\",\"@id\":\"https:\/\/aivlisoft.net\/shop\/producto\/cougar-auriculares-gaming-omnes-essential\/#breadcrumb\",\"itemListElement\":[{\"@type\":\"ListItem\",\"position\":1,\"name\":\"Portada\",\"item\":\"https:\/\/aivlisoft.net\/shop\/\"},{\"@type\":\"ListItem\",\"position\":2,\"name\":\"Tienda\",\"item\":\"https:\/\/aivlisoft.net\/shop\/tienda\/\"},{\"@type\":\"ListItem\",\"position\":3,\"name\":\"Cougar Auriculares Gaming Omnes Essential\"}]},{\"@type\":\"WebSite\",\"@id\":\"https:\/\/aivlisoft.net\/shop\/#website\",\"url\":\"https:\/\/aivlisoft.net\/shop\/\",\"name\":\"Aivlisoft Inform\u00e1tica\",\"description\":\"En Aivlisoft Inform\u00e1tica ofrecemos soluciones tecnol\u00f3gicas para empresas: venta de ordenadores, consumibles, perif\u00e9ricos y m\u00e1s. Calidad, atenci\u00f3n personalizada y los mejores precios para tu negocio.\",\"publisher\":{\"@id\":\"https:\/\/aivlisoft.net\/shop\/#organization\"},\"potentialAction\":[{\"@type\":\"SearchAction\",\"target\":{\"@type\":\"EntryPoint\",\"urlTemplate\":\"https:\/\/aivlisoft.net\/shop\/?s={search_term_string}\"},\"query-input\":{\"@type\":\"PropertyValueSpecification\",\"valueRequired\":true,\"valueName\":\"search_term_string\"}}],\"inLanguage\":\"es\"},{\"@type\":\"Organization\",\"@id\":\"https:\/\/aivlisoft.net\/shop\/#organization\",\"name\":\"Aivlisoft Inform\u00e1tica\",\"url\":\"https:\/\/aivlisoft.net\/shop\/\",\"logo\":{\"@type\":\"ImageObject\",\"inLanguage\":\"es\",\"@id\":\"https:\/\/aivlisoft.net\/shop\/#\/schema\/logo\/image\/\",\"url\":\"https:\/\/aivlisoft.net\/shop\/wp-content\/uploads\/2024\/12\/removal.ai_5b848c54-0cdf-4140-95c5-c5536bb7573b-logodef.png\",\"contentUrl\":\"https:\/\/aivlisoft.net\/shop\/wp-content\/uploads\/2024\/12\/removal.ai_5b848c54-0cdf-4140-95c5-c5536bb7573b-logodef.png\",\"width\":484,\"height\":182,\"caption\":\"Aivlisoft Inform\u00e1tica\"},\"image\":{\"@id\":\"https:\/\/aivlisoft.net\/shop\/#\/schema\/logo\/image\/\"}}]}<\/script>\n<!-- \/ Yoast SEO plugin. -->","yoast_head_json":{"title":"Cougar Auriculares Gaming Omnes Essential - Aivlisoft Inform\u00e1tica","robots":{"index":"index","follow":"follow","max-snippet":"max-snippet:-1","max-image-preview":"max-image-preview:large","max-video-preview":"max-video-preview:-1"},"canonical":"https:\/\/aivlisoft.net\/shop\/producto\/cougar-auriculares-gaming-omnes-essential\/","og_locale":"es_ES","og_type":"article","og_title":"Cougar Auriculares Gaming Omnes Essential - Aivlisoft Inform\u00e1tica","og_description":"Auriculares inal&aacute;mbricos para juegosCOUGAR Omnes Essential es un auricular inal&aacute;mbrico con un controlador est&eacute;reo mejorado y un micr&oacute;fono para energizar su rendimiento de juego. Es tu mejor compa&ntilde;ero de equipo inal&aacute;mbrico. CONEXI&Oacute;N INAL&Aacute;MBRICA R&Aacute;PIDALos auriculares COUGAR Omnes Essential aplican la operaci&oacute;n de banda ISM de 2,4 GHz en todo el mundo, hasta una velocidad de&hellip;&nbsp;Cougar Auriculares Gaming Omnes Essential","og_url":"https:\/\/aivlisoft.net\/shop\/producto\/cougar-auriculares-gaming-omnes-essential\/","og_site_name":"Aivlisoft Inform\u00e1tica","article_modified_time":"2025-01-14T21:09:09+00:00","og_image":[{"width":800,"height":800,"url":"https:\/\/aivlisoft.net\/shop\/wp-content\/uploads\/2025\/01\/MAUAMI1009_800.jpg","type":"image\/jpeg"}],"twitter_card":"summary_large_image","twitter_misc":{"Tiempo de lectura":"4 minutos"},"schema":{"@context":"https:\/\/schema.org","@graph":[{"@type":"WebPage","@id":"https:\/\/aivlisoft.net\/shop\/producto\/cougar-auriculares-gaming-omnes-essential\/","url":"https:\/\/aivlisoft.net\/shop\/producto\/cougar-auriculares-gaming-omnes-essential\/","name":"Cougar Auriculares Gaming Omnes Essential - Aivlisoft Inform\u00e1tica","isPartOf":{"@id":"https:\/\/aivlisoft.net\/shop\/#website"},"primaryImageOfPage":{"@id":"https:\/\/aivlisoft.net\/shop\/producto\/cougar-auriculares-gaming-omnes-essential\/#primaryimage"},"image":{"@id":"https:\/\/aivlisoft.net\/shop\/producto\/cougar-auriculares-gaming-omnes-essential\/#primaryimage"},"thumbnailUrl":"https:\/\/aivlisoft.net\/shop\/wp-content\/uploads\/2025\/01\/MAUAMI1009_800.jpg","datePublished":"2025-01-13T14:56:18+00:00","dateModified":"2025-01-14T21:09:09+00:00","breadcrumb":{"@id":"https:\/\/aivlisoft.net\/shop\/producto\/cougar-auriculares-gaming-omnes-essential\/#breadcrumb"},"inLanguage":"es","potentialAction":[{"@type":"ReadAction","target":["https:\/\/aivlisoft.net\/shop\/producto\/cougar-auriculares-gaming-omnes-essential\/"]}]},{"@type":"ImageObject","inLanguage":"es","@id":"https:\/\/aivlisoft.net\/shop\/producto\/cougar-auriculares-gaming-omnes-essential\/#primaryimage","url":"https:\/\/aivlisoft.net\/shop\/wp-content\/uploads\/2025\/01\/MAUAMI1009_800.jpg","contentUrl":"https:\/\/aivlisoft.net\/shop\/wp-content\/uploads\/2025\/01\/MAUAMI1009_800.jpg","width":800,"height":800},{"@type":"BreadcrumbList","@id":"https:\/\/aivlisoft.net\/shop\/producto\/cougar-auriculares-gaming-omnes-essential\/#breadcrumb","itemListElement":[{"@type":"ListItem","position":1,"name":"Portada","item":"https:\/\/aivlisoft.net\/shop\/"},{"@type":"ListItem","position":2,"name":"Tienda","item":"https:\/\/aivlisoft.net\/shop\/tienda\/"},{"@type":"ListItem","position":3,"name":"Cougar Auriculares Gaming Omnes Essential"}]},{"@type":"WebSite","@id":"https:\/\/aivlisoft.net\/shop\/#website","url":"https:\/\/aivlisoft.net\/shop\/","name":"Aivlisoft Inform\u00e1tica","description":"En Aivlisoft Inform\u00e1tica ofrecemos soluciones tecnol\u00f3gicas para empresas: venta de ordenadores, consumibles, perif\u00e9ricos y m\u00e1s. Calidad, atenci\u00f3n personalizada y los mejores precios para tu negocio.","publisher":{"@id":"https:\/\/aivlisoft.net\/shop\/#organization"},"potentialAction":[{"@type":"SearchAction","target":{"@type":"EntryPoint","urlTemplate":"https:\/\/aivlisoft.net\/shop\/?s={search_term_string}"},"query-input":{"@type":"PropertyValueSpecification","valueRequired":true,"valueName":"search_term_string"}}],"inLanguage":"es"},{"@type":"Organization","@id":"https:\/\/aivlisoft.net\/shop\/#organization","name":"Aivlisoft Inform\u00e1tica","url":"https:\/\/aivlisoft.net\/shop\/","logo":{"@type":"ImageObject","inLanguage":"es","@id":"https:\/\/aivlisoft.net\/shop\/#\/schema\/logo\/image\/","url":"https:\/\/aivlisoft.net\/shop\/wp-content\/uploads\/2024\/12\/removal.ai_5b848c54-0cdf-4140-95c5-c5536bb7573b-logodef.png","contentUrl":"https:\/\/aivlisoft.net\/shop\/wp-content\/uploads\/2024\/12\/removal.ai_5b848c54-0cdf-4140-95c5-c5536bb7573b-logodef.png","width":484,"height":182,"caption":"Aivlisoft Inform\u00e1tica"},"image":{"@id":"https:\/\/aivlisoft.net\/shop\/#\/schema\/logo\/image\/"}}]}},"_links":{"self":[{"href":"https:\/\/aivlisoft.net\/shop\/wp-json\/wp\/v2\/product\/15766","targetHints":{"allow":["GET"]}}],"collection":[{"href":"https:\/\/aivlisoft.net\/shop\/wp-json\/wp\/v2\/product"}],"about":[{"href":"https:\/\/aivlisoft.net\/shop\/wp-json\/wp\/v2\/types\/product"}],"wp:featuredmedia":[{"embeddable":true,"href":"https:\/\/aivlisoft.net\/shop\/wp-json\/wp\/v2\/media\/15767"}],"wp:attachment":[{"href":"https:\/\/aivlisoft.net\/shop\/wp-json\/wp\/v2\/media?parent=15766"}],"wp:term":[{"taxonomy":"product_brand","embeddable":true,"href":"https:\/\/aivlisoft.net\/shop\/wp-json\/wp\/v2\/product_brand?post=15766"},{"taxonomy":"product_cat","embeddable":true,"href":"https:\/\/aivlisoft.net\/shop\/wp-json\/wp\/v2\/product_cat?post=15766"},{"taxonomy":"product_tag","embeddable":true,"href":"https:\/\/aivlisoft.net\/shop\/wp-json\/wp\/v2\/product_tag?post=15766"}],"curies":[{"name":"wp","href":"https:\/\/api.w.org\/{rel}","templated":true}]}}