{"id":15756,"date":"2025-01-13T14:56:13","date_gmt":"2025-01-13T14:56:13","guid":{"rendered":"https:\/\/aivlisoft.com\/?post_type=product&#038;p=15756"},"modified":"2025-01-14T21:09:10","modified_gmt":"2025-01-14T21:09:10","slug":"energy-sistem-auricular-gaming-headset-esg-3-white","status":"publish","type":"product","link":"https:\/\/aivlisoft.net\/shop\/producto\/energy-sistem-auricular-gaming-headset-esg-3-white\/","title":{"rendered":"ENERGY SISTEM Auricular Gaming Headset ESG 3 White"},"content":{"rendered":"<p><strong>Sum&eacute;rgete en la acci&oacute;n<\/strong><br \/>Auriculares gaming para disfrutar de un sonido claro y n&iacute;tido. Gracias a su funci&oacute;n Crystal Clear Sound proporcionan la m&aacute;xima calidad de audio y un sonido rico en detalles para adentrarte de lleno en la acci&oacute;n en tus partidas.<\/p>\n<p><strong>M&aacute;xima comodidad en tus partidas<\/strong><br \/>Auriculares gamer con diadema met&aacute;lica y almohadillas circumaurales y transpirables para disfrutar durante largas sesiones de juego sin perder comodidad ni rendimiento.<\/p>\n<p><strong>Habla por los codos<\/strong><br \/>Cascos gaming con micr&oacute;fono direccional y control integrado en el cable para comentar cada partida con la m&aacute;xima claridad. Son totalmente compatibles con las consolas Nintendo Switch, Play Station 4 y 5, Xbox One\/Series S\/X, as&iacute; como con Windows PC, Mac y smartphone.<\/p>\n<p><strong>Siente cada detalle<\/strong><br \/>Auriculares gaming para Pc con unos graves profundos y contundentes para que vivas la experiencia en primera persona y vibres con el sonido de cada explosi&oacute;n.<\/p>\n<table class=\"tabla_caracteristicas k-table\" width=\"100%\">\n<tr>\n<td><strong>Marca<\/strong><\/td>\n<td>Energy Sistem<\/td>\n<\/tr>\n<tr>\n<td><strong>Modelo<\/strong><\/td>\n<td><strong>452880<\/strong><\/td>\n<\/tr>\n<tr>\n<td valign=\"top\"><strong>Caracter&iacute;sticas<\/strong><\/td>\n<td><strong>Audio<\/strong><br \/>\t\t\t&#8211; Di&aacute;metro del driver: 50 mm<br \/>\t\t\t&#8211; Impedancia: 32 &Omega;<br \/>\t\t\t&#8211; Potencia m&aacute;xima: 50 mW<br \/>\t\t\t&#8211; Respuesta en frecuencia: 20 Hz ~ 20 kHz<br \/>\t\t\t&#8211; THD &lt; 1%: S&iacute;<br \/>\t\t\t&#8211; Tipo: Circumaural<br \/>\t\t\t<strong>Conectividad<\/strong><br \/>\t\t\t&#8211; MAC \/ PC Windows \/ PS4 \/ PS5 \/ Smartphone \/ Switch \/ Xbox Series S X<br \/>\t\t\t<strong>Micr&oacute;fono<\/strong><br \/>\t\t\t&#8211; Tipo: De brazo flexible<br \/>\t\t\t&#8211; Sensibilidad: -38 dB &plusmn; 3 dB (@1 kHz)<br \/>\t\t\t&#8211; Rango de frecuencia: 100 Hz ~ 10 kHz<br \/>\t\t\t<strong>Alimentaci&oacute;n<\/strong><br \/>\t\t\t&#8211; Conectores: jack 3.5<br \/>\t\t\t&#8211; Longitud del cable: 170 cm<br \/>\t\t\t<strong>Compatibilidad<\/strong><br \/>\t\t\t&#8211; MAC \/ PC Windows \/ Smartphone \/ TV<br \/>\t\t\t<strong>Otras caracter&iacute;sticas<\/strong><br \/>\t\t\t&#8211; Control de volumen: S&iacute;<br \/>\t\t\t&#8211; Tipo de diadema: Ajustable<br \/>\t\t\t&#8211; Dimensiones y peso<br \/>\t\t\t&nbsp; Alto: 185 mm<br \/>\t\t\t&nbsp; Ancho: 240 mm<br \/>\t\t\t&nbsp; Profundo: 90 mm<br \/>\t\t\t&nbsp; Peso: 333 g<\/td>\n<\/tr>\n<tr>\n<td><strong>Fecha Revisi&oacute;n<\/strong><\/td>\n<td>02-08-2022 por MPM<\/td>\n<\/tr>\n<\/table>\n","protected":false},"excerpt":{"rendered":"<p>Sum&eacute;rgete en la acci&oacute;nAuriculares gaming para disfrutar de un sonido claro y n&iacute;tido. Gracias a su funci&oacute;n Crystal Clear Sound proporcionan la m&aacute;xima calidad de audio y un sonido rico en detalles para adentrarte de lleno en la acci&oacute;n en tus partidas. M&aacute;xima comodidad en tus partidasAuriculares gamer con diadema met&aacute;lica y almohadillas circumaurales y&hellip;&nbsp;<a href=\"https:\/\/aivlisoft.net\/shop\/producto\/energy-sistem-auricular-gaming-headset-esg-3-white\/\" rel=\"bookmark\"><span class=\"screen-reader-text\">ENERGY SISTEM Auricular Gaming Headset ESG 3 White<\/span><\/a><\/p>\n","protected":false},"featured_media":15757,"template":"","meta":{"neve_meta_sidebar":"","neve_meta_container":"","neve_meta_enable_content_width":"","neve_meta_content_width":0,"neve_meta_title_alignment":"","neve_meta_author_avatar":"","neve_post_elements_order":"","neve_meta_disable_header":"","neve_meta_disable_footer":"","neve_meta_disable_title":""},"product_brand":[],"product_cat":[15,790,957,5818],"product_tag":[5943],"class_list":{"0":"post-15756","1":"product","2":"type-product","3":"status-publish","4":"has-post-thumbnail","6":"product_cat-sin-categorizar","7":"product_cat-accesorios-gaming","8":"product_cat-accesorios-imagen-y-sonido","9":"product_cat-audio","10":"product_tag-5943","12":"first","13":"instock","14":"taxable","15":"shipping-taxable","16":"purchasable","17":"product-type-simple"},"yoast_head":"<!-- This site is optimized with the Yoast SEO plugin v26.0 - https:\/\/yoast.com\/wordpress\/plugins\/seo\/ -->\n<title>ENERGY SISTEM Auricular Gaming Headset ESG 3 White - Aivlisoft Inform\u00e1tica<\/title>\n<meta name=\"robots\" content=\"index, follow, max-snippet:-1, max-image-preview:large, max-video-preview:-1\" \/>\n<link rel=\"canonical\" href=\"https:\/\/aivlisoft.net\/shop\/producto\/energy-sistem-auricular-gaming-headset-esg-3-white\/\" \/>\n<meta property=\"og:locale\" content=\"es_ES\" \/>\n<meta property=\"og:type\" content=\"article\" \/>\n<meta property=\"og:title\" content=\"ENERGY SISTEM Auricular Gaming Headset ESG 3 White - Aivlisoft Inform\u00e1tica\" \/>\n<meta property=\"og:description\" content=\"Sum&eacute;rgete en la acci&oacute;nAuriculares gaming para disfrutar de un sonido claro y n&iacute;tido. Gracias a su funci&oacute;n Crystal Clear Sound proporcionan la m&aacute;xima calidad de audio y un sonido rico en detalles para adentrarte de lleno en la acci&oacute;n en tus partidas. M&aacute;xima comodidad en tus partidasAuriculares gamer con diadema met&aacute;lica y almohadillas circumaurales y&hellip;&nbsp;ENERGY SISTEM Auricular Gaming Headset ESG 3 White\" \/>\n<meta property=\"og:url\" content=\"https:\/\/aivlisoft.net\/shop\/producto\/energy-sistem-auricular-gaming-headset-esg-3-white\/\" \/>\n<meta property=\"og:site_name\" content=\"Aivlisoft Inform\u00e1tica\" \/>\n<meta property=\"article:modified_time\" content=\"2025-01-14T21:09:10+00:00\" \/>\n<meta property=\"og:image\" content=\"https:\/\/aivlisoft.net\/shop\/wp-content\/uploads\/2025\/01\/MAUAMI1004_800.jpg\" \/>\n\t<meta property=\"og:image:width\" content=\"800\" \/>\n\t<meta property=\"og:image:height\" content=\"800\" \/>\n\t<meta property=\"og:image:type\" content=\"image\/jpeg\" \/>\n<meta name=\"twitter:card\" content=\"summary_large_image\" \/>\n<meta name=\"twitter:label1\" content=\"Tiempo de lectura\" \/>\n\t<meta name=\"twitter:data1\" content=\"1 minuto\" \/>\n<script type=\"application\/ld+json\" class=\"yoast-schema-graph\">{\"@context\":\"https:\/\/schema.org\",\"@graph\":[{\"@type\":\"WebPage\",\"@id\":\"https:\/\/aivlisoft.net\/shop\/producto\/energy-sistem-auricular-gaming-headset-esg-3-white\/\",\"url\":\"https:\/\/aivlisoft.net\/shop\/producto\/energy-sistem-auricular-gaming-headset-esg-3-white\/\",\"name\":\"ENERGY SISTEM Auricular Gaming Headset ESG 3 White - Aivlisoft Inform\u00e1tica\",\"isPartOf\":{\"@id\":\"https:\/\/aivlisoft.net\/shop\/#website\"},\"primaryImageOfPage\":{\"@id\":\"https:\/\/aivlisoft.net\/shop\/producto\/energy-sistem-auricular-gaming-headset-esg-3-white\/#primaryimage\"},\"image\":{\"@id\":\"https:\/\/aivlisoft.net\/shop\/producto\/energy-sistem-auricular-gaming-headset-esg-3-white\/#primaryimage\"},\"thumbnailUrl\":\"https:\/\/aivlisoft.net\/shop\/wp-content\/uploads\/2025\/01\/MAUAMI1004_800.jpg\",\"datePublished\":\"2025-01-13T14:56:13+00:00\",\"dateModified\":\"2025-01-14T21:09:10+00:00\",\"breadcrumb\":{\"@id\":\"https:\/\/aivlisoft.net\/shop\/producto\/energy-sistem-auricular-gaming-headset-esg-3-white\/#breadcrumb\"},\"inLanguage\":\"es\",\"potentialAction\":[{\"@type\":\"ReadAction\",\"target\":[\"https:\/\/aivlisoft.net\/shop\/producto\/energy-sistem-auricular-gaming-headset-esg-3-white\/\"]}]},{\"@type\":\"ImageObject\",\"inLanguage\":\"es\",\"@id\":\"https:\/\/aivlisoft.net\/shop\/producto\/energy-sistem-auricular-gaming-headset-esg-3-white\/#primaryimage\",\"url\":\"https:\/\/aivlisoft.net\/shop\/wp-content\/uploads\/2025\/01\/MAUAMI1004_800.jpg\",\"contentUrl\":\"https:\/\/aivlisoft.net\/shop\/wp-content\/uploads\/2025\/01\/MAUAMI1004_800.jpg\",\"width\":800,\"height\":800},{\"@type\":\"BreadcrumbList\",\"@id\":\"https:\/\/aivlisoft.net\/shop\/producto\/energy-sistem-auricular-gaming-headset-esg-3-white\/#breadcrumb\",\"itemListElement\":[{\"@type\":\"ListItem\",\"position\":1,\"name\":\"Portada\",\"item\":\"https:\/\/aivlisoft.net\/shop\/\"},{\"@type\":\"ListItem\",\"position\":2,\"name\":\"Tienda\",\"item\":\"https:\/\/aivlisoft.net\/shop\/tienda\/\"},{\"@type\":\"ListItem\",\"position\":3,\"name\":\"ENERGY SISTEM Auricular Gaming Headset ESG 3 White\"}]},{\"@type\":\"WebSite\",\"@id\":\"https:\/\/aivlisoft.net\/shop\/#website\",\"url\":\"https:\/\/aivlisoft.net\/shop\/\",\"name\":\"Aivlisoft Inform\u00e1tica\",\"description\":\"En Aivlisoft Inform\u00e1tica ofrecemos soluciones tecnol\u00f3gicas para empresas: venta de ordenadores, consumibles, perif\u00e9ricos y m\u00e1s. Calidad, atenci\u00f3n personalizada y los mejores precios para tu negocio.\",\"publisher\":{\"@id\":\"https:\/\/aivlisoft.net\/shop\/#organization\"},\"potentialAction\":[{\"@type\":\"SearchAction\",\"target\":{\"@type\":\"EntryPoint\",\"urlTemplate\":\"https:\/\/aivlisoft.net\/shop\/?s={search_term_string}\"},\"query-input\":{\"@type\":\"PropertyValueSpecification\",\"valueRequired\":true,\"valueName\":\"search_term_string\"}}],\"inLanguage\":\"es\"},{\"@type\":\"Organization\",\"@id\":\"https:\/\/aivlisoft.net\/shop\/#organization\",\"name\":\"Aivlisoft Inform\u00e1tica\",\"url\":\"https:\/\/aivlisoft.net\/shop\/\",\"logo\":{\"@type\":\"ImageObject\",\"inLanguage\":\"es\",\"@id\":\"https:\/\/aivlisoft.net\/shop\/#\/schema\/logo\/image\/\",\"url\":\"https:\/\/aivlisoft.net\/shop\/wp-content\/uploads\/2024\/12\/removal.ai_5b848c54-0cdf-4140-95c5-c5536bb7573b-logodef.png\",\"contentUrl\":\"https:\/\/aivlisoft.net\/shop\/wp-content\/uploads\/2024\/12\/removal.ai_5b848c54-0cdf-4140-95c5-c5536bb7573b-logodef.png\",\"width\":484,\"height\":182,\"caption\":\"Aivlisoft Inform\u00e1tica\"},\"image\":{\"@id\":\"https:\/\/aivlisoft.net\/shop\/#\/schema\/logo\/image\/\"}}]}<\/script>\n<!-- \/ Yoast SEO plugin. -->","yoast_head_json":{"title":"ENERGY SISTEM Auricular Gaming Headset ESG 3 White - Aivlisoft Inform\u00e1tica","robots":{"index":"index","follow":"follow","max-snippet":"max-snippet:-1","max-image-preview":"max-image-preview:large","max-video-preview":"max-video-preview:-1"},"canonical":"https:\/\/aivlisoft.net\/shop\/producto\/energy-sistem-auricular-gaming-headset-esg-3-white\/","og_locale":"es_ES","og_type":"article","og_title":"ENERGY SISTEM Auricular Gaming Headset ESG 3 White - Aivlisoft Inform\u00e1tica","og_description":"Sum&eacute;rgete en la acci&oacute;nAuriculares gaming para disfrutar de un sonido claro y n&iacute;tido. Gracias a su funci&oacute;n Crystal Clear Sound proporcionan la m&aacute;xima calidad de audio y un sonido rico en detalles para adentrarte de lleno en la acci&oacute;n en tus partidas. M&aacute;xima comodidad en tus partidasAuriculares gamer con diadema met&aacute;lica y almohadillas circumaurales y&hellip;&nbsp;ENERGY SISTEM Auricular Gaming Headset ESG 3 White","og_url":"https:\/\/aivlisoft.net\/shop\/producto\/energy-sistem-auricular-gaming-headset-esg-3-white\/","og_site_name":"Aivlisoft Inform\u00e1tica","article_modified_time":"2025-01-14T21:09:10+00:00","og_image":[{"width":800,"height":800,"url":"https:\/\/aivlisoft.net\/shop\/wp-content\/uploads\/2025\/01\/MAUAMI1004_800.jpg","type":"image\/jpeg"}],"twitter_card":"summary_large_image","twitter_misc":{"Tiempo de lectura":"1 minuto"},"schema":{"@context":"https:\/\/schema.org","@graph":[{"@type":"WebPage","@id":"https:\/\/aivlisoft.net\/shop\/producto\/energy-sistem-auricular-gaming-headset-esg-3-white\/","url":"https:\/\/aivlisoft.net\/shop\/producto\/energy-sistem-auricular-gaming-headset-esg-3-white\/","name":"ENERGY SISTEM Auricular Gaming Headset ESG 3 White - Aivlisoft Inform\u00e1tica","isPartOf":{"@id":"https:\/\/aivlisoft.net\/shop\/#website"},"primaryImageOfPage":{"@id":"https:\/\/aivlisoft.net\/shop\/producto\/energy-sistem-auricular-gaming-headset-esg-3-white\/#primaryimage"},"image":{"@id":"https:\/\/aivlisoft.net\/shop\/producto\/energy-sistem-auricular-gaming-headset-esg-3-white\/#primaryimage"},"thumbnailUrl":"https:\/\/aivlisoft.net\/shop\/wp-content\/uploads\/2025\/01\/MAUAMI1004_800.jpg","datePublished":"2025-01-13T14:56:13+00:00","dateModified":"2025-01-14T21:09:10+00:00","breadcrumb":{"@id":"https:\/\/aivlisoft.net\/shop\/producto\/energy-sistem-auricular-gaming-headset-esg-3-white\/#breadcrumb"},"inLanguage":"es","potentialAction":[{"@type":"ReadAction","target":["https:\/\/aivlisoft.net\/shop\/producto\/energy-sistem-auricular-gaming-headset-esg-3-white\/"]}]},{"@type":"ImageObject","inLanguage":"es","@id":"https:\/\/aivlisoft.net\/shop\/producto\/energy-sistem-auricular-gaming-headset-esg-3-white\/#primaryimage","url":"https:\/\/aivlisoft.net\/shop\/wp-content\/uploads\/2025\/01\/MAUAMI1004_800.jpg","contentUrl":"https:\/\/aivlisoft.net\/shop\/wp-content\/uploads\/2025\/01\/MAUAMI1004_800.jpg","width":800,"height":800},{"@type":"BreadcrumbList","@id":"https:\/\/aivlisoft.net\/shop\/producto\/energy-sistem-auricular-gaming-headset-esg-3-white\/#breadcrumb","itemListElement":[{"@type":"ListItem","position":1,"name":"Portada","item":"https:\/\/aivlisoft.net\/shop\/"},{"@type":"ListItem","position":2,"name":"Tienda","item":"https:\/\/aivlisoft.net\/shop\/tienda\/"},{"@type":"ListItem","position":3,"name":"ENERGY SISTEM Auricular Gaming Headset ESG 3 White"}]},{"@type":"WebSite","@id":"https:\/\/aivlisoft.net\/shop\/#website","url":"https:\/\/aivlisoft.net\/shop\/","name":"Aivlisoft Inform\u00e1tica","description":"En Aivlisoft Inform\u00e1tica ofrecemos soluciones tecnol\u00f3gicas para empresas: venta de ordenadores, consumibles, perif\u00e9ricos y m\u00e1s. Calidad, atenci\u00f3n personalizada y los mejores precios para tu negocio.","publisher":{"@id":"https:\/\/aivlisoft.net\/shop\/#organization"},"potentialAction":[{"@type":"SearchAction","target":{"@type":"EntryPoint","urlTemplate":"https:\/\/aivlisoft.net\/shop\/?s={search_term_string}"},"query-input":{"@type":"PropertyValueSpecification","valueRequired":true,"valueName":"search_term_string"}}],"inLanguage":"es"},{"@type":"Organization","@id":"https:\/\/aivlisoft.net\/shop\/#organization","name":"Aivlisoft Inform\u00e1tica","url":"https:\/\/aivlisoft.net\/shop\/","logo":{"@type":"ImageObject","inLanguage":"es","@id":"https:\/\/aivlisoft.net\/shop\/#\/schema\/logo\/image\/","url":"https:\/\/aivlisoft.net\/shop\/wp-content\/uploads\/2024\/12\/removal.ai_5b848c54-0cdf-4140-95c5-c5536bb7573b-logodef.png","contentUrl":"https:\/\/aivlisoft.net\/shop\/wp-content\/uploads\/2024\/12\/removal.ai_5b848c54-0cdf-4140-95c5-c5536bb7573b-logodef.png","width":484,"height":182,"caption":"Aivlisoft Inform\u00e1tica"},"image":{"@id":"https:\/\/aivlisoft.net\/shop\/#\/schema\/logo\/image\/"}}]}},"_links":{"self":[{"href":"https:\/\/aivlisoft.net\/shop\/wp-json\/wp\/v2\/product\/15756","targetHints":{"allow":["GET"]}}],"collection":[{"href":"https:\/\/aivlisoft.net\/shop\/wp-json\/wp\/v2\/product"}],"about":[{"href":"https:\/\/aivlisoft.net\/shop\/wp-json\/wp\/v2\/types\/product"}],"wp:featuredmedia":[{"embeddable":true,"href":"https:\/\/aivlisoft.net\/shop\/wp-json\/wp\/v2\/media\/15757"}],"wp:attachment":[{"href":"https:\/\/aivlisoft.net\/shop\/wp-json\/wp\/v2\/media?parent=15756"}],"wp:term":[{"taxonomy":"product_brand","embeddable":true,"href":"https:\/\/aivlisoft.net\/shop\/wp-json\/wp\/v2\/product_brand?post=15756"},{"taxonomy":"product_cat","embeddable":true,"href":"https:\/\/aivlisoft.net\/shop\/wp-json\/wp\/v2\/product_cat?post=15756"},{"taxonomy":"product_tag","embeddable":true,"href":"https:\/\/aivlisoft.net\/shop\/wp-json\/wp\/v2\/product_tag?post=15756"}],"curies":[{"name":"wp","href":"https:\/\/api.w.org\/{rel}","templated":true}]}}