{"id":15751,"date":"2025-01-13T14:56:10","date_gmt":"2025-01-13T14:56:10","guid":{"rendered":"https:\/\/aivlisoft.com\/?post_type=product&#038;p=15751"},"modified":"2025-01-14T21:09:11","modified_gmt":"2025-01-14T21:09:11","slug":"energy-sistem-auriculares-bt-style-3-lavender","status":"publish","type":"product","link":"https:\/\/aivlisoft.net\/shop\/producto\/energy-sistem-auriculares-bt-style-3-lavender\/","title":{"rendered":"ENERGY SISTEM Auriculares BT Style 3 Lavender"},"content":{"rendered":"<p><strong>Late al ritmo de la m&uacute;sica<\/strong><br \/>Vibra con tu m&uacute;sica preferida gracias a los graves profundos y contundentes de este auricular inal&aacute;mbrico. Disfruta por mucho m&aacute;s tiempo gracias a su Long Battery Life, hasta 25 horas de autonom&iacute;a en la bater&iacute;a. &iexcl;Diversi&oacute;n non-stop!<\/p>\n<p><strong>El mejor audio en tus llamadas<\/strong><br \/>Gracias a HQ Voice Calls podr&aacute;s conversar con un audio n&iacute;tido y claro en tus llamadas. Su dise&ntilde;o circumaural, que cubre toda la oreja, te proporciona una mayor sensaci&oacute;n de aislamiento y comodidad.<\/p>\n<p><strong>Olv&iacute;date de los cables<\/strong><br \/>Auricular con tecnolog&iacute;a Bluetooth&reg; 5.1, con hasta 20 metros de alcance. Funci&oacute;n manos libres y asistente de voz compatible con Google\/Siri. Mayor libertad sin cables para estar siempre conectado.<\/p>\n<p><strong>Marca tendencia<\/strong><br \/>Elige el color que va con tu estilo y completa tu outfit con los auriculares Bluetooth Style 3. Una gama de tonalidades que son tendencia y que te har&aacute;n destacar. Los acabados met&aacute;licos, la diadema ajustable y su dise&ntilde;o plegable marcan la diferencia.<\/p>\n<table class=\"tabla_caracteristicas k-table\" width=\"100%\">\n<tr>\n<td><strong>Marca<\/strong><\/td>\n<td>Energy Sistem<\/td>\n<\/tr>\n<tr>\n<td><strong>Modelo<\/strong><\/td>\n<td><strong>453054<\/strong><\/td>\n<\/tr>\n<tr>\n<td valign=\"top\"><strong>Caracter&iacute;sticas<\/strong><\/td>\n<td><strong>Audio<\/strong><br \/>\t\t\t&#8211; Di&aacute;metro del driver: 40 mm<br \/>\t\t\t&#8211; Drivers: Din&aacute;mico<br \/>\t\t\t&#8211; Respuesta en frecuencia: 20 Hz ~ 20 kHz<br \/>\t\t\t&#8211; Tipo: Circumaural<br \/>\t\t\t<strong>Conectividad<\/strong><br \/>\t\t\t&#8211; Asistente de voz (Google, Siri): S&iacute;<br \/>\t\t\t&#8211; Bluetooth &#8211; Versi&oacute;n: 5.1<br \/>\t\t\t&#8211; Bluetooth &#8211; Clase: 2<br \/>\t\t\t&#8211; Bluetooth &#8211; Frecuencia de trabajo: 2.4 GHz<br \/>\t\t\t&#8211; Bluetooth &#8211; Perfiles: A2DP \/ AVRCP \/ HFP \/ HSP<br \/>\t\t\t&#8211; Bluetooth &#8211; Alcance: 20 m<br \/>\t\t\t&#8211; Bluetooth &#8211; Codecs de audio soportados: SBC<br \/>\t\t\t&#8211; Bluetooth &#8211; Potencia m&aacute;xima de la se&ntilde;al: &lt; 20,00 dBm<br \/>\t\t\t<strong>Bater&iacute;a<\/strong><br \/>\t\t\t&#8211; Tipo: LiPo<br \/>\t\t\t&#8211; Capacidad: 400 mAh<br \/>\t\t\t&#8211; Voltaje: 3.7 V<br \/>\t\t\t&#8211; Autonom&iacute;a &#8211; Uso normal: 25 h<br \/>\t\t\t&#8211; Sistema de carga: USB tipo C<br \/>\t\t\t&#8211; Tiempo de carga: 2 h<br \/>\t\t\t<strong>Micr&oacute;fono<\/strong><br \/>\t\t\t&#8211; Manos libres: S&iacute;<br \/>\t\t\t&#8211; Tipo: Integrado<br \/>\t\t\t&#8211; Sensibilidad: -38 dB &plusmn; 3 dB (@1 kHz)<br \/>\t\t\t&#8211; Rango de frecuencia: 10 Hz ~ 10 kHz<br \/>\t\t\t<strong>Alimentaci&oacute;n<\/strong><br \/>\t\t\t&#8211; Conectores: USB tipo C<br \/>\t\t\t&#8211; Longitud del cable: 120 cm<br \/>\t\t\t<strong>Compatibilidad<\/strong><br \/>\t\t\t&#8211; MAC \/ PC Windows \/ Smartphone \/ TV<br \/>\t\t\t<strong>Otras caracter&iacute;sticas<\/strong><br \/>\t\t\t&#8211; Control de reproducci&oacute;n: S&iacute;<br \/>\t\t\t&#8211; Control de volumen: S&iacute;<br \/>\t\t\t&#8211; Tipo de diadema: Ajustable<br \/>\t\t\t&#8211; Dimensiones y peso<br \/>\t\t\t&nbsp; Alto: 171 mm<br \/>\t\t\t&nbsp; Ancho: 182 mm<br \/>\t\t\t&nbsp; Profundo: 85 mm<br \/>\t\t\t&nbsp; Peso: 176 g<\/td>\n<\/tr>\n<tr>\n<td><strong>Fecha Revisi&oacute;n<\/strong><\/td>\n<td>02-08-2022 por MPM<\/td>\n<\/tr>\n<\/table>\n","protected":false},"excerpt":{"rendered":"<p>Late al ritmo de la m&uacute;sicaVibra con tu m&uacute;sica preferida gracias a los graves profundos y contundentes de este auricular inal&aacute;mbrico. Disfruta por mucho m&aacute;s tiempo gracias a su Long Battery Life, hasta 25 horas de autonom&iacute;a en la bater&iacute;a. &iexcl;Diversi&oacute;n non-stop! El mejor audio en tus llamadasGracias a HQ Voice Calls podr&aacute;s conversar con&hellip;&nbsp;<a href=\"https:\/\/aivlisoft.net\/shop\/producto\/energy-sistem-auriculares-bt-style-3-lavender\/\" rel=\"bookmark\"><span class=\"screen-reader-text\">ENERGY SISTEM Auriculares BT Style 3 Lavender<\/span><\/a><\/p>\n","protected":false},"featured_media":15752,"template":"","meta":{"neve_meta_sidebar":"","neve_meta_container":"","neve_meta_enable_content_width":"","neve_meta_content_width":0,"neve_meta_title_alignment":"","neve_meta_author_avatar":"","neve_post_elements_order":"","neve_meta_disable_header":"","neve_meta_disable_footer":"","neve_meta_disable_title":""},"product_brand":[],"product_cat":[15,790,957,5818],"product_tag":[5942],"class_list":{"0":"post-15751","1":"product","2":"type-product","3":"status-publish","4":"has-post-thumbnail","6":"product_cat-sin-categorizar","7":"product_cat-accesorios-gaming","8":"product_cat-accesorios-imagen-y-sonido","9":"product_cat-audio","10":"product_tag-5942","12":"first","13":"instock","14":"taxable","15":"shipping-taxable","16":"purchasable","17":"product-type-simple"},"yoast_head":"<!-- This site is optimized with the Yoast SEO plugin v26.0 - https:\/\/yoast.com\/wordpress\/plugins\/seo\/ -->\n<title>ENERGY SISTEM Auriculares BT Style 3 Lavender - Aivlisoft Inform\u00e1tica<\/title>\n<meta name=\"robots\" content=\"index, follow, max-snippet:-1, max-image-preview:large, max-video-preview:-1\" \/>\n<link rel=\"canonical\" href=\"https:\/\/aivlisoft.net\/shop\/producto\/energy-sistem-auriculares-bt-style-3-lavender\/\" \/>\n<meta property=\"og:locale\" content=\"es_ES\" \/>\n<meta property=\"og:type\" content=\"article\" \/>\n<meta property=\"og:title\" content=\"ENERGY SISTEM Auriculares BT Style 3 Lavender - Aivlisoft Inform\u00e1tica\" \/>\n<meta property=\"og:description\" content=\"Late al ritmo de la m&uacute;sicaVibra con tu m&uacute;sica preferida gracias a los graves profundos y contundentes de este auricular inal&aacute;mbrico. Disfruta por mucho m&aacute;s tiempo gracias a su Long Battery Life, hasta 25 horas de autonom&iacute;a en la bater&iacute;a. &iexcl;Diversi&oacute;n non-stop! El mejor audio en tus llamadasGracias a HQ Voice Calls podr&aacute;s conversar con&hellip;&nbsp;ENERGY SISTEM Auriculares BT Style 3 Lavender\" \/>\n<meta property=\"og:url\" content=\"https:\/\/aivlisoft.net\/shop\/producto\/energy-sistem-auriculares-bt-style-3-lavender\/\" \/>\n<meta property=\"og:site_name\" content=\"Aivlisoft Inform\u00e1tica\" \/>\n<meta property=\"article:modified_time\" content=\"2025-01-14T21:09:11+00:00\" \/>\n<meta property=\"og:image\" content=\"https:\/\/aivlisoft.net\/shop\/wp-content\/uploads\/2025\/01\/MAUAMI1002_800.jpg\" \/>\n\t<meta property=\"og:image:width\" content=\"800\" \/>\n\t<meta property=\"og:image:height\" content=\"800\" \/>\n\t<meta property=\"og:image:type\" content=\"image\/jpeg\" \/>\n<meta name=\"twitter:card\" content=\"summary_large_image\" \/>\n<meta name=\"twitter:label1\" content=\"Tiempo de lectura\" \/>\n\t<meta name=\"twitter:data1\" content=\"2 minutos\" \/>\n<script type=\"application\/ld+json\" class=\"yoast-schema-graph\">{\"@context\":\"https:\/\/schema.org\",\"@graph\":[{\"@type\":\"WebPage\",\"@id\":\"https:\/\/aivlisoft.net\/shop\/producto\/energy-sistem-auriculares-bt-style-3-lavender\/\",\"url\":\"https:\/\/aivlisoft.net\/shop\/producto\/energy-sistem-auriculares-bt-style-3-lavender\/\",\"name\":\"ENERGY SISTEM Auriculares BT Style 3 Lavender - Aivlisoft Inform\u00e1tica\",\"isPartOf\":{\"@id\":\"https:\/\/aivlisoft.net\/shop\/#website\"},\"primaryImageOfPage\":{\"@id\":\"https:\/\/aivlisoft.net\/shop\/producto\/energy-sistem-auriculares-bt-style-3-lavender\/#primaryimage\"},\"image\":{\"@id\":\"https:\/\/aivlisoft.net\/shop\/producto\/energy-sistem-auriculares-bt-style-3-lavender\/#primaryimage\"},\"thumbnailUrl\":\"https:\/\/aivlisoft.net\/shop\/wp-content\/uploads\/2025\/01\/MAUAMI1002_800.jpg\",\"datePublished\":\"2025-01-13T14:56:10+00:00\",\"dateModified\":\"2025-01-14T21:09:11+00:00\",\"breadcrumb\":{\"@id\":\"https:\/\/aivlisoft.net\/shop\/producto\/energy-sistem-auriculares-bt-style-3-lavender\/#breadcrumb\"},\"inLanguage\":\"es\",\"potentialAction\":[{\"@type\":\"ReadAction\",\"target\":[\"https:\/\/aivlisoft.net\/shop\/producto\/energy-sistem-auriculares-bt-style-3-lavender\/\"]}]},{\"@type\":\"ImageObject\",\"inLanguage\":\"es\",\"@id\":\"https:\/\/aivlisoft.net\/shop\/producto\/energy-sistem-auriculares-bt-style-3-lavender\/#primaryimage\",\"url\":\"https:\/\/aivlisoft.net\/shop\/wp-content\/uploads\/2025\/01\/MAUAMI1002_800.jpg\",\"contentUrl\":\"https:\/\/aivlisoft.net\/shop\/wp-content\/uploads\/2025\/01\/MAUAMI1002_800.jpg\",\"width\":800,\"height\":800},{\"@type\":\"BreadcrumbList\",\"@id\":\"https:\/\/aivlisoft.net\/shop\/producto\/energy-sistem-auriculares-bt-style-3-lavender\/#breadcrumb\",\"itemListElement\":[{\"@type\":\"ListItem\",\"position\":1,\"name\":\"Portada\",\"item\":\"https:\/\/aivlisoft.net\/shop\/\"},{\"@type\":\"ListItem\",\"position\":2,\"name\":\"Tienda\",\"item\":\"https:\/\/aivlisoft.net\/shop\/tienda\/\"},{\"@type\":\"ListItem\",\"position\":3,\"name\":\"ENERGY SISTEM Auriculares BT Style 3 Lavender\"}]},{\"@type\":\"WebSite\",\"@id\":\"https:\/\/aivlisoft.net\/shop\/#website\",\"url\":\"https:\/\/aivlisoft.net\/shop\/\",\"name\":\"Aivlisoft Inform\u00e1tica\",\"description\":\"En Aivlisoft Inform\u00e1tica ofrecemos soluciones tecnol\u00f3gicas para empresas: venta de ordenadores, consumibles, perif\u00e9ricos y m\u00e1s. Calidad, atenci\u00f3n personalizada y los mejores precios para tu negocio.\",\"publisher\":{\"@id\":\"https:\/\/aivlisoft.net\/shop\/#organization\"},\"potentialAction\":[{\"@type\":\"SearchAction\",\"target\":{\"@type\":\"EntryPoint\",\"urlTemplate\":\"https:\/\/aivlisoft.net\/shop\/?s={search_term_string}\"},\"query-input\":{\"@type\":\"PropertyValueSpecification\",\"valueRequired\":true,\"valueName\":\"search_term_string\"}}],\"inLanguage\":\"es\"},{\"@type\":\"Organization\",\"@id\":\"https:\/\/aivlisoft.net\/shop\/#organization\",\"name\":\"Aivlisoft Inform\u00e1tica\",\"url\":\"https:\/\/aivlisoft.net\/shop\/\",\"logo\":{\"@type\":\"ImageObject\",\"inLanguage\":\"es\",\"@id\":\"https:\/\/aivlisoft.net\/shop\/#\/schema\/logo\/image\/\",\"url\":\"https:\/\/aivlisoft.net\/shop\/wp-content\/uploads\/2024\/12\/removal.ai_5b848c54-0cdf-4140-95c5-c5536bb7573b-logodef.png\",\"contentUrl\":\"https:\/\/aivlisoft.net\/shop\/wp-content\/uploads\/2024\/12\/removal.ai_5b848c54-0cdf-4140-95c5-c5536bb7573b-logodef.png\",\"width\":484,\"height\":182,\"caption\":\"Aivlisoft Inform\u00e1tica\"},\"image\":{\"@id\":\"https:\/\/aivlisoft.net\/shop\/#\/schema\/logo\/image\/\"}}]}<\/script>\n<!-- \/ Yoast SEO plugin. -->","yoast_head_json":{"title":"ENERGY SISTEM Auriculares BT Style 3 Lavender - Aivlisoft Inform\u00e1tica","robots":{"index":"index","follow":"follow","max-snippet":"max-snippet:-1","max-image-preview":"max-image-preview:large","max-video-preview":"max-video-preview:-1"},"canonical":"https:\/\/aivlisoft.net\/shop\/producto\/energy-sistem-auriculares-bt-style-3-lavender\/","og_locale":"es_ES","og_type":"article","og_title":"ENERGY SISTEM Auriculares BT Style 3 Lavender - Aivlisoft Inform\u00e1tica","og_description":"Late al ritmo de la m&uacute;sicaVibra con tu m&uacute;sica preferida gracias a los graves profundos y contundentes de este auricular inal&aacute;mbrico. Disfruta por mucho m&aacute;s tiempo gracias a su Long Battery Life, hasta 25 horas de autonom&iacute;a en la bater&iacute;a. &iexcl;Diversi&oacute;n non-stop! El mejor audio en tus llamadasGracias a HQ Voice Calls podr&aacute;s conversar con&hellip;&nbsp;ENERGY SISTEM Auriculares BT Style 3 Lavender","og_url":"https:\/\/aivlisoft.net\/shop\/producto\/energy-sistem-auriculares-bt-style-3-lavender\/","og_site_name":"Aivlisoft Inform\u00e1tica","article_modified_time":"2025-01-14T21:09:11+00:00","og_image":[{"width":800,"height":800,"url":"https:\/\/aivlisoft.net\/shop\/wp-content\/uploads\/2025\/01\/MAUAMI1002_800.jpg","type":"image\/jpeg"}],"twitter_card":"summary_large_image","twitter_misc":{"Tiempo de lectura":"2 minutos"},"schema":{"@context":"https:\/\/schema.org","@graph":[{"@type":"WebPage","@id":"https:\/\/aivlisoft.net\/shop\/producto\/energy-sistem-auriculares-bt-style-3-lavender\/","url":"https:\/\/aivlisoft.net\/shop\/producto\/energy-sistem-auriculares-bt-style-3-lavender\/","name":"ENERGY SISTEM Auriculares BT Style 3 Lavender - Aivlisoft Inform\u00e1tica","isPartOf":{"@id":"https:\/\/aivlisoft.net\/shop\/#website"},"primaryImageOfPage":{"@id":"https:\/\/aivlisoft.net\/shop\/producto\/energy-sistem-auriculares-bt-style-3-lavender\/#primaryimage"},"image":{"@id":"https:\/\/aivlisoft.net\/shop\/producto\/energy-sistem-auriculares-bt-style-3-lavender\/#primaryimage"},"thumbnailUrl":"https:\/\/aivlisoft.net\/shop\/wp-content\/uploads\/2025\/01\/MAUAMI1002_800.jpg","datePublished":"2025-01-13T14:56:10+00:00","dateModified":"2025-01-14T21:09:11+00:00","breadcrumb":{"@id":"https:\/\/aivlisoft.net\/shop\/producto\/energy-sistem-auriculares-bt-style-3-lavender\/#breadcrumb"},"inLanguage":"es","potentialAction":[{"@type":"ReadAction","target":["https:\/\/aivlisoft.net\/shop\/producto\/energy-sistem-auriculares-bt-style-3-lavender\/"]}]},{"@type":"ImageObject","inLanguage":"es","@id":"https:\/\/aivlisoft.net\/shop\/producto\/energy-sistem-auriculares-bt-style-3-lavender\/#primaryimage","url":"https:\/\/aivlisoft.net\/shop\/wp-content\/uploads\/2025\/01\/MAUAMI1002_800.jpg","contentUrl":"https:\/\/aivlisoft.net\/shop\/wp-content\/uploads\/2025\/01\/MAUAMI1002_800.jpg","width":800,"height":800},{"@type":"BreadcrumbList","@id":"https:\/\/aivlisoft.net\/shop\/producto\/energy-sistem-auriculares-bt-style-3-lavender\/#breadcrumb","itemListElement":[{"@type":"ListItem","position":1,"name":"Portada","item":"https:\/\/aivlisoft.net\/shop\/"},{"@type":"ListItem","position":2,"name":"Tienda","item":"https:\/\/aivlisoft.net\/shop\/tienda\/"},{"@type":"ListItem","position":3,"name":"ENERGY SISTEM Auriculares BT Style 3 Lavender"}]},{"@type":"WebSite","@id":"https:\/\/aivlisoft.net\/shop\/#website","url":"https:\/\/aivlisoft.net\/shop\/","name":"Aivlisoft Inform\u00e1tica","description":"En Aivlisoft Inform\u00e1tica ofrecemos soluciones tecnol\u00f3gicas para empresas: venta de ordenadores, consumibles, perif\u00e9ricos y m\u00e1s. Calidad, atenci\u00f3n personalizada y los mejores precios para tu negocio.","publisher":{"@id":"https:\/\/aivlisoft.net\/shop\/#organization"},"potentialAction":[{"@type":"SearchAction","target":{"@type":"EntryPoint","urlTemplate":"https:\/\/aivlisoft.net\/shop\/?s={search_term_string}"},"query-input":{"@type":"PropertyValueSpecification","valueRequired":true,"valueName":"search_term_string"}}],"inLanguage":"es"},{"@type":"Organization","@id":"https:\/\/aivlisoft.net\/shop\/#organization","name":"Aivlisoft Inform\u00e1tica","url":"https:\/\/aivlisoft.net\/shop\/","logo":{"@type":"ImageObject","inLanguage":"es","@id":"https:\/\/aivlisoft.net\/shop\/#\/schema\/logo\/image\/","url":"https:\/\/aivlisoft.net\/shop\/wp-content\/uploads\/2024\/12\/removal.ai_5b848c54-0cdf-4140-95c5-c5536bb7573b-logodef.png","contentUrl":"https:\/\/aivlisoft.net\/shop\/wp-content\/uploads\/2024\/12\/removal.ai_5b848c54-0cdf-4140-95c5-c5536bb7573b-logodef.png","width":484,"height":182,"caption":"Aivlisoft Inform\u00e1tica"},"image":{"@id":"https:\/\/aivlisoft.net\/shop\/#\/schema\/logo\/image\/"}}]}},"_links":{"self":[{"href":"https:\/\/aivlisoft.net\/shop\/wp-json\/wp\/v2\/product\/15751","targetHints":{"allow":["GET"]}}],"collection":[{"href":"https:\/\/aivlisoft.net\/shop\/wp-json\/wp\/v2\/product"}],"about":[{"href":"https:\/\/aivlisoft.net\/shop\/wp-json\/wp\/v2\/types\/product"}],"wp:featuredmedia":[{"embeddable":true,"href":"https:\/\/aivlisoft.net\/shop\/wp-json\/wp\/v2\/media\/15752"}],"wp:attachment":[{"href":"https:\/\/aivlisoft.net\/shop\/wp-json\/wp\/v2\/media?parent=15751"}],"wp:term":[{"taxonomy":"product_brand","embeddable":true,"href":"https:\/\/aivlisoft.net\/shop\/wp-json\/wp\/v2\/product_brand?post=15751"},{"taxonomy":"product_cat","embeddable":true,"href":"https:\/\/aivlisoft.net\/shop\/wp-json\/wp\/v2\/product_cat?post=15751"},{"taxonomy":"product_tag","embeddable":true,"href":"https:\/\/aivlisoft.net\/shop\/wp-json\/wp\/v2\/product_tag?post=15751"}],"curies":[{"name":"wp","href":"https:\/\/api.w.org\/{rel}","templated":true}]}}