{"id":15730,"date":"2025-01-13T14:55:58","date_gmt":"2025-01-13T14:55:58","guid":{"rendered":"https:\/\/aivlisoft.com\/?post_type=product&#038;p=15730"},"modified":"2025-01-14T21:09:14","modified_gmt":"2025-01-14T21:09:14","slug":"energy-sistem-auriculares-inalam-urban-3-indigo","status":"publish","type":"product","link":"https:\/\/aivlisoft.net\/shop\/producto\/energy-sistem-auriculares-inalam-urban-3-indigo\/","title":{"rendered":"Energy Sistem Auriculares inalam. Urban 3 Indigo"},"content":{"rendered":"<p><strong>Olv&iacute;date totalmente de los cables<\/strong><br \/>Auriculares intrauditivos con tecnolog&iacute;a Bluetooth 5.1 y micr&oacute;fono integrado para disfrutar de tu m&uacute;sica sin cables. El charging case con carga Qi compatible te permite recargar tus auriculares True Wireless de forma totalmente inal&aacute;mbrica.<\/p>\n<p><strong>La ciudad es tuya<\/strong><br \/>Los earphones True Wireless Urban 3 ser&aacute;n tu mejor acompa&ntilde;ante gracias a su dise&ntilde;o compacto y ergon&oacute;mico. Tan ligeros que podr&aacute;s llevarlos c&oacute;modamente durante horas. &iexcl;Disfruta de la ciudad como nunca!<\/p>\n<p><strong>Siguen tu ritmo durante horas<\/strong><br \/>Auriculares True Wireless de bot&oacute;n con una autonom&iacute;a de hasta 25 horas (5 horas por cada carga de los auriculares y 20 adicionales en el charging case). Olv&iacute;date de la bater&iacute;a y disfruta de tu m&uacute;sica hasta el amanecer.<\/p>\n<p><strong>Control total de tu m&uacute;sica<\/strong><br \/>La tecnolog&iacute;a Touch Control te permite controlar la reproducci&oacute;n de la m&uacute;sica y de tus llamadas de forma t&aacute;ctil, desde el propio auricular. Adem&aacute;s, gracias a la funci&oacute;n Voice Assistant y a los comandos de voz, tendr&aacute;s total libertad de movimiento.<\/p>\n<table class=\"tabla_caracteristicas k-table\" width=\"100%\">\n<tr>\n<td><strong>Marca<\/strong><\/td>\n<td>Energy Sistem<\/td>\n<\/tr>\n<tr>\n<td><strong>Modelo<\/strong><\/td>\n<td><strong>451845<\/strong><\/td>\n<\/tr>\n<tr>\n<td valign=\"top\"><strong>Caracter&iacute;sticas<\/strong><\/td>\n<td><strong>Audio<\/strong><br \/>\t\t\t&#8211; Di&aacute;metro del driver: 8 mm<br \/>\t\t\t&#8211; Drivers: Din&aacute;mico<br \/>\t\t\t&#8211; Respuesta en frecuencia: 20 Hz ~ 20 kHz<br \/>\t\t\t&#8211; Tipo: Intrauditivo<br \/>\t\t\t<strong>Micr&oacute;fono<\/strong><br \/>\t\t\t&#8211; Manos libres:&nbsp; S&iacute;<br \/>\t\t\t&#8211; Tipo:&nbsp; Integrado<br \/>\t\t\t&#8211; Sensibilidad:&nbsp; -42 dB &plusmn; 3 dB (@1 kHz)<br \/>\t\t\t&#8211; Rango de frecuencia:&nbsp; 10 Hz ~ 10 kHz<br \/>\t\t\t<strong>Conectividad<\/strong><br \/>\t\t\t&#8211; Asistente de voz (Google, Siri): S&iacute;<br \/>\t\t\t&#8211; Bluetooth &#8211; Versi&oacute;n: 5.1<br \/>\t\t\t&#8211; Bluetooth &#8211; Clase: 2<br \/>\t\t\t&#8211; Bluetooth &#8211; Frecuencia de trabajo: 2.4 GHz<br \/>\t\t\t&#8211; Bluetooth &#8211; Perfiles: A2DP \/ AVRCP \/ HFP \/ HSP<br \/>\t\t\t&#8211; Bluetooth &#8211; Alcance: 20 m<br \/>\t\t\t&#8211; Bluetooth &#8211; Potencia m&aacute;xima de la se&ntilde;al: &lt; 20,00 dBm<br \/>\t\t\t&#8211; Tecnolog&iacute;a True Wireless: S&iacute;<br \/>\t\t\t<strong>Otros<\/strong><br \/>\t\t\t&#8211; Compatibilidad: MAC \/ PC Windows \/ Smartphone<br \/>\t\t\t&#8211; Control de reproducci&oacute;n: S&iacute;<br \/>\t\t\t&#8211; Control de volumen: S&iacute;<br \/>\t\t\t<strong>Alimentaci&oacute;n<\/strong><br \/>\t\t\t&#8211; Tipo: LiPo<br \/>\t\t\t&#8211; Capacidad: 35 mAh<br \/>\t\t\t&#8211; Voltaje: 3.7 V<br \/>\t\t\t&#8211; Autonon&iacute;a &#8211; Uso normal: 5 h<br \/>\t\t\t&#8211; Sistema de carga: USB tipo C<br \/>\t\t\t&#8211; Tiempo de carga: 1 h<br \/>\t\t\t&#8211; Estuche de carga: S&iacute;<br \/>\t\t\t&#8211; Estuche de carga &#8211; Tipo: LiPo<br \/>\t\t\t&#8211; Estuche de carga &#8211; Capacidad: 380 mAh<br \/>\t\t\t&#8211; Estuche de carga &#8211; Voltaje: 3.7 V<br \/>\t\t\t&#8211; Estuche de carga &#8211; Autonom&iacute;a adicional: 20 h<br \/>\t\t\t&#8211; Estuche de carga &#8211; Tiempo de carga: 1.5 h<br \/>\t\t\t&#8211; Longitud del cable: 30 cm<br \/>\t\t\t<strong>Dimensiones y peso<\/strong><br \/>\t\t\t&#8211; Alto: 30 mm<br \/>\t\t\t&#8211; Ancho: 75 mm<br \/>\t\t\t&#8211; Profundo: 30 mm<br \/>\t\t\t&#8211; Peso: 32 g<br \/>\t\t\t<strong>Contenido<\/strong><br \/>\t\t\t&#8211; Earphones True Wireless Urban 3 Graphite<br \/>\t\t\t&#8211; Charging case<br \/>\t\t\t&#8211; 3 sets de almohadillas intercambiables<br \/>\t\t\t&#8211; Cable USB Tipo C<br \/>\t\t\t&#8211; Gu&iacute;a r&aacute;pida<\/td>\n<\/tr>\n<tr>\n<td><strong>Fecha de revisi&oacute;n<\/strong><\/td>\n<td>15-06-2022 por MPM<\/td>\n<\/tr>\n<\/table>\n","protected":false},"excerpt":{"rendered":"<p>Olv&iacute;date totalmente de los cablesAuriculares intrauditivos con tecnolog&iacute;a Bluetooth 5.1 y micr&oacute;fono integrado para disfrutar de tu m&uacute;sica sin cables. El charging case con carga Qi compatible te permite recargar tus auriculares True Wireless de forma totalmente inal&aacute;mbrica. La ciudad es tuyaLos earphones True Wireless Urban 3 ser&aacute;n tu mejor acompa&ntilde;ante gracias a su dise&ntilde;o&hellip;&nbsp;<a href=\"https:\/\/aivlisoft.net\/shop\/producto\/energy-sistem-auriculares-inalam-urban-3-indigo\/\" rel=\"bookmark\"><span class=\"screen-reader-text\">Energy Sistem Auriculares inalam. Urban 3 Indigo<\/span><\/a><\/p>\n","protected":false},"featured_media":15731,"template":"","meta":{"neve_meta_sidebar":"","neve_meta_container":"","neve_meta_enable_content_width":"","neve_meta_content_width":0,"neve_meta_title_alignment":"","neve_meta_author_avatar":"","neve_post_elements_order":"","neve_meta_disable_header":"","neve_meta_disable_footer":"","neve_meta_disable_title":""},"product_brand":[],"product_cat":[15,790,957,5818],"product_tag":[5937],"class_list":{"0":"post-15730","1":"product","2":"type-product","3":"status-publish","4":"has-post-thumbnail","6":"product_cat-sin-categorizar","7":"product_cat-accesorios-gaming","8":"product_cat-accesorios-imagen-y-sonido","9":"product_cat-audio","10":"product_tag-5937","12":"first","13":"instock","14":"taxable","15":"shipping-taxable","16":"purchasable","17":"product-type-simple"},"yoast_head":"<!-- This site is optimized with the Yoast SEO plugin v26.0 - https:\/\/yoast.com\/wordpress\/plugins\/seo\/ -->\n<title>Energy Sistem Auriculares inalam. Urban 3 Indigo - Aivlisoft Inform\u00e1tica<\/title>\n<meta name=\"robots\" content=\"index, follow, max-snippet:-1, max-image-preview:large, max-video-preview:-1\" \/>\n<link rel=\"canonical\" href=\"https:\/\/aivlisoft.net\/shop\/producto\/energy-sistem-auriculares-inalam-urban-3-indigo\/\" \/>\n<meta property=\"og:locale\" content=\"es_ES\" \/>\n<meta property=\"og:type\" content=\"article\" \/>\n<meta property=\"og:title\" content=\"Energy Sistem Auriculares inalam. Urban 3 Indigo - Aivlisoft Inform\u00e1tica\" \/>\n<meta property=\"og:description\" content=\"Olv&iacute;date totalmente de los cablesAuriculares intrauditivos con tecnolog&iacute;a Bluetooth 5.1 y micr&oacute;fono integrado para disfrutar de tu m&uacute;sica sin cables. El charging case con carga Qi compatible te permite recargar tus auriculares True Wireless de forma totalmente inal&aacute;mbrica. La ciudad es tuyaLos earphones True Wireless Urban 3 ser&aacute;n tu mejor acompa&ntilde;ante gracias a su dise&ntilde;o&hellip;&nbsp;Energy Sistem Auriculares inalam. Urban 3 Indigo\" \/>\n<meta property=\"og:url\" content=\"https:\/\/aivlisoft.net\/shop\/producto\/energy-sistem-auriculares-inalam-urban-3-indigo\/\" \/>\n<meta property=\"og:site_name\" content=\"Aivlisoft Inform\u00e1tica\" \/>\n<meta property=\"article:modified_time\" content=\"2025-01-14T21:09:14+00:00\" \/>\n<meta property=\"og:image\" content=\"https:\/\/aivlisoft.net\/shop\/wp-content\/uploads\/2025\/01\/MAUAMI0996_800.jpg\" \/>\n\t<meta property=\"og:image:width\" content=\"800\" \/>\n\t<meta property=\"og:image:height\" content=\"800\" \/>\n\t<meta property=\"og:image:type\" content=\"image\/jpeg\" \/>\n<meta name=\"twitter:card\" content=\"summary_large_image\" \/>\n<meta name=\"twitter:label1\" content=\"Tiempo de lectura\" \/>\n\t<meta name=\"twitter:data1\" content=\"2 minutos\" \/>\n<script type=\"application\/ld+json\" class=\"yoast-schema-graph\">{\"@context\":\"https:\/\/schema.org\",\"@graph\":[{\"@type\":\"WebPage\",\"@id\":\"https:\/\/aivlisoft.net\/shop\/producto\/energy-sistem-auriculares-inalam-urban-3-indigo\/\",\"url\":\"https:\/\/aivlisoft.net\/shop\/producto\/energy-sistem-auriculares-inalam-urban-3-indigo\/\",\"name\":\"Energy Sistem Auriculares inalam. Urban 3 Indigo - Aivlisoft Inform\u00e1tica\",\"isPartOf\":{\"@id\":\"https:\/\/aivlisoft.net\/shop\/#website\"},\"primaryImageOfPage\":{\"@id\":\"https:\/\/aivlisoft.net\/shop\/producto\/energy-sistem-auriculares-inalam-urban-3-indigo\/#primaryimage\"},\"image\":{\"@id\":\"https:\/\/aivlisoft.net\/shop\/producto\/energy-sistem-auriculares-inalam-urban-3-indigo\/#primaryimage\"},\"thumbnailUrl\":\"https:\/\/aivlisoft.net\/shop\/wp-content\/uploads\/2025\/01\/MAUAMI0996_800.jpg\",\"datePublished\":\"2025-01-13T14:55:58+00:00\",\"dateModified\":\"2025-01-14T21:09:14+00:00\",\"breadcrumb\":{\"@id\":\"https:\/\/aivlisoft.net\/shop\/producto\/energy-sistem-auriculares-inalam-urban-3-indigo\/#breadcrumb\"},\"inLanguage\":\"es\",\"potentialAction\":[{\"@type\":\"ReadAction\",\"target\":[\"https:\/\/aivlisoft.net\/shop\/producto\/energy-sistem-auriculares-inalam-urban-3-indigo\/\"]}]},{\"@type\":\"ImageObject\",\"inLanguage\":\"es\",\"@id\":\"https:\/\/aivlisoft.net\/shop\/producto\/energy-sistem-auriculares-inalam-urban-3-indigo\/#primaryimage\",\"url\":\"https:\/\/aivlisoft.net\/shop\/wp-content\/uploads\/2025\/01\/MAUAMI0996_800.jpg\",\"contentUrl\":\"https:\/\/aivlisoft.net\/shop\/wp-content\/uploads\/2025\/01\/MAUAMI0996_800.jpg\",\"width\":800,\"height\":800},{\"@type\":\"BreadcrumbList\",\"@id\":\"https:\/\/aivlisoft.net\/shop\/producto\/energy-sistem-auriculares-inalam-urban-3-indigo\/#breadcrumb\",\"itemListElement\":[{\"@type\":\"ListItem\",\"position\":1,\"name\":\"Portada\",\"item\":\"https:\/\/aivlisoft.net\/shop\/\"},{\"@type\":\"ListItem\",\"position\":2,\"name\":\"Tienda\",\"item\":\"https:\/\/aivlisoft.net\/shop\/tienda\/\"},{\"@type\":\"ListItem\",\"position\":3,\"name\":\"Energy Sistem Auriculares inalam. Urban 3 Indigo\"}]},{\"@type\":\"WebSite\",\"@id\":\"https:\/\/aivlisoft.net\/shop\/#website\",\"url\":\"https:\/\/aivlisoft.net\/shop\/\",\"name\":\"Aivlisoft Inform\u00e1tica\",\"description\":\"En Aivlisoft Inform\u00e1tica ofrecemos soluciones tecnol\u00f3gicas para empresas: venta de ordenadores, consumibles, perif\u00e9ricos y m\u00e1s. Calidad, atenci\u00f3n personalizada y los mejores precios para tu negocio.\",\"publisher\":{\"@id\":\"https:\/\/aivlisoft.net\/shop\/#organization\"},\"potentialAction\":[{\"@type\":\"SearchAction\",\"target\":{\"@type\":\"EntryPoint\",\"urlTemplate\":\"https:\/\/aivlisoft.net\/shop\/?s={search_term_string}\"},\"query-input\":{\"@type\":\"PropertyValueSpecification\",\"valueRequired\":true,\"valueName\":\"search_term_string\"}}],\"inLanguage\":\"es\"},{\"@type\":\"Organization\",\"@id\":\"https:\/\/aivlisoft.net\/shop\/#organization\",\"name\":\"Aivlisoft Inform\u00e1tica\",\"url\":\"https:\/\/aivlisoft.net\/shop\/\",\"logo\":{\"@type\":\"ImageObject\",\"inLanguage\":\"es\",\"@id\":\"https:\/\/aivlisoft.net\/shop\/#\/schema\/logo\/image\/\",\"url\":\"https:\/\/aivlisoft.net\/shop\/wp-content\/uploads\/2024\/12\/removal.ai_5b848c54-0cdf-4140-95c5-c5536bb7573b-logodef.png\",\"contentUrl\":\"https:\/\/aivlisoft.net\/shop\/wp-content\/uploads\/2024\/12\/removal.ai_5b848c54-0cdf-4140-95c5-c5536bb7573b-logodef.png\",\"width\":484,\"height\":182,\"caption\":\"Aivlisoft Inform\u00e1tica\"},\"image\":{\"@id\":\"https:\/\/aivlisoft.net\/shop\/#\/schema\/logo\/image\/\"}}]}<\/script>\n<!-- \/ Yoast SEO plugin. -->","yoast_head_json":{"title":"Energy Sistem Auriculares inalam. Urban 3 Indigo - Aivlisoft Inform\u00e1tica","robots":{"index":"index","follow":"follow","max-snippet":"max-snippet:-1","max-image-preview":"max-image-preview:large","max-video-preview":"max-video-preview:-1"},"canonical":"https:\/\/aivlisoft.net\/shop\/producto\/energy-sistem-auriculares-inalam-urban-3-indigo\/","og_locale":"es_ES","og_type":"article","og_title":"Energy Sistem Auriculares inalam. Urban 3 Indigo - Aivlisoft Inform\u00e1tica","og_description":"Olv&iacute;date totalmente de los cablesAuriculares intrauditivos con tecnolog&iacute;a Bluetooth 5.1 y micr&oacute;fono integrado para disfrutar de tu m&uacute;sica sin cables. El charging case con carga Qi compatible te permite recargar tus auriculares True Wireless de forma totalmente inal&aacute;mbrica. La ciudad es tuyaLos earphones True Wireless Urban 3 ser&aacute;n tu mejor acompa&ntilde;ante gracias a su dise&ntilde;o&hellip;&nbsp;Energy Sistem Auriculares inalam. Urban 3 Indigo","og_url":"https:\/\/aivlisoft.net\/shop\/producto\/energy-sistem-auriculares-inalam-urban-3-indigo\/","og_site_name":"Aivlisoft Inform\u00e1tica","article_modified_time":"2025-01-14T21:09:14+00:00","og_image":[{"width":800,"height":800,"url":"https:\/\/aivlisoft.net\/shop\/wp-content\/uploads\/2025\/01\/MAUAMI0996_800.jpg","type":"image\/jpeg"}],"twitter_card":"summary_large_image","twitter_misc":{"Tiempo de lectura":"2 minutos"},"schema":{"@context":"https:\/\/schema.org","@graph":[{"@type":"WebPage","@id":"https:\/\/aivlisoft.net\/shop\/producto\/energy-sistem-auriculares-inalam-urban-3-indigo\/","url":"https:\/\/aivlisoft.net\/shop\/producto\/energy-sistem-auriculares-inalam-urban-3-indigo\/","name":"Energy Sistem Auriculares inalam. Urban 3 Indigo - Aivlisoft Inform\u00e1tica","isPartOf":{"@id":"https:\/\/aivlisoft.net\/shop\/#website"},"primaryImageOfPage":{"@id":"https:\/\/aivlisoft.net\/shop\/producto\/energy-sistem-auriculares-inalam-urban-3-indigo\/#primaryimage"},"image":{"@id":"https:\/\/aivlisoft.net\/shop\/producto\/energy-sistem-auriculares-inalam-urban-3-indigo\/#primaryimage"},"thumbnailUrl":"https:\/\/aivlisoft.net\/shop\/wp-content\/uploads\/2025\/01\/MAUAMI0996_800.jpg","datePublished":"2025-01-13T14:55:58+00:00","dateModified":"2025-01-14T21:09:14+00:00","breadcrumb":{"@id":"https:\/\/aivlisoft.net\/shop\/producto\/energy-sistem-auriculares-inalam-urban-3-indigo\/#breadcrumb"},"inLanguage":"es","potentialAction":[{"@type":"ReadAction","target":["https:\/\/aivlisoft.net\/shop\/producto\/energy-sistem-auriculares-inalam-urban-3-indigo\/"]}]},{"@type":"ImageObject","inLanguage":"es","@id":"https:\/\/aivlisoft.net\/shop\/producto\/energy-sistem-auriculares-inalam-urban-3-indigo\/#primaryimage","url":"https:\/\/aivlisoft.net\/shop\/wp-content\/uploads\/2025\/01\/MAUAMI0996_800.jpg","contentUrl":"https:\/\/aivlisoft.net\/shop\/wp-content\/uploads\/2025\/01\/MAUAMI0996_800.jpg","width":800,"height":800},{"@type":"BreadcrumbList","@id":"https:\/\/aivlisoft.net\/shop\/producto\/energy-sistem-auriculares-inalam-urban-3-indigo\/#breadcrumb","itemListElement":[{"@type":"ListItem","position":1,"name":"Portada","item":"https:\/\/aivlisoft.net\/shop\/"},{"@type":"ListItem","position":2,"name":"Tienda","item":"https:\/\/aivlisoft.net\/shop\/tienda\/"},{"@type":"ListItem","position":3,"name":"Energy Sistem Auriculares inalam. Urban 3 Indigo"}]},{"@type":"WebSite","@id":"https:\/\/aivlisoft.net\/shop\/#website","url":"https:\/\/aivlisoft.net\/shop\/","name":"Aivlisoft Inform\u00e1tica","description":"En Aivlisoft Inform\u00e1tica ofrecemos soluciones tecnol\u00f3gicas para empresas: venta de ordenadores, consumibles, perif\u00e9ricos y m\u00e1s. Calidad, atenci\u00f3n personalizada y los mejores precios para tu negocio.","publisher":{"@id":"https:\/\/aivlisoft.net\/shop\/#organization"},"potentialAction":[{"@type":"SearchAction","target":{"@type":"EntryPoint","urlTemplate":"https:\/\/aivlisoft.net\/shop\/?s={search_term_string}"},"query-input":{"@type":"PropertyValueSpecification","valueRequired":true,"valueName":"search_term_string"}}],"inLanguage":"es"},{"@type":"Organization","@id":"https:\/\/aivlisoft.net\/shop\/#organization","name":"Aivlisoft Inform\u00e1tica","url":"https:\/\/aivlisoft.net\/shop\/","logo":{"@type":"ImageObject","inLanguage":"es","@id":"https:\/\/aivlisoft.net\/shop\/#\/schema\/logo\/image\/","url":"https:\/\/aivlisoft.net\/shop\/wp-content\/uploads\/2024\/12\/removal.ai_5b848c54-0cdf-4140-95c5-c5536bb7573b-logodef.png","contentUrl":"https:\/\/aivlisoft.net\/shop\/wp-content\/uploads\/2024\/12\/removal.ai_5b848c54-0cdf-4140-95c5-c5536bb7573b-logodef.png","width":484,"height":182,"caption":"Aivlisoft Inform\u00e1tica"},"image":{"@id":"https:\/\/aivlisoft.net\/shop\/#\/schema\/logo\/image\/"}}]}},"_links":{"self":[{"href":"https:\/\/aivlisoft.net\/shop\/wp-json\/wp\/v2\/product\/15730","targetHints":{"allow":["GET"]}}],"collection":[{"href":"https:\/\/aivlisoft.net\/shop\/wp-json\/wp\/v2\/product"}],"about":[{"href":"https:\/\/aivlisoft.net\/shop\/wp-json\/wp\/v2\/types\/product"}],"wp:featuredmedia":[{"embeddable":true,"href":"https:\/\/aivlisoft.net\/shop\/wp-json\/wp\/v2\/media\/15731"}],"wp:attachment":[{"href":"https:\/\/aivlisoft.net\/shop\/wp-json\/wp\/v2\/media?parent=15730"}],"wp:term":[{"taxonomy":"product_brand","embeddable":true,"href":"https:\/\/aivlisoft.net\/shop\/wp-json\/wp\/v2\/product_brand?post=15730"},{"taxonomy":"product_cat","embeddable":true,"href":"https:\/\/aivlisoft.net\/shop\/wp-json\/wp\/v2\/product_cat?post=15730"},{"taxonomy":"product_tag","embeddable":true,"href":"https:\/\/aivlisoft.net\/shop\/wp-json\/wp\/v2\/product_tag?post=15730"}],"curies":[{"name":"wp","href":"https:\/\/api.w.org\/{rel}","templated":true}]}}