{"id":15726,"date":"2025-01-13T14:55:56","date_gmt":"2025-01-13T14:55:56","guid":{"rendered":"https:\/\/aivlisoft.com\/?post_type=product&#038;p=15726"},"modified":"2025-01-14T21:09:15","modified_gmt":"2025-01-14T21:09:15","slug":"ngs-auricular-con-microfono-ajust-jack-msx11pro","status":"publish","type":"product","link":"https:\/\/aivlisoft.net\/shop\/producto\/ngs-auricular-con-microfono-ajust-jack-msx11pro\/","title":{"rendered":"NGS AURICULAR CON MICROFONO AJUST JACK MSX11PRO"},"content":{"rendered":"<p>Auriculares supraurales con una calidad de sonido excelente. Almohadillas acolchadas y s&uacute;per c&oacute;modas que te permitir&aacute;n usarlos durante horas. Micr&oacute;fono flexible y ajustable para la comunicaci&oacute;n manos libres.<br \/>Equipado con conexi&oacute;n Jack 3.5 mm y adaptador doble Jack para PC. Ideal para sesiones de juego online, escuchar m&uacute;sica, chatear y utilizar en aplicaciones de telefon&iacute;a.<br \/>Con tecnolog&iacute;a exclusiva de filtrado y amplificaci&oacute;n. Frecuencia de respuesta de 20 Hz ~ 20kHz. Sensibilidad e impedancia de 105 dB y 32 Ohm\/Hz respectivamente.<br \/>Incorpora control de volumen integrado en el cable para un f&aacute;cil manejo. 1,8 m de cable<\/p>\n<table class=\"tabla_caracteristicas k-table\" width=\"100%\">\n<tr>\n<td valign=\"top\"><strong>Marca<\/strong><\/td>\n<td>NGS<\/td>\n<\/tr>\n<tr>\n<td valign=\"top\"><strong>Modelo<\/strong><\/td>\n<td><strong>MSX11PRO<\/strong><\/td>\n<\/tr>\n<tr>\n<td valign=\"top\"><strong>Caracter&iacute;sticas<\/strong><\/td>\n<td>&#8211; Auriculares supraurales con una calidad de sonido excelente.<br \/>\t\t\t&#8211; Almohadillas acolchadas y s&uacute;per c&oacute;modas que te permitir&aacute;n usarlos durante horas.<br \/>\t\t\t&#8211; Micr&oacute;fono flexible y ajustable para la comunicaci&oacute;n manos libres.<br \/>\t\t\t&#8211; Equipado con conexi&oacute;n Jack 3.5 mm y adaptador doble Jack para PC.<br \/>\t\t\t&#8211; Ideal para sesiones de juego online, escuchar m&uacute;sica, chatear y utilizar en aplicaciones de telefon&iacute;a.<br \/>\t\t\t&#8211; Con tecnolog&iacute;a exclusiva de filtrado y amplificaci&oacute;n.<br \/>\t\t\t&#8211; Frecuencia de respuesta de 20 Hz ~ 20kHz.<br \/>\t\t\t&#8211; Sensibilidad e impedancia de 105 dB y 32 Ohm\/Hz respectivamente.<br \/>\t\t\t&#8211; Incorpora control de volumen integrado en el cable para un f&aacute;cil manejo.<br \/>\t\t\t&#8211; 1,8 m de cable.<br \/>\t\t\t&#8211; Dimensiones y peso: 180 x 68 x 175<br \/>\t\t\t<strong>Contenido<\/strong><br \/>\t\t\t&#8211; Auriculares<br \/>\t\t\t&#8211; Adaptador de 1 a 2 clavijas<br \/>\t\t\t&#8211; Gu&iacute;a de instalaci&oacute;n<\/td>\n<\/tr>\n<tr>\n<td valign=\"top\"><strong>Fecha de revisi&oacute;n<\/strong><\/td>\n<td>15-06-2022 por MPM<\/td>\n<\/tr>\n<\/table>\n","protected":false},"excerpt":{"rendered":"<p>Auriculares supraurales con una calidad de sonido excelente. Almohadillas acolchadas y s&uacute;per c&oacute;modas que te permitir&aacute;n usarlos durante horas. Micr&oacute;fono flexible y ajustable para la comunicaci&oacute;n manos libres.Equipado con conexi&oacute;n Jack 3.5 mm y adaptador doble Jack para PC. Ideal para sesiones de juego online, escuchar m&uacute;sica, chatear y utilizar en aplicaciones de telefon&iacute;a.Con tecnolog&iacute;a&hellip;&nbsp;<a href=\"https:\/\/aivlisoft.net\/shop\/producto\/ngs-auricular-con-microfono-ajust-jack-msx11pro\/\" rel=\"bookmark\"><span class=\"screen-reader-text\">NGS AURICULAR CON MICROFONO AJUST JACK MSX11PRO<\/span><\/a><\/p>\n","protected":false},"featured_media":15727,"template":"","meta":{"neve_meta_sidebar":"","neve_meta_container":"","neve_meta_enable_content_width":"","neve_meta_content_width":0,"neve_meta_title_alignment":"","neve_meta_author_avatar":"","neve_post_elements_order":"","neve_meta_disable_header":"","neve_meta_disable_footer":"","neve_meta_disable_title":""},"product_brand":[],"product_cat":[15,790,957,5818],"product_tag":[5935],"class_list":{"0":"post-15726","1":"product","2":"type-product","3":"status-publish","4":"has-post-thumbnail","6":"product_cat-sin-categorizar","7":"product_cat-accesorios-gaming","8":"product_cat-accesorios-imagen-y-sonido","9":"product_cat-audio","10":"product_tag-msx11pro","12":"first","13":"instock","14":"taxable","15":"shipping-taxable","16":"purchasable","17":"product-type-simple"},"yoast_head":"<!-- This site is optimized with the Yoast SEO plugin v26.0 - https:\/\/yoast.com\/wordpress\/plugins\/seo\/ -->\n<title>NGS AURICULAR CON MICROFONO AJUST JACK MSX11PRO - Aivlisoft Inform\u00e1tica<\/title>\n<meta name=\"robots\" content=\"index, follow, max-snippet:-1, max-image-preview:large, max-video-preview:-1\" \/>\n<link rel=\"canonical\" href=\"https:\/\/aivlisoft.net\/shop\/producto\/ngs-auricular-con-microfono-ajust-jack-msx11pro\/\" \/>\n<meta property=\"og:locale\" content=\"es_ES\" \/>\n<meta property=\"og:type\" content=\"article\" \/>\n<meta property=\"og:title\" content=\"NGS AURICULAR CON MICROFONO AJUST JACK MSX11PRO - Aivlisoft Inform\u00e1tica\" \/>\n<meta property=\"og:description\" content=\"Auriculares supraurales con una calidad de sonido excelente. Almohadillas acolchadas y s&uacute;per c&oacute;modas que te permitir&aacute;n usarlos durante horas. Micr&oacute;fono flexible y ajustable para la comunicaci&oacute;n manos libres.Equipado con conexi&oacute;n Jack 3.5 mm y adaptador doble Jack para PC. Ideal para sesiones de juego online, escuchar m&uacute;sica, chatear y utilizar en aplicaciones de telefon&iacute;a.Con tecnolog&iacute;a&hellip;&nbsp;NGS AURICULAR CON MICROFONO AJUST JACK MSX11PRO\" \/>\n<meta property=\"og:url\" content=\"https:\/\/aivlisoft.net\/shop\/producto\/ngs-auricular-con-microfono-ajust-jack-msx11pro\/\" \/>\n<meta property=\"og:site_name\" content=\"Aivlisoft Inform\u00e1tica\" \/>\n<meta property=\"article:modified_time\" content=\"2025-01-14T21:09:15+00:00\" \/>\n<meta property=\"og:image\" content=\"https:\/\/aivlisoft.net\/shop\/wp-content\/uploads\/2025\/01\/MAUAMI0994_800.jpg\" \/>\n\t<meta property=\"og:image:width\" content=\"800\" \/>\n\t<meta property=\"og:image:height\" content=\"800\" \/>\n\t<meta property=\"og:image:type\" content=\"image\/jpeg\" \/>\n<meta name=\"twitter:card\" content=\"summary_large_image\" \/>\n<meta name=\"twitter:label1\" content=\"Tiempo de lectura\" \/>\n\t<meta name=\"twitter:data1\" content=\"1 minuto\" \/>\n<script type=\"application\/ld+json\" class=\"yoast-schema-graph\">{\"@context\":\"https:\/\/schema.org\",\"@graph\":[{\"@type\":\"WebPage\",\"@id\":\"https:\/\/aivlisoft.net\/shop\/producto\/ngs-auricular-con-microfono-ajust-jack-msx11pro\/\",\"url\":\"https:\/\/aivlisoft.net\/shop\/producto\/ngs-auricular-con-microfono-ajust-jack-msx11pro\/\",\"name\":\"NGS AURICULAR CON MICROFONO AJUST JACK MSX11PRO - Aivlisoft Inform\u00e1tica\",\"isPartOf\":{\"@id\":\"https:\/\/aivlisoft.net\/shop\/#website\"},\"primaryImageOfPage\":{\"@id\":\"https:\/\/aivlisoft.net\/shop\/producto\/ngs-auricular-con-microfono-ajust-jack-msx11pro\/#primaryimage\"},\"image\":{\"@id\":\"https:\/\/aivlisoft.net\/shop\/producto\/ngs-auricular-con-microfono-ajust-jack-msx11pro\/#primaryimage\"},\"thumbnailUrl\":\"https:\/\/aivlisoft.net\/shop\/wp-content\/uploads\/2025\/01\/MAUAMI0994_800.jpg\",\"datePublished\":\"2025-01-13T14:55:56+00:00\",\"dateModified\":\"2025-01-14T21:09:15+00:00\",\"breadcrumb\":{\"@id\":\"https:\/\/aivlisoft.net\/shop\/producto\/ngs-auricular-con-microfono-ajust-jack-msx11pro\/#breadcrumb\"},\"inLanguage\":\"es\",\"potentialAction\":[{\"@type\":\"ReadAction\",\"target\":[\"https:\/\/aivlisoft.net\/shop\/producto\/ngs-auricular-con-microfono-ajust-jack-msx11pro\/\"]}]},{\"@type\":\"ImageObject\",\"inLanguage\":\"es\",\"@id\":\"https:\/\/aivlisoft.net\/shop\/producto\/ngs-auricular-con-microfono-ajust-jack-msx11pro\/#primaryimage\",\"url\":\"https:\/\/aivlisoft.net\/shop\/wp-content\/uploads\/2025\/01\/MAUAMI0994_800.jpg\",\"contentUrl\":\"https:\/\/aivlisoft.net\/shop\/wp-content\/uploads\/2025\/01\/MAUAMI0994_800.jpg\",\"width\":800,\"height\":800},{\"@type\":\"BreadcrumbList\",\"@id\":\"https:\/\/aivlisoft.net\/shop\/producto\/ngs-auricular-con-microfono-ajust-jack-msx11pro\/#breadcrumb\",\"itemListElement\":[{\"@type\":\"ListItem\",\"position\":1,\"name\":\"Portada\",\"item\":\"https:\/\/aivlisoft.net\/shop\/\"},{\"@type\":\"ListItem\",\"position\":2,\"name\":\"Tienda\",\"item\":\"https:\/\/aivlisoft.net\/shop\/tienda\/\"},{\"@type\":\"ListItem\",\"position\":3,\"name\":\"NGS AURICULAR CON MICROFONO AJUST JACK MSX11PRO\"}]},{\"@type\":\"WebSite\",\"@id\":\"https:\/\/aivlisoft.net\/shop\/#website\",\"url\":\"https:\/\/aivlisoft.net\/shop\/\",\"name\":\"Aivlisoft Inform\u00e1tica\",\"description\":\"En Aivlisoft Inform\u00e1tica ofrecemos soluciones tecnol\u00f3gicas para empresas: venta de ordenadores, consumibles, perif\u00e9ricos y m\u00e1s. Calidad, atenci\u00f3n personalizada y los mejores precios para tu negocio.\",\"publisher\":{\"@id\":\"https:\/\/aivlisoft.net\/shop\/#organization\"},\"potentialAction\":[{\"@type\":\"SearchAction\",\"target\":{\"@type\":\"EntryPoint\",\"urlTemplate\":\"https:\/\/aivlisoft.net\/shop\/?s={search_term_string}\"},\"query-input\":{\"@type\":\"PropertyValueSpecification\",\"valueRequired\":true,\"valueName\":\"search_term_string\"}}],\"inLanguage\":\"es\"},{\"@type\":\"Organization\",\"@id\":\"https:\/\/aivlisoft.net\/shop\/#organization\",\"name\":\"Aivlisoft Inform\u00e1tica\",\"url\":\"https:\/\/aivlisoft.net\/shop\/\",\"logo\":{\"@type\":\"ImageObject\",\"inLanguage\":\"es\",\"@id\":\"https:\/\/aivlisoft.net\/shop\/#\/schema\/logo\/image\/\",\"url\":\"https:\/\/aivlisoft.net\/shop\/wp-content\/uploads\/2024\/12\/removal.ai_5b848c54-0cdf-4140-95c5-c5536bb7573b-logodef.png\",\"contentUrl\":\"https:\/\/aivlisoft.net\/shop\/wp-content\/uploads\/2024\/12\/removal.ai_5b848c54-0cdf-4140-95c5-c5536bb7573b-logodef.png\",\"width\":484,\"height\":182,\"caption\":\"Aivlisoft Inform\u00e1tica\"},\"image\":{\"@id\":\"https:\/\/aivlisoft.net\/shop\/#\/schema\/logo\/image\/\"}}]}<\/script>\n<!-- \/ Yoast SEO plugin. -->","yoast_head_json":{"title":"NGS AURICULAR CON MICROFONO AJUST JACK MSX11PRO - Aivlisoft Inform\u00e1tica","robots":{"index":"index","follow":"follow","max-snippet":"max-snippet:-1","max-image-preview":"max-image-preview:large","max-video-preview":"max-video-preview:-1"},"canonical":"https:\/\/aivlisoft.net\/shop\/producto\/ngs-auricular-con-microfono-ajust-jack-msx11pro\/","og_locale":"es_ES","og_type":"article","og_title":"NGS AURICULAR CON MICROFONO AJUST JACK MSX11PRO - Aivlisoft Inform\u00e1tica","og_description":"Auriculares supraurales con una calidad de sonido excelente. Almohadillas acolchadas y s&uacute;per c&oacute;modas que te permitir&aacute;n usarlos durante horas. Micr&oacute;fono flexible y ajustable para la comunicaci&oacute;n manos libres.Equipado con conexi&oacute;n Jack 3.5 mm y adaptador doble Jack para PC. Ideal para sesiones de juego online, escuchar m&uacute;sica, chatear y utilizar en aplicaciones de telefon&iacute;a.Con tecnolog&iacute;a&hellip;&nbsp;NGS AURICULAR CON MICROFONO AJUST JACK MSX11PRO","og_url":"https:\/\/aivlisoft.net\/shop\/producto\/ngs-auricular-con-microfono-ajust-jack-msx11pro\/","og_site_name":"Aivlisoft Inform\u00e1tica","article_modified_time":"2025-01-14T21:09:15+00:00","og_image":[{"width":800,"height":800,"url":"https:\/\/aivlisoft.net\/shop\/wp-content\/uploads\/2025\/01\/MAUAMI0994_800.jpg","type":"image\/jpeg"}],"twitter_card":"summary_large_image","twitter_misc":{"Tiempo de lectura":"1 minuto"},"schema":{"@context":"https:\/\/schema.org","@graph":[{"@type":"WebPage","@id":"https:\/\/aivlisoft.net\/shop\/producto\/ngs-auricular-con-microfono-ajust-jack-msx11pro\/","url":"https:\/\/aivlisoft.net\/shop\/producto\/ngs-auricular-con-microfono-ajust-jack-msx11pro\/","name":"NGS AURICULAR CON MICROFONO AJUST JACK MSX11PRO - Aivlisoft Inform\u00e1tica","isPartOf":{"@id":"https:\/\/aivlisoft.net\/shop\/#website"},"primaryImageOfPage":{"@id":"https:\/\/aivlisoft.net\/shop\/producto\/ngs-auricular-con-microfono-ajust-jack-msx11pro\/#primaryimage"},"image":{"@id":"https:\/\/aivlisoft.net\/shop\/producto\/ngs-auricular-con-microfono-ajust-jack-msx11pro\/#primaryimage"},"thumbnailUrl":"https:\/\/aivlisoft.net\/shop\/wp-content\/uploads\/2025\/01\/MAUAMI0994_800.jpg","datePublished":"2025-01-13T14:55:56+00:00","dateModified":"2025-01-14T21:09:15+00:00","breadcrumb":{"@id":"https:\/\/aivlisoft.net\/shop\/producto\/ngs-auricular-con-microfono-ajust-jack-msx11pro\/#breadcrumb"},"inLanguage":"es","potentialAction":[{"@type":"ReadAction","target":["https:\/\/aivlisoft.net\/shop\/producto\/ngs-auricular-con-microfono-ajust-jack-msx11pro\/"]}]},{"@type":"ImageObject","inLanguage":"es","@id":"https:\/\/aivlisoft.net\/shop\/producto\/ngs-auricular-con-microfono-ajust-jack-msx11pro\/#primaryimage","url":"https:\/\/aivlisoft.net\/shop\/wp-content\/uploads\/2025\/01\/MAUAMI0994_800.jpg","contentUrl":"https:\/\/aivlisoft.net\/shop\/wp-content\/uploads\/2025\/01\/MAUAMI0994_800.jpg","width":800,"height":800},{"@type":"BreadcrumbList","@id":"https:\/\/aivlisoft.net\/shop\/producto\/ngs-auricular-con-microfono-ajust-jack-msx11pro\/#breadcrumb","itemListElement":[{"@type":"ListItem","position":1,"name":"Portada","item":"https:\/\/aivlisoft.net\/shop\/"},{"@type":"ListItem","position":2,"name":"Tienda","item":"https:\/\/aivlisoft.net\/shop\/tienda\/"},{"@type":"ListItem","position":3,"name":"NGS AURICULAR CON MICROFONO AJUST JACK MSX11PRO"}]},{"@type":"WebSite","@id":"https:\/\/aivlisoft.net\/shop\/#website","url":"https:\/\/aivlisoft.net\/shop\/","name":"Aivlisoft Inform\u00e1tica","description":"En Aivlisoft Inform\u00e1tica ofrecemos soluciones tecnol\u00f3gicas para empresas: venta de ordenadores, consumibles, perif\u00e9ricos y m\u00e1s. Calidad, atenci\u00f3n personalizada y los mejores precios para tu negocio.","publisher":{"@id":"https:\/\/aivlisoft.net\/shop\/#organization"},"potentialAction":[{"@type":"SearchAction","target":{"@type":"EntryPoint","urlTemplate":"https:\/\/aivlisoft.net\/shop\/?s={search_term_string}"},"query-input":{"@type":"PropertyValueSpecification","valueRequired":true,"valueName":"search_term_string"}}],"inLanguage":"es"},{"@type":"Organization","@id":"https:\/\/aivlisoft.net\/shop\/#organization","name":"Aivlisoft Inform\u00e1tica","url":"https:\/\/aivlisoft.net\/shop\/","logo":{"@type":"ImageObject","inLanguage":"es","@id":"https:\/\/aivlisoft.net\/shop\/#\/schema\/logo\/image\/","url":"https:\/\/aivlisoft.net\/shop\/wp-content\/uploads\/2024\/12\/removal.ai_5b848c54-0cdf-4140-95c5-c5536bb7573b-logodef.png","contentUrl":"https:\/\/aivlisoft.net\/shop\/wp-content\/uploads\/2024\/12\/removal.ai_5b848c54-0cdf-4140-95c5-c5536bb7573b-logodef.png","width":484,"height":182,"caption":"Aivlisoft Inform\u00e1tica"},"image":{"@id":"https:\/\/aivlisoft.net\/shop\/#\/schema\/logo\/image\/"}}]}},"_links":{"self":[{"href":"https:\/\/aivlisoft.net\/shop\/wp-json\/wp\/v2\/product\/15726","targetHints":{"allow":["GET"]}}],"collection":[{"href":"https:\/\/aivlisoft.net\/shop\/wp-json\/wp\/v2\/product"}],"about":[{"href":"https:\/\/aivlisoft.net\/shop\/wp-json\/wp\/v2\/types\/product"}],"wp:featuredmedia":[{"embeddable":true,"href":"https:\/\/aivlisoft.net\/shop\/wp-json\/wp\/v2\/media\/15727"}],"wp:attachment":[{"href":"https:\/\/aivlisoft.net\/shop\/wp-json\/wp\/v2\/media?parent=15726"}],"wp:term":[{"taxonomy":"product_brand","embeddable":true,"href":"https:\/\/aivlisoft.net\/shop\/wp-json\/wp\/v2\/product_brand?post=15726"},{"taxonomy":"product_cat","embeddable":true,"href":"https:\/\/aivlisoft.net\/shop\/wp-json\/wp\/v2\/product_cat?post=15726"},{"taxonomy":"product_tag","embeddable":true,"href":"https:\/\/aivlisoft.net\/shop\/wp-json\/wp\/v2\/product_tag?post=15726"}],"curies":[{"name":"wp","href":"https:\/\/api.w.org\/{rel}","templated":true}]}}