{"id":15714,"date":"2025-01-13T14:55:51","date_gmt":"2025-01-13T14:55:51","guid":{"rendered":"https:\/\/aivlisoft.com\/?post_type=product&#038;p=15714"},"modified":"2025-01-14T21:09:18","modified_gmt":"2025-01-14T21:09:18","slug":"ngs-aur-buzzblab-con-micro-y-base-de-carga","status":"publish","type":"product","link":"https:\/\/aivlisoft.net\/shop\/producto\/ngs-aur-buzzblab-con-micro-y-base-de-carga\/","title":{"rendered":"NGS Aur. BUZZBLAB con micro y base de carga"},"content":{"rendered":"<p>Auricular inal&aacute;mbrico monoaural con micr&oacute;fono articulable de giro regulable hasta 270&ordm;. Ofrece un sonido excelente, claro y rico para llamadas, m&uacute;sica y multimedia.<br \/>La duraci&oacute;n de la bater&iacute;a de 300 mAh con un uso continuado es de hasta 16h, pudiendo utilizarlo durante largas jornadas de trabajo.<br \/>Dispone de una base de carga que permite que el auricular est&eacute; siempre listo para funcionar.<\/p>\n<p>Equipado con una diadema ligera de metal ajustable y una almohadilla suave para una mayor durabilidad y comodidad. El auricular se puede colocar indistintamente en ambos o&iacute;dos.<br \/>El agarre a la oreja que no dispone de auricular, est&aacute; fabricado en goma de una calidad superior para un uso agradable y no ejerce presi&oacute;n.<br \/>Micr&oacute;fono con tecnolog&iacute;a ENC y patr&oacute;n omnidireccional, para una captaci&oacute;n de la voz excelente y directa.<\/p>\n<p>El modo ENC se activa autom&aacute;ticamente cuando est&aacute;s en una llamada para que el receptor no tenga problemas en entenderte por el ruido ambiente.<br \/>La tecnolog&iacute;a ENC, genera un sonido equivalente pero opuesto al ruido ambiente, reduci&eacute;ndolo para que tu interlocutor te escuche con total nitidez.<br \/>Gracias a su tecnolog&iacute;a multidispositivo, podr&aacute;s emparejarlo al mismo tiempo con tu dispositivo m&oacute;vil y ordenador, para no perder ni una sola llamada, ni de voz ni de video.<\/p>\n<p>Cuenta con botones de uso sencillo en el propio auricular, desde los cuales se puede controlar el volumen, coger o rechazar llamadas.<br \/>Cable USB-C que garantiza una carga m&aacute;s r&aacute;pida a trav&eacute;s de la propia base de carga.<\/p>\n<table class=\"tabla_caracteristicas\" width=\"100%\">\n<tr>\n<td valign=\"top\"><strong>Marca<\/strong><\/td>\n<td>NGS<\/td>\n<\/tr>\n<tr>\n<td valign=\"top\"><strong>Modelo<\/strong><\/td>\n<td><strong>BUZZBLAB<\/strong><\/td>\n<\/tr>\n<tr>\n<td valign=\"top\"><strong>Caracter&iacute;sticas<\/strong><\/td>\n<td>&#8211; Bluetooth: V 5.0<br \/>\t\t\t&#8211; Multidispositivo<br \/>\t\t\t&#8211; Duraci&oacute;n: 16h<br \/>\t\t\t&#8211; Capacidad de bater&iacute;a: 300mAh<br \/>\t\t\t&#8211; Control de volumen + bot&oacute;n multifunci&oacute;n<br \/>\t\t\t&#8211; Micr&oacute;fono omnidireccional<br \/>\t\t\t&#8211; Cable de carga: USB-C<br \/>\t\t\t&#8211; Resistencia: 32 Ohms<br \/>\t\t\t&#8211; Sensibilidad del micr&oacute;fono: 34dB&plusmn;3<br \/>\t\t\t&#8211; Sensibilidad del altavoz: 121dB&plusmn;3<\/td>\n<\/tr>\n<tr>\n<td valign=\"top\"><strong>Fecha de revisi&oacute;n<\/strong><\/td>\n<td>18-05-2022 por MPM<\/td>\n<\/tr>\n<\/table>\n","protected":false},"excerpt":{"rendered":"<p>Auricular inal&aacute;mbrico monoaural con micr&oacute;fono articulable de giro regulable hasta 270&ordm;. Ofrece un sonido excelente, claro y rico para llamadas, m&uacute;sica y multimedia.La duraci&oacute;n de la bater&iacute;a de 300 mAh con un uso continuado es de hasta 16h, pudiendo utilizarlo durante largas jornadas de trabajo.Dispone de una base de carga que permite que el auricular&hellip;&nbsp;<a href=\"https:\/\/aivlisoft.net\/shop\/producto\/ngs-aur-buzzblab-con-micro-y-base-de-carga\/\" rel=\"bookmark\"><span class=\"screen-reader-text\">NGS Aur. BUZZBLAB con micro y base de carga<\/span><\/a><\/p>\n","protected":false},"featured_media":15715,"template":"","meta":{"neve_meta_sidebar":"","neve_meta_container":"","neve_meta_enable_content_width":"","neve_meta_content_width":0,"neve_meta_title_alignment":"","neve_meta_author_avatar":"","neve_post_elements_order":"","neve_meta_disable_header":"","neve_meta_disable_footer":"","neve_meta_disable_title":""},"product_brand":[],"product_cat":[15,790,957,5818],"product_tag":[5932],"class_list":{"0":"post-15714","1":"product","2":"type-product","3":"status-publish","4":"has-post-thumbnail","6":"product_cat-sin-categorizar","7":"product_cat-accesorios-gaming","8":"product_cat-accesorios-imagen-y-sonido","9":"product_cat-audio","10":"product_tag-buzzblab","12":"first","13":"instock","14":"taxable","15":"shipping-taxable","16":"purchasable","17":"product-type-simple"},"yoast_head":"<!-- This site is optimized with the Yoast SEO plugin v26.0 - https:\/\/yoast.com\/wordpress\/plugins\/seo\/ -->\n<title>NGS Aur. BUZZBLAB con micro y base de carga - Aivlisoft Inform\u00e1tica<\/title>\n<meta name=\"robots\" content=\"index, follow, max-snippet:-1, max-image-preview:large, max-video-preview:-1\" \/>\n<link rel=\"canonical\" href=\"https:\/\/aivlisoft.net\/shop\/producto\/ngs-aur-buzzblab-con-micro-y-base-de-carga\/\" \/>\n<meta property=\"og:locale\" content=\"es_ES\" \/>\n<meta property=\"og:type\" content=\"article\" \/>\n<meta property=\"og:title\" content=\"NGS Aur. BUZZBLAB con micro y base de carga - Aivlisoft Inform\u00e1tica\" \/>\n<meta property=\"og:description\" content=\"Auricular inal&aacute;mbrico monoaural con micr&oacute;fono articulable de giro regulable hasta 270&ordm;. Ofrece un sonido excelente, claro y rico para llamadas, m&uacute;sica y multimedia.La duraci&oacute;n de la bater&iacute;a de 300 mAh con un uso continuado es de hasta 16h, pudiendo utilizarlo durante largas jornadas de trabajo.Dispone de una base de carga que permite que el auricular&hellip;&nbsp;NGS Aur. BUZZBLAB con micro y base de carga\" \/>\n<meta property=\"og:url\" content=\"https:\/\/aivlisoft.net\/shop\/producto\/ngs-aur-buzzblab-con-micro-y-base-de-carga\/\" \/>\n<meta property=\"og:site_name\" content=\"Aivlisoft Inform\u00e1tica\" \/>\n<meta property=\"article:modified_time\" content=\"2025-01-14T21:09:18+00:00\" \/>\n<meta property=\"og:image\" content=\"https:\/\/aivlisoft.net\/shop\/wp-content\/uploads\/2025\/01\/MAUAMI0981_800.jpg\" \/>\n\t<meta property=\"og:image:width\" content=\"800\" \/>\n\t<meta property=\"og:image:height\" content=\"800\" \/>\n\t<meta property=\"og:image:type\" content=\"image\/jpeg\" \/>\n<meta name=\"twitter:card\" content=\"summary_large_image\" \/>\n<meta name=\"twitter:label1\" content=\"Tiempo de lectura\" \/>\n\t<meta name=\"twitter:data1\" content=\"2 minutos\" \/>\n<script type=\"application\/ld+json\" class=\"yoast-schema-graph\">{\"@context\":\"https:\/\/schema.org\",\"@graph\":[{\"@type\":\"WebPage\",\"@id\":\"https:\/\/aivlisoft.net\/shop\/producto\/ngs-aur-buzzblab-con-micro-y-base-de-carga\/\",\"url\":\"https:\/\/aivlisoft.net\/shop\/producto\/ngs-aur-buzzblab-con-micro-y-base-de-carga\/\",\"name\":\"NGS Aur. BUZZBLAB con micro y base de carga - Aivlisoft Inform\u00e1tica\",\"isPartOf\":{\"@id\":\"https:\/\/aivlisoft.net\/shop\/#website\"},\"primaryImageOfPage\":{\"@id\":\"https:\/\/aivlisoft.net\/shop\/producto\/ngs-aur-buzzblab-con-micro-y-base-de-carga\/#primaryimage\"},\"image\":{\"@id\":\"https:\/\/aivlisoft.net\/shop\/producto\/ngs-aur-buzzblab-con-micro-y-base-de-carga\/#primaryimage\"},\"thumbnailUrl\":\"https:\/\/aivlisoft.net\/shop\/wp-content\/uploads\/2025\/01\/MAUAMI0981_800.jpg\",\"datePublished\":\"2025-01-13T14:55:51+00:00\",\"dateModified\":\"2025-01-14T21:09:18+00:00\",\"breadcrumb\":{\"@id\":\"https:\/\/aivlisoft.net\/shop\/producto\/ngs-aur-buzzblab-con-micro-y-base-de-carga\/#breadcrumb\"},\"inLanguage\":\"es\",\"potentialAction\":[{\"@type\":\"ReadAction\",\"target\":[\"https:\/\/aivlisoft.net\/shop\/producto\/ngs-aur-buzzblab-con-micro-y-base-de-carga\/\"]}]},{\"@type\":\"ImageObject\",\"inLanguage\":\"es\",\"@id\":\"https:\/\/aivlisoft.net\/shop\/producto\/ngs-aur-buzzblab-con-micro-y-base-de-carga\/#primaryimage\",\"url\":\"https:\/\/aivlisoft.net\/shop\/wp-content\/uploads\/2025\/01\/MAUAMI0981_800.jpg\",\"contentUrl\":\"https:\/\/aivlisoft.net\/shop\/wp-content\/uploads\/2025\/01\/MAUAMI0981_800.jpg\",\"width\":800,\"height\":800},{\"@type\":\"BreadcrumbList\",\"@id\":\"https:\/\/aivlisoft.net\/shop\/producto\/ngs-aur-buzzblab-con-micro-y-base-de-carga\/#breadcrumb\",\"itemListElement\":[{\"@type\":\"ListItem\",\"position\":1,\"name\":\"Portada\",\"item\":\"https:\/\/aivlisoft.net\/shop\/\"},{\"@type\":\"ListItem\",\"position\":2,\"name\":\"Tienda\",\"item\":\"https:\/\/aivlisoft.net\/shop\/tienda\/\"},{\"@type\":\"ListItem\",\"position\":3,\"name\":\"NGS Aur. BUZZBLAB con micro y base de carga\"}]},{\"@type\":\"WebSite\",\"@id\":\"https:\/\/aivlisoft.net\/shop\/#website\",\"url\":\"https:\/\/aivlisoft.net\/shop\/\",\"name\":\"Aivlisoft Inform\u00e1tica\",\"description\":\"En Aivlisoft Inform\u00e1tica ofrecemos soluciones tecnol\u00f3gicas para empresas: venta de ordenadores, consumibles, perif\u00e9ricos y m\u00e1s. Calidad, atenci\u00f3n personalizada y los mejores precios para tu negocio.\",\"publisher\":{\"@id\":\"https:\/\/aivlisoft.net\/shop\/#organization\"},\"potentialAction\":[{\"@type\":\"SearchAction\",\"target\":{\"@type\":\"EntryPoint\",\"urlTemplate\":\"https:\/\/aivlisoft.net\/shop\/?s={search_term_string}\"},\"query-input\":{\"@type\":\"PropertyValueSpecification\",\"valueRequired\":true,\"valueName\":\"search_term_string\"}}],\"inLanguage\":\"es\"},{\"@type\":\"Organization\",\"@id\":\"https:\/\/aivlisoft.net\/shop\/#organization\",\"name\":\"Aivlisoft Inform\u00e1tica\",\"url\":\"https:\/\/aivlisoft.net\/shop\/\",\"logo\":{\"@type\":\"ImageObject\",\"inLanguage\":\"es\",\"@id\":\"https:\/\/aivlisoft.net\/shop\/#\/schema\/logo\/image\/\",\"url\":\"https:\/\/aivlisoft.net\/shop\/wp-content\/uploads\/2024\/12\/removal.ai_5b848c54-0cdf-4140-95c5-c5536bb7573b-logodef.png\",\"contentUrl\":\"https:\/\/aivlisoft.net\/shop\/wp-content\/uploads\/2024\/12\/removal.ai_5b848c54-0cdf-4140-95c5-c5536bb7573b-logodef.png\",\"width\":484,\"height\":182,\"caption\":\"Aivlisoft Inform\u00e1tica\"},\"image\":{\"@id\":\"https:\/\/aivlisoft.net\/shop\/#\/schema\/logo\/image\/\"}}]}<\/script>\n<!-- \/ Yoast SEO plugin. -->","yoast_head_json":{"title":"NGS Aur. BUZZBLAB con micro y base de carga - Aivlisoft Inform\u00e1tica","robots":{"index":"index","follow":"follow","max-snippet":"max-snippet:-1","max-image-preview":"max-image-preview:large","max-video-preview":"max-video-preview:-1"},"canonical":"https:\/\/aivlisoft.net\/shop\/producto\/ngs-aur-buzzblab-con-micro-y-base-de-carga\/","og_locale":"es_ES","og_type":"article","og_title":"NGS Aur. BUZZBLAB con micro y base de carga - Aivlisoft Inform\u00e1tica","og_description":"Auricular inal&aacute;mbrico monoaural con micr&oacute;fono articulable de giro regulable hasta 270&ordm;. Ofrece un sonido excelente, claro y rico para llamadas, m&uacute;sica y multimedia.La duraci&oacute;n de la bater&iacute;a de 300 mAh con un uso continuado es de hasta 16h, pudiendo utilizarlo durante largas jornadas de trabajo.Dispone de una base de carga que permite que el auricular&hellip;&nbsp;NGS Aur. BUZZBLAB con micro y base de carga","og_url":"https:\/\/aivlisoft.net\/shop\/producto\/ngs-aur-buzzblab-con-micro-y-base-de-carga\/","og_site_name":"Aivlisoft Inform\u00e1tica","article_modified_time":"2025-01-14T21:09:18+00:00","og_image":[{"width":800,"height":800,"url":"https:\/\/aivlisoft.net\/shop\/wp-content\/uploads\/2025\/01\/MAUAMI0981_800.jpg","type":"image\/jpeg"}],"twitter_card":"summary_large_image","twitter_misc":{"Tiempo de lectura":"2 minutos"},"schema":{"@context":"https:\/\/schema.org","@graph":[{"@type":"WebPage","@id":"https:\/\/aivlisoft.net\/shop\/producto\/ngs-aur-buzzblab-con-micro-y-base-de-carga\/","url":"https:\/\/aivlisoft.net\/shop\/producto\/ngs-aur-buzzblab-con-micro-y-base-de-carga\/","name":"NGS Aur. BUZZBLAB con micro y base de carga - Aivlisoft Inform\u00e1tica","isPartOf":{"@id":"https:\/\/aivlisoft.net\/shop\/#website"},"primaryImageOfPage":{"@id":"https:\/\/aivlisoft.net\/shop\/producto\/ngs-aur-buzzblab-con-micro-y-base-de-carga\/#primaryimage"},"image":{"@id":"https:\/\/aivlisoft.net\/shop\/producto\/ngs-aur-buzzblab-con-micro-y-base-de-carga\/#primaryimage"},"thumbnailUrl":"https:\/\/aivlisoft.net\/shop\/wp-content\/uploads\/2025\/01\/MAUAMI0981_800.jpg","datePublished":"2025-01-13T14:55:51+00:00","dateModified":"2025-01-14T21:09:18+00:00","breadcrumb":{"@id":"https:\/\/aivlisoft.net\/shop\/producto\/ngs-aur-buzzblab-con-micro-y-base-de-carga\/#breadcrumb"},"inLanguage":"es","potentialAction":[{"@type":"ReadAction","target":["https:\/\/aivlisoft.net\/shop\/producto\/ngs-aur-buzzblab-con-micro-y-base-de-carga\/"]}]},{"@type":"ImageObject","inLanguage":"es","@id":"https:\/\/aivlisoft.net\/shop\/producto\/ngs-aur-buzzblab-con-micro-y-base-de-carga\/#primaryimage","url":"https:\/\/aivlisoft.net\/shop\/wp-content\/uploads\/2025\/01\/MAUAMI0981_800.jpg","contentUrl":"https:\/\/aivlisoft.net\/shop\/wp-content\/uploads\/2025\/01\/MAUAMI0981_800.jpg","width":800,"height":800},{"@type":"BreadcrumbList","@id":"https:\/\/aivlisoft.net\/shop\/producto\/ngs-aur-buzzblab-con-micro-y-base-de-carga\/#breadcrumb","itemListElement":[{"@type":"ListItem","position":1,"name":"Portada","item":"https:\/\/aivlisoft.net\/shop\/"},{"@type":"ListItem","position":2,"name":"Tienda","item":"https:\/\/aivlisoft.net\/shop\/tienda\/"},{"@type":"ListItem","position":3,"name":"NGS Aur. BUZZBLAB con micro y base de carga"}]},{"@type":"WebSite","@id":"https:\/\/aivlisoft.net\/shop\/#website","url":"https:\/\/aivlisoft.net\/shop\/","name":"Aivlisoft Inform\u00e1tica","description":"En Aivlisoft Inform\u00e1tica ofrecemos soluciones tecnol\u00f3gicas para empresas: venta de ordenadores, consumibles, perif\u00e9ricos y m\u00e1s. Calidad, atenci\u00f3n personalizada y los mejores precios para tu negocio.","publisher":{"@id":"https:\/\/aivlisoft.net\/shop\/#organization"},"potentialAction":[{"@type":"SearchAction","target":{"@type":"EntryPoint","urlTemplate":"https:\/\/aivlisoft.net\/shop\/?s={search_term_string}"},"query-input":{"@type":"PropertyValueSpecification","valueRequired":true,"valueName":"search_term_string"}}],"inLanguage":"es"},{"@type":"Organization","@id":"https:\/\/aivlisoft.net\/shop\/#organization","name":"Aivlisoft Inform\u00e1tica","url":"https:\/\/aivlisoft.net\/shop\/","logo":{"@type":"ImageObject","inLanguage":"es","@id":"https:\/\/aivlisoft.net\/shop\/#\/schema\/logo\/image\/","url":"https:\/\/aivlisoft.net\/shop\/wp-content\/uploads\/2024\/12\/removal.ai_5b848c54-0cdf-4140-95c5-c5536bb7573b-logodef.png","contentUrl":"https:\/\/aivlisoft.net\/shop\/wp-content\/uploads\/2024\/12\/removal.ai_5b848c54-0cdf-4140-95c5-c5536bb7573b-logodef.png","width":484,"height":182,"caption":"Aivlisoft Inform\u00e1tica"},"image":{"@id":"https:\/\/aivlisoft.net\/shop\/#\/schema\/logo\/image\/"}}]}},"_links":{"self":[{"href":"https:\/\/aivlisoft.net\/shop\/wp-json\/wp\/v2\/product\/15714","targetHints":{"allow":["GET"]}}],"collection":[{"href":"https:\/\/aivlisoft.net\/shop\/wp-json\/wp\/v2\/product"}],"about":[{"href":"https:\/\/aivlisoft.net\/shop\/wp-json\/wp\/v2\/types\/product"}],"wp:featuredmedia":[{"embeddable":true,"href":"https:\/\/aivlisoft.net\/shop\/wp-json\/wp\/v2\/media\/15715"}],"wp:attachment":[{"href":"https:\/\/aivlisoft.net\/shop\/wp-json\/wp\/v2\/media?parent=15714"}],"wp:term":[{"taxonomy":"product_brand","embeddable":true,"href":"https:\/\/aivlisoft.net\/shop\/wp-json\/wp\/v2\/product_brand?post=15714"},{"taxonomy":"product_cat","embeddable":true,"href":"https:\/\/aivlisoft.net\/shop\/wp-json\/wp\/v2\/product_cat?post=15714"},{"taxonomy":"product_tag","embeddable":true,"href":"https:\/\/aivlisoft.net\/shop\/wp-json\/wp\/v2\/product_tag?post=15714"}],"curies":[{"name":"wp","href":"https:\/\/api.w.org\/{rel}","templated":true}]}}