{"id":15709,"date":"2025-01-13T14:55:46","date_gmt":"2025-01-13T14:55:46","guid":{"rendered":"https:\/\/aivlisoft.com\/?post_type=product&#038;p=15709"},"modified":"2025-01-14T21:09:18","modified_gmt":"2025-01-14T21:09:18","slug":"spc-auriculares-zion-studio-4620b-cancelacion-ruid","status":"publish","type":"product","link":"https:\/\/aivlisoft.net\/shop\/producto\/spc-auriculares-zion-studio-4620b-cancelacion-ruid\/","title":{"rendered":"SPC Auriculares Zion Studio 4620B cancelacion ruid"},"content":{"rendered":"<p><strong>Elegantes, ultracompactos y&hellip; directos al o&iacute;do<\/strong><br \/>M&aacute;s peque&ntilde;os y m&aacute;s cortos. Sin&oacute;nimo de m&aacute;s discretos y m&aacute;s c&oacute;modos. Su elegante dise&ntilde;o con ajuste ergon&oacute;mico llevar&aacute; aquello que quieres o&iacute;r directamente a tus o&iacute;dos.<br \/>&nbsp;<br \/><strong>Que el sonido llegue a tiempo no es ning&uacute;n juego<\/strong><br \/>Activa el &#39;Modo Juego&#39; pulsando 3 veces sobre cualquiera de los auriculares y disfruta de una mejor correlaci&oacute;n temporal entre lo que pasa en el juego y lo que escuchas. &iexcl;Disfruta de una experiencia m&aacute;s aut&eacute;ntica!<br \/>&nbsp;<br \/><strong>Las calles quedan silenciadas<\/strong><br \/>Atiende esa llamada importante est&eacute;s donde est&eacute;s sin justificarte ni disculparte por la calidad de la llamada.<br \/>La tecnolog&iacute;a ENC integrada reduce el ruido ambiental autom&aacute;ticamente en las llamadas para que ambos interlocutores os escuch&eacute;is con nitidez.<br \/>Tambi&eacute;n se activa autom&aacute;ticamente cuando hablas con el asistente de voz, para que tus &oacute;rdenes sean bien escuchadas y atendidas.<br \/>&nbsp;<br \/><strong>Controla tu playlist con un solo toque<\/strong><br \/>Pausa y reanuda la m&uacute;sica cuando quieras, pasa a la siguiente canci&oacute;n o vuelve a escuchar ese temazo sin sacar el m&oacute;vil del bolsillo.<br \/>El control t&aacute;ctil te permite controlar tu playlist, y gestionar tambi&eacute;n las llamadas. Podr&aacute;s atenderlas, colgarlas o rechazarlas con total comodidad.<br \/>&nbsp;<br \/><strong>Resistentes a salpicaduras<\/strong><br \/>Su protecci&oacute;n IPX4 les convierte en el compa&ntilde;ero que esperas incluso para un d&iacute;a lluvioso o un entrenamiento intenso. Ni unas salpicaduras de agua ni el sudor podr&aacute;n pararles.<br \/>&nbsp;<br \/><strong>Larga vida a tu m&uacute;sica favorita<\/strong><br \/>Los SPC ZION STUDIO ofrecen hasta 20 horas de reproducci&oacute;n de audio con varias cargas en el estuche.<br \/>Y si eres de los que siempre tienen prisa, disfruta de una hora y 10 minutos de m&uacute;sica a cambio de una carga express de 15 minutos. No esta nada mal, &iquest;no?<\/p>\n<table class=\"tabla_caracteristicas\" width=\"100%\">\n<tr>\n<td valign=\"top\"><strong>Marca<\/strong><\/td>\n<td>SPC<\/td>\n<\/tr>\n<tr>\n<td valign=\"top\"><strong>Modelo<\/strong><\/td>\n<td><strong>4620B<\/strong><\/td>\n<\/tr>\n<tr>\n<td valign=\"top\"><strong>Caracter&iacute;sticas<\/strong><\/td>\n<td>&#8211; Bluetooth 5.2<br \/>\t\t\t&#8211; Perfiles: HFP, A2DP, AVRCP<br \/>\t\t\t&#8211; Manos libres<br \/>\t\t\t&#8211; Asistente de voz<br \/>\t\t\t&#8211; Sincronizaci&oacute;n autom&aacute;tica<br \/>\t\t\t&#8211; Control t&aacute;ctil<br \/>\t\t\t&#8211; IPX4<br \/>\t\t\t&#8211; Alcance m&aacute;ximo 10m.<br \/>\t\t\t<strong>Bater&iacute;a y carga<\/strong><br \/>\t\t\t&#8211; Hasta 20 h de reproducci&oacute;n de audio con varias cargas en el estuche<br \/>\t\t\t&#8211; Hasta 5 h 30 minutos de reproducci&oacute;n de audio con una carga<br \/>\t\t\t&#8211; Sobre 1 h 10 minutos de reproducci&oacute;n de audio con 15 minutos de carga<br \/>\t\t\t&#8211; Bater&iacute;a 300mAh.<br \/>\t\t\t<strong>Dimensiones y peso<\/strong><br \/>\t\t\t&#8211; Base cargadora: 45 x 22.41 x 45.71 mm<br \/>\t\t\t&#8211; Peso (sin auriculares): 24 g<br \/>\t\t\t&#8211; Auriculares: 29.65 x 17.52 x 18.4 mm (cada uno)<br \/>\t\t\t&#8211; Peso (ambos): 3,2 g<br \/>\t\t\t<strong>Contenido<\/strong><br \/>\t\t\t&#8211; Auriculares SPC ZION STUDIO<br \/>\t\t\t&#8211; Estuche de carga<br \/>\t\t\t&#8211; Cable USB-C de carga<br \/>\t\t\t&#8211; Gu&iacute;a r&aacute;pida.<\/td>\n<\/tr>\n<tr>\n<td valign=\"top\"><strong>Fecha de revisi&oacute;n<\/strong><\/td>\n<td>02-06-2022 por MPM<\/td>\n<\/tr>\n<\/table>\n","protected":false},"excerpt":{"rendered":"<p>Elegantes, ultracompactos y&hellip; directos al o&iacute;doM&aacute;s peque&ntilde;os y m&aacute;s cortos. Sin&oacute;nimo de m&aacute;s discretos y m&aacute;s c&oacute;modos. Su elegante dise&ntilde;o con ajuste ergon&oacute;mico llevar&aacute; aquello que quieres o&iacute;r directamente a tus o&iacute;dos.&nbsp;Que el sonido llegue a tiempo no es ning&uacute;n juegoActiva el &#39;Modo Juego&#39; pulsando 3 veces sobre cualquiera de los auriculares y disfruta de&hellip;&nbsp;<a href=\"https:\/\/aivlisoft.net\/shop\/producto\/spc-auriculares-zion-studio-4620b-cancelacion-ruid\/\" rel=\"bookmark\"><span class=\"screen-reader-text\">SPC Auriculares Zion Studio 4620B cancelacion ruid<\/span><\/a><\/p>\n","protected":false},"featured_media":15710,"template":"","meta":{"neve_meta_sidebar":"","neve_meta_container":"","neve_meta_enable_content_width":"","neve_meta_content_width":0,"neve_meta_title_alignment":"","neve_meta_author_avatar":"","neve_post_elements_order":"","neve_meta_disable_header":"","neve_meta_disable_footer":"","neve_meta_disable_title":""},"product_brand":[],"product_cat":[15,790,957,5818],"product_tag":[5931],"class_list":{"0":"post-15709","1":"product","2":"type-product","3":"status-publish","4":"has-post-thumbnail","6":"product_cat-sin-categorizar","7":"product_cat-accesorios-gaming","8":"product_cat-accesorios-imagen-y-sonido","9":"product_cat-audio","10":"product_tag-4620b","12":"first","13":"instock","14":"taxable","15":"shipping-taxable","16":"purchasable","17":"product-type-simple"},"yoast_head":"<!-- This site is optimized with the Yoast SEO plugin v26.0 - https:\/\/yoast.com\/wordpress\/plugins\/seo\/ -->\n<title>SPC Auriculares Zion Studio 4620B cancelacion ruid - Aivlisoft Inform\u00e1tica<\/title>\n<meta name=\"robots\" content=\"index, follow, max-snippet:-1, max-image-preview:large, max-video-preview:-1\" \/>\n<link rel=\"canonical\" href=\"https:\/\/aivlisoft.net\/shop\/producto\/spc-auriculares-zion-studio-4620b-cancelacion-ruid\/\" \/>\n<meta property=\"og:locale\" content=\"es_ES\" \/>\n<meta property=\"og:type\" content=\"article\" \/>\n<meta property=\"og:title\" content=\"SPC Auriculares Zion Studio 4620B cancelacion ruid - Aivlisoft Inform\u00e1tica\" \/>\n<meta property=\"og:description\" content=\"Elegantes, ultracompactos y&hellip; directos al o&iacute;doM&aacute;s peque&ntilde;os y m&aacute;s cortos. Sin&oacute;nimo de m&aacute;s discretos y m&aacute;s c&oacute;modos. Su elegante dise&ntilde;o con ajuste ergon&oacute;mico llevar&aacute; aquello que quieres o&iacute;r directamente a tus o&iacute;dos.&nbsp;Que el sonido llegue a tiempo no es ning&uacute;n juegoActiva el &#039;Modo Juego&#039; pulsando 3 veces sobre cualquiera de los auriculares y disfruta de&hellip;&nbsp;SPC Auriculares Zion Studio 4620B cancelacion ruid\" \/>\n<meta property=\"og:url\" content=\"https:\/\/aivlisoft.net\/shop\/producto\/spc-auriculares-zion-studio-4620b-cancelacion-ruid\/\" \/>\n<meta property=\"og:site_name\" content=\"Aivlisoft Inform\u00e1tica\" \/>\n<meta property=\"article:modified_time\" content=\"2025-01-14T21:09:18+00:00\" \/>\n<meta property=\"og:image\" content=\"https:\/\/aivlisoft.net\/shop\/wp-content\/uploads\/2025\/01\/MAUAMI0980_800.jpg\" \/>\n\t<meta property=\"og:image:width\" content=\"800\" \/>\n\t<meta property=\"og:image:height\" content=\"800\" \/>\n\t<meta property=\"og:image:type\" content=\"image\/jpeg\" \/>\n<meta name=\"twitter:card\" content=\"summary_large_image\" \/>\n<meta name=\"twitter:label1\" content=\"Tiempo de lectura\" \/>\n\t<meta name=\"twitter:data1\" content=\"3 minutos\" \/>\n<script type=\"application\/ld+json\" class=\"yoast-schema-graph\">{\"@context\":\"https:\/\/schema.org\",\"@graph\":[{\"@type\":\"WebPage\",\"@id\":\"https:\/\/aivlisoft.net\/shop\/producto\/spc-auriculares-zion-studio-4620b-cancelacion-ruid\/\",\"url\":\"https:\/\/aivlisoft.net\/shop\/producto\/spc-auriculares-zion-studio-4620b-cancelacion-ruid\/\",\"name\":\"SPC Auriculares Zion Studio 4620B cancelacion ruid - Aivlisoft Inform\u00e1tica\",\"isPartOf\":{\"@id\":\"https:\/\/aivlisoft.net\/shop\/#website\"},\"primaryImageOfPage\":{\"@id\":\"https:\/\/aivlisoft.net\/shop\/producto\/spc-auriculares-zion-studio-4620b-cancelacion-ruid\/#primaryimage\"},\"image\":{\"@id\":\"https:\/\/aivlisoft.net\/shop\/producto\/spc-auriculares-zion-studio-4620b-cancelacion-ruid\/#primaryimage\"},\"thumbnailUrl\":\"https:\/\/aivlisoft.net\/shop\/wp-content\/uploads\/2025\/01\/MAUAMI0980_800.jpg\",\"datePublished\":\"2025-01-13T14:55:46+00:00\",\"dateModified\":\"2025-01-14T21:09:18+00:00\",\"breadcrumb\":{\"@id\":\"https:\/\/aivlisoft.net\/shop\/producto\/spc-auriculares-zion-studio-4620b-cancelacion-ruid\/#breadcrumb\"},\"inLanguage\":\"es\",\"potentialAction\":[{\"@type\":\"ReadAction\",\"target\":[\"https:\/\/aivlisoft.net\/shop\/producto\/spc-auriculares-zion-studio-4620b-cancelacion-ruid\/\"]}]},{\"@type\":\"ImageObject\",\"inLanguage\":\"es\",\"@id\":\"https:\/\/aivlisoft.net\/shop\/producto\/spc-auriculares-zion-studio-4620b-cancelacion-ruid\/#primaryimage\",\"url\":\"https:\/\/aivlisoft.net\/shop\/wp-content\/uploads\/2025\/01\/MAUAMI0980_800.jpg\",\"contentUrl\":\"https:\/\/aivlisoft.net\/shop\/wp-content\/uploads\/2025\/01\/MAUAMI0980_800.jpg\",\"width\":800,\"height\":800},{\"@type\":\"BreadcrumbList\",\"@id\":\"https:\/\/aivlisoft.net\/shop\/producto\/spc-auriculares-zion-studio-4620b-cancelacion-ruid\/#breadcrumb\",\"itemListElement\":[{\"@type\":\"ListItem\",\"position\":1,\"name\":\"Portada\",\"item\":\"https:\/\/aivlisoft.net\/shop\/\"},{\"@type\":\"ListItem\",\"position\":2,\"name\":\"Tienda\",\"item\":\"https:\/\/aivlisoft.net\/shop\/tienda\/\"},{\"@type\":\"ListItem\",\"position\":3,\"name\":\"SPC Auriculares Zion Studio 4620B cancelacion ruid\"}]},{\"@type\":\"WebSite\",\"@id\":\"https:\/\/aivlisoft.net\/shop\/#website\",\"url\":\"https:\/\/aivlisoft.net\/shop\/\",\"name\":\"Aivlisoft Inform\u00e1tica\",\"description\":\"En Aivlisoft Inform\u00e1tica ofrecemos soluciones tecnol\u00f3gicas para empresas: venta de ordenadores, consumibles, perif\u00e9ricos y m\u00e1s. Calidad, atenci\u00f3n personalizada y los mejores precios para tu negocio.\",\"publisher\":{\"@id\":\"https:\/\/aivlisoft.net\/shop\/#organization\"},\"potentialAction\":[{\"@type\":\"SearchAction\",\"target\":{\"@type\":\"EntryPoint\",\"urlTemplate\":\"https:\/\/aivlisoft.net\/shop\/?s={search_term_string}\"},\"query-input\":{\"@type\":\"PropertyValueSpecification\",\"valueRequired\":true,\"valueName\":\"search_term_string\"}}],\"inLanguage\":\"es\"},{\"@type\":\"Organization\",\"@id\":\"https:\/\/aivlisoft.net\/shop\/#organization\",\"name\":\"Aivlisoft Inform\u00e1tica\",\"url\":\"https:\/\/aivlisoft.net\/shop\/\",\"logo\":{\"@type\":\"ImageObject\",\"inLanguage\":\"es\",\"@id\":\"https:\/\/aivlisoft.net\/shop\/#\/schema\/logo\/image\/\",\"url\":\"https:\/\/aivlisoft.net\/shop\/wp-content\/uploads\/2024\/12\/removal.ai_5b848c54-0cdf-4140-95c5-c5536bb7573b-logodef.png\",\"contentUrl\":\"https:\/\/aivlisoft.net\/shop\/wp-content\/uploads\/2024\/12\/removal.ai_5b848c54-0cdf-4140-95c5-c5536bb7573b-logodef.png\",\"width\":484,\"height\":182,\"caption\":\"Aivlisoft Inform\u00e1tica\"},\"image\":{\"@id\":\"https:\/\/aivlisoft.net\/shop\/#\/schema\/logo\/image\/\"}}]}<\/script>\n<!-- \/ Yoast SEO plugin. -->","yoast_head_json":{"title":"SPC Auriculares Zion Studio 4620B cancelacion ruid - Aivlisoft Inform\u00e1tica","robots":{"index":"index","follow":"follow","max-snippet":"max-snippet:-1","max-image-preview":"max-image-preview:large","max-video-preview":"max-video-preview:-1"},"canonical":"https:\/\/aivlisoft.net\/shop\/producto\/spc-auriculares-zion-studio-4620b-cancelacion-ruid\/","og_locale":"es_ES","og_type":"article","og_title":"SPC Auriculares Zion Studio 4620B cancelacion ruid - Aivlisoft Inform\u00e1tica","og_description":"Elegantes, ultracompactos y&hellip; directos al o&iacute;doM&aacute;s peque&ntilde;os y m&aacute;s cortos. Sin&oacute;nimo de m&aacute;s discretos y m&aacute;s c&oacute;modos. Su elegante dise&ntilde;o con ajuste ergon&oacute;mico llevar&aacute; aquello que quieres o&iacute;r directamente a tus o&iacute;dos.&nbsp;Que el sonido llegue a tiempo no es ning&uacute;n juegoActiva el &#39;Modo Juego&#39; pulsando 3 veces sobre cualquiera de los auriculares y disfruta de&hellip;&nbsp;SPC Auriculares Zion Studio 4620B cancelacion ruid","og_url":"https:\/\/aivlisoft.net\/shop\/producto\/spc-auriculares-zion-studio-4620b-cancelacion-ruid\/","og_site_name":"Aivlisoft Inform\u00e1tica","article_modified_time":"2025-01-14T21:09:18+00:00","og_image":[{"width":800,"height":800,"url":"https:\/\/aivlisoft.net\/shop\/wp-content\/uploads\/2025\/01\/MAUAMI0980_800.jpg","type":"image\/jpeg"}],"twitter_card":"summary_large_image","twitter_misc":{"Tiempo de lectura":"3 minutos"},"schema":{"@context":"https:\/\/schema.org","@graph":[{"@type":"WebPage","@id":"https:\/\/aivlisoft.net\/shop\/producto\/spc-auriculares-zion-studio-4620b-cancelacion-ruid\/","url":"https:\/\/aivlisoft.net\/shop\/producto\/spc-auriculares-zion-studio-4620b-cancelacion-ruid\/","name":"SPC Auriculares Zion Studio 4620B cancelacion ruid - Aivlisoft Inform\u00e1tica","isPartOf":{"@id":"https:\/\/aivlisoft.net\/shop\/#website"},"primaryImageOfPage":{"@id":"https:\/\/aivlisoft.net\/shop\/producto\/spc-auriculares-zion-studio-4620b-cancelacion-ruid\/#primaryimage"},"image":{"@id":"https:\/\/aivlisoft.net\/shop\/producto\/spc-auriculares-zion-studio-4620b-cancelacion-ruid\/#primaryimage"},"thumbnailUrl":"https:\/\/aivlisoft.net\/shop\/wp-content\/uploads\/2025\/01\/MAUAMI0980_800.jpg","datePublished":"2025-01-13T14:55:46+00:00","dateModified":"2025-01-14T21:09:18+00:00","breadcrumb":{"@id":"https:\/\/aivlisoft.net\/shop\/producto\/spc-auriculares-zion-studio-4620b-cancelacion-ruid\/#breadcrumb"},"inLanguage":"es","potentialAction":[{"@type":"ReadAction","target":["https:\/\/aivlisoft.net\/shop\/producto\/spc-auriculares-zion-studio-4620b-cancelacion-ruid\/"]}]},{"@type":"ImageObject","inLanguage":"es","@id":"https:\/\/aivlisoft.net\/shop\/producto\/spc-auriculares-zion-studio-4620b-cancelacion-ruid\/#primaryimage","url":"https:\/\/aivlisoft.net\/shop\/wp-content\/uploads\/2025\/01\/MAUAMI0980_800.jpg","contentUrl":"https:\/\/aivlisoft.net\/shop\/wp-content\/uploads\/2025\/01\/MAUAMI0980_800.jpg","width":800,"height":800},{"@type":"BreadcrumbList","@id":"https:\/\/aivlisoft.net\/shop\/producto\/spc-auriculares-zion-studio-4620b-cancelacion-ruid\/#breadcrumb","itemListElement":[{"@type":"ListItem","position":1,"name":"Portada","item":"https:\/\/aivlisoft.net\/shop\/"},{"@type":"ListItem","position":2,"name":"Tienda","item":"https:\/\/aivlisoft.net\/shop\/tienda\/"},{"@type":"ListItem","position":3,"name":"SPC Auriculares Zion Studio 4620B cancelacion ruid"}]},{"@type":"WebSite","@id":"https:\/\/aivlisoft.net\/shop\/#website","url":"https:\/\/aivlisoft.net\/shop\/","name":"Aivlisoft Inform\u00e1tica","description":"En Aivlisoft Inform\u00e1tica ofrecemos soluciones tecnol\u00f3gicas para empresas: venta de ordenadores, consumibles, perif\u00e9ricos y m\u00e1s. Calidad, atenci\u00f3n personalizada y los mejores precios para tu negocio.","publisher":{"@id":"https:\/\/aivlisoft.net\/shop\/#organization"},"potentialAction":[{"@type":"SearchAction","target":{"@type":"EntryPoint","urlTemplate":"https:\/\/aivlisoft.net\/shop\/?s={search_term_string}"},"query-input":{"@type":"PropertyValueSpecification","valueRequired":true,"valueName":"search_term_string"}}],"inLanguage":"es"},{"@type":"Organization","@id":"https:\/\/aivlisoft.net\/shop\/#organization","name":"Aivlisoft Inform\u00e1tica","url":"https:\/\/aivlisoft.net\/shop\/","logo":{"@type":"ImageObject","inLanguage":"es","@id":"https:\/\/aivlisoft.net\/shop\/#\/schema\/logo\/image\/","url":"https:\/\/aivlisoft.net\/shop\/wp-content\/uploads\/2024\/12\/removal.ai_5b848c54-0cdf-4140-95c5-c5536bb7573b-logodef.png","contentUrl":"https:\/\/aivlisoft.net\/shop\/wp-content\/uploads\/2024\/12\/removal.ai_5b848c54-0cdf-4140-95c5-c5536bb7573b-logodef.png","width":484,"height":182,"caption":"Aivlisoft Inform\u00e1tica"},"image":{"@id":"https:\/\/aivlisoft.net\/shop\/#\/schema\/logo\/image\/"}}]}},"_links":{"self":[{"href":"https:\/\/aivlisoft.net\/shop\/wp-json\/wp\/v2\/product\/15709","targetHints":{"allow":["GET"]}}],"collection":[{"href":"https:\/\/aivlisoft.net\/shop\/wp-json\/wp\/v2\/product"}],"about":[{"href":"https:\/\/aivlisoft.net\/shop\/wp-json\/wp\/v2\/types\/product"}],"wp:featuredmedia":[{"embeddable":true,"href":"https:\/\/aivlisoft.net\/shop\/wp-json\/wp\/v2\/media\/15710"}],"wp:attachment":[{"href":"https:\/\/aivlisoft.net\/shop\/wp-json\/wp\/v2\/media?parent=15709"}],"wp:term":[{"taxonomy":"product_brand","embeddable":true,"href":"https:\/\/aivlisoft.net\/shop\/wp-json\/wp\/v2\/product_brand?post=15709"},{"taxonomy":"product_cat","embeddable":true,"href":"https:\/\/aivlisoft.net\/shop\/wp-json\/wp\/v2\/product_cat?post=15709"},{"taxonomy":"product_tag","embeddable":true,"href":"https:\/\/aivlisoft.net\/shop\/wp-json\/wp\/v2\/product_tag?post=15709"}],"curies":[{"name":"wp","href":"https:\/\/api.w.org\/{rel}","templated":true}]}}