{"id":15699,"date":"2025-01-13T14:55:41","date_gmt":"2025-01-13T14:55:41","guid":{"rendered":"https:\/\/aivlisoft.com\/?post_type=product&#038;p=15699"},"modified":"2025-01-14T21:09:20","modified_gmt":"2025-01-14T21:09:20","slug":"logitech-auricular-zone-wireless-plus-bt","status":"publish","type":"product","link":"https:\/\/aivlisoft.net\/shop\/producto\/logitech-auricular-zone-wireless-plus-bt\/","title":{"rendered":"Logitech Auricular Zone  Wireless Plus BT"},"content":{"rendered":"<p><strong>Suba el nivel de cualquier espacio de trabajo<\/strong><br \/>Controle el entorno ac&uacute;stico con Zone Wireless, los auriculares con micr&oacute;fono Bluetooth dise&ntilde;ados para ayudarle a comunicarse, colaborar y concentrarse en espacios de trabajo ajetreados. Los auriculares Zone Wireless Plus ofrecen la posibilidad de conectar hasta seis perif&eacute;ricos inal&aacute;mbricos Logitech Unifying&trade; a trav&eacute;s de un &uacute;nico receptor.<\/p>\n<p><strong>Conc&eacute;ntrese. Mantenga la concentraci&oacute;n.<\/strong><br \/>Hoy en d&iacute;a puede ser dif&iacute;cil concentrarse mientras se trabaja desde casa. Con supresi&oacute;n activa de ruido que reduce el sonido ambiental no deseado, los auriculares Zone Wireless pueden ayudarle a concentrarse en la tarea que tiene entre manos y a hacer m&aacute;s cosas. Consid&eacute;relos como un portal personal a la serenidad ac&uacute;stica en medio de un mar de ruido que de otra manera distraer&iacute;a. El mismo espacio de trabajo, pero con una experiencia de sonido que usted controla.<\/p>\n<p><strong>Audio de gama alta para m&uacute;sica y llamadas<\/strong><br \/>Disfrute de sonido inmersivo al escuchar m&uacute;sica. Los ingenieros de sonido de Logitech llevan d&eacute;cadas optimizando el audio de los auriculares, y el resultado es la calidad de sonido de alta definici&oacute;n de la m&uacute;sica que escucha con Zone Wireless. Para chats telef&oacute;nicos y conferencias, el micr&oacute;fono con supresi&oacute;n de ruido a&iacute;sla su voz del ruido a su alrededor, para conversaciones m&aacute;s claras. Y un control de tono lateral ayuda a modular el volumen de la voz al nivel justo.<\/p>\n<p><strong>Controles sencillos. Facilidad de uso.<\/strong><br \/>Los auriculares Zone Wireless proporcionan una interfaz sencilla e intuitiva para ajustar el volumen, reproducir\/pausar m&uacute;sica1Caracter&iacute;stica no disponible en la versi&oacute;n Microsoft Teams. e iniciar\/finalizar llamadas. La varilla del micr&oacute;fono se puede voltear para silenciarlo, y diversos botones facilitan las funciones de encendido, supresi&oacute;n activa de ruido y emparejamiento inal&aacute;mbrico Bluetooth. Los auriculares Zone Wireless son compatibles con la carga r&aacute;pida inal&aacute;mbrica Qi2El cargador inal&aacute;mbrico Qi se vende por separado. e incluyen una aplicaci&oacute;n m&oacute;vil complementaria que permite una configuraci&oacute;n sencilla y un control f&aacute;cil de las funciones, como la modulaci&oacute;n del tono lateral y los preajustes de ecualizador.<\/p>\n<p><strong>Un receptor unifying + audio<\/strong><br \/>Use los auriculares Zone Wireless Plus con hasta otros seis productos inal&aacute;mbricos Logitech Unifying mediante el mismo receptor USB. Este &uacute;nico receptor se conecta a un puerto USB-A del ordenador y proporciona una conexi&oacute;n fiable hasta a 10 metros de distancia de ratones y teclados, y hasta a 30 metros de los auriculares. Al no tener necesidad de desconectar el receptor, nunca se pierde. Se acab&oacute; tener que elegir entre los auriculares, el rat&oacute;n u otros perif&eacute;ricos: ahora puede usarlos todos simult&aacute;neamente.<\/p>\n<p><strong>Ideal para los negocios<\/strong><br \/>Compatibilidad universal para funcionar con las principales aplicaciones de llamadas en pr&aacute;cticamente todas las plataformas y sistemas operativos. Las certificaciones empresariales incluyen Microsoft Teams&reg;, con certificaci&oacute;n para Google Meet&trade; y Voice&trade;, compatibilidad con controles de silencio integrados para Zoom&reg;, y funcionan con otras aplicaciones populares como Cisco Webex&reg;, BlueJeans y GoToMeeting&reg; para garantizar la compatibilidad y la perfecta integraci&oacute;n en el entorno de trabajo.<\/p>\n<table class=\"tabla_caracteristicas\" width=\"100%\">\n<tr>\n<td valign=\"top\"><strong>Marca<\/strong><\/td>\n<td>Logitech<\/td>\n<\/tr>\n<tr>\n<td valign=\"top\"><strong>Modelo<\/strong><\/td>\n<td><strong>981-000854<\/strong><\/td>\n<\/tr>\n<tr>\n<td valign=\"top\"><strong>Caracter&iacute;sticas<\/strong><\/td>\n<td><strong>Especificaciones t&eacute;cnicas<\/strong><br \/>\t\t\t&#8211; Micr&oacute;fono<br \/>\t\t\t&nbsp; Tipo: Matriz omnidireccional de dos micr&oacute;fonos MEMS<br \/>\t\t\t&nbsp; Respuesta de frecuencia: 85 ~ 20 kHz a -3 dB (frecuencia de micr&oacute;fono MEMS)<br \/>\t\t\t&#8211; Altavoces<br \/>\t\t\t&nbsp; Respuesta de frecuencia (modo m&uacute;sica): 30 ~ 13 kHz a -10 dB<br \/>\t\t\t&nbsp; Respuesta de frecuencia (modo de conversaci&oacute;n): 100 ~ 8 kHz seg&uacute;n TIA920<br \/>\t\t\t&nbsp; Cumplimiento de normativas de audio: Compatibilidad con EN 50332<br \/>\t\t\t&#8211; Bater&iacute;a<br \/>\t\t\t&nbsp; Bater&iacute;a integrada (ion litio)<br \/>\t\t\t&nbsp; Duraci&oacute;n de bater&iacute;a (tiempo en conversaci&oacute;n): 14 horas (ANC activada), 15 horas (ANC desactivada)<br \/>\t\t\t&nbsp; Duraci&oacute;n de bater&iacute;a (tiempo en escucha): 14 horas (ANC activada), 16 horas (ANC desactivada)<br \/>\t\t\t&#8211; Carga<br \/>\t\t\t&nbsp; Compatibilidad con carga inal&aacute;mbrica Qi 3El cargador inal&aacute;mbrico Qi se vende por separado.<br \/>\t\t\t&nbsp; Cable de carga USB-A a C: 130 cm 4Disponible s&oacute;lo para Zone Wireless.<br \/>\t\t\t&#8211; Sin cable<br \/>\t\t\t&nbsp; Versi&oacute;n de Bluetooth: 5.0<br \/>\t\t\t&nbsp; Radio de acci&oacute;n inal&aacute;mbrico: Hasta 30 m (l&iacute;nea de visi&oacute;n en campo abierto)<br \/>\t\t\t<strong>Requisitos del sistema<\/strong><br \/>\t\t\t&#8211; Funcionan con las principales aplicaciones de llamadas en casi todas las plataformas y sistemas operativos.<br \/>\t\t\t&#8211; Funcionan con ordenadores Windows, Mac o Chrome&trade; a trav&eacute;s de USB-C, USB-A, Bluetooth y dispositivos iOS o Android con Bluetooth.<br \/>\t\t\t<strong>Dimensiones<\/strong><br \/>\t\t\t&#8211; Auriculares con micr&oacute;fono: 174,7 x 176,7 x 70,7 mm. Peso: 0,1808 kg<br \/>\t\t\t&#8211; Dimensiones de almohadillas: 70,7 x 70,7 x 16,4 mm<br \/>\t\t\t&#8211; Receptor de Zone Wireless: 21,5 x 13,6 x 6 mm<br \/>\t\t\t&#8211; Adaptador USB-C para Zone Wireless: 25,2 x 16,5 x 9,5 mm<br \/>\t\t\t&#8211; Receptor de Zone Wireless Plus: 35,5 x 16,2 x 5,3 mm<br \/>\t\t\t&#8211; Adaptador USB-C para Zone Wireless Plus: 106,7 x 17,5 x 10,1 mm<br \/>\t\t\t<strong>Contenido de la caja<\/strong><br \/>\t\t\t&#8211; Auriculares inal&aacute;mbricos<br \/>\t\t\t&#8211; Receptor USB-A<br \/>\t\t\t&#8211; Adaptador USB-C<br \/>\t\t\t&#8211; Cable de carga<br \/>\t\t\t&#8211; Bolsa de viaje<br \/>\t\t\t&#8211; Documentaci&oacute;n del usuario<\/td>\n<\/tr>\n<tr>\n<td valign=\"top\"><strong>Fecha de revisi&oacute;n<\/strong><\/td>\n<td>22-03-2022 por MPM<\/td>\n<\/tr>\n<\/table>\n","protected":false},"excerpt":{"rendered":"<p>Suba el nivel de cualquier espacio de trabajoControle el entorno ac&uacute;stico con Zone Wireless, los auriculares con micr&oacute;fono Bluetooth dise&ntilde;ados para ayudarle a comunicarse, colaborar y concentrarse en espacios de trabajo ajetreados. Los auriculares Zone Wireless Plus ofrecen la posibilidad de conectar hasta seis perif&eacute;ricos inal&aacute;mbricos Logitech Unifying&trade; a trav&eacute;s de un &uacute;nico receptor. Conc&eacute;ntrese.&hellip;&nbsp;<a href=\"https:\/\/aivlisoft.net\/shop\/producto\/logitech-auricular-zone-wireless-plus-bt\/\" rel=\"bookmark\"><span class=\"screen-reader-text\">Logitech Auricular Zone  Wireless Plus BT<\/span><\/a><\/p>\n","protected":false},"featured_media":15700,"template":"","meta":{"neve_meta_sidebar":"","neve_meta_container":"","neve_meta_enable_content_width":"","neve_meta_content_width":0,"neve_meta_title_alignment":"","neve_meta_author_avatar":"","neve_post_elements_order":"","neve_meta_disable_header":"","neve_meta_disable_footer":"","neve_meta_disable_title":""},"product_brand":[],"product_cat":[15,790,957,5818],"product_tag":[5929],"class_list":{"0":"post-15699","1":"product","2":"type-product","3":"status-publish","4":"has-post-thumbnail","6":"product_cat-sin-categorizar","7":"product_cat-accesorios-gaming","8":"product_cat-accesorios-imagen-y-sonido","9":"product_cat-audio","10":"product_tag-981-000854","12":"first","13":"instock","14":"taxable","15":"shipping-taxable","16":"purchasable","17":"product-type-simple"},"yoast_head":"<!-- This site is optimized with the Yoast SEO plugin v26.0 - https:\/\/yoast.com\/wordpress\/plugins\/seo\/ -->\n<title>Logitech Auricular Zone Wireless Plus BT - Aivlisoft Inform\u00e1tica<\/title>\n<meta name=\"robots\" content=\"index, follow, max-snippet:-1, max-image-preview:large, max-video-preview:-1\" \/>\n<link rel=\"canonical\" href=\"https:\/\/aivlisoft.net\/shop\/producto\/logitech-auricular-zone-wireless-plus-bt\/\" \/>\n<meta property=\"og:locale\" content=\"es_ES\" \/>\n<meta property=\"og:type\" content=\"article\" \/>\n<meta property=\"og:title\" content=\"Logitech Auricular Zone Wireless Plus BT - Aivlisoft Inform\u00e1tica\" \/>\n<meta property=\"og:description\" content=\"Suba el nivel de cualquier espacio de trabajoControle el entorno ac&uacute;stico con Zone Wireless, los auriculares con micr&oacute;fono Bluetooth dise&ntilde;ados para ayudarle a comunicarse, colaborar y concentrarse en espacios de trabajo ajetreados. Los auriculares Zone Wireless Plus ofrecen la posibilidad de conectar hasta seis perif&eacute;ricos inal&aacute;mbricos Logitech Unifying&trade; a trav&eacute;s de un &uacute;nico receptor. Conc&eacute;ntrese.&hellip;&nbsp;Logitech Auricular Zone Wireless Plus BT\" \/>\n<meta property=\"og:url\" content=\"https:\/\/aivlisoft.net\/shop\/producto\/logitech-auricular-zone-wireless-plus-bt\/\" \/>\n<meta property=\"og:site_name\" content=\"Aivlisoft Inform\u00e1tica\" \/>\n<meta property=\"article:modified_time\" content=\"2025-01-14T21:09:20+00:00\" \/>\n<meta property=\"og:image\" content=\"https:\/\/aivlisoft.net\/shop\/wp-content\/uploads\/2025\/01\/MAUAMI0975_800.jpg\" \/>\n\t<meta property=\"og:image:width\" content=\"800\" \/>\n\t<meta property=\"og:image:height\" content=\"800\" \/>\n\t<meta property=\"og:image:type\" content=\"image\/jpeg\" \/>\n<meta name=\"twitter:card\" content=\"summary_large_image\" \/>\n<meta name=\"twitter:label1\" content=\"Tiempo de lectura\" \/>\n\t<meta name=\"twitter:data1\" content=\"5 minutos\" \/>\n<script type=\"application\/ld+json\" class=\"yoast-schema-graph\">{\"@context\":\"https:\/\/schema.org\",\"@graph\":[{\"@type\":\"WebPage\",\"@id\":\"https:\/\/aivlisoft.net\/shop\/producto\/logitech-auricular-zone-wireless-plus-bt\/\",\"url\":\"https:\/\/aivlisoft.net\/shop\/producto\/logitech-auricular-zone-wireless-plus-bt\/\",\"name\":\"Logitech Auricular Zone Wireless Plus BT - Aivlisoft Inform\u00e1tica\",\"isPartOf\":{\"@id\":\"https:\/\/aivlisoft.net\/shop\/#website\"},\"primaryImageOfPage\":{\"@id\":\"https:\/\/aivlisoft.net\/shop\/producto\/logitech-auricular-zone-wireless-plus-bt\/#primaryimage\"},\"image\":{\"@id\":\"https:\/\/aivlisoft.net\/shop\/producto\/logitech-auricular-zone-wireless-plus-bt\/#primaryimage\"},\"thumbnailUrl\":\"https:\/\/aivlisoft.net\/shop\/wp-content\/uploads\/2025\/01\/MAUAMI0975_800.jpg\",\"datePublished\":\"2025-01-13T14:55:41+00:00\",\"dateModified\":\"2025-01-14T21:09:20+00:00\",\"breadcrumb\":{\"@id\":\"https:\/\/aivlisoft.net\/shop\/producto\/logitech-auricular-zone-wireless-plus-bt\/#breadcrumb\"},\"inLanguage\":\"es\",\"potentialAction\":[{\"@type\":\"ReadAction\",\"target\":[\"https:\/\/aivlisoft.net\/shop\/producto\/logitech-auricular-zone-wireless-plus-bt\/\"]}]},{\"@type\":\"ImageObject\",\"inLanguage\":\"es\",\"@id\":\"https:\/\/aivlisoft.net\/shop\/producto\/logitech-auricular-zone-wireless-plus-bt\/#primaryimage\",\"url\":\"https:\/\/aivlisoft.net\/shop\/wp-content\/uploads\/2025\/01\/MAUAMI0975_800.jpg\",\"contentUrl\":\"https:\/\/aivlisoft.net\/shop\/wp-content\/uploads\/2025\/01\/MAUAMI0975_800.jpg\",\"width\":800,\"height\":800},{\"@type\":\"BreadcrumbList\",\"@id\":\"https:\/\/aivlisoft.net\/shop\/producto\/logitech-auricular-zone-wireless-plus-bt\/#breadcrumb\",\"itemListElement\":[{\"@type\":\"ListItem\",\"position\":1,\"name\":\"Portada\",\"item\":\"https:\/\/aivlisoft.net\/shop\/\"},{\"@type\":\"ListItem\",\"position\":2,\"name\":\"Tienda\",\"item\":\"https:\/\/aivlisoft.net\/shop\/tienda\/\"},{\"@type\":\"ListItem\",\"position\":3,\"name\":\"Logitech Auricular Zone Wireless Plus BT\"}]},{\"@type\":\"WebSite\",\"@id\":\"https:\/\/aivlisoft.net\/shop\/#website\",\"url\":\"https:\/\/aivlisoft.net\/shop\/\",\"name\":\"Aivlisoft Inform\u00e1tica\",\"description\":\"En Aivlisoft Inform\u00e1tica ofrecemos soluciones tecnol\u00f3gicas para empresas: venta de ordenadores, consumibles, perif\u00e9ricos y m\u00e1s. Calidad, atenci\u00f3n personalizada y los mejores precios para tu negocio.\",\"publisher\":{\"@id\":\"https:\/\/aivlisoft.net\/shop\/#organization\"},\"potentialAction\":[{\"@type\":\"SearchAction\",\"target\":{\"@type\":\"EntryPoint\",\"urlTemplate\":\"https:\/\/aivlisoft.net\/shop\/?s={search_term_string}\"},\"query-input\":{\"@type\":\"PropertyValueSpecification\",\"valueRequired\":true,\"valueName\":\"search_term_string\"}}],\"inLanguage\":\"es\"},{\"@type\":\"Organization\",\"@id\":\"https:\/\/aivlisoft.net\/shop\/#organization\",\"name\":\"Aivlisoft Inform\u00e1tica\",\"url\":\"https:\/\/aivlisoft.net\/shop\/\",\"logo\":{\"@type\":\"ImageObject\",\"inLanguage\":\"es\",\"@id\":\"https:\/\/aivlisoft.net\/shop\/#\/schema\/logo\/image\/\",\"url\":\"https:\/\/aivlisoft.net\/shop\/wp-content\/uploads\/2024\/12\/removal.ai_5b848c54-0cdf-4140-95c5-c5536bb7573b-logodef.png\",\"contentUrl\":\"https:\/\/aivlisoft.net\/shop\/wp-content\/uploads\/2024\/12\/removal.ai_5b848c54-0cdf-4140-95c5-c5536bb7573b-logodef.png\",\"width\":484,\"height\":182,\"caption\":\"Aivlisoft Inform\u00e1tica\"},\"image\":{\"@id\":\"https:\/\/aivlisoft.net\/shop\/#\/schema\/logo\/image\/\"}}]}<\/script>\n<!-- \/ Yoast SEO plugin. -->","yoast_head_json":{"title":"Logitech Auricular Zone Wireless Plus BT - Aivlisoft Inform\u00e1tica","robots":{"index":"index","follow":"follow","max-snippet":"max-snippet:-1","max-image-preview":"max-image-preview:large","max-video-preview":"max-video-preview:-1"},"canonical":"https:\/\/aivlisoft.net\/shop\/producto\/logitech-auricular-zone-wireless-plus-bt\/","og_locale":"es_ES","og_type":"article","og_title":"Logitech Auricular Zone Wireless Plus BT - Aivlisoft Inform\u00e1tica","og_description":"Suba el nivel de cualquier espacio de trabajoControle el entorno ac&uacute;stico con Zone Wireless, los auriculares con micr&oacute;fono Bluetooth dise&ntilde;ados para ayudarle a comunicarse, colaborar y concentrarse en espacios de trabajo ajetreados. Los auriculares Zone Wireless Plus ofrecen la posibilidad de conectar hasta seis perif&eacute;ricos inal&aacute;mbricos Logitech Unifying&trade; a trav&eacute;s de un &uacute;nico receptor. Conc&eacute;ntrese.&hellip;&nbsp;Logitech Auricular Zone Wireless Plus BT","og_url":"https:\/\/aivlisoft.net\/shop\/producto\/logitech-auricular-zone-wireless-plus-bt\/","og_site_name":"Aivlisoft Inform\u00e1tica","article_modified_time":"2025-01-14T21:09:20+00:00","og_image":[{"width":800,"height":800,"url":"https:\/\/aivlisoft.net\/shop\/wp-content\/uploads\/2025\/01\/MAUAMI0975_800.jpg","type":"image\/jpeg"}],"twitter_card":"summary_large_image","twitter_misc":{"Tiempo de lectura":"5 minutos"},"schema":{"@context":"https:\/\/schema.org","@graph":[{"@type":"WebPage","@id":"https:\/\/aivlisoft.net\/shop\/producto\/logitech-auricular-zone-wireless-plus-bt\/","url":"https:\/\/aivlisoft.net\/shop\/producto\/logitech-auricular-zone-wireless-plus-bt\/","name":"Logitech Auricular Zone Wireless Plus BT - Aivlisoft Inform\u00e1tica","isPartOf":{"@id":"https:\/\/aivlisoft.net\/shop\/#website"},"primaryImageOfPage":{"@id":"https:\/\/aivlisoft.net\/shop\/producto\/logitech-auricular-zone-wireless-plus-bt\/#primaryimage"},"image":{"@id":"https:\/\/aivlisoft.net\/shop\/producto\/logitech-auricular-zone-wireless-plus-bt\/#primaryimage"},"thumbnailUrl":"https:\/\/aivlisoft.net\/shop\/wp-content\/uploads\/2025\/01\/MAUAMI0975_800.jpg","datePublished":"2025-01-13T14:55:41+00:00","dateModified":"2025-01-14T21:09:20+00:00","breadcrumb":{"@id":"https:\/\/aivlisoft.net\/shop\/producto\/logitech-auricular-zone-wireless-plus-bt\/#breadcrumb"},"inLanguage":"es","potentialAction":[{"@type":"ReadAction","target":["https:\/\/aivlisoft.net\/shop\/producto\/logitech-auricular-zone-wireless-plus-bt\/"]}]},{"@type":"ImageObject","inLanguage":"es","@id":"https:\/\/aivlisoft.net\/shop\/producto\/logitech-auricular-zone-wireless-plus-bt\/#primaryimage","url":"https:\/\/aivlisoft.net\/shop\/wp-content\/uploads\/2025\/01\/MAUAMI0975_800.jpg","contentUrl":"https:\/\/aivlisoft.net\/shop\/wp-content\/uploads\/2025\/01\/MAUAMI0975_800.jpg","width":800,"height":800},{"@type":"BreadcrumbList","@id":"https:\/\/aivlisoft.net\/shop\/producto\/logitech-auricular-zone-wireless-plus-bt\/#breadcrumb","itemListElement":[{"@type":"ListItem","position":1,"name":"Portada","item":"https:\/\/aivlisoft.net\/shop\/"},{"@type":"ListItem","position":2,"name":"Tienda","item":"https:\/\/aivlisoft.net\/shop\/tienda\/"},{"@type":"ListItem","position":3,"name":"Logitech Auricular Zone Wireless Plus BT"}]},{"@type":"WebSite","@id":"https:\/\/aivlisoft.net\/shop\/#website","url":"https:\/\/aivlisoft.net\/shop\/","name":"Aivlisoft Inform\u00e1tica","description":"En Aivlisoft Inform\u00e1tica ofrecemos soluciones tecnol\u00f3gicas para empresas: venta de ordenadores, consumibles, perif\u00e9ricos y m\u00e1s. Calidad, atenci\u00f3n personalizada y los mejores precios para tu negocio.","publisher":{"@id":"https:\/\/aivlisoft.net\/shop\/#organization"},"potentialAction":[{"@type":"SearchAction","target":{"@type":"EntryPoint","urlTemplate":"https:\/\/aivlisoft.net\/shop\/?s={search_term_string}"},"query-input":{"@type":"PropertyValueSpecification","valueRequired":true,"valueName":"search_term_string"}}],"inLanguage":"es"},{"@type":"Organization","@id":"https:\/\/aivlisoft.net\/shop\/#organization","name":"Aivlisoft Inform\u00e1tica","url":"https:\/\/aivlisoft.net\/shop\/","logo":{"@type":"ImageObject","inLanguage":"es","@id":"https:\/\/aivlisoft.net\/shop\/#\/schema\/logo\/image\/","url":"https:\/\/aivlisoft.net\/shop\/wp-content\/uploads\/2024\/12\/removal.ai_5b848c54-0cdf-4140-95c5-c5536bb7573b-logodef.png","contentUrl":"https:\/\/aivlisoft.net\/shop\/wp-content\/uploads\/2024\/12\/removal.ai_5b848c54-0cdf-4140-95c5-c5536bb7573b-logodef.png","width":484,"height":182,"caption":"Aivlisoft Inform\u00e1tica"},"image":{"@id":"https:\/\/aivlisoft.net\/shop\/#\/schema\/logo\/image\/"}}]}},"_links":{"self":[{"href":"https:\/\/aivlisoft.net\/shop\/wp-json\/wp\/v2\/product\/15699","targetHints":{"allow":["GET"]}}],"collection":[{"href":"https:\/\/aivlisoft.net\/shop\/wp-json\/wp\/v2\/product"}],"about":[{"href":"https:\/\/aivlisoft.net\/shop\/wp-json\/wp\/v2\/types\/product"}],"wp:featuredmedia":[{"embeddable":true,"href":"https:\/\/aivlisoft.net\/shop\/wp-json\/wp\/v2\/media\/15700"}],"wp:attachment":[{"href":"https:\/\/aivlisoft.net\/shop\/wp-json\/wp\/v2\/media?parent=15699"}],"wp:term":[{"taxonomy":"product_brand","embeddable":true,"href":"https:\/\/aivlisoft.net\/shop\/wp-json\/wp\/v2\/product_brand?post=15699"},{"taxonomy":"product_cat","embeddable":true,"href":"https:\/\/aivlisoft.net\/shop\/wp-json\/wp\/v2\/product_cat?post=15699"},{"taxonomy":"product_tag","embeddable":true,"href":"https:\/\/aivlisoft.net\/shop\/wp-json\/wp\/v2\/product_tag?post=15699"}],"curies":[{"name":"wp","href":"https:\/\/api.w.org\/{rel}","templated":true}]}}