{"id":15637,"date":"2025-01-13T14:55:09","date_gmt":"2025-01-13T14:55:09","guid":{"rendered":"https:\/\/aivlisoft.com\/?post_type=product&#038;p=15637"},"modified":"2025-01-14T21:10:41","modified_gmt":"2025-01-14T21:10:41","slug":"mars-gaming-mihb-auriculares-wireless-bt-5-1-black","status":"publish","type":"product","link":"https:\/\/aivlisoft.net\/shop\/producto\/mars-gaming-mihb-auriculares-wireless-bt-5-1-black\/","title":{"rendered":"MARS GAMING MIHB Auriculares Wireless BT 5.1 Black"},"content":{"rendered":"<p><strong>AURICULARES INAL&Aacute;MBRICOS TWS MHIB<\/strong><br \/>Chipset Bluetooth 5.1 de &uacute;ltima generaci&oacute;n con conexi&oacute;n de latencia s&uacute;per baja y 16 horas de funcionamiento para una libertad absoluta. Almohadillas de silicona m&eacute;dica con 3 tama&ntilde;os seleccionables para un ajuste perfecto.<\/p>\n<p>Tecnolog&iacute;a DUAL DRIVER de doble v&iacute;a para un sonido espacial mejorado, con unos graves profundos y medios\/agudos cristalinos. C&oacute;modos controles t&aacute;ctiles. Micr&oacute;fonos de c&aacute;psula direccional. Alta resistencia IPX4<\/p>\n<table class=\"tabla_caracteristicas k-table\" width=\"100%\">\n<tr>\n<td><strong>Marca<\/strong><\/td>\n<td>Mars Gaming<\/td>\n<\/tr>\n<tr>\n<td><strong>Modelo<\/strong><\/td>\n<td><strong>MHIB<\/strong><\/td>\n<\/tr>\n<tr>\n<td><strong>Caracter&iacute;sticas<\/strong><\/td>\n<td>&#8211; Compatibilidad: Dispositivos Bluetooth<br \/>\t\t\t&#8211; Longitud del cable: 30cm<br \/>\t\t\t&#8211; Conector: USB-C (alimentaci&oacute;n)<br \/>\t\t\t&#8211; Control de volumen: S&iacute;<br \/>\t\t\t&#8211; Rango de frecuencia (driver): 20Hz-20KHz<br \/>\t\t\t&#8211; Impedancia (driver): 32&Omega;<br \/>\t\t\t&#8211; Capacidad bater&iacute;a: 40mAh x2 (auricular) \/ 300mAh (estuche de carga)<br \/>\t\t\t&#8211; Tiempo de funcionamiento: 3-4 horas (auricular) \/ 12 horas (estuche de carga) *El tiempo de uso puede variar dependiendo del volumen, contenido a reproducir y dispositivo<br \/>\t\t\t&#8211; Versi&oacute;n Bluetooth: 5.1<br \/>\t\t\t&#8211; Perfiles Bluetooth: HFP, HSP, AVRCP, A2DP<br \/>\t\t\t&#8211; Tiempo en standby: 150 horas<br \/>\t\t\t&#8211; Distancia conexi&oacute;n bluetooth: 10m<br \/>\t\t\t&#8211; Dimensiones:<br \/>\t\t\t&nbsp; 35 x 19 x 23mm (auricular)<br \/>\t\t\t&nbsp; 54 x 54 x 29mm (estuche carga)<br \/>\t\t\t&#8211; Peso:<br \/>\t\t\t&nbsp; 6g x2 (auricular)<br \/>\t\t\t&nbsp; 45g (estuche carga)<br \/>\t\t\t&#8211; Materiales: ABS<br \/>\t\t\t&#8211; Color: Negro<br \/>\t\t\t<strong>Contenido<\/strong><br \/>\t\t\t&#8211; Auriculares<br \/>\t\t\t&#8211; Estuche de carga<br \/>\t\t\t&#8211; Cable USB-A\/USB-C<br \/>\t\t\t&#8211; Manual de usuario<\/td>\n<\/tr>\n<tr>\n<td><strong>Fecha de revisi&oacute;n<\/strong><\/td>\n<td>15-11-2021 por MSB<\/td>\n<\/tr>\n<\/table>\n","protected":false},"excerpt":{"rendered":"<p>AURICULARES INAL&Aacute;MBRICOS TWS MHIBChipset Bluetooth 5.1 de &uacute;ltima generaci&oacute;n con conexi&oacute;n de latencia s&uacute;per baja y 16 horas de funcionamiento para una libertad absoluta. Almohadillas de silicona m&eacute;dica con 3 tama&ntilde;os seleccionables para un ajuste perfecto. Tecnolog&iacute;a DUAL DRIVER de doble v&iacute;a para un sonido espacial mejorado, con unos graves profundos y medios\/agudos cristalinos. C&oacute;modos&hellip;&nbsp;<a href=\"https:\/\/aivlisoft.net\/shop\/producto\/mars-gaming-mihb-auriculares-wireless-bt-5-1-black\/\" rel=\"bookmark\"><span class=\"screen-reader-text\">MARS GAMING MIHB Auriculares Wireless BT 5.1 Black<\/span><\/a><\/p>\n","protected":false},"featured_media":15638,"template":"","meta":{"neve_meta_sidebar":"","neve_meta_container":"","neve_meta_enable_content_width":"","neve_meta_content_width":0,"neve_meta_title_alignment":"","neve_meta_author_avatar":"","neve_post_elements_order":"","neve_meta_disable_header":"","neve_meta_disable_footer":"","neve_meta_disable_title":""},"product_brand":[],"product_cat":[15,790,957,5818],"product_tag":[5916],"class_list":{"0":"post-15637","1":"product","2":"type-product","3":"status-publish","4":"has-post-thumbnail","6":"product_cat-sin-categorizar","7":"product_cat-accesorios-gaming","8":"product_cat-accesorios-imagen-y-sonido","9":"product_cat-audio","10":"product_tag-mhib","12":"first","13":"instock","14":"taxable","15":"shipping-taxable","16":"purchasable","17":"product-type-simple"},"yoast_head":"<!-- This site is optimized with the Yoast SEO plugin v26.0 - https:\/\/yoast.com\/wordpress\/plugins\/seo\/ -->\n<title>MARS GAMING MIHB Auriculares Wireless BT 5.1 Black - Aivlisoft Inform\u00e1tica<\/title>\n<meta name=\"robots\" content=\"index, follow, max-snippet:-1, max-image-preview:large, max-video-preview:-1\" \/>\n<link rel=\"canonical\" href=\"https:\/\/aivlisoft.net\/shop\/producto\/mars-gaming-mihb-auriculares-wireless-bt-5-1-black\/\" \/>\n<meta property=\"og:locale\" content=\"es_ES\" \/>\n<meta property=\"og:type\" content=\"article\" \/>\n<meta property=\"og:title\" content=\"MARS GAMING MIHB Auriculares Wireless BT 5.1 Black - Aivlisoft Inform\u00e1tica\" \/>\n<meta property=\"og:description\" content=\"AURICULARES INAL&Aacute;MBRICOS TWS MHIBChipset Bluetooth 5.1 de &uacute;ltima generaci&oacute;n con conexi&oacute;n de latencia s&uacute;per baja y 16 horas de funcionamiento para una libertad absoluta. Almohadillas de silicona m&eacute;dica con 3 tama&ntilde;os seleccionables para un ajuste perfecto. Tecnolog&iacute;a DUAL DRIVER de doble v&iacute;a para un sonido espacial mejorado, con unos graves profundos y medios\/agudos cristalinos. C&oacute;modos&hellip;&nbsp;MARS GAMING MIHB Auriculares Wireless BT 5.1 Black\" \/>\n<meta property=\"og:url\" content=\"https:\/\/aivlisoft.net\/shop\/producto\/mars-gaming-mihb-auriculares-wireless-bt-5-1-black\/\" \/>\n<meta property=\"og:site_name\" content=\"Aivlisoft Inform\u00e1tica\" \/>\n<meta property=\"article:modified_time\" content=\"2025-01-14T21:10:41+00:00\" \/>\n<meta property=\"og:image\" content=\"https:\/\/aivlisoft.net\/shop\/wp-content\/uploads\/2025\/01\/MAUAMI0946_800.jpg\" \/>\n\t<meta property=\"og:image:width\" content=\"800\" \/>\n\t<meta property=\"og:image:height\" content=\"800\" \/>\n\t<meta property=\"og:image:type\" content=\"image\/jpeg\" \/>\n<meta name=\"twitter:card\" content=\"summary_large_image\" \/>\n<meta name=\"twitter:label1\" content=\"Tiempo de lectura\" \/>\n\t<meta name=\"twitter:data1\" content=\"1 minuto\" \/>\n<script type=\"application\/ld+json\" class=\"yoast-schema-graph\">{\"@context\":\"https:\/\/schema.org\",\"@graph\":[{\"@type\":\"WebPage\",\"@id\":\"https:\/\/aivlisoft.net\/shop\/producto\/mars-gaming-mihb-auriculares-wireless-bt-5-1-black\/\",\"url\":\"https:\/\/aivlisoft.net\/shop\/producto\/mars-gaming-mihb-auriculares-wireless-bt-5-1-black\/\",\"name\":\"MARS GAMING MIHB Auriculares Wireless BT 5.1 Black - Aivlisoft Inform\u00e1tica\",\"isPartOf\":{\"@id\":\"https:\/\/aivlisoft.net\/shop\/#website\"},\"primaryImageOfPage\":{\"@id\":\"https:\/\/aivlisoft.net\/shop\/producto\/mars-gaming-mihb-auriculares-wireless-bt-5-1-black\/#primaryimage\"},\"image\":{\"@id\":\"https:\/\/aivlisoft.net\/shop\/producto\/mars-gaming-mihb-auriculares-wireless-bt-5-1-black\/#primaryimage\"},\"thumbnailUrl\":\"https:\/\/aivlisoft.net\/shop\/wp-content\/uploads\/2025\/01\/MAUAMI0946_800.jpg\",\"datePublished\":\"2025-01-13T14:55:09+00:00\",\"dateModified\":\"2025-01-14T21:10:41+00:00\",\"breadcrumb\":{\"@id\":\"https:\/\/aivlisoft.net\/shop\/producto\/mars-gaming-mihb-auriculares-wireless-bt-5-1-black\/#breadcrumb\"},\"inLanguage\":\"es\",\"potentialAction\":[{\"@type\":\"ReadAction\",\"target\":[\"https:\/\/aivlisoft.net\/shop\/producto\/mars-gaming-mihb-auriculares-wireless-bt-5-1-black\/\"]}]},{\"@type\":\"ImageObject\",\"inLanguage\":\"es\",\"@id\":\"https:\/\/aivlisoft.net\/shop\/producto\/mars-gaming-mihb-auriculares-wireless-bt-5-1-black\/#primaryimage\",\"url\":\"https:\/\/aivlisoft.net\/shop\/wp-content\/uploads\/2025\/01\/MAUAMI0946_800.jpg\",\"contentUrl\":\"https:\/\/aivlisoft.net\/shop\/wp-content\/uploads\/2025\/01\/MAUAMI0946_800.jpg\",\"width\":800,\"height\":800},{\"@type\":\"BreadcrumbList\",\"@id\":\"https:\/\/aivlisoft.net\/shop\/producto\/mars-gaming-mihb-auriculares-wireless-bt-5-1-black\/#breadcrumb\",\"itemListElement\":[{\"@type\":\"ListItem\",\"position\":1,\"name\":\"Portada\",\"item\":\"https:\/\/aivlisoft.net\/shop\/\"},{\"@type\":\"ListItem\",\"position\":2,\"name\":\"Tienda\",\"item\":\"https:\/\/aivlisoft.net\/shop\/tienda\/\"},{\"@type\":\"ListItem\",\"position\":3,\"name\":\"MARS GAMING MIHB Auriculares Wireless BT 5.1 Black\"}]},{\"@type\":\"WebSite\",\"@id\":\"https:\/\/aivlisoft.net\/shop\/#website\",\"url\":\"https:\/\/aivlisoft.net\/shop\/\",\"name\":\"Aivlisoft Inform\u00e1tica\",\"description\":\"En Aivlisoft Inform\u00e1tica ofrecemos soluciones tecnol\u00f3gicas para empresas: venta de ordenadores, consumibles, perif\u00e9ricos y m\u00e1s. Calidad, atenci\u00f3n personalizada y los mejores precios para tu negocio.\",\"publisher\":{\"@id\":\"https:\/\/aivlisoft.net\/shop\/#organization\"},\"potentialAction\":[{\"@type\":\"SearchAction\",\"target\":{\"@type\":\"EntryPoint\",\"urlTemplate\":\"https:\/\/aivlisoft.net\/shop\/?s={search_term_string}\"},\"query-input\":{\"@type\":\"PropertyValueSpecification\",\"valueRequired\":true,\"valueName\":\"search_term_string\"}}],\"inLanguage\":\"es\"},{\"@type\":\"Organization\",\"@id\":\"https:\/\/aivlisoft.net\/shop\/#organization\",\"name\":\"Aivlisoft Inform\u00e1tica\",\"url\":\"https:\/\/aivlisoft.net\/shop\/\",\"logo\":{\"@type\":\"ImageObject\",\"inLanguage\":\"es\",\"@id\":\"https:\/\/aivlisoft.net\/shop\/#\/schema\/logo\/image\/\",\"url\":\"https:\/\/aivlisoft.net\/shop\/wp-content\/uploads\/2024\/12\/removal.ai_5b848c54-0cdf-4140-95c5-c5536bb7573b-logodef.png\",\"contentUrl\":\"https:\/\/aivlisoft.net\/shop\/wp-content\/uploads\/2024\/12\/removal.ai_5b848c54-0cdf-4140-95c5-c5536bb7573b-logodef.png\",\"width\":484,\"height\":182,\"caption\":\"Aivlisoft Inform\u00e1tica\"},\"image\":{\"@id\":\"https:\/\/aivlisoft.net\/shop\/#\/schema\/logo\/image\/\"}}]}<\/script>\n<!-- \/ Yoast SEO plugin. -->","yoast_head_json":{"title":"MARS GAMING MIHB Auriculares Wireless BT 5.1 Black - Aivlisoft Inform\u00e1tica","robots":{"index":"index","follow":"follow","max-snippet":"max-snippet:-1","max-image-preview":"max-image-preview:large","max-video-preview":"max-video-preview:-1"},"canonical":"https:\/\/aivlisoft.net\/shop\/producto\/mars-gaming-mihb-auriculares-wireless-bt-5-1-black\/","og_locale":"es_ES","og_type":"article","og_title":"MARS GAMING MIHB Auriculares Wireless BT 5.1 Black - Aivlisoft Inform\u00e1tica","og_description":"AURICULARES INAL&Aacute;MBRICOS TWS MHIBChipset Bluetooth 5.1 de &uacute;ltima generaci&oacute;n con conexi&oacute;n de latencia s&uacute;per baja y 16 horas de funcionamiento para una libertad absoluta. Almohadillas de silicona m&eacute;dica con 3 tama&ntilde;os seleccionables para un ajuste perfecto. Tecnolog&iacute;a DUAL DRIVER de doble v&iacute;a para un sonido espacial mejorado, con unos graves profundos y medios\/agudos cristalinos. C&oacute;modos&hellip;&nbsp;MARS GAMING MIHB Auriculares Wireless BT 5.1 Black","og_url":"https:\/\/aivlisoft.net\/shop\/producto\/mars-gaming-mihb-auriculares-wireless-bt-5-1-black\/","og_site_name":"Aivlisoft Inform\u00e1tica","article_modified_time":"2025-01-14T21:10:41+00:00","og_image":[{"width":800,"height":800,"url":"https:\/\/aivlisoft.net\/shop\/wp-content\/uploads\/2025\/01\/MAUAMI0946_800.jpg","type":"image\/jpeg"}],"twitter_card":"summary_large_image","twitter_misc":{"Tiempo de lectura":"1 minuto"},"schema":{"@context":"https:\/\/schema.org","@graph":[{"@type":"WebPage","@id":"https:\/\/aivlisoft.net\/shop\/producto\/mars-gaming-mihb-auriculares-wireless-bt-5-1-black\/","url":"https:\/\/aivlisoft.net\/shop\/producto\/mars-gaming-mihb-auriculares-wireless-bt-5-1-black\/","name":"MARS GAMING MIHB Auriculares Wireless BT 5.1 Black - Aivlisoft Inform\u00e1tica","isPartOf":{"@id":"https:\/\/aivlisoft.net\/shop\/#website"},"primaryImageOfPage":{"@id":"https:\/\/aivlisoft.net\/shop\/producto\/mars-gaming-mihb-auriculares-wireless-bt-5-1-black\/#primaryimage"},"image":{"@id":"https:\/\/aivlisoft.net\/shop\/producto\/mars-gaming-mihb-auriculares-wireless-bt-5-1-black\/#primaryimage"},"thumbnailUrl":"https:\/\/aivlisoft.net\/shop\/wp-content\/uploads\/2025\/01\/MAUAMI0946_800.jpg","datePublished":"2025-01-13T14:55:09+00:00","dateModified":"2025-01-14T21:10:41+00:00","breadcrumb":{"@id":"https:\/\/aivlisoft.net\/shop\/producto\/mars-gaming-mihb-auriculares-wireless-bt-5-1-black\/#breadcrumb"},"inLanguage":"es","potentialAction":[{"@type":"ReadAction","target":["https:\/\/aivlisoft.net\/shop\/producto\/mars-gaming-mihb-auriculares-wireless-bt-5-1-black\/"]}]},{"@type":"ImageObject","inLanguage":"es","@id":"https:\/\/aivlisoft.net\/shop\/producto\/mars-gaming-mihb-auriculares-wireless-bt-5-1-black\/#primaryimage","url":"https:\/\/aivlisoft.net\/shop\/wp-content\/uploads\/2025\/01\/MAUAMI0946_800.jpg","contentUrl":"https:\/\/aivlisoft.net\/shop\/wp-content\/uploads\/2025\/01\/MAUAMI0946_800.jpg","width":800,"height":800},{"@type":"BreadcrumbList","@id":"https:\/\/aivlisoft.net\/shop\/producto\/mars-gaming-mihb-auriculares-wireless-bt-5-1-black\/#breadcrumb","itemListElement":[{"@type":"ListItem","position":1,"name":"Portada","item":"https:\/\/aivlisoft.net\/shop\/"},{"@type":"ListItem","position":2,"name":"Tienda","item":"https:\/\/aivlisoft.net\/shop\/tienda\/"},{"@type":"ListItem","position":3,"name":"MARS GAMING MIHB Auriculares Wireless BT 5.1 Black"}]},{"@type":"WebSite","@id":"https:\/\/aivlisoft.net\/shop\/#website","url":"https:\/\/aivlisoft.net\/shop\/","name":"Aivlisoft Inform\u00e1tica","description":"En Aivlisoft Inform\u00e1tica ofrecemos soluciones tecnol\u00f3gicas para empresas: venta de ordenadores, consumibles, perif\u00e9ricos y m\u00e1s. Calidad, atenci\u00f3n personalizada y los mejores precios para tu negocio.","publisher":{"@id":"https:\/\/aivlisoft.net\/shop\/#organization"},"potentialAction":[{"@type":"SearchAction","target":{"@type":"EntryPoint","urlTemplate":"https:\/\/aivlisoft.net\/shop\/?s={search_term_string}"},"query-input":{"@type":"PropertyValueSpecification","valueRequired":true,"valueName":"search_term_string"}}],"inLanguage":"es"},{"@type":"Organization","@id":"https:\/\/aivlisoft.net\/shop\/#organization","name":"Aivlisoft Inform\u00e1tica","url":"https:\/\/aivlisoft.net\/shop\/","logo":{"@type":"ImageObject","inLanguage":"es","@id":"https:\/\/aivlisoft.net\/shop\/#\/schema\/logo\/image\/","url":"https:\/\/aivlisoft.net\/shop\/wp-content\/uploads\/2024\/12\/removal.ai_5b848c54-0cdf-4140-95c5-c5536bb7573b-logodef.png","contentUrl":"https:\/\/aivlisoft.net\/shop\/wp-content\/uploads\/2024\/12\/removal.ai_5b848c54-0cdf-4140-95c5-c5536bb7573b-logodef.png","width":484,"height":182,"caption":"Aivlisoft Inform\u00e1tica"},"image":{"@id":"https:\/\/aivlisoft.net\/shop\/#\/schema\/logo\/image\/"}}]}},"_links":{"self":[{"href":"https:\/\/aivlisoft.net\/shop\/wp-json\/wp\/v2\/product\/15637","targetHints":{"allow":["GET"]}}],"collection":[{"href":"https:\/\/aivlisoft.net\/shop\/wp-json\/wp\/v2\/product"}],"about":[{"href":"https:\/\/aivlisoft.net\/shop\/wp-json\/wp\/v2\/types\/product"}],"wp:featuredmedia":[{"embeddable":true,"href":"https:\/\/aivlisoft.net\/shop\/wp-json\/wp\/v2\/media\/15638"}],"wp:attachment":[{"href":"https:\/\/aivlisoft.net\/shop\/wp-json\/wp\/v2\/media?parent=15637"}],"wp:term":[{"taxonomy":"product_brand","embeddable":true,"href":"https:\/\/aivlisoft.net\/shop\/wp-json\/wp\/v2\/product_brand?post=15637"},{"taxonomy":"product_cat","embeddable":true,"href":"https:\/\/aivlisoft.net\/shop\/wp-json\/wp\/v2\/product_cat?post=15637"},{"taxonomy":"product_tag","embeddable":true,"href":"https:\/\/aivlisoft.net\/shop\/wp-json\/wp\/v2\/product_tag?post=15637"}],"curies":[{"name":"wp","href":"https:\/\/api.w.org\/{rel}","templated":true}]}}