{"id":15618,"date":"2025-01-13T14:54:56","date_gmt":"2025-01-13T14:54:56","guid":{"rendered":"https:\/\/aivlisoft.com\/?post_type=product&#038;p=15618"},"modified":"2025-01-14T21:10:45","modified_gmt":"2025-01-14T21:10:45","slug":"energy-sistem-auriculares-sport-1-dark-bluetooth","status":"publish","type":"product","link":"https:\/\/aivlisoft.net\/shop\/producto\/energy-sistem-auriculares-sport-1-dark-bluetooth\/","title":{"rendered":"Energy Sistem auriculares Sport 1+ Dark Bluetooth"},"content":{"rendered":"<p><strong>Earphones Bluetooth Sport 1+ Dark<\/strong><br \/>Esfuerzo, entrenamiento y m&uacute;sica. Que nada te detenga.<\/p>\n<p>Auriculares Bluetooth 5.1 para los amantes del deporte y el sonido. Control talk y Voice Assistant para contestar tus llamadas y controlar tu m&uacute;sica. Sujeci&oacute;n Secure-fit, conector USB Tipo C y protecci&oacute;n a las salpicaduras. Confort total.<\/p>\n<p><strong>Caracter&iacute;sticas destacadas<\/strong><br \/>&#8211; Auricular Bluetooth 5.1 dise&ntilde;ado para practicar deporte.<br \/>&#8211; Micr&oacute;fono integrado con funci&oacute;n manos libres y de control por voz (Voice Assistant).<br \/>&#8211; Resistente al sudor y salpicaduras de los entrenamientos m&aacute;s duros.<br \/>&#8211; Sistema de sujeci&oacute;n Secure-Fit que te proporciona una fijaci&oacute;n perfecta durante tus entrenamientos.<br \/>&#8211; Sonido equilibrado con graves potentes y agudos n&iacute;tidos. \/<br \/>&#8211; Graves profundos y contundentes que te har&aacute;n vibrar con cada canci&oacute;n.<br \/>&#8211; Hasta 8 horas de m&uacute;sica para entrenar a tope. Recargalos con el conector USB Type C.<br \/>&nbsp;<br \/>&nbsp;<\/p>\n<table class=\"tabla_caracteristicas\" width=\"100%\">\n<tr>\n<td><strong>Marca<\/strong><\/td>\n<td>Energy Sistem<\/td>\n<\/tr>\n<tr>\n<td valign=\"top\"><strong>Modelo<\/strong><\/td>\n<td><strong>451777<\/strong><\/td>\n<\/tr>\n<tr>\n<td valign=\"top\"><strong>Caracter&iacute;sticas<\/strong><\/td>\n<td><strong>Audio<\/strong><br \/>\t\t\t&#8211; Respuesta en frecuencia: 20 Hz ~ 20 kHz<br \/>\t\t\t&#8211; Di&aacute;metro: 13 mm<br \/>\t\t\t&#8211; Dise&ntilde;o: intrauditivo<br \/>\t\t\t&#8211; Tipo: din&aacute;mico<br \/>\t\t\t<strong>Conectividad<\/strong><br \/>\t\t\t&#8211; Bluetooth versi&oacute;n 5.1, clase 2<br \/>\t\t\t&#8211; Frecuencia de trabajo: 2,4 GHz<br \/>\t\t\t&#8211; Potencia m&aacute;xima de la se&ntilde;al: &lt; 20,00 dBm<br \/>\t\t\t&#8211; Soporta perfiles Bluetooth HSP \/ HFP \/ A2DP \/ AVRCP<br \/>\t\t\t&#8211; Hasta 20 metros de alcance<br \/>\t\t\t<strong>Micr&oacute;fono manos libres<\/strong><br \/>\t\t\t&#8211; Sensibilidad: -42 dB&plusmn;3 dB (@1 Khz)<br \/>\t\t\t&#8211; Tipo: integrado MEMS<br \/>\t\t\t<strong>Bater&iacute;a<\/strong><br \/>\t\t\t&#8211; Capacidad: 100 mAh<br \/>\t\t\t&#8211; Tipo: pol&iacute;mero de litio<br \/>\t\t\t&#8211; Autonom&iacute;a en uso: hasta 8 horas<br \/>\t\t\t&#8211; Sistema de carga: USB Tipo C<br \/>\t\t\t&#8211; Tiempo de carga: 1,5 horas aprox.<br \/>\t\t\t<strong>Dimensiones y peso<\/strong><br \/>\t\t\t&#8211; 36 x 20 x 12 mm<br \/>\t\t\t&#8211; 20 g<br \/>\t\t\t<strong>Contenido<\/strong><br \/>\t\t\t&#8211; Earphones Bluetooth Sport 1+ Dark<br \/>\t\t\t&#8211; Cable USB Type C<br \/>\t\t\t&#8211; Almohadillas intercambiables<\/td>\n<\/tr>\n<tr>\n<td><strong>Fecha de revisi&oacute;n<\/strong><\/td>\n<td>28-09-2021 por MSB<\/td>\n<\/tr>\n<\/table>\n","protected":false},"excerpt":{"rendered":"<p>Earphones Bluetooth Sport 1+ DarkEsfuerzo, entrenamiento y m&uacute;sica. Que nada te detenga. Auriculares Bluetooth 5.1 para los amantes del deporte y el sonido. Control talk y Voice Assistant para contestar tus llamadas y controlar tu m&uacute;sica. Sujeci&oacute;n Secure-fit, conector USB Tipo C y protecci&oacute;n a las salpicaduras. Confort total. Caracter&iacute;sticas destacadas&#8211; Auricular Bluetooth 5.1 dise&ntilde;ado&hellip;&nbsp;<a href=\"https:\/\/aivlisoft.net\/shop\/producto\/energy-sistem-auriculares-sport-1-dark-bluetooth\/\" rel=\"bookmark\"><span class=\"screen-reader-text\">Energy Sistem auriculares Sport 1+ Dark Bluetooth<\/span><\/a><\/p>\n","protected":false},"featured_media":15619,"template":"","meta":{"neve_meta_sidebar":"","neve_meta_container":"","neve_meta_enable_content_width":"","neve_meta_content_width":0,"neve_meta_title_alignment":"","neve_meta_author_avatar":"","neve_post_elements_order":"","neve_meta_disable_header":"","neve_meta_disable_footer":"","neve_meta_disable_title":""},"product_brand":[],"product_cat":[15,790,957,5818],"product_tag":[5911],"class_list":{"0":"post-15618","1":"product","2":"type-product","3":"status-publish","4":"has-post-thumbnail","6":"product_cat-sin-categorizar","7":"product_cat-accesorios-gaming","8":"product_cat-accesorios-imagen-y-sonido","9":"product_cat-audio","10":"product_tag-5911","12":"first","13":"instock","14":"taxable","15":"shipping-taxable","16":"purchasable","17":"product-type-simple"},"yoast_head":"<!-- This site is optimized with the Yoast SEO plugin v26.0 - https:\/\/yoast.com\/wordpress\/plugins\/seo\/ -->\n<title>Energy Sistem auriculares Sport 1+ Dark Bluetooth - Aivlisoft Inform\u00e1tica<\/title>\n<meta name=\"robots\" content=\"index, follow, max-snippet:-1, max-image-preview:large, max-video-preview:-1\" \/>\n<link rel=\"canonical\" href=\"https:\/\/aivlisoft.net\/shop\/producto\/energy-sistem-auriculares-sport-1-dark-bluetooth\/\" \/>\n<meta property=\"og:locale\" content=\"es_ES\" \/>\n<meta property=\"og:type\" content=\"article\" \/>\n<meta property=\"og:title\" content=\"Energy Sistem auriculares Sport 1+ Dark Bluetooth - Aivlisoft Inform\u00e1tica\" \/>\n<meta property=\"og:description\" content=\"Earphones Bluetooth Sport 1+ DarkEsfuerzo, entrenamiento y m&uacute;sica. Que nada te detenga. Auriculares Bluetooth 5.1 para los amantes del deporte y el sonido. Control talk y Voice Assistant para contestar tus llamadas y controlar tu m&uacute;sica. Sujeci&oacute;n Secure-fit, conector USB Tipo C y protecci&oacute;n a las salpicaduras. Confort total. Caracter&iacute;sticas destacadas&#8211; Auricular Bluetooth 5.1 dise&ntilde;ado&hellip;&nbsp;Energy Sistem auriculares Sport 1+ Dark Bluetooth\" \/>\n<meta property=\"og:url\" content=\"https:\/\/aivlisoft.net\/shop\/producto\/energy-sistem-auriculares-sport-1-dark-bluetooth\/\" \/>\n<meta property=\"og:site_name\" content=\"Aivlisoft Inform\u00e1tica\" \/>\n<meta property=\"article:modified_time\" content=\"2025-01-14T21:10:45+00:00\" \/>\n<meta property=\"og:image\" content=\"https:\/\/aivlisoft.net\/shop\/wp-content\/uploads\/2025\/01\/MAUAMI0936_800.jpg\" \/>\n\t<meta property=\"og:image:width\" content=\"800\" \/>\n\t<meta property=\"og:image:height\" content=\"800\" \/>\n\t<meta property=\"og:image:type\" content=\"image\/jpeg\" \/>\n<meta name=\"twitter:card\" content=\"summary_large_image\" \/>\n<meta name=\"twitter:label1\" content=\"Tiempo de lectura\" \/>\n\t<meta name=\"twitter:data1\" content=\"2 minutos\" \/>\n<script type=\"application\/ld+json\" class=\"yoast-schema-graph\">{\"@context\":\"https:\/\/schema.org\",\"@graph\":[{\"@type\":\"WebPage\",\"@id\":\"https:\/\/aivlisoft.net\/shop\/producto\/energy-sistem-auriculares-sport-1-dark-bluetooth\/\",\"url\":\"https:\/\/aivlisoft.net\/shop\/producto\/energy-sistem-auriculares-sport-1-dark-bluetooth\/\",\"name\":\"Energy Sistem auriculares Sport 1+ Dark Bluetooth - Aivlisoft Inform\u00e1tica\",\"isPartOf\":{\"@id\":\"https:\/\/aivlisoft.net\/shop\/#website\"},\"primaryImageOfPage\":{\"@id\":\"https:\/\/aivlisoft.net\/shop\/producto\/energy-sistem-auriculares-sport-1-dark-bluetooth\/#primaryimage\"},\"image\":{\"@id\":\"https:\/\/aivlisoft.net\/shop\/producto\/energy-sistem-auriculares-sport-1-dark-bluetooth\/#primaryimage\"},\"thumbnailUrl\":\"https:\/\/aivlisoft.net\/shop\/wp-content\/uploads\/2025\/01\/MAUAMI0936_800.jpg\",\"datePublished\":\"2025-01-13T14:54:56+00:00\",\"dateModified\":\"2025-01-14T21:10:45+00:00\",\"breadcrumb\":{\"@id\":\"https:\/\/aivlisoft.net\/shop\/producto\/energy-sistem-auriculares-sport-1-dark-bluetooth\/#breadcrumb\"},\"inLanguage\":\"es\",\"potentialAction\":[{\"@type\":\"ReadAction\",\"target\":[\"https:\/\/aivlisoft.net\/shop\/producto\/energy-sistem-auriculares-sport-1-dark-bluetooth\/\"]}]},{\"@type\":\"ImageObject\",\"inLanguage\":\"es\",\"@id\":\"https:\/\/aivlisoft.net\/shop\/producto\/energy-sistem-auriculares-sport-1-dark-bluetooth\/#primaryimage\",\"url\":\"https:\/\/aivlisoft.net\/shop\/wp-content\/uploads\/2025\/01\/MAUAMI0936_800.jpg\",\"contentUrl\":\"https:\/\/aivlisoft.net\/shop\/wp-content\/uploads\/2025\/01\/MAUAMI0936_800.jpg\",\"width\":800,\"height\":800},{\"@type\":\"BreadcrumbList\",\"@id\":\"https:\/\/aivlisoft.net\/shop\/producto\/energy-sistem-auriculares-sport-1-dark-bluetooth\/#breadcrumb\",\"itemListElement\":[{\"@type\":\"ListItem\",\"position\":1,\"name\":\"Portada\",\"item\":\"https:\/\/aivlisoft.net\/shop\/\"},{\"@type\":\"ListItem\",\"position\":2,\"name\":\"Tienda\",\"item\":\"https:\/\/aivlisoft.net\/shop\/tienda\/\"},{\"@type\":\"ListItem\",\"position\":3,\"name\":\"Energy Sistem auriculares Sport 1+ Dark Bluetooth\"}]},{\"@type\":\"WebSite\",\"@id\":\"https:\/\/aivlisoft.net\/shop\/#website\",\"url\":\"https:\/\/aivlisoft.net\/shop\/\",\"name\":\"Aivlisoft Inform\u00e1tica\",\"description\":\"En Aivlisoft Inform\u00e1tica ofrecemos soluciones tecnol\u00f3gicas para empresas: venta de ordenadores, consumibles, perif\u00e9ricos y m\u00e1s. Calidad, atenci\u00f3n personalizada y los mejores precios para tu negocio.\",\"publisher\":{\"@id\":\"https:\/\/aivlisoft.net\/shop\/#organization\"},\"potentialAction\":[{\"@type\":\"SearchAction\",\"target\":{\"@type\":\"EntryPoint\",\"urlTemplate\":\"https:\/\/aivlisoft.net\/shop\/?s={search_term_string}\"},\"query-input\":{\"@type\":\"PropertyValueSpecification\",\"valueRequired\":true,\"valueName\":\"search_term_string\"}}],\"inLanguage\":\"es\"},{\"@type\":\"Organization\",\"@id\":\"https:\/\/aivlisoft.net\/shop\/#organization\",\"name\":\"Aivlisoft Inform\u00e1tica\",\"url\":\"https:\/\/aivlisoft.net\/shop\/\",\"logo\":{\"@type\":\"ImageObject\",\"inLanguage\":\"es\",\"@id\":\"https:\/\/aivlisoft.net\/shop\/#\/schema\/logo\/image\/\",\"url\":\"https:\/\/aivlisoft.net\/shop\/wp-content\/uploads\/2024\/12\/removal.ai_5b848c54-0cdf-4140-95c5-c5536bb7573b-logodef.png\",\"contentUrl\":\"https:\/\/aivlisoft.net\/shop\/wp-content\/uploads\/2024\/12\/removal.ai_5b848c54-0cdf-4140-95c5-c5536bb7573b-logodef.png\",\"width\":484,\"height\":182,\"caption\":\"Aivlisoft Inform\u00e1tica\"},\"image\":{\"@id\":\"https:\/\/aivlisoft.net\/shop\/#\/schema\/logo\/image\/\"}}]}<\/script>\n<!-- \/ Yoast SEO plugin. -->","yoast_head_json":{"title":"Energy Sistem auriculares Sport 1+ Dark Bluetooth - Aivlisoft Inform\u00e1tica","robots":{"index":"index","follow":"follow","max-snippet":"max-snippet:-1","max-image-preview":"max-image-preview:large","max-video-preview":"max-video-preview:-1"},"canonical":"https:\/\/aivlisoft.net\/shop\/producto\/energy-sistem-auriculares-sport-1-dark-bluetooth\/","og_locale":"es_ES","og_type":"article","og_title":"Energy Sistem auriculares Sport 1+ Dark Bluetooth - Aivlisoft Inform\u00e1tica","og_description":"Earphones Bluetooth Sport 1+ DarkEsfuerzo, entrenamiento y m&uacute;sica. Que nada te detenga. Auriculares Bluetooth 5.1 para los amantes del deporte y el sonido. Control talk y Voice Assistant para contestar tus llamadas y controlar tu m&uacute;sica. Sujeci&oacute;n Secure-fit, conector USB Tipo C y protecci&oacute;n a las salpicaduras. Confort total. Caracter&iacute;sticas destacadas&#8211; Auricular Bluetooth 5.1 dise&ntilde;ado&hellip;&nbsp;Energy Sistem auriculares Sport 1+ Dark Bluetooth","og_url":"https:\/\/aivlisoft.net\/shop\/producto\/energy-sistem-auriculares-sport-1-dark-bluetooth\/","og_site_name":"Aivlisoft Inform\u00e1tica","article_modified_time":"2025-01-14T21:10:45+00:00","og_image":[{"width":800,"height":800,"url":"https:\/\/aivlisoft.net\/shop\/wp-content\/uploads\/2025\/01\/MAUAMI0936_800.jpg","type":"image\/jpeg"}],"twitter_card":"summary_large_image","twitter_misc":{"Tiempo de lectura":"2 minutos"},"schema":{"@context":"https:\/\/schema.org","@graph":[{"@type":"WebPage","@id":"https:\/\/aivlisoft.net\/shop\/producto\/energy-sistem-auriculares-sport-1-dark-bluetooth\/","url":"https:\/\/aivlisoft.net\/shop\/producto\/energy-sistem-auriculares-sport-1-dark-bluetooth\/","name":"Energy Sistem auriculares Sport 1+ Dark Bluetooth - Aivlisoft Inform\u00e1tica","isPartOf":{"@id":"https:\/\/aivlisoft.net\/shop\/#website"},"primaryImageOfPage":{"@id":"https:\/\/aivlisoft.net\/shop\/producto\/energy-sistem-auriculares-sport-1-dark-bluetooth\/#primaryimage"},"image":{"@id":"https:\/\/aivlisoft.net\/shop\/producto\/energy-sistem-auriculares-sport-1-dark-bluetooth\/#primaryimage"},"thumbnailUrl":"https:\/\/aivlisoft.net\/shop\/wp-content\/uploads\/2025\/01\/MAUAMI0936_800.jpg","datePublished":"2025-01-13T14:54:56+00:00","dateModified":"2025-01-14T21:10:45+00:00","breadcrumb":{"@id":"https:\/\/aivlisoft.net\/shop\/producto\/energy-sistem-auriculares-sport-1-dark-bluetooth\/#breadcrumb"},"inLanguage":"es","potentialAction":[{"@type":"ReadAction","target":["https:\/\/aivlisoft.net\/shop\/producto\/energy-sistem-auriculares-sport-1-dark-bluetooth\/"]}]},{"@type":"ImageObject","inLanguage":"es","@id":"https:\/\/aivlisoft.net\/shop\/producto\/energy-sistem-auriculares-sport-1-dark-bluetooth\/#primaryimage","url":"https:\/\/aivlisoft.net\/shop\/wp-content\/uploads\/2025\/01\/MAUAMI0936_800.jpg","contentUrl":"https:\/\/aivlisoft.net\/shop\/wp-content\/uploads\/2025\/01\/MAUAMI0936_800.jpg","width":800,"height":800},{"@type":"BreadcrumbList","@id":"https:\/\/aivlisoft.net\/shop\/producto\/energy-sistem-auriculares-sport-1-dark-bluetooth\/#breadcrumb","itemListElement":[{"@type":"ListItem","position":1,"name":"Portada","item":"https:\/\/aivlisoft.net\/shop\/"},{"@type":"ListItem","position":2,"name":"Tienda","item":"https:\/\/aivlisoft.net\/shop\/tienda\/"},{"@type":"ListItem","position":3,"name":"Energy Sistem auriculares Sport 1+ Dark Bluetooth"}]},{"@type":"WebSite","@id":"https:\/\/aivlisoft.net\/shop\/#website","url":"https:\/\/aivlisoft.net\/shop\/","name":"Aivlisoft Inform\u00e1tica","description":"En Aivlisoft Inform\u00e1tica ofrecemos soluciones tecnol\u00f3gicas para empresas: venta de ordenadores, consumibles, perif\u00e9ricos y m\u00e1s. Calidad, atenci\u00f3n personalizada y los mejores precios para tu negocio.","publisher":{"@id":"https:\/\/aivlisoft.net\/shop\/#organization"},"potentialAction":[{"@type":"SearchAction","target":{"@type":"EntryPoint","urlTemplate":"https:\/\/aivlisoft.net\/shop\/?s={search_term_string}"},"query-input":{"@type":"PropertyValueSpecification","valueRequired":true,"valueName":"search_term_string"}}],"inLanguage":"es"},{"@type":"Organization","@id":"https:\/\/aivlisoft.net\/shop\/#organization","name":"Aivlisoft Inform\u00e1tica","url":"https:\/\/aivlisoft.net\/shop\/","logo":{"@type":"ImageObject","inLanguage":"es","@id":"https:\/\/aivlisoft.net\/shop\/#\/schema\/logo\/image\/","url":"https:\/\/aivlisoft.net\/shop\/wp-content\/uploads\/2024\/12\/removal.ai_5b848c54-0cdf-4140-95c5-c5536bb7573b-logodef.png","contentUrl":"https:\/\/aivlisoft.net\/shop\/wp-content\/uploads\/2024\/12\/removal.ai_5b848c54-0cdf-4140-95c5-c5536bb7573b-logodef.png","width":484,"height":182,"caption":"Aivlisoft Inform\u00e1tica"},"image":{"@id":"https:\/\/aivlisoft.net\/shop\/#\/schema\/logo\/image\/"}}]}},"_links":{"self":[{"href":"https:\/\/aivlisoft.net\/shop\/wp-json\/wp\/v2\/product\/15618","targetHints":{"allow":["GET"]}}],"collection":[{"href":"https:\/\/aivlisoft.net\/shop\/wp-json\/wp\/v2\/product"}],"about":[{"href":"https:\/\/aivlisoft.net\/shop\/wp-json\/wp\/v2\/types\/product"}],"wp:featuredmedia":[{"embeddable":true,"href":"https:\/\/aivlisoft.net\/shop\/wp-json\/wp\/v2\/media\/15619"}],"wp:attachment":[{"href":"https:\/\/aivlisoft.net\/shop\/wp-json\/wp\/v2\/media?parent=15618"}],"wp:term":[{"taxonomy":"product_brand","embeddable":true,"href":"https:\/\/aivlisoft.net\/shop\/wp-json\/wp\/v2\/product_brand?post=15618"},{"taxonomy":"product_cat","embeddable":true,"href":"https:\/\/aivlisoft.net\/shop\/wp-json\/wp\/v2\/product_cat?post=15618"},{"taxonomy":"product_tag","embeddable":true,"href":"https:\/\/aivlisoft.net\/shop\/wp-json\/wp\/v2\/product_tag?post=15618"}],"curies":[{"name":"wp","href":"https:\/\/api.w.org\/{rel}","templated":true}]}}