{"id":15568,"date":"2025-01-13T14:54:31","date_gmt":"2025-01-13T14:54:31","guid":{"rendered":"https:\/\/aivlisoft.com\/?post_type=product&#038;p=15568"},"modified":"2025-01-14T21:10:58","modified_gmt":"2025-01-14T21:10:58","slug":"yealink-uh34-dual-teams-auriculares-biaurales-usb","status":"publish","type":"product","link":"https:\/\/aivlisoft.net\/shop\/producto\/yealink-uh34-dual-teams-auriculares-biaurales-usb\/","title":{"rendered":"YEALINK UH34 Dual Teams Auriculares biaurales USB"},"content":{"rendered":"<p>&#8211; Plug-and-play<br \/>&#8211; Conectividad USB a tel&eacute;fonos IP Yealink, que incluye T41S \/ T42S \/ T46S \/ T48S \/ T42U \/ T43U \/ T46U \/ T48U \/ T53 \/ T53W \/ T54W \/ T57W \/ T58A \/ VP59<br \/>&nbsp; (T41S \/ T42S \/ T46S \/ T48S debe actualizarse a la versi&oacute;n 82 o superior)<br \/>&#8211; Rendimiento de altavoz de banda ancha \/ voz HD<br \/>&#8211; Micr&oacute;fono con cancelaci&oacute;n de ruido y cancelaci&oacute;n pasiva de ruido<br \/>&#8211; La tecnolog&iacute;a ActiveProtection protege a los usuarios de lesiones ac&uacute;sticas<br \/>&#8211; Indicador LED integrado y tono de advertencia.<br \/>&#8211; Brazo de pluma flexible de 320 &deg; para un f&aacute;cil ajuste sin romperse<br \/>&nbsp;<\/p>\n<table class=\"tabla_caracteristicas\" width=\"100%\">\n<tr>\n<td><strong>Marca<\/strong><\/td>\n<td>YEALINK<\/td>\n<\/tr>\n<tr>\n<td><strong>Modelo<\/strong><\/td>\n<td><strong>UH34 Dual Teams<\/strong><\/td>\n<\/tr>\n<tr>\n<td valign=\"top\"><strong>Caracter&iacute;sticas<\/strong><\/td>\n<td>&#8211; Longitud del cable del auricular: 1,2 m (desde el auricular hasta la unidad de control de llamada)<br \/>\t\t\t&#8211; Longitud del cable USB: 0,9 m (desde la unidad de control de llamadas al conector USB)<br \/>\t\t\t&#8211; Sistemas operativos compatibles: Microsoft Windows&reg; 8 \/ 8.1 \/ 10, Apple Mac OS<br \/>\t\t\t&#8211; Peso: 118 g<br \/>\t\t\t<strong>Micr&oacute;fono<\/strong><br \/>\t\t\t&#8211; Tipo de micr&oacute;fono: ECM unidireccional<br \/>\t\t\t&#8211; Rango de respuesta de frecuencia del micr&oacute;fono: 100 Hz-8 kHz<br \/>\t\t\t&#8211; Ancho de banda del micr&oacute;fono: banda ancha<br \/>\t\t\t&#8211; Sensibilidad del micr&oacute;fono: -44,0 dB re. 1 V \/ Pa<br \/>\t\t\t<strong>Altavoz<\/strong><br \/>\t\t\t&#8211; Tama&ntilde;o del altavoz: 28 mm<br \/>\t\t\t&#8211; Sensibilidad del altavoz: 93 dB SPL a 1 kHz<br \/>\t\t\t&#8211; Rango de respuesta de frecuencia del altavoz: 20 Hz-20 kHz<br \/>\t\t\t&#8211; Impedancia del altavoz: 32 &Omega;, a 1,0 kHz<br \/>\t\t\t&#8211; Potencia de entrada del altavoz: m&aacute;ximo 10 mW<br \/>\t\t\t&#8211; Ancho de banda del altavoz: banda ancha<br \/>\t\t\t<strong>Gesti&oacute;n sencilla de llamadas<\/strong><br \/>\t\t\t&#8211; Responder \/ Finalizar \/ Rechazar \/ Retener una llamada<br \/>\t\t\t&#8211; Subir \/ bajar volumen<br \/>\t\t\t&#8211; Micr&oacute;fono mudo<br \/>\t\t\t&#8211; Volver a marcar la &uacute;ltima llamada saliente<\/td>\n<\/tr>\n<tr>\n<td><strong>Fecha Revisi&oacute;n<\/strong><\/td>\n<td>22-06-2021 por MSB<\/td>\n<\/tr>\n<\/table>\n","protected":false},"excerpt":{"rendered":"<p>&#8211; Plug-and-play&#8211; Conectividad USB a tel&eacute;fonos IP Yealink, que incluye T41S \/ T42S \/ T46S \/ T48S \/ T42U \/ T43U \/ T46U \/ T48U \/ T53 \/ T53W \/ T54W \/ T57W \/ T58A \/ VP59&nbsp; (T41S \/ T42S \/ T46S \/ T48S debe actualizarse a la versi&oacute;n 82 o superior)&#8211; Rendimiento de altavoz&hellip;&nbsp;<a href=\"https:\/\/aivlisoft.net\/shop\/producto\/yealink-uh34-dual-teams-auriculares-biaurales-usb\/\" rel=\"bookmark\"><span class=\"screen-reader-text\">YEALINK UH34 Dual Teams Auriculares biaurales USB<\/span><\/a><\/p>\n","protected":false},"featured_media":15569,"template":"","meta":{"neve_meta_sidebar":"","neve_meta_container":"","neve_meta_enable_content_width":"","neve_meta_content_width":0,"neve_meta_title_alignment":"","neve_meta_author_avatar":"","neve_post_elements_order":"","neve_meta_disable_header":"","neve_meta_disable_footer":"","neve_meta_disable_title":""},"product_brand":[],"product_cat":[15,790,957,5818],"product_tag":[5892],"class_list":{"0":"post-15568","1":"product","2":"type-product","3":"status-publish","4":"has-post-thumbnail","6":"product_cat-sin-categorizar","7":"product_cat-accesorios-gaming","8":"product_cat-accesorios-imagen-y-sonido","9":"product_cat-audio","10":"product_tag-uh34-dual-teams","12":"first","13":"instock","14":"taxable","15":"shipping-taxable","16":"purchasable","17":"product-type-simple"},"yoast_head":"<!-- This site is optimized with the Yoast SEO plugin v26.0 - https:\/\/yoast.com\/wordpress\/plugins\/seo\/ -->\n<title>YEALINK UH34 Dual Teams Auriculares biaurales USB - Aivlisoft Inform\u00e1tica<\/title>\n<meta name=\"robots\" content=\"index, follow, max-snippet:-1, max-image-preview:large, max-video-preview:-1\" \/>\n<link rel=\"canonical\" href=\"https:\/\/aivlisoft.net\/shop\/producto\/yealink-uh34-dual-teams-auriculares-biaurales-usb\/\" \/>\n<meta property=\"og:locale\" content=\"es_ES\" \/>\n<meta property=\"og:type\" content=\"article\" \/>\n<meta property=\"og:title\" content=\"YEALINK UH34 Dual Teams Auriculares biaurales USB - Aivlisoft Inform\u00e1tica\" \/>\n<meta property=\"og:description\" content=\"&#8211; Plug-and-play&#8211; Conectividad USB a tel&eacute;fonos IP Yealink, que incluye T41S \/ T42S \/ T46S \/ T48S \/ T42U \/ T43U \/ T46U \/ T48U \/ T53 \/ T53W \/ T54W \/ T57W \/ T58A \/ VP59&nbsp; (T41S \/ T42S \/ T46S \/ T48S debe actualizarse a la versi&oacute;n 82 o superior)&#8211; Rendimiento de altavoz&hellip;&nbsp;YEALINK UH34 Dual Teams Auriculares biaurales USB\" \/>\n<meta property=\"og:url\" content=\"https:\/\/aivlisoft.net\/shop\/producto\/yealink-uh34-dual-teams-auriculares-biaurales-usb\/\" \/>\n<meta property=\"og:site_name\" content=\"Aivlisoft Inform\u00e1tica\" \/>\n<meta property=\"article:modified_time\" content=\"2025-01-14T21:10:58+00:00\" \/>\n<meta property=\"og:image\" content=\"https:\/\/aivlisoft.net\/shop\/wp-content\/uploads\/2025\/01\/MAUAMI0894_800.jpg\" \/>\n\t<meta property=\"og:image:width\" content=\"800\" \/>\n\t<meta property=\"og:image:height\" content=\"800\" \/>\n\t<meta property=\"og:image:type\" content=\"image\/jpeg\" \/>\n<meta name=\"twitter:card\" content=\"summary_large_image\" \/>\n<meta name=\"twitter:label1\" content=\"Tiempo de lectura\" \/>\n\t<meta name=\"twitter:data1\" content=\"2 minutos\" \/>\n<script type=\"application\/ld+json\" class=\"yoast-schema-graph\">{\"@context\":\"https:\/\/schema.org\",\"@graph\":[{\"@type\":\"WebPage\",\"@id\":\"https:\/\/aivlisoft.net\/shop\/producto\/yealink-uh34-dual-teams-auriculares-biaurales-usb\/\",\"url\":\"https:\/\/aivlisoft.net\/shop\/producto\/yealink-uh34-dual-teams-auriculares-biaurales-usb\/\",\"name\":\"YEALINK UH34 Dual Teams Auriculares biaurales USB - Aivlisoft Inform\u00e1tica\",\"isPartOf\":{\"@id\":\"https:\/\/aivlisoft.net\/shop\/#website\"},\"primaryImageOfPage\":{\"@id\":\"https:\/\/aivlisoft.net\/shop\/producto\/yealink-uh34-dual-teams-auriculares-biaurales-usb\/#primaryimage\"},\"image\":{\"@id\":\"https:\/\/aivlisoft.net\/shop\/producto\/yealink-uh34-dual-teams-auriculares-biaurales-usb\/#primaryimage\"},\"thumbnailUrl\":\"https:\/\/aivlisoft.net\/shop\/wp-content\/uploads\/2025\/01\/MAUAMI0894_800.jpg\",\"datePublished\":\"2025-01-13T14:54:31+00:00\",\"dateModified\":\"2025-01-14T21:10:58+00:00\",\"breadcrumb\":{\"@id\":\"https:\/\/aivlisoft.net\/shop\/producto\/yealink-uh34-dual-teams-auriculares-biaurales-usb\/#breadcrumb\"},\"inLanguage\":\"es\",\"potentialAction\":[{\"@type\":\"ReadAction\",\"target\":[\"https:\/\/aivlisoft.net\/shop\/producto\/yealink-uh34-dual-teams-auriculares-biaurales-usb\/\"]}]},{\"@type\":\"ImageObject\",\"inLanguage\":\"es\",\"@id\":\"https:\/\/aivlisoft.net\/shop\/producto\/yealink-uh34-dual-teams-auriculares-biaurales-usb\/#primaryimage\",\"url\":\"https:\/\/aivlisoft.net\/shop\/wp-content\/uploads\/2025\/01\/MAUAMI0894_800.jpg\",\"contentUrl\":\"https:\/\/aivlisoft.net\/shop\/wp-content\/uploads\/2025\/01\/MAUAMI0894_800.jpg\",\"width\":800,\"height\":800},{\"@type\":\"BreadcrumbList\",\"@id\":\"https:\/\/aivlisoft.net\/shop\/producto\/yealink-uh34-dual-teams-auriculares-biaurales-usb\/#breadcrumb\",\"itemListElement\":[{\"@type\":\"ListItem\",\"position\":1,\"name\":\"Portada\",\"item\":\"https:\/\/aivlisoft.net\/shop\/\"},{\"@type\":\"ListItem\",\"position\":2,\"name\":\"Tienda\",\"item\":\"https:\/\/aivlisoft.net\/shop\/tienda\/\"},{\"@type\":\"ListItem\",\"position\":3,\"name\":\"YEALINK UH34 Dual Teams Auriculares biaurales USB\"}]},{\"@type\":\"WebSite\",\"@id\":\"https:\/\/aivlisoft.net\/shop\/#website\",\"url\":\"https:\/\/aivlisoft.net\/shop\/\",\"name\":\"Aivlisoft Inform\u00e1tica\",\"description\":\"En Aivlisoft Inform\u00e1tica ofrecemos soluciones tecnol\u00f3gicas para empresas: venta de ordenadores, consumibles, perif\u00e9ricos y m\u00e1s. Calidad, atenci\u00f3n personalizada y los mejores precios para tu negocio.\",\"publisher\":{\"@id\":\"https:\/\/aivlisoft.net\/shop\/#organization\"},\"potentialAction\":[{\"@type\":\"SearchAction\",\"target\":{\"@type\":\"EntryPoint\",\"urlTemplate\":\"https:\/\/aivlisoft.net\/shop\/?s={search_term_string}\"},\"query-input\":{\"@type\":\"PropertyValueSpecification\",\"valueRequired\":true,\"valueName\":\"search_term_string\"}}],\"inLanguage\":\"es\"},{\"@type\":\"Organization\",\"@id\":\"https:\/\/aivlisoft.net\/shop\/#organization\",\"name\":\"Aivlisoft Inform\u00e1tica\",\"url\":\"https:\/\/aivlisoft.net\/shop\/\",\"logo\":{\"@type\":\"ImageObject\",\"inLanguage\":\"es\",\"@id\":\"https:\/\/aivlisoft.net\/shop\/#\/schema\/logo\/image\/\",\"url\":\"https:\/\/aivlisoft.net\/shop\/wp-content\/uploads\/2024\/12\/removal.ai_5b848c54-0cdf-4140-95c5-c5536bb7573b-logodef.png\",\"contentUrl\":\"https:\/\/aivlisoft.net\/shop\/wp-content\/uploads\/2024\/12\/removal.ai_5b848c54-0cdf-4140-95c5-c5536bb7573b-logodef.png\",\"width\":484,\"height\":182,\"caption\":\"Aivlisoft Inform\u00e1tica\"},\"image\":{\"@id\":\"https:\/\/aivlisoft.net\/shop\/#\/schema\/logo\/image\/\"}}]}<\/script>\n<!-- \/ Yoast SEO plugin. -->","yoast_head_json":{"title":"YEALINK UH34 Dual Teams Auriculares biaurales USB - Aivlisoft Inform\u00e1tica","robots":{"index":"index","follow":"follow","max-snippet":"max-snippet:-1","max-image-preview":"max-image-preview:large","max-video-preview":"max-video-preview:-1"},"canonical":"https:\/\/aivlisoft.net\/shop\/producto\/yealink-uh34-dual-teams-auriculares-biaurales-usb\/","og_locale":"es_ES","og_type":"article","og_title":"YEALINK UH34 Dual Teams Auriculares biaurales USB - Aivlisoft Inform\u00e1tica","og_description":"&#8211; Plug-and-play&#8211; Conectividad USB a tel&eacute;fonos IP Yealink, que incluye T41S \/ T42S \/ T46S \/ T48S \/ T42U \/ T43U \/ T46U \/ T48U \/ T53 \/ T53W \/ T54W \/ T57W \/ T58A \/ VP59&nbsp; (T41S \/ T42S \/ T46S \/ T48S debe actualizarse a la versi&oacute;n 82 o superior)&#8211; Rendimiento de altavoz&hellip;&nbsp;YEALINK UH34 Dual Teams Auriculares biaurales USB","og_url":"https:\/\/aivlisoft.net\/shop\/producto\/yealink-uh34-dual-teams-auriculares-biaurales-usb\/","og_site_name":"Aivlisoft Inform\u00e1tica","article_modified_time":"2025-01-14T21:10:58+00:00","og_image":[{"width":800,"height":800,"url":"https:\/\/aivlisoft.net\/shop\/wp-content\/uploads\/2025\/01\/MAUAMI0894_800.jpg","type":"image\/jpeg"}],"twitter_card":"summary_large_image","twitter_misc":{"Tiempo de lectura":"2 minutos"},"schema":{"@context":"https:\/\/schema.org","@graph":[{"@type":"WebPage","@id":"https:\/\/aivlisoft.net\/shop\/producto\/yealink-uh34-dual-teams-auriculares-biaurales-usb\/","url":"https:\/\/aivlisoft.net\/shop\/producto\/yealink-uh34-dual-teams-auriculares-biaurales-usb\/","name":"YEALINK UH34 Dual Teams Auriculares biaurales USB - Aivlisoft Inform\u00e1tica","isPartOf":{"@id":"https:\/\/aivlisoft.net\/shop\/#website"},"primaryImageOfPage":{"@id":"https:\/\/aivlisoft.net\/shop\/producto\/yealink-uh34-dual-teams-auriculares-biaurales-usb\/#primaryimage"},"image":{"@id":"https:\/\/aivlisoft.net\/shop\/producto\/yealink-uh34-dual-teams-auriculares-biaurales-usb\/#primaryimage"},"thumbnailUrl":"https:\/\/aivlisoft.net\/shop\/wp-content\/uploads\/2025\/01\/MAUAMI0894_800.jpg","datePublished":"2025-01-13T14:54:31+00:00","dateModified":"2025-01-14T21:10:58+00:00","breadcrumb":{"@id":"https:\/\/aivlisoft.net\/shop\/producto\/yealink-uh34-dual-teams-auriculares-biaurales-usb\/#breadcrumb"},"inLanguage":"es","potentialAction":[{"@type":"ReadAction","target":["https:\/\/aivlisoft.net\/shop\/producto\/yealink-uh34-dual-teams-auriculares-biaurales-usb\/"]}]},{"@type":"ImageObject","inLanguage":"es","@id":"https:\/\/aivlisoft.net\/shop\/producto\/yealink-uh34-dual-teams-auriculares-biaurales-usb\/#primaryimage","url":"https:\/\/aivlisoft.net\/shop\/wp-content\/uploads\/2025\/01\/MAUAMI0894_800.jpg","contentUrl":"https:\/\/aivlisoft.net\/shop\/wp-content\/uploads\/2025\/01\/MAUAMI0894_800.jpg","width":800,"height":800},{"@type":"BreadcrumbList","@id":"https:\/\/aivlisoft.net\/shop\/producto\/yealink-uh34-dual-teams-auriculares-biaurales-usb\/#breadcrumb","itemListElement":[{"@type":"ListItem","position":1,"name":"Portada","item":"https:\/\/aivlisoft.net\/shop\/"},{"@type":"ListItem","position":2,"name":"Tienda","item":"https:\/\/aivlisoft.net\/shop\/tienda\/"},{"@type":"ListItem","position":3,"name":"YEALINK UH34 Dual Teams Auriculares biaurales USB"}]},{"@type":"WebSite","@id":"https:\/\/aivlisoft.net\/shop\/#website","url":"https:\/\/aivlisoft.net\/shop\/","name":"Aivlisoft Inform\u00e1tica","description":"En Aivlisoft Inform\u00e1tica ofrecemos soluciones tecnol\u00f3gicas para empresas: venta de ordenadores, consumibles, perif\u00e9ricos y m\u00e1s. Calidad, atenci\u00f3n personalizada y los mejores precios para tu negocio.","publisher":{"@id":"https:\/\/aivlisoft.net\/shop\/#organization"},"potentialAction":[{"@type":"SearchAction","target":{"@type":"EntryPoint","urlTemplate":"https:\/\/aivlisoft.net\/shop\/?s={search_term_string}"},"query-input":{"@type":"PropertyValueSpecification","valueRequired":true,"valueName":"search_term_string"}}],"inLanguage":"es"},{"@type":"Organization","@id":"https:\/\/aivlisoft.net\/shop\/#organization","name":"Aivlisoft Inform\u00e1tica","url":"https:\/\/aivlisoft.net\/shop\/","logo":{"@type":"ImageObject","inLanguage":"es","@id":"https:\/\/aivlisoft.net\/shop\/#\/schema\/logo\/image\/","url":"https:\/\/aivlisoft.net\/shop\/wp-content\/uploads\/2024\/12\/removal.ai_5b848c54-0cdf-4140-95c5-c5536bb7573b-logodef.png","contentUrl":"https:\/\/aivlisoft.net\/shop\/wp-content\/uploads\/2024\/12\/removal.ai_5b848c54-0cdf-4140-95c5-c5536bb7573b-logodef.png","width":484,"height":182,"caption":"Aivlisoft Inform\u00e1tica"},"image":{"@id":"https:\/\/aivlisoft.net\/shop\/#\/schema\/logo\/image\/"}}]}},"_links":{"self":[{"href":"https:\/\/aivlisoft.net\/shop\/wp-json\/wp\/v2\/product\/15568","targetHints":{"allow":["GET"]}}],"collection":[{"href":"https:\/\/aivlisoft.net\/shop\/wp-json\/wp\/v2\/product"}],"about":[{"href":"https:\/\/aivlisoft.net\/shop\/wp-json\/wp\/v2\/types\/product"}],"wp:featuredmedia":[{"embeddable":true,"href":"https:\/\/aivlisoft.net\/shop\/wp-json\/wp\/v2\/media\/15569"}],"wp:attachment":[{"href":"https:\/\/aivlisoft.net\/shop\/wp-json\/wp\/v2\/media?parent=15568"}],"wp:term":[{"taxonomy":"product_brand","embeddable":true,"href":"https:\/\/aivlisoft.net\/shop\/wp-json\/wp\/v2\/product_brand?post=15568"},{"taxonomy":"product_cat","embeddable":true,"href":"https:\/\/aivlisoft.net\/shop\/wp-json\/wp\/v2\/product_cat?post=15568"},{"taxonomy":"product_tag","embeddable":true,"href":"https:\/\/aivlisoft.net\/shop\/wp-json\/wp\/v2\/product_tag?post=15568"}],"curies":[{"name":"wp","href":"https:\/\/api.w.org\/{rel}","templated":true}]}}