{"id":15560,"date":"2025-01-13T14:54:25","date_gmt":"2025-01-13T14:54:25","guid":{"rendered":"https:\/\/aivlisoft.com\/?post_type=product&#038;p=15560"},"modified":"2025-01-14T21:10:59","modified_gmt":"2025-01-14T21:10:59","slug":"hiditec-auricular-gaming-erys-argb","status":"publish","type":"product","link":"https:\/\/aivlisoft.net\/shop\/producto\/hiditec-auricular-gaming-erys-argb\/","title":{"rendered":"Hiditec Auricular Gaming ERYS ARGB"},"content":{"rendered":"<p><\/p>\n<table class=\"tabla_caracteristicas k-table\" width=\"100%\">\n<tr>\n<td><strong>Marca<\/strong><\/td>\n<td>Hiditec<\/td>\n<\/tr>\n<tr>\n<td valign=\"top\"><strong>Modelo<\/strong><\/td>\n<td><strong>GHE010003<\/strong><\/td>\n<\/tr>\n<tr>\n<td valign=\"top\"><strong>Caracter&iacute;sticas<\/strong><\/td>\n<td><strong>Altavoces<\/strong><br \/>\t\t\t&#8211; Di&aacute;metro del altavoz: 50mm<br \/>\t\t\t&#8211; Sensibilidad del altavoz: 113dB +\/- 3dB<br \/>\t\t\t&#8211; Resistencia del altavoz: 32 ohmios<br \/>\t\t\t&#8211; Frecuencia disponible: 20HZ &#8211; 20KHZ<br \/>\t\t\t&#8211; Longitud del cable: 2m<br \/>\t\t\t&#8211; Conexi&oacute;n: est&eacute;reo de 3.5mm + USB para iluminaci&oacute;n<br \/>\t\t\t<strong>Micr&oacute;fono<\/strong><br \/>\t\t\t&#8211; Di&aacute;metro del micr&oacute;fono: 6.0 x 2.7mm<br \/>\t\t\t&#8211; Impedancia Micr&oacute;fono: 2.2kohm<br \/>\t\t\t&#8211; Sensibilidad Micr&oacute;fono: -45 +\/- 3dB<br \/>\t\t\t&#8211; Respuesta de frecuencia: 100Hz a 10KHz<br \/>\t\t\t<strong>Funciones del controlador<\/strong><br \/>\t\t\t&#8211; Sube y baja el volumen<br \/>\t\t\t<strong>Longitud del cable del auricular<\/strong><br \/>\t\t\t&#8211; 2 metros<br \/>\t\t\t<strong>Certificados<\/strong><br \/>\t\t\t&#8211; CE , RoHs , FCC<br \/>\t\t\t<strong>Compatible<\/strong><br \/>\t\t\t&#8211; PC \/ PS4 \/ XBOX ONE \/ SWITCH \/ MOBILE<\/td>\n<\/tr>\n<tr>\n<td><strong>Fecha de revisi&oacute;n<\/strong><\/td>\n<td>22-01-2021 por MPM<\/td>\n<\/tr>\n<\/table>\n","protected":false},"excerpt":{"rendered":"<p>Marca Hiditec Modelo GHE010003 Caracter&iacute;sticas Altavoces &#8211; Di&aacute;metro del altavoz: 50mm &#8211; Sensibilidad del altavoz: 113dB +\/- 3dB &#8211; Resistencia del altavoz: 32 ohmios &#8211; Frecuencia disponible: 20HZ &#8211; 20KHZ &#8211; Longitud del cable: 2m &#8211; Conexi&oacute;n: est&eacute;reo de 3.5mm + USB para iluminaci&oacute;n Micr&oacute;fono &#8211; Di&aacute;metro del micr&oacute;fono: 6.0 x 2.7mm &#8211; Impedancia Micr&oacute;fono:&hellip;&nbsp;<a href=\"https:\/\/aivlisoft.net\/shop\/producto\/hiditec-auricular-gaming-erys-argb\/\" rel=\"bookmark\"><span class=\"screen-reader-text\">Hiditec Auricular Gaming ERYS ARGB<\/span><\/a><\/p>\n","protected":false},"featured_media":15561,"template":"","meta":{"neve_meta_sidebar":"","neve_meta_container":"","neve_meta_enable_content_width":"","neve_meta_content_width":0,"neve_meta_title_alignment":"","neve_meta_author_avatar":"","neve_post_elements_order":"","neve_meta_disable_header":"","neve_meta_disable_footer":"","neve_meta_disable_title":""},"product_brand":[],"product_cat":[15,790,957,5818],"product_tag":[5890],"class_list":{"0":"post-15560","1":"product","2":"type-product","3":"status-publish","4":"has-post-thumbnail","6":"product_cat-sin-categorizar","7":"product_cat-accesorios-gaming","8":"product_cat-accesorios-imagen-y-sonido","9":"product_cat-audio","10":"product_tag-ghe010003","12":"first","13":"instock","14":"taxable","15":"shipping-taxable","16":"purchasable","17":"product-type-simple"},"yoast_head":"<!-- This site is optimized with the Yoast SEO plugin v26.0 - https:\/\/yoast.com\/wordpress\/plugins\/seo\/ -->\n<title>Hiditec Auricular Gaming ERYS ARGB - Aivlisoft Inform\u00e1tica<\/title>\n<meta name=\"robots\" content=\"index, follow, max-snippet:-1, max-image-preview:large, max-video-preview:-1\" \/>\n<link rel=\"canonical\" href=\"https:\/\/aivlisoft.net\/shop\/producto\/hiditec-auricular-gaming-erys-argb\/\" \/>\n<meta property=\"og:locale\" content=\"es_ES\" \/>\n<meta property=\"og:type\" content=\"article\" \/>\n<meta property=\"og:title\" content=\"Hiditec Auricular Gaming ERYS ARGB - Aivlisoft Inform\u00e1tica\" \/>\n<meta property=\"og:description\" content=\"Marca Hiditec Modelo GHE010003 Caracter&iacute;sticas Altavoces &#8211; Di&aacute;metro del altavoz: 50mm &#8211; Sensibilidad del altavoz: 113dB +\/- 3dB &#8211; Resistencia del altavoz: 32 ohmios &#8211; Frecuencia disponible: 20HZ &#8211; 20KHZ &#8211; Longitud del cable: 2m &#8211; Conexi&oacute;n: est&eacute;reo de 3.5mm + USB para iluminaci&oacute;n Micr&oacute;fono &#8211; Di&aacute;metro del micr&oacute;fono: 6.0 x 2.7mm &#8211; Impedancia Micr&oacute;fono:&hellip;&nbsp;Hiditec Auricular Gaming ERYS ARGB\" \/>\n<meta property=\"og:url\" content=\"https:\/\/aivlisoft.net\/shop\/producto\/hiditec-auricular-gaming-erys-argb\/\" \/>\n<meta property=\"og:site_name\" content=\"Aivlisoft Inform\u00e1tica\" \/>\n<meta property=\"article:modified_time\" content=\"2025-01-14T21:10:59+00:00\" \/>\n<meta property=\"og:image\" content=\"https:\/\/aivlisoft.net\/shop\/wp-content\/uploads\/2025\/01\/MAUAMI0873_800.jpg\" \/>\n\t<meta property=\"og:image:width\" content=\"800\" \/>\n\t<meta property=\"og:image:height\" content=\"800\" \/>\n\t<meta property=\"og:image:type\" content=\"image\/jpeg\" \/>\n<meta name=\"twitter:card\" content=\"summary_large_image\" \/>\n<meta name=\"twitter:label1\" content=\"Tiempo de lectura\" \/>\n\t<meta name=\"twitter:data1\" content=\"1 minuto\" \/>\n<script type=\"application\/ld+json\" class=\"yoast-schema-graph\">{\"@context\":\"https:\/\/schema.org\",\"@graph\":[{\"@type\":\"WebPage\",\"@id\":\"https:\/\/aivlisoft.net\/shop\/producto\/hiditec-auricular-gaming-erys-argb\/\",\"url\":\"https:\/\/aivlisoft.net\/shop\/producto\/hiditec-auricular-gaming-erys-argb\/\",\"name\":\"Hiditec Auricular Gaming ERYS ARGB - Aivlisoft Inform\u00e1tica\",\"isPartOf\":{\"@id\":\"https:\/\/aivlisoft.net\/shop\/#website\"},\"primaryImageOfPage\":{\"@id\":\"https:\/\/aivlisoft.net\/shop\/producto\/hiditec-auricular-gaming-erys-argb\/#primaryimage\"},\"image\":{\"@id\":\"https:\/\/aivlisoft.net\/shop\/producto\/hiditec-auricular-gaming-erys-argb\/#primaryimage\"},\"thumbnailUrl\":\"https:\/\/aivlisoft.net\/shop\/wp-content\/uploads\/2025\/01\/MAUAMI0873_800.jpg\",\"datePublished\":\"2025-01-13T14:54:25+00:00\",\"dateModified\":\"2025-01-14T21:10:59+00:00\",\"breadcrumb\":{\"@id\":\"https:\/\/aivlisoft.net\/shop\/producto\/hiditec-auricular-gaming-erys-argb\/#breadcrumb\"},\"inLanguage\":\"es\",\"potentialAction\":[{\"@type\":\"ReadAction\",\"target\":[\"https:\/\/aivlisoft.net\/shop\/producto\/hiditec-auricular-gaming-erys-argb\/\"]}]},{\"@type\":\"ImageObject\",\"inLanguage\":\"es\",\"@id\":\"https:\/\/aivlisoft.net\/shop\/producto\/hiditec-auricular-gaming-erys-argb\/#primaryimage\",\"url\":\"https:\/\/aivlisoft.net\/shop\/wp-content\/uploads\/2025\/01\/MAUAMI0873_800.jpg\",\"contentUrl\":\"https:\/\/aivlisoft.net\/shop\/wp-content\/uploads\/2025\/01\/MAUAMI0873_800.jpg\",\"width\":800,\"height\":800},{\"@type\":\"BreadcrumbList\",\"@id\":\"https:\/\/aivlisoft.net\/shop\/producto\/hiditec-auricular-gaming-erys-argb\/#breadcrumb\",\"itemListElement\":[{\"@type\":\"ListItem\",\"position\":1,\"name\":\"Portada\",\"item\":\"https:\/\/aivlisoft.net\/shop\/\"},{\"@type\":\"ListItem\",\"position\":2,\"name\":\"Tienda\",\"item\":\"https:\/\/aivlisoft.net\/shop\/tienda\/\"},{\"@type\":\"ListItem\",\"position\":3,\"name\":\"Hiditec Auricular Gaming ERYS ARGB\"}]},{\"@type\":\"WebSite\",\"@id\":\"https:\/\/aivlisoft.net\/shop\/#website\",\"url\":\"https:\/\/aivlisoft.net\/shop\/\",\"name\":\"Aivlisoft Inform\u00e1tica\",\"description\":\"En Aivlisoft Inform\u00e1tica ofrecemos soluciones tecnol\u00f3gicas para empresas: venta de ordenadores, consumibles, perif\u00e9ricos y m\u00e1s. Calidad, atenci\u00f3n personalizada y los mejores precios para tu negocio.\",\"publisher\":{\"@id\":\"https:\/\/aivlisoft.net\/shop\/#organization\"},\"potentialAction\":[{\"@type\":\"SearchAction\",\"target\":{\"@type\":\"EntryPoint\",\"urlTemplate\":\"https:\/\/aivlisoft.net\/shop\/?s={search_term_string}\"},\"query-input\":{\"@type\":\"PropertyValueSpecification\",\"valueRequired\":true,\"valueName\":\"search_term_string\"}}],\"inLanguage\":\"es\"},{\"@type\":\"Organization\",\"@id\":\"https:\/\/aivlisoft.net\/shop\/#organization\",\"name\":\"Aivlisoft Inform\u00e1tica\",\"url\":\"https:\/\/aivlisoft.net\/shop\/\",\"logo\":{\"@type\":\"ImageObject\",\"inLanguage\":\"es\",\"@id\":\"https:\/\/aivlisoft.net\/shop\/#\/schema\/logo\/image\/\",\"url\":\"https:\/\/aivlisoft.net\/shop\/wp-content\/uploads\/2024\/12\/removal.ai_5b848c54-0cdf-4140-95c5-c5536bb7573b-logodef.png\",\"contentUrl\":\"https:\/\/aivlisoft.net\/shop\/wp-content\/uploads\/2024\/12\/removal.ai_5b848c54-0cdf-4140-95c5-c5536bb7573b-logodef.png\",\"width\":484,\"height\":182,\"caption\":\"Aivlisoft Inform\u00e1tica\"},\"image\":{\"@id\":\"https:\/\/aivlisoft.net\/shop\/#\/schema\/logo\/image\/\"}}]}<\/script>\n<!-- \/ Yoast SEO plugin. -->","yoast_head_json":{"title":"Hiditec Auricular Gaming ERYS ARGB - Aivlisoft Inform\u00e1tica","robots":{"index":"index","follow":"follow","max-snippet":"max-snippet:-1","max-image-preview":"max-image-preview:large","max-video-preview":"max-video-preview:-1"},"canonical":"https:\/\/aivlisoft.net\/shop\/producto\/hiditec-auricular-gaming-erys-argb\/","og_locale":"es_ES","og_type":"article","og_title":"Hiditec Auricular Gaming ERYS ARGB - Aivlisoft Inform\u00e1tica","og_description":"Marca Hiditec Modelo GHE010003 Caracter&iacute;sticas Altavoces &#8211; Di&aacute;metro del altavoz: 50mm &#8211; Sensibilidad del altavoz: 113dB +\/- 3dB &#8211; Resistencia del altavoz: 32 ohmios &#8211; Frecuencia disponible: 20HZ &#8211; 20KHZ &#8211; Longitud del cable: 2m &#8211; Conexi&oacute;n: est&eacute;reo de 3.5mm + USB para iluminaci&oacute;n Micr&oacute;fono &#8211; Di&aacute;metro del micr&oacute;fono: 6.0 x 2.7mm &#8211; Impedancia Micr&oacute;fono:&hellip;&nbsp;Hiditec Auricular Gaming ERYS ARGB","og_url":"https:\/\/aivlisoft.net\/shop\/producto\/hiditec-auricular-gaming-erys-argb\/","og_site_name":"Aivlisoft Inform\u00e1tica","article_modified_time":"2025-01-14T21:10:59+00:00","og_image":[{"width":800,"height":800,"url":"https:\/\/aivlisoft.net\/shop\/wp-content\/uploads\/2025\/01\/MAUAMI0873_800.jpg","type":"image\/jpeg"}],"twitter_card":"summary_large_image","twitter_misc":{"Tiempo de lectura":"1 minuto"},"schema":{"@context":"https:\/\/schema.org","@graph":[{"@type":"WebPage","@id":"https:\/\/aivlisoft.net\/shop\/producto\/hiditec-auricular-gaming-erys-argb\/","url":"https:\/\/aivlisoft.net\/shop\/producto\/hiditec-auricular-gaming-erys-argb\/","name":"Hiditec Auricular Gaming ERYS ARGB - Aivlisoft Inform\u00e1tica","isPartOf":{"@id":"https:\/\/aivlisoft.net\/shop\/#website"},"primaryImageOfPage":{"@id":"https:\/\/aivlisoft.net\/shop\/producto\/hiditec-auricular-gaming-erys-argb\/#primaryimage"},"image":{"@id":"https:\/\/aivlisoft.net\/shop\/producto\/hiditec-auricular-gaming-erys-argb\/#primaryimage"},"thumbnailUrl":"https:\/\/aivlisoft.net\/shop\/wp-content\/uploads\/2025\/01\/MAUAMI0873_800.jpg","datePublished":"2025-01-13T14:54:25+00:00","dateModified":"2025-01-14T21:10:59+00:00","breadcrumb":{"@id":"https:\/\/aivlisoft.net\/shop\/producto\/hiditec-auricular-gaming-erys-argb\/#breadcrumb"},"inLanguage":"es","potentialAction":[{"@type":"ReadAction","target":["https:\/\/aivlisoft.net\/shop\/producto\/hiditec-auricular-gaming-erys-argb\/"]}]},{"@type":"ImageObject","inLanguage":"es","@id":"https:\/\/aivlisoft.net\/shop\/producto\/hiditec-auricular-gaming-erys-argb\/#primaryimage","url":"https:\/\/aivlisoft.net\/shop\/wp-content\/uploads\/2025\/01\/MAUAMI0873_800.jpg","contentUrl":"https:\/\/aivlisoft.net\/shop\/wp-content\/uploads\/2025\/01\/MAUAMI0873_800.jpg","width":800,"height":800},{"@type":"BreadcrumbList","@id":"https:\/\/aivlisoft.net\/shop\/producto\/hiditec-auricular-gaming-erys-argb\/#breadcrumb","itemListElement":[{"@type":"ListItem","position":1,"name":"Portada","item":"https:\/\/aivlisoft.net\/shop\/"},{"@type":"ListItem","position":2,"name":"Tienda","item":"https:\/\/aivlisoft.net\/shop\/tienda\/"},{"@type":"ListItem","position":3,"name":"Hiditec Auricular Gaming ERYS ARGB"}]},{"@type":"WebSite","@id":"https:\/\/aivlisoft.net\/shop\/#website","url":"https:\/\/aivlisoft.net\/shop\/","name":"Aivlisoft Inform\u00e1tica","description":"En Aivlisoft Inform\u00e1tica ofrecemos soluciones tecnol\u00f3gicas para empresas: venta de ordenadores, consumibles, perif\u00e9ricos y m\u00e1s. Calidad, atenci\u00f3n personalizada y los mejores precios para tu negocio.","publisher":{"@id":"https:\/\/aivlisoft.net\/shop\/#organization"},"potentialAction":[{"@type":"SearchAction","target":{"@type":"EntryPoint","urlTemplate":"https:\/\/aivlisoft.net\/shop\/?s={search_term_string}"},"query-input":{"@type":"PropertyValueSpecification","valueRequired":true,"valueName":"search_term_string"}}],"inLanguage":"es"},{"@type":"Organization","@id":"https:\/\/aivlisoft.net\/shop\/#organization","name":"Aivlisoft Inform\u00e1tica","url":"https:\/\/aivlisoft.net\/shop\/","logo":{"@type":"ImageObject","inLanguage":"es","@id":"https:\/\/aivlisoft.net\/shop\/#\/schema\/logo\/image\/","url":"https:\/\/aivlisoft.net\/shop\/wp-content\/uploads\/2024\/12\/removal.ai_5b848c54-0cdf-4140-95c5-c5536bb7573b-logodef.png","contentUrl":"https:\/\/aivlisoft.net\/shop\/wp-content\/uploads\/2024\/12\/removal.ai_5b848c54-0cdf-4140-95c5-c5536bb7573b-logodef.png","width":484,"height":182,"caption":"Aivlisoft Inform\u00e1tica"},"image":{"@id":"https:\/\/aivlisoft.net\/shop\/#\/schema\/logo\/image\/"}}]}},"_links":{"self":[{"href":"https:\/\/aivlisoft.net\/shop\/wp-json\/wp\/v2\/product\/15560","targetHints":{"allow":["GET"]}}],"collection":[{"href":"https:\/\/aivlisoft.net\/shop\/wp-json\/wp\/v2\/product"}],"about":[{"href":"https:\/\/aivlisoft.net\/shop\/wp-json\/wp\/v2\/types\/product"}],"wp:featuredmedia":[{"embeddable":true,"href":"https:\/\/aivlisoft.net\/shop\/wp-json\/wp\/v2\/media\/15561"}],"wp:attachment":[{"href":"https:\/\/aivlisoft.net\/shop\/wp-json\/wp\/v2\/media?parent=15560"}],"wp:term":[{"taxonomy":"product_brand","embeddable":true,"href":"https:\/\/aivlisoft.net\/shop\/wp-json\/wp\/v2\/product_brand?post=15560"},{"taxonomy":"product_cat","embeddable":true,"href":"https:\/\/aivlisoft.net\/shop\/wp-json\/wp\/v2\/product_cat?post=15560"},{"taxonomy":"product_tag","embeddable":true,"href":"https:\/\/aivlisoft.net\/shop\/wp-json\/wp\/v2\/product_tag?post=15560"}],"curies":[{"name":"wp","href":"https:\/\/api.w.org\/{rel}","templated":true}]}}