{"id":15551,"date":"2025-01-13T14:54:21","date_gmt":"2025-01-13T14:54:21","guid":{"rendered":"https:\/\/aivlisoft.com\/?post_type=product&#038;p=15551"},"modified":"2025-01-14T21:11:01","modified_gmt":"2025-01-14T21:11:01","slug":"mars-gaming-mh120-headsetmicro-multiplat","status":"publish","type":"product","link":"https:\/\/aivlisoft.net\/shop\/producto\/mars-gaming-mh120-headsetmicro-multiplat\/","title":{"rendered":"Mars Gaming MH120 HEADSET+MICRO MULTIPLAT."},"content":{"rendered":"<p><strong>DISE&Ntilde;O ULTRA-LIGERO, ERGON&Oacute;MICO Y ADAPTABLE<\/strong><br \/>Dise&ntilde;ados para proporcionar una comodidad extrema, la diadema de los MH120 cuenta con un dise&ntilde;o en suspensi&oacute;n y una banda flexible auto-ajustable. Adem&aacute;s, sus 205g de peso har&aacute;n que te olvides que los llevas puestos.<\/p>\n<p><strong>DRIVERS NEODIMIO CON SONIDO ESPACIAL<\/strong><br \/>Los drivers de los MH120 reproducen el sonido con una espacialidad optimizada, meti&eacute;ndote de lleno en cada partida y potenciando los graves para ofrecer una experiencia gaming perfecta. A trav&eacute;s de su cuerpo de neodimio de 50mm, garantizan una total fidelidad sonora con todo lujo de detalles que te har&aacute; sumergirte de lleno. Perfecto para localizar r&aacute;pidamente a tus rivales en partidas online.<\/p>\n<p><strong>MICR&Oacute;FONO FLEXIBLE ANTI-RUIDO<\/strong><br \/>Los MH120 son ideales tanto para jugadores en solitario como para los que disfrutan compitiendo online. Su micr&oacute;fono, adem&aacute;s de ofrecer una comunicaci&oacute;n r&aacute;pida y n&iacute;tida en todo momento gracias a su filtro anti-ruido, tiene una estructura flexible para que puedas adaptarlo a la posici&oacute;n perfecta en cada momento.<\/p>\n<p><strong>TECNOLOG&Iacute;A AIR<\/strong><br \/>Para facilitarte las sesiones m&aacute;s largas, los auriculares MH120 disponen de unas almohadillas recubiertas con cuero sint&eacute;tico tratado con tecnolog&iacute;a AIR: una superficie microperforada transpirable que los mantiene frescos y c&oacute;modos en todo momento, sin importar la duraci&oacute;n de la partida.<\/p>\n<p><strong>COMPATIBILIDAD MULTIPLATAFORMA<\/strong><br \/>Los auriculares MH120 son totalmente compatibles con todos tus dispositivos: Windows, PS4, PS5, XBOX ONE, XBOX SERIES X-S, Mac, Nintendo Switch, Smartphone, Tablet&#8230; Podr&aacute;s conectarlos c&oacute;modamente y sin preocupaciones, para que disfrutes de tus juegos o series donde m&aacute;s te guste. Dispone tambi&eacute;n de un control de volumen de acceso r&aacute;pido integrado en la parte trasera del auricular.<\/p>\n<table class=\"tabla_caracteristicas k-table\" width=\"100%\">\n<tr>\n<td valign=\"top\"><strong>Marca<\/strong><\/td>\n<td>Marsgaming<\/td>\n<\/tr>\n<tr>\n<td valign=\"top\"><strong>Modelo<\/strong><\/td>\n<td><strong>MH120<\/strong><\/td>\n<\/tr>\n<tr>\n<td valign=\"top\"><strong>Caracter&iacute;sticas<\/strong><\/td>\n<td>&#8211; Dimensiones: 172x245x90mm<br \/>\t\t\t&#8211; Peso: 205g<br \/>\t\t\t&#8211; Materiales: ABS<br \/>\t\t\t&#8211; Tipo de cable: Recubrimiento de goma<br \/>\t\t\t&#8211; Extras: Tecnolog&iacute;a AIR<br \/>\t\t\t&#8211; Sonido: Est&eacute;reo<br \/>\t\t\t&#8211; Compatibilidad: Windows, PS4, PS5, XBOX ONE, XBOX SERIES X-S, Mac, Nintendo Switch, Smartphone, Tablet<br \/>\t\t\t&#8211; Longitud del cable: 180cm<br \/>\t\t\t&#8211; Conector: Jack 3.5mm<br \/>\t\t\t&#8211; Control de volumen<br \/>\t\t\t&#8211; Adaptador: Adaptador 1-2<br \/>\t\t\t&#8211; Dimensiones (driver): Din&aacute;mico 50mm neodimio<br \/>\t\t\t&#8211; Rango de frecuencia (driver): 18Hz-20KHz<br \/>\t\t\t&#8211; Sensibilidad (driver): 108dB &plusmn; 3dB<br \/>\t\t\t&#8211; Impedancia (driver): 24&Omega;<br \/>\t\t\t&#8211; Direccionalidad (micr&oacute;fono): Omnidireccional<br \/>\t\t\t&#8211; Sensibilidad (micr&oacute;fono): -58dB&plusmn;2dB<br \/>\t\t\t&#8211; Rango de frecuencia (micr&oacute;fono): 100Hz &#8211; 10KHz<br \/>\t\t\t&#8211; Dimensiones (micr&oacute;fono): 6 x 2,7mm<br \/>\t\t\t&#8211; Retr&aacute;ctil (micr&oacute;fono): Flexible<br \/>\t\t\t<strong>Contenido de la caja<\/strong><br \/>\t\t\t&#8211; Auriculares<br \/>\t\t\t&#8211; Adaptador 1-2<br \/>\t\t\t&#8211; Manual<\/td>\n<\/tr>\n<tr>\n<td valign=\"top\"><strong>Fecha de revisi&oacute;n<\/strong><\/td>\n<td>19-01-2021 por MPM<\/td>\n<\/tr>\n<\/table>\n","protected":false},"excerpt":{"rendered":"<p>DISE&Ntilde;O ULTRA-LIGERO, ERGON&Oacute;MICO Y ADAPTABLEDise&ntilde;ados para proporcionar una comodidad extrema, la diadema de los MH120 cuenta con un dise&ntilde;o en suspensi&oacute;n y una banda flexible auto-ajustable. Adem&aacute;s, sus 205g de peso har&aacute;n que te olvides que los llevas puestos. DRIVERS NEODIMIO CON SONIDO ESPACIALLos drivers de los MH120 reproducen el sonido con una espacialidad optimizada,&hellip;&nbsp;<a href=\"https:\/\/aivlisoft.net\/shop\/producto\/mars-gaming-mh120-headsetmicro-multiplat\/\" rel=\"bookmark\"><span class=\"screen-reader-text\">Mars Gaming MH120 HEADSET+MICRO MULTIPLAT.<\/span><\/a><\/p>\n","protected":false},"featured_media":15552,"template":"","meta":{"neve_meta_sidebar":"","neve_meta_container":"","neve_meta_enable_content_width":"","neve_meta_content_width":0,"neve_meta_title_alignment":"","neve_meta_author_avatar":"","neve_post_elements_order":"","neve_meta_disable_header":"","neve_meta_disable_footer":"","neve_meta_disable_title":""},"product_brand":[],"product_cat":[15,790,957,5818],"product_tag":[5888],"class_list":{"0":"post-15551","1":"product","2":"type-product","3":"status-publish","4":"has-post-thumbnail","6":"product_cat-sin-categorizar","7":"product_cat-accesorios-gaming","8":"product_cat-accesorios-imagen-y-sonido","9":"product_cat-audio","10":"product_tag-mh120","12":"first","13":"instock","14":"taxable","15":"shipping-taxable","16":"purchasable","17":"product-type-simple"},"yoast_head":"<!-- This site is optimized with the Yoast SEO plugin v26.0 - https:\/\/yoast.com\/wordpress\/plugins\/seo\/ -->\n<title>Mars Gaming MH120 HEADSET+MICRO MULTIPLAT. - Aivlisoft Inform\u00e1tica<\/title>\n<meta name=\"robots\" content=\"index, follow, max-snippet:-1, max-image-preview:large, max-video-preview:-1\" \/>\n<link rel=\"canonical\" href=\"https:\/\/aivlisoft.net\/shop\/producto\/mars-gaming-mh120-headsetmicro-multiplat\/\" \/>\n<meta property=\"og:locale\" content=\"es_ES\" \/>\n<meta property=\"og:type\" content=\"article\" \/>\n<meta property=\"og:title\" content=\"Mars Gaming MH120 HEADSET+MICRO MULTIPLAT. - Aivlisoft Inform\u00e1tica\" \/>\n<meta property=\"og:description\" content=\"DISE&Ntilde;O ULTRA-LIGERO, ERGON&Oacute;MICO Y ADAPTABLEDise&ntilde;ados para proporcionar una comodidad extrema, la diadema de los MH120 cuenta con un dise&ntilde;o en suspensi&oacute;n y una banda flexible auto-ajustable. Adem&aacute;s, sus 205g de peso har&aacute;n que te olvides que los llevas puestos. DRIVERS NEODIMIO CON SONIDO ESPACIALLos drivers de los MH120 reproducen el sonido con una espacialidad optimizada,&hellip;&nbsp;Mars Gaming MH120 HEADSET+MICRO MULTIPLAT.\" \/>\n<meta property=\"og:url\" content=\"https:\/\/aivlisoft.net\/shop\/producto\/mars-gaming-mh120-headsetmicro-multiplat\/\" \/>\n<meta property=\"og:site_name\" content=\"Aivlisoft Inform\u00e1tica\" \/>\n<meta property=\"article:modified_time\" content=\"2025-01-14T21:11:01+00:00\" \/>\n<meta property=\"og:image\" content=\"https:\/\/aivlisoft.net\/shop\/wp-content\/uploads\/2025\/01\/MAUAMI0870_800.jpg\" \/>\n\t<meta property=\"og:image:width\" content=\"800\" \/>\n\t<meta property=\"og:image:height\" content=\"800\" \/>\n\t<meta property=\"og:image:type\" content=\"image\/jpeg\" \/>\n<meta name=\"twitter:card\" content=\"summary_large_image\" \/>\n<meta name=\"twitter:label1\" content=\"Tiempo de lectura\" \/>\n\t<meta name=\"twitter:data1\" content=\"2 minutos\" \/>\n<script type=\"application\/ld+json\" class=\"yoast-schema-graph\">{\"@context\":\"https:\/\/schema.org\",\"@graph\":[{\"@type\":\"WebPage\",\"@id\":\"https:\/\/aivlisoft.net\/shop\/producto\/mars-gaming-mh120-headsetmicro-multiplat\/\",\"url\":\"https:\/\/aivlisoft.net\/shop\/producto\/mars-gaming-mh120-headsetmicro-multiplat\/\",\"name\":\"Mars Gaming MH120 HEADSET+MICRO MULTIPLAT. - Aivlisoft Inform\u00e1tica\",\"isPartOf\":{\"@id\":\"https:\/\/aivlisoft.net\/shop\/#website\"},\"primaryImageOfPage\":{\"@id\":\"https:\/\/aivlisoft.net\/shop\/producto\/mars-gaming-mh120-headsetmicro-multiplat\/#primaryimage\"},\"image\":{\"@id\":\"https:\/\/aivlisoft.net\/shop\/producto\/mars-gaming-mh120-headsetmicro-multiplat\/#primaryimage\"},\"thumbnailUrl\":\"https:\/\/aivlisoft.net\/shop\/wp-content\/uploads\/2025\/01\/MAUAMI0870_800.jpg\",\"datePublished\":\"2025-01-13T14:54:21+00:00\",\"dateModified\":\"2025-01-14T21:11:01+00:00\",\"breadcrumb\":{\"@id\":\"https:\/\/aivlisoft.net\/shop\/producto\/mars-gaming-mh120-headsetmicro-multiplat\/#breadcrumb\"},\"inLanguage\":\"es\",\"potentialAction\":[{\"@type\":\"ReadAction\",\"target\":[\"https:\/\/aivlisoft.net\/shop\/producto\/mars-gaming-mh120-headsetmicro-multiplat\/\"]}]},{\"@type\":\"ImageObject\",\"inLanguage\":\"es\",\"@id\":\"https:\/\/aivlisoft.net\/shop\/producto\/mars-gaming-mh120-headsetmicro-multiplat\/#primaryimage\",\"url\":\"https:\/\/aivlisoft.net\/shop\/wp-content\/uploads\/2025\/01\/MAUAMI0870_800.jpg\",\"contentUrl\":\"https:\/\/aivlisoft.net\/shop\/wp-content\/uploads\/2025\/01\/MAUAMI0870_800.jpg\",\"width\":800,\"height\":800},{\"@type\":\"BreadcrumbList\",\"@id\":\"https:\/\/aivlisoft.net\/shop\/producto\/mars-gaming-mh120-headsetmicro-multiplat\/#breadcrumb\",\"itemListElement\":[{\"@type\":\"ListItem\",\"position\":1,\"name\":\"Portada\",\"item\":\"https:\/\/aivlisoft.net\/shop\/\"},{\"@type\":\"ListItem\",\"position\":2,\"name\":\"Tienda\",\"item\":\"https:\/\/aivlisoft.net\/shop\/tienda\/\"},{\"@type\":\"ListItem\",\"position\":3,\"name\":\"Mars Gaming MH120 HEADSET+MICRO MULTIPLAT.\"}]},{\"@type\":\"WebSite\",\"@id\":\"https:\/\/aivlisoft.net\/shop\/#website\",\"url\":\"https:\/\/aivlisoft.net\/shop\/\",\"name\":\"Aivlisoft Inform\u00e1tica\",\"description\":\"En Aivlisoft Inform\u00e1tica ofrecemos soluciones tecnol\u00f3gicas para empresas: venta de ordenadores, consumibles, perif\u00e9ricos y m\u00e1s. Calidad, atenci\u00f3n personalizada y los mejores precios para tu negocio.\",\"publisher\":{\"@id\":\"https:\/\/aivlisoft.net\/shop\/#organization\"},\"potentialAction\":[{\"@type\":\"SearchAction\",\"target\":{\"@type\":\"EntryPoint\",\"urlTemplate\":\"https:\/\/aivlisoft.net\/shop\/?s={search_term_string}\"},\"query-input\":{\"@type\":\"PropertyValueSpecification\",\"valueRequired\":true,\"valueName\":\"search_term_string\"}}],\"inLanguage\":\"es\"},{\"@type\":\"Organization\",\"@id\":\"https:\/\/aivlisoft.net\/shop\/#organization\",\"name\":\"Aivlisoft Inform\u00e1tica\",\"url\":\"https:\/\/aivlisoft.net\/shop\/\",\"logo\":{\"@type\":\"ImageObject\",\"inLanguage\":\"es\",\"@id\":\"https:\/\/aivlisoft.net\/shop\/#\/schema\/logo\/image\/\",\"url\":\"https:\/\/aivlisoft.net\/shop\/wp-content\/uploads\/2024\/12\/removal.ai_5b848c54-0cdf-4140-95c5-c5536bb7573b-logodef.png\",\"contentUrl\":\"https:\/\/aivlisoft.net\/shop\/wp-content\/uploads\/2024\/12\/removal.ai_5b848c54-0cdf-4140-95c5-c5536bb7573b-logodef.png\",\"width\":484,\"height\":182,\"caption\":\"Aivlisoft Inform\u00e1tica\"},\"image\":{\"@id\":\"https:\/\/aivlisoft.net\/shop\/#\/schema\/logo\/image\/\"}}]}<\/script>\n<!-- \/ Yoast SEO plugin. -->","yoast_head_json":{"title":"Mars Gaming MH120 HEADSET+MICRO MULTIPLAT. - Aivlisoft Inform\u00e1tica","robots":{"index":"index","follow":"follow","max-snippet":"max-snippet:-1","max-image-preview":"max-image-preview:large","max-video-preview":"max-video-preview:-1"},"canonical":"https:\/\/aivlisoft.net\/shop\/producto\/mars-gaming-mh120-headsetmicro-multiplat\/","og_locale":"es_ES","og_type":"article","og_title":"Mars Gaming MH120 HEADSET+MICRO MULTIPLAT. - Aivlisoft Inform\u00e1tica","og_description":"DISE&Ntilde;O ULTRA-LIGERO, ERGON&Oacute;MICO Y ADAPTABLEDise&ntilde;ados para proporcionar una comodidad extrema, la diadema de los MH120 cuenta con un dise&ntilde;o en suspensi&oacute;n y una banda flexible auto-ajustable. Adem&aacute;s, sus 205g de peso har&aacute;n que te olvides que los llevas puestos. DRIVERS NEODIMIO CON SONIDO ESPACIALLos drivers de los MH120 reproducen el sonido con una espacialidad optimizada,&hellip;&nbsp;Mars Gaming MH120 HEADSET+MICRO MULTIPLAT.","og_url":"https:\/\/aivlisoft.net\/shop\/producto\/mars-gaming-mh120-headsetmicro-multiplat\/","og_site_name":"Aivlisoft Inform\u00e1tica","article_modified_time":"2025-01-14T21:11:01+00:00","og_image":[{"width":800,"height":800,"url":"https:\/\/aivlisoft.net\/shop\/wp-content\/uploads\/2025\/01\/MAUAMI0870_800.jpg","type":"image\/jpeg"}],"twitter_card":"summary_large_image","twitter_misc":{"Tiempo de lectura":"2 minutos"},"schema":{"@context":"https:\/\/schema.org","@graph":[{"@type":"WebPage","@id":"https:\/\/aivlisoft.net\/shop\/producto\/mars-gaming-mh120-headsetmicro-multiplat\/","url":"https:\/\/aivlisoft.net\/shop\/producto\/mars-gaming-mh120-headsetmicro-multiplat\/","name":"Mars Gaming MH120 HEADSET+MICRO MULTIPLAT. - Aivlisoft Inform\u00e1tica","isPartOf":{"@id":"https:\/\/aivlisoft.net\/shop\/#website"},"primaryImageOfPage":{"@id":"https:\/\/aivlisoft.net\/shop\/producto\/mars-gaming-mh120-headsetmicro-multiplat\/#primaryimage"},"image":{"@id":"https:\/\/aivlisoft.net\/shop\/producto\/mars-gaming-mh120-headsetmicro-multiplat\/#primaryimage"},"thumbnailUrl":"https:\/\/aivlisoft.net\/shop\/wp-content\/uploads\/2025\/01\/MAUAMI0870_800.jpg","datePublished":"2025-01-13T14:54:21+00:00","dateModified":"2025-01-14T21:11:01+00:00","breadcrumb":{"@id":"https:\/\/aivlisoft.net\/shop\/producto\/mars-gaming-mh120-headsetmicro-multiplat\/#breadcrumb"},"inLanguage":"es","potentialAction":[{"@type":"ReadAction","target":["https:\/\/aivlisoft.net\/shop\/producto\/mars-gaming-mh120-headsetmicro-multiplat\/"]}]},{"@type":"ImageObject","inLanguage":"es","@id":"https:\/\/aivlisoft.net\/shop\/producto\/mars-gaming-mh120-headsetmicro-multiplat\/#primaryimage","url":"https:\/\/aivlisoft.net\/shop\/wp-content\/uploads\/2025\/01\/MAUAMI0870_800.jpg","contentUrl":"https:\/\/aivlisoft.net\/shop\/wp-content\/uploads\/2025\/01\/MAUAMI0870_800.jpg","width":800,"height":800},{"@type":"BreadcrumbList","@id":"https:\/\/aivlisoft.net\/shop\/producto\/mars-gaming-mh120-headsetmicro-multiplat\/#breadcrumb","itemListElement":[{"@type":"ListItem","position":1,"name":"Portada","item":"https:\/\/aivlisoft.net\/shop\/"},{"@type":"ListItem","position":2,"name":"Tienda","item":"https:\/\/aivlisoft.net\/shop\/tienda\/"},{"@type":"ListItem","position":3,"name":"Mars Gaming MH120 HEADSET+MICRO MULTIPLAT."}]},{"@type":"WebSite","@id":"https:\/\/aivlisoft.net\/shop\/#website","url":"https:\/\/aivlisoft.net\/shop\/","name":"Aivlisoft Inform\u00e1tica","description":"En Aivlisoft Inform\u00e1tica ofrecemos soluciones tecnol\u00f3gicas para empresas: venta de ordenadores, consumibles, perif\u00e9ricos y m\u00e1s. Calidad, atenci\u00f3n personalizada y los mejores precios para tu negocio.","publisher":{"@id":"https:\/\/aivlisoft.net\/shop\/#organization"},"potentialAction":[{"@type":"SearchAction","target":{"@type":"EntryPoint","urlTemplate":"https:\/\/aivlisoft.net\/shop\/?s={search_term_string}"},"query-input":{"@type":"PropertyValueSpecification","valueRequired":true,"valueName":"search_term_string"}}],"inLanguage":"es"},{"@type":"Organization","@id":"https:\/\/aivlisoft.net\/shop\/#organization","name":"Aivlisoft Inform\u00e1tica","url":"https:\/\/aivlisoft.net\/shop\/","logo":{"@type":"ImageObject","inLanguage":"es","@id":"https:\/\/aivlisoft.net\/shop\/#\/schema\/logo\/image\/","url":"https:\/\/aivlisoft.net\/shop\/wp-content\/uploads\/2024\/12\/removal.ai_5b848c54-0cdf-4140-95c5-c5536bb7573b-logodef.png","contentUrl":"https:\/\/aivlisoft.net\/shop\/wp-content\/uploads\/2024\/12\/removal.ai_5b848c54-0cdf-4140-95c5-c5536bb7573b-logodef.png","width":484,"height":182,"caption":"Aivlisoft Inform\u00e1tica"},"image":{"@id":"https:\/\/aivlisoft.net\/shop\/#\/schema\/logo\/image\/"}}]}},"_links":{"self":[{"href":"https:\/\/aivlisoft.net\/shop\/wp-json\/wp\/v2\/product\/15551","targetHints":{"allow":["GET"]}}],"collection":[{"href":"https:\/\/aivlisoft.net\/shop\/wp-json\/wp\/v2\/product"}],"about":[{"href":"https:\/\/aivlisoft.net\/shop\/wp-json\/wp\/v2\/types\/product"}],"wp:featuredmedia":[{"embeddable":true,"href":"https:\/\/aivlisoft.net\/shop\/wp-json\/wp\/v2\/media\/15552"}],"wp:attachment":[{"href":"https:\/\/aivlisoft.net\/shop\/wp-json\/wp\/v2\/media?parent=15551"}],"wp:term":[{"taxonomy":"product_brand","embeddable":true,"href":"https:\/\/aivlisoft.net\/shop\/wp-json\/wp\/v2\/product_brand?post=15551"},{"taxonomy":"product_cat","embeddable":true,"href":"https:\/\/aivlisoft.net\/shop\/wp-json\/wp\/v2\/product_cat?post=15551"},{"taxonomy":"product_tag","embeddable":true,"href":"https:\/\/aivlisoft.net\/shop\/wp-json\/wp\/v2\/product_tag?post=15551"}],"curies":[{"name":"wp","href":"https:\/\/api.w.org\/{rel}","templated":true}]}}