{"id":15520,"date":"2025-01-13T14:54:04","date_gmt":"2025-01-13T14:54:04","guid":{"rendered":"https:\/\/aivlisoft.com\/?post_type=product&#038;p=15520"},"modified":"2025-01-14T21:11:07","modified_gmt":"2025-01-14T21:11:07","slug":"coolbox-auricular-c-mic-usb-coolchat","status":"publish","type":"product","link":"https:\/\/aivlisoft.net\/shop\/producto\/coolbox-auricular-c-mic-usb-coolchat\/","title":{"rendered":"Coolbox Auricular  C\/MIC USB coolCHAT"},"content":{"rendered":"<p>Auricular econ&oacute;mico, ligero y con buena calidad de sonido y micr&oacute;fono, ideal para videollamadas por teletrabajo, videoconferencias, clases virtuales o simplemente chats online con familiares o amigos.<\/p>\n<table class=\"tabla_caracteristicas k-table\" width=\"100%\">\n<tbody>\n<tr>\n<td><strong>Marca<\/strong><\/td>\n<td>CoolBox<\/td>\n<\/tr>\n<tr>\n<td><strong>Modelo<\/strong><\/td>\n<td><strong>COO-AUM-01U<\/strong><\/td>\n<\/tr>\n<tr>\n<td><strong>Caracteristicas<\/strong><\/td>\n<td>&#8211; <strong>Ideales para videollamadas<\/strong>: el CoolChat U1 es un auricular perfecto para mantener videoconferencias por teletrabajo o estudios a distancia. Compatibles con Skype, Discord, Google hangouts, Facebook, Zoom o cualquier plataforma de video disponible.<br \/>&#8211; <strong>Livianos y c&oacute;modo<\/strong>s: con apenas 135 gramos de peso, almohadillas acolchadas y diadema ajustable abierta para evitar calor durante su uso prolongado, no notar&aacute;s que los llevas puestos. Gracias a esto, podr&aacute;s utilizarlos sin problemas durante horas sin sufrir molestias.<br \/>&#8211; <strong>Gran calidad de audio<\/strong>: sonido est&eacute;reo de alta fidelidad por conexi&oacute;n USB, micr&oacute;fono flexible y ajustable, para poder ocultarlo cuando no est&aacute; en uso. Adem&aacute;s, en el cable cuenta con silenciador de sonido (mute) y de micr&oacute;fono.<br \/>&#8211; C<strong>able de gran longitud<\/strong>: cable de 2 metros de longitud, para que no tengas problemas incluso si lo conectamos a un ordenador de sobremesa que tenemos a cierta distancia. Adem&aacute;s, cuentan con control de volumen integrado en el cable para mayor comodidad.<br \/>&#8211; <strong>Cascos multiuso<\/strong>: para chat, videoconferencias, juegos en l&iacute;nea, clases virtuales, teletrabajo, etc. Compatibles con ordenadores de sobremesa o laptop.<\/td>\n<\/tr>\n<tr>\n<td><strong>Fecha de revisi&oacute;n<\/strong><\/td>\n<td>30-09-2020 por MSB<\/td>\n<\/tr>\n<\/tbody>\n<\/table>\n","protected":false},"excerpt":{"rendered":"<p>Auricular econ&oacute;mico, ligero y con buena calidad de sonido y micr&oacute;fono, ideal para videollamadas por teletrabajo, videoconferencias, clases virtuales o simplemente chats online con familiares o amigos. Marca CoolBox Modelo COO-AUM-01U Caracteristicas &#8211; Ideales para videollamadas: el CoolChat U1 es un auricular perfecto para mantener videoconferencias por teletrabajo o estudios a distancia. Compatibles con Skype,&hellip;&nbsp;<a href=\"https:\/\/aivlisoft.net\/shop\/producto\/coolbox-auricular-c-mic-usb-coolchat\/\" rel=\"bookmark\"><span class=\"screen-reader-text\">Coolbox Auricular  C\/MIC USB coolCHAT<\/span><\/a><\/p>\n","protected":false},"featured_media":15521,"template":"","meta":{"neve_meta_sidebar":"","neve_meta_container":"","neve_meta_enable_content_width":"","neve_meta_content_width":0,"neve_meta_title_alignment":"","neve_meta_author_avatar":"","neve_post_elements_order":"","neve_meta_disable_header":"","neve_meta_disable_footer":"","neve_meta_disable_title":""},"product_brand":[],"product_cat":[15,790,957,5818],"product_tag":[5878],"class_list":{"0":"post-15520","1":"product","2":"type-product","3":"status-publish","4":"has-post-thumbnail","6":"product_cat-sin-categorizar","7":"product_cat-accesorios-gaming","8":"product_cat-accesorios-imagen-y-sonido","9":"product_cat-audio","10":"product_tag-coo-aum-01u","12":"first","13":"instock","14":"taxable","15":"shipping-taxable","16":"purchasable","17":"product-type-simple"},"yoast_head":"<!-- This site is optimized with the Yoast SEO plugin v26.0 - https:\/\/yoast.com\/wordpress\/plugins\/seo\/ -->\n<title>Coolbox Auricular C\/MIC USB coolCHAT - Aivlisoft Inform\u00e1tica<\/title>\n<meta name=\"robots\" content=\"index, follow, max-snippet:-1, max-image-preview:large, max-video-preview:-1\" \/>\n<link rel=\"canonical\" href=\"https:\/\/aivlisoft.net\/shop\/producto\/coolbox-auricular-c-mic-usb-coolchat\/\" \/>\n<meta property=\"og:locale\" content=\"es_ES\" \/>\n<meta property=\"og:type\" content=\"article\" \/>\n<meta property=\"og:title\" content=\"Coolbox Auricular C\/MIC USB coolCHAT - Aivlisoft Inform\u00e1tica\" \/>\n<meta property=\"og:description\" content=\"Auricular econ&oacute;mico, ligero y con buena calidad de sonido y micr&oacute;fono, ideal para videollamadas por teletrabajo, videoconferencias, clases virtuales o simplemente chats online con familiares o amigos. Marca CoolBox Modelo COO-AUM-01U Caracteristicas &#8211; Ideales para videollamadas: el CoolChat U1 es un auricular perfecto para mantener videoconferencias por teletrabajo o estudios a distancia. Compatibles con Skype,&hellip;&nbsp;Coolbox Auricular C\/MIC USB coolCHAT\" \/>\n<meta property=\"og:url\" content=\"https:\/\/aivlisoft.net\/shop\/producto\/coolbox-auricular-c-mic-usb-coolchat\/\" \/>\n<meta property=\"og:site_name\" content=\"Aivlisoft Inform\u00e1tica\" \/>\n<meta property=\"article:modified_time\" content=\"2025-01-14T21:11:07+00:00\" \/>\n<meta property=\"og:image\" content=\"https:\/\/aivlisoft.net\/shop\/wp-content\/uploads\/2025\/01\/MAUAMI0839_800.jpg\" \/>\n\t<meta property=\"og:image:width\" content=\"800\" \/>\n\t<meta property=\"og:image:height\" content=\"800\" \/>\n\t<meta property=\"og:image:type\" content=\"image\/jpeg\" \/>\n<meta name=\"twitter:card\" content=\"summary_large_image\" \/>\n<meta name=\"twitter:label1\" content=\"Tiempo de lectura\" \/>\n\t<meta name=\"twitter:data1\" content=\"1 minuto\" \/>\n<script type=\"application\/ld+json\" class=\"yoast-schema-graph\">{\"@context\":\"https:\/\/schema.org\",\"@graph\":[{\"@type\":\"WebPage\",\"@id\":\"https:\/\/aivlisoft.net\/shop\/producto\/coolbox-auricular-c-mic-usb-coolchat\/\",\"url\":\"https:\/\/aivlisoft.net\/shop\/producto\/coolbox-auricular-c-mic-usb-coolchat\/\",\"name\":\"Coolbox Auricular C\/MIC USB coolCHAT - Aivlisoft Inform\u00e1tica\",\"isPartOf\":{\"@id\":\"https:\/\/aivlisoft.net\/shop\/#website\"},\"primaryImageOfPage\":{\"@id\":\"https:\/\/aivlisoft.net\/shop\/producto\/coolbox-auricular-c-mic-usb-coolchat\/#primaryimage\"},\"image\":{\"@id\":\"https:\/\/aivlisoft.net\/shop\/producto\/coolbox-auricular-c-mic-usb-coolchat\/#primaryimage\"},\"thumbnailUrl\":\"https:\/\/aivlisoft.net\/shop\/wp-content\/uploads\/2025\/01\/MAUAMI0839_800.jpg\",\"datePublished\":\"2025-01-13T14:54:04+00:00\",\"dateModified\":\"2025-01-14T21:11:07+00:00\",\"breadcrumb\":{\"@id\":\"https:\/\/aivlisoft.net\/shop\/producto\/coolbox-auricular-c-mic-usb-coolchat\/#breadcrumb\"},\"inLanguage\":\"es\",\"potentialAction\":[{\"@type\":\"ReadAction\",\"target\":[\"https:\/\/aivlisoft.net\/shop\/producto\/coolbox-auricular-c-mic-usb-coolchat\/\"]}]},{\"@type\":\"ImageObject\",\"inLanguage\":\"es\",\"@id\":\"https:\/\/aivlisoft.net\/shop\/producto\/coolbox-auricular-c-mic-usb-coolchat\/#primaryimage\",\"url\":\"https:\/\/aivlisoft.net\/shop\/wp-content\/uploads\/2025\/01\/MAUAMI0839_800.jpg\",\"contentUrl\":\"https:\/\/aivlisoft.net\/shop\/wp-content\/uploads\/2025\/01\/MAUAMI0839_800.jpg\",\"width\":800,\"height\":800},{\"@type\":\"BreadcrumbList\",\"@id\":\"https:\/\/aivlisoft.net\/shop\/producto\/coolbox-auricular-c-mic-usb-coolchat\/#breadcrumb\",\"itemListElement\":[{\"@type\":\"ListItem\",\"position\":1,\"name\":\"Portada\",\"item\":\"https:\/\/aivlisoft.net\/shop\/\"},{\"@type\":\"ListItem\",\"position\":2,\"name\":\"Tienda\",\"item\":\"https:\/\/aivlisoft.net\/shop\/tienda\/\"},{\"@type\":\"ListItem\",\"position\":3,\"name\":\"Coolbox Auricular C\/MIC USB coolCHAT\"}]},{\"@type\":\"WebSite\",\"@id\":\"https:\/\/aivlisoft.net\/shop\/#website\",\"url\":\"https:\/\/aivlisoft.net\/shop\/\",\"name\":\"Aivlisoft Inform\u00e1tica\",\"description\":\"En Aivlisoft Inform\u00e1tica ofrecemos soluciones tecnol\u00f3gicas para empresas: venta de ordenadores, consumibles, perif\u00e9ricos y m\u00e1s. Calidad, atenci\u00f3n personalizada y los mejores precios para tu negocio.\",\"publisher\":{\"@id\":\"https:\/\/aivlisoft.net\/shop\/#organization\"},\"potentialAction\":[{\"@type\":\"SearchAction\",\"target\":{\"@type\":\"EntryPoint\",\"urlTemplate\":\"https:\/\/aivlisoft.net\/shop\/?s={search_term_string}\"},\"query-input\":{\"@type\":\"PropertyValueSpecification\",\"valueRequired\":true,\"valueName\":\"search_term_string\"}}],\"inLanguage\":\"es\"},{\"@type\":\"Organization\",\"@id\":\"https:\/\/aivlisoft.net\/shop\/#organization\",\"name\":\"Aivlisoft Inform\u00e1tica\",\"url\":\"https:\/\/aivlisoft.net\/shop\/\",\"logo\":{\"@type\":\"ImageObject\",\"inLanguage\":\"es\",\"@id\":\"https:\/\/aivlisoft.net\/shop\/#\/schema\/logo\/image\/\",\"url\":\"https:\/\/aivlisoft.net\/shop\/wp-content\/uploads\/2024\/12\/removal.ai_5b848c54-0cdf-4140-95c5-c5536bb7573b-logodef.png\",\"contentUrl\":\"https:\/\/aivlisoft.net\/shop\/wp-content\/uploads\/2024\/12\/removal.ai_5b848c54-0cdf-4140-95c5-c5536bb7573b-logodef.png\",\"width\":484,\"height\":182,\"caption\":\"Aivlisoft Inform\u00e1tica\"},\"image\":{\"@id\":\"https:\/\/aivlisoft.net\/shop\/#\/schema\/logo\/image\/\"}}]}<\/script>\n<!-- \/ Yoast SEO plugin. -->","yoast_head_json":{"title":"Coolbox Auricular C\/MIC USB coolCHAT - Aivlisoft Inform\u00e1tica","robots":{"index":"index","follow":"follow","max-snippet":"max-snippet:-1","max-image-preview":"max-image-preview:large","max-video-preview":"max-video-preview:-1"},"canonical":"https:\/\/aivlisoft.net\/shop\/producto\/coolbox-auricular-c-mic-usb-coolchat\/","og_locale":"es_ES","og_type":"article","og_title":"Coolbox Auricular C\/MIC USB coolCHAT - Aivlisoft Inform\u00e1tica","og_description":"Auricular econ&oacute;mico, ligero y con buena calidad de sonido y micr&oacute;fono, ideal para videollamadas por teletrabajo, videoconferencias, clases virtuales o simplemente chats online con familiares o amigos. Marca CoolBox Modelo COO-AUM-01U Caracteristicas &#8211; Ideales para videollamadas: el CoolChat U1 es un auricular perfecto para mantener videoconferencias por teletrabajo o estudios a distancia. Compatibles con Skype,&hellip;&nbsp;Coolbox Auricular C\/MIC USB coolCHAT","og_url":"https:\/\/aivlisoft.net\/shop\/producto\/coolbox-auricular-c-mic-usb-coolchat\/","og_site_name":"Aivlisoft Inform\u00e1tica","article_modified_time":"2025-01-14T21:11:07+00:00","og_image":[{"width":800,"height":800,"url":"https:\/\/aivlisoft.net\/shop\/wp-content\/uploads\/2025\/01\/MAUAMI0839_800.jpg","type":"image\/jpeg"}],"twitter_card":"summary_large_image","twitter_misc":{"Tiempo de lectura":"1 minuto"},"schema":{"@context":"https:\/\/schema.org","@graph":[{"@type":"WebPage","@id":"https:\/\/aivlisoft.net\/shop\/producto\/coolbox-auricular-c-mic-usb-coolchat\/","url":"https:\/\/aivlisoft.net\/shop\/producto\/coolbox-auricular-c-mic-usb-coolchat\/","name":"Coolbox Auricular C\/MIC USB coolCHAT - Aivlisoft Inform\u00e1tica","isPartOf":{"@id":"https:\/\/aivlisoft.net\/shop\/#website"},"primaryImageOfPage":{"@id":"https:\/\/aivlisoft.net\/shop\/producto\/coolbox-auricular-c-mic-usb-coolchat\/#primaryimage"},"image":{"@id":"https:\/\/aivlisoft.net\/shop\/producto\/coolbox-auricular-c-mic-usb-coolchat\/#primaryimage"},"thumbnailUrl":"https:\/\/aivlisoft.net\/shop\/wp-content\/uploads\/2025\/01\/MAUAMI0839_800.jpg","datePublished":"2025-01-13T14:54:04+00:00","dateModified":"2025-01-14T21:11:07+00:00","breadcrumb":{"@id":"https:\/\/aivlisoft.net\/shop\/producto\/coolbox-auricular-c-mic-usb-coolchat\/#breadcrumb"},"inLanguage":"es","potentialAction":[{"@type":"ReadAction","target":["https:\/\/aivlisoft.net\/shop\/producto\/coolbox-auricular-c-mic-usb-coolchat\/"]}]},{"@type":"ImageObject","inLanguage":"es","@id":"https:\/\/aivlisoft.net\/shop\/producto\/coolbox-auricular-c-mic-usb-coolchat\/#primaryimage","url":"https:\/\/aivlisoft.net\/shop\/wp-content\/uploads\/2025\/01\/MAUAMI0839_800.jpg","contentUrl":"https:\/\/aivlisoft.net\/shop\/wp-content\/uploads\/2025\/01\/MAUAMI0839_800.jpg","width":800,"height":800},{"@type":"BreadcrumbList","@id":"https:\/\/aivlisoft.net\/shop\/producto\/coolbox-auricular-c-mic-usb-coolchat\/#breadcrumb","itemListElement":[{"@type":"ListItem","position":1,"name":"Portada","item":"https:\/\/aivlisoft.net\/shop\/"},{"@type":"ListItem","position":2,"name":"Tienda","item":"https:\/\/aivlisoft.net\/shop\/tienda\/"},{"@type":"ListItem","position":3,"name":"Coolbox Auricular C\/MIC USB coolCHAT"}]},{"@type":"WebSite","@id":"https:\/\/aivlisoft.net\/shop\/#website","url":"https:\/\/aivlisoft.net\/shop\/","name":"Aivlisoft Inform\u00e1tica","description":"En Aivlisoft Inform\u00e1tica ofrecemos soluciones tecnol\u00f3gicas para empresas: venta de ordenadores, consumibles, perif\u00e9ricos y m\u00e1s. Calidad, atenci\u00f3n personalizada y los mejores precios para tu negocio.","publisher":{"@id":"https:\/\/aivlisoft.net\/shop\/#organization"},"potentialAction":[{"@type":"SearchAction","target":{"@type":"EntryPoint","urlTemplate":"https:\/\/aivlisoft.net\/shop\/?s={search_term_string}"},"query-input":{"@type":"PropertyValueSpecification","valueRequired":true,"valueName":"search_term_string"}}],"inLanguage":"es"},{"@type":"Organization","@id":"https:\/\/aivlisoft.net\/shop\/#organization","name":"Aivlisoft Inform\u00e1tica","url":"https:\/\/aivlisoft.net\/shop\/","logo":{"@type":"ImageObject","inLanguage":"es","@id":"https:\/\/aivlisoft.net\/shop\/#\/schema\/logo\/image\/","url":"https:\/\/aivlisoft.net\/shop\/wp-content\/uploads\/2024\/12\/removal.ai_5b848c54-0cdf-4140-95c5-c5536bb7573b-logodef.png","contentUrl":"https:\/\/aivlisoft.net\/shop\/wp-content\/uploads\/2024\/12\/removal.ai_5b848c54-0cdf-4140-95c5-c5536bb7573b-logodef.png","width":484,"height":182,"caption":"Aivlisoft Inform\u00e1tica"},"image":{"@id":"https:\/\/aivlisoft.net\/shop\/#\/schema\/logo\/image\/"}}]}},"_links":{"self":[{"href":"https:\/\/aivlisoft.net\/shop\/wp-json\/wp\/v2\/product\/15520","targetHints":{"allow":["GET"]}}],"collection":[{"href":"https:\/\/aivlisoft.net\/shop\/wp-json\/wp\/v2\/product"}],"about":[{"href":"https:\/\/aivlisoft.net\/shop\/wp-json\/wp\/v2\/types\/product"}],"wp:featuredmedia":[{"embeddable":true,"href":"https:\/\/aivlisoft.net\/shop\/wp-json\/wp\/v2\/media\/15521"}],"wp:attachment":[{"href":"https:\/\/aivlisoft.net\/shop\/wp-json\/wp\/v2\/media?parent=15520"}],"wp:term":[{"taxonomy":"product_brand","embeddable":true,"href":"https:\/\/aivlisoft.net\/shop\/wp-json\/wp\/v2\/product_brand?post=15520"},{"taxonomy":"product_cat","embeddable":true,"href":"https:\/\/aivlisoft.net\/shop\/wp-json\/wp\/v2\/product_cat?post=15520"},{"taxonomy":"product_tag","embeddable":true,"href":"https:\/\/aivlisoft.net\/shop\/wp-json\/wp\/v2\/product_tag?post=15520"}],"curies":[{"name":"wp","href":"https:\/\/api.w.org\/{rel}","templated":true}]}}