{"id":15515,"date":"2025-01-13T14:54:02","date_gmt":"2025-01-13T14:54:02","guid":{"rendered":"https:\/\/aivlisoft.com\/?post_type=product&#038;p=15515"},"modified":"2025-01-14T21:11:08","modified_gmt":"2025-01-14T21:11:08","slug":"hiditec-auricular-vesta-blanco-wireless-game-mode","status":"publish","type":"product","link":"https:\/\/aivlisoft.net\/shop\/producto\/hiditec-auricular-vesta-blanco-wireless-game-mode\/","title":{"rendered":"Hiditec Auricular Vesta Blanco Wireless Game Mode"},"content":{"rendered":"<p><strong>El primer auricular True Wireless con Modo Gaming y 24 horas de autonom&iacute;a<\/strong><br \/>VESTA es el primer intrauricular TWS con modo Gaming , adem&aacute;s tiene una autonom&iacute;a de m&aacute;s de 24 horas e incorpora asistente de voz. Su dise&ntilde;o ergon&oacute;mico se adapta perfectamente evitando que se mueva.<\/p>\n<p><strong>Auriculares True Wireless con 24 horas de autonom&iacute;a.<\/strong><br \/>VESTA incorpora en su caja de carga una bater&iacute;a de 500mAh para ofrecer una autonom&iacute;a de m&aacute;s de 24 horas y que tengas tus auriculares siempre cargados.<br \/>Podr&aacute;s escuchar m&uacute;sica o ver pel&iacute;culas hasta 8 horas sin interrupci&oacute;n gracias a la bater&iacute;a de 60mAh que incorpora cada intrauricular y a su eficiencia, si prefieres el deporte, no tendr&aacute;s excusa porque sin escuchar musica no te vas a quedar.<\/p>\n<p><strong>Los primeros intrauriculares True Wireless con Modo Gaming.<\/strong><br \/>VESTA incorpora un modo espec&iacute;fico para juegos que permite aumentar la nitidez del sonido para escuchar cada detalle de tu juego as&iacute; como eliminar el retardo del sonido cuando juegas en tu smartphone.<br \/>Este modo se activa y desactiva con tan solo 5 toques en uno de los dos intrauriculares y consigue mejorar tu experiencia de<\/p>\n<p><strong>Auriculares True Wireless VESTA resistentes al agua<\/strong><br \/>Los intrauriculares True Wireless VESTA tienen certificaci&oacute;n IPX5 por lo que son resistente al agua , al polvo y al sudor.<br \/>Auriculares ideales para hacer deporte ya que adem&aacute;s de que son resistentes su dise&ntilde;o ergon&oacute;mico hacen que no se muevan durante tu sesi&oacute;n de entrenamiento.<\/p>\n<p><strong>Control t&aacute;ctil con tecnolog&iacute;a Touch Control y Asistente de Voz<\/strong><br \/>Activa el asistente de voz, sube o baja el volumen , controla tu m&uacute;sica y responde a tus llamadas telef&oacute;nicas.<br \/>VESTA, incorpora tecnolog&iacute;a Touch Control para subir o bajar volumen, pasar de canci&oacute;n, activar el asistente de voz de tu dispositivo o, contestar llamadas con voz por ambos auriculares.<\/p>\n<p><strong>Ergon&oacute;micos, ligeros y c&oacute;modos<\/strong><br \/>Los auriculares Vesta cuentan con un dise&ntilde;o ergon&oacute;mico que encaja a la perfecci&oacute;n en tu oreja adem&aacute;s de ser c&oacute;modos y ligeros.<br \/>Con el tama&ntilde;o tan reducido que tienen es muy c&oacute;modo llevarlos siempre encima para contestar llamadas telef&oacute;nicas y escuchar m&uacute;sica o ver tus series preferidas.<\/p>\n<p><strong>Intrauriculares Bluetooth 5.0 True Wireless compatibles con sistema iOs y Android<\/strong><br \/>Gracias a la nueva tecnolog&iacute;a que incorporan los auriculares Bluetooth True Wireless, VESTA es compatible con cualquier sistema operativo ya sea iOs, Android o incluso Windows, podr&aacute;s sincronizarlo con el dispositivo que quieras.<\/p>\n<table class=\"tabla_caracteristicas k-table\" width=\"100%\">\n<tr>\n<td><strong>Marca<\/strong><\/td>\n<td>Hiditec<\/td>\n<\/tr>\n<tr>\n<td><strong>Modelo<\/strong><\/td>\n<td><strong>INT010006<\/strong><\/td>\n<\/tr>\n<tr>\n<td><strong>Caracteristicas<\/strong><\/td>\n<td><strong>Conectividad<\/strong><br \/>\t\t\t&#8211; Bluetooth 5.0<br \/>\t\t\t&#8211; Alcance hasta 20 metros<br \/>\t\t\t<strong>Drivers<\/strong><br \/>\t\t\t&#8211; Respuesta en frecuencia: 20 Hz ~ 20 KHz<br \/>\t\t\t&#8211; Di&aacute;metro: 6 mm con membranas de Titanio<br \/>\t\t\t&#8211; Sensibilidad del altavoz: 96&plusmn;3dB<br \/>\t\t\t&#8211; Impedancia: 16&Omega; &plusmn; 15% 1kHz<br \/>\t\t\t<strong>Micr&oacute;fono<\/strong><br \/>\t\t\t&#8211; Sensibilidad: -42 dB&plusmn;3 dB (@1 Khz)<br \/>\t\t\t<strong>Caja de carga imantada<\/strong><br \/>\t\t\t&#8211; Capacidad: 500 mAh<br \/>\t\t\t&#8211; DC 5V\/1A<br \/>\t\t\t&#8211; Tipo: Litio<br \/>\t\t\t&#8211; Autonom&iacute;a en uso: hasta 24 horas<br \/>\t\t\t&#8211; Sistema de carga: USB<br \/>\t\t\t&#8211; Tiempo de carga: 2 horas<br \/>\t\t\t&#8211; Dimensi&oacute;n de la caja de carga imantada: 70 * 25 * 30 mm<br \/>\t\t\t&#8211; Peso neto caja de carga imantada: 37 g.<br \/>\t\t\t<strong>Auriculares in-ear bluetooth<\/strong><br \/>\t\t\t&#8211; Peso neto auriculares: 6 g x 2 auriculares.<br \/>\t\t\t&#8211; Tiempo de carga: 1 hora<br \/>\t\t\t<strong>Otros<\/strong><br \/>\t\t\t&#8211; Perfiles compatibles: HSP, HFP, A2DP, AVRCP<br \/>\t\t\t<strong>Contenido<\/strong><br \/>\t\t\t&#8211; Auriculares in-ear True Wireless.<br \/>\t\t\t&#8211; Caja de carga imantada.<br \/>\t\t\t&#8211; Cable USB.<br \/>\t\t\t&#8211; Almohadillas intercambiables.<br \/>\t\t\t&#8211; Manual de usuario.<\/td>\n<\/tr>\n<tr>\n<td><strong>Fecha de revisi&oacute;n<\/strong><\/td>\n<td>24-02-2021 por MPM<\/td>\n<\/tr>\n<\/table>\n","protected":false},"excerpt":{"rendered":"<p>El primer auricular True Wireless con Modo Gaming y 24 horas de autonom&iacute;aVESTA es el primer intrauricular TWS con modo Gaming , adem&aacute;s tiene una autonom&iacute;a de m&aacute;s de 24 horas e incorpora asistente de voz. Su dise&ntilde;o ergon&oacute;mico se adapta perfectamente evitando que se mueva. Auriculares True Wireless con 24 horas de autonom&iacute;a.VESTA incorpora&hellip;&nbsp;<a href=\"https:\/\/aivlisoft.net\/shop\/producto\/hiditec-auricular-vesta-blanco-wireless-game-mode\/\" rel=\"bookmark\"><span class=\"screen-reader-text\">Hiditec Auricular Vesta Blanco Wireless Game Mode<\/span><\/a><\/p>\n","protected":false},"featured_media":15516,"template":"","meta":{"neve_meta_sidebar":"","neve_meta_container":"","neve_meta_enable_content_width":"","neve_meta_content_width":0,"neve_meta_title_alignment":"","neve_meta_author_avatar":"","neve_post_elements_order":"","neve_meta_disable_header":"","neve_meta_disable_footer":"","neve_meta_disable_title":""},"product_brand":[],"product_cat":[15,790,957,5818],"product_tag":[5877],"class_list":{"0":"post-15515","1":"product","2":"type-product","3":"status-publish","4":"has-post-thumbnail","6":"product_cat-sin-categorizar","7":"product_cat-accesorios-gaming","8":"product_cat-accesorios-imagen-y-sonido","9":"product_cat-audio","10":"product_tag-int010006","12":"first","13":"instock","14":"taxable","15":"shipping-taxable","16":"purchasable","17":"product-type-simple"},"yoast_head":"<!-- This site is optimized with the Yoast SEO plugin v26.0 - https:\/\/yoast.com\/wordpress\/plugins\/seo\/ -->\n<title>Hiditec Auricular Vesta Blanco Wireless Game Mode - Aivlisoft Inform\u00e1tica<\/title>\n<meta name=\"robots\" content=\"index, follow, max-snippet:-1, max-image-preview:large, max-video-preview:-1\" \/>\n<link rel=\"canonical\" href=\"https:\/\/aivlisoft.net\/shop\/producto\/hiditec-auricular-vesta-blanco-wireless-game-mode\/\" \/>\n<meta property=\"og:locale\" content=\"es_ES\" \/>\n<meta property=\"og:type\" content=\"article\" \/>\n<meta property=\"og:title\" content=\"Hiditec Auricular Vesta Blanco Wireless Game Mode - Aivlisoft Inform\u00e1tica\" \/>\n<meta property=\"og:description\" content=\"El primer auricular True Wireless con Modo Gaming y 24 horas de autonom&iacute;aVESTA es el primer intrauricular TWS con modo Gaming , adem&aacute;s tiene una autonom&iacute;a de m&aacute;s de 24 horas e incorpora asistente de voz. Su dise&ntilde;o ergon&oacute;mico se adapta perfectamente evitando que se mueva. Auriculares True Wireless con 24 horas de autonom&iacute;a.VESTA incorpora&hellip;&nbsp;Hiditec Auricular Vesta Blanco Wireless Game Mode\" \/>\n<meta property=\"og:url\" content=\"https:\/\/aivlisoft.net\/shop\/producto\/hiditec-auricular-vesta-blanco-wireless-game-mode\/\" \/>\n<meta property=\"og:site_name\" content=\"Aivlisoft Inform\u00e1tica\" \/>\n<meta property=\"article:modified_time\" content=\"2025-01-14T21:11:08+00:00\" \/>\n<meta property=\"og:image\" content=\"https:\/\/aivlisoft.net\/shop\/wp-content\/uploads\/2025\/01\/MAUAMI0835_800.jpg\" \/>\n\t<meta property=\"og:image:width\" content=\"800\" \/>\n\t<meta property=\"og:image:height\" content=\"800\" \/>\n\t<meta property=\"og:image:type\" content=\"image\/jpeg\" \/>\n<meta name=\"twitter:card\" content=\"summary_large_image\" \/>\n<meta name=\"twitter:label1\" content=\"Tiempo de lectura\" \/>\n\t<meta name=\"twitter:data1\" content=\"3 minutos\" \/>\n<script type=\"application\/ld+json\" class=\"yoast-schema-graph\">{\"@context\":\"https:\/\/schema.org\",\"@graph\":[{\"@type\":\"WebPage\",\"@id\":\"https:\/\/aivlisoft.net\/shop\/producto\/hiditec-auricular-vesta-blanco-wireless-game-mode\/\",\"url\":\"https:\/\/aivlisoft.net\/shop\/producto\/hiditec-auricular-vesta-blanco-wireless-game-mode\/\",\"name\":\"Hiditec Auricular Vesta Blanco Wireless Game Mode - Aivlisoft Inform\u00e1tica\",\"isPartOf\":{\"@id\":\"https:\/\/aivlisoft.net\/shop\/#website\"},\"primaryImageOfPage\":{\"@id\":\"https:\/\/aivlisoft.net\/shop\/producto\/hiditec-auricular-vesta-blanco-wireless-game-mode\/#primaryimage\"},\"image\":{\"@id\":\"https:\/\/aivlisoft.net\/shop\/producto\/hiditec-auricular-vesta-blanco-wireless-game-mode\/#primaryimage\"},\"thumbnailUrl\":\"https:\/\/aivlisoft.net\/shop\/wp-content\/uploads\/2025\/01\/MAUAMI0835_800.jpg\",\"datePublished\":\"2025-01-13T14:54:02+00:00\",\"dateModified\":\"2025-01-14T21:11:08+00:00\",\"breadcrumb\":{\"@id\":\"https:\/\/aivlisoft.net\/shop\/producto\/hiditec-auricular-vesta-blanco-wireless-game-mode\/#breadcrumb\"},\"inLanguage\":\"es\",\"potentialAction\":[{\"@type\":\"ReadAction\",\"target\":[\"https:\/\/aivlisoft.net\/shop\/producto\/hiditec-auricular-vesta-blanco-wireless-game-mode\/\"]}]},{\"@type\":\"ImageObject\",\"inLanguage\":\"es\",\"@id\":\"https:\/\/aivlisoft.net\/shop\/producto\/hiditec-auricular-vesta-blanco-wireless-game-mode\/#primaryimage\",\"url\":\"https:\/\/aivlisoft.net\/shop\/wp-content\/uploads\/2025\/01\/MAUAMI0835_800.jpg\",\"contentUrl\":\"https:\/\/aivlisoft.net\/shop\/wp-content\/uploads\/2025\/01\/MAUAMI0835_800.jpg\",\"width\":800,\"height\":800},{\"@type\":\"BreadcrumbList\",\"@id\":\"https:\/\/aivlisoft.net\/shop\/producto\/hiditec-auricular-vesta-blanco-wireless-game-mode\/#breadcrumb\",\"itemListElement\":[{\"@type\":\"ListItem\",\"position\":1,\"name\":\"Portada\",\"item\":\"https:\/\/aivlisoft.net\/shop\/\"},{\"@type\":\"ListItem\",\"position\":2,\"name\":\"Tienda\",\"item\":\"https:\/\/aivlisoft.net\/shop\/tienda\/\"},{\"@type\":\"ListItem\",\"position\":3,\"name\":\"Hiditec Auricular Vesta Blanco Wireless Game Mode\"}]},{\"@type\":\"WebSite\",\"@id\":\"https:\/\/aivlisoft.net\/shop\/#website\",\"url\":\"https:\/\/aivlisoft.net\/shop\/\",\"name\":\"Aivlisoft Inform\u00e1tica\",\"description\":\"En Aivlisoft Inform\u00e1tica ofrecemos soluciones tecnol\u00f3gicas para empresas: venta de ordenadores, consumibles, perif\u00e9ricos y m\u00e1s. Calidad, atenci\u00f3n personalizada y los mejores precios para tu negocio.\",\"publisher\":{\"@id\":\"https:\/\/aivlisoft.net\/shop\/#organization\"},\"potentialAction\":[{\"@type\":\"SearchAction\",\"target\":{\"@type\":\"EntryPoint\",\"urlTemplate\":\"https:\/\/aivlisoft.net\/shop\/?s={search_term_string}\"},\"query-input\":{\"@type\":\"PropertyValueSpecification\",\"valueRequired\":true,\"valueName\":\"search_term_string\"}}],\"inLanguage\":\"es\"},{\"@type\":\"Organization\",\"@id\":\"https:\/\/aivlisoft.net\/shop\/#organization\",\"name\":\"Aivlisoft Inform\u00e1tica\",\"url\":\"https:\/\/aivlisoft.net\/shop\/\",\"logo\":{\"@type\":\"ImageObject\",\"inLanguage\":\"es\",\"@id\":\"https:\/\/aivlisoft.net\/shop\/#\/schema\/logo\/image\/\",\"url\":\"https:\/\/aivlisoft.net\/shop\/wp-content\/uploads\/2024\/12\/removal.ai_5b848c54-0cdf-4140-95c5-c5536bb7573b-logodef.png\",\"contentUrl\":\"https:\/\/aivlisoft.net\/shop\/wp-content\/uploads\/2024\/12\/removal.ai_5b848c54-0cdf-4140-95c5-c5536bb7573b-logodef.png\",\"width\":484,\"height\":182,\"caption\":\"Aivlisoft Inform\u00e1tica\"},\"image\":{\"@id\":\"https:\/\/aivlisoft.net\/shop\/#\/schema\/logo\/image\/\"}}]}<\/script>\n<!-- \/ Yoast SEO plugin. -->","yoast_head_json":{"title":"Hiditec Auricular Vesta Blanco Wireless Game Mode - Aivlisoft Inform\u00e1tica","robots":{"index":"index","follow":"follow","max-snippet":"max-snippet:-1","max-image-preview":"max-image-preview:large","max-video-preview":"max-video-preview:-1"},"canonical":"https:\/\/aivlisoft.net\/shop\/producto\/hiditec-auricular-vesta-blanco-wireless-game-mode\/","og_locale":"es_ES","og_type":"article","og_title":"Hiditec Auricular Vesta Blanco Wireless Game Mode - Aivlisoft Inform\u00e1tica","og_description":"El primer auricular True Wireless con Modo Gaming y 24 horas de autonom&iacute;aVESTA es el primer intrauricular TWS con modo Gaming , adem&aacute;s tiene una autonom&iacute;a de m&aacute;s de 24 horas e incorpora asistente de voz. Su dise&ntilde;o ergon&oacute;mico se adapta perfectamente evitando que se mueva. Auriculares True Wireless con 24 horas de autonom&iacute;a.VESTA incorpora&hellip;&nbsp;Hiditec Auricular Vesta Blanco Wireless Game Mode","og_url":"https:\/\/aivlisoft.net\/shop\/producto\/hiditec-auricular-vesta-blanco-wireless-game-mode\/","og_site_name":"Aivlisoft Inform\u00e1tica","article_modified_time":"2025-01-14T21:11:08+00:00","og_image":[{"width":800,"height":800,"url":"https:\/\/aivlisoft.net\/shop\/wp-content\/uploads\/2025\/01\/MAUAMI0835_800.jpg","type":"image\/jpeg"}],"twitter_card":"summary_large_image","twitter_misc":{"Tiempo de lectura":"3 minutos"},"schema":{"@context":"https:\/\/schema.org","@graph":[{"@type":"WebPage","@id":"https:\/\/aivlisoft.net\/shop\/producto\/hiditec-auricular-vesta-blanco-wireless-game-mode\/","url":"https:\/\/aivlisoft.net\/shop\/producto\/hiditec-auricular-vesta-blanco-wireless-game-mode\/","name":"Hiditec Auricular Vesta Blanco Wireless Game Mode - Aivlisoft Inform\u00e1tica","isPartOf":{"@id":"https:\/\/aivlisoft.net\/shop\/#website"},"primaryImageOfPage":{"@id":"https:\/\/aivlisoft.net\/shop\/producto\/hiditec-auricular-vesta-blanco-wireless-game-mode\/#primaryimage"},"image":{"@id":"https:\/\/aivlisoft.net\/shop\/producto\/hiditec-auricular-vesta-blanco-wireless-game-mode\/#primaryimage"},"thumbnailUrl":"https:\/\/aivlisoft.net\/shop\/wp-content\/uploads\/2025\/01\/MAUAMI0835_800.jpg","datePublished":"2025-01-13T14:54:02+00:00","dateModified":"2025-01-14T21:11:08+00:00","breadcrumb":{"@id":"https:\/\/aivlisoft.net\/shop\/producto\/hiditec-auricular-vesta-blanco-wireless-game-mode\/#breadcrumb"},"inLanguage":"es","potentialAction":[{"@type":"ReadAction","target":["https:\/\/aivlisoft.net\/shop\/producto\/hiditec-auricular-vesta-blanco-wireless-game-mode\/"]}]},{"@type":"ImageObject","inLanguage":"es","@id":"https:\/\/aivlisoft.net\/shop\/producto\/hiditec-auricular-vesta-blanco-wireless-game-mode\/#primaryimage","url":"https:\/\/aivlisoft.net\/shop\/wp-content\/uploads\/2025\/01\/MAUAMI0835_800.jpg","contentUrl":"https:\/\/aivlisoft.net\/shop\/wp-content\/uploads\/2025\/01\/MAUAMI0835_800.jpg","width":800,"height":800},{"@type":"BreadcrumbList","@id":"https:\/\/aivlisoft.net\/shop\/producto\/hiditec-auricular-vesta-blanco-wireless-game-mode\/#breadcrumb","itemListElement":[{"@type":"ListItem","position":1,"name":"Portada","item":"https:\/\/aivlisoft.net\/shop\/"},{"@type":"ListItem","position":2,"name":"Tienda","item":"https:\/\/aivlisoft.net\/shop\/tienda\/"},{"@type":"ListItem","position":3,"name":"Hiditec Auricular Vesta Blanco Wireless Game Mode"}]},{"@type":"WebSite","@id":"https:\/\/aivlisoft.net\/shop\/#website","url":"https:\/\/aivlisoft.net\/shop\/","name":"Aivlisoft Inform\u00e1tica","description":"En Aivlisoft Inform\u00e1tica ofrecemos soluciones tecnol\u00f3gicas para empresas: venta de ordenadores, consumibles, perif\u00e9ricos y m\u00e1s. Calidad, atenci\u00f3n personalizada y los mejores precios para tu negocio.","publisher":{"@id":"https:\/\/aivlisoft.net\/shop\/#organization"},"potentialAction":[{"@type":"SearchAction","target":{"@type":"EntryPoint","urlTemplate":"https:\/\/aivlisoft.net\/shop\/?s={search_term_string}"},"query-input":{"@type":"PropertyValueSpecification","valueRequired":true,"valueName":"search_term_string"}}],"inLanguage":"es"},{"@type":"Organization","@id":"https:\/\/aivlisoft.net\/shop\/#organization","name":"Aivlisoft Inform\u00e1tica","url":"https:\/\/aivlisoft.net\/shop\/","logo":{"@type":"ImageObject","inLanguage":"es","@id":"https:\/\/aivlisoft.net\/shop\/#\/schema\/logo\/image\/","url":"https:\/\/aivlisoft.net\/shop\/wp-content\/uploads\/2024\/12\/removal.ai_5b848c54-0cdf-4140-95c5-c5536bb7573b-logodef.png","contentUrl":"https:\/\/aivlisoft.net\/shop\/wp-content\/uploads\/2024\/12\/removal.ai_5b848c54-0cdf-4140-95c5-c5536bb7573b-logodef.png","width":484,"height":182,"caption":"Aivlisoft Inform\u00e1tica"},"image":{"@id":"https:\/\/aivlisoft.net\/shop\/#\/schema\/logo\/image\/"}}]}},"_links":{"self":[{"href":"https:\/\/aivlisoft.net\/shop\/wp-json\/wp\/v2\/product\/15515","targetHints":{"allow":["GET"]}}],"collection":[{"href":"https:\/\/aivlisoft.net\/shop\/wp-json\/wp\/v2\/product"}],"about":[{"href":"https:\/\/aivlisoft.net\/shop\/wp-json\/wp\/v2\/types\/product"}],"wp:featuredmedia":[{"embeddable":true,"href":"https:\/\/aivlisoft.net\/shop\/wp-json\/wp\/v2\/media\/15516"}],"wp:attachment":[{"href":"https:\/\/aivlisoft.net\/shop\/wp-json\/wp\/v2\/media?parent=15515"}],"wp:term":[{"taxonomy":"product_brand","embeddable":true,"href":"https:\/\/aivlisoft.net\/shop\/wp-json\/wp\/v2\/product_brand?post=15515"},{"taxonomy":"product_cat","embeddable":true,"href":"https:\/\/aivlisoft.net\/shop\/wp-json\/wp\/v2\/product_cat?post=15515"},{"taxonomy":"product_tag","embeddable":true,"href":"https:\/\/aivlisoft.net\/shop\/wp-json\/wp\/v2\/product_tag?post=15515"}],"curies":[{"name":"wp","href":"https:\/\/api.w.org\/{rel}","templated":true}]}}