{"id":15505,"date":"2025-01-13T14:53:57","date_gmt":"2025-01-13T14:53:57","guid":{"rendered":"https:\/\/aivlisoft.com\/?post_type=product&#038;p=15505"},"modified":"2025-01-14T21:11:10","modified_gmt":"2025-01-14T21:11:10","slug":"energy-auricular-eco-cherry-wood","status":"publish","type":"product","link":"https:\/\/aivlisoft.net\/shop\/producto\/energy-auricular-eco-cherry-wood\/","title":{"rendered":"Energy Auricular Eco Cherry Wood"},"content":{"rendered":"<p>&#8211; Dise&ntilde;o natural por dentro y por fuera<br \/>&#8211; Auriculares intrauditivos de madera de cerezo natural certificada por la organizaci&oacute;n internacional FSC, que avala que los materiales utilizados para su elaboraci&oacute;n proceden de bosques sostenibles cuidadosamente seleccionados.<br \/>&#8211; Si&eacute;ntete libre<br \/>&#8211; Cable de c&aacute;&ntilde;amo con micr&oacute;fono multifunci&oacute;n que ofrece un sonido m&aacute;s natural gracias al uso de recursos org&aacute;nicos procedentes de la naturaleza, que mejoran el rendimiento sonoro al mismo tiempo que protegen el medio ambiente.<br \/>&#8211; Conecta con la naturaleza<br \/>&#8211; Escucha tu m&uacute;sica de manera m&aacute;s natural. Conector tipo 3,5 mm con protector de madera incorporado y funda de transporte confeccionada con algod&oacute;n org&aacute;nico para cuidar de tus auriculares y llevarlos siempre contigo.<br \/>&#8211; Bienvenido a la m&uacute;sica sostenible<br \/>&#8211; Elaborados con materias 100% respetuosas con el medio ambiente, minimizando el impacto medioambiental gracias a la optimizaci&oacute;n y reducci&oacute;n de materiales como el pl&aacute;stico y el papel para contribuir a crear una sociedad m&aacute;s sostenible.<\/p>\n<table class=\"tabla_caracteristicas k-table\" width=\"100%\">\n<tbody>\n<tr>\n<td><strong>Marca<\/strong><\/td>\n<td>Energy Sistem<\/td>\n<\/tr>\n<tr>\n<td valign=\"top\"><strong>Modelo<\/strong><\/td>\n<td><strong><\/strong><strong>450428<\/strong><\/td>\n<\/tr>\n<tr>\n<td valign=\"top\"><strong>Conexi&oacute;n<\/strong><\/td>\n<td>&#8211; Mini jack 3,5 mm (est&aacute;ndar CTIA)<\/td>\n<\/tr>\n<tr>\n<td valign=\"top\"><strong>Audio<\/strong><\/td>\n<td>&#8211; Respuesta en frecuencia: 20 Hz ~ 20 kHz<br \/>&#8211; Di&aacute;metro del driver: 10 mm<br \/>&#8211; SPL: 110 &plusmn; 3 dB (@1 kHz)<br \/>&#8211; Potencia m&aacute;xima: 5 mW<br \/>&#8211; Impedancia: 16 Ohm<br \/>&#8211; Dise&ntilde;o: intrauditivo<br \/>&#8211; Tipo: din&aacute;mico<br \/>&#8211; THD: &lt; 1 %<\/td>\n<\/tr>\n<tr>\n<td valign=\"top\"><strong>Micr&oacute;fono<\/strong><\/td>\n<td>&#8211; Tipo: integrado<br \/>&#8211; Sensibilidad: -42 dB &plusmn; 3 dB (@1 kHz)<\/td>\n<\/tr>\n<tr>\n<td valign=\"top\"><strong>Otras caracter&iacute;sticas<\/strong><\/td>\n<td><strong>Cable<\/strong><br \/>&#8211; Longitud: 120 cm<br \/><strong>Peso<\/strong><br \/>&#8211; Peso neto: 12 g<br \/><strong>Contenido<\/strong><br \/>&#8211; Auriculares Earphones ECO<br \/>&#8211; Funda de transporte<br \/>&#8211; Set de almohadillas<\/td>\n<\/tr>\n<tr>\n<td><strong>Fecha de revisi&oacute;n<\/strong><\/td>\n<td>18-06-2020 por MSB<\/td>\n<\/tr>\n<\/tbody>\n<\/table>\n","protected":false},"excerpt":{"rendered":"<p>&#8211; Dise&ntilde;o natural por dentro y por fuera&#8211; Auriculares intrauditivos de madera de cerezo natural certificada por la organizaci&oacute;n internacional FSC, que avala que los materiales utilizados para su elaboraci&oacute;n proceden de bosques sostenibles cuidadosamente seleccionados.&#8211; Si&eacute;ntete libre&#8211; Cable de c&aacute;&ntilde;amo con micr&oacute;fono multifunci&oacute;n que ofrece un sonido m&aacute;s natural gracias al uso de recursos&hellip;&nbsp;<a href=\"https:\/\/aivlisoft.net\/shop\/producto\/energy-auricular-eco-cherry-wood\/\" rel=\"bookmark\"><span class=\"screen-reader-text\">Energy Auricular Eco Cherry Wood<\/span><\/a><\/p>\n","protected":false},"featured_media":15506,"template":"","meta":{"neve_meta_sidebar":"","neve_meta_container":"","neve_meta_enable_content_width":"","neve_meta_content_width":0,"neve_meta_title_alignment":"","neve_meta_author_avatar":"","neve_post_elements_order":"","neve_meta_disable_header":"","neve_meta_disable_footer":"","neve_meta_disable_title":""},"product_brand":[],"product_cat":[15,790,957,5818],"product_tag":[5874],"class_list":{"0":"post-15505","1":"product","2":"type-product","3":"status-publish","4":"has-post-thumbnail","6":"product_cat-sin-categorizar","7":"product_cat-accesorios-gaming","8":"product_cat-accesorios-imagen-y-sonido","9":"product_cat-audio","10":"product_tag-5874","12":"first","13":"instock","14":"taxable","15":"shipping-taxable","16":"purchasable","17":"product-type-simple"},"yoast_head":"<!-- This site is optimized with the Yoast SEO plugin v26.0 - https:\/\/yoast.com\/wordpress\/plugins\/seo\/ -->\n<title>Energy Auricular Eco Cherry Wood - Aivlisoft Inform\u00e1tica<\/title>\n<meta name=\"robots\" content=\"index, follow, max-snippet:-1, max-image-preview:large, max-video-preview:-1\" \/>\n<link rel=\"canonical\" href=\"https:\/\/aivlisoft.net\/shop\/producto\/energy-auricular-eco-cherry-wood\/\" \/>\n<meta property=\"og:locale\" content=\"es_ES\" \/>\n<meta property=\"og:type\" content=\"article\" \/>\n<meta property=\"og:title\" content=\"Energy Auricular Eco Cherry Wood - Aivlisoft Inform\u00e1tica\" \/>\n<meta property=\"og:description\" content=\"&#8211; Dise&ntilde;o natural por dentro y por fuera&#8211; Auriculares intrauditivos de madera de cerezo natural certificada por la organizaci&oacute;n internacional FSC, que avala que los materiales utilizados para su elaboraci&oacute;n proceden de bosques sostenibles cuidadosamente seleccionados.&#8211; Si&eacute;ntete libre&#8211; Cable de c&aacute;&ntilde;amo con micr&oacute;fono multifunci&oacute;n que ofrece un sonido m&aacute;s natural gracias al uso de recursos&hellip;&nbsp;Energy Auricular Eco Cherry Wood\" \/>\n<meta property=\"og:url\" content=\"https:\/\/aivlisoft.net\/shop\/producto\/energy-auricular-eco-cherry-wood\/\" \/>\n<meta property=\"og:site_name\" content=\"Aivlisoft Inform\u00e1tica\" \/>\n<meta property=\"article:modified_time\" content=\"2025-01-14T21:11:10+00:00\" \/>\n<meta property=\"og:image\" content=\"https:\/\/aivlisoft.net\/shop\/wp-content\/uploads\/2025\/01\/MAUAMI0825_800.jpg\" \/>\n\t<meta property=\"og:image:width\" content=\"800\" \/>\n\t<meta property=\"og:image:height\" content=\"800\" \/>\n\t<meta property=\"og:image:type\" content=\"image\/jpeg\" \/>\n<meta name=\"twitter:card\" content=\"summary_large_image\" \/>\n<meta name=\"twitter:label1\" content=\"Tiempo de lectura\" \/>\n\t<meta name=\"twitter:data1\" content=\"1 minuto\" \/>\n<script type=\"application\/ld+json\" class=\"yoast-schema-graph\">{\"@context\":\"https:\/\/schema.org\",\"@graph\":[{\"@type\":\"WebPage\",\"@id\":\"https:\/\/aivlisoft.net\/shop\/producto\/energy-auricular-eco-cherry-wood\/\",\"url\":\"https:\/\/aivlisoft.net\/shop\/producto\/energy-auricular-eco-cherry-wood\/\",\"name\":\"Energy Auricular Eco Cherry Wood - Aivlisoft Inform\u00e1tica\",\"isPartOf\":{\"@id\":\"https:\/\/aivlisoft.net\/shop\/#website\"},\"primaryImageOfPage\":{\"@id\":\"https:\/\/aivlisoft.net\/shop\/producto\/energy-auricular-eco-cherry-wood\/#primaryimage\"},\"image\":{\"@id\":\"https:\/\/aivlisoft.net\/shop\/producto\/energy-auricular-eco-cherry-wood\/#primaryimage\"},\"thumbnailUrl\":\"https:\/\/aivlisoft.net\/shop\/wp-content\/uploads\/2025\/01\/MAUAMI0825_800.jpg\",\"datePublished\":\"2025-01-13T14:53:57+00:00\",\"dateModified\":\"2025-01-14T21:11:10+00:00\",\"breadcrumb\":{\"@id\":\"https:\/\/aivlisoft.net\/shop\/producto\/energy-auricular-eco-cherry-wood\/#breadcrumb\"},\"inLanguage\":\"es\",\"potentialAction\":[{\"@type\":\"ReadAction\",\"target\":[\"https:\/\/aivlisoft.net\/shop\/producto\/energy-auricular-eco-cherry-wood\/\"]}]},{\"@type\":\"ImageObject\",\"inLanguage\":\"es\",\"@id\":\"https:\/\/aivlisoft.net\/shop\/producto\/energy-auricular-eco-cherry-wood\/#primaryimage\",\"url\":\"https:\/\/aivlisoft.net\/shop\/wp-content\/uploads\/2025\/01\/MAUAMI0825_800.jpg\",\"contentUrl\":\"https:\/\/aivlisoft.net\/shop\/wp-content\/uploads\/2025\/01\/MAUAMI0825_800.jpg\",\"width\":800,\"height\":800},{\"@type\":\"BreadcrumbList\",\"@id\":\"https:\/\/aivlisoft.net\/shop\/producto\/energy-auricular-eco-cherry-wood\/#breadcrumb\",\"itemListElement\":[{\"@type\":\"ListItem\",\"position\":1,\"name\":\"Portada\",\"item\":\"https:\/\/aivlisoft.net\/shop\/\"},{\"@type\":\"ListItem\",\"position\":2,\"name\":\"Tienda\",\"item\":\"https:\/\/aivlisoft.net\/shop\/tienda\/\"},{\"@type\":\"ListItem\",\"position\":3,\"name\":\"Energy Auricular Eco Cherry Wood\"}]},{\"@type\":\"WebSite\",\"@id\":\"https:\/\/aivlisoft.net\/shop\/#website\",\"url\":\"https:\/\/aivlisoft.net\/shop\/\",\"name\":\"Aivlisoft Inform\u00e1tica\",\"description\":\"En Aivlisoft Inform\u00e1tica ofrecemos soluciones tecnol\u00f3gicas para empresas: venta de ordenadores, consumibles, perif\u00e9ricos y m\u00e1s. Calidad, atenci\u00f3n personalizada y los mejores precios para tu negocio.\",\"publisher\":{\"@id\":\"https:\/\/aivlisoft.net\/shop\/#organization\"},\"potentialAction\":[{\"@type\":\"SearchAction\",\"target\":{\"@type\":\"EntryPoint\",\"urlTemplate\":\"https:\/\/aivlisoft.net\/shop\/?s={search_term_string}\"},\"query-input\":{\"@type\":\"PropertyValueSpecification\",\"valueRequired\":true,\"valueName\":\"search_term_string\"}}],\"inLanguage\":\"es\"},{\"@type\":\"Organization\",\"@id\":\"https:\/\/aivlisoft.net\/shop\/#organization\",\"name\":\"Aivlisoft Inform\u00e1tica\",\"url\":\"https:\/\/aivlisoft.net\/shop\/\",\"logo\":{\"@type\":\"ImageObject\",\"inLanguage\":\"es\",\"@id\":\"https:\/\/aivlisoft.net\/shop\/#\/schema\/logo\/image\/\",\"url\":\"https:\/\/aivlisoft.net\/shop\/wp-content\/uploads\/2024\/12\/removal.ai_5b848c54-0cdf-4140-95c5-c5536bb7573b-logodef.png\",\"contentUrl\":\"https:\/\/aivlisoft.net\/shop\/wp-content\/uploads\/2024\/12\/removal.ai_5b848c54-0cdf-4140-95c5-c5536bb7573b-logodef.png\",\"width\":484,\"height\":182,\"caption\":\"Aivlisoft Inform\u00e1tica\"},\"image\":{\"@id\":\"https:\/\/aivlisoft.net\/shop\/#\/schema\/logo\/image\/\"}}]}<\/script>\n<!-- \/ Yoast SEO plugin. -->","yoast_head_json":{"title":"Energy Auricular Eco Cherry Wood - Aivlisoft Inform\u00e1tica","robots":{"index":"index","follow":"follow","max-snippet":"max-snippet:-1","max-image-preview":"max-image-preview:large","max-video-preview":"max-video-preview:-1"},"canonical":"https:\/\/aivlisoft.net\/shop\/producto\/energy-auricular-eco-cherry-wood\/","og_locale":"es_ES","og_type":"article","og_title":"Energy Auricular Eco Cherry Wood - Aivlisoft Inform\u00e1tica","og_description":"&#8211; Dise&ntilde;o natural por dentro y por fuera&#8211; Auriculares intrauditivos de madera de cerezo natural certificada por la organizaci&oacute;n internacional FSC, que avala que los materiales utilizados para su elaboraci&oacute;n proceden de bosques sostenibles cuidadosamente seleccionados.&#8211; Si&eacute;ntete libre&#8211; Cable de c&aacute;&ntilde;amo con micr&oacute;fono multifunci&oacute;n que ofrece un sonido m&aacute;s natural gracias al uso de recursos&hellip;&nbsp;Energy Auricular Eco Cherry Wood","og_url":"https:\/\/aivlisoft.net\/shop\/producto\/energy-auricular-eco-cherry-wood\/","og_site_name":"Aivlisoft Inform\u00e1tica","article_modified_time":"2025-01-14T21:11:10+00:00","og_image":[{"width":800,"height":800,"url":"https:\/\/aivlisoft.net\/shop\/wp-content\/uploads\/2025\/01\/MAUAMI0825_800.jpg","type":"image\/jpeg"}],"twitter_card":"summary_large_image","twitter_misc":{"Tiempo de lectura":"1 minuto"},"schema":{"@context":"https:\/\/schema.org","@graph":[{"@type":"WebPage","@id":"https:\/\/aivlisoft.net\/shop\/producto\/energy-auricular-eco-cherry-wood\/","url":"https:\/\/aivlisoft.net\/shop\/producto\/energy-auricular-eco-cherry-wood\/","name":"Energy Auricular Eco Cherry Wood - Aivlisoft Inform\u00e1tica","isPartOf":{"@id":"https:\/\/aivlisoft.net\/shop\/#website"},"primaryImageOfPage":{"@id":"https:\/\/aivlisoft.net\/shop\/producto\/energy-auricular-eco-cherry-wood\/#primaryimage"},"image":{"@id":"https:\/\/aivlisoft.net\/shop\/producto\/energy-auricular-eco-cherry-wood\/#primaryimage"},"thumbnailUrl":"https:\/\/aivlisoft.net\/shop\/wp-content\/uploads\/2025\/01\/MAUAMI0825_800.jpg","datePublished":"2025-01-13T14:53:57+00:00","dateModified":"2025-01-14T21:11:10+00:00","breadcrumb":{"@id":"https:\/\/aivlisoft.net\/shop\/producto\/energy-auricular-eco-cherry-wood\/#breadcrumb"},"inLanguage":"es","potentialAction":[{"@type":"ReadAction","target":["https:\/\/aivlisoft.net\/shop\/producto\/energy-auricular-eco-cherry-wood\/"]}]},{"@type":"ImageObject","inLanguage":"es","@id":"https:\/\/aivlisoft.net\/shop\/producto\/energy-auricular-eco-cherry-wood\/#primaryimage","url":"https:\/\/aivlisoft.net\/shop\/wp-content\/uploads\/2025\/01\/MAUAMI0825_800.jpg","contentUrl":"https:\/\/aivlisoft.net\/shop\/wp-content\/uploads\/2025\/01\/MAUAMI0825_800.jpg","width":800,"height":800},{"@type":"BreadcrumbList","@id":"https:\/\/aivlisoft.net\/shop\/producto\/energy-auricular-eco-cherry-wood\/#breadcrumb","itemListElement":[{"@type":"ListItem","position":1,"name":"Portada","item":"https:\/\/aivlisoft.net\/shop\/"},{"@type":"ListItem","position":2,"name":"Tienda","item":"https:\/\/aivlisoft.net\/shop\/tienda\/"},{"@type":"ListItem","position":3,"name":"Energy Auricular Eco Cherry Wood"}]},{"@type":"WebSite","@id":"https:\/\/aivlisoft.net\/shop\/#website","url":"https:\/\/aivlisoft.net\/shop\/","name":"Aivlisoft Inform\u00e1tica","description":"En Aivlisoft Inform\u00e1tica ofrecemos soluciones tecnol\u00f3gicas para empresas: venta de ordenadores, consumibles, perif\u00e9ricos y m\u00e1s. Calidad, atenci\u00f3n personalizada y los mejores precios para tu negocio.","publisher":{"@id":"https:\/\/aivlisoft.net\/shop\/#organization"},"potentialAction":[{"@type":"SearchAction","target":{"@type":"EntryPoint","urlTemplate":"https:\/\/aivlisoft.net\/shop\/?s={search_term_string}"},"query-input":{"@type":"PropertyValueSpecification","valueRequired":true,"valueName":"search_term_string"}}],"inLanguage":"es"},{"@type":"Organization","@id":"https:\/\/aivlisoft.net\/shop\/#organization","name":"Aivlisoft Inform\u00e1tica","url":"https:\/\/aivlisoft.net\/shop\/","logo":{"@type":"ImageObject","inLanguage":"es","@id":"https:\/\/aivlisoft.net\/shop\/#\/schema\/logo\/image\/","url":"https:\/\/aivlisoft.net\/shop\/wp-content\/uploads\/2024\/12\/removal.ai_5b848c54-0cdf-4140-95c5-c5536bb7573b-logodef.png","contentUrl":"https:\/\/aivlisoft.net\/shop\/wp-content\/uploads\/2024\/12\/removal.ai_5b848c54-0cdf-4140-95c5-c5536bb7573b-logodef.png","width":484,"height":182,"caption":"Aivlisoft Inform\u00e1tica"},"image":{"@id":"https:\/\/aivlisoft.net\/shop\/#\/schema\/logo\/image\/"}}]}},"_links":{"self":[{"href":"https:\/\/aivlisoft.net\/shop\/wp-json\/wp\/v2\/product\/15505","targetHints":{"allow":["GET"]}}],"collection":[{"href":"https:\/\/aivlisoft.net\/shop\/wp-json\/wp\/v2\/product"}],"about":[{"href":"https:\/\/aivlisoft.net\/shop\/wp-json\/wp\/v2\/types\/product"}],"wp:featuredmedia":[{"embeddable":true,"href":"https:\/\/aivlisoft.net\/shop\/wp-json\/wp\/v2\/media\/15506"}],"wp:attachment":[{"href":"https:\/\/aivlisoft.net\/shop\/wp-json\/wp\/v2\/media?parent=15505"}],"wp:term":[{"taxonomy":"product_brand","embeddable":true,"href":"https:\/\/aivlisoft.net\/shop\/wp-json\/wp\/v2\/product_brand?post=15505"},{"taxonomy":"product_cat","embeddable":true,"href":"https:\/\/aivlisoft.net\/shop\/wp-json\/wp\/v2\/product_cat?post=15505"},{"taxonomy":"product_tag","embeddable":true,"href":"https:\/\/aivlisoft.net\/shop\/wp-json\/wp\/v2\/product_tag?post=15505"}],"curies":[{"name":"wp","href":"https:\/\/api.w.org\/{rel}","templated":true}]}}