{"id":15500,"date":"2025-01-13T14:53:52","date_gmt":"2025-01-13T14:53:52","guid":{"rendered":"https:\/\/aivlisoft.com\/?post_type=product&#038;p=15500"},"modified":"2025-01-14T21:11:11","modified_gmt":"2025-01-14T21:11:11","slug":"deepgaming-auriculares-micro-deeplighting","status":"publish","type":"product","link":"https:\/\/aivlisoft.net\/shop\/producto\/deepgaming-auriculares-micro-deeplighting\/","title":{"rendered":"Deepgaming Auriculares + micro  DEEPLIGHTING"},"content":{"rendered":"<p>Pensando por igual en los jugadores de PC y en los de videoconsola (y en los que usan ambas plataformas) DeepGaming presenta los nuevos DeepLighting, para que jueguen donde jueguen lo hagan con estilo y disfrutando de una gran calidad de sonido y comodidad de uso.<br \/>De dise&ntilde;o ergon&oacute;mico y muy ligeros (355gr) gracias a su diadema autoajustable con elemento de suspensi&oacute;n, y con unas almohadillas amplias y suaves, su uso durante horas de juego no ser&aacute; un problema: no te cansar&aacute;s de llevarlos encima como ocurre con otros modelos, ni sufrir&aacute;s el calor que generan los modelos m&aacute;s voluminosos, sobre todo en &eacute;pocas calurosas.<br \/>Pero no solo su dise&ntilde;o ha sido tenido en cuenta para facilitar la experiencia m&aacute;s c&oacute;moda posible, sino tambi&eacute;n su uso: el micr&oacute;fono es de posici&oacute;n ajustable y cuentan con un regulador de volumen en el casco izquierdo, para que puedas ajustarlo f&aacute;cilmente sin tener que pausar o desviar tu atenci&oacute;n del juego.<br \/>La conexi&oacute;n a ordenador se realiza mediante doble jack de 3.5mm (para el sonido y el micr&oacute;fono) mientras que para Playstation 4 y Xbox One se incluye el adaptador. La iluminaci&oacute;n LED funciona mediante el conector USB. Cable de 2.2m anti-enredos.<br \/>Todo ello con unas prestaciones de primer nivel:<br \/>Especificaciones de los auriculares: 50mm de di&aacute;metro, rango de frecuencia de 20Hz ~ 20kHz, impedancia 32 Ohm, sensibilidad de 116dB +\/- 3dB.<br \/>Especificaciones del micr&oacute;fono: omnidireccional, di&aacute;metro de 5mm x 1.5mm, impedancia de 2.2 kIhm, sensibilidad de -38 dB +\/- 2dB.<br \/>&nbsp;<\/p>\n<table class=\"tabla_caracteristicas k-table\" width=\"100%\">\n<tr>\n<td><strong>Marca<\/strong><\/td>\n<td>CoolBox<\/td>\n<\/tr>\n<tr>\n<td><strong>Modelo<\/strong><\/td>\n<td><strong>DG-AUR-01<\/strong><\/td>\n<\/tr>\n<tr>\n<td><strong>Caracteristicas<\/strong><\/td>\n<td><strong>Auriculares<\/strong><br \/>\t\t\t&#8211; Di&aacute;metro: 50mm<br \/>\t\t\t&#8211; Rango de frecuencia: 20Hz ~ 20kHz<br \/>\t\t\t&#8211; Impedancia: 32 Ohm<br \/>\t\t\t&#8211; Sensibilidad: 116 dB +\/- 3 dB<br \/>\t\t\t<strong>Micr&oacute;fono<\/strong><br \/>\t\t\t&#8211; Tipo: Omnidireccional<br \/>\t\t\t&#8211; Dimensiones: Di&aacute;metro 5mm x 1.5mm<br \/>\t\t\t&#8211; Impedancia: 2.2 kOhm<br \/>\t\t\t&#8211; Sensibilidad: -38 dB +\/- 2 dB<br \/>\t\t\t&#8211; Longitud de cable: 2.2 metros (aprox)<br \/>\t\t\t&#8211; Conector de audio: Doble jack de 3.5mm (aricular + micr&oacute;fono)<br \/>\t\t\t&#8211; Conector USB: Para iluminaci&oacute;n<br \/>\t\t\t&#8211; Controles: Volumen<br \/>\t\t\t&#8211; Color: Negro<br \/>\t\t\t&#8211; Peso: 355 g.<br \/>\t\t\t<strong>Otros<\/strong><br \/>\t\t\t&#8211; Cable conversor doble jack a combo-jack para consola<br \/>\t\t\t&#8211; Compatibilidad: PC y algunas consolas<\/td>\n<\/tr>\n<tr>\n<td><strong>Fecha de revisi&oacute;n<\/strong><\/td>\n<td>16-10-2019 por MSB<\/td>\n<\/tr>\n<\/table>\n","protected":false},"excerpt":{"rendered":"<p>Pensando por igual en los jugadores de PC y en los de videoconsola (y en los que usan ambas plataformas) DeepGaming presenta los nuevos DeepLighting, para que jueguen donde jueguen lo hagan con estilo y disfrutando de una gran calidad de sonido y comodidad de uso.De dise&ntilde;o ergon&oacute;mico y muy ligeros (355gr) gracias a su&hellip;&nbsp;<a href=\"https:\/\/aivlisoft.net\/shop\/producto\/deepgaming-auriculares-micro-deeplighting\/\" rel=\"bookmark\"><span class=\"screen-reader-text\">Deepgaming Auriculares + micro  DEEPLIGHTING<\/span><\/a><\/p>\n","protected":false},"featured_media":15501,"template":"","meta":{"neve_meta_sidebar":"","neve_meta_container":"","neve_meta_enable_content_width":"","neve_meta_content_width":0,"neve_meta_title_alignment":"","neve_meta_author_avatar":"","neve_post_elements_order":"","neve_meta_disable_header":"","neve_meta_disable_footer":"","neve_meta_disable_title":""},"product_brand":[],"product_cat":[15,790,957,5818],"product_tag":[5871],"class_list":{"0":"post-15500","1":"product","2":"type-product","3":"status-publish","4":"has-post-thumbnail","6":"product_cat-sin-categorizar","7":"product_cat-accesorios-gaming","8":"product_cat-accesorios-imagen-y-sonido","9":"product_cat-audio","10":"product_tag-dg-aur-01","12":"first","13":"instock","14":"taxable","15":"shipping-taxable","16":"purchasable","17":"product-type-simple"},"yoast_head":"<!-- This site is optimized with the Yoast SEO plugin v26.0 - https:\/\/yoast.com\/wordpress\/plugins\/seo\/ -->\n<title>Deepgaming Auriculares + micro DEEPLIGHTING - Aivlisoft Inform\u00e1tica<\/title>\n<meta name=\"robots\" content=\"index, follow, max-snippet:-1, max-image-preview:large, max-video-preview:-1\" \/>\n<link rel=\"canonical\" href=\"https:\/\/aivlisoft.net\/shop\/producto\/deepgaming-auriculares-micro-deeplighting\/\" \/>\n<meta property=\"og:locale\" content=\"es_ES\" \/>\n<meta property=\"og:type\" content=\"article\" \/>\n<meta property=\"og:title\" content=\"Deepgaming Auriculares + micro DEEPLIGHTING - Aivlisoft Inform\u00e1tica\" \/>\n<meta property=\"og:description\" content=\"Pensando por igual en los jugadores de PC y en los de videoconsola (y en los que usan ambas plataformas) DeepGaming presenta los nuevos DeepLighting, para que jueguen donde jueguen lo hagan con estilo y disfrutando de una gran calidad de sonido y comodidad de uso.De dise&ntilde;o ergon&oacute;mico y muy ligeros (355gr) gracias a su&hellip;&nbsp;Deepgaming Auriculares + micro DEEPLIGHTING\" \/>\n<meta property=\"og:url\" content=\"https:\/\/aivlisoft.net\/shop\/producto\/deepgaming-auriculares-micro-deeplighting\/\" \/>\n<meta property=\"og:site_name\" content=\"Aivlisoft Inform\u00e1tica\" \/>\n<meta property=\"article:modified_time\" content=\"2025-01-14T21:11:11+00:00\" \/>\n<meta property=\"og:image\" content=\"https:\/\/aivlisoft.net\/shop\/wp-content\/uploads\/2025\/01\/MAUAMI0779_800.jpg\" \/>\n\t<meta property=\"og:image:width\" content=\"800\" \/>\n\t<meta property=\"og:image:height\" content=\"800\" \/>\n\t<meta property=\"og:image:type\" content=\"image\/jpeg\" \/>\n<meta name=\"twitter:card\" content=\"summary_large_image\" \/>\n<meta name=\"twitter:label1\" content=\"Tiempo de lectura\" \/>\n\t<meta name=\"twitter:data1\" content=\"2 minutos\" \/>\n<script type=\"application\/ld+json\" class=\"yoast-schema-graph\">{\"@context\":\"https:\/\/schema.org\",\"@graph\":[{\"@type\":\"WebPage\",\"@id\":\"https:\/\/aivlisoft.net\/shop\/producto\/deepgaming-auriculares-micro-deeplighting\/\",\"url\":\"https:\/\/aivlisoft.net\/shop\/producto\/deepgaming-auriculares-micro-deeplighting\/\",\"name\":\"Deepgaming Auriculares + micro DEEPLIGHTING - Aivlisoft Inform\u00e1tica\",\"isPartOf\":{\"@id\":\"https:\/\/aivlisoft.net\/shop\/#website\"},\"primaryImageOfPage\":{\"@id\":\"https:\/\/aivlisoft.net\/shop\/producto\/deepgaming-auriculares-micro-deeplighting\/#primaryimage\"},\"image\":{\"@id\":\"https:\/\/aivlisoft.net\/shop\/producto\/deepgaming-auriculares-micro-deeplighting\/#primaryimage\"},\"thumbnailUrl\":\"https:\/\/aivlisoft.net\/shop\/wp-content\/uploads\/2025\/01\/MAUAMI0779_800.jpg\",\"datePublished\":\"2025-01-13T14:53:52+00:00\",\"dateModified\":\"2025-01-14T21:11:11+00:00\",\"breadcrumb\":{\"@id\":\"https:\/\/aivlisoft.net\/shop\/producto\/deepgaming-auriculares-micro-deeplighting\/#breadcrumb\"},\"inLanguage\":\"es\",\"potentialAction\":[{\"@type\":\"ReadAction\",\"target\":[\"https:\/\/aivlisoft.net\/shop\/producto\/deepgaming-auriculares-micro-deeplighting\/\"]}]},{\"@type\":\"ImageObject\",\"inLanguage\":\"es\",\"@id\":\"https:\/\/aivlisoft.net\/shop\/producto\/deepgaming-auriculares-micro-deeplighting\/#primaryimage\",\"url\":\"https:\/\/aivlisoft.net\/shop\/wp-content\/uploads\/2025\/01\/MAUAMI0779_800.jpg\",\"contentUrl\":\"https:\/\/aivlisoft.net\/shop\/wp-content\/uploads\/2025\/01\/MAUAMI0779_800.jpg\",\"width\":800,\"height\":800},{\"@type\":\"BreadcrumbList\",\"@id\":\"https:\/\/aivlisoft.net\/shop\/producto\/deepgaming-auriculares-micro-deeplighting\/#breadcrumb\",\"itemListElement\":[{\"@type\":\"ListItem\",\"position\":1,\"name\":\"Portada\",\"item\":\"https:\/\/aivlisoft.net\/shop\/\"},{\"@type\":\"ListItem\",\"position\":2,\"name\":\"Tienda\",\"item\":\"https:\/\/aivlisoft.net\/shop\/tienda\/\"},{\"@type\":\"ListItem\",\"position\":3,\"name\":\"Deepgaming Auriculares + micro DEEPLIGHTING\"}]},{\"@type\":\"WebSite\",\"@id\":\"https:\/\/aivlisoft.net\/shop\/#website\",\"url\":\"https:\/\/aivlisoft.net\/shop\/\",\"name\":\"Aivlisoft Inform\u00e1tica\",\"description\":\"En Aivlisoft Inform\u00e1tica ofrecemos soluciones tecnol\u00f3gicas para empresas: venta de ordenadores, consumibles, perif\u00e9ricos y m\u00e1s. Calidad, atenci\u00f3n personalizada y los mejores precios para tu negocio.\",\"publisher\":{\"@id\":\"https:\/\/aivlisoft.net\/shop\/#organization\"},\"potentialAction\":[{\"@type\":\"SearchAction\",\"target\":{\"@type\":\"EntryPoint\",\"urlTemplate\":\"https:\/\/aivlisoft.net\/shop\/?s={search_term_string}\"},\"query-input\":{\"@type\":\"PropertyValueSpecification\",\"valueRequired\":true,\"valueName\":\"search_term_string\"}}],\"inLanguage\":\"es\"},{\"@type\":\"Organization\",\"@id\":\"https:\/\/aivlisoft.net\/shop\/#organization\",\"name\":\"Aivlisoft Inform\u00e1tica\",\"url\":\"https:\/\/aivlisoft.net\/shop\/\",\"logo\":{\"@type\":\"ImageObject\",\"inLanguage\":\"es\",\"@id\":\"https:\/\/aivlisoft.net\/shop\/#\/schema\/logo\/image\/\",\"url\":\"https:\/\/aivlisoft.net\/shop\/wp-content\/uploads\/2024\/12\/removal.ai_5b848c54-0cdf-4140-95c5-c5536bb7573b-logodef.png\",\"contentUrl\":\"https:\/\/aivlisoft.net\/shop\/wp-content\/uploads\/2024\/12\/removal.ai_5b848c54-0cdf-4140-95c5-c5536bb7573b-logodef.png\",\"width\":484,\"height\":182,\"caption\":\"Aivlisoft Inform\u00e1tica\"},\"image\":{\"@id\":\"https:\/\/aivlisoft.net\/shop\/#\/schema\/logo\/image\/\"}}]}<\/script>\n<!-- \/ Yoast SEO plugin. -->","yoast_head_json":{"title":"Deepgaming Auriculares + micro DEEPLIGHTING - Aivlisoft Inform\u00e1tica","robots":{"index":"index","follow":"follow","max-snippet":"max-snippet:-1","max-image-preview":"max-image-preview:large","max-video-preview":"max-video-preview:-1"},"canonical":"https:\/\/aivlisoft.net\/shop\/producto\/deepgaming-auriculares-micro-deeplighting\/","og_locale":"es_ES","og_type":"article","og_title":"Deepgaming Auriculares + micro DEEPLIGHTING - Aivlisoft Inform\u00e1tica","og_description":"Pensando por igual en los jugadores de PC y en los de videoconsola (y en los que usan ambas plataformas) DeepGaming presenta los nuevos DeepLighting, para que jueguen donde jueguen lo hagan con estilo y disfrutando de una gran calidad de sonido y comodidad de uso.De dise&ntilde;o ergon&oacute;mico y muy ligeros (355gr) gracias a su&hellip;&nbsp;Deepgaming Auriculares + micro DEEPLIGHTING","og_url":"https:\/\/aivlisoft.net\/shop\/producto\/deepgaming-auriculares-micro-deeplighting\/","og_site_name":"Aivlisoft Inform\u00e1tica","article_modified_time":"2025-01-14T21:11:11+00:00","og_image":[{"width":800,"height":800,"url":"https:\/\/aivlisoft.net\/shop\/wp-content\/uploads\/2025\/01\/MAUAMI0779_800.jpg","type":"image\/jpeg"}],"twitter_card":"summary_large_image","twitter_misc":{"Tiempo de lectura":"2 minutos"},"schema":{"@context":"https:\/\/schema.org","@graph":[{"@type":"WebPage","@id":"https:\/\/aivlisoft.net\/shop\/producto\/deepgaming-auriculares-micro-deeplighting\/","url":"https:\/\/aivlisoft.net\/shop\/producto\/deepgaming-auriculares-micro-deeplighting\/","name":"Deepgaming Auriculares + micro DEEPLIGHTING - Aivlisoft Inform\u00e1tica","isPartOf":{"@id":"https:\/\/aivlisoft.net\/shop\/#website"},"primaryImageOfPage":{"@id":"https:\/\/aivlisoft.net\/shop\/producto\/deepgaming-auriculares-micro-deeplighting\/#primaryimage"},"image":{"@id":"https:\/\/aivlisoft.net\/shop\/producto\/deepgaming-auriculares-micro-deeplighting\/#primaryimage"},"thumbnailUrl":"https:\/\/aivlisoft.net\/shop\/wp-content\/uploads\/2025\/01\/MAUAMI0779_800.jpg","datePublished":"2025-01-13T14:53:52+00:00","dateModified":"2025-01-14T21:11:11+00:00","breadcrumb":{"@id":"https:\/\/aivlisoft.net\/shop\/producto\/deepgaming-auriculares-micro-deeplighting\/#breadcrumb"},"inLanguage":"es","potentialAction":[{"@type":"ReadAction","target":["https:\/\/aivlisoft.net\/shop\/producto\/deepgaming-auriculares-micro-deeplighting\/"]}]},{"@type":"ImageObject","inLanguage":"es","@id":"https:\/\/aivlisoft.net\/shop\/producto\/deepgaming-auriculares-micro-deeplighting\/#primaryimage","url":"https:\/\/aivlisoft.net\/shop\/wp-content\/uploads\/2025\/01\/MAUAMI0779_800.jpg","contentUrl":"https:\/\/aivlisoft.net\/shop\/wp-content\/uploads\/2025\/01\/MAUAMI0779_800.jpg","width":800,"height":800},{"@type":"BreadcrumbList","@id":"https:\/\/aivlisoft.net\/shop\/producto\/deepgaming-auriculares-micro-deeplighting\/#breadcrumb","itemListElement":[{"@type":"ListItem","position":1,"name":"Portada","item":"https:\/\/aivlisoft.net\/shop\/"},{"@type":"ListItem","position":2,"name":"Tienda","item":"https:\/\/aivlisoft.net\/shop\/tienda\/"},{"@type":"ListItem","position":3,"name":"Deepgaming Auriculares + micro DEEPLIGHTING"}]},{"@type":"WebSite","@id":"https:\/\/aivlisoft.net\/shop\/#website","url":"https:\/\/aivlisoft.net\/shop\/","name":"Aivlisoft Inform\u00e1tica","description":"En Aivlisoft Inform\u00e1tica ofrecemos soluciones tecnol\u00f3gicas para empresas: venta de ordenadores, consumibles, perif\u00e9ricos y m\u00e1s. Calidad, atenci\u00f3n personalizada y los mejores precios para tu negocio.","publisher":{"@id":"https:\/\/aivlisoft.net\/shop\/#organization"},"potentialAction":[{"@type":"SearchAction","target":{"@type":"EntryPoint","urlTemplate":"https:\/\/aivlisoft.net\/shop\/?s={search_term_string}"},"query-input":{"@type":"PropertyValueSpecification","valueRequired":true,"valueName":"search_term_string"}}],"inLanguage":"es"},{"@type":"Organization","@id":"https:\/\/aivlisoft.net\/shop\/#organization","name":"Aivlisoft Inform\u00e1tica","url":"https:\/\/aivlisoft.net\/shop\/","logo":{"@type":"ImageObject","inLanguage":"es","@id":"https:\/\/aivlisoft.net\/shop\/#\/schema\/logo\/image\/","url":"https:\/\/aivlisoft.net\/shop\/wp-content\/uploads\/2024\/12\/removal.ai_5b848c54-0cdf-4140-95c5-c5536bb7573b-logodef.png","contentUrl":"https:\/\/aivlisoft.net\/shop\/wp-content\/uploads\/2024\/12\/removal.ai_5b848c54-0cdf-4140-95c5-c5536bb7573b-logodef.png","width":484,"height":182,"caption":"Aivlisoft Inform\u00e1tica"},"image":{"@id":"https:\/\/aivlisoft.net\/shop\/#\/schema\/logo\/image\/"}}]}},"_links":{"self":[{"href":"https:\/\/aivlisoft.net\/shop\/wp-json\/wp\/v2\/product\/15500","targetHints":{"allow":["GET"]}}],"collection":[{"href":"https:\/\/aivlisoft.net\/shop\/wp-json\/wp\/v2\/product"}],"about":[{"href":"https:\/\/aivlisoft.net\/shop\/wp-json\/wp\/v2\/types\/product"}],"wp:featuredmedia":[{"embeddable":true,"href":"https:\/\/aivlisoft.net\/shop\/wp-json\/wp\/v2\/media\/15501"}],"wp:attachment":[{"href":"https:\/\/aivlisoft.net\/shop\/wp-json\/wp\/v2\/media?parent=15500"}],"wp:term":[{"taxonomy":"product_brand","embeddable":true,"href":"https:\/\/aivlisoft.net\/shop\/wp-json\/wp\/v2\/product_brand?post=15500"},{"taxonomy":"product_cat","embeddable":true,"href":"https:\/\/aivlisoft.net\/shop\/wp-json\/wp\/v2\/product_cat?post=15500"},{"taxonomy":"product_tag","embeddable":true,"href":"https:\/\/aivlisoft.net\/shop\/wp-json\/wp\/v2\/product_tag?post=15500"}],"curies":[{"name":"wp","href":"https:\/\/api.w.org\/{rel}","templated":true}]}}