{"id":15485,"date":"2025-01-13T14:53:44","date_gmt":"2025-01-13T14:53:44","guid":{"rendered":"https:\/\/aivlisoft.com\/?post_type=product&#038;p=15485"},"modified":"2025-01-14T21:11:12","modified_gmt":"2025-01-14T21:11:12","slug":"hiditec-auricular-intra-taiko-gaming-dual-drive","status":"publish","type":"product","link":"https:\/\/aivlisoft.net\/shop\/producto\/hiditec-auricular-intra-taiko-gaming-dual-drive\/","title":{"rendered":"Hiditec Auricular Intra Taiko Gaming Dual Drive"},"content":{"rendered":"<p><strong>Intrauricular gaming Dual Driver ultraligero<\/strong><br \/>Taiko es un intrauricular gaming con sistema Dual Driver ultraligero, dise&ntilde;ado para los amantes de los videojuegos, compatible con todas las plataformas.<\/p>\n<p><strong>Sonido Dual Driver con 4 altavoces<\/strong><br \/>Taiko incorpora un sistema Dual Driver de doble altavoz por canal, con un di&aacute;metro de 14mm. Cada altavoz ecualizado digitalmente est&aacute; reforzado con un anillo de cobre para ofrecer un sonido de calidad: cristalino y con potentes graves.<br \/>Este sistema Dual Driver, con 4 altavoces que integra el intrauricular gaming Taiko, te har&aacute; vivir los juegos en primera persona.<\/p>\n<p><strong>Sistema de mayor sujeci&oacute;n EARFIX<\/strong><br \/>El intrauricular gaming cuenta con el sistema de mayor sujeci&oacute;n EARFIX que fija el intrauricular en la oreja ayudando a aislar el ruido exterior y a mejorar el sistema ac&uacute;stico del auricular para juegos.<\/p>\n<p><strong>Auricular para juegos con cable reforzado<\/strong><br \/>El cable del auricular para juegos Taiko est&aacute; reforzado con una l&iacute;nea interna fabricada con TPE, resistente a tirones y a las exigencias del gamer profesional.<br \/>El cable del intrauricular gaming tiene una longitud de 1.5 metros y un grosor de 1.8mm proporcionando resistencia y durabilidad.<\/p>\n<p><strong>Intrauricular gaming con doble micr&oacute;fono<\/strong><br \/>El intrauricular gaming cuenta con doble micr&oacute;fono, un micr&oacute;fono gaming extra&iacute;ble, el cual podr&aacute;s quitar cuando quieras utilizar los intrauriculares para escuchar m&uacute;sica o para hacer deporte.<\/p>\n<p>El otro micr&oacute;fono, est&aacute; integrado en la botonera, que se activa o desactiva al concetar o desconectar el micr&oacute;fono gaming.<\/p>\n<p><strong>Un auricular para juegos compatible con todos los dispositivos<\/strong><br \/>Taiko es compatible con Smartphone, Tablets, Xbox, PlayStation, Notebook y Nintendo, adem&aacute;s, suministra un adaptador para separar el audio y el micr&oacute;fono y poder utilizarlo tambi&eacute;n en ordenadores de sobremesa.<\/p>\n<table class=\"tabla_caracteristicas k-table\" width=\"100%\">\n<tr>\n<td><strong>Marca<\/strong><\/td>\n<td>Hiditec<\/td>\n<\/tr>\n<tr>\n<td><strong>Modelo<\/strong><\/td>\n<td><strong>GHE010002<\/strong><\/td>\n<\/tr>\n<tr>\n<td><strong>Caracteristicas<\/strong><\/td>\n<td><strong>Altavoces<\/strong><br \/>\t\t\t&#8211; Di&aacute;metro del altavoz: 2 X (&Oslash;7mm + &Oslash;7mm)<br \/>\t\t\t&#8211; Sensibilidad del altavoz: 96dB +\/- 3dB<br \/>\t\t\t&#8211; Resistencia del altavoz: 16 ohmios<br \/>\t\t\t&#8211; Potencia de entrada m&aacute;xima: 20mw<br \/>\t\t\t&#8211; Frecuencia disponible: 20HZ &#8211; 20KHZ<br \/>\t\t\t&#8211; Longitud del cable: 1.5m +\/- 10% con linea TPE interior.<br \/>\t\t\t&#8211; Conexi&oacute;n: est&eacute;reo de 3.5mm<br \/>\t\t\t<strong>Micr&oacute;fono<\/strong><br \/>\t\t\t&#8211; Micr&oacute;fono Gaming<br \/>\t\t\t&#8211; Desmontable<br \/>\t\t\t&#8211; Micr&oacute;fono integrado<br \/>\t\t\t&#8211; Impedancia Micr&oacute;fono: 2.2kohm<br \/>\t\t\t&#8211; Sensibilidad Micr&oacute;fono: -42 +\/- 3dB<br \/>\t\t\t&#8211; Respuesta de frecuencia: 100Hz a 10KHz<br \/>\t\t\t<strong>Funciones<\/strong><br \/>\t\t\t&#8211; Sube y baja el volumen<br \/>\t\t\t&#8211; Responder \/ Detener llamadas telef&oacute;nicas<br \/>\t\t\t&#8211; Reproducir \/ Pausa \/ Seleccionar m&uacute;sica<br \/>\t\t\t&#8211; Longitud del cable: 1.50M<br \/>\t\t\t<strong>Certificados<\/strong><br \/>\t\t\t&#8211; CE, RoHs, FCC<\/td>\n<\/tr>\n<tr>\n<td><strong>Fecha de revisi&oacute;n<\/strong><\/td>\n<td>17-02-2021 por MPM<\/td>\n<\/tr>\n<\/table>\n","protected":false},"excerpt":{"rendered":"<p>Intrauricular gaming Dual Driver ultraligeroTaiko es un intrauricular gaming con sistema Dual Driver ultraligero, dise&ntilde;ado para los amantes de los videojuegos, compatible con todas las plataformas. Sonido Dual Driver con 4 altavocesTaiko incorpora un sistema Dual Driver de doble altavoz por canal, con un di&aacute;metro de 14mm. Cada altavoz ecualizado digitalmente est&aacute; reforzado con un&hellip;&nbsp;<a href=\"https:\/\/aivlisoft.net\/shop\/producto\/hiditec-auricular-intra-taiko-gaming-dual-drive\/\" rel=\"bookmark\"><span class=\"screen-reader-text\">Hiditec Auricular Intra Taiko Gaming Dual Drive<\/span><\/a><\/p>\n","protected":false},"featured_media":15486,"template":"","meta":{"neve_meta_sidebar":"","neve_meta_container":"","neve_meta_enable_content_width":"","neve_meta_content_width":0,"neve_meta_title_alignment":"","neve_meta_author_avatar":"","neve_post_elements_order":"","neve_meta_disable_header":"","neve_meta_disable_footer":"","neve_meta_disable_title":""},"product_brand":[],"product_cat":[15,790,957,5818],"product_tag":[5865],"class_list":{"0":"post-15485","1":"product","2":"type-product","3":"status-publish","4":"has-post-thumbnail","6":"product_cat-sin-categorizar","7":"product_cat-accesorios-gaming","8":"product_cat-accesorios-imagen-y-sonido","9":"product_cat-audio","10":"product_tag-ghe010002","12":"first","13":"instock","14":"taxable","15":"shipping-taxable","16":"purchasable","17":"product-type-simple"},"yoast_head":"<!-- This site is optimized with the Yoast SEO plugin v26.0 - https:\/\/yoast.com\/wordpress\/plugins\/seo\/ -->\n<title>Hiditec Auricular Intra Taiko Gaming Dual Drive - Aivlisoft Inform\u00e1tica<\/title>\n<meta name=\"robots\" content=\"index, follow, max-snippet:-1, max-image-preview:large, max-video-preview:-1\" \/>\n<link rel=\"canonical\" href=\"https:\/\/aivlisoft.net\/shop\/producto\/hiditec-auricular-intra-taiko-gaming-dual-drive\/\" \/>\n<meta property=\"og:locale\" content=\"es_ES\" \/>\n<meta property=\"og:type\" content=\"article\" \/>\n<meta property=\"og:title\" content=\"Hiditec Auricular Intra Taiko Gaming Dual Drive - Aivlisoft Inform\u00e1tica\" \/>\n<meta property=\"og:description\" content=\"Intrauricular gaming Dual Driver ultraligeroTaiko es un intrauricular gaming con sistema Dual Driver ultraligero, dise&ntilde;ado para los amantes de los videojuegos, compatible con todas las plataformas. Sonido Dual Driver con 4 altavocesTaiko incorpora un sistema Dual Driver de doble altavoz por canal, con un di&aacute;metro de 14mm. Cada altavoz ecualizado digitalmente est&aacute; reforzado con un&hellip;&nbsp;Hiditec Auricular Intra Taiko Gaming Dual Drive\" \/>\n<meta property=\"og:url\" content=\"https:\/\/aivlisoft.net\/shop\/producto\/hiditec-auricular-intra-taiko-gaming-dual-drive\/\" \/>\n<meta property=\"og:site_name\" content=\"Aivlisoft Inform\u00e1tica\" \/>\n<meta property=\"article:modified_time\" content=\"2025-01-14T21:11:12+00:00\" \/>\n<meta property=\"og:image\" content=\"https:\/\/aivlisoft.net\/shop\/wp-content\/uploads\/2025\/01\/MAUAMI0723_800.jpg\" \/>\n\t<meta property=\"og:image:width\" content=\"800\" \/>\n\t<meta property=\"og:image:height\" content=\"800\" \/>\n\t<meta property=\"og:image:type\" content=\"image\/jpeg\" \/>\n<meta name=\"twitter:card\" content=\"summary_large_image\" \/>\n<meta name=\"twitter:label1\" content=\"Tiempo de lectura\" \/>\n\t<meta name=\"twitter:data1\" content=\"2 minutos\" \/>\n<script type=\"application\/ld+json\" class=\"yoast-schema-graph\">{\"@context\":\"https:\/\/schema.org\",\"@graph\":[{\"@type\":\"WebPage\",\"@id\":\"https:\/\/aivlisoft.net\/shop\/producto\/hiditec-auricular-intra-taiko-gaming-dual-drive\/\",\"url\":\"https:\/\/aivlisoft.net\/shop\/producto\/hiditec-auricular-intra-taiko-gaming-dual-drive\/\",\"name\":\"Hiditec Auricular Intra Taiko Gaming Dual Drive - Aivlisoft Inform\u00e1tica\",\"isPartOf\":{\"@id\":\"https:\/\/aivlisoft.net\/shop\/#website\"},\"primaryImageOfPage\":{\"@id\":\"https:\/\/aivlisoft.net\/shop\/producto\/hiditec-auricular-intra-taiko-gaming-dual-drive\/#primaryimage\"},\"image\":{\"@id\":\"https:\/\/aivlisoft.net\/shop\/producto\/hiditec-auricular-intra-taiko-gaming-dual-drive\/#primaryimage\"},\"thumbnailUrl\":\"https:\/\/aivlisoft.net\/shop\/wp-content\/uploads\/2025\/01\/MAUAMI0723_800.jpg\",\"datePublished\":\"2025-01-13T14:53:44+00:00\",\"dateModified\":\"2025-01-14T21:11:12+00:00\",\"breadcrumb\":{\"@id\":\"https:\/\/aivlisoft.net\/shop\/producto\/hiditec-auricular-intra-taiko-gaming-dual-drive\/#breadcrumb\"},\"inLanguage\":\"es\",\"potentialAction\":[{\"@type\":\"ReadAction\",\"target\":[\"https:\/\/aivlisoft.net\/shop\/producto\/hiditec-auricular-intra-taiko-gaming-dual-drive\/\"]}]},{\"@type\":\"ImageObject\",\"inLanguage\":\"es\",\"@id\":\"https:\/\/aivlisoft.net\/shop\/producto\/hiditec-auricular-intra-taiko-gaming-dual-drive\/#primaryimage\",\"url\":\"https:\/\/aivlisoft.net\/shop\/wp-content\/uploads\/2025\/01\/MAUAMI0723_800.jpg\",\"contentUrl\":\"https:\/\/aivlisoft.net\/shop\/wp-content\/uploads\/2025\/01\/MAUAMI0723_800.jpg\",\"width\":800,\"height\":800},{\"@type\":\"BreadcrumbList\",\"@id\":\"https:\/\/aivlisoft.net\/shop\/producto\/hiditec-auricular-intra-taiko-gaming-dual-drive\/#breadcrumb\",\"itemListElement\":[{\"@type\":\"ListItem\",\"position\":1,\"name\":\"Portada\",\"item\":\"https:\/\/aivlisoft.net\/shop\/\"},{\"@type\":\"ListItem\",\"position\":2,\"name\":\"Tienda\",\"item\":\"https:\/\/aivlisoft.net\/shop\/tienda\/\"},{\"@type\":\"ListItem\",\"position\":3,\"name\":\"Hiditec Auricular Intra Taiko Gaming Dual Drive\"}]},{\"@type\":\"WebSite\",\"@id\":\"https:\/\/aivlisoft.net\/shop\/#website\",\"url\":\"https:\/\/aivlisoft.net\/shop\/\",\"name\":\"Aivlisoft Inform\u00e1tica\",\"description\":\"En Aivlisoft Inform\u00e1tica ofrecemos soluciones tecnol\u00f3gicas para empresas: venta de ordenadores, consumibles, perif\u00e9ricos y m\u00e1s. Calidad, atenci\u00f3n personalizada y los mejores precios para tu negocio.\",\"publisher\":{\"@id\":\"https:\/\/aivlisoft.net\/shop\/#organization\"},\"potentialAction\":[{\"@type\":\"SearchAction\",\"target\":{\"@type\":\"EntryPoint\",\"urlTemplate\":\"https:\/\/aivlisoft.net\/shop\/?s={search_term_string}\"},\"query-input\":{\"@type\":\"PropertyValueSpecification\",\"valueRequired\":true,\"valueName\":\"search_term_string\"}}],\"inLanguage\":\"es\"},{\"@type\":\"Organization\",\"@id\":\"https:\/\/aivlisoft.net\/shop\/#organization\",\"name\":\"Aivlisoft Inform\u00e1tica\",\"url\":\"https:\/\/aivlisoft.net\/shop\/\",\"logo\":{\"@type\":\"ImageObject\",\"inLanguage\":\"es\",\"@id\":\"https:\/\/aivlisoft.net\/shop\/#\/schema\/logo\/image\/\",\"url\":\"https:\/\/aivlisoft.net\/shop\/wp-content\/uploads\/2024\/12\/removal.ai_5b848c54-0cdf-4140-95c5-c5536bb7573b-logodef.png\",\"contentUrl\":\"https:\/\/aivlisoft.net\/shop\/wp-content\/uploads\/2024\/12\/removal.ai_5b848c54-0cdf-4140-95c5-c5536bb7573b-logodef.png\",\"width\":484,\"height\":182,\"caption\":\"Aivlisoft Inform\u00e1tica\"},\"image\":{\"@id\":\"https:\/\/aivlisoft.net\/shop\/#\/schema\/logo\/image\/\"}}]}<\/script>\n<!-- \/ Yoast SEO plugin. -->","yoast_head_json":{"title":"Hiditec Auricular Intra Taiko Gaming Dual Drive - Aivlisoft Inform\u00e1tica","robots":{"index":"index","follow":"follow","max-snippet":"max-snippet:-1","max-image-preview":"max-image-preview:large","max-video-preview":"max-video-preview:-1"},"canonical":"https:\/\/aivlisoft.net\/shop\/producto\/hiditec-auricular-intra-taiko-gaming-dual-drive\/","og_locale":"es_ES","og_type":"article","og_title":"Hiditec Auricular Intra Taiko Gaming Dual Drive - Aivlisoft Inform\u00e1tica","og_description":"Intrauricular gaming Dual Driver ultraligeroTaiko es un intrauricular gaming con sistema Dual Driver ultraligero, dise&ntilde;ado para los amantes de los videojuegos, compatible con todas las plataformas. Sonido Dual Driver con 4 altavocesTaiko incorpora un sistema Dual Driver de doble altavoz por canal, con un di&aacute;metro de 14mm. Cada altavoz ecualizado digitalmente est&aacute; reforzado con un&hellip;&nbsp;Hiditec Auricular Intra Taiko Gaming Dual Drive","og_url":"https:\/\/aivlisoft.net\/shop\/producto\/hiditec-auricular-intra-taiko-gaming-dual-drive\/","og_site_name":"Aivlisoft Inform\u00e1tica","article_modified_time":"2025-01-14T21:11:12+00:00","og_image":[{"width":800,"height":800,"url":"https:\/\/aivlisoft.net\/shop\/wp-content\/uploads\/2025\/01\/MAUAMI0723_800.jpg","type":"image\/jpeg"}],"twitter_card":"summary_large_image","twitter_misc":{"Tiempo de lectura":"2 minutos"},"schema":{"@context":"https:\/\/schema.org","@graph":[{"@type":"WebPage","@id":"https:\/\/aivlisoft.net\/shop\/producto\/hiditec-auricular-intra-taiko-gaming-dual-drive\/","url":"https:\/\/aivlisoft.net\/shop\/producto\/hiditec-auricular-intra-taiko-gaming-dual-drive\/","name":"Hiditec Auricular Intra Taiko Gaming Dual Drive - Aivlisoft Inform\u00e1tica","isPartOf":{"@id":"https:\/\/aivlisoft.net\/shop\/#website"},"primaryImageOfPage":{"@id":"https:\/\/aivlisoft.net\/shop\/producto\/hiditec-auricular-intra-taiko-gaming-dual-drive\/#primaryimage"},"image":{"@id":"https:\/\/aivlisoft.net\/shop\/producto\/hiditec-auricular-intra-taiko-gaming-dual-drive\/#primaryimage"},"thumbnailUrl":"https:\/\/aivlisoft.net\/shop\/wp-content\/uploads\/2025\/01\/MAUAMI0723_800.jpg","datePublished":"2025-01-13T14:53:44+00:00","dateModified":"2025-01-14T21:11:12+00:00","breadcrumb":{"@id":"https:\/\/aivlisoft.net\/shop\/producto\/hiditec-auricular-intra-taiko-gaming-dual-drive\/#breadcrumb"},"inLanguage":"es","potentialAction":[{"@type":"ReadAction","target":["https:\/\/aivlisoft.net\/shop\/producto\/hiditec-auricular-intra-taiko-gaming-dual-drive\/"]}]},{"@type":"ImageObject","inLanguage":"es","@id":"https:\/\/aivlisoft.net\/shop\/producto\/hiditec-auricular-intra-taiko-gaming-dual-drive\/#primaryimage","url":"https:\/\/aivlisoft.net\/shop\/wp-content\/uploads\/2025\/01\/MAUAMI0723_800.jpg","contentUrl":"https:\/\/aivlisoft.net\/shop\/wp-content\/uploads\/2025\/01\/MAUAMI0723_800.jpg","width":800,"height":800},{"@type":"BreadcrumbList","@id":"https:\/\/aivlisoft.net\/shop\/producto\/hiditec-auricular-intra-taiko-gaming-dual-drive\/#breadcrumb","itemListElement":[{"@type":"ListItem","position":1,"name":"Portada","item":"https:\/\/aivlisoft.net\/shop\/"},{"@type":"ListItem","position":2,"name":"Tienda","item":"https:\/\/aivlisoft.net\/shop\/tienda\/"},{"@type":"ListItem","position":3,"name":"Hiditec Auricular Intra Taiko Gaming Dual Drive"}]},{"@type":"WebSite","@id":"https:\/\/aivlisoft.net\/shop\/#website","url":"https:\/\/aivlisoft.net\/shop\/","name":"Aivlisoft Inform\u00e1tica","description":"En Aivlisoft Inform\u00e1tica ofrecemos soluciones tecnol\u00f3gicas para empresas: venta de ordenadores, consumibles, perif\u00e9ricos y m\u00e1s. Calidad, atenci\u00f3n personalizada y los mejores precios para tu negocio.","publisher":{"@id":"https:\/\/aivlisoft.net\/shop\/#organization"},"potentialAction":[{"@type":"SearchAction","target":{"@type":"EntryPoint","urlTemplate":"https:\/\/aivlisoft.net\/shop\/?s={search_term_string}"},"query-input":{"@type":"PropertyValueSpecification","valueRequired":true,"valueName":"search_term_string"}}],"inLanguage":"es"},{"@type":"Organization","@id":"https:\/\/aivlisoft.net\/shop\/#organization","name":"Aivlisoft Inform\u00e1tica","url":"https:\/\/aivlisoft.net\/shop\/","logo":{"@type":"ImageObject","inLanguage":"es","@id":"https:\/\/aivlisoft.net\/shop\/#\/schema\/logo\/image\/","url":"https:\/\/aivlisoft.net\/shop\/wp-content\/uploads\/2024\/12\/removal.ai_5b848c54-0cdf-4140-95c5-c5536bb7573b-logodef.png","contentUrl":"https:\/\/aivlisoft.net\/shop\/wp-content\/uploads\/2024\/12\/removal.ai_5b848c54-0cdf-4140-95c5-c5536bb7573b-logodef.png","width":484,"height":182,"caption":"Aivlisoft Inform\u00e1tica"},"image":{"@id":"https:\/\/aivlisoft.net\/shop\/#\/schema\/logo\/image\/"}}]}},"_links":{"self":[{"href":"https:\/\/aivlisoft.net\/shop\/wp-json\/wp\/v2\/product\/15485","targetHints":{"allow":["GET"]}}],"collection":[{"href":"https:\/\/aivlisoft.net\/shop\/wp-json\/wp\/v2\/product"}],"about":[{"href":"https:\/\/aivlisoft.net\/shop\/wp-json\/wp\/v2\/types\/product"}],"wp:featuredmedia":[{"embeddable":true,"href":"https:\/\/aivlisoft.net\/shop\/wp-json\/wp\/v2\/media\/15486"}],"wp:attachment":[{"href":"https:\/\/aivlisoft.net\/shop\/wp-json\/wp\/v2\/media?parent=15485"}],"wp:term":[{"taxonomy":"product_brand","embeddable":true,"href":"https:\/\/aivlisoft.net\/shop\/wp-json\/wp\/v2\/product_brand?post=15485"},{"taxonomy":"product_cat","embeddable":true,"href":"https:\/\/aivlisoft.net\/shop\/wp-json\/wp\/v2\/product_cat?post=15485"},{"taxonomy":"product_tag","embeddable":true,"href":"https:\/\/aivlisoft.net\/shop\/wp-json\/wp\/v2\/product_tag?post=15485"}],"curies":[{"name":"wp","href":"https:\/\/api.w.org\/{rel}","templated":true}]}}