{"id":15470,"date":"2025-01-13T14:53:33","date_gmt":"2025-01-13T14:53:33","guid":{"rendered":"https:\/\/aivlisoft.com\/?post_type=product&#038;p=15470"},"modified":"2025-01-14T21:11:14","modified_gmt":"2025-01-14T21:11:14","slug":"hiditec-auricularmic-aken-bt42-earfix-red","status":"publish","type":"product","link":"https:\/\/aivlisoft.net\/shop\/producto\/hiditec-auricularmic-aken-bt42-earfix-red\/","title":{"rendered":"Hiditec Auricular+Mic  AKEN BT4,2 Earfix  RED"},"content":{"rendered":"<p><strong>Innovaci&oacute;n al servicio de tus o&iacute;dos<\/strong><br \/>AKEN cuenta con un revolucionario sistema de sujeci&oacute;n con el cual cambiamos el concepto del intrauricular que conoces hasta ahora para ofrecerte una excelente experiencia de uso en cualquier situaci&oacute;n.<\/p>\n<p><strong>Innovador sistema de ajuste EARFIX<\/strong><br \/>El innovador sistema de ajuste EARFIX se adapta perfectamente a ti, consiguiendo que el intrauricular no se mueva de tu oreja durante su uso y ofrezca una perfecta insonorizaci&oacute;n y ac&uacute;stica aisl&aacute;ndote del ruido exterior.<\/p>\n<p><strong>Protecci&oacute;n IPX5<\/strong><br \/>Util&iacute;zalo en cualquier situaci&oacute;n , AKEN ofrece protecci&oacute;n IPX5 frente al agua y al sudor. Ya no tienes excusas para escuchar tu m&uacute;sica favorita durante todo el d&iacute;a y en cualquier lugar.<\/p>\n<p><strong>M&uacute;sica non stop<\/strong><br \/>Si quieres un compa&ntilde;ero de viaje, AKEN cuenta con 150mAh de bater&iacute;a, permitiendo disfrutar de una autonom&iacute;a de hasta 9 horas sin interrupciones y, por podr&aacute;s controlar tu m&uacute;sica directamente desde el intrauricular.<\/p>\n<p><strong>Potencia de 10<\/strong><br \/>Incorpora altavoces de 10mm con imanes de neodimio para ofrecer un sonido n&iacute;tido y unos potentes graves.<br \/>Con AKEN, disfrutar&aacute;s de la m&aacute;xima potencia, adem&aacute;s de una mayor durabilidad y mejor ac&uacute;stica gracias al chasis de aluminio anodizado con el que cuenta.<\/p>\n<p><strong>Sin l&iacute;mites, sin cables<\/strong><br \/>La conexi&oacute;n Bluetooth 4.2 te dar&aacute; la libertad de reproducir tu m&uacute;sica de forma inal&aacute;mbrica, sin interrupciones para hacer tu vida m&aacute;s f&aacute;cil. Responde a tus llamadas desde el intrauricular con una sola pulsaci&oacute;n.<\/p>\n<p><strong>El secreto est&aacute; en no caerse<\/strong><br \/>Introduce el intrauricular bluetooth AKEN en el interior de tu oreja y ajusta el nuevo sistema de agarre EARFIX en la parte porterior de la misma.<br \/>Una vez colocado sentir&aacute;s que se ajusta perfectamente a tu oreja as&iacute; como un aislamiento del ruido exterior. Dispones de almohadillas de repuesto en diferentes tama&ntilde;os.<\/p>\n<table class=\"tabla_caracteristicas k-table\" width=\"100%\">\n<tr>\n<td><strong>Marca<\/strong><\/td>\n<td>Hiditec<\/td>\n<\/tr>\n<tr>\n<td><strong>Modelo<\/strong><\/td>\n<td><strong>INT010000<\/strong><\/td>\n<\/tr>\n<tr>\n<td><strong>Caracter&iacute;sticas<\/strong><\/td>\n<td>&#8211; Bluetooth JL V4.2, 6904<br \/>\t\t\t&#8211; Alcance: Hasta 10 metros<br \/>\t\t\t&#8211; Respuesta en frecuencia: 20 Hz ~ 20 KHz<br \/>\t\t\t&#8211; Di&aacute;metro: 10 mm<br \/>\t\t\t&#8211; SPL: 105&plusmn;3dB<br \/>\t\t\t&#8211; Impedancia: 32ohms+\/-20%<br \/>\t\t\t<strong>Micr&oacute;fono<\/strong><br \/>\t\t\t&#8211; Sensibilidad: -42 dB&plusmn;3 dB (@1 Khz)<br \/>\t\t\t<strong>Bater&iacute;a<\/strong><br \/>\t\t\t&#8211; Capacidad: 150 mAh 3.7V<br \/>\t\t\t&#8211; Tipo: Litio<br \/>\t\t\t&#8211; Autonom&iacute;a en uso: hasta 9 horas<br \/>\t\t\t&#8211; Autonom&iacute;a en stand by: 360 horas<br \/>\t\t\t&#8211; Sistema de carga: microUSB<br \/>\t\t\t&#8211; Tiempo de carga: 1,5 horas<br \/>\t\t\t<strong>Otros<\/strong><br \/>\t\t\t&#8211; Soporta protocolos HSP \/ HFP \/ A2DP \/AVRCP<br \/>\t\t\t<strong>Contenido de la caja<\/strong><br \/>\t\t\t&#8211; Intrauricular Bluetooth AKEN.<br \/>\t\t\t&#8211; Funda de transporte y protecci&oacute;n.<br \/>\t\t\t&#8211; Cable USB.<br \/>\t\t\t&#8211; Almohadillas intercambiables.<br \/>\t\t\t&#8211; Manual de usuario.<\/td>\n<\/tr>\n<tr>\n<td><strong>Fecha Revisi&oacute;n<\/strong><\/td>\n<td>01-12-2022 por MPM<\/td>\n<\/tr>\n<\/table>\n","protected":false},"excerpt":{"rendered":"<p>Innovaci&oacute;n al servicio de tus o&iacute;dosAKEN cuenta con un revolucionario sistema de sujeci&oacute;n con el cual cambiamos el concepto del intrauricular que conoces hasta ahora para ofrecerte una excelente experiencia de uso en cualquier situaci&oacute;n. Innovador sistema de ajuste EARFIXEl innovador sistema de ajuste EARFIX se adapta perfectamente a ti, consiguiendo que el intrauricular no&hellip;&nbsp;<a href=\"https:\/\/aivlisoft.net\/shop\/producto\/hiditec-auricularmic-aken-bt42-earfix-red\/\" rel=\"bookmark\"><span class=\"screen-reader-text\">Hiditec Auricular+Mic  AKEN BT4,2 Earfix  RED<\/span><\/a><\/p>\n","protected":false},"featured_media":15471,"template":"","meta":{"neve_meta_sidebar":"","neve_meta_container":"","neve_meta_enable_content_width":"","neve_meta_content_width":0,"neve_meta_title_alignment":"","neve_meta_author_avatar":"","neve_post_elements_order":"","neve_meta_disable_header":"","neve_meta_disable_footer":"","neve_meta_disable_title":""},"product_brand":[],"product_cat":[15,790,957,5818],"product_tag":[5861],"class_list":{"0":"post-15470","1":"product","2":"type-product","3":"status-publish","4":"has-post-thumbnail","6":"product_cat-sin-categorizar","7":"product_cat-accesorios-gaming","8":"product_cat-accesorios-imagen-y-sonido","9":"product_cat-audio","10":"product_tag-int010000","12":"first","13":"instock","14":"taxable","15":"shipping-taxable","16":"purchasable","17":"product-type-simple"},"yoast_head":"<!-- This site is optimized with the Yoast SEO plugin v26.0 - https:\/\/yoast.com\/wordpress\/plugins\/seo\/ -->\n<title>Hiditec Auricular+Mic AKEN BT4,2 Earfix RED - Aivlisoft Inform\u00e1tica<\/title>\n<meta name=\"robots\" content=\"index, follow, max-snippet:-1, max-image-preview:large, max-video-preview:-1\" \/>\n<link rel=\"canonical\" href=\"https:\/\/aivlisoft.net\/shop\/producto\/hiditec-auricularmic-aken-bt42-earfix-red\/\" \/>\n<meta property=\"og:locale\" content=\"es_ES\" \/>\n<meta property=\"og:type\" content=\"article\" \/>\n<meta property=\"og:title\" content=\"Hiditec Auricular+Mic AKEN BT4,2 Earfix RED - Aivlisoft Inform\u00e1tica\" \/>\n<meta property=\"og:description\" content=\"Innovaci&oacute;n al servicio de tus o&iacute;dosAKEN cuenta con un revolucionario sistema de sujeci&oacute;n con el cual cambiamos el concepto del intrauricular que conoces hasta ahora para ofrecerte una excelente experiencia de uso en cualquier situaci&oacute;n. Innovador sistema de ajuste EARFIXEl innovador sistema de ajuste EARFIX se adapta perfectamente a ti, consiguiendo que el intrauricular no&hellip;&nbsp;Hiditec Auricular+Mic AKEN BT4,2 Earfix RED\" \/>\n<meta property=\"og:url\" content=\"https:\/\/aivlisoft.net\/shop\/producto\/hiditec-auricularmic-aken-bt42-earfix-red\/\" \/>\n<meta property=\"og:site_name\" content=\"Aivlisoft Inform\u00e1tica\" \/>\n<meta property=\"article:modified_time\" content=\"2025-01-14T21:11:14+00:00\" \/>\n<meta property=\"og:image\" content=\"https:\/\/aivlisoft.net\/shop\/wp-content\/uploads\/2025\/01\/MAUAMI0646_800.jpg\" \/>\n\t<meta property=\"og:image:width\" content=\"800\" \/>\n\t<meta property=\"og:image:height\" content=\"800\" \/>\n\t<meta property=\"og:image:type\" content=\"image\/jpeg\" \/>\n<meta name=\"twitter:card\" content=\"summary_large_image\" \/>\n<meta name=\"twitter:label1\" content=\"Tiempo de lectura\" \/>\n\t<meta name=\"twitter:data1\" content=\"2 minutos\" \/>\n<script type=\"application\/ld+json\" class=\"yoast-schema-graph\">{\"@context\":\"https:\/\/schema.org\",\"@graph\":[{\"@type\":\"WebPage\",\"@id\":\"https:\/\/aivlisoft.net\/shop\/producto\/hiditec-auricularmic-aken-bt42-earfix-red\/\",\"url\":\"https:\/\/aivlisoft.net\/shop\/producto\/hiditec-auricularmic-aken-bt42-earfix-red\/\",\"name\":\"Hiditec Auricular+Mic AKEN BT4,2 Earfix RED - Aivlisoft Inform\u00e1tica\",\"isPartOf\":{\"@id\":\"https:\/\/aivlisoft.net\/shop\/#website\"},\"primaryImageOfPage\":{\"@id\":\"https:\/\/aivlisoft.net\/shop\/producto\/hiditec-auricularmic-aken-bt42-earfix-red\/#primaryimage\"},\"image\":{\"@id\":\"https:\/\/aivlisoft.net\/shop\/producto\/hiditec-auricularmic-aken-bt42-earfix-red\/#primaryimage\"},\"thumbnailUrl\":\"https:\/\/aivlisoft.net\/shop\/wp-content\/uploads\/2025\/01\/MAUAMI0646_800.jpg\",\"datePublished\":\"2025-01-13T14:53:33+00:00\",\"dateModified\":\"2025-01-14T21:11:14+00:00\",\"breadcrumb\":{\"@id\":\"https:\/\/aivlisoft.net\/shop\/producto\/hiditec-auricularmic-aken-bt42-earfix-red\/#breadcrumb\"},\"inLanguage\":\"es\",\"potentialAction\":[{\"@type\":\"ReadAction\",\"target\":[\"https:\/\/aivlisoft.net\/shop\/producto\/hiditec-auricularmic-aken-bt42-earfix-red\/\"]}]},{\"@type\":\"ImageObject\",\"inLanguage\":\"es\",\"@id\":\"https:\/\/aivlisoft.net\/shop\/producto\/hiditec-auricularmic-aken-bt42-earfix-red\/#primaryimage\",\"url\":\"https:\/\/aivlisoft.net\/shop\/wp-content\/uploads\/2025\/01\/MAUAMI0646_800.jpg\",\"contentUrl\":\"https:\/\/aivlisoft.net\/shop\/wp-content\/uploads\/2025\/01\/MAUAMI0646_800.jpg\",\"width\":800,\"height\":800},{\"@type\":\"BreadcrumbList\",\"@id\":\"https:\/\/aivlisoft.net\/shop\/producto\/hiditec-auricularmic-aken-bt42-earfix-red\/#breadcrumb\",\"itemListElement\":[{\"@type\":\"ListItem\",\"position\":1,\"name\":\"Portada\",\"item\":\"https:\/\/aivlisoft.net\/shop\/\"},{\"@type\":\"ListItem\",\"position\":2,\"name\":\"Tienda\",\"item\":\"https:\/\/aivlisoft.net\/shop\/tienda\/\"},{\"@type\":\"ListItem\",\"position\":3,\"name\":\"Hiditec Auricular+Mic AKEN BT4,2 Earfix RED\"}]},{\"@type\":\"WebSite\",\"@id\":\"https:\/\/aivlisoft.net\/shop\/#website\",\"url\":\"https:\/\/aivlisoft.net\/shop\/\",\"name\":\"Aivlisoft Inform\u00e1tica\",\"description\":\"En Aivlisoft Inform\u00e1tica ofrecemos soluciones tecnol\u00f3gicas para empresas: venta de ordenadores, consumibles, perif\u00e9ricos y m\u00e1s. Calidad, atenci\u00f3n personalizada y los mejores precios para tu negocio.\",\"publisher\":{\"@id\":\"https:\/\/aivlisoft.net\/shop\/#organization\"},\"potentialAction\":[{\"@type\":\"SearchAction\",\"target\":{\"@type\":\"EntryPoint\",\"urlTemplate\":\"https:\/\/aivlisoft.net\/shop\/?s={search_term_string}\"},\"query-input\":{\"@type\":\"PropertyValueSpecification\",\"valueRequired\":true,\"valueName\":\"search_term_string\"}}],\"inLanguage\":\"es\"},{\"@type\":\"Organization\",\"@id\":\"https:\/\/aivlisoft.net\/shop\/#organization\",\"name\":\"Aivlisoft Inform\u00e1tica\",\"url\":\"https:\/\/aivlisoft.net\/shop\/\",\"logo\":{\"@type\":\"ImageObject\",\"inLanguage\":\"es\",\"@id\":\"https:\/\/aivlisoft.net\/shop\/#\/schema\/logo\/image\/\",\"url\":\"https:\/\/aivlisoft.net\/shop\/wp-content\/uploads\/2024\/12\/removal.ai_5b848c54-0cdf-4140-95c5-c5536bb7573b-logodef.png\",\"contentUrl\":\"https:\/\/aivlisoft.net\/shop\/wp-content\/uploads\/2024\/12\/removal.ai_5b848c54-0cdf-4140-95c5-c5536bb7573b-logodef.png\",\"width\":484,\"height\":182,\"caption\":\"Aivlisoft Inform\u00e1tica\"},\"image\":{\"@id\":\"https:\/\/aivlisoft.net\/shop\/#\/schema\/logo\/image\/\"}}]}<\/script>\n<!-- \/ Yoast SEO plugin. -->","yoast_head_json":{"title":"Hiditec Auricular+Mic AKEN BT4,2 Earfix RED - Aivlisoft Inform\u00e1tica","robots":{"index":"index","follow":"follow","max-snippet":"max-snippet:-1","max-image-preview":"max-image-preview:large","max-video-preview":"max-video-preview:-1"},"canonical":"https:\/\/aivlisoft.net\/shop\/producto\/hiditec-auricularmic-aken-bt42-earfix-red\/","og_locale":"es_ES","og_type":"article","og_title":"Hiditec Auricular+Mic AKEN BT4,2 Earfix RED - Aivlisoft Inform\u00e1tica","og_description":"Innovaci&oacute;n al servicio de tus o&iacute;dosAKEN cuenta con un revolucionario sistema de sujeci&oacute;n con el cual cambiamos el concepto del intrauricular que conoces hasta ahora para ofrecerte una excelente experiencia de uso en cualquier situaci&oacute;n. Innovador sistema de ajuste EARFIXEl innovador sistema de ajuste EARFIX se adapta perfectamente a ti, consiguiendo que el intrauricular no&hellip;&nbsp;Hiditec Auricular+Mic AKEN BT4,2 Earfix RED","og_url":"https:\/\/aivlisoft.net\/shop\/producto\/hiditec-auricularmic-aken-bt42-earfix-red\/","og_site_name":"Aivlisoft Inform\u00e1tica","article_modified_time":"2025-01-14T21:11:14+00:00","og_image":[{"width":800,"height":800,"url":"https:\/\/aivlisoft.net\/shop\/wp-content\/uploads\/2025\/01\/MAUAMI0646_800.jpg","type":"image\/jpeg"}],"twitter_card":"summary_large_image","twitter_misc":{"Tiempo de lectura":"2 minutos"},"schema":{"@context":"https:\/\/schema.org","@graph":[{"@type":"WebPage","@id":"https:\/\/aivlisoft.net\/shop\/producto\/hiditec-auricularmic-aken-bt42-earfix-red\/","url":"https:\/\/aivlisoft.net\/shop\/producto\/hiditec-auricularmic-aken-bt42-earfix-red\/","name":"Hiditec Auricular+Mic AKEN BT4,2 Earfix RED - Aivlisoft Inform\u00e1tica","isPartOf":{"@id":"https:\/\/aivlisoft.net\/shop\/#website"},"primaryImageOfPage":{"@id":"https:\/\/aivlisoft.net\/shop\/producto\/hiditec-auricularmic-aken-bt42-earfix-red\/#primaryimage"},"image":{"@id":"https:\/\/aivlisoft.net\/shop\/producto\/hiditec-auricularmic-aken-bt42-earfix-red\/#primaryimage"},"thumbnailUrl":"https:\/\/aivlisoft.net\/shop\/wp-content\/uploads\/2025\/01\/MAUAMI0646_800.jpg","datePublished":"2025-01-13T14:53:33+00:00","dateModified":"2025-01-14T21:11:14+00:00","breadcrumb":{"@id":"https:\/\/aivlisoft.net\/shop\/producto\/hiditec-auricularmic-aken-bt42-earfix-red\/#breadcrumb"},"inLanguage":"es","potentialAction":[{"@type":"ReadAction","target":["https:\/\/aivlisoft.net\/shop\/producto\/hiditec-auricularmic-aken-bt42-earfix-red\/"]}]},{"@type":"ImageObject","inLanguage":"es","@id":"https:\/\/aivlisoft.net\/shop\/producto\/hiditec-auricularmic-aken-bt42-earfix-red\/#primaryimage","url":"https:\/\/aivlisoft.net\/shop\/wp-content\/uploads\/2025\/01\/MAUAMI0646_800.jpg","contentUrl":"https:\/\/aivlisoft.net\/shop\/wp-content\/uploads\/2025\/01\/MAUAMI0646_800.jpg","width":800,"height":800},{"@type":"BreadcrumbList","@id":"https:\/\/aivlisoft.net\/shop\/producto\/hiditec-auricularmic-aken-bt42-earfix-red\/#breadcrumb","itemListElement":[{"@type":"ListItem","position":1,"name":"Portada","item":"https:\/\/aivlisoft.net\/shop\/"},{"@type":"ListItem","position":2,"name":"Tienda","item":"https:\/\/aivlisoft.net\/shop\/tienda\/"},{"@type":"ListItem","position":3,"name":"Hiditec Auricular+Mic AKEN BT4,2 Earfix RED"}]},{"@type":"WebSite","@id":"https:\/\/aivlisoft.net\/shop\/#website","url":"https:\/\/aivlisoft.net\/shop\/","name":"Aivlisoft Inform\u00e1tica","description":"En Aivlisoft Inform\u00e1tica ofrecemos soluciones tecnol\u00f3gicas para empresas: venta de ordenadores, consumibles, perif\u00e9ricos y m\u00e1s. Calidad, atenci\u00f3n personalizada y los mejores precios para tu negocio.","publisher":{"@id":"https:\/\/aivlisoft.net\/shop\/#organization"},"potentialAction":[{"@type":"SearchAction","target":{"@type":"EntryPoint","urlTemplate":"https:\/\/aivlisoft.net\/shop\/?s={search_term_string}"},"query-input":{"@type":"PropertyValueSpecification","valueRequired":true,"valueName":"search_term_string"}}],"inLanguage":"es"},{"@type":"Organization","@id":"https:\/\/aivlisoft.net\/shop\/#organization","name":"Aivlisoft Inform\u00e1tica","url":"https:\/\/aivlisoft.net\/shop\/","logo":{"@type":"ImageObject","inLanguage":"es","@id":"https:\/\/aivlisoft.net\/shop\/#\/schema\/logo\/image\/","url":"https:\/\/aivlisoft.net\/shop\/wp-content\/uploads\/2024\/12\/removal.ai_5b848c54-0cdf-4140-95c5-c5536bb7573b-logodef.png","contentUrl":"https:\/\/aivlisoft.net\/shop\/wp-content\/uploads\/2024\/12\/removal.ai_5b848c54-0cdf-4140-95c5-c5536bb7573b-logodef.png","width":484,"height":182,"caption":"Aivlisoft Inform\u00e1tica"},"image":{"@id":"https:\/\/aivlisoft.net\/shop\/#\/schema\/logo\/image\/"}}]}},"_links":{"self":[{"href":"https:\/\/aivlisoft.net\/shop\/wp-json\/wp\/v2\/product\/15470","targetHints":{"allow":["GET"]}}],"collection":[{"href":"https:\/\/aivlisoft.net\/shop\/wp-json\/wp\/v2\/product"}],"about":[{"href":"https:\/\/aivlisoft.net\/shop\/wp-json\/wp\/v2\/types\/product"}],"wp:featuredmedia":[{"embeddable":true,"href":"https:\/\/aivlisoft.net\/shop\/wp-json\/wp\/v2\/media\/15471"}],"wp:attachment":[{"href":"https:\/\/aivlisoft.net\/shop\/wp-json\/wp\/v2\/media?parent=15470"}],"wp:term":[{"taxonomy":"product_brand","embeddable":true,"href":"https:\/\/aivlisoft.net\/shop\/wp-json\/wp\/v2\/product_brand?post=15470"},{"taxonomy":"product_cat","embeddable":true,"href":"https:\/\/aivlisoft.net\/shop\/wp-json\/wp\/v2\/product_cat?post=15470"},{"taxonomy":"product_tag","embeddable":true,"href":"https:\/\/aivlisoft.net\/shop\/wp-json\/wp\/v2\/product_tag?post=15470"}],"curies":[{"name":"wp","href":"https:\/\/api.w.org\/{rel}","templated":true}]}}