{"id":15465,"date":"2025-01-13T14:53:31","date_gmt":"2025-01-13T14:53:31","guid":{"rendered":"https:\/\/aivlisoft.com\/?post_type=product&#038;p=15465"},"modified":"2025-01-14T21:15:01","modified_gmt":"2025-01-14T21:15:01","slug":"logitech-auricularmic-h111-negro","status":"publish","type":"product","link":"https:\/\/aivlisoft.net\/shop\/producto\/logitech-auricularmic-h111-negro\/","title":{"rendered":"Logitech Auricular+Mic H111 Negro"},"content":{"rendered":"<p><strong>Unos auriculares asequibles para usar con todos tus dispositivos<\/strong><br \/>La forma m&aacute;s sencilla de empezar a hablar usando ordenadores, smartphones o tablets. Tienen una toma de audio est&aacute;ndar de 3,5 mm y son compatibles con la mayor&iacute;a de los sistemas operativos y plataformas. Permiten o&iacute;r lo esencial y ser o&iacute;do con claridad.<br \/><strong>Sonido est&eacute;reo<\/strong><br \/>Disfruta de audio claro para m&uacute;sica, juegos y llamadas. Unos auriculares fiables para tareas cotidianas, como las videoconferencias con familiares, amigos y compa&ntilde;eros.<br \/><strong>Micr&oacute;fono giratorio<\/strong><br \/>La varilla puede girar 180&deg;, para su colocaci&oacute;n en el lado derecho o el izquierdo. El micr&oacute;fono flexible se puede colocar del modo m&aacute;s adecuado para mejorar la captura de voz y reducir el ruido de fondo. La varilla se puede guardar, para que no estorbe cuando no se use.<br \/><strong>Diadema ajustable<\/strong><br \/>Auriculares est&eacute;reo robustos y ligeros con una amplia gama de ajustes. Las almohadillas de espuma blanda proporcionan comodidad prolongada.<br \/><strong>Conexi&oacute;n de toma de audio de 3,5 mm<\/strong><br \/>Para empezar a usarlos, basta con conectar la toma de 3,5 mm a un ordenador, un smartphone o una tablet.<\/p>\n<table class=\"tabla_caracteristicas k-table\" width=\"100%\">\n<tbody>\n<tr>\n<td><strong>Marca<\/strong><\/td>\n<td>Logitech<\/td>\n<\/tr>\n<tr>\n<td valign=\"top\"><strong>Modelo<\/strong><\/td>\n<td><strong><\/strong><strong>981-000593<\/strong><\/td>\n<\/tr>\n<tr>\n<td><strong>Uso<\/strong><\/td>\n<td>&#8211; Auricular con micr&oacute;fono<\/td>\n<\/tr>\n<tr>\n<td><strong>Caracter&iacute;sticas <\/strong><br \/><strong>destacadas<\/strong><\/td>\n<td><strong><\/strong>&#8211; Impedancia de entrada: 32 ohmios<br \/>&#8211; Sensibilidad (auricular): 100 dB +\/-3 dB<br \/>&#8211; Sensibilidad (micr&oacute;fono): -58 dBV\/&micro;Bar, -38 dBV\/Pa +\/- 4 dB<br \/>&#8211; Respuesta de frecuencia (auriculares): 20 Hz a 20 kHz<br \/>&#8211; Respuesta de frecuencia (micr&oacute;fono): 100 Hz &ndash; 16 kHz<br \/>&#8211; Longitud de cable: 1,8 m<br \/><strong>Dimensiones<\/strong><br \/>&#8211; Altura x Anchura x Profundidad:<br \/>&#8211; 162 mm x 144 mm x 46 mm<br \/>&#8211; Peso: .074 Kg<br \/><strong>Requisitos del sistema<\/strong><br \/>&#8211; Funcionan con las principales aplicaciones de telefon&iacute;a en casi todas las plataformas y sistemas operativos<br \/>&#8211; Funcionan con ordenadores, smartphones, tablets<br \/>&#8211; Una toma de 3,5 mm<\/td>\n<\/tr>\n<tr>\n<td><strong>Fecha de revisi&oacute;n<\/strong><\/td>\n<td>21-06-2018 por AVN<\/td>\n<\/tr>\n<\/tbody>\n<\/table>\n","protected":false},"excerpt":{"rendered":"<p>Unos auriculares asequibles para usar con todos tus dispositivosLa forma m&aacute;s sencilla de empezar a hablar usando ordenadores, smartphones o tablets. Tienen una toma de audio est&aacute;ndar de 3,5 mm y son compatibles con la mayor&iacute;a de los sistemas operativos y plataformas. Permiten o&iacute;r lo esencial y ser o&iacute;do con claridad.Sonido est&eacute;reoDisfruta de audio claro&hellip;&nbsp;<a href=\"https:\/\/aivlisoft.net\/shop\/producto\/logitech-auricularmic-h111-negro\/\" rel=\"bookmark\"><span class=\"screen-reader-text\">Logitech Auricular+Mic H111 Negro<\/span><\/a><\/p>\n","protected":false},"featured_media":15466,"template":"","meta":{"neve_meta_sidebar":"","neve_meta_container":"","neve_meta_enable_content_width":"","neve_meta_content_width":0,"neve_meta_title_alignment":"","neve_meta_author_avatar":"","neve_post_elements_order":"","neve_meta_disable_header":"","neve_meta_disable_footer":"","neve_meta_disable_title":""},"product_brand":[],"product_cat":[15,790,957,5818],"product_tag":[5860],"class_list":{"0":"post-15465","1":"product","2":"type-product","3":"status-publish","4":"has-post-thumbnail","6":"product_cat-sin-categorizar","7":"product_cat-accesorios-gaming","8":"product_cat-accesorios-imagen-y-sonido","9":"product_cat-audio","10":"product_tag-981-000593","12":"first","13":"instock","14":"taxable","15":"shipping-taxable","16":"purchasable","17":"product-type-simple"},"yoast_head":"<!-- This site is optimized with the Yoast SEO plugin v26.0 - https:\/\/yoast.com\/wordpress\/plugins\/seo\/ -->\n<title>Logitech Auricular+Mic H111 Negro - Aivlisoft Inform\u00e1tica<\/title>\n<meta name=\"robots\" content=\"index, follow, max-snippet:-1, max-image-preview:large, max-video-preview:-1\" \/>\n<link rel=\"canonical\" href=\"https:\/\/aivlisoft.net\/shop\/producto\/logitech-auricularmic-h111-negro\/\" \/>\n<meta property=\"og:locale\" content=\"es_ES\" \/>\n<meta property=\"og:type\" content=\"article\" \/>\n<meta property=\"og:title\" content=\"Logitech Auricular+Mic H111 Negro - Aivlisoft Inform\u00e1tica\" \/>\n<meta property=\"og:description\" content=\"Unos auriculares asequibles para usar con todos tus dispositivosLa forma m&aacute;s sencilla de empezar a hablar usando ordenadores, smartphones o tablets. Tienen una toma de audio est&aacute;ndar de 3,5 mm y son compatibles con la mayor&iacute;a de los sistemas operativos y plataformas. Permiten o&iacute;r lo esencial y ser o&iacute;do con claridad.Sonido est&eacute;reoDisfruta de audio claro&hellip;&nbsp;Logitech Auricular+Mic H111 Negro\" \/>\n<meta property=\"og:url\" content=\"https:\/\/aivlisoft.net\/shop\/producto\/logitech-auricularmic-h111-negro\/\" \/>\n<meta property=\"og:site_name\" content=\"Aivlisoft Inform\u00e1tica\" \/>\n<meta property=\"article:modified_time\" content=\"2025-01-14T21:15:01+00:00\" \/>\n<meta property=\"og:image\" content=\"https:\/\/aivlisoft.net\/shop\/wp-content\/uploads\/2025\/01\/MAUAMI0628_800.jpg\" \/>\n\t<meta property=\"og:image:width\" content=\"800\" \/>\n\t<meta property=\"og:image:height\" content=\"800\" \/>\n\t<meta property=\"og:image:type\" content=\"image\/jpeg\" \/>\n<meta name=\"twitter:card\" content=\"summary_large_image\" \/>\n<meta name=\"twitter:label1\" content=\"Tiempo de lectura\" \/>\n\t<meta name=\"twitter:data1\" content=\"2 minutos\" \/>\n<script type=\"application\/ld+json\" class=\"yoast-schema-graph\">{\"@context\":\"https:\/\/schema.org\",\"@graph\":[{\"@type\":\"WebPage\",\"@id\":\"https:\/\/aivlisoft.net\/shop\/producto\/logitech-auricularmic-h111-negro\/\",\"url\":\"https:\/\/aivlisoft.net\/shop\/producto\/logitech-auricularmic-h111-negro\/\",\"name\":\"Logitech Auricular+Mic H111 Negro - Aivlisoft Inform\u00e1tica\",\"isPartOf\":{\"@id\":\"https:\/\/aivlisoft.net\/shop\/#website\"},\"primaryImageOfPage\":{\"@id\":\"https:\/\/aivlisoft.net\/shop\/producto\/logitech-auricularmic-h111-negro\/#primaryimage\"},\"image\":{\"@id\":\"https:\/\/aivlisoft.net\/shop\/producto\/logitech-auricularmic-h111-negro\/#primaryimage\"},\"thumbnailUrl\":\"https:\/\/aivlisoft.net\/shop\/wp-content\/uploads\/2025\/01\/MAUAMI0628_800.jpg\",\"datePublished\":\"2025-01-13T14:53:31+00:00\",\"dateModified\":\"2025-01-14T21:15:01+00:00\",\"breadcrumb\":{\"@id\":\"https:\/\/aivlisoft.net\/shop\/producto\/logitech-auricularmic-h111-negro\/#breadcrumb\"},\"inLanguage\":\"es\",\"potentialAction\":[{\"@type\":\"ReadAction\",\"target\":[\"https:\/\/aivlisoft.net\/shop\/producto\/logitech-auricularmic-h111-negro\/\"]}]},{\"@type\":\"ImageObject\",\"inLanguage\":\"es\",\"@id\":\"https:\/\/aivlisoft.net\/shop\/producto\/logitech-auricularmic-h111-negro\/#primaryimage\",\"url\":\"https:\/\/aivlisoft.net\/shop\/wp-content\/uploads\/2025\/01\/MAUAMI0628_800.jpg\",\"contentUrl\":\"https:\/\/aivlisoft.net\/shop\/wp-content\/uploads\/2025\/01\/MAUAMI0628_800.jpg\",\"width\":800,\"height\":800},{\"@type\":\"BreadcrumbList\",\"@id\":\"https:\/\/aivlisoft.net\/shop\/producto\/logitech-auricularmic-h111-negro\/#breadcrumb\",\"itemListElement\":[{\"@type\":\"ListItem\",\"position\":1,\"name\":\"Portada\",\"item\":\"https:\/\/aivlisoft.net\/shop\/\"},{\"@type\":\"ListItem\",\"position\":2,\"name\":\"Tienda\",\"item\":\"https:\/\/aivlisoft.net\/shop\/tienda\/\"},{\"@type\":\"ListItem\",\"position\":3,\"name\":\"Logitech Auricular+Mic H111 Negro\"}]},{\"@type\":\"WebSite\",\"@id\":\"https:\/\/aivlisoft.net\/shop\/#website\",\"url\":\"https:\/\/aivlisoft.net\/shop\/\",\"name\":\"Aivlisoft Inform\u00e1tica\",\"description\":\"En Aivlisoft Inform\u00e1tica ofrecemos soluciones tecnol\u00f3gicas para empresas: venta de ordenadores, consumibles, perif\u00e9ricos y m\u00e1s. Calidad, atenci\u00f3n personalizada y los mejores precios para tu negocio.\",\"publisher\":{\"@id\":\"https:\/\/aivlisoft.net\/shop\/#organization\"},\"potentialAction\":[{\"@type\":\"SearchAction\",\"target\":{\"@type\":\"EntryPoint\",\"urlTemplate\":\"https:\/\/aivlisoft.net\/shop\/?s={search_term_string}\"},\"query-input\":{\"@type\":\"PropertyValueSpecification\",\"valueRequired\":true,\"valueName\":\"search_term_string\"}}],\"inLanguage\":\"es\"},{\"@type\":\"Organization\",\"@id\":\"https:\/\/aivlisoft.net\/shop\/#organization\",\"name\":\"Aivlisoft Inform\u00e1tica\",\"url\":\"https:\/\/aivlisoft.net\/shop\/\",\"logo\":{\"@type\":\"ImageObject\",\"inLanguage\":\"es\",\"@id\":\"https:\/\/aivlisoft.net\/shop\/#\/schema\/logo\/image\/\",\"url\":\"https:\/\/aivlisoft.net\/shop\/wp-content\/uploads\/2024\/12\/removal.ai_5b848c54-0cdf-4140-95c5-c5536bb7573b-logodef.png\",\"contentUrl\":\"https:\/\/aivlisoft.net\/shop\/wp-content\/uploads\/2024\/12\/removal.ai_5b848c54-0cdf-4140-95c5-c5536bb7573b-logodef.png\",\"width\":484,\"height\":182,\"caption\":\"Aivlisoft Inform\u00e1tica\"},\"image\":{\"@id\":\"https:\/\/aivlisoft.net\/shop\/#\/schema\/logo\/image\/\"}}]}<\/script>\n<!-- \/ Yoast SEO plugin. -->","yoast_head_json":{"title":"Logitech Auricular+Mic H111 Negro - Aivlisoft Inform\u00e1tica","robots":{"index":"index","follow":"follow","max-snippet":"max-snippet:-1","max-image-preview":"max-image-preview:large","max-video-preview":"max-video-preview:-1"},"canonical":"https:\/\/aivlisoft.net\/shop\/producto\/logitech-auricularmic-h111-negro\/","og_locale":"es_ES","og_type":"article","og_title":"Logitech Auricular+Mic H111 Negro - Aivlisoft Inform\u00e1tica","og_description":"Unos auriculares asequibles para usar con todos tus dispositivosLa forma m&aacute;s sencilla de empezar a hablar usando ordenadores, smartphones o tablets. Tienen una toma de audio est&aacute;ndar de 3,5 mm y son compatibles con la mayor&iacute;a de los sistemas operativos y plataformas. Permiten o&iacute;r lo esencial y ser o&iacute;do con claridad.Sonido est&eacute;reoDisfruta de audio claro&hellip;&nbsp;Logitech Auricular+Mic H111 Negro","og_url":"https:\/\/aivlisoft.net\/shop\/producto\/logitech-auricularmic-h111-negro\/","og_site_name":"Aivlisoft Inform\u00e1tica","article_modified_time":"2025-01-14T21:15:01+00:00","og_image":[{"width":800,"height":800,"url":"https:\/\/aivlisoft.net\/shop\/wp-content\/uploads\/2025\/01\/MAUAMI0628_800.jpg","type":"image\/jpeg"}],"twitter_card":"summary_large_image","twitter_misc":{"Tiempo de lectura":"2 minutos"},"schema":{"@context":"https:\/\/schema.org","@graph":[{"@type":"WebPage","@id":"https:\/\/aivlisoft.net\/shop\/producto\/logitech-auricularmic-h111-negro\/","url":"https:\/\/aivlisoft.net\/shop\/producto\/logitech-auricularmic-h111-negro\/","name":"Logitech Auricular+Mic H111 Negro - Aivlisoft Inform\u00e1tica","isPartOf":{"@id":"https:\/\/aivlisoft.net\/shop\/#website"},"primaryImageOfPage":{"@id":"https:\/\/aivlisoft.net\/shop\/producto\/logitech-auricularmic-h111-negro\/#primaryimage"},"image":{"@id":"https:\/\/aivlisoft.net\/shop\/producto\/logitech-auricularmic-h111-negro\/#primaryimage"},"thumbnailUrl":"https:\/\/aivlisoft.net\/shop\/wp-content\/uploads\/2025\/01\/MAUAMI0628_800.jpg","datePublished":"2025-01-13T14:53:31+00:00","dateModified":"2025-01-14T21:15:01+00:00","breadcrumb":{"@id":"https:\/\/aivlisoft.net\/shop\/producto\/logitech-auricularmic-h111-negro\/#breadcrumb"},"inLanguage":"es","potentialAction":[{"@type":"ReadAction","target":["https:\/\/aivlisoft.net\/shop\/producto\/logitech-auricularmic-h111-negro\/"]}]},{"@type":"ImageObject","inLanguage":"es","@id":"https:\/\/aivlisoft.net\/shop\/producto\/logitech-auricularmic-h111-negro\/#primaryimage","url":"https:\/\/aivlisoft.net\/shop\/wp-content\/uploads\/2025\/01\/MAUAMI0628_800.jpg","contentUrl":"https:\/\/aivlisoft.net\/shop\/wp-content\/uploads\/2025\/01\/MAUAMI0628_800.jpg","width":800,"height":800},{"@type":"BreadcrumbList","@id":"https:\/\/aivlisoft.net\/shop\/producto\/logitech-auricularmic-h111-negro\/#breadcrumb","itemListElement":[{"@type":"ListItem","position":1,"name":"Portada","item":"https:\/\/aivlisoft.net\/shop\/"},{"@type":"ListItem","position":2,"name":"Tienda","item":"https:\/\/aivlisoft.net\/shop\/tienda\/"},{"@type":"ListItem","position":3,"name":"Logitech Auricular+Mic H111 Negro"}]},{"@type":"WebSite","@id":"https:\/\/aivlisoft.net\/shop\/#website","url":"https:\/\/aivlisoft.net\/shop\/","name":"Aivlisoft Inform\u00e1tica","description":"En Aivlisoft Inform\u00e1tica ofrecemos soluciones tecnol\u00f3gicas para empresas: venta de ordenadores, consumibles, perif\u00e9ricos y m\u00e1s. Calidad, atenci\u00f3n personalizada y los mejores precios para tu negocio.","publisher":{"@id":"https:\/\/aivlisoft.net\/shop\/#organization"},"potentialAction":[{"@type":"SearchAction","target":{"@type":"EntryPoint","urlTemplate":"https:\/\/aivlisoft.net\/shop\/?s={search_term_string}"},"query-input":{"@type":"PropertyValueSpecification","valueRequired":true,"valueName":"search_term_string"}}],"inLanguage":"es"},{"@type":"Organization","@id":"https:\/\/aivlisoft.net\/shop\/#organization","name":"Aivlisoft Inform\u00e1tica","url":"https:\/\/aivlisoft.net\/shop\/","logo":{"@type":"ImageObject","inLanguage":"es","@id":"https:\/\/aivlisoft.net\/shop\/#\/schema\/logo\/image\/","url":"https:\/\/aivlisoft.net\/shop\/wp-content\/uploads\/2024\/12\/removal.ai_5b848c54-0cdf-4140-95c5-c5536bb7573b-logodef.png","contentUrl":"https:\/\/aivlisoft.net\/shop\/wp-content\/uploads\/2024\/12\/removal.ai_5b848c54-0cdf-4140-95c5-c5536bb7573b-logodef.png","width":484,"height":182,"caption":"Aivlisoft Inform\u00e1tica"},"image":{"@id":"https:\/\/aivlisoft.net\/shop\/#\/schema\/logo\/image\/"}}]}},"_links":{"self":[{"href":"https:\/\/aivlisoft.net\/shop\/wp-json\/wp\/v2\/product\/15465","targetHints":{"allow":["GET"]}}],"collection":[{"href":"https:\/\/aivlisoft.net\/shop\/wp-json\/wp\/v2\/product"}],"about":[{"href":"https:\/\/aivlisoft.net\/shop\/wp-json\/wp\/v2\/types\/product"}],"wp:featuredmedia":[{"embeddable":true,"href":"https:\/\/aivlisoft.net\/shop\/wp-json\/wp\/v2\/media\/15466"}],"wp:attachment":[{"href":"https:\/\/aivlisoft.net\/shop\/wp-json\/wp\/v2\/media?parent=15465"}],"wp:term":[{"taxonomy":"product_brand","embeddable":true,"href":"https:\/\/aivlisoft.net\/shop\/wp-json\/wp\/v2\/product_brand?post=15465"},{"taxonomy":"product_cat","embeddable":true,"href":"https:\/\/aivlisoft.net\/shop\/wp-json\/wp\/v2\/product_cat?post=15465"},{"taxonomy":"product_tag","embeddable":true,"href":"https:\/\/aivlisoft.net\/shop\/wp-json\/wp\/v2\/product_tag?post=15465"}],"curies":[{"name":"wp","href":"https:\/\/api.w.org\/{rel}","templated":true}]}}