{"id":15455,"date":"2025-01-13T14:53:26","date_gmt":"2025-01-13T14:53:26","guid":{"rendered":"https:\/\/aivlisoft.com\/?post_type=product&#038;p=15455"},"modified":"2025-01-14T21:15:03","modified_gmt":"2025-01-14T21:15:03","slug":"energy-sistem-auriculares-sport-2-yellow","status":"publish","type":"product","link":"https:\/\/aivlisoft.net\/shop\/producto\/energy-sistem-auriculares-sport-2-yellow\/","title":{"rendered":"Energy  Sistem Auriculares Sport 2 Yellow"},"content":{"rendered":"<p>Auriculares deportivos con todo lo que necesitas para la pr&aacute;ctica del running: mayor calidad de sonido, sistema de sujeci&oacute;n Neckband-fit y con tecnolog&iacute;a Sweatproof para superar las condiciones m&aacute;s exigentes. Controla tu m&uacute;sica y responde a tus llamadas. <\/p>\n<p><strong>La sujeci&oacute;n que necesitas<\/strong><br \/>Con su sistema de sujeci&oacute;n Neckband-fit no hay movimiento que se te resista. Ya sea en la monta&ntilde;a o en la ciudad, c&eacute;ntrate en tu carrera y olv&iacute;date del movimiento de tus auriculares mientras corres<\/p>\n<p><strong>Controla tu m&uacute;sica<\/strong><br \/>Su cable de 1,2 metros incluye un bot&oacute;n multifunci&oacute;n para subir y bajar el volumen o avanzar y retroceder la pista. Adem&aacute;s, sus almohadillas intercambiables se adaptan perfectamente a tus o&iacute;dos evitando que entre el sudor mientras practicas deporte. <\/p>\n<p><strong>Protecci&oacute;n Sweatproof<\/strong><br \/>Sea cual sea tu estilo e intensidad, su resistencia a sudor y salpicaduras te permite dejar atr&aacute;s cualquier preocupaci&oacute;n para que &uacute;nicamente te centres en tu objetivo<\/p>\n<p><strong>Tus llamadas a mano<\/strong><br \/>Si suena tu tel&eacute;fono, olv&iacute;date de parar tu ejercicio para responder. Con el micr&oacute;fono integrado en el bot&oacute;n multifunci&oacute;n contesta todas tus llamadas mientras contin&uacute;as tu entrenamiento.<\/p>\n<table class=\"tabla_caracteristicas k-table\" width=\"100%\">\n<tbody>\n<tr>\n<td><strong>Marca<\/strong><\/td>\n<td>Energy Sistem<\/td>\n<\/tr>\n<tr>\n<td valign=\"top\"><strong>Modelo<\/strong><\/td>\n<td><strong><\/strong><strong>429363<\/strong><\/td>\n<\/tr>\n<tr>\n<td><strong>Uso<\/strong><\/td>\n<td>&#8211; Auricular con micr&oacute;fono<\/td>\n<\/tr>\n<tr>\n<td><strong>Caracter&iacute;sticas <\/strong><br \/><strong>destacadas<\/strong><\/td>\n<td>&#8211; Auriculares deportivos de diadema con dise&ntilde;o intrauditivo.<br \/>&#8211; Resistencia al sudor y salpicaduras para practicar deporte con comodidad.<br \/>&#8211; Cable de 1.2m de longitud con conector miniJack.<br \/>&#8211; Bot&oacute;n multifunci&oacute;n en el cable para controlar la reproducci&oacute;n y llamadas.<br \/>&#8211; Difer&eacute;nciate de los dem&aacute;s gracias a su combinaci&oacute;n de colores vanguardista.<br \/>&#8211; Almohadillas intercambiables en tres tama&ntilde;os distintos.<\/td>\n<\/tr>\n<tr>\n<td valign=\"top\"><strong>Especificaciones<\/strong><\/td>\n<td>&#8211; Dise&ntilde;o: Intrauditivo.<br \/>&#8211; Tipo: Din&aacute;mico.<br \/>&#8211; Im&aacute;n de neodimio.<br \/>&#8211; Di&aacute;metro del auricular: 9mm.<br \/>&#8211; Respuesta en frecuencia: 20 Hz ~ 20 KHz.<br \/>&#8211; SPL: 93&plusmn;3dB.<br \/>&#8211; Impedancia: 16 Ohm.<br \/>&#8211; THD &lt; 1%.<br \/>&#8211; Micr&oacute;fono: Sensibilidad: -42 dB&plusmn;3 dB (@1 Khz).<br \/>&#8211; Cable: Longitud: 120 cm.<br \/>&#8211; Conector: miniJack 3.5 mm. (est&aacute;ndar CTIA)<br \/>&#8211; Dimensiones: 150 x 115 x 40 mm.<br \/>&#8211; Peso: 20g.<br \/><strong>Contenido<\/strong><br \/>&#8211; Auriculares Energy Earphones Sport 2 Yellow<br \/>&#8211; Almohadillas intercambiables<\/td>\n<\/tr>\n<tr>\n<td><strong>Fecha de revisi&oacute;n<\/strong><\/td>\n<td>02-02-2018 por MSB<\/td>\n<\/tr>\n<\/tbody>\n<\/table>\n","protected":false},"excerpt":{"rendered":"<p>Auriculares deportivos con todo lo que necesitas para la pr&aacute;ctica del running: mayor calidad de sonido, sistema de sujeci&oacute;n Neckband-fit y con tecnolog&iacute;a Sweatproof para superar las condiciones m&aacute;s exigentes. Controla tu m&uacute;sica y responde a tus llamadas. La sujeci&oacute;n que necesitasCon su sistema de sujeci&oacute;n Neckband-fit no hay movimiento que se te resista. Ya&hellip;&nbsp;<a href=\"https:\/\/aivlisoft.net\/shop\/producto\/energy-sistem-auriculares-sport-2-yellow\/\" rel=\"bookmark\"><span class=\"screen-reader-text\">Energy  Sistem Auriculares Sport 2 Yellow<\/span><\/a><\/p>\n","protected":false},"featured_media":15456,"template":"","meta":{"neve_meta_sidebar":"","neve_meta_container":"","neve_meta_enable_content_width":"","neve_meta_content_width":0,"neve_meta_title_alignment":"","neve_meta_author_avatar":"","neve_post_elements_order":"","neve_meta_disable_header":"","neve_meta_disable_footer":"","neve_meta_disable_title":""},"product_brand":[],"product_cat":[15,790,957,5818],"product_tag":[5858],"class_list":{"0":"post-15455","1":"product","2":"type-product","3":"status-publish","4":"has-post-thumbnail","6":"product_cat-sin-categorizar","7":"product_cat-accesorios-gaming","8":"product_cat-accesorios-imagen-y-sonido","9":"product_cat-audio","10":"product_tag-5858","12":"first","13":"instock","14":"taxable","15":"shipping-taxable","16":"purchasable","17":"product-type-simple"},"yoast_head":"<!-- This site is optimized with the Yoast SEO plugin v26.0 - https:\/\/yoast.com\/wordpress\/plugins\/seo\/ -->\n<title>Energy Sistem Auriculares Sport 2 Yellow - Aivlisoft Inform\u00e1tica<\/title>\n<meta name=\"robots\" content=\"index, follow, max-snippet:-1, max-image-preview:large, max-video-preview:-1\" \/>\n<link rel=\"canonical\" href=\"https:\/\/aivlisoft.net\/shop\/producto\/energy-sistem-auriculares-sport-2-yellow\/\" \/>\n<meta property=\"og:locale\" content=\"es_ES\" \/>\n<meta property=\"og:type\" content=\"article\" \/>\n<meta property=\"og:title\" content=\"Energy Sistem Auriculares Sport 2 Yellow - Aivlisoft Inform\u00e1tica\" \/>\n<meta property=\"og:description\" content=\"Auriculares deportivos con todo lo que necesitas para la pr&aacute;ctica del running: mayor calidad de sonido, sistema de sujeci&oacute;n Neckband-fit y con tecnolog&iacute;a Sweatproof para superar las condiciones m&aacute;s exigentes. Controla tu m&uacute;sica y responde a tus llamadas. La sujeci&oacute;n que necesitasCon su sistema de sujeci&oacute;n Neckband-fit no hay movimiento que se te resista. Ya&hellip;&nbsp;Energy Sistem Auriculares Sport 2 Yellow\" \/>\n<meta property=\"og:url\" content=\"https:\/\/aivlisoft.net\/shop\/producto\/energy-sistem-auriculares-sport-2-yellow\/\" \/>\n<meta property=\"og:site_name\" content=\"Aivlisoft Inform\u00e1tica\" \/>\n<meta property=\"article:modified_time\" content=\"2025-01-14T21:15:03+00:00\" \/>\n<meta property=\"og:image\" content=\"https:\/\/aivlisoft.net\/shop\/wp-content\/uploads\/2025\/01\/MAUAMI0597_800.jpg\" \/>\n\t<meta property=\"og:image:width\" content=\"800\" \/>\n\t<meta property=\"og:image:height\" content=\"800\" \/>\n\t<meta property=\"og:image:type\" content=\"image\/jpeg\" \/>\n<meta name=\"twitter:card\" content=\"summary_large_image\" \/>\n<meta name=\"twitter:label1\" content=\"Tiempo de lectura\" \/>\n\t<meta name=\"twitter:data1\" content=\"2 minutos\" \/>\n<script type=\"application\/ld+json\" class=\"yoast-schema-graph\">{\"@context\":\"https:\/\/schema.org\",\"@graph\":[{\"@type\":\"WebPage\",\"@id\":\"https:\/\/aivlisoft.net\/shop\/producto\/energy-sistem-auriculares-sport-2-yellow\/\",\"url\":\"https:\/\/aivlisoft.net\/shop\/producto\/energy-sistem-auriculares-sport-2-yellow\/\",\"name\":\"Energy Sistem Auriculares Sport 2 Yellow - Aivlisoft Inform\u00e1tica\",\"isPartOf\":{\"@id\":\"https:\/\/aivlisoft.net\/shop\/#website\"},\"primaryImageOfPage\":{\"@id\":\"https:\/\/aivlisoft.net\/shop\/producto\/energy-sistem-auriculares-sport-2-yellow\/#primaryimage\"},\"image\":{\"@id\":\"https:\/\/aivlisoft.net\/shop\/producto\/energy-sistem-auriculares-sport-2-yellow\/#primaryimage\"},\"thumbnailUrl\":\"https:\/\/aivlisoft.net\/shop\/wp-content\/uploads\/2025\/01\/MAUAMI0597_800.jpg\",\"datePublished\":\"2025-01-13T14:53:26+00:00\",\"dateModified\":\"2025-01-14T21:15:03+00:00\",\"breadcrumb\":{\"@id\":\"https:\/\/aivlisoft.net\/shop\/producto\/energy-sistem-auriculares-sport-2-yellow\/#breadcrumb\"},\"inLanguage\":\"es\",\"potentialAction\":[{\"@type\":\"ReadAction\",\"target\":[\"https:\/\/aivlisoft.net\/shop\/producto\/energy-sistem-auriculares-sport-2-yellow\/\"]}]},{\"@type\":\"ImageObject\",\"inLanguage\":\"es\",\"@id\":\"https:\/\/aivlisoft.net\/shop\/producto\/energy-sistem-auriculares-sport-2-yellow\/#primaryimage\",\"url\":\"https:\/\/aivlisoft.net\/shop\/wp-content\/uploads\/2025\/01\/MAUAMI0597_800.jpg\",\"contentUrl\":\"https:\/\/aivlisoft.net\/shop\/wp-content\/uploads\/2025\/01\/MAUAMI0597_800.jpg\",\"width\":800,\"height\":800},{\"@type\":\"BreadcrumbList\",\"@id\":\"https:\/\/aivlisoft.net\/shop\/producto\/energy-sistem-auriculares-sport-2-yellow\/#breadcrumb\",\"itemListElement\":[{\"@type\":\"ListItem\",\"position\":1,\"name\":\"Portada\",\"item\":\"https:\/\/aivlisoft.net\/shop\/\"},{\"@type\":\"ListItem\",\"position\":2,\"name\":\"Tienda\",\"item\":\"https:\/\/aivlisoft.net\/shop\/tienda\/\"},{\"@type\":\"ListItem\",\"position\":3,\"name\":\"Energy Sistem Auriculares Sport 2 Yellow\"}]},{\"@type\":\"WebSite\",\"@id\":\"https:\/\/aivlisoft.net\/shop\/#website\",\"url\":\"https:\/\/aivlisoft.net\/shop\/\",\"name\":\"Aivlisoft Inform\u00e1tica\",\"description\":\"En Aivlisoft Inform\u00e1tica ofrecemos soluciones tecnol\u00f3gicas para empresas: venta de ordenadores, consumibles, perif\u00e9ricos y m\u00e1s. Calidad, atenci\u00f3n personalizada y los mejores precios para tu negocio.\",\"publisher\":{\"@id\":\"https:\/\/aivlisoft.net\/shop\/#organization\"},\"potentialAction\":[{\"@type\":\"SearchAction\",\"target\":{\"@type\":\"EntryPoint\",\"urlTemplate\":\"https:\/\/aivlisoft.net\/shop\/?s={search_term_string}\"},\"query-input\":{\"@type\":\"PropertyValueSpecification\",\"valueRequired\":true,\"valueName\":\"search_term_string\"}}],\"inLanguage\":\"es\"},{\"@type\":\"Organization\",\"@id\":\"https:\/\/aivlisoft.net\/shop\/#organization\",\"name\":\"Aivlisoft Inform\u00e1tica\",\"url\":\"https:\/\/aivlisoft.net\/shop\/\",\"logo\":{\"@type\":\"ImageObject\",\"inLanguage\":\"es\",\"@id\":\"https:\/\/aivlisoft.net\/shop\/#\/schema\/logo\/image\/\",\"url\":\"https:\/\/aivlisoft.net\/shop\/wp-content\/uploads\/2024\/12\/removal.ai_5b848c54-0cdf-4140-95c5-c5536bb7573b-logodef.png\",\"contentUrl\":\"https:\/\/aivlisoft.net\/shop\/wp-content\/uploads\/2024\/12\/removal.ai_5b848c54-0cdf-4140-95c5-c5536bb7573b-logodef.png\",\"width\":484,\"height\":182,\"caption\":\"Aivlisoft Inform\u00e1tica\"},\"image\":{\"@id\":\"https:\/\/aivlisoft.net\/shop\/#\/schema\/logo\/image\/\"}}]}<\/script>\n<!-- \/ Yoast SEO plugin. -->","yoast_head_json":{"title":"Energy Sistem Auriculares Sport 2 Yellow - Aivlisoft Inform\u00e1tica","robots":{"index":"index","follow":"follow","max-snippet":"max-snippet:-1","max-image-preview":"max-image-preview:large","max-video-preview":"max-video-preview:-1"},"canonical":"https:\/\/aivlisoft.net\/shop\/producto\/energy-sistem-auriculares-sport-2-yellow\/","og_locale":"es_ES","og_type":"article","og_title":"Energy Sistem Auriculares Sport 2 Yellow - Aivlisoft Inform\u00e1tica","og_description":"Auriculares deportivos con todo lo que necesitas para la pr&aacute;ctica del running: mayor calidad de sonido, sistema de sujeci&oacute;n Neckband-fit y con tecnolog&iacute;a Sweatproof para superar las condiciones m&aacute;s exigentes. Controla tu m&uacute;sica y responde a tus llamadas. La sujeci&oacute;n que necesitasCon su sistema de sujeci&oacute;n Neckband-fit no hay movimiento que se te resista. Ya&hellip;&nbsp;Energy Sistem Auriculares Sport 2 Yellow","og_url":"https:\/\/aivlisoft.net\/shop\/producto\/energy-sistem-auriculares-sport-2-yellow\/","og_site_name":"Aivlisoft Inform\u00e1tica","article_modified_time":"2025-01-14T21:15:03+00:00","og_image":[{"width":800,"height":800,"url":"https:\/\/aivlisoft.net\/shop\/wp-content\/uploads\/2025\/01\/MAUAMI0597_800.jpg","type":"image\/jpeg"}],"twitter_card":"summary_large_image","twitter_misc":{"Tiempo de lectura":"2 minutos"},"schema":{"@context":"https:\/\/schema.org","@graph":[{"@type":"WebPage","@id":"https:\/\/aivlisoft.net\/shop\/producto\/energy-sistem-auriculares-sport-2-yellow\/","url":"https:\/\/aivlisoft.net\/shop\/producto\/energy-sistem-auriculares-sport-2-yellow\/","name":"Energy Sistem Auriculares Sport 2 Yellow - Aivlisoft Inform\u00e1tica","isPartOf":{"@id":"https:\/\/aivlisoft.net\/shop\/#website"},"primaryImageOfPage":{"@id":"https:\/\/aivlisoft.net\/shop\/producto\/energy-sistem-auriculares-sport-2-yellow\/#primaryimage"},"image":{"@id":"https:\/\/aivlisoft.net\/shop\/producto\/energy-sistem-auriculares-sport-2-yellow\/#primaryimage"},"thumbnailUrl":"https:\/\/aivlisoft.net\/shop\/wp-content\/uploads\/2025\/01\/MAUAMI0597_800.jpg","datePublished":"2025-01-13T14:53:26+00:00","dateModified":"2025-01-14T21:15:03+00:00","breadcrumb":{"@id":"https:\/\/aivlisoft.net\/shop\/producto\/energy-sistem-auriculares-sport-2-yellow\/#breadcrumb"},"inLanguage":"es","potentialAction":[{"@type":"ReadAction","target":["https:\/\/aivlisoft.net\/shop\/producto\/energy-sistem-auriculares-sport-2-yellow\/"]}]},{"@type":"ImageObject","inLanguage":"es","@id":"https:\/\/aivlisoft.net\/shop\/producto\/energy-sistem-auriculares-sport-2-yellow\/#primaryimage","url":"https:\/\/aivlisoft.net\/shop\/wp-content\/uploads\/2025\/01\/MAUAMI0597_800.jpg","contentUrl":"https:\/\/aivlisoft.net\/shop\/wp-content\/uploads\/2025\/01\/MAUAMI0597_800.jpg","width":800,"height":800},{"@type":"BreadcrumbList","@id":"https:\/\/aivlisoft.net\/shop\/producto\/energy-sistem-auriculares-sport-2-yellow\/#breadcrumb","itemListElement":[{"@type":"ListItem","position":1,"name":"Portada","item":"https:\/\/aivlisoft.net\/shop\/"},{"@type":"ListItem","position":2,"name":"Tienda","item":"https:\/\/aivlisoft.net\/shop\/tienda\/"},{"@type":"ListItem","position":3,"name":"Energy Sistem Auriculares Sport 2 Yellow"}]},{"@type":"WebSite","@id":"https:\/\/aivlisoft.net\/shop\/#website","url":"https:\/\/aivlisoft.net\/shop\/","name":"Aivlisoft Inform\u00e1tica","description":"En Aivlisoft Inform\u00e1tica ofrecemos soluciones tecnol\u00f3gicas para empresas: venta de ordenadores, consumibles, perif\u00e9ricos y m\u00e1s. Calidad, atenci\u00f3n personalizada y los mejores precios para tu negocio.","publisher":{"@id":"https:\/\/aivlisoft.net\/shop\/#organization"},"potentialAction":[{"@type":"SearchAction","target":{"@type":"EntryPoint","urlTemplate":"https:\/\/aivlisoft.net\/shop\/?s={search_term_string}"},"query-input":{"@type":"PropertyValueSpecification","valueRequired":true,"valueName":"search_term_string"}}],"inLanguage":"es"},{"@type":"Organization","@id":"https:\/\/aivlisoft.net\/shop\/#organization","name":"Aivlisoft Inform\u00e1tica","url":"https:\/\/aivlisoft.net\/shop\/","logo":{"@type":"ImageObject","inLanguage":"es","@id":"https:\/\/aivlisoft.net\/shop\/#\/schema\/logo\/image\/","url":"https:\/\/aivlisoft.net\/shop\/wp-content\/uploads\/2024\/12\/removal.ai_5b848c54-0cdf-4140-95c5-c5536bb7573b-logodef.png","contentUrl":"https:\/\/aivlisoft.net\/shop\/wp-content\/uploads\/2024\/12\/removal.ai_5b848c54-0cdf-4140-95c5-c5536bb7573b-logodef.png","width":484,"height":182,"caption":"Aivlisoft Inform\u00e1tica"},"image":{"@id":"https:\/\/aivlisoft.net\/shop\/#\/schema\/logo\/image\/"}}]}},"_links":{"self":[{"href":"https:\/\/aivlisoft.net\/shop\/wp-json\/wp\/v2\/product\/15455","targetHints":{"allow":["GET"]}}],"collection":[{"href":"https:\/\/aivlisoft.net\/shop\/wp-json\/wp\/v2\/product"}],"about":[{"href":"https:\/\/aivlisoft.net\/shop\/wp-json\/wp\/v2\/types\/product"}],"wp:featuredmedia":[{"embeddable":true,"href":"https:\/\/aivlisoft.net\/shop\/wp-json\/wp\/v2\/media\/15456"}],"wp:attachment":[{"href":"https:\/\/aivlisoft.net\/shop\/wp-json\/wp\/v2\/media?parent=15455"}],"wp:term":[{"taxonomy":"product_brand","embeddable":true,"href":"https:\/\/aivlisoft.net\/shop\/wp-json\/wp\/v2\/product_brand?post=15455"},{"taxonomy":"product_cat","embeddable":true,"href":"https:\/\/aivlisoft.net\/shop\/wp-json\/wp\/v2\/product_cat?post=15455"},{"taxonomy":"product_tag","embeddable":true,"href":"https:\/\/aivlisoft.net\/shop\/wp-json\/wp\/v2\/product_tag?post=15455"}],"curies":[{"name":"wp","href":"https:\/\/api.w.org\/{rel}","templated":true}]}}