{"id":15450,"date":"2025-01-13T14:53:24","date_gmt":"2025-01-13T14:53:24","guid":{"rendered":"https:\/\/aivlisoft.com\/?post_type=product&#038;p=15450"},"modified":"2025-01-14T21:15:04","modified_gmt":"2025-01-14T21:15:04","slug":"ewent-pl3320-gaming-headset-with-mic-for-pc-and-co","status":"publish","type":"product","link":"https:\/\/aivlisoft.net\/shop\/producto\/ewent-pl3320-gaming-headset-with-mic-for-pc-and-co\/","title":{"rendered":"EWENT PL3320 Gaming Headset with Mic for PC and Co"},"content":{"rendered":"<p>Disfrute de un control del audio completo y graves potentes al alcance con los c&oacute;modos auriculares sobre oreja PL3320. Control de volumen al vuelo con interruptor de silencio en el micr&oacute;fono. Adecuado para jugar en pc, Xbox One y PlayStation 4.<\/p>\n<p><strong>Control de volumen en l&iacute;nea<\/strong><br \/>Con control de volumen en l&iacute;nea para controlar el volumen y poner en silencio el micr&oacute;fono al vuelo. Active y desactive el silencio f&aacute;cilmente si no desea que sus compa&ntilde;eros de juego escuchen lo que dice pero si escuchar sobre lo que hablan.<\/p>\n<p><strong>Compatible con Xbox y PlayStation 4<\/strong><br \/>Los auriculares sobre oreja cuentan con un micr&oacute;fono ajustable y almohadillas de oreja c&oacute;modas. Utilice el adaptador jack de 3,5mm que se incluye para jugar en Xbox One y PlayStation 4.<\/p>\n<p><strong>Cable de nylon que evita enredos<\/strong><br \/>Disfrute jugando libremente sin distraerse con enredos de cables gracias al cable de conexi&oacute;n de nylon trenzado. <\/p>\n<p>&#8211; Almohadillas y diadema acolchada ajustable que proporcionan total comodidad<br \/>&#8211; Unidad de graves potente<br \/>&#8211; Con control de volumen y conmutador de silencio de micr&oacute;fono<br \/>&#8211; Compatible con consolas de juego mediante el adaptador de conectores incluido<br \/>&#8211; Cable USB trenzado de nailon que no se enreda<\/p>\n<table>\n<tbody>\n<tr>\n<td><strong>Marca<\/strong><\/td>\n<td>Ewent<\/td>\n<\/tr>\n<tr>\n<td><strong>Modelo<\/strong><\/td>\n<td><strong>PL3320<\/strong><\/td>\n<\/tr>\n<tr>\n<td><strong>Caracteristicas<\/strong><\/td>\n<td>&#8211; Salida de sonido: est&eacute;reo 2.0<br \/>&#8211; Factor de forma: Sobre la oreja<br \/>&#8211; Radio del altavoz: 40 mm<br \/>&#8211; Control de sonido: control de volumen con interruptor de silencio para micr&oacute;fono.<br \/>&#8211; Micr&oacute;fono: micr&oacute;fono giratorio integrado con patrones omnidireccionales<br \/>&#8211; Sensibilidad de los auriculares: 126dB &plusmn; 3dB<br \/>&#8211; Frecuencia: 20-20000Hz<br \/>&#8211; Sensibilidad del micr&oacute;fono: -54db &plusmn; 3db<br \/>&#8211; Interfaz: jack 2 x 3,5 mm<br \/>&#8211; Longitud del cable: cable trenzado de nylon de 1,5 m<br \/>&#8211; Peso: 226g<br \/>&#8211; Dimensiones: 190 x 200 x 80mm<\/td>\n<\/tr>\n<tr>\n<td><strong>Fecha de revisi&oacute;n<\/strong><\/td>\n<td>21-11-2017 por MSB<\/td>\n<\/tr>\n<\/tbody>\n<\/table>\n","protected":false},"excerpt":{"rendered":"<p>Disfrute de un control del audio completo y graves potentes al alcance con los c&oacute;modos auriculares sobre oreja PL3320. Control de volumen al vuelo con interruptor de silencio en el micr&oacute;fono. Adecuado para jugar en pc, Xbox One y PlayStation 4. Control de volumen en l&iacute;neaCon control de volumen en l&iacute;nea para controlar el volumen&hellip;&nbsp;<a href=\"https:\/\/aivlisoft.net\/shop\/producto\/ewent-pl3320-gaming-headset-with-mic-for-pc-and-co\/\" rel=\"bookmark\"><span class=\"screen-reader-text\">EWENT PL3320 Gaming Headset with Mic for PC and Co<\/span><\/a><\/p>\n","protected":false},"featured_media":15451,"template":"","meta":{"neve_meta_sidebar":"","neve_meta_container":"","neve_meta_enable_content_width":"","neve_meta_content_width":0,"neve_meta_title_alignment":"","neve_meta_author_avatar":"","neve_post_elements_order":"","neve_meta_disable_header":"","neve_meta_disable_footer":"","neve_meta_disable_title":""},"product_brand":[],"product_cat":[15,790,957,5818],"product_tag":[5857],"class_list":{"0":"post-15450","1":"product","2":"type-product","3":"status-publish","4":"has-post-thumbnail","6":"product_cat-sin-categorizar","7":"product_cat-accesorios-gaming","8":"product_cat-accesorios-imagen-y-sonido","9":"product_cat-audio","10":"product_tag-pl3320","12":"first","13":"instock","14":"taxable","15":"shipping-taxable","16":"purchasable","17":"product-type-simple"},"yoast_head":"<!-- This site is optimized with the Yoast SEO plugin v26.0 - https:\/\/yoast.com\/wordpress\/plugins\/seo\/ -->\n<title>EWENT PL3320 Gaming Headset with Mic for PC and Co - Aivlisoft Inform\u00e1tica<\/title>\n<meta name=\"robots\" content=\"index, follow, max-snippet:-1, max-image-preview:large, max-video-preview:-1\" \/>\n<link rel=\"canonical\" href=\"https:\/\/aivlisoft.net\/shop\/producto\/ewent-pl3320-gaming-headset-with-mic-for-pc-and-co\/\" \/>\n<meta property=\"og:locale\" content=\"es_ES\" \/>\n<meta property=\"og:type\" content=\"article\" \/>\n<meta property=\"og:title\" content=\"EWENT PL3320 Gaming Headset with Mic for PC and Co - Aivlisoft Inform\u00e1tica\" \/>\n<meta property=\"og:description\" content=\"Disfrute de un control del audio completo y graves potentes al alcance con los c&oacute;modos auriculares sobre oreja PL3320. Control de volumen al vuelo con interruptor de silencio en el micr&oacute;fono. Adecuado para jugar en pc, Xbox One y PlayStation 4. Control de volumen en l&iacute;neaCon control de volumen en l&iacute;nea para controlar el volumen&hellip;&nbsp;EWENT PL3320 Gaming Headset with Mic for PC and Co\" \/>\n<meta property=\"og:url\" content=\"https:\/\/aivlisoft.net\/shop\/producto\/ewent-pl3320-gaming-headset-with-mic-for-pc-and-co\/\" \/>\n<meta property=\"og:site_name\" content=\"Aivlisoft Inform\u00e1tica\" \/>\n<meta property=\"article:modified_time\" content=\"2025-01-14T21:15:04+00:00\" \/>\n<meta property=\"og:image\" content=\"https:\/\/aivlisoft.net\/shop\/wp-content\/uploads\/2025\/01\/MAUAMI0588_800.jpg\" \/>\n\t<meta property=\"og:image:width\" content=\"800\" \/>\n\t<meta property=\"og:image:height\" content=\"800\" \/>\n\t<meta property=\"og:image:type\" content=\"image\/jpeg\" \/>\n<meta name=\"twitter:card\" content=\"summary_large_image\" \/>\n<meta name=\"twitter:label1\" content=\"Tiempo de lectura\" \/>\n\t<meta name=\"twitter:data1\" content=\"2 minutos\" \/>\n<script type=\"application\/ld+json\" class=\"yoast-schema-graph\">{\"@context\":\"https:\/\/schema.org\",\"@graph\":[{\"@type\":\"WebPage\",\"@id\":\"https:\/\/aivlisoft.net\/shop\/producto\/ewent-pl3320-gaming-headset-with-mic-for-pc-and-co\/\",\"url\":\"https:\/\/aivlisoft.net\/shop\/producto\/ewent-pl3320-gaming-headset-with-mic-for-pc-and-co\/\",\"name\":\"EWENT PL3320 Gaming Headset with Mic for PC and Co - Aivlisoft Inform\u00e1tica\",\"isPartOf\":{\"@id\":\"https:\/\/aivlisoft.net\/shop\/#website\"},\"primaryImageOfPage\":{\"@id\":\"https:\/\/aivlisoft.net\/shop\/producto\/ewent-pl3320-gaming-headset-with-mic-for-pc-and-co\/#primaryimage\"},\"image\":{\"@id\":\"https:\/\/aivlisoft.net\/shop\/producto\/ewent-pl3320-gaming-headset-with-mic-for-pc-and-co\/#primaryimage\"},\"thumbnailUrl\":\"https:\/\/aivlisoft.net\/shop\/wp-content\/uploads\/2025\/01\/MAUAMI0588_800.jpg\",\"datePublished\":\"2025-01-13T14:53:24+00:00\",\"dateModified\":\"2025-01-14T21:15:04+00:00\",\"breadcrumb\":{\"@id\":\"https:\/\/aivlisoft.net\/shop\/producto\/ewent-pl3320-gaming-headset-with-mic-for-pc-and-co\/#breadcrumb\"},\"inLanguage\":\"es\",\"potentialAction\":[{\"@type\":\"ReadAction\",\"target\":[\"https:\/\/aivlisoft.net\/shop\/producto\/ewent-pl3320-gaming-headset-with-mic-for-pc-and-co\/\"]}]},{\"@type\":\"ImageObject\",\"inLanguage\":\"es\",\"@id\":\"https:\/\/aivlisoft.net\/shop\/producto\/ewent-pl3320-gaming-headset-with-mic-for-pc-and-co\/#primaryimage\",\"url\":\"https:\/\/aivlisoft.net\/shop\/wp-content\/uploads\/2025\/01\/MAUAMI0588_800.jpg\",\"contentUrl\":\"https:\/\/aivlisoft.net\/shop\/wp-content\/uploads\/2025\/01\/MAUAMI0588_800.jpg\",\"width\":800,\"height\":800},{\"@type\":\"BreadcrumbList\",\"@id\":\"https:\/\/aivlisoft.net\/shop\/producto\/ewent-pl3320-gaming-headset-with-mic-for-pc-and-co\/#breadcrumb\",\"itemListElement\":[{\"@type\":\"ListItem\",\"position\":1,\"name\":\"Portada\",\"item\":\"https:\/\/aivlisoft.net\/shop\/\"},{\"@type\":\"ListItem\",\"position\":2,\"name\":\"Tienda\",\"item\":\"https:\/\/aivlisoft.net\/shop\/tienda\/\"},{\"@type\":\"ListItem\",\"position\":3,\"name\":\"EWENT PL3320 Gaming Headset with Mic for PC and Co\"}]},{\"@type\":\"WebSite\",\"@id\":\"https:\/\/aivlisoft.net\/shop\/#website\",\"url\":\"https:\/\/aivlisoft.net\/shop\/\",\"name\":\"Aivlisoft Inform\u00e1tica\",\"description\":\"En Aivlisoft Inform\u00e1tica ofrecemos soluciones tecnol\u00f3gicas para empresas: venta de ordenadores, consumibles, perif\u00e9ricos y m\u00e1s. Calidad, atenci\u00f3n personalizada y los mejores precios para tu negocio.\",\"publisher\":{\"@id\":\"https:\/\/aivlisoft.net\/shop\/#organization\"},\"potentialAction\":[{\"@type\":\"SearchAction\",\"target\":{\"@type\":\"EntryPoint\",\"urlTemplate\":\"https:\/\/aivlisoft.net\/shop\/?s={search_term_string}\"},\"query-input\":{\"@type\":\"PropertyValueSpecification\",\"valueRequired\":true,\"valueName\":\"search_term_string\"}}],\"inLanguage\":\"es\"},{\"@type\":\"Organization\",\"@id\":\"https:\/\/aivlisoft.net\/shop\/#organization\",\"name\":\"Aivlisoft Inform\u00e1tica\",\"url\":\"https:\/\/aivlisoft.net\/shop\/\",\"logo\":{\"@type\":\"ImageObject\",\"inLanguage\":\"es\",\"@id\":\"https:\/\/aivlisoft.net\/shop\/#\/schema\/logo\/image\/\",\"url\":\"https:\/\/aivlisoft.net\/shop\/wp-content\/uploads\/2024\/12\/removal.ai_5b848c54-0cdf-4140-95c5-c5536bb7573b-logodef.png\",\"contentUrl\":\"https:\/\/aivlisoft.net\/shop\/wp-content\/uploads\/2024\/12\/removal.ai_5b848c54-0cdf-4140-95c5-c5536bb7573b-logodef.png\",\"width\":484,\"height\":182,\"caption\":\"Aivlisoft Inform\u00e1tica\"},\"image\":{\"@id\":\"https:\/\/aivlisoft.net\/shop\/#\/schema\/logo\/image\/\"}}]}<\/script>\n<!-- \/ Yoast SEO plugin. -->","yoast_head_json":{"title":"EWENT PL3320 Gaming Headset with Mic for PC and Co - Aivlisoft Inform\u00e1tica","robots":{"index":"index","follow":"follow","max-snippet":"max-snippet:-1","max-image-preview":"max-image-preview:large","max-video-preview":"max-video-preview:-1"},"canonical":"https:\/\/aivlisoft.net\/shop\/producto\/ewent-pl3320-gaming-headset-with-mic-for-pc-and-co\/","og_locale":"es_ES","og_type":"article","og_title":"EWENT PL3320 Gaming Headset with Mic for PC and Co - Aivlisoft Inform\u00e1tica","og_description":"Disfrute de un control del audio completo y graves potentes al alcance con los c&oacute;modos auriculares sobre oreja PL3320. Control de volumen al vuelo con interruptor de silencio en el micr&oacute;fono. Adecuado para jugar en pc, Xbox One y PlayStation 4. Control de volumen en l&iacute;neaCon control de volumen en l&iacute;nea para controlar el volumen&hellip;&nbsp;EWENT PL3320 Gaming Headset with Mic for PC and Co","og_url":"https:\/\/aivlisoft.net\/shop\/producto\/ewent-pl3320-gaming-headset-with-mic-for-pc-and-co\/","og_site_name":"Aivlisoft Inform\u00e1tica","article_modified_time":"2025-01-14T21:15:04+00:00","og_image":[{"width":800,"height":800,"url":"https:\/\/aivlisoft.net\/shop\/wp-content\/uploads\/2025\/01\/MAUAMI0588_800.jpg","type":"image\/jpeg"}],"twitter_card":"summary_large_image","twitter_misc":{"Tiempo de lectura":"2 minutos"},"schema":{"@context":"https:\/\/schema.org","@graph":[{"@type":"WebPage","@id":"https:\/\/aivlisoft.net\/shop\/producto\/ewent-pl3320-gaming-headset-with-mic-for-pc-and-co\/","url":"https:\/\/aivlisoft.net\/shop\/producto\/ewent-pl3320-gaming-headset-with-mic-for-pc-and-co\/","name":"EWENT PL3320 Gaming Headset with Mic for PC and Co - Aivlisoft Inform\u00e1tica","isPartOf":{"@id":"https:\/\/aivlisoft.net\/shop\/#website"},"primaryImageOfPage":{"@id":"https:\/\/aivlisoft.net\/shop\/producto\/ewent-pl3320-gaming-headset-with-mic-for-pc-and-co\/#primaryimage"},"image":{"@id":"https:\/\/aivlisoft.net\/shop\/producto\/ewent-pl3320-gaming-headset-with-mic-for-pc-and-co\/#primaryimage"},"thumbnailUrl":"https:\/\/aivlisoft.net\/shop\/wp-content\/uploads\/2025\/01\/MAUAMI0588_800.jpg","datePublished":"2025-01-13T14:53:24+00:00","dateModified":"2025-01-14T21:15:04+00:00","breadcrumb":{"@id":"https:\/\/aivlisoft.net\/shop\/producto\/ewent-pl3320-gaming-headset-with-mic-for-pc-and-co\/#breadcrumb"},"inLanguage":"es","potentialAction":[{"@type":"ReadAction","target":["https:\/\/aivlisoft.net\/shop\/producto\/ewent-pl3320-gaming-headset-with-mic-for-pc-and-co\/"]}]},{"@type":"ImageObject","inLanguage":"es","@id":"https:\/\/aivlisoft.net\/shop\/producto\/ewent-pl3320-gaming-headset-with-mic-for-pc-and-co\/#primaryimage","url":"https:\/\/aivlisoft.net\/shop\/wp-content\/uploads\/2025\/01\/MAUAMI0588_800.jpg","contentUrl":"https:\/\/aivlisoft.net\/shop\/wp-content\/uploads\/2025\/01\/MAUAMI0588_800.jpg","width":800,"height":800},{"@type":"BreadcrumbList","@id":"https:\/\/aivlisoft.net\/shop\/producto\/ewent-pl3320-gaming-headset-with-mic-for-pc-and-co\/#breadcrumb","itemListElement":[{"@type":"ListItem","position":1,"name":"Portada","item":"https:\/\/aivlisoft.net\/shop\/"},{"@type":"ListItem","position":2,"name":"Tienda","item":"https:\/\/aivlisoft.net\/shop\/tienda\/"},{"@type":"ListItem","position":3,"name":"EWENT PL3320 Gaming Headset with Mic for PC and Co"}]},{"@type":"WebSite","@id":"https:\/\/aivlisoft.net\/shop\/#website","url":"https:\/\/aivlisoft.net\/shop\/","name":"Aivlisoft Inform\u00e1tica","description":"En Aivlisoft Inform\u00e1tica ofrecemos soluciones tecnol\u00f3gicas para empresas: venta de ordenadores, consumibles, perif\u00e9ricos y m\u00e1s. Calidad, atenci\u00f3n personalizada y los mejores precios para tu negocio.","publisher":{"@id":"https:\/\/aivlisoft.net\/shop\/#organization"},"potentialAction":[{"@type":"SearchAction","target":{"@type":"EntryPoint","urlTemplate":"https:\/\/aivlisoft.net\/shop\/?s={search_term_string}"},"query-input":{"@type":"PropertyValueSpecification","valueRequired":true,"valueName":"search_term_string"}}],"inLanguage":"es"},{"@type":"Organization","@id":"https:\/\/aivlisoft.net\/shop\/#organization","name":"Aivlisoft Inform\u00e1tica","url":"https:\/\/aivlisoft.net\/shop\/","logo":{"@type":"ImageObject","inLanguage":"es","@id":"https:\/\/aivlisoft.net\/shop\/#\/schema\/logo\/image\/","url":"https:\/\/aivlisoft.net\/shop\/wp-content\/uploads\/2024\/12\/removal.ai_5b848c54-0cdf-4140-95c5-c5536bb7573b-logodef.png","contentUrl":"https:\/\/aivlisoft.net\/shop\/wp-content\/uploads\/2024\/12\/removal.ai_5b848c54-0cdf-4140-95c5-c5536bb7573b-logodef.png","width":484,"height":182,"caption":"Aivlisoft Inform\u00e1tica"},"image":{"@id":"https:\/\/aivlisoft.net\/shop\/#\/schema\/logo\/image\/"}}]}},"_links":{"self":[{"href":"https:\/\/aivlisoft.net\/shop\/wp-json\/wp\/v2\/product\/15450","targetHints":{"allow":["GET"]}}],"collection":[{"href":"https:\/\/aivlisoft.net\/shop\/wp-json\/wp\/v2\/product"}],"about":[{"href":"https:\/\/aivlisoft.net\/shop\/wp-json\/wp\/v2\/types\/product"}],"wp:featuredmedia":[{"embeddable":true,"href":"https:\/\/aivlisoft.net\/shop\/wp-json\/wp\/v2\/media\/15451"}],"wp:attachment":[{"href":"https:\/\/aivlisoft.net\/shop\/wp-json\/wp\/v2\/media?parent=15450"}],"wp:term":[{"taxonomy":"product_brand","embeddable":true,"href":"https:\/\/aivlisoft.net\/shop\/wp-json\/wp\/v2\/product_brand?post=15450"},{"taxonomy":"product_cat","embeddable":true,"href":"https:\/\/aivlisoft.net\/shop\/wp-json\/wp\/v2\/product_cat?post=15450"},{"taxonomy":"product_tag","embeddable":true,"href":"https:\/\/aivlisoft.net\/shop\/wp-json\/wp\/v2\/product_tag?post=15450"}],"curies":[{"name":"wp","href":"https:\/\/api.w.org\/{rel}","templated":true}]}}