{"id":15404,"date":"2025-01-13T14:53:00","date_gmt":"2025-01-13T14:53:00","guid":{"rendered":"https:\/\/aivlisoft.com\/?post_type=product&#038;p=15404"},"modified":"2025-01-14T11:22:00","modified_gmt":"2025-01-14T11:22:00","slug":"hiditec-altavoces-2-1-multimedia-h400-40w-blt-radi","status":"publish","type":"product","link":"https:\/\/aivlisoft.net\/shop\/producto\/hiditec-altavoces-2-1-multimedia-h400-40w-blt-radi\/","title":{"rendered":"Hiditec Altavoces 2.1 Multimedia H400 40W Blt Radi"},"content":{"rendered":"<div><strong>Potente sonido 2.1 para m&uacute;sica, pel&iacute;culas y juegos<\/strong><\/div>\n<div>Sienta los 80W de potencia con un sonido n&iacute;tido y profundo. Dispone de todas las conexiones necesarias para poder reproducir su m&uacute;sica desde cualquier dispositivo.<br \/>Conecta tu Smartphone o Tablet a trav&eacute;s de Bluetooth&reg;<br \/>Escucha m&uacute;sica de tu Smartphone, Tablet o MP3 a trav&eacute;s de la conexi&oacute;n Bluetooth&reg; con la que cuenta los H400.<br \/>Es una forma pr&aacute;ctica y sencilla de escuchar m&uacute;sica desde tus dispositivos inal&aacute;mbricos, el sistema de b&uacute;squeda y enlace es r&aacute;pido y sin instalaci&oacute;n alguna.<\/p>\n<p><strong>Escucha tus canciones desde un USB o tarjeta de memoria con funci&oacute;n Play-Stop<\/strong><br \/>Escucha a tus artistas favoritos de la forma que prefiera. Conecta una memoria USB o tarjeta SD para reproducir la m&uacute;sica directamente desde los H400.<br \/>Utilizando estas dos conexi&oacute;nes el dispositivo cuenta con la funci&oacute;n Play-Stop, esta tecnolog&iacute;a permite continuar escuchando la &uacute;ltima canci&oacute;n que se estaba reproduciendo, aunque desconecte los H400 de la corriente el&eacute;ctrica.<br \/>Tambi&eacute;n, puede conectar el Televisor, Ordenador o Videoconsola a trav&eacute;s de la l&iacute;nea de entrada Audio-In o escuchar la radio con el sintonizador FM que incorpora.<\/p>\n<p><strong>Su equipo bajo control<\/strong><br \/>Los H400 cuentan con un panel frontal en el que podr&aacute;s seleccionar el modo y pista de reproducci&oacute;n as&iacute; como el volumen.<br \/>Tambi&eacute;n dispone de mando a distancia con el que poder ajustar todas las funciones del dispositivo inal&aacute;mbricamente, como puede ser la sintonizaci&oacute;n de emisoras de radio, selecci&oacute;n de modo de funcionamiento, volumen o selecci&oacute;n de canciones entre otras funciones.<\/p>\n<p><strong>Graves ajustables<\/strong><br \/>El control de graves independiente permite ajustar el nivel de frecuencias bajas producidas por el subwoofer de 5&quot; sin cambiar el volumen de los altavoces sat&eacute;lite.<br \/>Se puede optimizar el nivel de graves a las preferencias de cada persona para compensaci&oacute;n de proximidad. Si el subwoofer se encuentra debajo de un escritorio o en un &aacute;rea m&aacute;s cerrada, conviene ajustar el nivel de graves para afinar y equilibrar apropiadamente el sistema en ese entorno espec&iacute;fico.<\/div>\n<p><\/p>\n<table class=\"tabla_caracteristicas\" width=\"100%\">\n<tr>\n<td valign=\"top\"><strong>Marca<\/strong><\/td>\n<td>Hiditec<\/td>\n<\/tr>\n<tr>\n<td valign=\"top\"><strong>Modelo<\/strong><\/td>\n<td>\n<div><strong>SPK010000<\/strong><\/div>\n<\/td>\n<\/tr>\n<tr>\n<td valign=\"top\">\n<div><strong>Otras caracter&iacute;sticas<\/strong><\/div>\n<\/td>\n<td>\n<div>&#8211; Tipo de altavoz: 2.1 Multimedia<br \/>\t\t\t&#8211; Tipo de alimentaci&oacute;n: CA<br \/>\t\t\t&#8211; Potencia musical: 80W<br \/>\t\t\t&#8211; Potencia nominal: 40W<br \/>\t\t\t&#8211; Nivel de presi&oacute;n de sonido: (SPL m&aacute;x.)&gt;70dB<br \/>\t\t\t&#8211; Altavoces sat&eacute;lite: 3&quot; &#8211; 4 Ohmios (fo=1KHz, THD=10%)<br \/>\t\t\t&#8211; Subwoofer: 5&quot; &#8211; 4 Ohmios (fo=100Hz , THD=10%)<br \/>\t\t\t&#8211; Respuesta de frecuencia: 40Hz &#8211; 20KHz<br \/>\t\t\t&#8211; Conexiones: Bluetooth&reg;, USB, SD, Line-In, Radio FM<br \/>\t\t\t<strong>Requisitos<\/strong><br \/>\t\t\t&#8211; Audio con Bluetooth&reg; , conexion RCA-3.5mm incluida, USB o tarjetas SD.<br \/>\t\t\t&#8211; Ordenador con cualquiera de los sistemas operativos principales ( Windows&reg;, Mac&reg;, Chromebook )<br \/>\t\t\t&#8211; Reproductores de MP3 , DVD, Blue-Ray<br \/>\t\t\t&#8211; Consolas de videojuegos: PlayStation&reg;, Xbox&reg;<\/div>\n<div>&#8211; Smartphones<br \/>\t\t\t&#8211; Tablets<br \/>\t\t\t&#8211; Televisores<br \/>\t\t\t<strong>Contenido<\/strong><br \/>\t\t\t&#8211; Altavoz sat&eacute;lite izquierdo<br \/>\t\t\t&#8211; Altavoz sat&eacute;lite derecho<br \/>\t\t\t&#8211; Subwoofer<br \/>\t\t\t&#8211; Mando a distancia<\/div>\n<div>&#8211; Cable 3.5mm &#8211; RCA<br \/>\t\t\t&#8211; Antena radio FM<br \/>\t\t\t&#8211; Documentaci&oacute;n del usuario<\/div>\n<\/td>\n<\/tr>\n<tr>\n<td valign=\"top\"><strong>Fecha de revisi&oacute;n<\/strong><\/td>\n<td>04-02-2021 por MPM<\/td>\n<\/tr>\n<\/table>\n","protected":false},"excerpt":{"rendered":"<p>Potente sonido 2.1 para m&uacute;sica, pel&iacute;culas y juegos Sienta los 80W de potencia con un sonido n&iacute;tido y profundo. Dispone de todas las conexiones necesarias para poder reproducir su m&uacute;sica desde cualquier dispositivo.Conecta tu Smartphone o Tablet a trav&eacute;s de Bluetooth&reg;Escucha m&uacute;sica de tu Smartphone, Tablet o MP3 a trav&eacute;s de la conexi&oacute;n Bluetooth&reg; con&hellip;&nbsp;<a href=\"https:\/\/aivlisoft.net\/shop\/producto\/hiditec-altavoces-2-1-multimedia-h400-40w-blt-radi\/\" rel=\"bookmark\"><span class=\"screen-reader-text\">Hiditec Altavoces 2.1 Multimedia H400 40W Blt Radi<\/span><\/a><\/p>\n","protected":false},"featured_media":15405,"template":"","meta":{"neve_meta_sidebar":"","neve_meta_container":"","neve_meta_enable_content_width":"","neve_meta_content_width":0,"neve_meta_title_alignment":"","neve_meta_author_avatar":"","neve_post_elements_order":"","neve_meta_disable_header":"","neve_meta_disable_footer":"","neve_meta_disable_title":""},"product_brand":[],"product_cat":[8756],"product_tag":[5844],"class_list":{"0":"post-15404","1":"product","2":"type-product","3":"status-publish","4":"has-post-thumbnail","6":"product_cat-altavoces-2-1","7":"product_tag-spk010000","9":"first","10":"instock","11":"taxable","12":"shipping-taxable","13":"purchasable","14":"product-type-simple"},"yoast_head":"<!-- This site is optimized with the Yoast SEO plugin v26.0 - https:\/\/yoast.com\/wordpress\/plugins\/seo\/ -->\n<title>Hiditec Altavoces 2.1 Multimedia H400 40W Blt Radi - Aivlisoft Inform\u00e1tica<\/title>\n<meta name=\"robots\" content=\"index, follow, max-snippet:-1, max-image-preview:large, max-video-preview:-1\" \/>\n<link rel=\"canonical\" href=\"https:\/\/aivlisoft.net\/shop\/producto\/hiditec-altavoces-2-1-multimedia-h400-40w-blt-radi\/\" \/>\n<meta property=\"og:locale\" content=\"es_ES\" \/>\n<meta property=\"og:type\" content=\"article\" \/>\n<meta property=\"og:title\" content=\"Hiditec Altavoces 2.1 Multimedia H400 40W Blt Radi - Aivlisoft Inform\u00e1tica\" \/>\n<meta property=\"og:description\" content=\"Potente sonido 2.1 para m&uacute;sica, pel&iacute;culas y juegos Sienta los 80W de potencia con un sonido n&iacute;tido y profundo. Dispone de todas las conexiones necesarias para poder reproducir su m&uacute;sica desde cualquier dispositivo.Conecta tu Smartphone o Tablet a trav&eacute;s de Bluetooth&reg;Escucha m&uacute;sica de tu Smartphone, Tablet o MP3 a trav&eacute;s de la conexi&oacute;n Bluetooth&reg; con&hellip;&nbsp;Hiditec Altavoces 2.1 Multimedia H400 40W Blt Radi\" \/>\n<meta property=\"og:url\" content=\"https:\/\/aivlisoft.net\/shop\/producto\/hiditec-altavoces-2-1-multimedia-h400-40w-blt-radi\/\" \/>\n<meta property=\"og:site_name\" content=\"Aivlisoft Inform\u00e1tica\" \/>\n<meta property=\"article:modified_time\" content=\"2025-01-14T11:22:00+00:00\" \/>\n<meta property=\"og:image\" content=\"https:\/\/aivlisoft.net\/shop\/wp-content\/uploads\/2025\/01\/MAUA210149_800.jpg\" \/>\n\t<meta property=\"og:image:width\" content=\"800\" \/>\n\t<meta property=\"og:image:height\" content=\"800\" \/>\n\t<meta property=\"og:image:type\" content=\"image\/jpeg\" \/>\n<meta name=\"twitter:card\" content=\"summary_large_image\" \/>\n<meta name=\"twitter:label1\" content=\"Tiempo de lectura\" \/>\n\t<meta name=\"twitter:data1\" content=\"3 minutos\" \/>\n<script type=\"application\/ld+json\" class=\"yoast-schema-graph\">{\"@context\":\"https:\/\/schema.org\",\"@graph\":[{\"@type\":\"WebPage\",\"@id\":\"https:\/\/aivlisoft.net\/shop\/producto\/hiditec-altavoces-2-1-multimedia-h400-40w-blt-radi\/\",\"url\":\"https:\/\/aivlisoft.net\/shop\/producto\/hiditec-altavoces-2-1-multimedia-h400-40w-blt-radi\/\",\"name\":\"Hiditec Altavoces 2.1 Multimedia H400 40W Blt Radi - Aivlisoft Inform\u00e1tica\",\"isPartOf\":{\"@id\":\"https:\/\/aivlisoft.net\/shop\/#website\"},\"primaryImageOfPage\":{\"@id\":\"https:\/\/aivlisoft.net\/shop\/producto\/hiditec-altavoces-2-1-multimedia-h400-40w-blt-radi\/#primaryimage\"},\"image\":{\"@id\":\"https:\/\/aivlisoft.net\/shop\/producto\/hiditec-altavoces-2-1-multimedia-h400-40w-blt-radi\/#primaryimage\"},\"thumbnailUrl\":\"https:\/\/aivlisoft.net\/shop\/wp-content\/uploads\/2025\/01\/MAUA210149_800.jpg\",\"datePublished\":\"2025-01-13T14:53:00+00:00\",\"dateModified\":\"2025-01-14T11:22:00+00:00\",\"breadcrumb\":{\"@id\":\"https:\/\/aivlisoft.net\/shop\/producto\/hiditec-altavoces-2-1-multimedia-h400-40w-blt-radi\/#breadcrumb\"},\"inLanguage\":\"es\",\"potentialAction\":[{\"@type\":\"ReadAction\",\"target\":[\"https:\/\/aivlisoft.net\/shop\/producto\/hiditec-altavoces-2-1-multimedia-h400-40w-blt-radi\/\"]}]},{\"@type\":\"ImageObject\",\"inLanguage\":\"es\",\"@id\":\"https:\/\/aivlisoft.net\/shop\/producto\/hiditec-altavoces-2-1-multimedia-h400-40w-blt-radi\/#primaryimage\",\"url\":\"https:\/\/aivlisoft.net\/shop\/wp-content\/uploads\/2025\/01\/MAUA210149_800.jpg\",\"contentUrl\":\"https:\/\/aivlisoft.net\/shop\/wp-content\/uploads\/2025\/01\/MAUA210149_800.jpg\",\"width\":800,\"height\":800},{\"@type\":\"BreadcrumbList\",\"@id\":\"https:\/\/aivlisoft.net\/shop\/producto\/hiditec-altavoces-2-1-multimedia-h400-40w-blt-radi\/#breadcrumb\",\"itemListElement\":[{\"@type\":\"ListItem\",\"position\":1,\"name\":\"Portada\",\"item\":\"https:\/\/aivlisoft.net\/shop\/\"},{\"@type\":\"ListItem\",\"position\":2,\"name\":\"Tienda\",\"item\":\"https:\/\/aivlisoft.net\/shop\/tienda\/\"},{\"@type\":\"ListItem\",\"position\":3,\"name\":\"Hiditec Altavoces 2.1 Multimedia H400 40W Blt Radi\"}]},{\"@type\":\"WebSite\",\"@id\":\"https:\/\/aivlisoft.net\/shop\/#website\",\"url\":\"https:\/\/aivlisoft.net\/shop\/\",\"name\":\"Aivlisoft Inform\u00e1tica\",\"description\":\"En Aivlisoft Inform\u00e1tica ofrecemos soluciones tecnol\u00f3gicas para empresas: venta de ordenadores, consumibles, perif\u00e9ricos y m\u00e1s. Calidad, atenci\u00f3n personalizada y los mejores precios para tu negocio.\",\"publisher\":{\"@id\":\"https:\/\/aivlisoft.net\/shop\/#organization\"},\"potentialAction\":[{\"@type\":\"SearchAction\",\"target\":{\"@type\":\"EntryPoint\",\"urlTemplate\":\"https:\/\/aivlisoft.net\/shop\/?s={search_term_string}\"},\"query-input\":{\"@type\":\"PropertyValueSpecification\",\"valueRequired\":true,\"valueName\":\"search_term_string\"}}],\"inLanguage\":\"es\"},{\"@type\":\"Organization\",\"@id\":\"https:\/\/aivlisoft.net\/shop\/#organization\",\"name\":\"Aivlisoft Inform\u00e1tica\",\"url\":\"https:\/\/aivlisoft.net\/shop\/\",\"logo\":{\"@type\":\"ImageObject\",\"inLanguage\":\"es\",\"@id\":\"https:\/\/aivlisoft.net\/shop\/#\/schema\/logo\/image\/\",\"url\":\"https:\/\/aivlisoft.net\/shop\/wp-content\/uploads\/2024\/12\/removal.ai_5b848c54-0cdf-4140-95c5-c5536bb7573b-logodef.png\",\"contentUrl\":\"https:\/\/aivlisoft.net\/shop\/wp-content\/uploads\/2024\/12\/removal.ai_5b848c54-0cdf-4140-95c5-c5536bb7573b-logodef.png\",\"width\":484,\"height\":182,\"caption\":\"Aivlisoft Inform\u00e1tica\"},\"image\":{\"@id\":\"https:\/\/aivlisoft.net\/shop\/#\/schema\/logo\/image\/\"}}]}<\/script>\n<!-- \/ Yoast SEO plugin. -->","yoast_head_json":{"title":"Hiditec Altavoces 2.1 Multimedia H400 40W Blt Radi - Aivlisoft Inform\u00e1tica","robots":{"index":"index","follow":"follow","max-snippet":"max-snippet:-1","max-image-preview":"max-image-preview:large","max-video-preview":"max-video-preview:-1"},"canonical":"https:\/\/aivlisoft.net\/shop\/producto\/hiditec-altavoces-2-1-multimedia-h400-40w-blt-radi\/","og_locale":"es_ES","og_type":"article","og_title":"Hiditec Altavoces 2.1 Multimedia H400 40W Blt Radi - Aivlisoft Inform\u00e1tica","og_description":"Potente sonido 2.1 para m&uacute;sica, pel&iacute;culas y juegos Sienta los 80W de potencia con un sonido n&iacute;tido y profundo. Dispone de todas las conexiones necesarias para poder reproducir su m&uacute;sica desde cualquier dispositivo.Conecta tu Smartphone o Tablet a trav&eacute;s de Bluetooth&reg;Escucha m&uacute;sica de tu Smartphone, Tablet o MP3 a trav&eacute;s de la conexi&oacute;n Bluetooth&reg; con&hellip;&nbsp;Hiditec Altavoces 2.1 Multimedia H400 40W Blt Radi","og_url":"https:\/\/aivlisoft.net\/shop\/producto\/hiditec-altavoces-2-1-multimedia-h400-40w-blt-radi\/","og_site_name":"Aivlisoft Inform\u00e1tica","article_modified_time":"2025-01-14T11:22:00+00:00","og_image":[{"width":800,"height":800,"url":"https:\/\/aivlisoft.net\/shop\/wp-content\/uploads\/2025\/01\/MAUA210149_800.jpg","type":"image\/jpeg"}],"twitter_card":"summary_large_image","twitter_misc":{"Tiempo de lectura":"3 minutos"},"schema":{"@context":"https:\/\/schema.org","@graph":[{"@type":"WebPage","@id":"https:\/\/aivlisoft.net\/shop\/producto\/hiditec-altavoces-2-1-multimedia-h400-40w-blt-radi\/","url":"https:\/\/aivlisoft.net\/shop\/producto\/hiditec-altavoces-2-1-multimedia-h400-40w-blt-radi\/","name":"Hiditec Altavoces 2.1 Multimedia H400 40W Blt Radi - Aivlisoft Inform\u00e1tica","isPartOf":{"@id":"https:\/\/aivlisoft.net\/shop\/#website"},"primaryImageOfPage":{"@id":"https:\/\/aivlisoft.net\/shop\/producto\/hiditec-altavoces-2-1-multimedia-h400-40w-blt-radi\/#primaryimage"},"image":{"@id":"https:\/\/aivlisoft.net\/shop\/producto\/hiditec-altavoces-2-1-multimedia-h400-40w-blt-radi\/#primaryimage"},"thumbnailUrl":"https:\/\/aivlisoft.net\/shop\/wp-content\/uploads\/2025\/01\/MAUA210149_800.jpg","datePublished":"2025-01-13T14:53:00+00:00","dateModified":"2025-01-14T11:22:00+00:00","breadcrumb":{"@id":"https:\/\/aivlisoft.net\/shop\/producto\/hiditec-altavoces-2-1-multimedia-h400-40w-blt-radi\/#breadcrumb"},"inLanguage":"es","potentialAction":[{"@type":"ReadAction","target":["https:\/\/aivlisoft.net\/shop\/producto\/hiditec-altavoces-2-1-multimedia-h400-40w-blt-radi\/"]}]},{"@type":"ImageObject","inLanguage":"es","@id":"https:\/\/aivlisoft.net\/shop\/producto\/hiditec-altavoces-2-1-multimedia-h400-40w-blt-radi\/#primaryimage","url":"https:\/\/aivlisoft.net\/shop\/wp-content\/uploads\/2025\/01\/MAUA210149_800.jpg","contentUrl":"https:\/\/aivlisoft.net\/shop\/wp-content\/uploads\/2025\/01\/MAUA210149_800.jpg","width":800,"height":800},{"@type":"BreadcrumbList","@id":"https:\/\/aivlisoft.net\/shop\/producto\/hiditec-altavoces-2-1-multimedia-h400-40w-blt-radi\/#breadcrumb","itemListElement":[{"@type":"ListItem","position":1,"name":"Portada","item":"https:\/\/aivlisoft.net\/shop\/"},{"@type":"ListItem","position":2,"name":"Tienda","item":"https:\/\/aivlisoft.net\/shop\/tienda\/"},{"@type":"ListItem","position":3,"name":"Hiditec Altavoces 2.1 Multimedia H400 40W Blt Radi"}]},{"@type":"WebSite","@id":"https:\/\/aivlisoft.net\/shop\/#website","url":"https:\/\/aivlisoft.net\/shop\/","name":"Aivlisoft Inform\u00e1tica","description":"En Aivlisoft Inform\u00e1tica ofrecemos soluciones tecnol\u00f3gicas para empresas: venta de ordenadores, consumibles, perif\u00e9ricos y m\u00e1s. Calidad, atenci\u00f3n personalizada y los mejores precios para tu negocio.","publisher":{"@id":"https:\/\/aivlisoft.net\/shop\/#organization"},"potentialAction":[{"@type":"SearchAction","target":{"@type":"EntryPoint","urlTemplate":"https:\/\/aivlisoft.net\/shop\/?s={search_term_string}"},"query-input":{"@type":"PropertyValueSpecification","valueRequired":true,"valueName":"search_term_string"}}],"inLanguage":"es"},{"@type":"Organization","@id":"https:\/\/aivlisoft.net\/shop\/#organization","name":"Aivlisoft Inform\u00e1tica","url":"https:\/\/aivlisoft.net\/shop\/","logo":{"@type":"ImageObject","inLanguage":"es","@id":"https:\/\/aivlisoft.net\/shop\/#\/schema\/logo\/image\/","url":"https:\/\/aivlisoft.net\/shop\/wp-content\/uploads\/2024\/12\/removal.ai_5b848c54-0cdf-4140-95c5-c5536bb7573b-logodef.png","contentUrl":"https:\/\/aivlisoft.net\/shop\/wp-content\/uploads\/2024\/12\/removal.ai_5b848c54-0cdf-4140-95c5-c5536bb7573b-logodef.png","width":484,"height":182,"caption":"Aivlisoft Inform\u00e1tica"},"image":{"@id":"https:\/\/aivlisoft.net\/shop\/#\/schema\/logo\/image\/"}}]}},"_links":{"self":[{"href":"https:\/\/aivlisoft.net\/shop\/wp-json\/wp\/v2\/product\/15404","targetHints":{"allow":["GET"]}}],"collection":[{"href":"https:\/\/aivlisoft.net\/shop\/wp-json\/wp\/v2\/product"}],"about":[{"href":"https:\/\/aivlisoft.net\/shop\/wp-json\/wp\/v2\/types\/product"}],"wp:featuredmedia":[{"embeddable":true,"href":"https:\/\/aivlisoft.net\/shop\/wp-json\/wp\/v2\/media\/15405"}],"wp:attachment":[{"href":"https:\/\/aivlisoft.net\/shop\/wp-json\/wp\/v2\/media?parent=15404"}],"wp:term":[{"taxonomy":"product_brand","embeddable":true,"href":"https:\/\/aivlisoft.net\/shop\/wp-json\/wp\/v2\/product_brand?post=15404"},{"taxonomy":"product_cat","embeddable":true,"href":"https:\/\/aivlisoft.net\/shop\/wp-json\/wp\/v2\/product_cat?post=15404"},{"taxonomy":"product_tag","embeddable":true,"href":"https:\/\/aivlisoft.net\/shop\/wp-json\/wp\/v2\/product_tag?post=15404"}],"curies":[{"name":"wp","href":"https:\/\/api.w.org\/{rel}","templated":true}]}}