{"id":15360,"date":"2025-01-13T14:52:34","date_gmt":"2025-01-13T14:52:34","guid":{"rendered":"https:\/\/aivlisoft.com\/?post_type=product&#038;p=15360"},"modified":"2025-01-14T11:21:45","modified_gmt":"2025-01-14T11:21:45","slug":"energy-sistem-altavoces-studio-monitor-4-hi-fi","status":"publish","type":"product","link":"https:\/\/aivlisoft.net\/shop\/producto\/energy-sistem-altavoces-studio-monitor-4-hi-fi\/","title":{"rendered":"Energy Sistem Altavoces Studio Monitor 4 Hi Fi"},"content":{"rendered":"<p><\/p>\n<table class=\"tabla_caracteristicas k-table\" width=\"100%\">\n<tr>\n<td><strong>Marca<\/strong><\/td>\n<td>Energy Sistem<\/td>\n<\/tr>\n<tr>\n<td><strong>Modelo<\/strong><\/td>\n<td><strong>452750<\/strong><\/td>\n<\/tr>\n<tr>\n<td valign=\"top\"><strong>Caracter&iacute;sticas<\/strong><\/td>\n<td><strong>Audio<\/strong><br \/>\t\t\t&#8211; Sistema de sonido est&eacute;reo 2.0<br \/>\t\t\t&#8211; Potencia: 50 W RMS<br \/>\t\t\t&#8211; 2 altavoces de agudos de 2,75&ldquo; y 10 W<br \/>\t\t\t&#8211; 2 altavoces de rango completo de 4&ldquo; y 20 W<br \/>\t\t\t&#8211; Bass r&eacute;flex trasero<br \/>\t\t\t&#8211; Respuesta en frecuencia: 50 Hz ~ 18 kHz<br \/>\t\t\t&#8211; Relaci&oacute;n Se&ntilde;al\/Ruido: &gt; 80 dB<br \/>\t\t\t&#8211; DSP integrado<br \/>\t\t\t&#8211; Control de graves y agudos<br \/>\t\t\t&#8211; Caj&oacute;n de madera MDF<br \/>\t\t\t<strong>Conectividad bluetooth<\/strong><br \/>\t\t\t&#8211; Bluetooth versi&oacute;n 5.0, clase II<br \/>\t\t\t&#8211; Frecuencia de trabajo: 2,4 GHz<br \/>\t\t\t&#8211; Potencia m&aacute;xima de la se&ntilde;al: &lt; 20,00 dBm<br \/>\t\t\t&#8211; Soporta perfiles Bluetooth A2DP<br \/>\t\t\t&#8211; Hasta 20 metros de alcance<br \/>\t\t\t<strong>Entradas de audio<\/strong><br \/>\t\t\t&#8211; Entrada digital &oacute;ptica S\/PDIF Toslink y HDMI ARC CEC<br \/>\t\t\t&#8211; 2 entradas anal&oacute;gicas est&eacute;reo RCA<br \/>\t\t\t<strong>Salidas de audio<\/strong><br \/>\t\t\t&#8211; Salida anal&oacute;gica RCA para subwoofer activo (20 Hz ~ 200 Hz)<br \/>\t\t\t<strong>Reproductor de memorias externas<\/strong><br \/>\t\t\t&#8211; Reproductor de memoria externa USB hasta 128 GB de capacidad<br \/>\t\t\t&#8211; Formatos compatibles: MP3 \/ WAV<br \/>\t\t\t&#8211; Sistema de archivos compatible: FAT32 \/ exFAT<br \/>\t\t\t&#8211; Funci&oacute;n de paso de carpeta<br \/>\t\t\t<strong>Alimentaci&oacute;n<\/strong><br \/>\t\t\t&#8211; Alimentaci&oacute;n AC\/DC de 100~240 V, 50\/60 Hz<br \/>\t\t\t&#8211; Conector al dispositivo: DC 19 V, 1,89 A<br \/>\t\t\t&#8211; Conector a la red dom&eacute;stica: EU plug \/ USA plug<br \/>\t\t\t&#8211; Longitud del cable de alimentaci&oacute;n: 200 cm<br \/>\t\t\t&#8211; Consumo volumen medio: 3 Wh<br \/>\t\t\t&#8211; Consumo volumen m&aacute;ximo: 12 Wh<br \/>\t\t\t<strong>Otros<\/strong><br \/>\t\t\t&#8211; Mando a distancia con 10 metros de alcance<br \/>\t\t\t&#8211; Frontal de tela desmontable<br \/>\t\t\t&#8211; Funci&oacute;n auto-apagado<br \/>\t\t\t<strong>Dimensiones y peso<\/strong><br \/>\t\t\t&#8211; 152 x 175 x 246 mm (cada altavoz)<br \/>\t\t\t&#8211; 2,15 kg (derecho)<br \/>\t\t\t&#8211; 2,05 Kg (izquierdo)<\/td>\n<\/tr>\n<tr>\n<td><strong>Fecha de revisi&oacute;n<\/strong><\/td>\n<td>22-11-2021 por MSB<\/td>\n<\/tr>\n<\/table>\n","protected":false},"excerpt":{"rendered":"<p>Marca Energy Sistem Modelo 452750 Caracter&iacute;sticas Audio &#8211; Sistema de sonido est&eacute;reo 2.0 &#8211; Potencia: 50 W RMS &#8211; 2 altavoces de agudos de 2,75&ldquo; y 10 W &#8211; 2 altavoces de rango completo de 4&ldquo; y 20 W &#8211; Bass r&eacute;flex trasero &#8211; Respuesta en frecuencia: 50 Hz ~ 18 kHz &#8211; Relaci&oacute;n Se&ntilde;al\/Ruido:&hellip;&nbsp;<a href=\"https:\/\/aivlisoft.net\/shop\/producto\/energy-sistem-altavoces-studio-monitor-4-hi-fi\/\" rel=\"bookmark\"><span class=\"screen-reader-text\">Energy Sistem Altavoces Studio Monitor 4 Hi Fi<\/span><\/a><\/p>\n","protected":false},"featured_media":15361,"template":"","meta":{"neve_meta_sidebar":"","neve_meta_container":"","neve_meta_enable_content_width":"","neve_meta_content_width":0,"neve_meta_title_alignment":"","neve_meta_author_avatar":"","neve_post_elements_order":"","neve_meta_disable_header":"","neve_meta_disable_footer":"","neve_meta_disable_title":""},"product_brand":[],"product_cat":[8755],"product_tag":[5829],"class_list":{"0":"post-15360","1":"product","2":"type-product","3":"status-publish","4":"has-post-thumbnail","6":"product_cat-altavoces-2-0","7":"product_tag-5829","9":"first","10":"instock","11":"taxable","12":"shipping-taxable","13":"purchasable","14":"product-type-simple"},"yoast_head":"<!-- This site is optimized with the Yoast SEO plugin v26.0 - https:\/\/yoast.com\/wordpress\/plugins\/seo\/ -->\n<title>Energy Sistem Altavoces Studio Monitor 4 Hi Fi - Aivlisoft Inform\u00e1tica<\/title>\n<meta name=\"robots\" content=\"index, follow, max-snippet:-1, max-image-preview:large, max-video-preview:-1\" \/>\n<link rel=\"canonical\" href=\"https:\/\/aivlisoft.net\/shop\/producto\/energy-sistem-altavoces-studio-monitor-4-hi-fi\/\" \/>\n<meta property=\"og:locale\" content=\"es_ES\" \/>\n<meta property=\"og:type\" content=\"article\" \/>\n<meta property=\"og:title\" content=\"Energy Sistem Altavoces Studio Monitor 4 Hi Fi - Aivlisoft Inform\u00e1tica\" \/>\n<meta property=\"og:description\" content=\"Marca Energy Sistem Modelo 452750 Caracter&iacute;sticas Audio &#8211; Sistema de sonido est&eacute;reo 2.0 &#8211; Potencia: 50 W RMS &#8211; 2 altavoces de agudos de 2,75&ldquo; y 10 W &#8211; 2 altavoces de rango completo de 4&ldquo; y 20 W &#8211; Bass r&eacute;flex trasero &#8211; Respuesta en frecuencia: 50 Hz ~ 18 kHz &#8211; Relaci&oacute;n Se&ntilde;al\/Ruido:&hellip;&nbsp;Energy Sistem Altavoces Studio Monitor 4 Hi Fi\" \/>\n<meta property=\"og:url\" content=\"https:\/\/aivlisoft.net\/shop\/producto\/energy-sistem-altavoces-studio-monitor-4-hi-fi\/\" \/>\n<meta property=\"og:site_name\" content=\"Aivlisoft Inform\u00e1tica\" \/>\n<meta property=\"article:modified_time\" content=\"2025-01-14T11:21:45+00:00\" \/>\n<meta property=\"og:image\" content=\"https:\/\/aivlisoft.net\/shop\/wp-content\/uploads\/2025\/01\/MAUA200219_800.jpg\" \/>\n\t<meta property=\"og:image:width\" content=\"800\" \/>\n\t<meta property=\"og:image:height\" content=\"800\" \/>\n\t<meta property=\"og:image:type\" content=\"image\/jpeg\" \/>\n<meta name=\"twitter:card\" content=\"summary_large_image\" \/>\n<meta name=\"twitter:label1\" content=\"Tiempo de lectura\" \/>\n\t<meta name=\"twitter:data1\" content=\"1 minuto\" \/>\n<script type=\"application\/ld+json\" class=\"yoast-schema-graph\">{\"@context\":\"https:\/\/schema.org\",\"@graph\":[{\"@type\":\"WebPage\",\"@id\":\"https:\/\/aivlisoft.net\/shop\/producto\/energy-sistem-altavoces-studio-monitor-4-hi-fi\/\",\"url\":\"https:\/\/aivlisoft.net\/shop\/producto\/energy-sistem-altavoces-studio-monitor-4-hi-fi\/\",\"name\":\"Energy Sistem Altavoces Studio Monitor 4 Hi Fi - Aivlisoft Inform\u00e1tica\",\"isPartOf\":{\"@id\":\"https:\/\/aivlisoft.net\/shop\/#website\"},\"primaryImageOfPage\":{\"@id\":\"https:\/\/aivlisoft.net\/shop\/producto\/energy-sistem-altavoces-studio-monitor-4-hi-fi\/#primaryimage\"},\"image\":{\"@id\":\"https:\/\/aivlisoft.net\/shop\/producto\/energy-sistem-altavoces-studio-monitor-4-hi-fi\/#primaryimage\"},\"thumbnailUrl\":\"https:\/\/aivlisoft.net\/shop\/wp-content\/uploads\/2025\/01\/MAUA200219_800.jpg\",\"datePublished\":\"2025-01-13T14:52:34+00:00\",\"dateModified\":\"2025-01-14T11:21:45+00:00\",\"breadcrumb\":{\"@id\":\"https:\/\/aivlisoft.net\/shop\/producto\/energy-sistem-altavoces-studio-monitor-4-hi-fi\/#breadcrumb\"},\"inLanguage\":\"es\",\"potentialAction\":[{\"@type\":\"ReadAction\",\"target\":[\"https:\/\/aivlisoft.net\/shop\/producto\/energy-sistem-altavoces-studio-monitor-4-hi-fi\/\"]}]},{\"@type\":\"ImageObject\",\"inLanguage\":\"es\",\"@id\":\"https:\/\/aivlisoft.net\/shop\/producto\/energy-sistem-altavoces-studio-monitor-4-hi-fi\/#primaryimage\",\"url\":\"https:\/\/aivlisoft.net\/shop\/wp-content\/uploads\/2025\/01\/MAUA200219_800.jpg\",\"contentUrl\":\"https:\/\/aivlisoft.net\/shop\/wp-content\/uploads\/2025\/01\/MAUA200219_800.jpg\",\"width\":800,\"height\":800},{\"@type\":\"BreadcrumbList\",\"@id\":\"https:\/\/aivlisoft.net\/shop\/producto\/energy-sistem-altavoces-studio-monitor-4-hi-fi\/#breadcrumb\",\"itemListElement\":[{\"@type\":\"ListItem\",\"position\":1,\"name\":\"Portada\",\"item\":\"https:\/\/aivlisoft.net\/shop\/\"},{\"@type\":\"ListItem\",\"position\":2,\"name\":\"Tienda\",\"item\":\"https:\/\/aivlisoft.net\/shop\/tienda\/\"},{\"@type\":\"ListItem\",\"position\":3,\"name\":\"Energy Sistem Altavoces Studio Monitor 4 Hi Fi\"}]},{\"@type\":\"WebSite\",\"@id\":\"https:\/\/aivlisoft.net\/shop\/#website\",\"url\":\"https:\/\/aivlisoft.net\/shop\/\",\"name\":\"Aivlisoft Inform\u00e1tica\",\"description\":\"En Aivlisoft Inform\u00e1tica ofrecemos soluciones tecnol\u00f3gicas para empresas: venta de ordenadores, consumibles, perif\u00e9ricos y m\u00e1s. Calidad, atenci\u00f3n personalizada y los mejores precios para tu negocio.\",\"publisher\":{\"@id\":\"https:\/\/aivlisoft.net\/shop\/#organization\"},\"potentialAction\":[{\"@type\":\"SearchAction\",\"target\":{\"@type\":\"EntryPoint\",\"urlTemplate\":\"https:\/\/aivlisoft.net\/shop\/?s={search_term_string}\"},\"query-input\":{\"@type\":\"PropertyValueSpecification\",\"valueRequired\":true,\"valueName\":\"search_term_string\"}}],\"inLanguage\":\"es\"},{\"@type\":\"Organization\",\"@id\":\"https:\/\/aivlisoft.net\/shop\/#organization\",\"name\":\"Aivlisoft Inform\u00e1tica\",\"url\":\"https:\/\/aivlisoft.net\/shop\/\",\"logo\":{\"@type\":\"ImageObject\",\"inLanguage\":\"es\",\"@id\":\"https:\/\/aivlisoft.net\/shop\/#\/schema\/logo\/image\/\",\"url\":\"https:\/\/aivlisoft.net\/shop\/wp-content\/uploads\/2024\/12\/removal.ai_5b848c54-0cdf-4140-95c5-c5536bb7573b-logodef.png\",\"contentUrl\":\"https:\/\/aivlisoft.net\/shop\/wp-content\/uploads\/2024\/12\/removal.ai_5b848c54-0cdf-4140-95c5-c5536bb7573b-logodef.png\",\"width\":484,\"height\":182,\"caption\":\"Aivlisoft Inform\u00e1tica\"},\"image\":{\"@id\":\"https:\/\/aivlisoft.net\/shop\/#\/schema\/logo\/image\/\"}}]}<\/script>\n<!-- \/ Yoast SEO plugin. -->","yoast_head_json":{"title":"Energy Sistem Altavoces Studio Monitor 4 Hi Fi - Aivlisoft Inform\u00e1tica","robots":{"index":"index","follow":"follow","max-snippet":"max-snippet:-1","max-image-preview":"max-image-preview:large","max-video-preview":"max-video-preview:-1"},"canonical":"https:\/\/aivlisoft.net\/shop\/producto\/energy-sistem-altavoces-studio-monitor-4-hi-fi\/","og_locale":"es_ES","og_type":"article","og_title":"Energy Sistem Altavoces Studio Monitor 4 Hi Fi - Aivlisoft Inform\u00e1tica","og_description":"Marca Energy Sistem Modelo 452750 Caracter&iacute;sticas Audio &#8211; Sistema de sonido est&eacute;reo 2.0 &#8211; Potencia: 50 W RMS &#8211; 2 altavoces de agudos de 2,75&ldquo; y 10 W &#8211; 2 altavoces de rango completo de 4&ldquo; y 20 W &#8211; Bass r&eacute;flex trasero &#8211; Respuesta en frecuencia: 50 Hz ~ 18 kHz &#8211; Relaci&oacute;n Se&ntilde;al\/Ruido:&hellip;&nbsp;Energy Sistem Altavoces Studio Monitor 4 Hi Fi","og_url":"https:\/\/aivlisoft.net\/shop\/producto\/energy-sistem-altavoces-studio-monitor-4-hi-fi\/","og_site_name":"Aivlisoft Inform\u00e1tica","article_modified_time":"2025-01-14T11:21:45+00:00","og_image":[{"width":800,"height":800,"url":"https:\/\/aivlisoft.net\/shop\/wp-content\/uploads\/2025\/01\/MAUA200219_800.jpg","type":"image\/jpeg"}],"twitter_card":"summary_large_image","twitter_misc":{"Tiempo de lectura":"1 minuto"},"schema":{"@context":"https:\/\/schema.org","@graph":[{"@type":"WebPage","@id":"https:\/\/aivlisoft.net\/shop\/producto\/energy-sistem-altavoces-studio-monitor-4-hi-fi\/","url":"https:\/\/aivlisoft.net\/shop\/producto\/energy-sistem-altavoces-studio-monitor-4-hi-fi\/","name":"Energy Sistem Altavoces Studio Monitor 4 Hi Fi - Aivlisoft Inform\u00e1tica","isPartOf":{"@id":"https:\/\/aivlisoft.net\/shop\/#website"},"primaryImageOfPage":{"@id":"https:\/\/aivlisoft.net\/shop\/producto\/energy-sistem-altavoces-studio-monitor-4-hi-fi\/#primaryimage"},"image":{"@id":"https:\/\/aivlisoft.net\/shop\/producto\/energy-sistem-altavoces-studio-monitor-4-hi-fi\/#primaryimage"},"thumbnailUrl":"https:\/\/aivlisoft.net\/shop\/wp-content\/uploads\/2025\/01\/MAUA200219_800.jpg","datePublished":"2025-01-13T14:52:34+00:00","dateModified":"2025-01-14T11:21:45+00:00","breadcrumb":{"@id":"https:\/\/aivlisoft.net\/shop\/producto\/energy-sistem-altavoces-studio-monitor-4-hi-fi\/#breadcrumb"},"inLanguage":"es","potentialAction":[{"@type":"ReadAction","target":["https:\/\/aivlisoft.net\/shop\/producto\/energy-sistem-altavoces-studio-monitor-4-hi-fi\/"]}]},{"@type":"ImageObject","inLanguage":"es","@id":"https:\/\/aivlisoft.net\/shop\/producto\/energy-sistem-altavoces-studio-monitor-4-hi-fi\/#primaryimage","url":"https:\/\/aivlisoft.net\/shop\/wp-content\/uploads\/2025\/01\/MAUA200219_800.jpg","contentUrl":"https:\/\/aivlisoft.net\/shop\/wp-content\/uploads\/2025\/01\/MAUA200219_800.jpg","width":800,"height":800},{"@type":"BreadcrumbList","@id":"https:\/\/aivlisoft.net\/shop\/producto\/energy-sistem-altavoces-studio-monitor-4-hi-fi\/#breadcrumb","itemListElement":[{"@type":"ListItem","position":1,"name":"Portada","item":"https:\/\/aivlisoft.net\/shop\/"},{"@type":"ListItem","position":2,"name":"Tienda","item":"https:\/\/aivlisoft.net\/shop\/tienda\/"},{"@type":"ListItem","position":3,"name":"Energy Sistem Altavoces Studio Monitor 4 Hi Fi"}]},{"@type":"WebSite","@id":"https:\/\/aivlisoft.net\/shop\/#website","url":"https:\/\/aivlisoft.net\/shop\/","name":"Aivlisoft Inform\u00e1tica","description":"En Aivlisoft Inform\u00e1tica ofrecemos soluciones tecnol\u00f3gicas para empresas: venta de ordenadores, consumibles, perif\u00e9ricos y m\u00e1s. Calidad, atenci\u00f3n personalizada y los mejores precios para tu negocio.","publisher":{"@id":"https:\/\/aivlisoft.net\/shop\/#organization"},"potentialAction":[{"@type":"SearchAction","target":{"@type":"EntryPoint","urlTemplate":"https:\/\/aivlisoft.net\/shop\/?s={search_term_string}"},"query-input":{"@type":"PropertyValueSpecification","valueRequired":true,"valueName":"search_term_string"}}],"inLanguage":"es"},{"@type":"Organization","@id":"https:\/\/aivlisoft.net\/shop\/#organization","name":"Aivlisoft Inform\u00e1tica","url":"https:\/\/aivlisoft.net\/shop\/","logo":{"@type":"ImageObject","inLanguage":"es","@id":"https:\/\/aivlisoft.net\/shop\/#\/schema\/logo\/image\/","url":"https:\/\/aivlisoft.net\/shop\/wp-content\/uploads\/2024\/12\/removal.ai_5b848c54-0cdf-4140-95c5-c5536bb7573b-logodef.png","contentUrl":"https:\/\/aivlisoft.net\/shop\/wp-content\/uploads\/2024\/12\/removal.ai_5b848c54-0cdf-4140-95c5-c5536bb7573b-logodef.png","width":484,"height":182,"caption":"Aivlisoft Inform\u00e1tica"},"image":{"@id":"https:\/\/aivlisoft.net\/shop\/#\/schema\/logo\/image\/"}}]}},"_links":{"self":[{"href":"https:\/\/aivlisoft.net\/shop\/wp-json\/wp\/v2\/product\/15360","targetHints":{"allow":["GET"]}}],"collection":[{"href":"https:\/\/aivlisoft.net\/shop\/wp-json\/wp\/v2\/product"}],"about":[{"href":"https:\/\/aivlisoft.net\/shop\/wp-json\/wp\/v2\/types\/product"}],"wp:featuredmedia":[{"embeddable":true,"href":"https:\/\/aivlisoft.net\/shop\/wp-json\/wp\/v2\/media\/15361"}],"wp:attachment":[{"href":"https:\/\/aivlisoft.net\/shop\/wp-json\/wp\/v2\/media?parent=15360"}],"wp:term":[{"taxonomy":"product_brand","embeddable":true,"href":"https:\/\/aivlisoft.net\/shop\/wp-json\/wp\/v2\/product_brand?post=15360"},{"taxonomy":"product_cat","embeddable":true,"href":"https:\/\/aivlisoft.net\/shop\/wp-json\/wp\/v2\/product_cat?post=15360"},{"taxonomy":"product_tag","embeddable":true,"href":"https:\/\/aivlisoft.net\/shop\/wp-json\/wp\/v2\/product_tag?post=15360"}],"curies":[{"name":"wp","href":"https:\/\/api.w.org\/{rel}","templated":true}]}}