{"id":15353,"date":"2025-01-13T14:52:31","date_gmt":"2025-01-13T14:52:31","guid":{"rendered":"https:\/\/aivlisoft.com\/?post_type=product&#038;p=15353"},"modified":"2025-01-14T11:21:43","modified_gmt":"2025-01-14T11:21:43","slug":"iggual-altavoces-2-0-6w-mini-jack-usb","status":"publish","type":"product","link":"https:\/\/aivlisoft.net\/shop\/producto\/iggual-altavoces-2-0-6w-mini-jack-usb\/","title":{"rendered":"iggual Altavoces 2.0 6W mini-jack + USB"},"content":{"rendered":"<p>Los altavoces <strong>IGG316993 <\/strong>de iggual, con una potencia de 6W, son la opci&oacute;n m&aacute;s vers&aacute;til para completar tu equipo de trabajo o tu setup gamer. Podr&aacute;s llevarlos contigo a todas partes gracias a su tama&ntilde;o port&aacute;til y subir o bajar la m&uacute;sica c&oacute;modamente con el control de volumen que llevan integrado en el cable.<\/p>\n<p>Este modelo en color negro ofrece un dise&ntilde;o elegante y compacto que te permitir&aacute; disponer de m&aacute;s espacio en tu escritorio. Adem&aacute;s, est&aacute; fabricado con materiales de alta calidad que lo convierten en un dispositivo resistente frente a los golpes. Su base de caucho antideslizante tambi&eacute;n evitar&aacute; posibles roturas en caso de que se produzca una ca&iacute;da.<\/p>\n<p>Estos altavoces 2.0 de iggual no necesitan de una alimentaci&oacute;n externa. Solo tendr&aacute;s que conectarlos a tu PC o port&aacute;til, a trav&eacute;s de sus conectores mini jack de 3,5 mm y USB, y subir el volumen para disfrutar de la mejor experiencia de audio.<br \/>&nbsp;<br \/>&nbsp;<\/p>\n<table class=\"tabla_caracteristicas\" width=\"100%\">\n<tr>\n<td><strong>Marca<\/strong><\/td>\n<td>iggual<\/td>\n<\/tr>\n<tr>\n<td><strong>Modelo<\/strong><\/td>\n<td><strong>IGG316993<\/strong><\/td>\n<\/tr>\n<tr>\n<td><strong>Tipo<\/strong><\/td>\n<td>Altavoces 2.0 6W mini-jack + USB<\/td>\n<\/tr>\n<tr>\n<td><strong>Caracter&iacute;sticas<\/strong><\/td>\n<td>&#8211; Altavoces 2.0<br \/>\t\t\t&#8211; No necesitan alimentaci&oacute;n externa<br \/>\t\t\t&#8211; Potencia de salida: 3W x 2 (total 6W)<br \/>\t\t\t&#8211; Frecuencia de respuesta: 180Hz~20kHz<br \/>\t\t\t&#8211; Entrada de alimentaci&oacute;n: USB 5V (tipo A)<br \/>\t\t\t&#8211; Salida de audio: mini-jack 3,5 mm<br \/>\t\t\t&#8211; Medidas: 72 x 105 x 68 mm<br \/>\t\t\t&#8211; Control de volumen integrado en el cable<br \/>\t\t\t&#8211; Longitud del cable: 1,2 metros<br \/>\t\t\t&#8211; Enchufar y listo<br \/>\t\t\t&#8211; Color: negro<\/td>\n<\/tr>\n<tr>\n<td><strong>Fecha de revisi&oacute;n<\/strong><\/td>\n<td>20-08-2021 por YMC<\/td>\n<\/tr>\n<\/table>\n","protected":false},"excerpt":{"rendered":"<p>Los altavoces IGG316993 de iggual, con una potencia de 6W, son la opci&oacute;n m&aacute;s vers&aacute;til para completar tu equipo de trabajo o tu setup gamer. Podr&aacute;s llevarlos contigo a todas partes gracias a su tama&ntilde;o port&aacute;til y subir o bajar la m&uacute;sica c&oacute;modamente con el control de volumen que llevan integrado en el cable. Este&hellip;&nbsp;<a href=\"https:\/\/aivlisoft.net\/shop\/producto\/iggual-altavoces-2-0-6w-mini-jack-usb\/\" rel=\"bookmark\"><span class=\"screen-reader-text\">iggual Altavoces 2.0 6W mini-jack + USB<\/span><\/a><\/p>\n","protected":false},"featured_media":15354,"template":"","meta":{"neve_meta_sidebar":"","neve_meta_container":"","neve_meta_enable_content_width":"","neve_meta_content_width":0,"neve_meta_title_alignment":"","neve_meta_author_avatar":"","neve_post_elements_order":"","neve_meta_disable_header":"","neve_meta_disable_footer":"","neve_meta_disable_title":""},"product_brand":[],"product_cat":[8755],"product_tag":[5827],"class_list":{"0":"post-15353","1":"product","2":"type-product","3":"status-publish","4":"has-post-thumbnail","6":"product_cat-altavoces-2-0","7":"product_tag-igg316993","9":"first","10":"instock","11":"taxable","12":"shipping-taxable","13":"purchasable","14":"product-type-simple"},"yoast_head":"<!-- This site is optimized with the Yoast SEO plugin v26.0 - https:\/\/yoast.com\/wordpress\/plugins\/seo\/ -->\n<title>iggual Altavoces 2.0 6W mini-jack + USB - Aivlisoft Inform\u00e1tica<\/title>\n<meta name=\"robots\" content=\"index, follow, max-snippet:-1, max-image-preview:large, max-video-preview:-1\" \/>\n<link rel=\"canonical\" href=\"https:\/\/aivlisoft.net\/shop\/producto\/iggual-altavoces-2-0-6w-mini-jack-usb\/\" \/>\n<meta property=\"og:locale\" content=\"es_ES\" \/>\n<meta property=\"og:type\" content=\"article\" \/>\n<meta property=\"og:title\" content=\"iggual Altavoces 2.0 6W mini-jack + USB - Aivlisoft Inform\u00e1tica\" \/>\n<meta property=\"og:description\" content=\"Los altavoces IGG316993 de iggual, con una potencia de 6W, son la opci&oacute;n m&aacute;s vers&aacute;til para completar tu equipo de trabajo o tu setup gamer. Podr&aacute;s llevarlos contigo a todas partes gracias a su tama&ntilde;o port&aacute;til y subir o bajar la m&uacute;sica c&oacute;modamente con el control de volumen que llevan integrado en el cable. Este&hellip;&nbsp;iggual Altavoces 2.0 6W mini-jack + USB\" \/>\n<meta property=\"og:url\" content=\"https:\/\/aivlisoft.net\/shop\/producto\/iggual-altavoces-2-0-6w-mini-jack-usb\/\" \/>\n<meta property=\"og:site_name\" content=\"Aivlisoft Inform\u00e1tica\" \/>\n<meta property=\"article:modified_time\" content=\"2025-01-14T11:21:43+00:00\" \/>\n<meta property=\"og:image\" content=\"https:\/\/aivlisoft.net\/shop\/wp-content\/uploads\/2025\/01\/MAUA200216_800.jpg\" \/>\n\t<meta property=\"og:image:width\" content=\"800\" \/>\n\t<meta property=\"og:image:height\" content=\"800\" \/>\n\t<meta property=\"og:image:type\" content=\"image\/jpeg\" \/>\n<meta name=\"twitter:card\" content=\"summary_large_image\" \/>\n<meta name=\"twitter:label1\" content=\"Tiempo de lectura\" \/>\n\t<meta name=\"twitter:data1\" content=\"1 minuto\" \/>\n<script type=\"application\/ld+json\" class=\"yoast-schema-graph\">{\"@context\":\"https:\/\/schema.org\",\"@graph\":[{\"@type\":\"WebPage\",\"@id\":\"https:\/\/aivlisoft.net\/shop\/producto\/iggual-altavoces-2-0-6w-mini-jack-usb\/\",\"url\":\"https:\/\/aivlisoft.net\/shop\/producto\/iggual-altavoces-2-0-6w-mini-jack-usb\/\",\"name\":\"iggual Altavoces 2.0 6W mini-jack + USB - Aivlisoft Inform\u00e1tica\",\"isPartOf\":{\"@id\":\"https:\/\/aivlisoft.net\/shop\/#website\"},\"primaryImageOfPage\":{\"@id\":\"https:\/\/aivlisoft.net\/shop\/producto\/iggual-altavoces-2-0-6w-mini-jack-usb\/#primaryimage\"},\"image\":{\"@id\":\"https:\/\/aivlisoft.net\/shop\/producto\/iggual-altavoces-2-0-6w-mini-jack-usb\/#primaryimage\"},\"thumbnailUrl\":\"https:\/\/aivlisoft.net\/shop\/wp-content\/uploads\/2025\/01\/MAUA200216_800.jpg\",\"datePublished\":\"2025-01-13T14:52:31+00:00\",\"dateModified\":\"2025-01-14T11:21:43+00:00\",\"breadcrumb\":{\"@id\":\"https:\/\/aivlisoft.net\/shop\/producto\/iggual-altavoces-2-0-6w-mini-jack-usb\/#breadcrumb\"},\"inLanguage\":\"es\",\"potentialAction\":[{\"@type\":\"ReadAction\",\"target\":[\"https:\/\/aivlisoft.net\/shop\/producto\/iggual-altavoces-2-0-6w-mini-jack-usb\/\"]}]},{\"@type\":\"ImageObject\",\"inLanguage\":\"es\",\"@id\":\"https:\/\/aivlisoft.net\/shop\/producto\/iggual-altavoces-2-0-6w-mini-jack-usb\/#primaryimage\",\"url\":\"https:\/\/aivlisoft.net\/shop\/wp-content\/uploads\/2025\/01\/MAUA200216_800.jpg\",\"contentUrl\":\"https:\/\/aivlisoft.net\/shop\/wp-content\/uploads\/2025\/01\/MAUA200216_800.jpg\",\"width\":800,\"height\":800},{\"@type\":\"BreadcrumbList\",\"@id\":\"https:\/\/aivlisoft.net\/shop\/producto\/iggual-altavoces-2-0-6w-mini-jack-usb\/#breadcrumb\",\"itemListElement\":[{\"@type\":\"ListItem\",\"position\":1,\"name\":\"Portada\",\"item\":\"https:\/\/aivlisoft.net\/shop\/\"},{\"@type\":\"ListItem\",\"position\":2,\"name\":\"Tienda\",\"item\":\"https:\/\/aivlisoft.net\/shop\/tienda\/\"},{\"@type\":\"ListItem\",\"position\":3,\"name\":\"iggual Altavoces 2.0 6W mini-jack + USB\"}]},{\"@type\":\"WebSite\",\"@id\":\"https:\/\/aivlisoft.net\/shop\/#website\",\"url\":\"https:\/\/aivlisoft.net\/shop\/\",\"name\":\"Aivlisoft Inform\u00e1tica\",\"description\":\"En Aivlisoft Inform\u00e1tica ofrecemos soluciones tecnol\u00f3gicas para empresas: venta de ordenadores, consumibles, perif\u00e9ricos y m\u00e1s. Calidad, atenci\u00f3n personalizada y los mejores precios para tu negocio.\",\"publisher\":{\"@id\":\"https:\/\/aivlisoft.net\/shop\/#organization\"},\"potentialAction\":[{\"@type\":\"SearchAction\",\"target\":{\"@type\":\"EntryPoint\",\"urlTemplate\":\"https:\/\/aivlisoft.net\/shop\/?s={search_term_string}\"},\"query-input\":{\"@type\":\"PropertyValueSpecification\",\"valueRequired\":true,\"valueName\":\"search_term_string\"}}],\"inLanguage\":\"es\"},{\"@type\":\"Organization\",\"@id\":\"https:\/\/aivlisoft.net\/shop\/#organization\",\"name\":\"Aivlisoft Inform\u00e1tica\",\"url\":\"https:\/\/aivlisoft.net\/shop\/\",\"logo\":{\"@type\":\"ImageObject\",\"inLanguage\":\"es\",\"@id\":\"https:\/\/aivlisoft.net\/shop\/#\/schema\/logo\/image\/\",\"url\":\"https:\/\/aivlisoft.net\/shop\/wp-content\/uploads\/2024\/12\/removal.ai_5b848c54-0cdf-4140-95c5-c5536bb7573b-logodef.png\",\"contentUrl\":\"https:\/\/aivlisoft.net\/shop\/wp-content\/uploads\/2024\/12\/removal.ai_5b848c54-0cdf-4140-95c5-c5536bb7573b-logodef.png\",\"width\":484,\"height\":182,\"caption\":\"Aivlisoft Inform\u00e1tica\"},\"image\":{\"@id\":\"https:\/\/aivlisoft.net\/shop\/#\/schema\/logo\/image\/\"}}]}<\/script>\n<!-- \/ Yoast SEO plugin. -->","yoast_head_json":{"title":"iggual Altavoces 2.0 6W mini-jack + USB - Aivlisoft Inform\u00e1tica","robots":{"index":"index","follow":"follow","max-snippet":"max-snippet:-1","max-image-preview":"max-image-preview:large","max-video-preview":"max-video-preview:-1"},"canonical":"https:\/\/aivlisoft.net\/shop\/producto\/iggual-altavoces-2-0-6w-mini-jack-usb\/","og_locale":"es_ES","og_type":"article","og_title":"iggual Altavoces 2.0 6W mini-jack + USB - Aivlisoft Inform\u00e1tica","og_description":"Los altavoces IGG316993 de iggual, con una potencia de 6W, son la opci&oacute;n m&aacute;s vers&aacute;til para completar tu equipo de trabajo o tu setup gamer. Podr&aacute;s llevarlos contigo a todas partes gracias a su tama&ntilde;o port&aacute;til y subir o bajar la m&uacute;sica c&oacute;modamente con el control de volumen que llevan integrado en el cable. Este&hellip;&nbsp;iggual Altavoces 2.0 6W mini-jack + USB","og_url":"https:\/\/aivlisoft.net\/shop\/producto\/iggual-altavoces-2-0-6w-mini-jack-usb\/","og_site_name":"Aivlisoft Inform\u00e1tica","article_modified_time":"2025-01-14T11:21:43+00:00","og_image":[{"width":800,"height":800,"url":"https:\/\/aivlisoft.net\/shop\/wp-content\/uploads\/2025\/01\/MAUA200216_800.jpg","type":"image\/jpeg"}],"twitter_card":"summary_large_image","twitter_misc":{"Tiempo de lectura":"1 minuto"},"schema":{"@context":"https:\/\/schema.org","@graph":[{"@type":"WebPage","@id":"https:\/\/aivlisoft.net\/shop\/producto\/iggual-altavoces-2-0-6w-mini-jack-usb\/","url":"https:\/\/aivlisoft.net\/shop\/producto\/iggual-altavoces-2-0-6w-mini-jack-usb\/","name":"iggual Altavoces 2.0 6W mini-jack + USB - Aivlisoft Inform\u00e1tica","isPartOf":{"@id":"https:\/\/aivlisoft.net\/shop\/#website"},"primaryImageOfPage":{"@id":"https:\/\/aivlisoft.net\/shop\/producto\/iggual-altavoces-2-0-6w-mini-jack-usb\/#primaryimage"},"image":{"@id":"https:\/\/aivlisoft.net\/shop\/producto\/iggual-altavoces-2-0-6w-mini-jack-usb\/#primaryimage"},"thumbnailUrl":"https:\/\/aivlisoft.net\/shop\/wp-content\/uploads\/2025\/01\/MAUA200216_800.jpg","datePublished":"2025-01-13T14:52:31+00:00","dateModified":"2025-01-14T11:21:43+00:00","breadcrumb":{"@id":"https:\/\/aivlisoft.net\/shop\/producto\/iggual-altavoces-2-0-6w-mini-jack-usb\/#breadcrumb"},"inLanguage":"es","potentialAction":[{"@type":"ReadAction","target":["https:\/\/aivlisoft.net\/shop\/producto\/iggual-altavoces-2-0-6w-mini-jack-usb\/"]}]},{"@type":"ImageObject","inLanguage":"es","@id":"https:\/\/aivlisoft.net\/shop\/producto\/iggual-altavoces-2-0-6w-mini-jack-usb\/#primaryimage","url":"https:\/\/aivlisoft.net\/shop\/wp-content\/uploads\/2025\/01\/MAUA200216_800.jpg","contentUrl":"https:\/\/aivlisoft.net\/shop\/wp-content\/uploads\/2025\/01\/MAUA200216_800.jpg","width":800,"height":800},{"@type":"BreadcrumbList","@id":"https:\/\/aivlisoft.net\/shop\/producto\/iggual-altavoces-2-0-6w-mini-jack-usb\/#breadcrumb","itemListElement":[{"@type":"ListItem","position":1,"name":"Portada","item":"https:\/\/aivlisoft.net\/shop\/"},{"@type":"ListItem","position":2,"name":"Tienda","item":"https:\/\/aivlisoft.net\/shop\/tienda\/"},{"@type":"ListItem","position":3,"name":"iggual Altavoces 2.0 6W mini-jack + USB"}]},{"@type":"WebSite","@id":"https:\/\/aivlisoft.net\/shop\/#website","url":"https:\/\/aivlisoft.net\/shop\/","name":"Aivlisoft Inform\u00e1tica","description":"En Aivlisoft Inform\u00e1tica ofrecemos soluciones tecnol\u00f3gicas para empresas: venta de ordenadores, consumibles, perif\u00e9ricos y m\u00e1s. Calidad, atenci\u00f3n personalizada y los mejores precios para tu negocio.","publisher":{"@id":"https:\/\/aivlisoft.net\/shop\/#organization"},"potentialAction":[{"@type":"SearchAction","target":{"@type":"EntryPoint","urlTemplate":"https:\/\/aivlisoft.net\/shop\/?s={search_term_string}"},"query-input":{"@type":"PropertyValueSpecification","valueRequired":true,"valueName":"search_term_string"}}],"inLanguage":"es"},{"@type":"Organization","@id":"https:\/\/aivlisoft.net\/shop\/#organization","name":"Aivlisoft Inform\u00e1tica","url":"https:\/\/aivlisoft.net\/shop\/","logo":{"@type":"ImageObject","inLanguage":"es","@id":"https:\/\/aivlisoft.net\/shop\/#\/schema\/logo\/image\/","url":"https:\/\/aivlisoft.net\/shop\/wp-content\/uploads\/2024\/12\/removal.ai_5b848c54-0cdf-4140-95c5-c5536bb7573b-logodef.png","contentUrl":"https:\/\/aivlisoft.net\/shop\/wp-content\/uploads\/2024\/12\/removal.ai_5b848c54-0cdf-4140-95c5-c5536bb7573b-logodef.png","width":484,"height":182,"caption":"Aivlisoft Inform\u00e1tica"},"image":{"@id":"https:\/\/aivlisoft.net\/shop\/#\/schema\/logo\/image\/"}}]}},"_links":{"self":[{"href":"https:\/\/aivlisoft.net\/shop\/wp-json\/wp\/v2\/product\/15353","targetHints":{"allow":["GET"]}}],"collection":[{"href":"https:\/\/aivlisoft.net\/shop\/wp-json\/wp\/v2\/product"}],"about":[{"href":"https:\/\/aivlisoft.net\/shop\/wp-json\/wp\/v2\/types\/product"}],"wp:featuredmedia":[{"embeddable":true,"href":"https:\/\/aivlisoft.net\/shop\/wp-json\/wp\/v2\/media\/15354"}],"wp:attachment":[{"href":"https:\/\/aivlisoft.net\/shop\/wp-json\/wp\/v2\/media?parent=15353"}],"wp:term":[{"taxonomy":"product_brand","embeddable":true,"href":"https:\/\/aivlisoft.net\/shop\/wp-json\/wp\/v2\/product_brand?post=15353"},{"taxonomy":"product_cat","embeddable":true,"href":"https:\/\/aivlisoft.net\/shop\/wp-json\/wp\/v2\/product_cat?post=15353"},{"taxonomy":"product_tag","embeddable":true,"href":"https:\/\/aivlisoft.net\/shop\/wp-json\/wp\/v2\/product_tag?post=15353"}],"curies":[{"name":"wp","href":"https:\/\/api.w.org\/{rel}","templated":true}]}}