{"id":15350,"date":"2025-01-13T14:52:30","date_gmt":"2025-01-13T14:52:30","guid":{"rendered":"https:\/\/aivlisoft.com\/?post_type=product&#038;p=15350"},"modified":"2025-01-14T11:21:42","modified_gmt":"2025-01-14T11:21:42","slug":"coolbox-altavoz-bluetooh-bt-coolstone-15","status":"publish","type":"product","link":"https:\/\/aivlisoft.net\/shop\/producto\/coolbox-altavoz-bluetooh-bt-coolstone-15\/","title":{"rendered":"Coolbox Altavoz Bluetooh BT COOLSTONE-15"},"content":{"rendered":"<p><strong><\/strong><strong>Altavoz CoolTube<\/strong><\/p>\n<p>Ll&eacute;vate la fiesta a todas partes con los nuevos altavoces inal&aacute;mbricos CoolStone en diferentes estilos y tama&ntilde;os a elegir. Con una gran calidad de sonido, elevada capacidad de autonom&iacute;a, funci&oacute;n manos libres, sintonizador FM integrado, reproducci&oacute;n a trav&eacute;s de conexi&oacute;n bluetooth (alcance de 10 metros) o cable y lectores de tarjetas microSD y de pendrive USB t&uacute; eliges d&oacute;nde y c&oacute;mo reproduces tu m&uacute;sica.<\/p>\n<table>\n<tbody>\n<tr>\n<td><strong>Marca<\/strong><\/td>\n<td>CoolBox<\/td>\n<\/tr>\n<tr>\n<td><strong>Modelo<\/strong><\/td>\n<td><strong>COO-BTA-P15BK<\/strong><\/td>\n<\/tr>\n<tr>\n<td><strong>Caracteristicas<\/strong><\/td>\n<td>&#8211; Cubierta con efecto mallado y tapa superior de goma, con asa de transporte para mayor comodidad.<br \/>&#8211; Reproducci&oacute;n conectado a otro dispositivo por bluetooth o cable auxiliar, o desde el propio altavoz introduciendo una tarjeta microSD o pendrive USB, funci&oacute;n manos libres. Base de goma antideslizante.<br \/>&#8211; Altavoz de 53 mm con potencia de 5W (x2), que te permitir&aacute; disfrutar de tu m&uacute;sica tanto en casa como en el exterior (piscina, playa, jard&iacute;n&hellip;) con un audio de gran calidad.<br \/>&#8211; Gran autonom&iacute;a: bater&iacute;a interna de 1200mAh que proporciona una autonom&iacute;a de hasta 6 horas en reproducci&oacute;n bluetooth (que aumenta si se utiliza cable, o si se reproduce a trav&eacute;s de tarjeta microSD o pendrive). Recarga completa en aproximadamente 2.5 horas.<br \/>&#8211; Controles integrados: adem&aacute;s de poder controlar el sonido y la reproducci&oacute;n a trav&eacute;s del smartphone o Tablet, <br \/>&nbsp; Botones de control play \/ pausa<br \/>&nbsp; volumen + (Avance pista) y volumen &#8211; (Pista anterior)<br \/>&nbsp; Encendido y selector de modo.<br \/>&#8211; Otras funciones: en modo bluetooth, como manos libres para responder llamadas cuando lo conectamos al smartphone. <br \/>&#8211; Cuenta con sintonizador FM integrado.<\/td>\n<\/tr>\n<tr>\n<td><strong>Fecha de revisi&oacute;n<\/strong><\/td>\n<td>30-10-2020 por MPM<\/td>\n<\/tr>\n<\/tbody>\n<\/table>\n","protected":false},"excerpt":{"rendered":"<p>Altavoz CoolTube Ll&eacute;vate la fiesta a todas partes con los nuevos altavoces inal&aacute;mbricos CoolStone en diferentes estilos y tama&ntilde;os a elegir. Con una gran calidad de sonido, elevada capacidad de autonom&iacute;a, funci&oacute;n manos libres, sintonizador FM integrado, reproducci&oacute;n a trav&eacute;s de conexi&oacute;n bluetooth (alcance de 10 metros) o cable y lectores de tarjetas microSD y&hellip;&nbsp;<a href=\"https:\/\/aivlisoft.net\/shop\/producto\/coolbox-altavoz-bluetooh-bt-coolstone-15\/\" rel=\"bookmark\"><span class=\"screen-reader-text\">Coolbox Altavoz Bluetooh BT COOLSTONE-15<\/span><\/a><\/p>\n","protected":false},"featured_media":15351,"template":"","meta":{"neve_meta_sidebar":"","neve_meta_container":"","neve_meta_enable_content_width":"","neve_meta_content_width":0,"neve_meta_title_alignment":"","neve_meta_author_avatar":"","neve_post_elements_order":"","neve_meta_disable_header":"","neve_meta_disable_footer":"","neve_meta_disable_title":""},"product_brand":[],"product_cat":[8755],"product_tag":[5826],"class_list":{"0":"post-15350","1":"product","2":"type-product","3":"status-publish","4":"has-post-thumbnail","6":"product_cat-altavoces-2-0","7":"product_tag-coo-bta-p15bk","9":"first","10":"instock","11":"taxable","12":"shipping-taxable","13":"purchasable","14":"product-type-simple"},"yoast_head":"<!-- This site is optimized with the Yoast SEO plugin v26.0 - https:\/\/yoast.com\/wordpress\/plugins\/seo\/ -->\n<title>Coolbox Altavoz Bluetooh BT COOLSTONE-15 - Aivlisoft Inform\u00e1tica<\/title>\n<meta name=\"robots\" content=\"index, follow, max-snippet:-1, max-image-preview:large, max-video-preview:-1\" \/>\n<link rel=\"canonical\" href=\"https:\/\/aivlisoft.net\/shop\/producto\/coolbox-altavoz-bluetooh-bt-coolstone-15\/\" \/>\n<meta property=\"og:locale\" content=\"es_ES\" \/>\n<meta property=\"og:type\" content=\"article\" \/>\n<meta property=\"og:title\" content=\"Coolbox Altavoz Bluetooh BT COOLSTONE-15 - Aivlisoft Inform\u00e1tica\" \/>\n<meta property=\"og:description\" content=\"Altavoz CoolTube Ll&eacute;vate la fiesta a todas partes con los nuevos altavoces inal&aacute;mbricos CoolStone en diferentes estilos y tama&ntilde;os a elegir. Con una gran calidad de sonido, elevada capacidad de autonom&iacute;a, funci&oacute;n manos libres, sintonizador FM integrado, reproducci&oacute;n a trav&eacute;s de conexi&oacute;n bluetooth (alcance de 10 metros) o cable y lectores de tarjetas microSD y&hellip;&nbsp;Coolbox Altavoz Bluetooh BT COOLSTONE-15\" \/>\n<meta property=\"og:url\" content=\"https:\/\/aivlisoft.net\/shop\/producto\/coolbox-altavoz-bluetooh-bt-coolstone-15\/\" \/>\n<meta property=\"og:site_name\" content=\"Aivlisoft Inform\u00e1tica\" \/>\n<meta property=\"article:modified_time\" content=\"2025-01-14T11:21:42+00:00\" \/>\n<meta property=\"og:image\" content=\"https:\/\/aivlisoft.net\/shop\/wp-content\/uploads\/2025\/01\/MAUA200215_800.jpg\" \/>\n\t<meta property=\"og:image:width\" content=\"800\" \/>\n\t<meta property=\"og:image:height\" content=\"800\" \/>\n\t<meta property=\"og:image:type\" content=\"image\/jpeg\" \/>\n<meta name=\"twitter:card\" content=\"summary_large_image\" \/>\n<meta name=\"twitter:label1\" content=\"Tiempo de lectura\" \/>\n\t<meta name=\"twitter:data1\" content=\"2 minutos\" \/>\n<script type=\"application\/ld+json\" class=\"yoast-schema-graph\">{\"@context\":\"https:\/\/schema.org\",\"@graph\":[{\"@type\":\"WebPage\",\"@id\":\"https:\/\/aivlisoft.net\/shop\/producto\/coolbox-altavoz-bluetooh-bt-coolstone-15\/\",\"url\":\"https:\/\/aivlisoft.net\/shop\/producto\/coolbox-altavoz-bluetooh-bt-coolstone-15\/\",\"name\":\"Coolbox Altavoz Bluetooh BT COOLSTONE-15 - Aivlisoft Inform\u00e1tica\",\"isPartOf\":{\"@id\":\"https:\/\/aivlisoft.net\/shop\/#website\"},\"primaryImageOfPage\":{\"@id\":\"https:\/\/aivlisoft.net\/shop\/producto\/coolbox-altavoz-bluetooh-bt-coolstone-15\/#primaryimage\"},\"image\":{\"@id\":\"https:\/\/aivlisoft.net\/shop\/producto\/coolbox-altavoz-bluetooh-bt-coolstone-15\/#primaryimage\"},\"thumbnailUrl\":\"https:\/\/aivlisoft.net\/shop\/wp-content\/uploads\/2025\/01\/MAUA200215_800.jpg\",\"datePublished\":\"2025-01-13T14:52:30+00:00\",\"dateModified\":\"2025-01-14T11:21:42+00:00\",\"breadcrumb\":{\"@id\":\"https:\/\/aivlisoft.net\/shop\/producto\/coolbox-altavoz-bluetooh-bt-coolstone-15\/#breadcrumb\"},\"inLanguage\":\"es\",\"potentialAction\":[{\"@type\":\"ReadAction\",\"target\":[\"https:\/\/aivlisoft.net\/shop\/producto\/coolbox-altavoz-bluetooh-bt-coolstone-15\/\"]}]},{\"@type\":\"ImageObject\",\"inLanguage\":\"es\",\"@id\":\"https:\/\/aivlisoft.net\/shop\/producto\/coolbox-altavoz-bluetooh-bt-coolstone-15\/#primaryimage\",\"url\":\"https:\/\/aivlisoft.net\/shop\/wp-content\/uploads\/2025\/01\/MAUA200215_800.jpg\",\"contentUrl\":\"https:\/\/aivlisoft.net\/shop\/wp-content\/uploads\/2025\/01\/MAUA200215_800.jpg\",\"width\":800,\"height\":800},{\"@type\":\"BreadcrumbList\",\"@id\":\"https:\/\/aivlisoft.net\/shop\/producto\/coolbox-altavoz-bluetooh-bt-coolstone-15\/#breadcrumb\",\"itemListElement\":[{\"@type\":\"ListItem\",\"position\":1,\"name\":\"Portada\",\"item\":\"https:\/\/aivlisoft.net\/shop\/\"},{\"@type\":\"ListItem\",\"position\":2,\"name\":\"Tienda\",\"item\":\"https:\/\/aivlisoft.net\/shop\/tienda\/\"},{\"@type\":\"ListItem\",\"position\":3,\"name\":\"Coolbox Altavoz Bluetooh BT COOLSTONE-15\"}]},{\"@type\":\"WebSite\",\"@id\":\"https:\/\/aivlisoft.net\/shop\/#website\",\"url\":\"https:\/\/aivlisoft.net\/shop\/\",\"name\":\"Aivlisoft Inform\u00e1tica\",\"description\":\"En Aivlisoft Inform\u00e1tica ofrecemos soluciones tecnol\u00f3gicas para empresas: venta de ordenadores, consumibles, perif\u00e9ricos y m\u00e1s. Calidad, atenci\u00f3n personalizada y los mejores precios para tu negocio.\",\"publisher\":{\"@id\":\"https:\/\/aivlisoft.net\/shop\/#organization\"},\"potentialAction\":[{\"@type\":\"SearchAction\",\"target\":{\"@type\":\"EntryPoint\",\"urlTemplate\":\"https:\/\/aivlisoft.net\/shop\/?s={search_term_string}\"},\"query-input\":{\"@type\":\"PropertyValueSpecification\",\"valueRequired\":true,\"valueName\":\"search_term_string\"}}],\"inLanguage\":\"es\"},{\"@type\":\"Organization\",\"@id\":\"https:\/\/aivlisoft.net\/shop\/#organization\",\"name\":\"Aivlisoft Inform\u00e1tica\",\"url\":\"https:\/\/aivlisoft.net\/shop\/\",\"logo\":{\"@type\":\"ImageObject\",\"inLanguage\":\"es\",\"@id\":\"https:\/\/aivlisoft.net\/shop\/#\/schema\/logo\/image\/\",\"url\":\"https:\/\/aivlisoft.net\/shop\/wp-content\/uploads\/2024\/12\/removal.ai_5b848c54-0cdf-4140-95c5-c5536bb7573b-logodef.png\",\"contentUrl\":\"https:\/\/aivlisoft.net\/shop\/wp-content\/uploads\/2024\/12\/removal.ai_5b848c54-0cdf-4140-95c5-c5536bb7573b-logodef.png\",\"width\":484,\"height\":182,\"caption\":\"Aivlisoft Inform\u00e1tica\"},\"image\":{\"@id\":\"https:\/\/aivlisoft.net\/shop\/#\/schema\/logo\/image\/\"}}]}<\/script>\n<!-- \/ Yoast SEO plugin. -->","yoast_head_json":{"title":"Coolbox Altavoz Bluetooh BT COOLSTONE-15 - Aivlisoft Inform\u00e1tica","robots":{"index":"index","follow":"follow","max-snippet":"max-snippet:-1","max-image-preview":"max-image-preview:large","max-video-preview":"max-video-preview:-1"},"canonical":"https:\/\/aivlisoft.net\/shop\/producto\/coolbox-altavoz-bluetooh-bt-coolstone-15\/","og_locale":"es_ES","og_type":"article","og_title":"Coolbox Altavoz Bluetooh BT COOLSTONE-15 - Aivlisoft Inform\u00e1tica","og_description":"Altavoz CoolTube Ll&eacute;vate la fiesta a todas partes con los nuevos altavoces inal&aacute;mbricos CoolStone en diferentes estilos y tama&ntilde;os a elegir. Con una gran calidad de sonido, elevada capacidad de autonom&iacute;a, funci&oacute;n manos libres, sintonizador FM integrado, reproducci&oacute;n a trav&eacute;s de conexi&oacute;n bluetooth (alcance de 10 metros) o cable y lectores de tarjetas microSD y&hellip;&nbsp;Coolbox Altavoz Bluetooh BT COOLSTONE-15","og_url":"https:\/\/aivlisoft.net\/shop\/producto\/coolbox-altavoz-bluetooh-bt-coolstone-15\/","og_site_name":"Aivlisoft Inform\u00e1tica","article_modified_time":"2025-01-14T11:21:42+00:00","og_image":[{"width":800,"height":800,"url":"https:\/\/aivlisoft.net\/shop\/wp-content\/uploads\/2025\/01\/MAUA200215_800.jpg","type":"image\/jpeg"}],"twitter_card":"summary_large_image","twitter_misc":{"Tiempo de lectura":"2 minutos"},"schema":{"@context":"https:\/\/schema.org","@graph":[{"@type":"WebPage","@id":"https:\/\/aivlisoft.net\/shop\/producto\/coolbox-altavoz-bluetooh-bt-coolstone-15\/","url":"https:\/\/aivlisoft.net\/shop\/producto\/coolbox-altavoz-bluetooh-bt-coolstone-15\/","name":"Coolbox Altavoz Bluetooh BT COOLSTONE-15 - Aivlisoft Inform\u00e1tica","isPartOf":{"@id":"https:\/\/aivlisoft.net\/shop\/#website"},"primaryImageOfPage":{"@id":"https:\/\/aivlisoft.net\/shop\/producto\/coolbox-altavoz-bluetooh-bt-coolstone-15\/#primaryimage"},"image":{"@id":"https:\/\/aivlisoft.net\/shop\/producto\/coolbox-altavoz-bluetooh-bt-coolstone-15\/#primaryimage"},"thumbnailUrl":"https:\/\/aivlisoft.net\/shop\/wp-content\/uploads\/2025\/01\/MAUA200215_800.jpg","datePublished":"2025-01-13T14:52:30+00:00","dateModified":"2025-01-14T11:21:42+00:00","breadcrumb":{"@id":"https:\/\/aivlisoft.net\/shop\/producto\/coolbox-altavoz-bluetooh-bt-coolstone-15\/#breadcrumb"},"inLanguage":"es","potentialAction":[{"@type":"ReadAction","target":["https:\/\/aivlisoft.net\/shop\/producto\/coolbox-altavoz-bluetooh-bt-coolstone-15\/"]}]},{"@type":"ImageObject","inLanguage":"es","@id":"https:\/\/aivlisoft.net\/shop\/producto\/coolbox-altavoz-bluetooh-bt-coolstone-15\/#primaryimage","url":"https:\/\/aivlisoft.net\/shop\/wp-content\/uploads\/2025\/01\/MAUA200215_800.jpg","contentUrl":"https:\/\/aivlisoft.net\/shop\/wp-content\/uploads\/2025\/01\/MAUA200215_800.jpg","width":800,"height":800},{"@type":"BreadcrumbList","@id":"https:\/\/aivlisoft.net\/shop\/producto\/coolbox-altavoz-bluetooh-bt-coolstone-15\/#breadcrumb","itemListElement":[{"@type":"ListItem","position":1,"name":"Portada","item":"https:\/\/aivlisoft.net\/shop\/"},{"@type":"ListItem","position":2,"name":"Tienda","item":"https:\/\/aivlisoft.net\/shop\/tienda\/"},{"@type":"ListItem","position":3,"name":"Coolbox Altavoz Bluetooh BT COOLSTONE-15"}]},{"@type":"WebSite","@id":"https:\/\/aivlisoft.net\/shop\/#website","url":"https:\/\/aivlisoft.net\/shop\/","name":"Aivlisoft Inform\u00e1tica","description":"En Aivlisoft Inform\u00e1tica ofrecemos soluciones tecnol\u00f3gicas para empresas: venta de ordenadores, consumibles, perif\u00e9ricos y m\u00e1s. Calidad, atenci\u00f3n personalizada y los mejores precios para tu negocio.","publisher":{"@id":"https:\/\/aivlisoft.net\/shop\/#organization"},"potentialAction":[{"@type":"SearchAction","target":{"@type":"EntryPoint","urlTemplate":"https:\/\/aivlisoft.net\/shop\/?s={search_term_string}"},"query-input":{"@type":"PropertyValueSpecification","valueRequired":true,"valueName":"search_term_string"}}],"inLanguage":"es"},{"@type":"Organization","@id":"https:\/\/aivlisoft.net\/shop\/#organization","name":"Aivlisoft Inform\u00e1tica","url":"https:\/\/aivlisoft.net\/shop\/","logo":{"@type":"ImageObject","inLanguage":"es","@id":"https:\/\/aivlisoft.net\/shop\/#\/schema\/logo\/image\/","url":"https:\/\/aivlisoft.net\/shop\/wp-content\/uploads\/2024\/12\/removal.ai_5b848c54-0cdf-4140-95c5-c5536bb7573b-logodef.png","contentUrl":"https:\/\/aivlisoft.net\/shop\/wp-content\/uploads\/2024\/12\/removal.ai_5b848c54-0cdf-4140-95c5-c5536bb7573b-logodef.png","width":484,"height":182,"caption":"Aivlisoft Inform\u00e1tica"},"image":{"@id":"https:\/\/aivlisoft.net\/shop\/#\/schema\/logo\/image\/"}}]}},"_links":{"self":[{"href":"https:\/\/aivlisoft.net\/shop\/wp-json\/wp\/v2\/product\/15350","targetHints":{"allow":["GET"]}}],"collection":[{"href":"https:\/\/aivlisoft.net\/shop\/wp-json\/wp\/v2\/product"}],"about":[{"href":"https:\/\/aivlisoft.net\/shop\/wp-json\/wp\/v2\/types\/product"}],"wp:featuredmedia":[{"embeddable":true,"href":"https:\/\/aivlisoft.net\/shop\/wp-json\/wp\/v2\/media\/15351"}],"wp:attachment":[{"href":"https:\/\/aivlisoft.net\/shop\/wp-json\/wp\/v2\/media?parent=15350"}],"wp:term":[{"taxonomy":"product_brand","embeddable":true,"href":"https:\/\/aivlisoft.net\/shop\/wp-json\/wp\/v2\/product_brand?post=15350"},{"taxonomy":"product_cat","embeddable":true,"href":"https:\/\/aivlisoft.net\/shop\/wp-json\/wp\/v2\/product_cat?post=15350"},{"taxonomy":"product_tag","embeddable":true,"href":"https:\/\/aivlisoft.net\/shop\/wp-json\/wp\/v2\/product_tag?post=15350"}],"curies":[{"name":"wp","href":"https:\/\/api.w.org\/{rel}","templated":true}]}}