{"id":15321,"date":"2025-01-13T14:52:15","date_gmt":"2025-01-13T14:52:15","guid":{"rendered":"https:\/\/aivlisoft.com\/?post_type=product&#038;p=15321"},"modified":"2025-01-14T21:16:12","modified_gmt":"2025-01-14T21:16:12","slug":"youin-patin-electrico-l2-8-5-350w-negro","status":"publish","type":"product","link":"https:\/\/aivlisoft.net\/shop\/producto\/youin-patin-electrico-l2-8-5-350w-negro\/","title":{"rendered":"YOUIN Patin Electrico L2 8.5&#8243; 350W Negro"},"content":{"rendered":"<p><\/p>\n<table class=\"tabla_caracteristicas\" width=\"100%\">\n<tr>\n<td valign=\"top\"><strong>Marca<\/strong><\/td>\n<td>YOUIN<\/td>\n<\/tr>\n<tr>\n<td valign=\"top\"><strong>Modelo<\/strong><\/td>\n<td><strong>SC3001<\/strong><\/td>\n<\/tr>\n<tr>\n<td valign=\"top\"><strong>Caracter&iacute;sticas<\/strong><\/td>\n<td>&#8211; Potencia: <strong>350 W<\/strong><br \/>\t\t\t&#8211; Velocidad m&aacute;xima: 25 km\/h<br \/>\t\t\t&#8211; Hasta 25 km de autonom&iacute;a<br \/>\t\t\t&#8211; Bater&iacute;a: 7,5Ah \/ 36V<br \/>\t\t\t&#8211; Neum&aacute;ticos antipinchazos 8,5&rdquo;<br \/>\t\t\t&#8211; Freno de disco trasero<br \/>\t\t\t&#8211; Suspensi&oacute;n trasera<br \/>\t\t\t&#8211; Material del cuerpo: aleaci&oacute;n de aluminio<br \/>\t\t\t&#8211; Modos Sport, Confort y Eco<br \/>\t\t\t&#8211; Luz frontal<br \/>\t\t\t&#8211; Pantalla LCD con veloc&iacute;metro y nivel de bater&iacute;a<br \/>\t\t\t&#8211; Resistencia al agua y polvo IPX4<br \/>\t\t\t&#8211; Medidas abierto: 113 x 43 x 120 cm<br \/>\t\t\t&#8211; Medidas plegado: 113 x 43 x 49 cm<br \/>\t\t\t&#8211; Peso: 14,8 Kg<br \/>\t\t\t&#8211; Carga m&aacute;xima: 100 Kg<\/td>\n<\/tr>\n<tr>\n<td valign=\"top\"><strong>Fecha de revisi&oacute;n<\/strong><\/td>\n<td>23-09-2022 por MPM<\/td>\n<\/tr>\n<\/table>\n","protected":false},"excerpt":{"rendered":"<p>Marca YOUIN Modelo SC3001 Caracter&iacute;sticas &#8211; Potencia: 350 W &#8211; Velocidad m&aacute;xima: 25 km\/h &#8211; Hasta 25 km de autonom&iacute;a &#8211; Bater&iacute;a: 7,5Ah \/ 36V &#8211; Neum&aacute;ticos antipinchazos 8,5&rdquo; &#8211; Freno de disco trasero &#8211; Suspensi&oacute;n trasera &#8211; Material del cuerpo: aleaci&oacute;n de aluminio &#8211; Modos Sport, Confort y Eco &#8211; Luz frontal &#8211; Pantalla&hellip;&nbsp;<a href=\"https:\/\/aivlisoft.net\/shop\/producto\/youin-patin-electrico-l2-8-5-350w-negro\/\" rel=\"bookmark\"><span class=\"screen-reader-text\">YOUIN Patin Electrico L2 8.5&#8243; 350W Negro<\/span><\/a><\/p>\n","protected":false},"featured_media":15322,"template":"","meta":{"neve_meta_sidebar":"","neve_meta_container":"","neve_meta_enable_content_width":"","neve_meta_content_width":0,"neve_meta_title_alignment":"","neve_meta_author_avatar":"","neve_post_elements_order":"","neve_meta_disable_header":"","neve_meta_disable_footer":"","neve_meta_disable_title":""},"product_brand":[],"product_cat":[15,8754,5812],"product_tag":[5816],"class_list":{"0":"post-15321","1":"product","2":"type-product","3":"status-publish","4":"has-post-thumbnail","6":"product_cat-sin-categorizar","7":"product_cat-accesorios-transporte-personal","8":"product_cat-transporte-personal","9":"product_tag-sc3001","11":"first","12":"instock","13":"taxable","14":"shipping-taxable","15":"purchasable","16":"product-type-simple"},"yoast_head":"<!-- This site is optimized with the Yoast SEO plugin v26.0 - https:\/\/yoast.com\/wordpress\/plugins\/seo\/ -->\n<title>YOUIN Patin Electrico L2 8.5&quot; 350W Negro - Aivlisoft Inform\u00e1tica<\/title>\n<meta name=\"robots\" content=\"index, follow, max-snippet:-1, max-image-preview:large, max-video-preview:-1\" \/>\n<link rel=\"canonical\" href=\"https:\/\/aivlisoft.net\/shop\/producto\/youin-patin-electrico-l2-8-5-350w-negro\/\" \/>\n<meta property=\"og:locale\" content=\"es_ES\" \/>\n<meta property=\"og:type\" content=\"article\" \/>\n<meta property=\"og:title\" content=\"YOUIN Patin Electrico L2 8.5&quot; 350W Negro - Aivlisoft Inform\u00e1tica\" \/>\n<meta property=\"og:description\" content=\"Marca YOUIN Modelo SC3001 Caracter&iacute;sticas &#8211; Potencia: 350 W &#8211; Velocidad m&aacute;xima: 25 km\/h &#8211; Hasta 25 km de autonom&iacute;a &#8211; Bater&iacute;a: 7,5Ah \/ 36V &#8211; Neum&aacute;ticos antipinchazos 8,5&rdquo; &#8211; Freno de disco trasero &#8211; Suspensi&oacute;n trasera &#8211; Material del cuerpo: aleaci&oacute;n de aluminio &#8211; Modos Sport, Confort y Eco &#8211; Luz frontal &#8211; Pantalla&hellip;&nbsp;YOUIN Patin Electrico L2 8.5&#8243; 350W Negro\" \/>\n<meta property=\"og:url\" content=\"https:\/\/aivlisoft.net\/shop\/producto\/youin-patin-electrico-l2-8-5-350w-negro\/\" \/>\n<meta property=\"og:site_name\" content=\"Aivlisoft Inform\u00e1tica\" \/>\n<meta property=\"article:modified_time\" content=\"2025-01-14T21:16:12+00:00\" \/>\n<meta property=\"og:image\" content=\"https:\/\/aivlisoft.net\/shop\/wp-content\/uploads\/2025\/01\/JTPPEL0122_800.jpg\" \/>\n\t<meta property=\"og:image:width\" content=\"800\" \/>\n\t<meta property=\"og:image:height\" content=\"800\" \/>\n\t<meta property=\"og:image:type\" content=\"image\/jpeg\" \/>\n<meta name=\"twitter:card\" content=\"summary_large_image\" \/>\n<meta name=\"twitter:label1\" content=\"Tiempo de lectura\" \/>\n\t<meta name=\"twitter:data1\" content=\"1 minuto\" \/>\n<script type=\"application\/ld+json\" class=\"yoast-schema-graph\">{\"@context\":\"https:\/\/schema.org\",\"@graph\":[{\"@type\":\"WebPage\",\"@id\":\"https:\/\/aivlisoft.net\/shop\/producto\/youin-patin-electrico-l2-8-5-350w-negro\/\",\"url\":\"https:\/\/aivlisoft.net\/shop\/producto\/youin-patin-electrico-l2-8-5-350w-negro\/\",\"name\":\"YOUIN Patin Electrico L2 8.5\\\" 350W Negro - Aivlisoft Inform\u00e1tica\",\"isPartOf\":{\"@id\":\"https:\/\/aivlisoft.net\/shop\/#website\"},\"primaryImageOfPage\":{\"@id\":\"https:\/\/aivlisoft.net\/shop\/producto\/youin-patin-electrico-l2-8-5-350w-negro\/#primaryimage\"},\"image\":{\"@id\":\"https:\/\/aivlisoft.net\/shop\/producto\/youin-patin-electrico-l2-8-5-350w-negro\/#primaryimage\"},\"thumbnailUrl\":\"https:\/\/aivlisoft.net\/shop\/wp-content\/uploads\/2025\/01\/JTPPEL0122_800.jpg\",\"datePublished\":\"2025-01-13T14:52:15+00:00\",\"dateModified\":\"2025-01-14T21:16:12+00:00\",\"breadcrumb\":{\"@id\":\"https:\/\/aivlisoft.net\/shop\/producto\/youin-patin-electrico-l2-8-5-350w-negro\/#breadcrumb\"},\"inLanguage\":\"es\",\"potentialAction\":[{\"@type\":\"ReadAction\",\"target\":[\"https:\/\/aivlisoft.net\/shop\/producto\/youin-patin-electrico-l2-8-5-350w-negro\/\"]}]},{\"@type\":\"ImageObject\",\"inLanguage\":\"es\",\"@id\":\"https:\/\/aivlisoft.net\/shop\/producto\/youin-patin-electrico-l2-8-5-350w-negro\/#primaryimage\",\"url\":\"https:\/\/aivlisoft.net\/shop\/wp-content\/uploads\/2025\/01\/JTPPEL0122_800.jpg\",\"contentUrl\":\"https:\/\/aivlisoft.net\/shop\/wp-content\/uploads\/2025\/01\/JTPPEL0122_800.jpg\",\"width\":800,\"height\":800},{\"@type\":\"BreadcrumbList\",\"@id\":\"https:\/\/aivlisoft.net\/shop\/producto\/youin-patin-electrico-l2-8-5-350w-negro\/#breadcrumb\",\"itemListElement\":[{\"@type\":\"ListItem\",\"position\":1,\"name\":\"Portada\",\"item\":\"https:\/\/aivlisoft.net\/shop\/\"},{\"@type\":\"ListItem\",\"position\":2,\"name\":\"Tienda\",\"item\":\"https:\/\/aivlisoft.net\/shop\/tienda\/\"},{\"@type\":\"ListItem\",\"position\":3,\"name\":\"YOUIN Patin Electrico L2 8.5&#8243; 350W Negro\"}]},{\"@type\":\"WebSite\",\"@id\":\"https:\/\/aivlisoft.net\/shop\/#website\",\"url\":\"https:\/\/aivlisoft.net\/shop\/\",\"name\":\"Aivlisoft Inform\u00e1tica\",\"description\":\"En Aivlisoft Inform\u00e1tica ofrecemos soluciones tecnol\u00f3gicas para empresas: venta de ordenadores, consumibles, perif\u00e9ricos y m\u00e1s. Calidad, atenci\u00f3n personalizada y los mejores precios para tu negocio.\",\"publisher\":{\"@id\":\"https:\/\/aivlisoft.net\/shop\/#organization\"},\"potentialAction\":[{\"@type\":\"SearchAction\",\"target\":{\"@type\":\"EntryPoint\",\"urlTemplate\":\"https:\/\/aivlisoft.net\/shop\/?s={search_term_string}\"},\"query-input\":{\"@type\":\"PropertyValueSpecification\",\"valueRequired\":true,\"valueName\":\"search_term_string\"}}],\"inLanguage\":\"es\"},{\"@type\":\"Organization\",\"@id\":\"https:\/\/aivlisoft.net\/shop\/#organization\",\"name\":\"Aivlisoft Inform\u00e1tica\",\"url\":\"https:\/\/aivlisoft.net\/shop\/\",\"logo\":{\"@type\":\"ImageObject\",\"inLanguage\":\"es\",\"@id\":\"https:\/\/aivlisoft.net\/shop\/#\/schema\/logo\/image\/\",\"url\":\"https:\/\/aivlisoft.net\/shop\/wp-content\/uploads\/2024\/12\/removal.ai_5b848c54-0cdf-4140-95c5-c5536bb7573b-logodef.png\",\"contentUrl\":\"https:\/\/aivlisoft.net\/shop\/wp-content\/uploads\/2024\/12\/removal.ai_5b848c54-0cdf-4140-95c5-c5536bb7573b-logodef.png\",\"width\":484,\"height\":182,\"caption\":\"Aivlisoft Inform\u00e1tica\"},\"image\":{\"@id\":\"https:\/\/aivlisoft.net\/shop\/#\/schema\/logo\/image\/\"}}]}<\/script>\n<!-- \/ Yoast SEO plugin. -->","yoast_head_json":{"title":"YOUIN Patin Electrico L2 8.5\" 350W Negro - Aivlisoft Inform\u00e1tica","robots":{"index":"index","follow":"follow","max-snippet":"max-snippet:-1","max-image-preview":"max-image-preview:large","max-video-preview":"max-video-preview:-1"},"canonical":"https:\/\/aivlisoft.net\/shop\/producto\/youin-patin-electrico-l2-8-5-350w-negro\/","og_locale":"es_ES","og_type":"article","og_title":"YOUIN Patin Electrico L2 8.5\" 350W Negro - Aivlisoft Inform\u00e1tica","og_description":"Marca YOUIN Modelo SC3001 Caracter&iacute;sticas &#8211; Potencia: 350 W &#8211; Velocidad m&aacute;xima: 25 km\/h &#8211; Hasta 25 km de autonom&iacute;a &#8211; Bater&iacute;a: 7,5Ah \/ 36V &#8211; Neum&aacute;ticos antipinchazos 8,5&rdquo; &#8211; Freno de disco trasero &#8211; Suspensi&oacute;n trasera &#8211; Material del cuerpo: aleaci&oacute;n de aluminio &#8211; Modos Sport, Confort y Eco &#8211; Luz frontal &#8211; Pantalla&hellip;&nbsp;YOUIN Patin Electrico L2 8.5&#8243; 350W Negro","og_url":"https:\/\/aivlisoft.net\/shop\/producto\/youin-patin-electrico-l2-8-5-350w-negro\/","og_site_name":"Aivlisoft Inform\u00e1tica","article_modified_time":"2025-01-14T21:16:12+00:00","og_image":[{"width":800,"height":800,"url":"https:\/\/aivlisoft.net\/shop\/wp-content\/uploads\/2025\/01\/JTPPEL0122_800.jpg","type":"image\/jpeg"}],"twitter_card":"summary_large_image","twitter_misc":{"Tiempo de lectura":"1 minuto"},"schema":{"@context":"https:\/\/schema.org","@graph":[{"@type":"WebPage","@id":"https:\/\/aivlisoft.net\/shop\/producto\/youin-patin-electrico-l2-8-5-350w-negro\/","url":"https:\/\/aivlisoft.net\/shop\/producto\/youin-patin-electrico-l2-8-5-350w-negro\/","name":"YOUIN Patin Electrico L2 8.5\" 350W Negro - Aivlisoft Inform\u00e1tica","isPartOf":{"@id":"https:\/\/aivlisoft.net\/shop\/#website"},"primaryImageOfPage":{"@id":"https:\/\/aivlisoft.net\/shop\/producto\/youin-patin-electrico-l2-8-5-350w-negro\/#primaryimage"},"image":{"@id":"https:\/\/aivlisoft.net\/shop\/producto\/youin-patin-electrico-l2-8-5-350w-negro\/#primaryimage"},"thumbnailUrl":"https:\/\/aivlisoft.net\/shop\/wp-content\/uploads\/2025\/01\/JTPPEL0122_800.jpg","datePublished":"2025-01-13T14:52:15+00:00","dateModified":"2025-01-14T21:16:12+00:00","breadcrumb":{"@id":"https:\/\/aivlisoft.net\/shop\/producto\/youin-patin-electrico-l2-8-5-350w-negro\/#breadcrumb"},"inLanguage":"es","potentialAction":[{"@type":"ReadAction","target":["https:\/\/aivlisoft.net\/shop\/producto\/youin-patin-electrico-l2-8-5-350w-negro\/"]}]},{"@type":"ImageObject","inLanguage":"es","@id":"https:\/\/aivlisoft.net\/shop\/producto\/youin-patin-electrico-l2-8-5-350w-negro\/#primaryimage","url":"https:\/\/aivlisoft.net\/shop\/wp-content\/uploads\/2025\/01\/JTPPEL0122_800.jpg","contentUrl":"https:\/\/aivlisoft.net\/shop\/wp-content\/uploads\/2025\/01\/JTPPEL0122_800.jpg","width":800,"height":800},{"@type":"BreadcrumbList","@id":"https:\/\/aivlisoft.net\/shop\/producto\/youin-patin-electrico-l2-8-5-350w-negro\/#breadcrumb","itemListElement":[{"@type":"ListItem","position":1,"name":"Portada","item":"https:\/\/aivlisoft.net\/shop\/"},{"@type":"ListItem","position":2,"name":"Tienda","item":"https:\/\/aivlisoft.net\/shop\/tienda\/"},{"@type":"ListItem","position":3,"name":"YOUIN Patin Electrico L2 8.5&#8243; 350W Negro"}]},{"@type":"WebSite","@id":"https:\/\/aivlisoft.net\/shop\/#website","url":"https:\/\/aivlisoft.net\/shop\/","name":"Aivlisoft Inform\u00e1tica","description":"En Aivlisoft Inform\u00e1tica ofrecemos soluciones tecnol\u00f3gicas para empresas: venta de ordenadores, consumibles, perif\u00e9ricos y m\u00e1s. Calidad, atenci\u00f3n personalizada y los mejores precios para tu negocio.","publisher":{"@id":"https:\/\/aivlisoft.net\/shop\/#organization"},"potentialAction":[{"@type":"SearchAction","target":{"@type":"EntryPoint","urlTemplate":"https:\/\/aivlisoft.net\/shop\/?s={search_term_string}"},"query-input":{"@type":"PropertyValueSpecification","valueRequired":true,"valueName":"search_term_string"}}],"inLanguage":"es"},{"@type":"Organization","@id":"https:\/\/aivlisoft.net\/shop\/#organization","name":"Aivlisoft Inform\u00e1tica","url":"https:\/\/aivlisoft.net\/shop\/","logo":{"@type":"ImageObject","inLanguage":"es","@id":"https:\/\/aivlisoft.net\/shop\/#\/schema\/logo\/image\/","url":"https:\/\/aivlisoft.net\/shop\/wp-content\/uploads\/2024\/12\/removal.ai_5b848c54-0cdf-4140-95c5-c5536bb7573b-logodef.png","contentUrl":"https:\/\/aivlisoft.net\/shop\/wp-content\/uploads\/2024\/12\/removal.ai_5b848c54-0cdf-4140-95c5-c5536bb7573b-logodef.png","width":484,"height":182,"caption":"Aivlisoft Inform\u00e1tica"},"image":{"@id":"https:\/\/aivlisoft.net\/shop\/#\/schema\/logo\/image\/"}}]}},"_links":{"self":[{"href":"https:\/\/aivlisoft.net\/shop\/wp-json\/wp\/v2\/product\/15321","targetHints":{"allow":["GET"]}}],"collection":[{"href":"https:\/\/aivlisoft.net\/shop\/wp-json\/wp\/v2\/product"}],"about":[{"href":"https:\/\/aivlisoft.net\/shop\/wp-json\/wp\/v2\/types\/product"}],"wp:featuredmedia":[{"embeddable":true,"href":"https:\/\/aivlisoft.net\/shop\/wp-json\/wp\/v2\/media\/15322"}],"wp:attachment":[{"href":"https:\/\/aivlisoft.net\/shop\/wp-json\/wp\/v2\/media?parent=15321"}],"wp:term":[{"taxonomy":"product_brand","embeddable":true,"href":"https:\/\/aivlisoft.net\/shop\/wp-json\/wp\/v2\/product_brand?post=15321"},{"taxonomy":"product_cat","embeddable":true,"href":"https:\/\/aivlisoft.net\/shop\/wp-json\/wp\/v2\/product_cat?post=15321"},{"taxonomy":"product_tag","embeddable":true,"href":"https:\/\/aivlisoft.net\/shop\/wp-json\/wp\/v2\/product_tag?post=15321"}],"curies":[{"name":"wp","href":"https:\/\/api.w.org\/{rel}","templated":true}]}}