{"id":15061,"date":"2025-01-13T14:49:48","date_gmt":"2025-01-13T14:49:48","guid":{"rendered":"https:\/\/aivlisoft.com\/?post_type=product&#038;p=15061"},"modified":"2025-01-14T11:20:09","modified_gmt":"2025-01-14T11:20:09","slug":"approx-apppcie1p-tarj-cont-1-paralel-pci-e-lphp","status":"publish","type":"product","link":"https:\/\/aivlisoft.net\/shop\/producto\/approx-apppcie1p-tarj-cont-1-paralel-pci-e-lphp\/","title":{"rendered":"approx! APPPCIE1P Tarj.Cont. 1 Paralel PCI-E LP&#038;HP"},"content":{"rendered":"<p>Aumenta las posibilidades que le ofrece su equipo gracias a esta tarjeta PCI-E de perfil alto y bajo de Approx, que le proporcionar&aacute; un nuevo puerto paralelo adicional (con una tasa de transferencia de hasta 1.5 Mbps) con el que podr&aacute;s conectar cualquier perif&eacute;rico compatible.<br \/>&nbsp;<br \/>&nbsp;<\/p>\n<table class=\"tabla_caracteristicas\" width=\"100%\">\n<tr>\n<td><strong>Marca<\/strong><\/td>\n<td>approx!<\/td>\n<\/tr>\n<tr>\n<td><strong>Modelo<\/strong><\/td>\n<td><strong>APPPCIE1P<\/strong><\/td>\n<\/tr>\n<tr>\n<td valign=\"top\"><strong>Caracter&iacute;sticas<\/strong><\/td>\n<td>&#8211; PCI-E revision 1.0a<br \/>\t\t\t&#8211; Soporta D1, D2, D3 caliente \/ frio<br \/>\t\t\t&#8211; Multi-Modo IEE 1284 (SPP, PS2, EPP, ECP)<br \/>\t\t\t&#8211; Hasta 1.5Mbps<br \/>\t\t\t&#8211; Conexi&oacute;n PCI-E<br \/>\t\t\t<strong>Requisitos del Sistema<\/strong><br \/>\t\t\t&#8211; 1 Slot PCI-E libre<br \/>\t\t\t&#8211; x32\/x64:<br \/>\t\t\t&#8211; Windows 10\/8.1\/8\/7\/VISTA\/XP<br \/>\t\t\t&#8211; Windows SERVER 2016\/2012\/2008\/2003.<br \/>\t\t\t&#8211; Windows 2000\/NT4.0\/ME\/98<br \/>\t\t\t&#8211; Linux<br \/>\t\t\t<strong>Contenido<\/strong><br \/>\t\t\t&#8211; APPPCIE1P<br \/>\t\t\t&#8211; Bracket perfil bajo<br \/>\t\t\t&#8211; Gu&iacute;a de instalaci&oacute;n r&aacute;pida<br \/>\t\t\t&#8211; Cd de instalaci&oacute;n<\/td>\n<\/tr>\n<tr>\n<td><strong>Fecha Revisi&oacute;n<\/strong><\/td>\n<td>22-08-2022 por MPM<\/td>\n<\/tr>\n<\/table>\n","protected":false},"excerpt":{"rendered":"<p>Aumenta las posibilidades que le ofrece su equipo gracias a esta tarjeta PCI-E de perfil alto y bajo de Approx, que le proporcionar&aacute; un nuevo puerto paralelo adicional (con una tasa de transferencia de hasta 1.5 Mbps) con el que podr&aacute;s conectar cualquier perif&eacute;rico compatible.&nbsp;&nbsp; Marca approx! Modelo APPPCIE1P Caracter&iacute;sticas &#8211; PCI-E revision 1.0a &#8211;&hellip;&nbsp;<a href=\"https:\/\/aivlisoft.net\/shop\/producto\/approx-apppcie1p-tarj-cont-1-paralel-pci-e-lphp\/\" rel=\"bookmark\"><span class=\"screen-reader-text\">approx! APPPCIE1P Tarj.Cont. 1 Paralel PCI-E LP&#038;HP<\/span><\/a><\/p>\n","protected":false},"featured_media":15062,"template":"","meta":{"neve_meta_sidebar":"","neve_meta_container":"","neve_meta_enable_content_width":"","neve_meta_content_width":0,"neve_meta_title_alignment":"","neve_meta_author_avatar":"","neve_post_elements_order":"","neve_meta_disable_header":"","neve_meta_disable_footer":"","neve_meta_disable_title":""},"product_brand":[],"product_cat":[8753],"product_tag":[5744],"class_list":{"0":"post-15061","1":"product","2":"type-product","3":"status-publish","4":"has-post-thumbnail","6":"product_cat-tarjetas-controladoras","7":"product_tag-apppcie1p","9":"first","10":"instock","11":"taxable","12":"shipping-taxable","13":"purchasable","14":"product-type-simple"},"yoast_head":"<!-- This site is optimized with the Yoast SEO plugin v26.0 - https:\/\/yoast.com\/wordpress\/plugins\/seo\/ -->\n<title>approx! APPPCIE1P Tarj.Cont. 1 Paralel PCI-E LP&amp;HP - Aivlisoft Inform\u00e1tica<\/title>\n<meta name=\"robots\" content=\"index, follow, max-snippet:-1, max-image-preview:large, max-video-preview:-1\" \/>\n<link rel=\"canonical\" href=\"https:\/\/aivlisoft.net\/shop\/producto\/approx-apppcie1p-tarj-cont-1-paralel-pci-e-lphp\/\" \/>\n<meta property=\"og:locale\" content=\"es_ES\" \/>\n<meta property=\"og:type\" content=\"article\" \/>\n<meta property=\"og:title\" content=\"approx! APPPCIE1P Tarj.Cont. 1 Paralel PCI-E LP&amp;HP - Aivlisoft Inform\u00e1tica\" \/>\n<meta property=\"og:description\" content=\"Aumenta las posibilidades que le ofrece su equipo gracias a esta tarjeta PCI-E de perfil alto y bajo de Approx, que le proporcionar&aacute; un nuevo puerto paralelo adicional (con una tasa de transferencia de hasta 1.5 Mbps) con el que podr&aacute;s conectar cualquier perif&eacute;rico compatible.&nbsp;&nbsp; Marca approx! Modelo APPPCIE1P Caracter&iacute;sticas &#8211; PCI-E revision 1.0a &#8211;&hellip;&nbsp;approx! APPPCIE1P Tarj.Cont. 1 Paralel PCI-E LP&#038;HP\" \/>\n<meta property=\"og:url\" content=\"https:\/\/aivlisoft.net\/shop\/producto\/approx-apppcie1p-tarj-cont-1-paralel-pci-e-lphp\/\" \/>\n<meta property=\"og:site_name\" content=\"Aivlisoft Inform\u00e1tica\" \/>\n<meta property=\"article:modified_time\" content=\"2025-01-14T11:20:09+00:00\" \/>\n<meta property=\"og:image\" content=\"https:\/\/aivlisoft.net\/shop\/wp-content\/uploads\/2025\/01\/ITCCID0061_800.jpg\" \/>\n\t<meta property=\"og:image:width\" content=\"800\" \/>\n\t<meta property=\"og:image:height\" content=\"800\" \/>\n\t<meta property=\"og:image:type\" content=\"image\/jpeg\" \/>\n<meta name=\"twitter:card\" content=\"summary_large_image\" \/>\n<meta name=\"twitter:label1\" content=\"Tiempo de lectura\" \/>\n\t<meta name=\"twitter:data1\" content=\"1 minuto\" \/>\n<script type=\"application\/ld+json\" class=\"yoast-schema-graph\">{\"@context\":\"https:\/\/schema.org\",\"@graph\":[{\"@type\":\"WebPage\",\"@id\":\"https:\/\/aivlisoft.net\/shop\/producto\/approx-apppcie1p-tarj-cont-1-paralel-pci-e-lphp\/\",\"url\":\"https:\/\/aivlisoft.net\/shop\/producto\/approx-apppcie1p-tarj-cont-1-paralel-pci-e-lphp\/\",\"name\":\"approx! APPPCIE1P Tarj.Cont. 1 Paralel PCI-E LP&HP - Aivlisoft Inform\u00e1tica\",\"isPartOf\":{\"@id\":\"https:\/\/aivlisoft.net\/shop\/#website\"},\"primaryImageOfPage\":{\"@id\":\"https:\/\/aivlisoft.net\/shop\/producto\/approx-apppcie1p-tarj-cont-1-paralel-pci-e-lphp\/#primaryimage\"},\"image\":{\"@id\":\"https:\/\/aivlisoft.net\/shop\/producto\/approx-apppcie1p-tarj-cont-1-paralel-pci-e-lphp\/#primaryimage\"},\"thumbnailUrl\":\"https:\/\/aivlisoft.net\/shop\/wp-content\/uploads\/2025\/01\/ITCCID0061_800.jpg\",\"datePublished\":\"2025-01-13T14:49:48+00:00\",\"dateModified\":\"2025-01-14T11:20:09+00:00\",\"breadcrumb\":{\"@id\":\"https:\/\/aivlisoft.net\/shop\/producto\/approx-apppcie1p-tarj-cont-1-paralel-pci-e-lphp\/#breadcrumb\"},\"inLanguage\":\"es\",\"potentialAction\":[{\"@type\":\"ReadAction\",\"target\":[\"https:\/\/aivlisoft.net\/shop\/producto\/approx-apppcie1p-tarj-cont-1-paralel-pci-e-lphp\/\"]}]},{\"@type\":\"ImageObject\",\"inLanguage\":\"es\",\"@id\":\"https:\/\/aivlisoft.net\/shop\/producto\/approx-apppcie1p-tarj-cont-1-paralel-pci-e-lphp\/#primaryimage\",\"url\":\"https:\/\/aivlisoft.net\/shop\/wp-content\/uploads\/2025\/01\/ITCCID0061_800.jpg\",\"contentUrl\":\"https:\/\/aivlisoft.net\/shop\/wp-content\/uploads\/2025\/01\/ITCCID0061_800.jpg\",\"width\":800,\"height\":800},{\"@type\":\"BreadcrumbList\",\"@id\":\"https:\/\/aivlisoft.net\/shop\/producto\/approx-apppcie1p-tarj-cont-1-paralel-pci-e-lphp\/#breadcrumb\",\"itemListElement\":[{\"@type\":\"ListItem\",\"position\":1,\"name\":\"Portada\",\"item\":\"https:\/\/aivlisoft.net\/shop\/\"},{\"@type\":\"ListItem\",\"position\":2,\"name\":\"Tienda\",\"item\":\"https:\/\/aivlisoft.net\/shop\/tienda\/\"},{\"@type\":\"ListItem\",\"position\":3,\"name\":\"approx! APPPCIE1P Tarj.Cont. 1 Paralel PCI-E LP&#038;HP\"}]},{\"@type\":\"WebSite\",\"@id\":\"https:\/\/aivlisoft.net\/shop\/#website\",\"url\":\"https:\/\/aivlisoft.net\/shop\/\",\"name\":\"Aivlisoft Inform\u00e1tica\",\"description\":\"En Aivlisoft Inform\u00e1tica ofrecemos soluciones tecnol\u00f3gicas para empresas: venta de ordenadores, consumibles, perif\u00e9ricos y m\u00e1s. Calidad, atenci\u00f3n personalizada y los mejores precios para tu negocio.\",\"publisher\":{\"@id\":\"https:\/\/aivlisoft.net\/shop\/#organization\"},\"potentialAction\":[{\"@type\":\"SearchAction\",\"target\":{\"@type\":\"EntryPoint\",\"urlTemplate\":\"https:\/\/aivlisoft.net\/shop\/?s={search_term_string}\"},\"query-input\":{\"@type\":\"PropertyValueSpecification\",\"valueRequired\":true,\"valueName\":\"search_term_string\"}}],\"inLanguage\":\"es\"},{\"@type\":\"Organization\",\"@id\":\"https:\/\/aivlisoft.net\/shop\/#organization\",\"name\":\"Aivlisoft Inform\u00e1tica\",\"url\":\"https:\/\/aivlisoft.net\/shop\/\",\"logo\":{\"@type\":\"ImageObject\",\"inLanguage\":\"es\",\"@id\":\"https:\/\/aivlisoft.net\/shop\/#\/schema\/logo\/image\/\",\"url\":\"https:\/\/aivlisoft.net\/shop\/wp-content\/uploads\/2024\/12\/removal.ai_5b848c54-0cdf-4140-95c5-c5536bb7573b-logodef.png\",\"contentUrl\":\"https:\/\/aivlisoft.net\/shop\/wp-content\/uploads\/2024\/12\/removal.ai_5b848c54-0cdf-4140-95c5-c5536bb7573b-logodef.png\",\"width\":484,\"height\":182,\"caption\":\"Aivlisoft Inform\u00e1tica\"},\"image\":{\"@id\":\"https:\/\/aivlisoft.net\/shop\/#\/schema\/logo\/image\/\"}}]}<\/script>\n<!-- \/ Yoast SEO plugin. -->","yoast_head_json":{"title":"approx! APPPCIE1P Tarj.Cont. 1 Paralel PCI-E LP&HP - Aivlisoft Inform\u00e1tica","robots":{"index":"index","follow":"follow","max-snippet":"max-snippet:-1","max-image-preview":"max-image-preview:large","max-video-preview":"max-video-preview:-1"},"canonical":"https:\/\/aivlisoft.net\/shop\/producto\/approx-apppcie1p-tarj-cont-1-paralel-pci-e-lphp\/","og_locale":"es_ES","og_type":"article","og_title":"approx! APPPCIE1P Tarj.Cont. 1 Paralel PCI-E LP&HP - Aivlisoft Inform\u00e1tica","og_description":"Aumenta las posibilidades que le ofrece su equipo gracias a esta tarjeta PCI-E de perfil alto y bajo de Approx, que le proporcionar&aacute; un nuevo puerto paralelo adicional (con una tasa de transferencia de hasta 1.5 Mbps) con el que podr&aacute;s conectar cualquier perif&eacute;rico compatible.&nbsp;&nbsp; Marca approx! Modelo APPPCIE1P Caracter&iacute;sticas &#8211; PCI-E revision 1.0a &#8211;&hellip;&nbsp;approx! APPPCIE1P Tarj.Cont. 1 Paralel PCI-E LP&#038;HP","og_url":"https:\/\/aivlisoft.net\/shop\/producto\/approx-apppcie1p-tarj-cont-1-paralel-pci-e-lphp\/","og_site_name":"Aivlisoft Inform\u00e1tica","article_modified_time":"2025-01-14T11:20:09+00:00","og_image":[{"width":800,"height":800,"url":"https:\/\/aivlisoft.net\/shop\/wp-content\/uploads\/2025\/01\/ITCCID0061_800.jpg","type":"image\/jpeg"}],"twitter_card":"summary_large_image","twitter_misc":{"Tiempo de lectura":"1 minuto"},"schema":{"@context":"https:\/\/schema.org","@graph":[{"@type":"WebPage","@id":"https:\/\/aivlisoft.net\/shop\/producto\/approx-apppcie1p-tarj-cont-1-paralel-pci-e-lphp\/","url":"https:\/\/aivlisoft.net\/shop\/producto\/approx-apppcie1p-tarj-cont-1-paralel-pci-e-lphp\/","name":"approx! APPPCIE1P Tarj.Cont. 1 Paralel PCI-E LP&HP - Aivlisoft Inform\u00e1tica","isPartOf":{"@id":"https:\/\/aivlisoft.net\/shop\/#website"},"primaryImageOfPage":{"@id":"https:\/\/aivlisoft.net\/shop\/producto\/approx-apppcie1p-tarj-cont-1-paralel-pci-e-lphp\/#primaryimage"},"image":{"@id":"https:\/\/aivlisoft.net\/shop\/producto\/approx-apppcie1p-tarj-cont-1-paralel-pci-e-lphp\/#primaryimage"},"thumbnailUrl":"https:\/\/aivlisoft.net\/shop\/wp-content\/uploads\/2025\/01\/ITCCID0061_800.jpg","datePublished":"2025-01-13T14:49:48+00:00","dateModified":"2025-01-14T11:20:09+00:00","breadcrumb":{"@id":"https:\/\/aivlisoft.net\/shop\/producto\/approx-apppcie1p-tarj-cont-1-paralel-pci-e-lphp\/#breadcrumb"},"inLanguage":"es","potentialAction":[{"@type":"ReadAction","target":["https:\/\/aivlisoft.net\/shop\/producto\/approx-apppcie1p-tarj-cont-1-paralel-pci-e-lphp\/"]}]},{"@type":"ImageObject","inLanguage":"es","@id":"https:\/\/aivlisoft.net\/shop\/producto\/approx-apppcie1p-tarj-cont-1-paralel-pci-e-lphp\/#primaryimage","url":"https:\/\/aivlisoft.net\/shop\/wp-content\/uploads\/2025\/01\/ITCCID0061_800.jpg","contentUrl":"https:\/\/aivlisoft.net\/shop\/wp-content\/uploads\/2025\/01\/ITCCID0061_800.jpg","width":800,"height":800},{"@type":"BreadcrumbList","@id":"https:\/\/aivlisoft.net\/shop\/producto\/approx-apppcie1p-tarj-cont-1-paralel-pci-e-lphp\/#breadcrumb","itemListElement":[{"@type":"ListItem","position":1,"name":"Portada","item":"https:\/\/aivlisoft.net\/shop\/"},{"@type":"ListItem","position":2,"name":"Tienda","item":"https:\/\/aivlisoft.net\/shop\/tienda\/"},{"@type":"ListItem","position":3,"name":"approx! APPPCIE1P Tarj.Cont. 1 Paralel PCI-E LP&#038;HP"}]},{"@type":"WebSite","@id":"https:\/\/aivlisoft.net\/shop\/#website","url":"https:\/\/aivlisoft.net\/shop\/","name":"Aivlisoft Inform\u00e1tica","description":"En Aivlisoft Inform\u00e1tica ofrecemos soluciones tecnol\u00f3gicas para empresas: venta de ordenadores, consumibles, perif\u00e9ricos y m\u00e1s. Calidad, atenci\u00f3n personalizada y los mejores precios para tu negocio.","publisher":{"@id":"https:\/\/aivlisoft.net\/shop\/#organization"},"potentialAction":[{"@type":"SearchAction","target":{"@type":"EntryPoint","urlTemplate":"https:\/\/aivlisoft.net\/shop\/?s={search_term_string}"},"query-input":{"@type":"PropertyValueSpecification","valueRequired":true,"valueName":"search_term_string"}}],"inLanguage":"es"},{"@type":"Organization","@id":"https:\/\/aivlisoft.net\/shop\/#organization","name":"Aivlisoft Inform\u00e1tica","url":"https:\/\/aivlisoft.net\/shop\/","logo":{"@type":"ImageObject","inLanguage":"es","@id":"https:\/\/aivlisoft.net\/shop\/#\/schema\/logo\/image\/","url":"https:\/\/aivlisoft.net\/shop\/wp-content\/uploads\/2024\/12\/removal.ai_5b848c54-0cdf-4140-95c5-c5536bb7573b-logodef.png","contentUrl":"https:\/\/aivlisoft.net\/shop\/wp-content\/uploads\/2024\/12\/removal.ai_5b848c54-0cdf-4140-95c5-c5536bb7573b-logodef.png","width":484,"height":182,"caption":"Aivlisoft Inform\u00e1tica"},"image":{"@id":"https:\/\/aivlisoft.net\/shop\/#\/schema\/logo\/image\/"}}]}},"_links":{"self":[{"href":"https:\/\/aivlisoft.net\/shop\/wp-json\/wp\/v2\/product\/15061","targetHints":{"allow":["GET"]}}],"collection":[{"href":"https:\/\/aivlisoft.net\/shop\/wp-json\/wp\/v2\/product"}],"about":[{"href":"https:\/\/aivlisoft.net\/shop\/wp-json\/wp\/v2\/types\/product"}],"wp:featuredmedia":[{"embeddable":true,"href":"https:\/\/aivlisoft.net\/shop\/wp-json\/wp\/v2\/media\/15062"}],"wp:attachment":[{"href":"https:\/\/aivlisoft.net\/shop\/wp-json\/wp\/v2\/media?parent=15061"}],"wp:term":[{"taxonomy":"product_brand","embeddable":true,"href":"https:\/\/aivlisoft.net\/shop\/wp-json\/wp\/v2\/product_brand?post=15061"},{"taxonomy":"product_cat","embeddable":true,"href":"https:\/\/aivlisoft.net\/shop\/wp-json\/wp\/v2\/product_cat?post=15061"},{"taxonomy":"product_tag","embeddable":true,"href":"https:\/\/aivlisoft.net\/shop\/wp-json\/wp\/v2\/product_tag?post=15061"}],"curies":[{"name":"wp","href":"https:\/\/api.w.org\/{rel}","templated":true}]}}