{"id":15053,"date":"2025-01-13T14:49:45","date_gmt":"2025-01-13T14:49:45","guid":{"rendered":"https:\/\/aivlisoft.com\/?post_type=product&#038;p=15053"},"modified":"2025-01-14T11:20:07","modified_gmt":"2025-01-14T11:20:07","slug":"approx-pcie1p2s-tarjeta-2-serie-1-paralelo-pci-e","status":"publish","type":"product","link":"https:\/\/aivlisoft.net\/shop\/producto\/approx-pcie1p2s-tarjeta-2-serie-1-paralelo-pci-e\/","title":{"rendered":"approx! PCIE1P2S tarjeta 2 Serie\/1 Paralelo PCI-E"},"content":{"rendered":"<p>Incorpore un puerto paralelo y dos puertos serie RS-232 a su ordenador a trav&eacute;s de una ranura PCI Express. La tarjeta PCI Express APPPCIE21P2S le permite convertir una ranura PCI Express en dos puertos serie RS232 (DB9) y un puerto paralelo (DB25). La tarjeta incorpora el procesador WCH382L que permite aprovechar todo el potencial de PCI Express (PCIe), pues brinda mayor velocidad y reduce la carga aplicada al CPU en un 50% con respecto a sus competidores &iexcl;Aumente la conectividad de su equipo!<\/p>\n<table class=\"tabla_caracteristicas\" width=\"100%\">\n<tr>\n<td valign=\"top\" width=\"35%\"><b>Marca<\/b><\/td>\n<td valign=\"top\">approx!<\/td>\n<\/tr>\n<tr>\n<td valign=\"top\" width=\"35%\"><b>Modelo<\/b><\/td>\n<td valign=\"top\"><strong>APPPCIE1P2S <\/strong><\/td>\n<\/tr>\n<tr>\n<td valign=\"top\" width=\"35%\"><b>Caracter&iacute;sticas<\/b><\/td>\n<td valign=\"top\">&#8211; Chipset WCH382L<br \/>\t\t\t&#8211; Dos puertos Serie y uno paralelo<br \/>\t\t\t&#8211; Compatible con PCI-Express Revisi&oacute;n 1.1<br \/>\t\t\t&#8211; PCI-Express con un rendimiento de hasta 2.5Gbps<br \/>\t\t\t&#8211; Compatible con el est&aacute;ndar 16C550 16C552 16C554 y 16C750 UART<br \/>\t\t\t&#8211; Chipset de 256 bytes FIFO<br \/>\t\t\t&#8211; Soporta la transmisi&oacute;n bidireccional de datos, velocidad de transmisi&oacute;n hasta los 2M bytes- &#8211; &#8211;&nbsp; &nbsp;<br \/>\t\t\t&#8211; Compatible con SPP, PS \/ 2, EPP, ECP y con el protocolo de impresi&oacute;n IEEE1284<br \/>\t\t\t&#8211; Compatible con formato de serie 5-6-7-8-bit<br \/>\t\t\t&#8211; 2 Serial + 1 Parallel<br \/>\t\t\t&#8211; Conexi&oacute;n PCI-E<br \/>\t\t\t<strong>Requisitos del Sistema<\/strong><br \/>\t\t\t&#8211; 1 ranura PCI Express libre<br \/>\t\t\t&#8211; x32\/x64:<br \/>\t\t\t&#8211; Windows 10\/8.1\/8\/7\/VISTA\/XP<br \/>\t\t\t&#8211; Windows SERVER 2016\/2012\/2008\/2003.<br \/>\t\t\t&#8211; Windows 2000\/NT4.0\/ME\/98<br \/>\t\t\t&#8211; Linux<br \/>\t\t\t<strong>Contenido<\/strong><br \/>\t\t\t&#8211; APPPCIE1P2S<br \/>\t\t\t&#8211; Gu&iacute;a r&aacute;pida de instalaci&oacute;n<br \/>\t\t\t&#8211; CD de instalaci&oacute;n con drivers<\/td>\n<\/tr>\n<tr>\n<td valign=\"top\"><b>Fecha Revisi&oacute;n<\/b><\/td>\n<td valign=\"top\">22-08-2022 por MPM<\/td>\n<\/tr>\n<\/table>\n<div>&nbsp;<\/div>\n","protected":false},"excerpt":{"rendered":"<p>Incorpore un puerto paralelo y dos puertos serie RS-232 a su ordenador a trav&eacute;s de una ranura PCI Express. La tarjeta PCI Express APPPCIE21P2S le permite convertir una ranura PCI Express en dos puertos serie RS232 (DB9) y un puerto paralelo (DB25). La tarjeta incorpora el procesador WCH382L que permite aprovechar todo el potencial de&hellip;&nbsp;<a href=\"https:\/\/aivlisoft.net\/shop\/producto\/approx-pcie1p2s-tarjeta-2-serie-1-paralelo-pci-e\/\" rel=\"bookmark\"><span class=\"screen-reader-text\">approx! PCIE1P2S tarjeta 2 Serie\/1 Paralelo PCI-E<\/span><\/a><\/p>\n","protected":false},"featured_media":15054,"template":"","meta":{"neve_meta_sidebar":"","neve_meta_container":"","neve_meta_enable_content_width":"","neve_meta_content_width":0,"neve_meta_title_alignment":"","neve_meta_author_avatar":"","neve_post_elements_order":"","neve_meta_disable_header":"","neve_meta_disable_footer":"","neve_meta_disable_title":""},"product_brand":[],"product_cat":[8753],"product_tag":[5742],"class_list":{"0":"post-15053","1":"product","2":"type-product","3":"status-publish","4":"has-post-thumbnail","6":"product_cat-tarjetas-controladoras","7":"product_tag-apppcie1p2s","9":"first","10":"instock","11":"taxable","12":"shipping-taxable","13":"purchasable","14":"product-type-simple"},"yoast_head":"<!-- This site is optimized with the Yoast SEO plugin v26.0 - https:\/\/yoast.com\/wordpress\/plugins\/seo\/ -->\n<title>approx! PCIE1P2S tarjeta 2 Serie\/1 Paralelo PCI-E - Aivlisoft Inform\u00e1tica<\/title>\n<meta name=\"robots\" content=\"index, follow, max-snippet:-1, max-image-preview:large, max-video-preview:-1\" \/>\n<link rel=\"canonical\" href=\"https:\/\/aivlisoft.net\/shop\/producto\/approx-pcie1p2s-tarjeta-2-serie-1-paralelo-pci-e\/\" \/>\n<meta property=\"og:locale\" content=\"es_ES\" \/>\n<meta property=\"og:type\" content=\"article\" \/>\n<meta property=\"og:title\" content=\"approx! PCIE1P2S tarjeta 2 Serie\/1 Paralelo PCI-E - Aivlisoft Inform\u00e1tica\" \/>\n<meta property=\"og:description\" content=\"Incorpore un puerto paralelo y dos puertos serie RS-232 a su ordenador a trav&eacute;s de una ranura PCI Express. La tarjeta PCI Express APPPCIE21P2S le permite convertir una ranura PCI Express en dos puertos serie RS232 (DB9) y un puerto paralelo (DB25). La tarjeta incorpora el procesador WCH382L que permite aprovechar todo el potencial de&hellip;&nbsp;approx! PCIE1P2S tarjeta 2 Serie\/1 Paralelo PCI-E\" \/>\n<meta property=\"og:url\" content=\"https:\/\/aivlisoft.net\/shop\/producto\/approx-pcie1p2s-tarjeta-2-serie-1-paralelo-pci-e\/\" \/>\n<meta property=\"og:site_name\" content=\"Aivlisoft Inform\u00e1tica\" \/>\n<meta property=\"article:modified_time\" content=\"2025-01-14T11:20:07+00:00\" \/>\n<meta property=\"og:image\" content=\"https:\/\/aivlisoft.net\/shop\/wp-content\/uploads\/2025\/01\/ITCCID0057_800.jpg\" \/>\n\t<meta property=\"og:image:width\" content=\"800\" \/>\n\t<meta property=\"og:image:height\" content=\"800\" \/>\n\t<meta property=\"og:image:type\" content=\"image\/jpeg\" \/>\n<meta name=\"twitter:card\" content=\"summary_large_image\" \/>\n<meta name=\"twitter:label1\" content=\"Tiempo de lectura\" \/>\n\t<meta name=\"twitter:data1\" content=\"1 minuto\" \/>\n<script type=\"application\/ld+json\" class=\"yoast-schema-graph\">{\"@context\":\"https:\/\/schema.org\",\"@graph\":[{\"@type\":\"WebPage\",\"@id\":\"https:\/\/aivlisoft.net\/shop\/producto\/approx-pcie1p2s-tarjeta-2-serie-1-paralelo-pci-e\/\",\"url\":\"https:\/\/aivlisoft.net\/shop\/producto\/approx-pcie1p2s-tarjeta-2-serie-1-paralelo-pci-e\/\",\"name\":\"approx! PCIE1P2S tarjeta 2 Serie\/1 Paralelo PCI-E - Aivlisoft Inform\u00e1tica\",\"isPartOf\":{\"@id\":\"https:\/\/aivlisoft.net\/shop\/#website\"},\"primaryImageOfPage\":{\"@id\":\"https:\/\/aivlisoft.net\/shop\/producto\/approx-pcie1p2s-tarjeta-2-serie-1-paralelo-pci-e\/#primaryimage\"},\"image\":{\"@id\":\"https:\/\/aivlisoft.net\/shop\/producto\/approx-pcie1p2s-tarjeta-2-serie-1-paralelo-pci-e\/#primaryimage\"},\"thumbnailUrl\":\"https:\/\/aivlisoft.net\/shop\/wp-content\/uploads\/2025\/01\/ITCCID0057_800.jpg\",\"datePublished\":\"2025-01-13T14:49:45+00:00\",\"dateModified\":\"2025-01-14T11:20:07+00:00\",\"breadcrumb\":{\"@id\":\"https:\/\/aivlisoft.net\/shop\/producto\/approx-pcie1p2s-tarjeta-2-serie-1-paralelo-pci-e\/#breadcrumb\"},\"inLanguage\":\"es\",\"potentialAction\":[{\"@type\":\"ReadAction\",\"target\":[\"https:\/\/aivlisoft.net\/shop\/producto\/approx-pcie1p2s-tarjeta-2-serie-1-paralelo-pci-e\/\"]}]},{\"@type\":\"ImageObject\",\"inLanguage\":\"es\",\"@id\":\"https:\/\/aivlisoft.net\/shop\/producto\/approx-pcie1p2s-tarjeta-2-serie-1-paralelo-pci-e\/#primaryimage\",\"url\":\"https:\/\/aivlisoft.net\/shop\/wp-content\/uploads\/2025\/01\/ITCCID0057_800.jpg\",\"contentUrl\":\"https:\/\/aivlisoft.net\/shop\/wp-content\/uploads\/2025\/01\/ITCCID0057_800.jpg\",\"width\":800,\"height\":800},{\"@type\":\"BreadcrumbList\",\"@id\":\"https:\/\/aivlisoft.net\/shop\/producto\/approx-pcie1p2s-tarjeta-2-serie-1-paralelo-pci-e\/#breadcrumb\",\"itemListElement\":[{\"@type\":\"ListItem\",\"position\":1,\"name\":\"Portada\",\"item\":\"https:\/\/aivlisoft.net\/shop\/\"},{\"@type\":\"ListItem\",\"position\":2,\"name\":\"Tienda\",\"item\":\"https:\/\/aivlisoft.net\/shop\/tienda\/\"},{\"@type\":\"ListItem\",\"position\":3,\"name\":\"approx! PCIE1P2S tarjeta 2 Serie\/1 Paralelo PCI-E\"}]},{\"@type\":\"WebSite\",\"@id\":\"https:\/\/aivlisoft.net\/shop\/#website\",\"url\":\"https:\/\/aivlisoft.net\/shop\/\",\"name\":\"Aivlisoft Inform\u00e1tica\",\"description\":\"En Aivlisoft Inform\u00e1tica ofrecemos soluciones tecnol\u00f3gicas para empresas: venta de ordenadores, consumibles, perif\u00e9ricos y m\u00e1s. Calidad, atenci\u00f3n personalizada y los mejores precios para tu negocio.\",\"publisher\":{\"@id\":\"https:\/\/aivlisoft.net\/shop\/#organization\"},\"potentialAction\":[{\"@type\":\"SearchAction\",\"target\":{\"@type\":\"EntryPoint\",\"urlTemplate\":\"https:\/\/aivlisoft.net\/shop\/?s={search_term_string}\"},\"query-input\":{\"@type\":\"PropertyValueSpecification\",\"valueRequired\":true,\"valueName\":\"search_term_string\"}}],\"inLanguage\":\"es\"},{\"@type\":\"Organization\",\"@id\":\"https:\/\/aivlisoft.net\/shop\/#organization\",\"name\":\"Aivlisoft Inform\u00e1tica\",\"url\":\"https:\/\/aivlisoft.net\/shop\/\",\"logo\":{\"@type\":\"ImageObject\",\"inLanguage\":\"es\",\"@id\":\"https:\/\/aivlisoft.net\/shop\/#\/schema\/logo\/image\/\",\"url\":\"https:\/\/aivlisoft.net\/shop\/wp-content\/uploads\/2024\/12\/removal.ai_5b848c54-0cdf-4140-95c5-c5536bb7573b-logodef.png\",\"contentUrl\":\"https:\/\/aivlisoft.net\/shop\/wp-content\/uploads\/2024\/12\/removal.ai_5b848c54-0cdf-4140-95c5-c5536bb7573b-logodef.png\",\"width\":484,\"height\":182,\"caption\":\"Aivlisoft Inform\u00e1tica\"},\"image\":{\"@id\":\"https:\/\/aivlisoft.net\/shop\/#\/schema\/logo\/image\/\"}}]}<\/script>\n<!-- \/ Yoast SEO plugin. -->","yoast_head_json":{"title":"approx! PCIE1P2S tarjeta 2 Serie\/1 Paralelo PCI-E - Aivlisoft Inform\u00e1tica","robots":{"index":"index","follow":"follow","max-snippet":"max-snippet:-1","max-image-preview":"max-image-preview:large","max-video-preview":"max-video-preview:-1"},"canonical":"https:\/\/aivlisoft.net\/shop\/producto\/approx-pcie1p2s-tarjeta-2-serie-1-paralelo-pci-e\/","og_locale":"es_ES","og_type":"article","og_title":"approx! PCIE1P2S tarjeta 2 Serie\/1 Paralelo PCI-E - Aivlisoft Inform\u00e1tica","og_description":"Incorpore un puerto paralelo y dos puertos serie RS-232 a su ordenador a trav&eacute;s de una ranura PCI Express. La tarjeta PCI Express APPPCIE21P2S le permite convertir una ranura PCI Express en dos puertos serie RS232 (DB9) y un puerto paralelo (DB25). La tarjeta incorpora el procesador WCH382L que permite aprovechar todo el potencial de&hellip;&nbsp;approx! PCIE1P2S tarjeta 2 Serie\/1 Paralelo PCI-E","og_url":"https:\/\/aivlisoft.net\/shop\/producto\/approx-pcie1p2s-tarjeta-2-serie-1-paralelo-pci-e\/","og_site_name":"Aivlisoft Inform\u00e1tica","article_modified_time":"2025-01-14T11:20:07+00:00","og_image":[{"width":800,"height":800,"url":"https:\/\/aivlisoft.net\/shop\/wp-content\/uploads\/2025\/01\/ITCCID0057_800.jpg","type":"image\/jpeg"}],"twitter_card":"summary_large_image","twitter_misc":{"Tiempo de lectura":"1 minuto"},"schema":{"@context":"https:\/\/schema.org","@graph":[{"@type":"WebPage","@id":"https:\/\/aivlisoft.net\/shop\/producto\/approx-pcie1p2s-tarjeta-2-serie-1-paralelo-pci-e\/","url":"https:\/\/aivlisoft.net\/shop\/producto\/approx-pcie1p2s-tarjeta-2-serie-1-paralelo-pci-e\/","name":"approx! PCIE1P2S tarjeta 2 Serie\/1 Paralelo PCI-E - Aivlisoft Inform\u00e1tica","isPartOf":{"@id":"https:\/\/aivlisoft.net\/shop\/#website"},"primaryImageOfPage":{"@id":"https:\/\/aivlisoft.net\/shop\/producto\/approx-pcie1p2s-tarjeta-2-serie-1-paralelo-pci-e\/#primaryimage"},"image":{"@id":"https:\/\/aivlisoft.net\/shop\/producto\/approx-pcie1p2s-tarjeta-2-serie-1-paralelo-pci-e\/#primaryimage"},"thumbnailUrl":"https:\/\/aivlisoft.net\/shop\/wp-content\/uploads\/2025\/01\/ITCCID0057_800.jpg","datePublished":"2025-01-13T14:49:45+00:00","dateModified":"2025-01-14T11:20:07+00:00","breadcrumb":{"@id":"https:\/\/aivlisoft.net\/shop\/producto\/approx-pcie1p2s-tarjeta-2-serie-1-paralelo-pci-e\/#breadcrumb"},"inLanguage":"es","potentialAction":[{"@type":"ReadAction","target":["https:\/\/aivlisoft.net\/shop\/producto\/approx-pcie1p2s-tarjeta-2-serie-1-paralelo-pci-e\/"]}]},{"@type":"ImageObject","inLanguage":"es","@id":"https:\/\/aivlisoft.net\/shop\/producto\/approx-pcie1p2s-tarjeta-2-serie-1-paralelo-pci-e\/#primaryimage","url":"https:\/\/aivlisoft.net\/shop\/wp-content\/uploads\/2025\/01\/ITCCID0057_800.jpg","contentUrl":"https:\/\/aivlisoft.net\/shop\/wp-content\/uploads\/2025\/01\/ITCCID0057_800.jpg","width":800,"height":800},{"@type":"BreadcrumbList","@id":"https:\/\/aivlisoft.net\/shop\/producto\/approx-pcie1p2s-tarjeta-2-serie-1-paralelo-pci-e\/#breadcrumb","itemListElement":[{"@type":"ListItem","position":1,"name":"Portada","item":"https:\/\/aivlisoft.net\/shop\/"},{"@type":"ListItem","position":2,"name":"Tienda","item":"https:\/\/aivlisoft.net\/shop\/tienda\/"},{"@type":"ListItem","position":3,"name":"approx! PCIE1P2S tarjeta 2 Serie\/1 Paralelo PCI-E"}]},{"@type":"WebSite","@id":"https:\/\/aivlisoft.net\/shop\/#website","url":"https:\/\/aivlisoft.net\/shop\/","name":"Aivlisoft Inform\u00e1tica","description":"En Aivlisoft Inform\u00e1tica ofrecemos soluciones tecnol\u00f3gicas para empresas: venta de ordenadores, consumibles, perif\u00e9ricos y m\u00e1s. Calidad, atenci\u00f3n personalizada y los mejores precios para tu negocio.","publisher":{"@id":"https:\/\/aivlisoft.net\/shop\/#organization"},"potentialAction":[{"@type":"SearchAction","target":{"@type":"EntryPoint","urlTemplate":"https:\/\/aivlisoft.net\/shop\/?s={search_term_string}"},"query-input":{"@type":"PropertyValueSpecification","valueRequired":true,"valueName":"search_term_string"}}],"inLanguage":"es"},{"@type":"Organization","@id":"https:\/\/aivlisoft.net\/shop\/#organization","name":"Aivlisoft Inform\u00e1tica","url":"https:\/\/aivlisoft.net\/shop\/","logo":{"@type":"ImageObject","inLanguage":"es","@id":"https:\/\/aivlisoft.net\/shop\/#\/schema\/logo\/image\/","url":"https:\/\/aivlisoft.net\/shop\/wp-content\/uploads\/2024\/12\/removal.ai_5b848c54-0cdf-4140-95c5-c5536bb7573b-logodef.png","contentUrl":"https:\/\/aivlisoft.net\/shop\/wp-content\/uploads\/2024\/12\/removal.ai_5b848c54-0cdf-4140-95c5-c5536bb7573b-logodef.png","width":484,"height":182,"caption":"Aivlisoft Inform\u00e1tica"},"image":{"@id":"https:\/\/aivlisoft.net\/shop\/#\/schema\/logo\/image\/"}}]}},"_links":{"self":[{"href":"https:\/\/aivlisoft.net\/shop\/wp-json\/wp\/v2\/product\/15053","targetHints":{"allow":["GET"]}}],"collection":[{"href":"https:\/\/aivlisoft.net\/shop\/wp-json\/wp\/v2\/product"}],"about":[{"href":"https:\/\/aivlisoft.net\/shop\/wp-json\/wp\/v2\/types\/product"}],"wp:featuredmedia":[{"embeddable":true,"href":"https:\/\/aivlisoft.net\/shop\/wp-json\/wp\/v2\/media\/15054"}],"wp:attachment":[{"href":"https:\/\/aivlisoft.net\/shop\/wp-json\/wp\/v2\/media?parent=15053"}],"wp:term":[{"taxonomy":"product_brand","embeddable":true,"href":"https:\/\/aivlisoft.net\/shop\/wp-json\/wp\/v2\/product_brand?post=15053"},{"taxonomy":"product_cat","embeddable":true,"href":"https:\/\/aivlisoft.net\/shop\/wp-json\/wp\/v2\/product_cat?post=15053"},{"taxonomy":"product_tag","embeddable":true,"href":"https:\/\/aivlisoft.net\/shop\/wp-json\/wp\/v2\/product_tag?post=15053"}],"curies":[{"name":"wp","href":"https:\/\/api.w.org\/{rel}","templated":true}]}}