{"id":15039,"date":"2025-01-13T14:49:34","date_gmt":"2025-01-13T14:49:34","guid":{"rendered":"https:\/\/aivlisoft.com\/?post_type=product&#038;p=15039"},"modified":"2025-01-14T11:20:00","modified_gmt":"2025-01-14T11:20:00","slug":"gigabyte-placa-base-z890m-gaming-x-matx-1851","status":"publish","type":"product","link":"https:\/\/aivlisoft.net\/shop\/producto\/gigabyte-placa-base-z890m-gaming-x-matx-1851\/","title":{"rendered":"Gigabyte Placa Base Z890M GAMING X mATX 1851"},"content":{"rendered":"<p><\/p>\n<table class=\"tabla_caracteristicas k-table\" width=\"100%\">\n<tr>\n<td valign=\"top\"><strong>Marca<\/strong><\/td>\n<td>Gigabyte<\/td>\n<\/tr>\n<tr>\n<td valign=\"top\"><strong>Modelo<\/strong><\/td>\n<td><strong>Z890M GAMING X<\/strong><\/td>\n<\/tr>\n<tr>\n<td valign=\"top\"><strong>Plataforma<\/strong><\/td>\n<td>&#8211;&nbsp;Micro ATX (&nbsp;24,4 x 24,4 cm )<\/td>\n<\/tr>\n<tr>\n<td valign=\"top\"><strong>Chipset<\/strong><\/td>\n<td>&#8211; Intel Z890<\/td>\n<\/tr>\n<tr>\n<td valign=\"top\">\n<div><strong>CPU <\/strong><strong>Soportados<\/strong><\/div>\n<\/td>\n<td>&#8211; Z&oacute;calo LGA1851: Compatibilidad con procesadores Intel Core Ultra<br \/>\t\t\t&#8211; La cach&eacute; L3 var&iacute;a seg&uacute;n la CPU<br \/>\t\t\t* Consulte la \u00abLista de soporte de CPU\u00bb para obtener m&aacute;s informaci&oacute;n.<\/td>\n<\/tr>\n<tr>\n<td valign=\"top\"><strong>Memoria<\/strong><\/td>\n<td>&#8211; Soporte para DDR5&nbsp;8800(O.C) \/ 8600(O.C) \/ 8400(O.C) \/8266(O.C) \/ 8200(O.C) \/ 8000(O.C) \/ 7950(O.C) \/ 7900(O.C) \/ 7800(O.C) \/ 7600(O.C.) \/ 7400(O.C.) \/ 7200(O.C.) \/ 7000(O.C.) \/ 6800(O.C.) \/ 6600(O.C.) \/ 6400 \/ 6200 \/ 6000 \/ 5800 \/ 5600MT\/s m&oacute;dulos de memoria.<br \/>\t\t\t&#8211; 4 x z&oacute;calos DIMM DDR5 que admiten hasta 256 GB (64 GB de capacidad DIMM &uacute;nica) de memoria del sistema<br \/>\t\t\t&#8211; Arquitectura de memoria de doble canal<br \/>\t\t\t&#8211; Compatibilidad con m&oacute;dulos de memoria DIMM 1Rx8\/2Rx8 sin b&uacute;fer ECC (funcionan en modo no ECC)<br \/>\t\t\t&#8211; Compatibilidad con m&oacute;dulos de memoria DIMM 1Rx8\/2Rx8\/1Rx16 sin b&uacute;fer y sin ECC<br \/>\t\t\t&#8211; Soporte para m&oacute;dulos de memoria Extreme Memory Profile (XMP)<br \/>\t\t\t&#8211; (La configuraci&oacute;n de la CPU y la memoria puede afectar los tipos de memoria admitidos, la velocidad de datos (velocidad) y la cantidad de m&oacute;dulos DRAM; consulte la \u00abLista de compatibilidad de memoria\u00bb para obtener m&aacute;s informaci&oacute;n).<\/td>\n<\/tr>\n<tr>\n<td valign=\"top\">\n<div><strong>Slots Expansi&oacute;n<\/strong><\/div>\n<\/td>\n<td><strong>CPU:<\/strong><br \/>\t\t\t&#8211; 1 x ranura PCI Express x16, compatible con PCIe 5.0 y funcionando en x16 (PCIEX16)<br \/>\t\t\t* La ranura PCIEX16 solo admite una tarjeta gr&aacute;fica o un SSD NVMe. Si solo se va a instalar una tarjeta gr&aacute;fica, aseg&uacute;rese de instalarla en la ranura PCIEX16.<br \/>\t\t\t<strong>Chipset:<\/strong><br \/>\t\t\t&#8211; 2 x ranuras PCI Express x16, compatibles con PCIe 4.0 y funcionando a x4 (PCIEX4_1\/2)<\/td>\n<\/tr>\n<tr>\n<td valign=\"top\"><strong>Gr&aacute;ficos<\/strong><\/td>\n<td>&#8211; Procesador de gr&aacute;ficos integrado: compatibilidad con gr&aacute;ficos Intel HD:<br \/>\t\t\t&nbsp; 1 x puerto HDMI, compatible con una resoluci&oacute;n m&aacute;xima de 4096&#215;2160@60 Hz<br \/>\t\t\t* Compatibilidad con la versi&oacute;n HDMI 2.1 y HDCP 2.3.<br \/>\t\t\t** Compatibilidad con puertos nativos compatibles con HDMI 2.1 TMDS.<br \/>\t\t\t&nbsp; 2 x DisplayPorts, que admiten una resoluci&oacute;n m&aacute;xima de 4096&#215;2304@60 Hz<br \/>\t\t\t* Soporte para la versi&oacute;n DisplayPort 2.1.<br \/>\t\t\t(Las especificaciones gr&aacute;ficas pueden variar seg&uacute;n la compatibilidad de la CPU).<br \/>\t\t\t&#8211; Soporte para hasta tres pantallas al mismo tiempo<\/td>\n<\/tr>\n<tr>\n<td valign=\"top\">\n<div><strong>Puertos E\/S, <\/strong><\/div>\n<div><strong>Conectores<\/strong><\/div>\n<div>&nbsp;<\/div>\n<\/td>\n<td>\n<div>\n<div><strong>Conectores Internos E\/S <\/strong><\/div>\n<\/p><\/div>\n<p>\t\t\t&#8211; 1 x conector de alimentaci&oacute;n principal ATX de 24 pines<br \/>\t\t\t&#8211; 1 x conector de alimentaci&oacute;n ATX de 12 V de 8 pines<br \/>\t\t\t&#8211; 1 x cabezal del ventilador de la CPU<br \/>\t\t\t&#8211; 1 x cabezal de ventilador de CPU\/bomba de refrigeraci&oacute;n por agua<br \/>\t\t\t&#8211; 1 x cabezal del ventilador del sistema<br \/>\t\t\t&#8211; 1 x ventilador del sistema\/cabezal de bomba de refrigeraci&oacute;n por agua<br \/>\t\t\t&#8211; 2 x cabezales de tira LED RGB Gen2 direccionables<br \/>\t\t\t&#8211; 1 x cabezal de tira LED RGB<br \/>\t\t\t&#8211; 3 x conectores M.2 hembra 3<br \/>\t\t\t&#8211; 4 x conectores SATA de 6 Gb\/s<br \/>\t\t\t&#8211; 1 x cabezal del panel frontal<br \/>\t\t\t&#8211; 1 x cabezal de audio del panel frontal<br \/>\t\t\t&#8211; 1 x conector USB Type-C, compatible con USB 3.2 Gen 1<br \/>\t\t\t&#8211; 1 x conector USB 3.2 Gen 1<br \/>\t\t\t&#8211; 2 x cabezales USB 2.0\/1.1<br \/>\t\t\t&#8211; 2 x conectores de tarjeta adicional Thunderbolt<br \/>\t\t\t&#8211; 1 x cabezal del m&oacute;dulo de plataforma segura (solo para el m&oacute;dulo GC-TPM2.0 SPI\/GC-TPM2.0 SPI 2.0\/GC-TPM2.0 SPI V2)<br \/>\t\t\t&#8211; 1 x cabezal de puerto serie<br \/>\t\t\t&#8211; 1 x puente CMOS transparente\t\t\t<\/p>\n<div>\n<div><strong>Panel E\/S Trasero<\/strong><\/div>\n<\/p><\/div>\n<p>\t\t\t&#8211; 1 x puerto de teclado\/rat&oacute;n PS\/2<br \/>\t\t\t&#8211; 3 x puertos USB 3.2 Gen 1<br \/>\t\t\t&#8211; 2 x puertos USB 2.0\/1.1<br \/>\t\t\t&#8211; 1 x puerto HDMI (Nota)<br \/>\t\t\t&#8211; 2 x DisplayPort (Nota)<br \/>\t\t\t&#8211; 1 x puerto RJ-45<br \/>\t\t\t&#8211; 3 x conectores de audio<br \/>\t\t\t* El soporte real puede variar seg&uacute;n la CPU<\/td>\n<\/tr>\n<tr>\n<td valign=\"top\">\n<div><strong>Otras <\/strong><\/div>\n<div><strong>Caracter&iacute;sticas<\/strong><\/div>\n<\/td>\n<td><strong>Audio<\/strong><br \/>\t\t\t&#8211; C&Oacute;DEC de audio Realtek<br \/>\t\t\t&#8211; Audio de alta definici&oacute;n<br \/>\t\t\t&#8211; 2\/4\/5.1\/7.1 canales<br \/>\t\t\t* Puede cambiar la funcionalidad de un conector de audio utilizando el software de audio. Para configurar el audio de 7.1 canales, acceda al software de audio para la configuraci&oacute;n de audio<br \/>\t\t\t<strong>LAN<\/strong><br \/>\t\t\t&#8211; Chip LAN Realtek de 2,5 GbE (2,5 Gbps\/1 Gbps\/100 Mbps)<br \/>\t\t\t<strong>Almacenamiento<\/strong><br \/>\t\t\t&#8211; CPU:<br \/>\t\t\t&nbsp; 1 x conector M.2 (Socket 3, clave M, soporte para SSD tipo 2580\/2280 PCIe 5.0 x4\/x2) (M2A_CPU)<br \/>\t\t\t&#8211; Chipset:<br \/>\t\t\t&nbsp; 1 x conector M.2 (Socket 3, clave M, soporte SSD tipo 2280 PCIe 4.0 x4\/x2)(M2Q_SB)<br \/>\t\t\t&nbsp; 1 x conector M.2 (Socket 3, clave M, tipo 25110\/22110\/2580\/2280 PCIe 4.0&#215;4\/x2 compatible con SSD) (M2N_SB)<br \/>\t\t\t&nbsp; 4 conectores SATA de 6 Gb\/s<br \/>\t\t\t&#8211; Compatibilidad con RAID 0, RAID 1, RAID 5 y RAID 10 para dispositivos de almacenamiento SSD NVMe<br \/>\t\t\t&#8211; Compatibilidad con RAID 0, RAID 1, RAID 5 y RAID 10 para dispositivos de almacenamiento SATA<br \/>\t\t\t<strong>USB<\/strong><br \/>\t\t\t&#8211; CPU:<br \/>\t\t\t&nbsp; 1 x puerto USB Type-C con soporte USB 3.2 Gen 1, disponible a trav&eacute;s del encabezado USB interno<br \/>\t\t\t&nbsp; 5 x puertos USB 3.2 Gen 1 (3 puertos en el panel posterior, 2 puertos disponibles a trav&eacute;s del encabezado USB interno)<br \/>\t\t\t&nbsp; 2 x puertos USB 2.0\/1.1 en el panel posterior<br \/>\t\t\t&#8211; Chipset:<br \/>\t\t\t&nbsp; 4 x puertos USB 2.0\/1.1 disponibles a trav&eacute;s de los cabezales USB internos<br \/>\t\t\t<strong>Sistema Operativo<\/strong><br \/>\t\t\t&#8211; Soporte para Windows 11 64-bit<br \/>\t\t\t&#8211; Support for Windows 10 64-bit<\/td>\n<\/tr>\n<tr>\n<td valign=\"top\"><strong>Fecha Revisi&oacute;n<\/strong><\/td>\n<td>16-10-2024 por RTY<\/td>\n<\/tr>\n<\/table>\n","protected":false},"excerpt":{"rendered":"<p>Marca Gigabyte Modelo Z890M GAMING X Plataforma &#8211;&nbsp;Micro ATX (&nbsp;24,4 x 24,4 cm ) Chipset &#8211; Intel Z890 CPU Soportados &#8211; Z&oacute;calo LGA1851: Compatibilidad con procesadores Intel Core Ultra &#8211; La cach&eacute; L3 var&iacute;a seg&uacute;n la CPU * Consulte la \u00abLista de soporte de CPU\u00bb para obtener m&aacute;s informaci&oacute;n. Memoria &#8211; Soporte para DDR5&nbsp;8800(O.C) \/&hellip;&nbsp;<a href=\"https:\/\/aivlisoft.net\/shop\/producto\/gigabyte-placa-base-z890m-gaming-x-matx-1851\/\" rel=\"bookmark\"><span class=\"screen-reader-text\">Gigabyte Placa Base Z890M GAMING X mATX 1851<\/span><\/a><\/p>\n","protected":false},"featured_media":0,"template":"","meta":{"neve_meta_sidebar":"","neve_meta_container":"","neve_meta_enable_content_width":"","neve_meta_content_width":0,"neve_meta_title_alignment":"","neve_meta_author_avatar":"","neve_post_elements_order":"","neve_meta_disable_header":"","neve_meta_disable_footer":"","neve_meta_disable_title":""},"product_brand":[],"product_cat":[8751],"product_tag":[5734],"class_list":{"0":"post-15039","1":"product","2":"type-product","3":"status-publish","5":"product_cat-intel-socket-1851","6":"product_tag-z890m-gaming-x","8":"first","9":"instock","10":"taxable","11":"shipping-taxable","12":"purchasable","13":"product-type-simple"},"yoast_head":"<!-- This site is optimized with the Yoast SEO plugin v26.0 - https:\/\/yoast.com\/wordpress\/plugins\/seo\/ -->\n<title>Gigabyte Placa Base Z890M GAMING X mATX 1851 - Aivlisoft Inform\u00e1tica<\/title>\n<meta name=\"robots\" content=\"index, follow, max-snippet:-1, max-image-preview:large, max-video-preview:-1\" \/>\n<link rel=\"canonical\" href=\"https:\/\/aivlisoft.net\/shop\/producto\/gigabyte-placa-base-z890m-gaming-x-matx-1851\/\" \/>\n<meta property=\"og:locale\" content=\"es_ES\" \/>\n<meta property=\"og:type\" content=\"article\" \/>\n<meta property=\"og:title\" content=\"Gigabyte Placa Base Z890M GAMING X mATX 1851 - Aivlisoft Inform\u00e1tica\" \/>\n<meta property=\"og:description\" content=\"Marca Gigabyte Modelo Z890M GAMING X Plataforma &#8211;&nbsp;Micro ATX (&nbsp;24,4 x 24,4 cm ) Chipset &#8211; Intel Z890 CPU Soportados &#8211; Z&oacute;calo LGA1851: Compatibilidad con procesadores Intel Core Ultra &#8211; La cach&eacute; L3 var&iacute;a seg&uacute;n la CPU * Consulte la \u00abLista de soporte de CPU\u00bb para obtener m&aacute;s informaci&oacute;n. Memoria &#8211; Soporte para DDR5&nbsp;8800(O.C) \/&hellip;&nbsp;Gigabyte Placa Base Z890M GAMING X mATX 1851\" \/>\n<meta property=\"og:url\" content=\"https:\/\/aivlisoft.net\/shop\/producto\/gigabyte-placa-base-z890m-gaming-x-matx-1851\/\" \/>\n<meta property=\"og:site_name\" content=\"Aivlisoft Inform\u00e1tica\" \/>\n<meta property=\"article:modified_time\" content=\"2025-01-14T11:20:00+00:00\" \/>\n<meta name=\"twitter:card\" content=\"summary_large_image\" \/>\n<meta name=\"twitter:label1\" content=\"Tiempo de lectura\" \/>\n\t<meta name=\"twitter:data1\" content=\"4 minutos\" \/>\n<script type=\"application\/ld+json\" class=\"yoast-schema-graph\">{\"@context\":\"https:\/\/schema.org\",\"@graph\":[{\"@type\":\"WebPage\",\"@id\":\"https:\/\/aivlisoft.net\/shop\/producto\/gigabyte-placa-base-z890m-gaming-x-matx-1851\/\",\"url\":\"https:\/\/aivlisoft.net\/shop\/producto\/gigabyte-placa-base-z890m-gaming-x-matx-1851\/\",\"name\":\"Gigabyte Placa Base Z890M GAMING X mATX 1851 - Aivlisoft Inform\u00e1tica\",\"isPartOf\":{\"@id\":\"https:\/\/aivlisoft.net\/shop\/#website\"},\"datePublished\":\"2025-01-13T14:49:34+00:00\",\"dateModified\":\"2025-01-14T11:20:00+00:00\",\"breadcrumb\":{\"@id\":\"https:\/\/aivlisoft.net\/shop\/producto\/gigabyte-placa-base-z890m-gaming-x-matx-1851\/#breadcrumb\"},\"inLanguage\":\"es\",\"potentialAction\":[{\"@type\":\"ReadAction\",\"target\":[\"https:\/\/aivlisoft.net\/shop\/producto\/gigabyte-placa-base-z890m-gaming-x-matx-1851\/\"]}]},{\"@type\":\"BreadcrumbList\",\"@id\":\"https:\/\/aivlisoft.net\/shop\/producto\/gigabyte-placa-base-z890m-gaming-x-matx-1851\/#breadcrumb\",\"itemListElement\":[{\"@type\":\"ListItem\",\"position\":1,\"name\":\"Portada\",\"item\":\"https:\/\/aivlisoft.net\/shop\/\"},{\"@type\":\"ListItem\",\"position\":2,\"name\":\"Tienda\",\"item\":\"https:\/\/aivlisoft.net\/shop\/tienda\/\"},{\"@type\":\"ListItem\",\"position\":3,\"name\":\"Gigabyte Placa Base Z890M GAMING X mATX 1851\"}]},{\"@type\":\"WebSite\",\"@id\":\"https:\/\/aivlisoft.net\/shop\/#website\",\"url\":\"https:\/\/aivlisoft.net\/shop\/\",\"name\":\"Aivlisoft Inform\u00e1tica\",\"description\":\"En Aivlisoft Inform\u00e1tica ofrecemos soluciones tecnol\u00f3gicas para empresas: venta de ordenadores, consumibles, perif\u00e9ricos y m\u00e1s. Calidad, atenci\u00f3n personalizada y los mejores precios para tu negocio.\",\"publisher\":{\"@id\":\"https:\/\/aivlisoft.net\/shop\/#organization\"},\"potentialAction\":[{\"@type\":\"SearchAction\",\"target\":{\"@type\":\"EntryPoint\",\"urlTemplate\":\"https:\/\/aivlisoft.net\/shop\/?s={search_term_string}\"},\"query-input\":{\"@type\":\"PropertyValueSpecification\",\"valueRequired\":true,\"valueName\":\"search_term_string\"}}],\"inLanguage\":\"es\"},{\"@type\":\"Organization\",\"@id\":\"https:\/\/aivlisoft.net\/shop\/#organization\",\"name\":\"Aivlisoft Inform\u00e1tica\",\"url\":\"https:\/\/aivlisoft.net\/shop\/\",\"logo\":{\"@type\":\"ImageObject\",\"inLanguage\":\"es\",\"@id\":\"https:\/\/aivlisoft.net\/shop\/#\/schema\/logo\/image\/\",\"url\":\"https:\/\/aivlisoft.net\/shop\/wp-content\/uploads\/2024\/12\/removal.ai_5b848c54-0cdf-4140-95c5-c5536bb7573b-logodef.png\",\"contentUrl\":\"https:\/\/aivlisoft.net\/shop\/wp-content\/uploads\/2024\/12\/removal.ai_5b848c54-0cdf-4140-95c5-c5536bb7573b-logodef.png\",\"width\":484,\"height\":182,\"caption\":\"Aivlisoft Inform\u00e1tica\"},\"image\":{\"@id\":\"https:\/\/aivlisoft.net\/shop\/#\/schema\/logo\/image\/\"}}]}<\/script>\n<!-- \/ Yoast SEO plugin. -->","yoast_head_json":{"title":"Gigabyte Placa Base Z890M GAMING X mATX 1851 - Aivlisoft Inform\u00e1tica","robots":{"index":"index","follow":"follow","max-snippet":"max-snippet:-1","max-image-preview":"max-image-preview:large","max-video-preview":"max-video-preview:-1"},"canonical":"https:\/\/aivlisoft.net\/shop\/producto\/gigabyte-placa-base-z890m-gaming-x-matx-1851\/","og_locale":"es_ES","og_type":"article","og_title":"Gigabyte Placa Base Z890M GAMING X mATX 1851 - Aivlisoft Inform\u00e1tica","og_description":"Marca Gigabyte Modelo Z890M GAMING X Plataforma &#8211;&nbsp;Micro ATX (&nbsp;24,4 x 24,4 cm ) Chipset &#8211; Intel Z890 CPU Soportados &#8211; Z&oacute;calo LGA1851: Compatibilidad con procesadores Intel Core Ultra &#8211; La cach&eacute; L3 var&iacute;a seg&uacute;n la CPU * Consulte la \u00abLista de soporte de CPU\u00bb para obtener m&aacute;s informaci&oacute;n. Memoria &#8211; Soporte para DDR5&nbsp;8800(O.C) \/&hellip;&nbsp;Gigabyte Placa Base Z890M GAMING X mATX 1851","og_url":"https:\/\/aivlisoft.net\/shop\/producto\/gigabyte-placa-base-z890m-gaming-x-matx-1851\/","og_site_name":"Aivlisoft Inform\u00e1tica","article_modified_time":"2025-01-14T11:20:00+00:00","twitter_card":"summary_large_image","twitter_misc":{"Tiempo de lectura":"4 minutos"},"schema":{"@context":"https:\/\/schema.org","@graph":[{"@type":"WebPage","@id":"https:\/\/aivlisoft.net\/shop\/producto\/gigabyte-placa-base-z890m-gaming-x-matx-1851\/","url":"https:\/\/aivlisoft.net\/shop\/producto\/gigabyte-placa-base-z890m-gaming-x-matx-1851\/","name":"Gigabyte Placa Base Z890M GAMING X mATX 1851 - Aivlisoft Inform\u00e1tica","isPartOf":{"@id":"https:\/\/aivlisoft.net\/shop\/#website"},"datePublished":"2025-01-13T14:49:34+00:00","dateModified":"2025-01-14T11:20:00+00:00","breadcrumb":{"@id":"https:\/\/aivlisoft.net\/shop\/producto\/gigabyte-placa-base-z890m-gaming-x-matx-1851\/#breadcrumb"},"inLanguage":"es","potentialAction":[{"@type":"ReadAction","target":["https:\/\/aivlisoft.net\/shop\/producto\/gigabyte-placa-base-z890m-gaming-x-matx-1851\/"]}]},{"@type":"BreadcrumbList","@id":"https:\/\/aivlisoft.net\/shop\/producto\/gigabyte-placa-base-z890m-gaming-x-matx-1851\/#breadcrumb","itemListElement":[{"@type":"ListItem","position":1,"name":"Portada","item":"https:\/\/aivlisoft.net\/shop\/"},{"@type":"ListItem","position":2,"name":"Tienda","item":"https:\/\/aivlisoft.net\/shop\/tienda\/"},{"@type":"ListItem","position":3,"name":"Gigabyte Placa Base Z890M GAMING X mATX 1851"}]},{"@type":"WebSite","@id":"https:\/\/aivlisoft.net\/shop\/#website","url":"https:\/\/aivlisoft.net\/shop\/","name":"Aivlisoft Inform\u00e1tica","description":"En Aivlisoft Inform\u00e1tica ofrecemos soluciones tecnol\u00f3gicas para empresas: venta de ordenadores, consumibles, perif\u00e9ricos y m\u00e1s. Calidad, atenci\u00f3n personalizada y los mejores precios para tu negocio.","publisher":{"@id":"https:\/\/aivlisoft.net\/shop\/#organization"},"potentialAction":[{"@type":"SearchAction","target":{"@type":"EntryPoint","urlTemplate":"https:\/\/aivlisoft.net\/shop\/?s={search_term_string}"},"query-input":{"@type":"PropertyValueSpecification","valueRequired":true,"valueName":"search_term_string"}}],"inLanguage":"es"},{"@type":"Organization","@id":"https:\/\/aivlisoft.net\/shop\/#organization","name":"Aivlisoft Inform\u00e1tica","url":"https:\/\/aivlisoft.net\/shop\/","logo":{"@type":"ImageObject","inLanguage":"es","@id":"https:\/\/aivlisoft.net\/shop\/#\/schema\/logo\/image\/","url":"https:\/\/aivlisoft.net\/shop\/wp-content\/uploads\/2024\/12\/removal.ai_5b848c54-0cdf-4140-95c5-c5536bb7573b-logodef.png","contentUrl":"https:\/\/aivlisoft.net\/shop\/wp-content\/uploads\/2024\/12\/removal.ai_5b848c54-0cdf-4140-95c5-c5536bb7573b-logodef.png","width":484,"height":182,"caption":"Aivlisoft Inform\u00e1tica"},"image":{"@id":"https:\/\/aivlisoft.net\/shop\/#\/schema\/logo\/image\/"}}]}},"_links":{"self":[{"href":"https:\/\/aivlisoft.net\/shop\/wp-json\/wp\/v2\/product\/15039","targetHints":{"allow":["GET"]}}],"collection":[{"href":"https:\/\/aivlisoft.net\/shop\/wp-json\/wp\/v2\/product"}],"about":[{"href":"https:\/\/aivlisoft.net\/shop\/wp-json\/wp\/v2\/types\/product"}],"wp:attachment":[{"href":"https:\/\/aivlisoft.net\/shop\/wp-json\/wp\/v2\/media?parent=15039"}],"wp:term":[{"taxonomy":"product_brand","embeddable":true,"href":"https:\/\/aivlisoft.net\/shop\/wp-json\/wp\/v2\/product_brand?post=15039"},{"taxonomy":"product_cat","embeddable":true,"href":"https:\/\/aivlisoft.net\/shop\/wp-json\/wp\/v2\/product_cat?post=15039"},{"taxonomy":"product_tag","embeddable":true,"href":"https:\/\/aivlisoft.net\/shop\/wp-json\/wp\/v2\/product_tag?post=15039"}],"curies":[{"name":"wp","href":"https:\/\/api.w.org\/{rel}","templated":true}]}}