{"id":15037,"date":"2025-01-13T14:49:33","date_gmt":"2025-01-13T14:49:33","guid":{"rendered":"https:\/\/aivlisoft.com\/?post_type=product&#038;p=15037"},"modified":"2025-01-14T11:19:59","modified_gmt":"2025-01-14T11:19:59","slug":"gigabyte-placa-base-z890-a-elite-x-ice-atx-1851","status":"publish","type":"product","link":"https:\/\/aivlisoft.net\/shop\/producto\/gigabyte-placa-base-z890-a-elite-x-ice-atx-1851\/","title":{"rendered":"Gigabyte Placa Base Z890 A ELITE X ICE ATX 1851"},"content":{"rendered":"<p><\/p>\n<table class=\"tabla_caracteristicas k-table\" width=\"100%\">\n<tr>\n<td valign=\"top\"><strong>Marca<\/strong><\/td>\n<td>Gigabyte<\/td>\n<\/tr>\n<tr>\n<td valign=\"top\"><strong>Modelo<\/strong><\/td>\n<td><strong>Z890 A ELITE X ICE<\/strong><\/td>\n<\/tr>\n<tr>\n<td valign=\"top\"><strong>Plataforma<\/strong><\/td>\n<td>&#8211; ATX (&nbsp;30,5cm x 24,4cm )<\/td>\n<\/tr>\n<tr>\n<td valign=\"top\"><strong>Chipset<\/strong><\/td>\n<td>&#8211; Intel Z890 Express<\/td>\n<\/tr>\n<tr>\n<td valign=\"top\">\n<div><strong>CPU <\/strong><strong>Soportados<\/strong><\/div>\n<\/td>\n<td>&#8211; Z&oacute;calo LGA1851: Compatibilidad con procesadores Intel Core Ultra<br \/>\t\t\t&#8211; La cach&eacute; L3 var&iacute;a seg&uacute;n la CPU<br \/>\t\t\t* Consulte la \u00abLista de soporte de CPU\u00bb para obtener m&aacute;s informaci&oacute;n.<\/td>\n<\/tr>\n<tr>\n<td valign=\"top\"><strong>Memoria<\/strong><\/td>\n<td>&#8211; Soporte para DDR5&nbsp; 9500(O.C) \/ 9466(O.C) \/ 9333(O.C) \/ 9200(O.C)\/ 9066(O.C) \/ 8933(O.C) \/ 8800(O.C) \/8600(O.C) \/ 8400(O.C) \/8266(O.C) \/ 8200(O.C) \/ 8000(O.C) \/ 7950(O.C) \/ 7900(O.C) \/ 7800(O.C) \/ 7600(O.C.) \/ 7400(O.C.) \/ 7200(O.C.) \/ 7000(O.C.) \/ 6800(O.C.) \/ 6600(O.C.) \/ 6400 \/ 6200 \/ 6000 \/ 5800 \/ 5600MT\/s m&oacute;dulos de memoria.<br \/>\t\t\t&#8211; 4 x z&oacute;calos DIMM DDR5 que admiten hasta 256 GB (64 GB de capacidad DIMM &uacute;nica) de memoria del sistema<br \/>\t\t\t&#8211; Arquitectura de memoria de doble canal<br \/>\t\t\t&#8211; Compatibilidad con m&oacute;dulos de memoria DIMM 1Rx8\/2Rx8 sin b&uacute;fer ECC (funcionan en modo no ECC)<br \/>\t\t\t&#8211; Compatibilidad con m&oacute;dulos de memoria DIMM 1Rx8\/2Rx8\/1Rx16 sin b&uacute;fer y sin ECC<br \/>\t\t\t&#8211; Soporte para m&oacute;dulos de memoria Extreme Memory Profile (XMP)<br \/>\t\t\t&#8211; Admite m&oacute;dulo de memoria CUDIMM<br \/>\t\t\t* La configuraci&oacute;n de la CPU y la memoria puede afectar los tipos de memoria admitidos, la velocidad de datos (velocidad) y la cantidad de m&oacute;dulos DRAM; consulte la \u00abLista de compatibilidad de memoria\u00bb para obtener m&aacute;s informaci&oacute;n<\/td>\n<\/tr>\n<tr>\n<td valign=\"top\">\n<div><strong>Slots Expansi&oacute;n<\/strong><\/div>\n<\/td>\n<td><strong>CPU:<\/strong><br \/>\t\t\t&#8211; 1 x ranura PCI Express x16, compatible con PCIe 5.0 y funcionando en x16 (PCIEX16)<br \/>\t\t\t* La ranura PCIEX16 solo admite una tarjeta gr&aacute;fica o un SSD NVMe. Si solo se va a instalar una tarjeta gr&aacute;fica, aseg&uacute;rese de instalarla en la ranura PCIEX16.<br \/>\t\t\t<strong>Chipset:<\/strong><br \/>\t\t\t&#8211; 1 x ranura PCI Express x16, compatible con PCIe 4.0 y ejecut&aacute;ndose en x4 (PCIEX4)<br \/>\t\t\t&#8211; 1 x ranura PCI Express x16, compatible con PCIe 4.0 y ejecut&aacute;ndose en x1 (PCIEX1)<\/td>\n<\/tr>\n<tr>\n<td valign=\"top\"><strong>Gr&aacute;ficos<\/strong><\/td>\n<td>&#8211; Procesador de gr&aacute;ficos integrado: compatibilidad con gr&aacute;ficos Intel HD:<br \/>\t\t\t&nbsp; 1 x conector Intel&reg; Thunderbolt 4 (puerto USB4&reg; USB Type-C), compatible con salidas de v&iacute;deo DisplayPort y Thunderbolt<br \/>\t\t\t&#8211; Cuando se instala un monitor Thunderbolt, la resoluci&oacute;n m&aacute;xima admitida es 5120&#215;2880@60 Hz con 24 bpp (salida de pantalla &uacute;nica).<br \/>\t\t\t&#8211; Cuando se instala un monitor USB4 USB Type-C, la resoluci&oacute;n m&aacute;xima admitida es 3840&#215;2160@240 Hz (salida de pantalla &uacute;nica<br \/>\t\t\t* Debido a los recursos de E\/S limitados de la arquitectura de la PC, la cantidad de dispositivos Thunderbolt que se pueden usar depende de la cantidad de dispositivos PCI Express que se est&eacute;n instalando. (Consulte el Cap&iacute;tulo 2-6, \u00abConectores del panel posterior\u00bb, para obtener m&aacute;s informaci&oacute;n).<br \/>\t\t\t* Soporte para la versi&oacute;n DisplayPort 1.4 y HDCP 2.3<br \/>\t\t\t&nbsp; 1 x puerto HDMI frontal, que admite una resoluci&oacute;n m&aacute;xima de 1920&#215;1080@30 Hz<br \/>\t\t\t* Soporte para la versi&oacute;n HDMI 1.4.<br \/>\t\t\t(Las especificaciones gr&aacute;ficas pueden variar seg&uacute;n la compatibilidad de la CPU).<\/td>\n<\/tr>\n<tr>\n<td valign=\"top\">\n<div><strong>Puertos E\/S, <\/strong><\/div>\n<div><strong>Conectores<\/strong><\/div>\n<div>&nbsp;<\/div>\n<\/td>\n<td>\n<div>\n<div><strong>Conectores Internos E\/S <\/strong><\/div>\n<\/p><\/div>\n<p>\t\t\t&#8211; 1 x conector de alimentaci&oacute;n principal ATX de 24 pines<br \/>\t\t\t&#8211; 2 x conectores de alimentaci&oacute;n ATX de 12 V de 8 pines<br \/>\t\t\t&#8211; 1 x cabezal del ventilador de la CPU<br \/>\t\t\t&#8211; 1 x cabezal de ventilador de CPU\/bomba de refrigeraci&oacute;n por agua<br \/>\t\t\t&#8211; 4 x cabezales de ventilador del sistema<br \/>\t\t\t&#8211; 2 x cabezales de ventilador del sistema\/bomba de refrigeraci&oacute;n por agua<br \/>\t\t\t&#8211; 3 x cabezales de tira LED RGB Gen2 direccionables<br \/>\t\t\t&#8211; 1 x cabezal de tira LED RGB<br \/>\t\t\t&#8211; 5 x conectores M.2 hembra 3<br \/>\t\t\t&#8211; 4 x conectores SATA de 6 Gb\/s<br \/>\t\t\t&#8211; 1 x cabezal del panel frontal<br \/>\t\t\t&#8211; 1 x cabezal de audio del panel frontal<br \/>\t\t\t&#8211; 1 x puerto HDMI (Nota)<br \/>\t\t\t&#8211; 1 x conector USB Type-C, compatible con USB 3.2 Gen 2&#215;2<br \/>\t\t\t&#8211; 1 x conector USB 3.2 Gen 1<br \/>\t\t\t&#8211; 2 x cabezales USB 2.0\/1.1<br \/>\t\t\t&#8211; 1 x cabezal del m&oacute;dulo de plataforma segura (solo para el m&oacute;dulo GC-TPM2.0 SPI\/GC-TPM2.0 SPI 2.0\/GC-TPM2.0 SPI V2)<br \/>\t\t\t&#8211; 1 x bot&oacute;n Q-Flash Plus<br \/>\t\t\t&#8211; 1 x cabezal de detecci&oacute;n de ruido<br \/>\t\t\t&#8211; 1 x bot&oacute;n de encendido<br \/>\t\t\t&#8211; 1 x bot&oacute;n de reinicio<br \/>\t\t\t&#8211; 1 x puente de reinicio<br \/>\t\t\t&#8211; 1 x puente CMOS transparente\t\t\t<\/p>\n<div>\n<div><strong>Panel E\/S Trasero<\/strong><\/div>\n<\/p><\/div>\n<p>\t\t\t&#8211; 4 x puertos USB 2.0\/1.1<br \/>\t\t\t&#8211; 2 x conectores de antena (2T2R)<br \/>\t\t\t&#8211; 4 x puertos USB 3.2 Gen 1<br \/>\t\t\t&#8211; 1 x conectores Intel Thunderbolt 4 (puertos USB Type-C)<br \/>\t\t\t&#8211; 2 x puertos USB 3.2 Gen 2 tipo A (rojo)<br \/>\t\t\t&#8211; 1 x puerto RJ-45<br \/>\t\t\t&#8211; 1 x conector de salida &oacute;ptica S\/PDIF<br \/>\t\t\t&#8211; 2 x conectores de audio<\/td>\n<\/tr>\n<tr>\n<td valign=\"top\">\n<div><strong>Otras <\/strong><\/div>\n<div><strong>Caracter&iacute;sticas<\/strong><\/div>\n<\/td>\n<td><strong>Audio<\/strong><br \/>\t\t\t&#8211; Realtek ALC1220 CODEC<br \/>\t\t\t* El conector de salida de l&iacute;nea del panel posterior admite audio DSD<br \/>\t\t\t&#8211; Audio de alta definici&oacute;n: 2\/4\/5.1\/7.1 canales<br \/>\t\t\t* Puede cambiar la funcionalidad de un conector de audio utilizando el software de audio. Para configurar el audio de 7.1 canales, acceda al software de audio para realizar la configuraci&oacute;n de audio<br \/>\t\t\t<strong>LAN<\/strong><br \/>\t\t\t&#8211; Chip LAN Realtek de 2,5 GbE (2,5 Gbps\/1 Gbps\/100 Mbps)<br \/>\t\t\t<strong>M&oacute;dulo de comunicaci&oacute;n inal&aacute;mbrica<\/strong><br \/>\t\t\t&#8211; MediaTek Wi-Fi 7 MT7925 (PCB revisi&oacute;n 1.0)<br \/>\t\t\t&nbsp; 802.11a, b, g, n, ac, ax, be, compatible con bandas de frecuencia portadora de 2,4\/5\/6 GHz<br \/>\t\t\t&nbsp; Bluetooth 5.4<br \/>\t\t\t&nbsp; Soporte para el est&aacute;ndar inal&aacute;mbrico 11be 160MHz<br \/>\t\t\t&#8211; Realtek Wi-Fi 7 RTL8922AE (PCB revisi&oacute;n 1.1)<br \/>\t\t\t&nbsp; 802.11a, b, g, n, ac, ax, be, compatible con bandas de frecuencia portadora de 2,4\/5\/6 GHz<br \/>\t\t\t&nbsp; Bluetooth 5.4<br \/>\t\t\t&nbsp; Soporte para el est&aacute;ndar inal&aacute;mbrico 11be 160MHz<br \/>\t\t\t(La velocidad de datos real puede variar seg&uacute;n el entorno y el equipo).<br \/>\t\t\t* Las funciones de Wi-Fi 7 requieren Windows 11 SV3 para funcionar correctamente. (No hay ning&uacute;n controlador compatible con Windows 10).<br \/>\t\t\t** La disponibilidad de canales Wi-Fi 7 en la banda de 6 GHz depende de las regulaciones de cada pa&iacute;s.<br \/>\t\t\t<strong>Almacenamiento<\/strong><br \/>\t\t\t&#8211; CPU:<br \/>\t\t\t&nbsp; 1 x conector M.2 (Socket 3, clave M, tipo 25110\/22110\/2580\/2280 PCIe 5.0 x4\/x2 compatible con SSD) (M2A_CPU)<br \/>\t\t\t&nbsp; 1 x conector M.2 (Socket 3, clave M, soporte para SSD PCIe 4.0 x4\/x2 tipo 22110\/2280) (M2B_CPU)<br \/>\t\t\t&#8211; Chipset:<br \/>\t\t\t&nbsp; 1 x M.2 connector (Socket 3, M key, type 22110\/2280 PCIe 4.0 x4\/x2 SSD support) (M2Q_SB)<br \/>\t\t\t&nbsp; 1 x M.2 connector (Socket 3, M key, type 2280 PCIe 4.0 x4\/x2 SSD support) (M2P_SB)<br \/>\t\t\t&nbsp; 1 x M.2 connector (Socket 3, M key, type 2280 SATA and PCIe 4.0 x4\/x2 SSD support) (M2M_SB)<br \/>\t\t\t&nbsp; 4 x SATA 6Gb\/s connectors<br \/>\t\t\t&#8211; RAID 0, RAID 1, RAID 5, and RAID 10 support for NVMe SSD storage devices<br \/>\t\t\t&#8211; RAID 0, RAID 1, RAID 5, and RAID 10 support for SATA storage devices<br \/>\t\t\t<strong>USB<\/strong><br \/>\t\t\t&#8211; CPU:<br \/>\t\t\t&nbsp; 1 x puerto Intel Thunderbolt 4 (USB Type-C) en el panel posterior<br \/>\t\t\t*Admite hasta 40 Gbps con dispositivos Thunderbolt<br \/>\t\t\t*Admite hasta 20 Gbps con dispositivos USB4<br \/>\t\t\t*Admite hasta 10 Gbps con dispositivos USB 3.2<br \/>\t\t\t&#8211; Chipset:<br \/>\t\t\t&nbsp; 1 x puerto USB Type-C con soporte USB 3.2 Gen 2&#215;2, disponible a trav&eacute;s del encabezado USB interno<br \/>\t\t\t&nbsp; 2 x puertos USB 3.2 Gen 2 Tipo-A (rojos) en el panel posterior<br \/>\t\t\t&nbsp; 6 x puertos USB 3.2 Gen 1 (4 puertos en el panel posterior, 2 puertos disponibles a trav&eacute;s del encabezado USB interno)<br \/>\t\t\t&#8211; Chipset+2 USB 2.0 Hubs:<br \/>\t\t\t&nbsp; 8 x USB 2.0\/1.1 ports (4 ports on the back panel, 4 ports available through the internal USB headers)<br \/>\t\t\t<strong>Sistema Operativo<\/strong><br \/>\t\t\t&#8211; Soporte para Windows 11 64-bit<\/td>\n<\/tr>\n<tr>\n<td valign=\"top\"><strong>Fecha Revisi&oacute;n<\/strong><\/td>\n<td>17-10-2024 por RTY<\/td>\n<\/tr>\n<\/table>\n","protected":false},"excerpt":{"rendered":"<p>Marca Gigabyte Modelo Z890 A ELITE X ICE Plataforma &#8211; ATX (&nbsp;30,5cm x 24,4cm ) Chipset &#8211; Intel Z890 Express CPU Soportados &#8211; Z&oacute;calo LGA1851: Compatibilidad con procesadores Intel Core Ultra &#8211; La cach&eacute; L3 var&iacute;a seg&uacute;n la CPU * Consulte la \u00abLista de soporte de CPU\u00bb para obtener m&aacute;s informaci&oacute;n. Memoria &#8211; Soporte para&hellip;&nbsp;<a href=\"https:\/\/aivlisoft.net\/shop\/producto\/gigabyte-placa-base-z890-a-elite-x-ice-atx-1851\/\" rel=\"bookmark\"><span class=\"screen-reader-text\">Gigabyte Placa Base Z890 A ELITE X ICE ATX 1851<\/span><\/a><\/p>\n","protected":false},"featured_media":0,"template":"","meta":{"neve_meta_sidebar":"","neve_meta_container":"","neve_meta_enable_content_width":"","neve_meta_content_width":0,"neve_meta_title_alignment":"","neve_meta_author_avatar":"","neve_post_elements_order":"","neve_meta_disable_header":"","neve_meta_disable_footer":"","neve_meta_disable_title":""},"product_brand":[],"product_cat":[8751],"product_tag":[5732],"class_list":{"0":"post-15037","1":"product","2":"type-product","3":"status-publish","5":"product_cat-intel-socket-1851","6":"product_tag-z890-a-elite-x-ice","8":"first","9":"instock","10":"taxable","11":"shipping-taxable","12":"purchasable","13":"product-type-simple"},"yoast_head":"<!-- This site is optimized with the Yoast SEO plugin v26.0 - https:\/\/yoast.com\/wordpress\/plugins\/seo\/ -->\n<title>Gigabyte Placa Base Z890 A ELITE X ICE ATX 1851 - Aivlisoft Inform\u00e1tica<\/title>\n<meta name=\"robots\" content=\"index, follow, max-snippet:-1, max-image-preview:large, max-video-preview:-1\" \/>\n<link rel=\"canonical\" href=\"https:\/\/aivlisoft.net\/shop\/producto\/gigabyte-placa-base-z890-a-elite-x-ice-atx-1851\/\" \/>\n<meta property=\"og:locale\" content=\"es_ES\" \/>\n<meta property=\"og:type\" content=\"article\" \/>\n<meta property=\"og:title\" content=\"Gigabyte Placa Base Z890 A ELITE X ICE ATX 1851 - Aivlisoft Inform\u00e1tica\" \/>\n<meta property=\"og:description\" content=\"Marca Gigabyte Modelo Z890 A ELITE X ICE Plataforma &#8211; ATX (&nbsp;30,5cm x 24,4cm ) Chipset &#8211; Intel Z890 Express CPU Soportados &#8211; Z&oacute;calo LGA1851: Compatibilidad con procesadores Intel Core Ultra &#8211; La cach&eacute; L3 var&iacute;a seg&uacute;n la CPU * Consulte la \u00abLista de soporte de CPU\u00bb para obtener m&aacute;s informaci&oacute;n. Memoria &#8211; Soporte para&hellip;&nbsp;Gigabyte Placa Base Z890 A ELITE X ICE ATX 1851\" \/>\n<meta property=\"og:url\" content=\"https:\/\/aivlisoft.net\/shop\/producto\/gigabyte-placa-base-z890-a-elite-x-ice-atx-1851\/\" \/>\n<meta property=\"og:site_name\" content=\"Aivlisoft Inform\u00e1tica\" \/>\n<meta property=\"article:modified_time\" content=\"2025-01-14T11:19:59+00:00\" \/>\n<meta name=\"twitter:card\" content=\"summary_large_image\" \/>\n<meta name=\"twitter:label1\" content=\"Tiempo de lectura\" \/>\n\t<meta name=\"twitter:data1\" content=\"6 minutos\" \/>\n<script type=\"application\/ld+json\" class=\"yoast-schema-graph\">{\"@context\":\"https:\/\/schema.org\",\"@graph\":[{\"@type\":\"WebPage\",\"@id\":\"https:\/\/aivlisoft.net\/shop\/producto\/gigabyte-placa-base-z890-a-elite-x-ice-atx-1851\/\",\"url\":\"https:\/\/aivlisoft.net\/shop\/producto\/gigabyte-placa-base-z890-a-elite-x-ice-atx-1851\/\",\"name\":\"Gigabyte Placa Base Z890 A ELITE X ICE ATX 1851 - Aivlisoft Inform\u00e1tica\",\"isPartOf\":{\"@id\":\"https:\/\/aivlisoft.net\/shop\/#website\"},\"datePublished\":\"2025-01-13T14:49:33+00:00\",\"dateModified\":\"2025-01-14T11:19:59+00:00\",\"breadcrumb\":{\"@id\":\"https:\/\/aivlisoft.net\/shop\/producto\/gigabyte-placa-base-z890-a-elite-x-ice-atx-1851\/#breadcrumb\"},\"inLanguage\":\"es\",\"potentialAction\":[{\"@type\":\"ReadAction\",\"target\":[\"https:\/\/aivlisoft.net\/shop\/producto\/gigabyte-placa-base-z890-a-elite-x-ice-atx-1851\/\"]}]},{\"@type\":\"BreadcrumbList\",\"@id\":\"https:\/\/aivlisoft.net\/shop\/producto\/gigabyte-placa-base-z890-a-elite-x-ice-atx-1851\/#breadcrumb\",\"itemListElement\":[{\"@type\":\"ListItem\",\"position\":1,\"name\":\"Portada\",\"item\":\"https:\/\/aivlisoft.net\/shop\/\"},{\"@type\":\"ListItem\",\"position\":2,\"name\":\"Tienda\",\"item\":\"https:\/\/aivlisoft.net\/shop\/tienda\/\"},{\"@type\":\"ListItem\",\"position\":3,\"name\":\"Gigabyte Placa Base Z890 A ELITE X ICE ATX 1851\"}]},{\"@type\":\"WebSite\",\"@id\":\"https:\/\/aivlisoft.net\/shop\/#website\",\"url\":\"https:\/\/aivlisoft.net\/shop\/\",\"name\":\"Aivlisoft Inform\u00e1tica\",\"description\":\"En Aivlisoft Inform\u00e1tica ofrecemos soluciones tecnol\u00f3gicas para empresas: venta de ordenadores, consumibles, perif\u00e9ricos y m\u00e1s. Calidad, atenci\u00f3n personalizada y los mejores precios para tu negocio.\",\"publisher\":{\"@id\":\"https:\/\/aivlisoft.net\/shop\/#organization\"},\"potentialAction\":[{\"@type\":\"SearchAction\",\"target\":{\"@type\":\"EntryPoint\",\"urlTemplate\":\"https:\/\/aivlisoft.net\/shop\/?s={search_term_string}\"},\"query-input\":{\"@type\":\"PropertyValueSpecification\",\"valueRequired\":true,\"valueName\":\"search_term_string\"}}],\"inLanguage\":\"es\"},{\"@type\":\"Organization\",\"@id\":\"https:\/\/aivlisoft.net\/shop\/#organization\",\"name\":\"Aivlisoft Inform\u00e1tica\",\"url\":\"https:\/\/aivlisoft.net\/shop\/\",\"logo\":{\"@type\":\"ImageObject\",\"inLanguage\":\"es\",\"@id\":\"https:\/\/aivlisoft.net\/shop\/#\/schema\/logo\/image\/\",\"url\":\"https:\/\/aivlisoft.net\/shop\/wp-content\/uploads\/2024\/12\/removal.ai_5b848c54-0cdf-4140-95c5-c5536bb7573b-logodef.png\",\"contentUrl\":\"https:\/\/aivlisoft.net\/shop\/wp-content\/uploads\/2024\/12\/removal.ai_5b848c54-0cdf-4140-95c5-c5536bb7573b-logodef.png\",\"width\":484,\"height\":182,\"caption\":\"Aivlisoft Inform\u00e1tica\"},\"image\":{\"@id\":\"https:\/\/aivlisoft.net\/shop\/#\/schema\/logo\/image\/\"}}]}<\/script>\n<!-- \/ Yoast SEO plugin. -->","yoast_head_json":{"title":"Gigabyte Placa Base Z890 A ELITE X ICE ATX 1851 - Aivlisoft Inform\u00e1tica","robots":{"index":"index","follow":"follow","max-snippet":"max-snippet:-1","max-image-preview":"max-image-preview:large","max-video-preview":"max-video-preview:-1"},"canonical":"https:\/\/aivlisoft.net\/shop\/producto\/gigabyte-placa-base-z890-a-elite-x-ice-atx-1851\/","og_locale":"es_ES","og_type":"article","og_title":"Gigabyte Placa Base Z890 A ELITE X ICE ATX 1851 - Aivlisoft Inform\u00e1tica","og_description":"Marca Gigabyte Modelo Z890 A ELITE X ICE Plataforma &#8211; ATX (&nbsp;30,5cm x 24,4cm ) Chipset &#8211; Intel Z890 Express CPU Soportados &#8211; Z&oacute;calo LGA1851: Compatibilidad con procesadores Intel Core Ultra &#8211; La cach&eacute; L3 var&iacute;a seg&uacute;n la CPU * Consulte la \u00abLista de soporte de CPU\u00bb para obtener m&aacute;s informaci&oacute;n. Memoria &#8211; Soporte para&hellip;&nbsp;Gigabyte Placa Base Z890 A ELITE X ICE ATX 1851","og_url":"https:\/\/aivlisoft.net\/shop\/producto\/gigabyte-placa-base-z890-a-elite-x-ice-atx-1851\/","og_site_name":"Aivlisoft Inform\u00e1tica","article_modified_time":"2025-01-14T11:19:59+00:00","twitter_card":"summary_large_image","twitter_misc":{"Tiempo de lectura":"6 minutos"},"schema":{"@context":"https:\/\/schema.org","@graph":[{"@type":"WebPage","@id":"https:\/\/aivlisoft.net\/shop\/producto\/gigabyte-placa-base-z890-a-elite-x-ice-atx-1851\/","url":"https:\/\/aivlisoft.net\/shop\/producto\/gigabyte-placa-base-z890-a-elite-x-ice-atx-1851\/","name":"Gigabyte Placa Base Z890 A ELITE X ICE ATX 1851 - Aivlisoft Inform\u00e1tica","isPartOf":{"@id":"https:\/\/aivlisoft.net\/shop\/#website"},"datePublished":"2025-01-13T14:49:33+00:00","dateModified":"2025-01-14T11:19:59+00:00","breadcrumb":{"@id":"https:\/\/aivlisoft.net\/shop\/producto\/gigabyte-placa-base-z890-a-elite-x-ice-atx-1851\/#breadcrumb"},"inLanguage":"es","potentialAction":[{"@type":"ReadAction","target":["https:\/\/aivlisoft.net\/shop\/producto\/gigabyte-placa-base-z890-a-elite-x-ice-atx-1851\/"]}]},{"@type":"BreadcrumbList","@id":"https:\/\/aivlisoft.net\/shop\/producto\/gigabyte-placa-base-z890-a-elite-x-ice-atx-1851\/#breadcrumb","itemListElement":[{"@type":"ListItem","position":1,"name":"Portada","item":"https:\/\/aivlisoft.net\/shop\/"},{"@type":"ListItem","position":2,"name":"Tienda","item":"https:\/\/aivlisoft.net\/shop\/tienda\/"},{"@type":"ListItem","position":3,"name":"Gigabyte Placa Base Z890 A ELITE X ICE ATX 1851"}]},{"@type":"WebSite","@id":"https:\/\/aivlisoft.net\/shop\/#website","url":"https:\/\/aivlisoft.net\/shop\/","name":"Aivlisoft Inform\u00e1tica","description":"En Aivlisoft Inform\u00e1tica ofrecemos soluciones tecnol\u00f3gicas para empresas: venta de ordenadores, consumibles, perif\u00e9ricos y m\u00e1s. Calidad, atenci\u00f3n personalizada y los mejores precios para tu negocio.","publisher":{"@id":"https:\/\/aivlisoft.net\/shop\/#organization"},"potentialAction":[{"@type":"SearchAction","target":{"@type":"EntryPoint","urlTemplate":"https:\/\/aivlisoft.net\/shop\/?s={search_term_string}"},"query-input":{"@type":"PropertyValueSpecification","valueRequired":true,"valueName":"search_term_string"}}],"inLanguage":"es"},{"@type":"Organization","@id":"https:\/\/aivlisoft.net\/shop\/#organization","name":"Aivlisoft Inform\u00e1tica","url":"https:\/\/aivlisoft.net\/shop\/","logo":{"@type":"ImageObject","inLanguage":"es","@id":"https:\/\/aivlisoft.net\/shop\/#\/schema\/logo\/image\/","url":"https:\/\/aivlisoft.net\/shop\/wp-content\/uploads\/2024\/12\/removal.ai_5b848c54-0cdf-4140-95c5-c5536bb7573b-logodef.png","contentUrl":"https:\/\/aivlisoft.net\/shop\/wp-content\/uploads\/2024\/12\/removal.ai_5b848c54-0cdf-4140-95c5-c5536bb7573b-logodef.png","width":484,"height":182,"caption":"Aivlisoft Inform\u00e1tica"},"image":{"@id":"https:\/\/aivlisoft.net\/shop\/#\/schema\/logo\/image\/"}}]}},"_links":{"self":[{"href":"https:\/\/aivlisoft.net\/shop\/wp-json\/wp\/v2\/product\/15037","targetHints":{"allow":["GET"]}}],"collection":[{"href":"https:\/\/aivlisoft.net\/shop\/wp-json\/wp\/v2\/product"}],"about":[{"href":"https:\/\/aivlisoft.net\/shop\/wp-json\/wp\/v2\/types\/product"}],"wp:attachment":[{"href":"https:\/\/aivlisoft.net\/shop\/wp-json\/wp\/v2\/media?parent=15037"}],"wp:term":[{"taxonomy":"product_brand","embeddable":true,"href":"https:\/\/aivlisoft.net\/shop\/wp-json\/wp\/v2\/product_brand?post=15037"},{"taxonomy":"product_cat","embeddable":true,"href":"https:\/\/aivlisoft.net\/shop\/wp-json\/wp\/v2\/product_cat?post=15037"},{"taxonomy":"product_tag","embeddable":true,"href":"https:\/\/aivlisoft.net\/shop\/wp-json\/wp\/v2\/product_tag?post=15037"}],"curies":[{"name":"wp","href":"https:\/\/api.w.org\/{rel}","templated":true}]}}