{"id":15029,"date":"2025-01-13T14:49:26","date_gmt":"2025-01-13T14:49:26","guid":{"rendered":"https:\/\/aivlisoft.com\/?post_type=product&#038;p=15029"},"modified":"2025-01-14T11:19:50","modified_gmt":"2025-01-14T11:19:50","slug":"msi-placa-base-mag-z890-tomahawk-wifi-atx-lga1851","status":"publish","type":"product","link":"https:\/\/aivlisoft.net\/shop\/producto\/msi-placa-base-mag-z890-tomahawk-wifi-atx-lga1851\/","title":{"rendered":"MSI Placa Base MAG Z890 TOMAHAWK WIFI ATX LGA1851"},"content":{"rendered":"<p><\/p>\n<table class=\"tabla_caracteristicas k-table\" width=\"100%\">\n<tr>\n<td valign=\"top\"><strong>Marca<\/strong><\/td>\n<td>MSI<\/td>\n<\/tr>\n<tr>\n<td valign=\"top\"><strong>Modelo<\/strong><\/td>\n<td><strong>911-7E32-003<\/strong><\/td>\n<\/tr>\n<tr>\n<td valign=\"top\"><strong>Chipset<\/strong><\/td>\n<td>&#8211; <strong>Intel Z890 <\/strong><\/td>\n<\/tr>\n<tr>\n<td valign=\"top\">\n<div><strong>CPU Soportados<\/strong><\/div>\n<\/td>\n<td>&#8211; Compatible con procesadores Intel Core Ultra&nbsp; (Series 2)<\/td>\n<\/tr>\n<tr>\n<td valign=\"top\"><strong>Memoria<\/strong><\/td>\n<td>&#8211; 4 x DIMM, <strong>DDR5 <\/strong>de doble canal<\/td>\n<\/tr>\n<tr>\n<td valign=\"top\">\n<div><strong>Slots Expansi&oacute;n<\/strong><\/div>\n<\/td>\n<td>&#8211; 1 x ranura PCIe 5.0 x16<br \/>\t\t\t&#8211; 2 x ranura PCIe 4.0 x16<\/td>\n<\/tr>\n<tr>\n<td valign=\"top\"><strong>Gr&aacute;ficos<\/strong><\/td>\n<td>&#8211; 2 x Thunderbolt 4 (Tipo-C), compatible con 8K@60Hz como se especifica en HDMI 2.1 FRL<br \/>\t\t\t&#8211; Requiere gr&aacute;ficos del procesador<\/td>\n<\/tr>\n<tr>\n<td valign=\"top\">\n<div><strong>Puertos E\/S, <\/strong><\/div>\n<div><strong>Conectores<\/strong><\/div>\n<\/td>\n<td>\n<div><strong>Externos<\/strong><br \/>\t\t\t&#8211; USB 10 Gbps (Tipo A)<br \/>\t\t\t&#8211; LAN 5G<br \/>\t\t\t&#8211; Conectores de audio<br \/>\t\t\t&#8211; Thunderbolt 4 40 Gbps (Tipo C)<br \/>\t\t\t&#8211; Bot&oacute;n Flash BIOS<br \/>\t\t\t&#8211; USB 5 Gbps (Tipo A)<br \/>\t\t\t&#8211; USB 5 Gbps (Tipo A)<br \/>\t\t\t&#8211; Wi-Fi\/Bluetooth<br \/>\t\t\t&#8211; HDMI<br \/>\t\t\t&#8211; USB 10 Gbps (Tipo C)<br \/>\t\t\t&#8211; Bot&oacute;n Borrar CMOS<\/div>\n<\/td>\n<\/tr>\n<tr>\n<td valign=\"top\"><strong>Thunderbolt 4<\/strong>\t\t\t<\/p>\n<div>&nbsp;<\/div>\n<\/td>\n<td>\n<div><strong>&#8211; <\/strong>2 x USB Type-C up to 40Gbps<br \/>\t\t\t&#8211; Soporte de carga de hasta 5V\/3A, 15W<\/div>\n<\/td>\n<\/tr>\n<tr>\n<td valign=\"top\">\n<div><strong>Otras <\/strong><\/div>\n<div><strong>Caracter&iacute;sticas<\/strong><\/div>\n<\/td>\n<td>\n<div><strong>Almacenamiento<\/strong><br \/>\t\t\t&#8211; 1 x ranura M.2 Gen5 x4 de 128 Gbps<br \/>\t\t\t&#8211; 3 x ranuras M.2 Gen4 x4 de 64 Gbps<br \/>\t\t\t&#8211; 4 x puertos SATA de 6 Gbps<br \/>\t\t\t<strong>USB<\/strong><br \/>\t\t\t&#8211; 1 x USB 3.2 Gen 20 Gbps (Tipo C)<br \/>\t\t\t&#8211; 4 x USB 3.2 Gen 10 Gbps (4 Tipo A + 1 Tipo C)<br \/>\t\t\t&#8211; 6 x USB 3.2 Gen 5 Gbps (6 Tipo A)<br \/>\t\t\t&#8211; 4 x USB 2.0<br \/>\t\t\t<strong>LAN<\/strong><br \/>\t\t\t&#8211; 1 x Intel Killer E5000B 5G LAN<br \/>\t\t\t<strong>Conectividad<\/strong><br \/>\t\t\t&#8211; Intel Killer BE1750x Wi-Fi 7<br \/>\t\t\t&#8211; Bluetooth 5.4<br \/>\t\t\t<strong>Audio<\/strong><br \/>\t\t\t&#8211; Audio HD de 8 canales (7.1) con Audio Boost 4<\/div>\n<\/td>\n<\/tr>\n<tr>\n<td valign=\"top\"><strong>Fecha Revisi&oacute;n<\/strong><\/td>\n<td>10-10-2024 por RTY<\/td>\n<\/tr>\n<\/table>\n","protected":false},"excerpt":{"rendered":"<p>Marca MSI Modelo 911-7E32-003 Chipset &#8211; Intel Z890 CPU Soportados &#8211; Compatible con procesadores Intel Core Ultra&nbsp; (Series 2) Memoria &#8211; 4 x DIMM, DDR5 de doble canal Slots Expansi&oacute;n &#8211; 1 x ranura PCIe 5.0 x16 &#8211; 2 x ranura PCIe 4.0 x16 Gr&aacute;ficos &#8211; 2 x Thunderbolt 4 (Tipo-C), compatible con 8K@60Hz como&hellip;&nbsp;<a href=\"https:\/\/aivlisoft.net\/shop\/producto\/msi-placa-base-mag-z890-tomahawk-wifi-atx-lga1851\/\" rel=\"bookmark\"><span class=\"screen-reader-text\">MSI Placa Base MAG Z890 TOMAHAWK WIFI ATX LGA1851<\/span><\/a><\/p>\n","protected":false},"featured_media":0,"template":"","meta":{"neve_meta_sidebar":"","neve_meta_container":"","neve_meta_enable_content_width":"","neve_meta_content_width":0,"neve_meta_title_alignment":"","neve_meta_author_avatar":"","neve_post_elements_order":"","neve_meta_disable_header":"","neve_meta_disable_footer":"","neve_meta_disable_title":""},"product_brand":[],"product_cat":[8751],"product_tag":[5724],"class_list":{"0":"post-15029","1":"product","2":"type-product","3":"status-publish","5":"product_cat-intel-socket-1851","6":"product_tag-911-7e32-003","8":"first","9":"instock","10":"taxable","11":"shipping-taxable","12":"purchasable","13":"product-type-simple"},"yoast_head":"<!-- This site is optimized with the Yoast SEO plugin v26.0 - https:\/\/yoast.com\/wordpress\/plugins\/seo\/ -->\n<title>MSI Placa Base MAG Z890 TOMAHAWK WIFI ATX LGA1851 - Aivlisoft Inform\u00e1tica<\/title>\n<meta name=\"robots\" content=\"index, follow, max-snippet:-1, max-image-preview:large, max-video-preview:-1\" \/>\n<link rel=\"canonical\" href=\"https:\/\/aivlisoft.net\/shop\/producto\/msi-placa-base-mag-z890-tomahawk-wifi-atx-lga1851\/\" \/>\n<meta property=\"og:locale\" content=\"es_ES\" \/>\n<meta property=\"og:type\" content=\"article\" \/>\n<meta property=\"og:title\" content=\"MSI Placa Base MAG Z890 TOMAHAWK WIFI ATX LGA1851 - Aivlisoft Inform\u00e1tica\" \/>\n<meta property=\"og:description\" content=\"Marca MSI Modelo 911-7E32-003 Chipset &#8211; Intel Z890 CPU Soportados &#8211; Compatible con procesadores Intel Core Ultra&nbsp; (Series 2) Memoria &#8211; 4 x DIMM, DDR5 de doble canal Slots Expansi&oacute;n &#8211; 1 x ranura PCIe 5.0 x16 &#8211; 2 x ranura PCIe 4.0 x16 Gr&aacute;ficos &#8211; 2 x Thunderbolt 4 (Tipo-C), compatible con 8K@60Hz como&hellip;&nbsp;MSI Placa Base MAG Z890 TOMAHAWK WIFI ATX LGA1851\" \/>\n<meta property=\"og:url\" content=\"https:\/\/aivlisoft.net\/shop\/producto\/msi-placa-base-mag-z890-tomahawk-wifi-atx-lga1851\/\" \/>\n<meta property=\"og:site_name\" content=\"Aivlisoft Inform\u00e1tica\" \/>\n<meta property=\"article:modified_time\" content=\"2025-01-14T11:19:50+00:00\" \/>\n<meta name=\"twitter:card\" content=\"summary_large_image\" \/>\n<meta name=\"twitter:label1\" content=\"Tiempo de lectura\" \/>\n\t<meta name=\"twitter:data1\" content=\"1 minuto\" \/>\n<script type=\"application\/ld+json\" class=\"yoast-schema-graph\">{\"@context\":\"https:\/\/schema.org\",\"@graph\":[{\"@type\":\"WebPage\",\"@id\":\"https:\/\/aivlisoft.net\/shop\/producto\/msi-placa-base-mag-z890-tomahawk-wifi-atx-lga1851\/\",\"url\":\"https:\/\/aivlisoft.net\/shop\/producto\/msi-placa-base-mag-z890-tomahawk-wifi-atx-lga1851\/\",\"name\":\"MSI Placa Base MAG Z890 TOMAHAWK WIFI ATX LGA1851 - Aivlisoft Inform\u00e1tica\",\"isPartOf\":{\"@id\":\"https:\/\/aivlisoft.net\/shop\/#website\"},\"datePublished\":\"2025-01-13T14:49:26+00:00\",\"dateModified\":\"2025-01-14T11:19:50+00:00\",\"breadcrumb\":{\"@id\":\"https:\/\/aivlisoft.net\/shop\/producto\/msi-placa-base-mag-z890-tomahawk-wifi-atx-lga1851\/#breadcrumb\"},\"inLanguage\":\"es\",\"potentialAction\":[{\"@type\":\"ReadAction\",\"target\":[\"https:\/\/aivlisoft.net\/shop\/producto\/msi-placa-base-mag-z890-tomahawk-wifi-atx-lga1851\/\"]}]},{\"@type\":\"BreadcrumbList\",\"@id\":\"https:\/\/aivlisoft.net\/shop\/producto\/msi-placa-base-mag-z890-tomahawk-wifi-atx-lga1851\/#breadcrumb\",\"itemListElement\":[{\"@type\":\"ListItem\",\"position\":1,\"name\":\"Portada\",\"item\":\"https:\/\/aivlisoft.net\/shop\/\"},{\"@type\":\"ListItem\",\"position\":2,\"name\":\"Tienda\",\"item\":\"https:\/\/aivlisoft.net\/shop\/tienda\/\"},{\"@type\":\"ListItem\",\"position\":3,\"name\":\"MSI Placa Base MAG Z890 TOMAHAWK WIFI ATX LGA1851\"}]},{\"@type\":\"WebSite\",\"@id\":\"https:\/\/aivlisoft.net\/shop\/#website\",\"url\":\"https:\/\/aivlisoft.net\/shop\/\",\"name\":\"Aivlisoft Inform\u00e1tica\",\"description\":\"En Aivlisoft Inform\u00e1tica ofrecemos soluciones tecnol\u00f3gicas para empresas: venta de ordenadores, consumibles, perif\u00e9ricos y m\u00e1s. Calidad, atenci\u00f3n personalizada y los mejores precios para tu negocio.\",\"publisher\":{\"@id\":\"https:\/\/aivlisoft.net\/shop\/#organization\"},\"potentialAction\":[{\"@type\":\"SearchAction\",\"target\":{\"@type\":\"EntryPoint\",\"urlTemplate\":\"https:\/\/aivlisoft.net\/shop\/?s={search_term_string}\"},\"query-input\":{\"@type\":\"PropertyValueSpecification\",\"valueRequired\":true,\"valueName\":\"search_term_string\"}}],\"inLanguage\":\"es\"},{\"@type\":\"Organization\",\"@id\":\"https:\/\/aivlisoft.net\/shop\/#organization\",\"name\":\"Aivlisoft Inform\u00e1tica\",\"url\":\"https:\/\/aivlisoft.net\/shop\/\",\"logo\":{\"@type\":\"ImageObject\",\"inLanguage\":\"es\",\"@id\":\"https:\/\/aivlisoft.net\/shop\/#\/schema\/logo\/image\/\",\"url\":\"https:\/\/aivlisoft.net\/shop\/wp-content\/uploads\/2024\/12\/removal.ai_5b848c54-0cdf-4140-95c5-c5536bb7573b-logodef.png\",\"contentUrl\":\"https:\/\/aivlisoft.net\/shop\/wp-content\/uploads\/2024\/12\/removal.ai_5b848c54-0cdf-4140-95c5-c5536bb7573b-logodef.png\",\"width\":484,\"height\":182,\"caption\":\"Aivlisoft Inform\u00e1tica\"},\"image\":{\"@id\":\"https:\/\/aivlisoft.net\/shop\/#\/schema\/logo\/image\/\"}}]}<\/script>\n<!-- \/ Yoast SEO plugin. -->","yoast_head_json":{"title":"MSI Placa Base MAG Z890 TOMAHAWK WIFI ATX LGA1851 - Aivlisoft Inform\u00e1tica","robots":{"index":"index","follow":"follow","max-snippet":"max-snippet:-1","max-image-preview":"max-image-preview:large","max-video-preview":"max-video-preview:-1"},"canonical":"https:\/\/aivlisoft.net\/shop\/producto\/msi-placa-base-mag-z890-tomahawk-wifi-atx-lga1851\/","og_locale":"es_ES","og_type":"article","og_title":"MSI Placa Base MAG Z890 TOMAHAWK WIFI ATX LGA1851 - Aivlisoft Inform\u00e1tica","og_description":"Marca MSI Modelo 911-7E32-003 Chipset &#8211; Intel Z890 CPU Soportados &#8211; Compatible con procesadores Intel Core Ultra&nbsp; (Series 2) Memoria &#8211; 4 x DIMM, DDR5 de doble canal Slots Expansi&oacute;n &#8211; 1 x ranura PCIe 5.0 x16 &#8211; 2 x ranura PCIe 4.0 x16 Gr&aacute;ficos &#8211; 2 x Thunderbolt 4 (Tipo-C), compatible con 8K@60Hz como&hellip;&nbsp;MSI Placa Base MAG Z890 TOMAHAWK WIFI ATX LGA1851","og_url":"https:\/\/aivlisoft.net\/shop\/producto\/msi-placa-base-mag-z890-tomahawk-wifi-atx-lga1851\/","og_site_name":"Aivlisoft Inform\u00e1tica","article_modified_time":"2025-01-14T11:19:50+00:00","twitter_card":"summary_large_image","twitter_misc":{"Tiempo de lectura":"1 minuto"},"schema":{"@context":"https:\/\/schema.org","@graph":[{"@type":"WebPage","@id":"https:\/\/aivlisoft.net\/shop\/producto\/msi-placa-base-mag-z890-tomahawk-wifi-atx-lga1851\/","url":"https:\/\/aivlisoft.net\/shop\/producto\/msi-placa-base-mag-z890-tomahawk-wifi-atx-lga1851\/","name":"MSI Placa Base MAG Z890 TOMAHAWK WIFI ATX LGA1851 - Aivlisoft Inform\u00e1tica","isPartOf":{"@id":"https:\/\/aivlisoft.net\/shop\/#website"},"datePublished":"2025-01-13T14:49:26+00:00","dateModified":"2025-01-14T11:19:50+00:00","breadcrumb":{"@id":"https:\/\/aivlisoft.net\/shop\/producto\/msi-placa-base-mag-z890-tomahawk-wifi-atx-lga1851\/#breadcrumb"},"inLanguage":"es","potentialAction":[{"@type":"ReadAction","target":["https:\/\/aivlisoft.net\/shop\/producto\/msi-placa-base-mag-z890-tomahawk-wifi-atx-lga1851\/"]}]},{"@type":"BreadcrumbList","@id":"https:\/\/aivlisoft.net\/shop\/producto\/msi-placa-base-mag-z890-tomahawk-wifi-atx-lga1851\/#breadcrumb","itemListElement":[{"@type":"ListItem","position":1,"name":"Portada","item":"https:\/\/aivlisoft.net\/shop\/"},{"@type":"ListItem","position":2,"name":"Tienda","item":"https:\/\/aivlisoft.net\/shop\/tienda\/"},{"@type":"ListItem","position":3,"name":"MSI Placa Base MAG Z890 TOMAHAWK WIFI ATX LGA1851"}]},{"@type":"WebSite","@id":"https:\/\/aivlisoft.net\/shop\/#website","url":"https:\/\/aivlisoft.net\/shop\/","name":"Aivlisoft Inform\u00e1tica","description":"En Aivlisoft Inform\u00e1tica ofrecemos soluciones tecnol\u00f3gicas para empresas: venta de ordenadores, consumibles, perif\u00e9ricos y m\u00e1s. Calidad, atenci\u00f3n personalizada y los mejores precios para tu negocio.","publisher":{"@id":"https:\/\/aivlisoft.net\/shop\/#organization"},"potentialAction":[{"@type":"SearchAction","target":{"@type":"EntryPoint","urlTemplate":"https:\/\/aivlisoft.net\/shop\/?s={search_term_string}"},"query-input":{"@type":"PropertyValueSpecification","valueRequired":true,"valueName":"search_term_string"}}],"inLanguage":"es"},{"@type":"Organization","@id":"https:\/\/aivlisoft.net\/shop\/#organization","name":"Aivlisoft Inform\u00e1tica","url":"https:\/\/aivlisoft.net\/shop\/","logo":{"@type":"ImageObject","inLanguage":"es","@id":"https:\/\/aivlisoft.net\/shop\/#\/schema\/logo\/image\/","url":"https:\/\/aivlisoft.net\/shop\/wp-content\/uploads\/2024\/12\/removal.ai_5b848c54-0cdf-4140-95c5-c5536bb7573b-logodef.png","contentUrl":"https:\/\/aivlisoft.net\/shop\/wp-content\/uploads\/2024\/12\/removal.ai_5b848c54-0cdf-4140-95c5-c5536bb7573b-logodef.png","width":484,"height":182,"caption":"Aivlisoft Inform\u00e1tica"},"image":{"@id":"https:\/\/aivlisoft.net\/shop\/#\/schema\/logo\/image\/"}}]}},"_links":{"self":[{"href":"https:\/\/aivlisoft.net\/shop\/wp-json\/wp\/v2\/product\/15029","targetHints":{"allow":["GET"]}}],"collection":[{"href":"https:\/\/aivlisoft.net\/shop\/wp-json\/wp\/v2\/product"}],"about":[{"href":"https:\/\/aivlisoft.net\/shop\/wp-json\/wp\/v2\/types\/product"}],"wp:attachment":[{"href":"https:\/\/aivlisoft.net\/shop\/wp-json\/wp\/v2\/media?parent=15029"}],"wp:term":[{"taxonomy":"product_brand","embeddable":true,"href":"https:\/\/aivlisoft.net\/shop\/wp-json\/wp\/v2\/product_brand?post=15029"},{"taxonomy":"product_cat","embeddable":true,"href":"https:\/\/aivlisoft.net\/shop\/wp-json\/wp\/v2\/product_cat?post=15029"},{"taxonomy":"product_tag","embeddable":true,"href":"https:\/\/aivlisoft.net\/shop\/wp-json\/wp\/v2\/product_tag?post=15029"}],"curies":[{"name":"wp","href":"https:\/\/api.w.org\/{rel}","templated":true}]}}